{"id":14413,"date":"2024-04-04T20:04:40","date_gmt":"2024-04-04T18:04:40","guid":{"rendered":"https:\/\/candelaorganic.com\/en\/?post_type=product&#038;p=14413"},"modified":"2024-07-16T18:48:45","modified_gmt":"2024-07-16T16:48:45","slug":"organic-copoazu-butter","status":"publish","type":"product","link":"https:\/\/candelaorganic.com\/en\/product\/organic-copoazu-butter\/","title":{"rendered":"Organic Copoazu butter"},"content":{"rendered":"<p>La manteca de Copuazu\u00a0 org\u00e1nica, denominada cient\u00edficamente manteca de Theobroma grandiflorum, es un extracto 100% natural obtenido de las semillas del \u00e1rbol Theobroma grandiflorum. Caracterizada por su consistencia aterciopelada y cremosa, la textura de esta manteca es \u00fanica y vers\u00e1til. Perfecta como ingrediente de mezclas cosm\u00e9ticas y para rutinas diarias de cuidado de la piel.<\/p>\n<p>&nbsp;<\/p>\n<div class=\"text-wrap\"><strong><span class=\"subtitle\" style=\"color: #f1b434;\"><span class=\"subtitle\">FEATURES &amp; BENEFITS<\/span><\/span><\/strong><\/div>\n<ul>\n<li aria-level=\"1\">Revitalize Your Radiance: Transform with Copoazu Butter. From pure fruit seeds, this elixir enhances skin\u2019s radiance.<\/li>\n<li aria-level=\"1\">Nourish and Renew: Nature\u2019s secret, Copoazu Butter. Pure seeds bring renewal and nourishment.<\/li>\n<li aria-level=\"1\">Radiant Transformation: Elevate skincare, embrace Copoazu Butter\u2019s glow. Pure essence for revitalized beauty.<\/li>\n<li aria-level=\"1\">Cosmetic Brilliance Unveiled: Explore Copoazu allure. Careful extraction reveals luminous, brilliant skin.<\/li>\n<li aria-level=\"1\">Nature\u2019s Touch of Beauty: Immerse in natural skincare. Copoazu Butter enriches, revitalizes for radiant allure.<\/li>\n<\/ul>\n","protected":false},"excerpt":{"rendered":"<div class=\"title\">\n<div class=\"title\">\n<div class=\"title\">\n<div class=\"title\">\n<div class=\"title\"><strong><span class=\"name\" style=\"color: #f1b434;\">\/ THEOBROMA GRANDIFLORUM \/<\/span><\/strong><\/div>\n<div class=\"page-banner-section padbot\">\n<div class=\"banner-wrap\">\n<div class=\"container-wrap\">\n<div class=\"text-holder\">\n<p>Experience Organic Copoazu Butter for Cosmetic Excellence. Delve into the world of natural skincare with our sustainably sourced Copoazu Butter. Crafted from the pure seeds of the fruit, this exquisite butter holds the potential to enhance your beauty regimen, offering a realm of cosmetic benefits for radiant, revitalized skin.<\/p>\n<\/div>\n<\/div>\n<\/div>\n<\/div>\n<div class=\"product-info-section\">\n<div class=\"container-wrap\">\n<div class=\"photo-wrap\"><\/div>\n<\/div>\n<\/div>\n<\/div>\n<\/div>\n<\/div>\n<\/div>\n","protected":false},"featured_media":14015,"comment_status":"open","ping_status":"closed","template":"","meta":{"editor_notices":[]},"product_cat":[124],"product_tag":[],"yoast_head":"<!-- This site is optimized with the Yoast SEO plugin v23.5 - https:\/\/yoast.com\/wordpress\/plugins\/seo\/ -->\n<title>Organic Copoazu butter - Candela Organic<\/title>\n<meta name=\"description\" content=\"Experience Organic Copoazu Butter for Cosmetic Excellence. Delve into the world of natural skincare with our sustainably sourced Copoazu Butter.\" \/>\n<meta name=\"robots\" content=\"index, follow, max-snippet:-1, max-image-preview:large, max-video-preview:-1\" \/>\n<link rel=\"canonical\" href=\"https:\/\/candelaorganic.com\/en\/product\/organic-copoazu-butter\/\" \/>\n<meta property=\"og:locale\" content=\"en_US\" \/>\n<meta property=\"og:type\" content=\"article\" \/>\n<meta property=\"og:title\" content=\"Organic Copoazu butter - Candela Organic\" \/>\n<meta property=\"og:description\" content=\"Experience Organic Copoazu Butter for Cosmetic Excellence. Delve into the world of natural skincare with our sustainably sourced Copoazu Butter.\" \/>\n<meta property=\"og:url\" content=\"https:\/\/candelaorganic.com\/en\/product\/organic-copoazu-butter\/\" \/>\n<meta property=\"og:site_name\" content=\"Candela Organic\" \/>\n<meta property=\"article:modified_time\" content=\"2024-07-16T16:48:45+00:00\" \/>\n<meta property=\"og:image\" content=\"https:\/\/candelaorganic.com\/en\/wp-content\/uploads\/sites\/13\/2024\/04\/Manteca-Copoazu-beauty-product-image.webp\" \/>\n\t<meta property=\"og:image:width\" content=\"1070\" \/>\n\t<meta property=\"og:image:height\" content=\"1080\" \/>\n\t<meta property=\"og:image:type\" content=\"image\/webp\" \/>\n<meta name=\"twitter:card\" content=\"summary_large_image\" \/>\n<meta name=\"twitter:label1\" content=\"Est. reading time\" \/>\n\t<meta name=\"twitter:data1\" content=\"1 minute\" \/>\n<script type=\"application\/ld+json\" class=\"yoast-schema-graph\">{\"@context\":\"https:\/\/schema.org\",\"@graph\":[{\"@type\":\"WebPage\",\"@id\":\"https:\/\/candelaorganic.com\/en\/product\/organic-copoazu-butter\/\",\"url\":\"https:\/\/candelaorganic.com\/en\/product\/organic-copoazu-butter\/\",\"name\":\"Organic Copoazu butter - Candela Organic\",\"isPartOf\":{\"@id\":\"https:\/\/candelaorganic.com\/en\/#website\"},\"primaryImageOfPage\":{\"@id\":\"https:\/\/candelaorganic.com\/en\/product\/organic-copoazu-butter\/#primaryimage\"},\"image\":{\"@id\":\"https:\/\/candelaorganic.com\/en\/product\/organic-copoazu-butter\/#primaryimage\"},\"thumbnailUrl\":\"https:\/\/candelaorganic.com\/en\/wp-content\/uploads\/sites\/13\/2024\/04\/Manteca-Copoazu-beauty-product-image.webp\",\"datePublished\":\"2024-04-04T18:04:40+00:00\",\"dateModified\":\"2024-07-16T16:48:45+00:00\",\"description\":\"Experience Organic Copoazu Butter for Cosmetic Excellence. Delve into the world of natural skincare with our sustainably sourced Copoazu Butter.\",\"breadcrumb\":{\"@id\":\"https:\/\/candelaorganic.com\/en\/product\/organic-copoazu-butter\/#breadcrumb\"},\"inLanguage\":\"en-US\",\"potentialAction\":[{\"@type\":\"ReadAction\",\"target\":[\"https:\/\/candelaorganic.com\/en\/product\/organic-copoazu-butter\/\"]}]},{\"@type\":\"ImageObject\",\"inLanguage\":\"en-US\",\"@id\":\"https:\/\/candelaorganic.com\/en\/product\/organic-copoazu-butter\/#primaryimage\",\"url\":\"https:\/\/candelaorganic.com\/en\/wp-content\/uploads\/sites\/13\/2024\/04\/Manteca-Copoazu-beauty-product-image.webp\",\"contentUrl\":\"https:\/\/candelaorganic.com\/en\/wp-content\/uploads\/sites\/13\/2024\/04\/Manteca-Copoazu-beauty-product-image.webp\",\"width\":1070,\"height\":1080},{\"@type\":\"BreadcrumbList\",\"@id\":\"https:\/\/candelaorganic.com\/en\/product\/organic-copoazu-butter\/#breadcrumb\",\"itemListElement\":[{\"@type\":\"ListItem\",\"position\":1,\"name\":\"Products\",\"item\":\"https:\/\/candelaorganic.com\/en\/products\/\"},{\"@type\":\"ListItem\",\"position\":2,\"name\":\"Retail Cosmetics and Personal Care\",\"item\":\"https:\/\/candelaorganic.com\/en\/products\/cosmetics-and-personal-care-retail\/\"},{\"@type\":\"ListItem\",\"position\":3,\"name\":\"Butters\",\"item\":\"https:\/\/candelaorganic.com\/en\/products\/cosmetics-and-personal-care-retail\/butters-retail\/\"},{\"@type\":\"ListItem\",\"position\":4,\"name\":\"Organic Copoazu butter\"}]},{\"@type\":\"WebSite\",\"@id\":\"https:\/\/candelaorganic.com\/en\/#website\",\"url\":\"https:\/\/candelaorganic.com\/en\/\",\"name\":\"Candela Organic\",\"description\":\"We raise raw material standards\",\"publisher\":{\"@id\":\"https:\/\/candelaorganic.com\/en\/#organization\"},\"potentialAction\":[{\"@type\":\"SearchAction\",\"target\":{\"@type\":\"EntryPoint\",\"urlTemplate\":\"https:\/\/candelaorganic.com\/en\/?s={search_term_string}\"},\"query-input\":{\"@type\":\"PropertyValueSpecification\",\"valueRequired\":true,\"valueName\":\"search_term_string\"}}],\"inLanguage\":\"en-US\"},{\"@type\":\"Organization\",\"@id\":\"https:\/\/candelaorganic.com\/en\/#organization\",\"name\":\"Candela Organic\",\"url\":\"https:\/\/candelaorganic.com\/en\/\",\"logo\":{\"@type\":\"ImageObject\",\"inLanguage\":\"en-US\",\"@id\":\"https:\/\/candelaorganic.com\/en\/#\/schema\/logo\/image\/\",\"url\":\"https:\/\/candelaorganic.com\/en\/wp-content\/uploads\/sites\/13\/2024\/04\/Logotype.webp\",\"contentUrl\":\"https:\/\/candelaorganic.com\/en\/wp-content\/uploads\/sites\/13\/2024\/04\/Logotype.webp\",\"width\":256,\"height\":52,\"caption\":\"Candela Organic\"},\"image\":{\"@id\":\"https:\/\/candelaorganic.com\/en\/#\/schema\/logo\/image\/\"}}]}<\/script>\n<!-- \/ Yoast SEO plugin. -->","yoast_head_json":{"title":"Organic Copoazu butter - Candela Organic","description":"Experience Organic Copoazu Butter for Cosmetic Excellence. Delve into the world of natural skincare with our sustainably sourced Copoazu Butter.","robots":{"index":"index","follow":"follow","max-snippet":"max-snippet:-1","max-image-preview":"max-image-preview:large","max-video-preview":"max-video-preview:-1"},"canonical":"https:\/\/candelaorganic.com\/en\/product\/organic-copoazu-butter\/","og_locale":"en_US","og_type":"article","og_title":"Organic Copoazu butter - Candela Organic","og_description":"Experience Organic Copoazu Butter for Cosmetic Excellence. Delve into the world of natural skincare with our sustainably sourced Copoazu Butter.","og_url":"https:\/\/candelaorganic.com\/en\/product\/organic-copoazu-butter\/","og_site_name":"Candela Organic","article_modified_time":"2024-07-16T16:48:45+00:00","og_image":[{"width":1070,"height":1080,"url":"https:\/\/candelaorganic.com\/en\/wp-content\/uploads\/sites\/13\/2024\/04\/Manteca-Copoazu-beauty-product-image.webp","type":"image\/webp"}],"twitter_card":"summary_large_image","twitter_misc":{"Est. reading time":"1 minute"},"schema":{"@context":"https:\/\/schema.org","@graph":[{"@type":"WebPage","@id":"https:\/\/candelaorganic.com\/en\/product\/organic-copoazu-butter\/","url":"https:\/\/candelaorganic.com\/en\/product\/organic-copoazu-butter\/","name":"Organic Copoazu butter - Candela Organic","isPartOf":{"@id":"https:\/\/candelaorganic.com\/en\/#website"},"primaryImageOfPage":{"@id":"https:\/\/candelaorganic.com\/en\/product\/organic-copoazu-butter\/#primaryimage"},"image":{"@id":"https:\/\/candelaorganic.com\/en\/product\/organic-copoazu-butter\/#primaryimage"},"thumbnailUrl":"https:\/\/candelaorganic.com\/en\/wp-content\/uploads\/sites\/13\/2024\/04\/Manteca-Copoazu-beauty-product-image.webp","datePublished":"2024-04-04T18:04:40+00:00","dateModified":"2024-07-16T16:48:45+00:00","description":"Experience Organic Copoazu Butter for Cosmetic Excellence. Delve into the world of natural skincare with our sustainably sourced Copoazu Butter.","breadcrumb":{"@id":"https:\/\/candelaorganic.com\/en\/product\/organic-copoazu-butter\/#breadcrumb"},"inLanguage":"en-US","potentialAction":[{"@type":"ReadAction","target":["https:\/\/candelaorganic.com\/en\/product\/organic-copoazu-butter\/"]}]},{"@type":"ImageObject","inLanguage":"en-US","@id":"https:\/\/candelaorganic.com\/en\/product\/organic-copoazu-butter\/#primaryimage","url":"https:\/\/candelaorganic.com\/en\/wp-content\/uploads\/sites\/13\/2024\/04\/Manteca-Copoazu-beauty-product-image.webp","contentUrl":"https:\/\/candelaorganic.com\/en\/wp-content\/uploads\/sites\/13\/2024\/04\/Manteca-Copoazu-beauty-product-image.webp","width":1070,"height":1080},{"@type":"BreadcrumbList","@id":"https:\/\/candelaorganic.com\/en\/product\/organic-copoazu-butter\/#breadcrumb","itemListElement":[{"@type":"ListItem","position":1,"name":"Products","item":"https:\/\/candelaorganic.com\/en\/products\/"},{"@type":"ListItem","position":2,"name":"Retail Cosmetics and Personal Care","item":"https:\/\/candelaorganic.com\/en\/products\/cosmetics-and-personal-care-retail\/"},{"@type":"ListItem","position":3,"name":"Butters","item":"https:\/\/candelaorganic.com\/en\/products\/cosmetics-and-personal-care-retail\/butters-retail\/"},{"@type":"ListItem","position":4,"name":"Organic Copoazu butter"}]},{"@type":"WebSite","@id":"https:\/\/candelaorganic.com\/en\/#website","url":"https:\/\/candelaorganic.com\/en\/","name":"Candela Organic","description":"We raise raw material standards","publisher":{"@id":"https:\/\/candelaorganic.com\/en\/#organization"},"potentialAction":[{"@type":"SearchAction","target":{"@type":"EntryPoint","urlTemplate":"https:\/\/candelaorganic.com\/en\/?s={search_term_string}"},"query-input":{"@type":"PropertyValueSpecification","valueRequired":true,"valueName":"search_term_string"}}],"inLanguage":"en-US"},{"@type":"Organization","@id":"https:\/\/candelaorganic.com\/en\/#organization","name":"Candela Organic","url":"https:\/\/candelaorganic.com\/en\/","logo":{"@type":"ImageObject","inLanguage":"en-US","@id":"https:\/\/candelaorganic.com\/en\/#\/schema\/logo\/image\/","url":"https:\/\/candelaorganic.com\/en\/wp-content\/uploads\/sites\/13\/2024\/04\/Logotype.webp","contentUrl":"https:\/\/candelaorganic.com\/en\/wp-content\/uploads\/sites\/13\/2024\/04\/Logotype.webp","width":256,"height":52,"caption":"Candela Organic"},"image":{"@id":"https:\/\/candelaorganic.com\/en\/#\/schema\/logo\/image\/"}}]}},"_links":{"self":[{"href":"https:\/\/candelaorganic.com\/en\/wp-json\/wp\/v2\/product\/14413"}],"collection":[{"href":"https:\/\/candelaorganic.com\/en\/wp-json\/wp\/v2\/product"}],"about":[{"href":"https:\/\/candelaorganic.com\/en\/wp-json\/wp\/v2\/types\/product"}],"replies":[{"embeddable":true,"href":"https:\/\/candelaorganic.com\/en\/wp-json\/wp\/v2\/comments?post=14413"}],"wp:featuredmedia":[{"embeddable":true,"href":"https:\/\/candelaorganic.com\/en\/wp-json\/wp\/v2\/media\/14015"}],"wp:attachment":[{"href":"https:\/\/candelaorganic.com\/en\/wp-json\/wp\/v2\/media?parent=14413"}],"wp:term":[{"taxonomy":"product_cat","embeddable":true,"href":"https:\/\/candelaorganic.com\/en\/wp-json\/wp\/v2\/product_cat?post=14413"},{"taxonomy":"product_tag","embeddable":true,"href":"https:\/\/candelaorganic.com\/en\/wp-json\/wp\/v2\/product_tag?post=14413"}],"curies":[{"name":"wp","href":"https:\/\/api.w.org\/{rel}","templated":true}]}}