{"id":14198,"date":"2024-04-04T18:24:48","date_gmt":"2024-04-04T16:24:48","guid":{"rendered":"https:\/\/candelaorganic.com\/en\/?post_type=product&#038;p=14198"},"modified":"2024-07-17T22:33:08","modified_gmt":"2024-07-17T20:33:08","slug":"quinoa-covered-with-organic-55-chocolate-2","status":"publish","type":"product","link":"https:\/\/candelaorganic.com\/en\/product\/quinoa-covered-with-organic-55-chocolate-2\/","title":{"rendered":"Quinoa covered with Organic 55% Chocolate"},"content":{"rendered":"<p>Quinoa is a highly nutritious food that offers a wide range of health benefits. It is an exceptional source of high-quality vegetable protein, making it especially valuable for vegetarian and vegan diets. In addition, it contains all the essential amino acids, making it a complete protein that contributes to tissue growth and repair in the body. In addition, quinoa is rich in dietary fiber, which promotes healthy digestion, helps maintain stable blood sugar levels and provides a feeling of satiety that can be helpful in controlling appetite and weight.<\/p>\n<p>Quinoa is an excellent source of nutrients such as magnesium, iron, phosphorus and zinc, which are essential for various bodily functions, including bone health, muscle and nerve function, and the immune system. It is also rich in antioxidants such as vitamin E and flavonoids, which help fight oxidative stress in the body and reduce the risk of chronic diseases. In addition, it is a source of omega-3 fatty acids, which are beneficial for cardiovascular and brain health. In short, quinoa is a versatile superfood that provides complete proteins, fiber, vitamins and essential minerals, making it a valuable addition to a balanced and healthy diet. By bringing it from Ayacucho and Puno, we encourage value chains in these departments.<\/p>\n<p>&nbsp;<\/p>\n<div class=\"text-wrap\">\n<p><strong><span class=\"subtitle\" style=\"color: #f1b434;\">FEATURES &amp; BENEFITS<\/span><\/strong><\/p>\n<ul>\n<li>\n<div class=\"text-wrap\">\u201cVital Nutrient Infusion\u201d: Elevate your nutrition with quinoa\u2019s remarkable combination of essential nutrients, complemented by the goodness of 55% organic chocolate<\/div>\n<\/li>\n<li aria-level=\"1\">\u201cBalanced Snacking Choice\u201d: Indulge mindfully with a snack that offers a harmonious balance of fats, carbohydrates, and protein for sustained energy.<\/li>\n<li aria-level=\"1\">\u201cFiber-Packed Delight\u201d: Enjoy the added benefit of dietary fiber from quinoa, promoting healthy digestion and a satisfying feel.<\/li>\n<li aria-level=\"1\">\u201cMineral-Rich Wellness\u201d: Discover the nourishment of iron, potassium, and sodium, contributing to vitality and various bodily functions.<\/li>\n<li aria-level=\"1\">\u201cIndulgence Meets Health\u201d: Savor the luxurious blend of quinoa and organic chocolate, a delightful combination that satisfies cravings while providing valuable nutrients for your well-being.<\/li>\n<li aria-level=\"1\">Ingredients: Quinoa, organic sugar, organic cacao liquor, organic cacao butter, gum arabic and water.<\/li>\n<\/ul>\n<\/div>\n<p>&nbsp;<\/p>\n<div class=\"text-wrap\">\n<p><span class=\"subtitle\" style=\"color: #f1b434;\"><strong>RECOMMENDATIONS<\/strong><\/span><\/p>\n<div class=\"flex-shrink-0 flex flex-col relative items-end\">\n<div>\n<div class=\"pt-0.5 juice:pt-0\">\n<div class=\"gizmo-bot-avatar flex h-6 w-6 items-center justify-center overflow-hidden rounded-full juice:h-8 juice:w-8\">\n<div class=\"relative p-1 rounded-sm flex items-center justify-center bg-token-main-surface-primary text-token-text-primary h-8 w-8\">Take it:<\/div>\n<\/div>\n<\/div>\n<\/div>\n<\/div>\n<ul>\n<li>As a snack to work.<\/li>\n<li>As a dessert.<\/li>\n<li>For a long trip<\/li>\n<\/ul>\n<p>&nbsp;<\/p>\n<div class=\"flex flex-grow flex-col max-w-full\">\n<div class=\"min-h-[20px] text-message flex flex-col items-start whitespace-pre-wrap break-words [.text-message+&amp;]:mt-5 juice:w-full juice:items-end overflow-x-auto gap-2\" dir=\"auto\" data-message-author-role=\"assistant\" data-message-id=\"4020f79e-ba23-4d9c-a484-f32fb3c7aec6\">\n<div class=\"flex w-full flex-col gap-1 juice:empty:hidden juice:first:pt-[3px]\">\n<div class=\"markdown prose w-full break-words dark:prose-invert dark\">\n<p>Enjoy it in pieces and mix it with granola.<\/p>\n<p>Try the classic flavors where chocolate is the star, but with a crunchy touch.<\/p>\n<p>To satisfy our chocolate cravings!<\/p>\n<\/div>\n<\/div>\n<\/div>\n<\/div>\n<\/div>\n<p>&nbsp;<\/p>\n<p><span class=\"subtitle\" style=\"color: #f1b434;\"><strong>PRESENTATIONS<\/strong><\/span><\/p>\n<div class=\"text-wrap\">\n<ul>\n<li aria-level=\"1\">Quinoa covered with 55% Cacao Chocolate, 20g (bag), box of 16 units<\/li>\n<\/ul>\n<\/div>\n","protected":false},"excerpt":{"rendered":"<p><strong class=\"subtitle\" style=\"color: #f1b434;\">\/ THEOBROMA CACAO &amp; CHENOPODIUM QUINOA \/<\/strong><\/p>\n<p>Emb\u00e1rcate en un viaje de deliciosos sabores con nuestra quinua de origen sustentable envuelta en capas de aterciopelado chocolate 55% org\u00e1nico. Meticulosamente elaborado, cada bocado ofrece una combinaci\u00f3n armoniosa de bondades de nueces y abastecimiento \u00e9tico, transformando los refrigerios en un capricho libre de culpa que resuena tanto con su paladar como con sus valores.<\/p>\n","protected":false},"featured_media":13053,"comment_status":"open","ping_status":"closed","template":"","meta":{"editor_notices":[]},"product_cat":[118],"product_tag":[],"yoast_head":"<!-- This site is optimized with the Yoast SEO plugin v23.5 - https:\/\/yoast.com\/wordpress\/plugins\/seo\/ -->\n<title>Quinoa covered with Organic 55% Chocolate - Candela Organic<\/title>\n<meta name=\"description\" content=\"Quinoa is a highly nutritious food that offers a wide range of health benefits and is an exceptional source of plant-based protein.\" \/>\n<meta name=\"robots\" content=\"index, follow, max-snippet:-1, max-image-preview:large, max-video-preview:-1\" \/>\n<link rel=\"canonical\" href=\"https:\/\/candelaorganic.com\/en\/product\/quinoa-covered-with-organic-55-chocolate-2\/\" \/>\n<meta property=\"og:locale\" content=\"en_US\" \/>\n<meta property=\"og:type\" content=\"article\" \/>\n<meta property=\"og:title\" content=\"Quinoa covered with Organic 55% Chocolate - Candela Organic\" \/>\n<meta property=\"og:description\" content=\"Quinoa is a highly nutritious food that offers a wide range of health benefits and is an exceptional source of plant-based protein.\" \/>\n<meta property=\"og:url\" content=\"https:\/\/candelaorganic.com\/en\/product\/quinoa-covered-with-organic-55-chocolate-2\/\" \/>\n<meta property=\"og:site_name\" content=\"Candela Organic\" \/>\n<meta property=\"article:modified_time\" content=\"2024-07-17T20:33:08+00:00\" \/>\n<meta property=\"og:image\" content=\"https:\/\/candelaorganic.com\/en\/wp-content\/uploads\/sites\/13\/2024\/04\/Secondary-product-image-142.webp\" \/>\n\t<meta property=\"og:image:width\" content=\"609\" \/>\n\t<meta property=\"og:image:height\" content=\"599\" \/>\n\t<meta property=\"og:image:type\" content=\"image\/webp\" \/>\n<meta name=\"twitter:card\" content=\"summary_large_image\" \/>\n<meta name=\"twitter:label1\" content=\"Est. reading time\" \/>\n\t<meta name=\"twitter:data1\" content=\"2 minutes\" \/>\n<script type=\"application\/ld+json\" class=\"yoast-schema-graph\">{\"@context\":\"https:\/\/schema.org\",\"@graph\":[{\"@type\":\"WebPage\",\"@id\":\"https:\/\/candelaorganic.com\/en\/product\/quinoa-covered-with-organic-55-chocolate-2\/\",\"url\":\"https:\/\/candelaorganic.com\/en\/product\/quinoa-covered-with-organic-55-chocolate-2\/\",\"name\":\"Quinoa covered with Organic 55% Chocolate - Candela Organic\",\"isPartOf\":{\"@id\":\"https:\/\/candelaorganic.com\/en\/#website\"},\"primaryImageOfPage\":{\"@id\":\"https:\/\/candelaorganic.com\/en\/product\/quinoa-covered-with-organic-55-chocolate-2\/#primaryimage\"},\"image\":{\"@id\":\"https:\/\/candelaorganic.com\/en\/product\/quinoa-covered-with-organic-55-chocolate-2\/#primaryimage\"},\"thumbnailUrl\":\"https:\/\/candelaorganic.com\/en\/wp-content\/uploads\/sites\/13\/2024\/04\/Secondary-product-image-142.webp\",\"datePublished\":\"2024-04-04T16:24:48+00:00\",\"dateModified\":\"2024-07-17T20:33:08+00:00\",\"description\":\"Quinoa is a highly nutritious food that offers a wide range of health benefits and is an exceptional source of plant-based protein.\",\"breadcrumb\":{\"@id\":\"https:\/\/candelaorganic.com\/en\/product\/quinoa-covered-with-organic-55-chocolate-2\/#breadcrumb\"},\"inLanguage\":\"en-US\",\"potentialAction\":[{\"@type\":\"ReadAction\",\"target\":[\"https:\/\/candelaorganic.com\/en\/product\/quinoa-covered-with-organic-55-chocolate-2\/\"]}]},{\"@type\":\"ImageObject\",\"inLanguage\":\"en-US\",\"@id\":\"https:\/\/candelaorganic.com\/en\/product\/quinoa-covered-with-organic-55-chocolate-2\/#primaryimage\",\"url\":\"https:\/\/candelaorganic.com\/en\/wp-content\/uploads\/sites\/13\/2024\/04\/Secondary-product-image-142.webp\",\"contentUrl\":\"https:\/\/candelaorganic.com\/en\/wp-content\/uploads\/sites\/13\/2024\/04\/Secondary-product-image-142.webp\",\"width\":609,\"height\":599},{\"@type\":\"BreadcrumbList\",\"@id\":\"https:\/\/candelaorganic.com\/en\/product\/quinoa-covered-with-organic-55-chocolate-2\/#breadcrumb\",\"itemListElement\":[{\"@type\":\"ListItem\",\"position\":1,\"name\":\"Products\",\"item\":\"https:\/\/candelaorganic.com\/en\/products\/\"},{\"@type\":\"ListItem\",\"position\":2,\"name\":\"Retail Foods\",\"item\":\"https:\/\/candelaorganic.com\/en\/products\/retail-foods\/\"},{\"@type\":\"ListItem\",\"position\":3,\"name\":\"Snacks\",\"item\":\"https:\/\/candelaorganic.com\/en\/products\/retail-foods\/snacks-retail\/\"},{\"@type\":\"ListItem\",\"position\":4,\"name\":\"55% Cocoa\",\"item\":\"https:\/\/candelaorganic.com\/en\/products\/retail-foods\/snacks-retail\/snacks-55-cocoa\/\"},{\"@type\":\"ListItem\",\"position\":5,\"name\":\"Quinoa covered with Organic 55% Chocolate\"}]},{\"@type\":\"WebSite\",\"@id\":\"https:\/\/candelaorganic.com\/en\/#website\",\"url\":\"https:\/\/candelaorganic.com\/en\/\",\"name\":\"Candela Organic\",\"description\":\"We raise raw material standards\",\"publisher\":{\"@id\":\"https:\/\/candelaorganic.com\/en\/#organization\"},\"potentialAction\":[{\"@type\":\"SearchAction\",\"target\":{\"@type\":\"EntryPoint\",\"urlTemplate\":\"https:\/\/candelaorganic.com\/en\/?s={search_term_string}\"},\"query-input\":{\"@type\":\"PropertyValueSpecification\",\"valueRequired\":true,\"valueName\":\"search_term_string\"}}],\"inLanguage\":\"en-US\"},{\"@type\":\"Organization\",\"@id\":\"https:\/\/candelaorganic.com\/en\/#organization\",\"name\":\"Candela Organic\",\"url\":\"https:\/\/candelaorganic.com\/en\/\",\"logo\":{\"@type\":\"ImageObject\",\"inLanguage\":\"en-US\",\"@id\":\"https:\/\/candelaorganic.com\/en\/#\/schema\/logo\/image\/\",\"url\":\"https:\/\/candelaorganic.com\/en\/wp-content\/uploads\/sites\/13\/2024\/04\/Logotype.webp\",\"contentUrl\":\"https:\/\/candelaorganic.com\/en\/wp-content\/uploads\/sites\/13\/2024\/04\/Logotype.webp\",\"width\":256,\"height\":52,\"caption\":\"Candela Organic\"},\"image\":{\"@id\":\"https:\/\/candelaorganic.com\/en\/#\/schema\/logo\/image\/\"}}]}<\/script>\n<!-- \/ Yoast SEO plugin. -->","yoast_head_json":{"title":"Quinoa covered with Organic 55% Chocolate - Candela Organic","description":"Quinoa is a highly nutritious food that offers a wide range of health benefits and is an exceptional source of plant-based protein.","robots":{"index":"index","follow":"follow","max-snippet":"max-snippet:-1","max-image-preview":"max-image-preview:large","max-video-preview":"max-video-preview:-1"},"canonical":"https:\/\/candelaorganic.com\/en\/product\/quinoa-covered-with-organic-55-chocolate-2\/","og_locale":"en_US","og_type":"article","og_title":"Quinoa covered with Organic 55% Chocolate - Candela Organic","og_description":"Quinoa is a highly nutritious food that offers a wide range of health benefits and is an exceptional source of plant-based protein.","og_url":"https:\/\/candelaorganic.com\/en\/product\/quinoa-covered-with-organic-55-chocolate-2\/","og_site_name":"Candela Organic","article_modified_time":"2024-07-17T20:33:08+00:00","og_image":[{"width":609,"height":599,"url":"https:\/\/candelaorganic.com\/en\/wp-content\/uploads\/sites\/13\/2024\/04\/Secondary-product-image-142.webp","type":"image\/webp"}],"twitter_card":"summary_large_image","twitter_misc":{"Est. reading time":"2 minutes"},"schema":{"@context":"https:\/\/schema.org","@graph":[{"@type":"WebPage","@id":"https:\/\/candelaorganic.com\/en\/product\/quinoa-covered-with-organic-55-chocolate-2\/","url":"https:\/\/candelaorganic.com\/en\/product\/quinoa-covered-with-organic-55-chocolate-2\/","name":"Quinoa covered with Organic 55% Chocolate - Candela Organic","isPartOf":{"@id":"https:\/\/candelaorganic.com\/en\/#website"},"primaryImageOfPage":{"@id":"https:\/\/candelaorganic.com\/en\/product\/quinoa-covered-with-organic-55-chocolate-2\/#primaryimage"},"image":{"@id":"https:\/\/candelaorganic.com\/en\/product\/quinoa-covered-with-organic-55-chocolate-2\/#primaryimage"},"thumbnailUrl":"https:\/\/candelaorganic.com\/en\/wp-content\/uploads\/sites\/13\/2024\/04\/Secondary-product-image-142.webp","datePublished":"2024-04-04T16:24:48+00:00","dateModified":"2024-07-17T20:33:08+00:00","description":"Quinoa is a highly nutritious food that offers a wide range of health benefits and is an exceptional source of plant-based protein.","breadcrumb":{"@id":"https:\/\/candelaorganic.com\/en\/product\/quinoa-covered-with-organic-55-chocolate-2\/#breadcrumb"},"inLanguage":"en-US","potentialAction":[{"@type":"ReadAction","target":["https:\/\/candelaorganic.com\/en\/product\/quinoa-covered-with-organic-55-chocolate-2\/"]}]},{"@type":"ImageObject","inLanguage":"en-US","@id":"https:\/\/candelaorganic.com\/en\/product\/quinoa-covered-with-organic-55-chocolate-2\/#primaryimage","url":"https:\/\/candelaorganic.com\/en\/wp-content\/uploads\/sites\/13\/2024\/04\/Secondary-product-image-142.webp","contentUrl":"https:\/\/candelaorganic.com\/en\/wp-content\/uploads\/sites\/13\/2024\/04\/Secondary-product-image-142.webp","width":609,"height":599},{"@type":"BreadcrumbList","@id":"https:\/\/candelaorganic.com\/en\/product\/quinoa-covered-with-organic-55-chocolate-2\/#breadcrumb","itemListElement":[{"@type":"ListItem","position":1,"name":"Products","item":"https:\/\/candelaorganic.com\/en\/products\/"},{"@type":"ListItem","position":2,"name":"Retail Foods","item":"https:\/\/candelaorganic.com\/en\/products\/retail-foods\/"},{"@type":"ListItem","position":3,"name":"Snacks","item":"https:\/\/candelaorganic.com\/en\/products\/retail-foods\/snacks-retail\/"},{"@type":"ListItem","position":4,"name":"55% Cocoa","item":"https:\/\/candelaorganic.com\/en\/products\/retail-foods\/snacks-retail\/snacks-55-cocoa\/"},{"@type":"ListItem","position":5,"name":"Quinoa covered with Organic 55% Chocolate"}]},{"@type":"WebSite","@id":"https:\/\/candelaorganic.com\/en\/#website","url":"https:\/\/candelaorganic.com\/en\/","name":"Candela Organic","description":"We raise raw material standards","publisher":{"@id":"https:\/\/candelaorganic.com\/en\/#organization"},"potentialAction":[{"@type":"SearchAction","target":{"@type":"EntryPoint","urlTemplate":"https:\/\/candelaorganic.com\/en\/?s={search_term_string}"},"query-input":{"@type":"PropertyValueSpecification","valueRequired":true,"valueName":"search_term_string"}}],"inLanguage":"en-US"},{"@type":"Organization","@id":"https:\/\/candelaorganic.com\/en\/#organization","name":"Candela Organic","url":"https:\/\/candelaorganic.com\/en\/","logo":{"@type":"ImageObject","inLanguage":"en-US","@id":"https:\/\/candelaorganic.com\/en\/#\/schema\/logo\/image\/","url":"https:\/\/candelaorganic.com\/en\/wp-content\/uploads\/sites\/13\/2024\/04\/Logotype.webp","contentUrl":"https:\/\/candelaorganic.com\/en\/wp-content\/uploads\/sites\/13\/2024\/04\/Logotype.webp","width":256,"height":52,"caption":"Candela Organic"},"image":{"@id":"https:\/\/candelaorganic.com\/en\/#\/schema\/logo\/image\/"}}]}},"_links":{"self":[{"href":"https:\/\/candelaorganic.com\/en\/wp-json\/wp\/v2\/product\/14198"}],"collection":[{"href":"https:\/\/candelaorganic.com\/en\/wp-json\/wp\/v2\/product"}],"about":[{"href":"https:\/\/candelaorganic.com\/en\/wp-json\/wp\/v2\/types\/product"}],"replies":[{"embeddable":true,"href":"https:\/\/candelaorganic.com\/en\/wp-json\/wp\/v2\/comments?post=14198"}],"wp:featuredmedia":[{"embeddable":true,"href":"https:\/\/candelaorganic.com\/en\/wp-json\/wp\/v2\/media\/13053"}],"wp:attachment":[{"href":"https:\/\/candelaorganic.com\/en\/wp-json\/wp\/v2\/media?parent=14198"}],"wp:term":[{"taxonomy":"product_cat","embeddable":true,"href":"https:\/\/candelaorganic.com\/en\/wp-json\/wp\/v2\/product_cat?post=14198"},{"taxonomy":"product_tag","embeddable":true,"href":"https:\/\/candelaorganic.com\/en\/wp-json\/wp\/v2\/product_tag?post=14198"}],"curies":[{"name":"wp","href":"https:\/\/api.w.org\/{rel}","templated":true}]}}