{"id":17581,"date":"2024-04-25T17:24:45","date_gmt":"2024-04-25T15:24:45","guid":{"rendered":"https:\/\/candelaorganic.com\/de\/?post_type=product&#038;p=17581"},"modified":"2024-06-21T17:27:23","modified_gmt":"2024-06-21T15:27:23","slug":"kokosoel-450-ml","status":"publish","type":"product","link":"https:\/\/candelaorganic.com\/de\/producto\/kokosoel-450-ml\/","title":{"rendered":"Kokos\u00f6l 450 ml"},"content":{"rendered":"<p>Kokos\u00f6l ist aufgrund seiner vielf\u00e4ltigen Vorteile zu einem wahren Schatz in der K\u00fcche und in der K\u00f6rperpflege geworden. In der K\u00fcche eignet es sich aufgrund seines hohen Rauchpunkts ideal zum Braten und Backen und verleiht Gerichten einen weichen und exquisiten Geschmack. Dar\u00fcber hinaus verleiht ihm seine Zusammensetzung aus mittelkettigen Fetts\u00e4uren (MCFAs) einzigartige Eigenschaften, da diese MCFAs schnell verstoffwechselt werden und eine schnelle und nachhaltige Energiequelle darstellen k\u00f6nnen. Dies macht es besonders bei Menschen beliebt, die sich ketogen ern\u00e4hren.<\/p>\n<p>Neben seiner kulinarischen Verwendung ist Kokosnuss\u00f6l zu einer h\u00e4ufigen Zutat in Sch\u00f6nheits- und K\u00f6rperpflegeprodukten geworden. Aufgrund seiner feuchtigkeitsspendenden und antimikrobiellen Eigenschaften ist es ein nat\u00fcrlicher Feuchtigkeitsspender f\u00fcr Haut und Haar und wird in Lotionen, Cremes und Haar\u00f6len verwendet. Bei ma\u00dfvollem Verzehr wird es auch mit einer Verbesserung der Herz-Kreislauf-Gesundheit und einer Verringerung von Entz\u00fcndungen in Verbindung gebracht. Kurz gesagt, Kokosnuss\u00f6l ist ein vielseitiges und wohltuendes Produkt, das seinen Platz in der K\u00fcche, K\u00f6rperpflege und Ern\u00e4hrung gefunden hat und eine breite Palette an Einsatzm\u00f6glichkeiten und Vorteilen f\u00fcr diejenigen bietet, die einen nat\u00fcrlicheren und ges\u00fcnderen Lebensstil suchen.<\/p>\n<p>&nbsp;<\/p>\n<div class=\"text-wrap\"><strong><strong><span class=\"subtitle\" style=\"color: #f1b434;\"><span style=\"vertical-align: inherit;\"><span style=\"vertical-align: inherit;\"><span style=\"vertical-align: inherit;\"><span style=\"vertical-align: inherit;\"><span style=\"vertical-align: inherit;\"><span style=\"vertical-align: inherit;\">EIGENSCHAFTEN UND VORTEILEY\u00a0<\/span><\/span><\/span><\/span><\/span><\/span><\/span><\/strong><\/strong><\/div>\n<ul>\n<li>Quelle gesunder Fetts\u00e4uren: Kokos\u00f6l ist reich an mittelkettigen Fetts\u00e4uren (MCTs), die leicht metabolisiert und als schnelle Energiequelle genutzt werden k\u00f6nnen, was zur Verbesserung der k\u00f6rperlichen und geistigen Ausdauer beitragen kann.<\/li>\n<li>F\u00f6rderung der Herzgesundheit: Der moderate Konsum von Kokos\u00f6l wird mit der Verbesserung des Cholesterinspiegels und der Verringerung des Risikos von Herz-Kreislauf-Erkrankungen in Verbindung gebracht.<\/li>\n<li>Vielseitigkeit in der K\u00fcche: Sein hoher Rauchpunkt macht es geeignet zum Braten und Backen, und sein milder, tropischer Geschmack macht es zu einer wertvollen Zutat bei der Zubereitung einer Vielzahl von Gerichten.<\/li>\n<li>Nat\u00fcrliche K\u00f6rperpflege: Kokos\u00f6l wird in Haut- und Haarpflegeprodukten wegen seiner feuchtigkeitsspendenden und antimikrobiellen Eigenschaften verwendet und hilft, die Haut weich und das Haar gl\u00e4nzend zu halten.<\/li>\n<li>Unterst\u00fctzung spezifischer Di\u00e4ten: Es ist in ketogenen Di\u00e4ten beliebt und wird als Erg\u00e4nzung in Smoothies und Kaffee verwendet, um das S\u00e4ttigungsgef\u00fchl zu f\u00f6rdern und beim Abnehmen zu helfen. Seine Vielseitigkeit und Vorteile machen es zu einer wertvollen Ressource sowohl in der K\u00fcche als auch in der K\u00f6rperpflege und Ern\u00e4hrung.<\/li>\n<\/ul>\n","protected":false},"excerpt":{"rendered":"<div class=\"title\">\n<div class=\"title\">\n<div class=\"title\">\n<div class=\"title\">\n<div class=\"title\"><strong><span class=\"name\" style=\"color: #f1b434;\"><span style=\"vertical-align: inherit;\"><span style=\"vertical-align: inherit;\"><span style=\"vertical-align: inherit;\"><span style=\"vertical-align: inherit;\"><span style=\"vertical-align: inherit;\"><span style=\"vertical-align: inherit;\">\/ COCO NUC\u00cdFERA \/<\/span><\/span><\/span><\/span><\/span><\/span><\/span><\/strong><\/div>\n<p>Kokos\u00f6l ist ein vielseitiges und wohltuendes Produkt, das in den letzten Jahren immer beliebter geworden ist und dem Anwender neben gesunden Produkten zahlreiche Vorteile bietet. Es wird aus dem Fruchtfleisch reifer Kokosn\u00fcsse gewonnen und ist bekannterma\u00dfen eine Quelle gesunder Fette, haupts\u00e4chlich mittelkettiger Fetts\u00e4uren (MCFAs), die vom K\u00f6rper leicht verstoffwechselt und als schnelle Energiequelle genutzt werden k\u00f6nnen. Kokosnuss\u00f6l liefert nicht nur Energie, sondern wird auch mit mehreren gesundheitlichen Vorteilen in Verbindung gebracht, darunter der Verbesserung der Herz-Kreislauf-Gesundheit und der Verringerung der Inflation. Dar\u00fcber hinaus ist es aufgrund seiner F\u00e4higkeit, gesunde Haut und Haare zu erhalten, ein wertvolles Element in der K\u00f6rperpflege, das in Sch\u00f6nheitsprodukten und als nat\u00fcrlicher Feuchtigkeitsspender verwendet wird.<\/p>\n<\/div>\n<\/div>\n<\/div>\n<\/div>\n","protected":false},"featured_media":10721,"comment_status":"open","ping_status":"closed","template":"","meta":{"editor_notices":[]},"product_cat":[72],"product_tag":[],"yoast_head":"<!-- This site is optimized with the Yoast SEO plugin v23.5 - https:\/\/yoast.com\/wordpress\/plugins\/seo\/ -->\n<title>Kokos\u00f6l 450 ml - Candela Organic<\/title>\n<meta name=\"description\" content=\"Kokos\u00f6l ist ein vielseitiges und wohltuendes Produkt, das aufgrund seiner gesundheitsf\u00f6rdernden Eigenschaften in den letzten Jahren an Popularit\u00e4t gewonnen hat.\" \/>\n<meta name=\"robots\" content=\"index, follow, max-snippet:-1, max-image-preview:large, max-video-preview:-1\" \/>\n<link rel=\"canonical\" href=\"https:\/\/candelaorganic.com\/de\/producto\/kokosoel-450-ml\/\" \/>\n<meta property=\"og:locale\" content=\"de_DE\" \/>\n<meta property=\"og:type\" content=\"article\" \/>\n<meta property=\"og:title\" content=\"Kokos\u00f6l 450 ml - Candela Organic\" \/>\n<meta property=\"og:description\" content=\"Kokos\u00f6l ist ein vielseitiges und wohltuendes Produkt, das aufgrund seiner gesundheitsf\u00f6rdernden Eigenschaften in den letzten Jahren an Popularit\u00e4t gewonnen hat.\" \/>\n<meta property=\"og:url\" content=\"https:\/\/candelaorganic.com\/de\/producto\/kokosoel-450-ml\/\" \/>\n<meta property=\"og:site_name\" content=\"Candela Organic\" \/>\n<meta property=\"article:modified_time\" content=\"2024-06-21T15:27:23+00:00\" \/>\n<meta property=\"og:image\" content=\"https:\/\/candelaorganic.com\/de\/wp-content\/uploads\/sites\/14\/2024\/04\/Aceite-Coco-450ml-product-image.webp\" \/>\n\t<meta property=\"og:image:width\" content=\"635\" \/>\n\t<meta property=\"og:image:height\" content=\"635\" \/>\n\t<meta property=\"og:image:type\" content=\"image\/webp\" \/>\n<meta name=\"twitter:card\" content=\"summary_large_image\" \/>\n<meta name=\"twitter:label1\" content=\"Gesch\u00e4tzte Lesezeit\" \/>\n\t<meta name=\"twitter:data1\" content=\"3\u00a0Minuten\" \/>\n<script type=\"application\/ld+json\" class=\"yoast-schema-graph\">{\"@context\":\"https:\/\/schema.org\",\"@graph\":[{\"@type\":\"WebPage\",\"@id\":\"https:\/\/candelaorganic.com\/de\/producto\/kokosoel-450-ml\/\",\"url\":\"https:\/\/candelaorganic.com\/de\/producto\/kokosoel-450-ml\/\",\"name\":\"Kokos\u00f6l 450 ml - Candela Organic\",\"isPartOf\":{\"@id\":\"https:\/\/candelaorganic.com\/de\/#website\"},\"primaryImageOfPage\":{\"@id\":\"https:\/\/candelaorganic.com\/de\/producto\/kokosoel-450-ml\/#primaryimage\"},\"image\":{\"@id\":\"https:\/\/candelaorganic.com\/de\/producto\/kokosoel-450-ml\/#primaryimage\"},\"thumbnailUrl\":\"https:\/\/candelaorganic.com\/de\/wp-content\/uploads\/sites\/14\/2024\/04\/Aceite-Coco-450ml-product-image.webp\",\"datePublished\":\"2024-04-25T15:24:45+00:00\",\"dateModified\":\"2024-06-21T15:27:23+00:00\",\"description\":\"Kokos\u00f6l ist ein vielseitiges und wohltuendes Produkt, das aufgrund seiner gesundheitsf\u00f6rdernden Eigenschaften in den letzten Jahren an Popularit\u00e4t gewonnen hat.\",\"breadcrumb\":{\"@id\":\"https:\/\/candelaorganic.com\/de\/producto\/kokosoel-450-ml\/#breadcrumb\"},\"inLanguage\":\"de\",\"potentialAction\":[{\"@type\":\"ReadAction\",\"target\":[\"https:\/\/candelaorganic.com\/de\/producto\/kokosoel-450-ml\/\"]}]},{\"@type\":\"ImageObject\",\"inLanguage\":\"de\",\"@id\":\"https:\/\/candelaorganic.com\/de\/producto\/kokosoel-450-ml\/#primaryimage\",\"url\":\"https:\/\/candelaorganic.com\/de\/wp-content\/uploads\/sites\/14\/2024\/04\/Aceite-Coco-450ml-product-image.webp\",\"contentUrl\":\"https:\/\/candelaorganic.com\/de\/wp-content\/uploads\/sites\/14\/2024\/04\/Aceite-Coco-450ml-product-image.webp\",\"width\":635,\"height\":635},{\"@type\":\"BreadcrumbList\",\"@id\":\"https:\/\/candelaorganic.com\/de\/producto\/kokosoel-450-ml\/#breadcrumb\",\"itemListElement\":[{\"@type\":\"ListItem\",\"position\":1,\"name\":\"Produkte\",\"item\":\"https:\/\/candelaorganic.com\/de\/produkte\/\"},{\"@type\":\"ListItem\",\"position\":2,\"name\":\"Lebensmitteleinzelhandel\",\"item\":\"https:\/\/candelaorganic.com\/de\/tienda\/lebensmittel-einzelhandel\/\"},{\"@type\":\"ListItem\",\"position\":3,\"name\":\"Speise\u00f6le\",\"item\":\"https:\/\/candelaorganic.com\/de\/tienda\/lebensmittel-einzelhandel\/speiseoele-einzelhandel\/\"},{\"@type\":\"ListItem\",\"position\":4,\"name\":\"Kokos\u00f6l 450 ml\"}]},{\"@type\":\"WebSite\",\"@id\":\"https:\/\/candelaorganic.com\/de\/#website\",\"url\":\"https:\/\/candelaorganic.com\/de\/\",\"name\":\"Candela Organic\",\"description\":\"Wir erh\u00f6hen die Lebensmittelstandards\",\"publisher\":{\"@id\":\"https:\/\/candelaorganic.com\/de\/#organization\"},\"potentialAction\":[{\"@type\":\"SearchAction\",\"target\":{\"@type\":\"EntryPoint\",\"urlTemplate\":\"https:\/\/candelaorganic.com\/de\/?s={search_term_string}\"},\"query-input\":{\"@type\":\"PropertyValueSpecification\",\"valueRequired\":true,\"valueName\":\"search_term_string\"}}],\"inLanguage\":\"de\"},{\"@type\":\"Organization\",\"@id\":\"https:\/\/candelaorganic.com\/de\/#organization\",\"name\":\"Candela Organic\",\"url\":\"https:\/\/candelaorganic.com\/de\/\",\"logo\":{\"@type\":\"ImageObject\",\"inLanguage\":\"de\",\"@id\":\"https:\/\/candelaorganic.com\/de\/#\/schema\/logo\/image\/\",\"url\":\"https:\/\/candelaorganic.com\/de\/wp-content\/uploads\/sites\/14\/2024\/04\/Logotype.webp\",\"contentUrl\":\"https:\/\/candelaorganic.com\/de\/wp-content\/uploads\/sites\/14\/2024\/04\/Logotype.webp\",\"width\":256,\"height\":52,\"caption\":\"Candela Organic\"},\"image\":{\"@id\":\"https:\/\/candelaorganic.com\/de\/#\/schema\/logo\/image\/\"}}]}<\/script>\n<!-- \/ Yoast SEO plugin. -->","yoast_head_json":{"title":"Kokos\u00f6l 450 ml - Candela Organic","description":"Kokos\u00f6l ist ein vielseitiges und wohltuendes Produkt, das aufgrund seiner gesundheitsf\u00f6rdernden Eigenschaften in den letzten Jahren an Popularit\u00e4t gewonnen hat.","robots":{"index":"index","follow":"follow","max-snippet":"max-snippet:-1","max-image-preview":"max-image-preview:large","max-video-preview":"max-video-preview:-1"},"canonical":"https:\/\/candelaorganic.com\/de\/producto\/kokosoel-450-ml\/","og_locale":"de_DE","og_type":"article","og_title":"Kokos\u00f6l 450 ml - Candela Organic","og_description":"Kokos\u00f6l ist ein vielseitiges und wohltuendes Produkt, das aufgrund seiner gesundheitsf\u00f6rdernden Eigenschaften in den letzten Jahren an Popularit\u00e4t gewonnen hat.","og_url":"https:\/\/candelaorganic.com\/de\/producto\/kokosoel-450-ml\/","og_site_name":"Candela Organic","article_modified_time":"2024-06-21T15:27:23+00:00","og_image":[{"width":635,"height":635,"url":"https:\/\/candelaorganic.com\/de\/wp-content\/uploads\/sites\/14\/2024\/04\/Aceite-Coco-450ml-product-image.webp","type":"image\/webp"}],"twitter_card":"summary_large_image","twitter_misc":{"Gesch\u00e4tzte Lesezeit":"3\u00a0Minuten"},"schema":{"@context":"https:\/\/schema.org","@graph":[{"@type":"WebPage","@id":"https:\/\/candelaorganic.com\/de\/producto\/kokosoel-450-ml\/","url":"https:\/\/candelaorganic.com\/de\/producto\/kokosoel-450-ml\/","name":"Kokos\u00f6l 450 ml - Candela Organic","isPartOf":{"@id":"https:\/\/candelaorganic.com\/de\/#website"},"primaryImageOfPage":{"@id":"https:\/\/candelaorganic.com\/de\/producto\/kokosoel-450-ml\/#primaryimage"},"image":{"@id":"https:\/\/candelaorganic.com\/de\/producto\/kokosoel-450-ml\/#primaryimage"},"thumbnailUrl":"https:\/\/candelaorganic.com\/de\/wp-content\/uploads\/sites\/14\/2024\/04\/Aceite-Coco-450ml-product-image.webp","datePublished":"2024-04-25T15:24:45+00:00","dateModified":"2024-06-21T15:27:23+00:00","description":"Kokos\u00f6l ist ein vielseitiges und wohltuendes Produkt, das aufgrund seiner gesundheitsf\u00f6rdernden Eigenschaften in den letzten Jahren an Popularit\u00e4t gewonnen hat.","breadcrumb":{"@id":"https:\/\/candelaorganic.com\/de\/producto\/kokosoel-450-ml\/#breadcrumb"},"inLanguage":"de","potentialAction":[{"@type":"ReadAction","target":["https:\/\/candelaorganic.com\/de\/producto\/kokosoel-450-ml\/"]}]},{"@type":"ImageObject","inLanguage":"de","@id":"https:\/\/candelaorganic.com\/de\/producto\/kokosoel-450-ml\/#primaryimage","url":"https:\/\/candelaorganic.com\/de\/wp-content\/uploads\/sites\/14\/2024\/04\/Aceite-Coco-450ml-product-image.webp","contentUrl":"https:\/\/candelaorganic.com\/de\/wp-content\/uploads\/sites\/14\/2024\/04\/Aceite-Coco-450ml-product-image.webp","width":635,"height":635},{"@type":"BreadcrumbList","@id":"https:\/\/candelaorganic.com\/de\/producto\/kokosoel-450-ml\/#breadcrumb","itemListElement":[{"@type":"ListItem","position":1,"name":"Produkte","item":"https:\/\/candelaorganic.com\/de\/produkte\/"},{"@type":"ListItem","position":2,"name":"Lebensmitteleinzelhandel","item":"https:\/\/candelaorganic.com\/de\/tienda\/lebensmittel-einzelhandel\/"},{"@type":"ListItem","position":3,"name":"Speise\u00f6le","item":"https:\/\/candelaorganic.com\/de\/tienda\/lebensmittel-einzelhandel\/speiseoele-einzelhandel\/"},{"@type":"ListItem","position":4,"name":"Kokos\u00f6l 450 ml"}]},{"@type":"WebSite","@id":"https:\/\/candelaorganic.com\/de\/#website","url":"https:\/\/candelaorganic.com\/de\/","name":"Candela Organic","description":"Wir erh\u00f6hen die Lebensmittelstandards","publisher":{"@id":"https:\/\/candelaorganic.com\/de\/#organization"},"potentialAction":[{"@type":"SearchAction","target":{"@type":"EntryPoint","urlTemplate":"https:\/\/candelaorganic.com\/de\/?s={search_term_string}"},"query-input":{"@type":"PropertyValueSpecification","valueRequired":true,"valueName":"search_term_string"}}],"inLanguage":"de"},{"@type":"Organization","@id":"https:\/\/candelaorganic.com\/de\/#organization","name":"Candela Organic","url":"https:\/\/candelaorganic.com\/de\/","logo":{"@type":"ImageObject","inLanguage":"de","@id":"https:\/\/candelaorganic.com\/de\/#\/schema\/logo\/image\/","url":"https:\/\/candelaorganic.com\/de\/wp-content\/uploads\/sites\/14\/2024\/04\/Logotype.webp","contentUrl":"https:\/\/candelaorganic.com\/de\/wp-content\/uploads\/sites\/14\/2024\/04\/Logotype.webp","width":256,"height":52,"caption":"Candela Organic"},"image":{"@id":"https:\/\/candelaorganic.com\/de\/#\/schema\/logo\/image\/"}}]}},"_links":{"self":[{"href":"https:\/\/candelaorganic.com\/de\/wp-json\/wp\/v2\/product\/17581"}],"collection":[{"href":"https:\/\/candelaorganic.com\/de\/wp-json\/wp\/v2\/product"}],"about":[{"href":"https:\/\/candelaorganic.com\/de\/wp-json\/wp\/v2\/types\/product"}],"replies":[{"embeddable":true,"href":"https:\/\/candelaorganic.com\/de\/wp-json\/wp\/v2\/comments?post=17581"}],"wp:featuredmedia":[{"embeddable":true,"href":"https:\/\/candelaorganic.com\/de\/wp-json\/wp\/v2\/media\/10721"}],"wp:attachment":[{"href":"https:\/\/candelaorganic.com\/de\/wp-json\/wp\/v2\/media?parent=17581"}],"wp:term":[{"taxonomy":"product_cat","embeddable":true,"href":"https:\/\/candelaorganic.com\/de\/wp-json\/wp\/v2\/product_cat?post=17581"},{"taxonomy":"product_tag","embeddable":true,"href":"https:\/\/candelaorganic.com\/de\/wp-json\/wp\/v2\/product_tag?post=17581"}],"curies":[{"name":"wp","href":"https:\/\/api.w.org\/{rel}","templated":true}]}}