{"id":17579,"date":"2024-04-25T17:20:44","date_gmt":"2024-04-25T15:20:44","guid":{"rendered":"https:\/\/candelaorganic.com\/de\/?post_type=product&#038;p=17579"},"modified":"2024-06-21T17:27:41","modified_gmt":"2024-06-21T15:27:41","slug":"kokosoel-680-ml","status":"publish","type":"product","link":"https:\/\/candelaorganic.com\/de\/producto\/kokosoel-680-ml\/","title":{"rendered":"Kokos\u00f6l 680 ml"},"content":{"rendered":"<p>Kokos\u00f6l ist aufgrund seiner vielf\u00e4ltigen Vorteile zu einem wahren Schatz in der K\u00fcche und in der K\u00f6rperpflege geworden. In der K\u00fcche eignet es sich aufgrund seines hohen Rauchpunkts ideal zum Braten und Backen und verleiht Gerichten einen sanften und exquisiten Geschmack. Dar\u00fcber hinaus verleiht ihm seine Zusammensetzung aus mittelkettigen Fetts\u00e4uren (MCFAs) einzigartige Eigenschaften, da diese MCFAs schnell verstoffwechselt werden und eine schnelle und nachhaltige Energiequelle darstellen k\u00f6nnen. Dies macht es besonders bei Menschen beliebt, die sich ketogen ern\u00e4hren.<\/p>\n<p>Neben seiner kulinarischen Verwendung ist Kokosnuss\u00f6l zu einer h\u00e4ufigen Zutat in K\u00f6rperpflege- und Sch\u00f6nheitsprodukten geworden. Aufgrund seiner feuchtigkeitsspendenden und antimikrobiellen Eigenschaften ist es ein nat\u00fcrlicher Feuchtigkeitsspender f\u00fcr Haut und Haar und wird in Lotionen, Cremes und Haar\u00f6len verwendet. Bei ma\u00dfvollem Verzehr wird es auch mit der Verbesserung der Herz-Kreislauf-Gesundheit und der Verringerung von Entz\u00fcndungen in Verbindung gebracht. Kurz gesagt, Kokosnuss\u00f6l ist ein vielseitiges und wohltuendes Produkt, das seinen Platz in der K\u00fcche, K\u00f6rperpflege und Ern\u00e4hrung gefunden hat und eine breite Palette von Einsatzm\u00f6glichkeiten und Vorteilen f\u00fcr diejenigen bietet, die einen nat\u00fcrlicheren und ges\u00fcnderen Lebensstil suchen.<\/p>\n<p>&nbsp;<\/p>\n<div class=\"text-wrap\"><strong><span class=\"subtitle\" style=\"color: #f1b434;\">\u00a0EIGENSCHAFTEN UND VORTEILE\u00a0<\/span><\/strong><\/div>\n<ul>\n<li>Source of healthy fatty acids: Coconut oil is rich in medium-chain fatty acids (MCFAs) that are easily metabolized and used as a quick energy source, which can help improve physical and mental endurance.<\/li>\n<li>Promoter of cardiovascular health: Moderate consumption of coconut oil has been associated with improved cholesterol levels and reduced risk of cardiovascular diseases.<\/li>\n<li>Versatility in the kitchen: Its high smoke point makes it suitable for frying and baking, and its mild and tropical flavor makes it a valuable ingredient in the preparation of a variety of dishes.<\/li>\n<li>Natural personal care: Coconut oil is used in skin and hair care products due to its moisturizing and antimicrobial properties, helping to keep skin soft and hair shiny.<\/li>\n<li>Support for specific diets: It is popular in ketogenic diets and is used as a supplement in smoothies and coffee to promote satiety and aid in weight loss. Its versatility and benefits make it a valuable resource in both the kitchen and personal care and nutrition.<\/li>\n<\/ul>\n","protected":false},"excerpt":{"rendered":"<div class=\"title\">\n<div class=\"title\">\n<div class=\"title\">\n<div class=\"title\">\n<div class=\"title\"><strong><span class=\"name\" style=\"color: #f1b434;\">\/ COCUS NUCIFERA \/<\/span><\/strong><\/div>\n<p>Kokos\u00f6l ist ein vielseitiges und vorteilhaftes Produkt, das in den letzten Jahren aufgrund seiner vielf\u00e4ltigen Einsatzm\u00f6glichkeiten und seiner gesunden Eigenschaften an Beliebtheit gewonnen hat. Dieses \u00d6l, das aus dem Fleisch reifer Kokosn\u00fcsse gewonnen wird, ist bekannt daf\u00fcr, eine Quelle gesunder Fette zu sein, haupts\u00e4chlich mittelkettige Fetts\u00e4uren (MCTs), die vom K\u00f6rper leicht metabolisiert und als schnelle Energiequelle genutzt werden k\u00f6nnen. Neben der Bereitstellung von Energie wird Kokos\u00f6l auch mit verschiedenen gesundheitlichen Vorteilen in Verbindung gebracht, wie der Verbesserung der Herzgesundheit und der Verringerung von Entz\u00fcndungen. Dar\u00fcber hinaus macht seine F\u00e4higkeit, Haut und Haare gesund zu halten, es zu einem wertvollen Bestandteil der K\u00f6rperpflege, der in Sch\u00f6nheitsprodukten und als nat\u00fcrlicher Feuchtigkeitsspender verwendet wird.<\/p>\n<\/div>\n<\/div>\n<\/div>\n<\/div>\n","protected":false},"featured_media":14563,"comment_status":"open","ping_status":"closed","template":"","meta":{"editor_notices":[]},"product_cat":[72],"product_tag":[],"yoast_head":"<!-- This site is optimized with the Yoast SEO plugin v23.5 - https:\/\/yoast.com\/wordpress\/plugins\/seo\/ -->\n<title>Kokos\u00f6l 680 ml - Candela Organic<\/title>\n<meta name=\"description\" content=\"Kokos\u00f6l ist aufgrund seiner vielf\u00e4ltigen Vorteile zu einem wahren Schatz in der K\u00fcche und in der K\u00f6rperpflege geworden.\" \/>\n<meta name=\"robots\" content=\"index, follow, max-snippet:-1, max-image-preview:large, max-video-preview:-1\" \/>\n<link rel=\"canonical\" href=\"https:\/\/candelaorganic.com\/de\/producto\/kokosoel-680-ml\/\" \/>\n<meta property=\"og:locale\" content=\"de_DE\" \/>\n<meta property=\"og:type\" content=\"article\" \/>\n<meta property=\"og:title\" content=\"Kokos\u00f6l 680 ml - Candela Organic\" \/>\n<meta property=\"og:description\" content=\"Kokos\u00f6l ist aufgrund seiner vielf\u00e4ltigen Vorteile zu einem wahren Schatz in der K\u00fcche und in der K\u00f6rperpflege geworden.\" \/>\n<meta property=\"og:url\" content=\"https:\/\/candelaorganic.com\/de\/producto\/kokosoel-680-ml\/\" \/>\n<meta property=\"og:site_name\" content=\"Candela Organic\" \/>\n<meta property=\"article:modified_time\" content=\"2024-06-21T15:27:41+00:00\" \/>\n<meta property=\"og:image\" content=\"https:\/\/candelaorganic.com\/de\/wp-content\/uploads\/sites\/14\/2024\/04\/Aceite-Coco-680ml-product-image.webp\" \/>\n\t<meta property=\"og:image:width\" content=\"635\" \/>\n\t<meta property=\"og:image:height\" content=\"635\" \/>\n\t<meta property=\"og:image:type\" content=\"image\/webp\" \/>\n<meta name=\"twitter:card\" content=\"summary_large_image\" \/>\n<meta name=\"twitter:label1\" content=\"Gesch\u00e4tzte Lesezeit\" \/>\n\t<meta name=\"twitter:data1\" content=\"3\u00a0Minuten\" \/>\n<script type=\"application\/ld+json\" class=\"yoast-schema-graph\">{\"@context\":\"https:\/\/schema.org\",\"@graph\":[{\"@type\":\"WebPage\",\"@id\":\"https:\/\/candelaorganic.com\/de\/producto\/kokosoel-680-ml\/\",\"url\":\"https:\/\/candelaorganic.com\/de\/producto\/kokosoel-680-ml\/\",\"name\":\"Kokos\u00f6l 680 ml - Candela Organic\",\"isPartOf\":{\"@id\":\"https:\/\/candelaorganic.com\/de\/#website\"},\"primaryImageOfPage\":{\"@id\":\"https:\/\/candelaorganic.com\/de\/producto\/kokosoel-680-ml\/#primaryimage\"},\"image\":{\"@id\":\"https:\/\/candelaorganic.com\/de\/producto\/kokosoel-680-ml\/#primaryimage\"},\"thumbnailUrl\":\"https:\/\/candelaorganic.com\/de\/wp-content\/uploads\/sites\/14\/2024\/04\/Aceite-Coco-680ml-product-image.webp\",\"datePublished\":\"2024-04-25T15:20:44+00:00\",\"dateModified\":\"2024-06-21T15:27:41+00:00\",\"description\":\"Kokos\u00f6l ist aufgrund seiner vielf\u00e4ltigen Vorteile zu einem wahren Schatz in der K\u00fcche und in der K\u00f6rperpflege geworden.\",\"breadcrumb\":{\"@id\":\"https:\/\/candelaorganic.com\/de\/producto\/kokosoel-680-ml\/#breadcrumb\"},\"inLanguage\":\"de\",\"potentialAction\":[{\"@type\":\"ReadAction\",\"target\":[\"https:\/\/candelaorganic.com\/de\/producto\/kokosoel-680-ml\/\"]}]},{\"@type\":\"ImageObject\",\"inLanguage\":\"de\",\"@id\":\"https:\/\/candelaorganic.com\/de\/producto\/kokosoel-680-ml\/#primaryimage\",\"url\":\"https:\/\/candelaorganic.com\/de\/wp-content\/uploads\/sites\/14\/2024\/04\/Aceite-Coco-680ml-product-image.webp\",\"contentUrl\":\"https:\/\/candelaorganic.com\/de\/wp-content\/uploads\/sites\/14\/2024\/04\/Aceite-Coco-680ml-product-image.webp\",\"width\":635,\"height\":635},{\"@type\":\"BreadcrumbList\",\"@id\":\"https:\/\/candelaorganic.com\/de\/producto\/kokosoel-680-ml\/#breadcrumb\",\"itemListElement\":[{\"@type\":\"ListItem\",\"position\":1,\"name\":\"Produkte\",\"item\":\"https:\/\/candelaorganic.com\/de\/produkte\/\"},{\"@type\":\"ListItem\",\"position\":2,\"name\":\"Lebensmitteleinzelhandel\",\"item\":\"https:\/\/candelaorganic.com\/de\/tienda\/lebensmittel-einzelhandel\/\"},{\"@type\":\"ListItem\",\"position\":3,\"name\":\"Speise\u00f6le\",\"item\":\"https:\/\/candelaorganic.com\/de\/tienda\/lebensmittel-einzelhandel\/speiseoele-einzelhandel\/\"},{\"@type\":\"ListItem\",\"position\":4,\"name\":\"Kokos\u00f6l 680 ml\"}]},{\"@type\":\"WebSite\",\"@id\":\"https:\/\/candelaorganic.com\/de\/#website\",\"url\":\"https:\/\/candelaorganic.com\/de\/\",\"name\":\"Candela Organic\",\"description\":\"Wir erh\u00f6hen die Lebensmittelstandards\",\"publisher\":{\"@id\":\"https:\/\/candelaorganic.com\/de\/#organization\"},\"potentialAction\":[{\"@type\":\"SearchAction\",\"target\":{\"@type\":\"EntryPoint\",\"urlTemplate\":\"https:\/\/candelaorganic.com\/de\/?s={search_term_string}\"},\"query-input\":{\"@type\":\"PropertyValueSpecification\",\"valueRequired\":true,\"valueName\":\"search_term_string\"}}],\"inLanguage\":\"de\"},{\"@type\":\"Organization\",\"@id\":\"https:\/\/candelaorganic.com\/de\/#organization\",\"name\":\"Candela Organic\",\"url\":\"https:\/\/candelaorganic.com\/de\/\",\"logo\":{\"@type\":\"ImageObject\",\"inLanguage\":\"de\",\"@id\":\"https:\/\/candelaorganic.com\/de\/#\/schema\/logo\/image\/\",\"url\":\"https:\/\/candelaorganic.com\/de\/wp-content\/uploads\/sites\/14\/2024\/04\/Logotype.webp\",\"contentUrl\":\"https:\/\/candelaorganic.com\/de\/wp-content\/uploads\/sites\/14\/2024\/04\/Logotype.webp\",\"width\":256,\"height\":52,\"caption\":\"Candela Organic\"},\"image\":{\"@id\":\"https:\/\/candelaorganic.com\/de\/#\/schema\/logo\/image\/\"}}]}<\/script>\n<!-- \/ Yoast SEO plugin. -->","yoast_head_json":{"title":"Kokos\u00f6l 680 ml - Candela Organic","description":"Kokos\u00f6l ist aufgrund seiner vielf\u00e4ltigen Vorteile zu einem wahren Schatz in der K\u00fcche und in der K\u00f6rperpflege geworden.","robots":{"index":"index","follow":"follow","max-snippet":"max-snippet:-1","max-image-preview":"max-image-preview:large","max-video-preview":"max-video-preview:-1"},"canonical":"https:\/\/candelaorganic.com\/de\/producto\/kokosoel-680-ml\/","og_locale":"de_DE","og_type":"article","og_title":"Kokos\u00f6l 680 ml - Candela Organic","og_description":"Kokos\u00f6l ist aufgrund seiner vielf\u00e4ltigen Vorteile zu einem wahren Schatz in der K\u00fcche und in der K\u00f6rperpflege geworden.","og_url":"https:\/\/candelaorganic.com\/de\/producto\/kokosoel-680-ml\/","og_site_name":"Candela Organic","article_modified_time":"2024-06-21T15:27:41+00:00","og_image":[{"width":635,"height":635,"url":"https:\/\/candelaorganic.com\/de\/wp-content\/uploads\/sites\/14\/2024\/04\/Aceite-Coco-680ml-product-image.webp","type":"image\/webp"}],"twitter_card":"summary_large_image","twitter_misc":{"Gesch\u00e4tzte Lesezeit":"3\u00a0Minuten"},"schema":{"@context":"https:\/\/schema.org","@graph":[{"@type":"WebPage","@id":"https:\/\/candelaorganic.com\/de\/producto\/kokosoel-680-ml\/","url":"https:\/\/candelaorganic.com\/de\/producto\/kokosoel-680-ml\/","name":"Kokos\u00f6l 680 ml - Candela Organic","isPartOf":{"@id":"https:\/\/candelaorganic.com\/de\/#website"},"primaryImageOfPage":{"@id":"https:\/\/candelaorganic.com\/de\/producto\/kokosoel-680-ml\/#primaryimage"},"image":{"@id":"https:\/\/candelaorganic.com\/de\/producto\/kokosoel-680-ml\/#primaryimage"},"thumbnailUrl":"https:\/\/candelaorganic.com\/de\/wp-content\/uploads\/sites\/14\/2024\/04\/Aceite-Coco-680ml-product-image.webp","datePublished":"2024-04-25T15:20:44+00:00","dateModified":"2024-06-21T15:27:41+00:00","description":"Kokos\u00f6l ist aufgrund seiner vielf\u00e4ltigen Vorteile zu einem wahren Schatz in der K\u00fcche und in der K\u00f6rperpflege geworden.","breadcrumb":{"@id":"https:\/\/candelaorganic.com\/de\/producto\/kokosoel-680-ml\/#breadcrumb"},"inLanguage":"de","potentialAction":[{"@type":"ReadAction","target":["https:\/\/candelaorganic.com\/de\/producto\/kokosoel-680-ml\/"]}]},{"@type":"ImageObject","inLanguage":"de","@id":"https:\/\/candelaorganic.com\/de\/producto\/kokosoel-680-ml\/#primaryimage","url":"https:\/\/candelaorganic.com\/de\/wp-content\/uploads\/sites\/14\/2024\/04\/Aceite-Coco-680ml-product-image.webp","contentUrl":"https:\/\/candelaorganic.com\/de\/wp-content\/uploads\/sites\/14\/2024\/04\/Aceite-Coco-680ml-product-image.webp","width":635,"height":635},{"@type":"BreadcrumbList","@id":"https:\/\/candelaorganic.com\/de\/producto\/kokosoel-680-ml\/#breadcrumb","itemListElement":[{"@type":"ListItem","position":1,"name":"Produkte","item":"https:\/\/candelaorganic.com\/de\/produkte\/"},{"@type":"ListItem","position":2,"name":"Lebensmitteleinzelhandel","item":"https:\/\/candelaorganic.com\/de\/tienda\/lebensmittel-einzelhandel\/"},{"@type":"ListItem","position":3,"name":"Speise\u00f6le","item":"https:\/\/candelaorganic.com\/de\/tienda\/lebensmittel-einzelhandel\/speiseoele-einzelhandel\/"},{"@type":"ListItem","position":4,"name":"Kokos\u00f6l 680 ml"}]},{"@type":"WebSite","@id":"https:\/\/candelaorganic.com\/de\/#website","url":"https:\/\/candelaorganic.com\/de\/","name":"Candela Organic","description":"Wir erh\u00f6hen die Lebensmittelstandards","publisher":{"@id":"https:\/\/candelaorganic.com\/de\/#organization"},"potentialAction":[{"@type":"SearchAction","target":{"@type":"EntryPoint","urlTemplate":"https:\/\/candelaorganic.com\/de\/?s={search_term_string}"},"query-input":{"@type":"PropertyValueSpecification","valueRequired":true,"valueName":"search_term_string"}}],"inLanguage":"de"},{"@type":"Organization","@id":"https:\/\/candelaorganic.com\/de\/#organization","name":"Candela Organic","url":"https:\/\/candelaorganic.com\/de\/","logo":{"@type":"ImageObject","inLanguage":"de","@id":"https:\/\/candelaorganic.com\/de\/#\/schema\/logo\/image\/","url":"https:\/\/candelaorganic.com\/de\/wp-content\/uploads\/sites\/14\/2024\/04\/Logotype.webp","contentUrl":"https:\/\/candelaorganic.com\/de\/wp-content\/uploads\/sites\/14\/2024\/04\/Logotype.webp","width":256,"height":52,"caption":"Candela Organic"},"image":{"@id":"https:\/\/candelaorganic.com\/de\/#\/schema\/logo\/image\/"}}]}},"_links":{"self":[{"href":"https:\/\/candelaorganic.com\/de\/wp-json\/wp\/v2\/product\/17579"}],"collection":[{"href":"https:\/\/candelaorganic.com\/de\/wp-json\/wp\/v2\/product"}],"about":[{"href":"https:\/\/candelaorganic.com\/de\/wp-json\/wp\/v2\/types\/product"}],"replies":[{"embeddable":true,"href":"https:\/\/candelaorganic.com\/de\/wp-json\/wp\/v2\/comments?post=17579"}],"wp:featuredmedia":[{"embeddable":true,"href":"https:\/\/candelaorganic.com\/de\/wp-json\/wp\/v2\/media\/14563"}],"wp:attachment":[{"href":"https:\/\/candelaorganic.com\/de\/wp-json\/wp\/v2\/media?parent=17579"}],"wp:term":[{"taxonomy":"product_cat","embeddable":true,"href":"https:\/\/candelaorganic.com\/de\/wp-json\/wp\/v2\/product_cat?post=17579"},{"taxonomy":"product_tag","embeddable":true,"href":"https:\/\/candelaorganic.com\/de\/wp-json\/wp\/v2\/product_tag?post=17579"}],"curies":[{"name":"wp","href":"https:\/\/api.w.org\/{rel}","templated":true}]}}