{"id":14706,"date":"2024-04-05T00:15:37","date_gmt":"2024-04-04T22:15:37","guid":{"rendered":"https:\/\/candelaorganic.com\/de\/?post_type=product&#038;p=14706"},"modified":"2024-07-17T00:52:06","modified_gmt":"2024-07-16T22:52:06","slug":"bio-bitterschokolade-kokosnuss-riegel-70gr-70-kakao","status":"publish","type":"product","link":"https:\/\/candelaorganic.com\/de\/producto\/bio-bitterschokolade-kokosnuss-riegel-70gr-70-kakao\/","title":{"rendered":"Bio-Bitterschokolade Kokosnuss Riegel 70gr 70% Kakao"},"content":{"rendered":"<p>Getrocknete Kokosnuss ist ein k\u00f6stliches und vielseitiges Lebensmittel, das mehrere gesundheitliche Vorteile bietet. Erstens ist sie eine ausgezeichnete Quelle f\u00fcr Ballaststoffe, die eine gesunde Verdauung f\u00f6rdern und zu einem stabilen Blutzuckerspiegel beitragen k\u00f6nnen. Au\u00dferdem ist die getrocknete Kokosnuss reich an gesunden Fetten, insbesondere an mittelkettigen Fetts\u00e4uren (MCFA), die leicht verdaulich sind und eine schnelle Energiequelle darstellen k\u00f6nnen. Diese MCFA k\u00f6nnen auch die Fettverbrennung unterst\u00fctzen und den Appetit z\u00fcgeln.<\/p>\n<p>Getrocknete Kokosnuss ist eine gute Quelle f\u00fcr Antioxidantien wie Mangan, das zur Bek\u00e4mpfung von Sch\u00e4den durch freie Radikale und zur Erhaltung einer gesunden Haut beitr\u00e4gt. Au\u00dferdem enth\u00e4lt sie Eisen und Zink, die f\u00fcr die Bildung roter Blutk\u00f6rperchen und die Immunfunktion wichtig sind. Trotz ihres s\u00fc\u00dfen, tropischen Geschmacks enthalten getrocknete Kokosn\u00fcsse von Natur aus wenig Zucker und k\u00f6nnen eine ges\u00fcndere Alternative sein, um den Hei\u00dfhunger auf S\u00fc\u00dfes zu stillen. Aufgrund seiner Kaloriendichte sollte es jedoch in Ma\u00dfen als Teil einer ausgewogenen Ern\u00e4hrung verzehrt werden.<\/p>\n<p><strong><span class=\"subtitle\" style=\"color: #f1b434;\">FEATURES AND ADVANTAGES<\/span><\/strong><\/p>\n<div class=\"text-wrap\">\n<ul>\n<li>Erleben Sie eine harmonische Symphonie von Aromen, Texturen und essentiellen N\u00e4hrstoffen in unserem 70%igen Kakao-Kaffee-Riegel, bei dem fachm\u00e4nnisch leicht ger\u00f6stete Kaffeebohnen von einer k\u00f6stlichen Tafel 70%iger Bio-Schokolade umh\u00fcllt werden. Diese k\u00f6stliche Verschmelzung schafft ein bereicherndes Snack-Erlebnis, das perfekt auf ethische Beschaffung und nachhaltige Praktiken abgestimmt ist.<\/li>\n<li>Energieschub: Genie\u00dfen Sie den achtsamen Genuss unserer schokoladen\u00fcberzogenen Kaffeebohnen, die pro Portion eine angenehme Kalorienzahl aufweisen und Ihnen einen herrlichen Energieschub f\u00fcr Ihre t\u00e4glichen Aktivit\u00e4ten geben.<\/li>\n<li>N\u00e4hrstoffliche Ausgewogenheit: Mit einem abgerundeten N\u00e4hrstoffprofil, das auch Kohlenhydrate enth\u00e4lt, bietet diese Leckerei eine ausgewogene Mischung wesentlicher Elemente f\u00fcr anhaltende Vitalit\u00e4t.<\/li>\n<li>Reich an Ballaststoffen: Genie\u00dfen Sie die Vorteile von Ballaststoffen, die die Gesundheit der Verdauung f\u00f6rdern und zu einem Gef\u00fchl von S\u00e4ttigung und Zufriedenheit beitragen.<\/li>\n<li>Kraftvolles Eiwei\u00df: Jede Portion enth\u00e4lt Eiwei\u00df zur Unterst\u00fctzung des Muskelaufbaus, der Gewebereparatur und des allgemeinen k\u00f6rperlichen Wohlbefindens.<\/li>\n<li>Lebenswichtige Mineralien: Entdecken Sie die Vorteile von Kalzium, Eisen und Kalium, die zu starken Knochen, einem effizienten Sauerstofftransport und einer verbesserten Herzgesundheit beitragen.<\/li>\n<li>Zutaten: Kokosnuss, Kakaolik\u00f6r, Bio-Zucker, Kakaobutter, Kakaonibs.<\/li>\n<\/ul>\n<\/div>\n<div class=\"text-wrap\"><\/div>\n","protected":false},"excerpt":{"rendered":"<div class=\"title\" style=\"color: #f1b434;\"><strong><span class=\"name\">\/ THEOBROMA CACAO &amp; COCOS NUCIFERA \/<\/span><\/strong><\/div>\n<p>Embarquese en una deliciosa aventura con nuestra tableta de chocolate Bitter de coco org\u00e1nico, que contiene una exquisita mezcla de 70% de cacao. Esta excepcional delicia, cuidadosamente obtenida y expertamente elaborada, combina la deliciosa esencia del coco con la suave caricia del chocolate org\u00e1nico, dando como resultado una sinfon\u00eda de sabores que encarna tanto el sabor como los valores de la sostenibilidad. Eleva tu experiencia como snack, ya que cada bocado ofrece una fusi\u00f3n de sabor robusto y consumo consciente, transformando momentos de gratificaci\u00f3n en una celebraci\u00f3n de satisfacci\u00f3n consciente.<\/p>\n","protected":false},"featured_media":13137,"comment_status":"open","ping_status":"closed","template":"","meta":{"editor_notices":[]},"product_cat":[119],"product_tag":[],"yoast_head":"<!-- This site is optimized with the Yoast SEO plugin v23.5 - https:\/\/yoast.com\/wordpress\/plugins\/seo\/ -->\n<title>Bio-Bitterschokolade Kokosnuss Riegel 70gr 70% Kakao - Candela Organic<\/title>\n<meta name=\"description\" content=\"Getrocknete Kokosnuss ist eine ausgezeichnete Quelle f\u00fcr Ballaststoffe, was eine gesunde Verdauung f\u00f6rdert und helfen kann, stabile Blutzuckerspiegel aufrechtzuerhalten.\" \/>\n<meta name=\"robots\" content=\"index, follow, max-snippet:-1, max-image-preview:large, max-video-preview:-1\" \/>\n<link rel=\"canonical\" href=\"https:\/\/candelaorganic.com\/de\/producto\/bio-bitterschokolade-kokosnuss-riegel-70gr-70-kakao\/\" \/>\n<meta property=\"og:locale\" content=\"de_DE\" \/>\n<meta property=\"og:type\" content=\"article\" \/>\n<meta property=\"og:title\" content=\"Bio-Bitterschokolade Kokosnuss Riegel 70gr 70% Kakao - Candela Organic\" \/>\n<meta property=\"og:description\" content=\"Getrocknete Kokosnuss ist eine ausgezeichnete Quelle f\u00fcr Ballaststoffe, was eine gesunde Verdauung f\u00f6rdert und helfen kann, stabile Blutzuckerspiegel aufrechtzuerhalten.\" \/>\n<meta property=\"og:url\" content=\"https:\/\/candelaorganic.com\/de\/producto\/bio-bitterschokolade-kokosnuss-riegel-70gr-70-kakao\/\" \/>\n<meta property=\"og:site_name\" content=\"Candela Organic\" \/>\n<meta property=\"article:modified_time\" content=\"2024-07-16T22:52:06+00:00\" \/>\n<meta property=\"og:image\" content=\"https:\/\/candelaorganic.com\/de\/wp-content\/uploads\/sites\/14\/2024\/04\/Secondary-product-image-147.webp\" \/>\n\t<meta property=\"og:image:width\" content=\"609\" \/>\n\t<meta property=\"og:image:height\" content=\"599\" \/>\n\t<meta property=\"og:image:type\" content=\"image\/webp\" \/>\n<meta name=\"twitter:card\" content=\"summary_large_image\" \/>\n<meta name=\"twitter:label1\" content=\"Gesch\u00e4tzte Lesezeit\" \/>\n\t<meta name=\"twitter:data1\" content=\"2\u00a0Minuten\" \/>\n<script type=\"application\/ld+json\" class=\"yoast-schema-graph\">{\"@context\":\"https:\/\/schema.org\",\"@graph\":[{\"@type\":\"WebPage\",\"@id\":\"https:\/\/candelaorganic.com\/de\/producto\/bio-bitterschokolade-kokosnuss-riegel-70gr-70-kakao\/\",\"url\":\"https:\/\/candelaorganic.com\/de\/producto\/bio-bitterschokolade-kokosnuss-riegel-70gr-70-kakao\/\",\"name\":\"Bio-Bitterschokolade Kokosnuss Riegel 70gr 70% Kakao - Candela Organic\",\"isPartOf\":{\"@id\":\"https:\/\/candelaorganic.com\/de\/#website\"},\"primaryImageOfPage\":{\"@id\":\"https:\/\/candelaorganic.com\/de\/producto\/bio-bitterschokolade-kokosnuss-riegel-70gr-70-kakao\/#primaryimage\"},\"image\":{\"@id\":\"https:\/\/candelaorganic.com\/de\/producto\/bio-bitterschokolade-kokosnuss-riegel-70gr-70-kakao\/#primaryimage\"},\"thumbnailUrl\":\"https:\/\/candelaorganic.com\/de\/wp-content\/uploads\/sites\/14\/2024\/04\/Secondary-product-image-147.webp\",\"datePublished\":\"2024-04-04T22:15:37+00:00\",\"dateModified\":\"2024-07-16T22:52:06+00:00\",\"description\":\"Getrocknete Kokosnuss ist eine ausgezeichnete Quelle f\u00fcr Ballaststoffe, was eine gesunde Verdauung f\u00f6rdert und helfen kann, stabile Blutzuckerspiegel aufrechtzuerhalten.\",\"breadcrumb\":{\"@id\":\"https:\/\/candelaorganic.com\/de\/producto\/bio-bitterschokolade-kokosnuss-riegel-70gr-70-kakao\/#breadcrumb\"},\"inLanguage\":\"de\",\"potentialAction\":[{\"@type\":\"ReadAction\",\"target\":[\"https:\/\/candelaorganic.com\/de\/producto\/bio-bitterschokolade-kokosnuss-riegel-70gr-70-kakao\/\"]}]},{\"@type\":\"ImageObject\",\"inLanguage\":\"de\",\"@id\":\"https:\/\/candelaorganic.com\/de\/producto\/bio-bitterschokolade-kokosnuss-riegel-70gr-70-kakao\/#primaryimage\",\"url\":\"https:\/\/candelaorganic.com\/de\/wp-content\/uploads\/sites\/14\/2024\/04\/Secondary-product-image-147.webp\",\"contentUrl\":\"https:\/\/candelaorganic.com\/de\/wp-content\/uploads\/sites\/14\/2024\/04\/Secondary-product-image-147.webp\",\"width\":609,\"height\":599},{\"@type\":\"BreadcrumbList\",\"@id\":\"https:\/\/candelaorganic.com\/de\/producto\/bio-bitterschokolade-kokosnuss-riegel-70gr-70-kakao\/#breadcrumb\",\"itemListElement\":[{\"@type\":\"ListItem\",\"position\":1,\"name\":\"Produkte\",\"item\":\"https:\/\/candelaorganic.com\/de\/produkte\/\"},{\"@type\":\"ListItem\",\"position\":2,\"name\":\"Lebensmitteleinzelhandel\",\"item\":\"https:\/\/candelaorganic.com\/de\/tienda\/lebensmittel-einzelhandel\/\"},{\"@type\":\"ListItem\",\"position\":3,\"name\":\"Snacks\",\"item\":\"https:\/\/candelaorganic.com\/de\/tienda\/lebensmittel-einzelhandel\/snacks-einzelhandel\/\"},{\"@type\":\"ListItem\",\"position\":4,\"name\":\"70 % Kakao\",\"item\":\"https:\/\/candelaorganic.com\/de\/tienda\/lebensmittel-einzelhandel\/snacks-einzelhandel\/snacks-70-kakao\/\"},{\"@type\":\"ListItem\",\"position\":5,\"name\":\"Bio-Bitterschokolade Kokosnuss Riegel 70gr 70% Kakao\"}]},{\"@type\":\"WebSite\",\"@id\":\"https:\/\/candelaorganic.com\/de\/#website\",\"url\":\"https:\/\/candelaorganic.com\/de\/\",\"name\":\"Candela Organic\",\"description\":\"Wir erh\u00f6hen die Lebensmittelstandards\",\"publisher\":{\"@id\":\"https:\/\/candelaorganic.com\/de\/#organization\"},\"potentialAction\":[{\"@type\":\"SearchAction\",\"target\":{\"@type\":\"EntryPoint\",\"urlTemplate\":\"https:\/\/candelaorganic.com\/de\/?s={search_term_string}\"},\"query-input\":{\"@type\":\"PropertyValueSpecification\",\"valueRequired\":true,\"valueName\":\"search_term_string\"}}],\"inLanguage\":\"de\"},{\"@type\":\"Organization\",\"@id\":\"https:\/\/candelaorganic.com\/de\/#organization\",\"name\":\"Candela Organic\",\"url\":\"https:\/\/candelaorganic.com\/de\/\",\"logo\":{\"@type\":\"ImageObject\",\"inLanguage\":\"de\",\"@id\":\"https:\/\/candelaorganic.com\/de\/#\/schema\/logo\/image\/\",\"url\":\"https:\/\/candelaorganic.com\/de\/wp-content\/uploads\/sites\/14\/2024\/04\/Logotype.webp\",\"contentUrl\":\"https:\/\/candelaorganic.com\/de\/wp-content\/uploads\/sites\/14\/2024\/04\/Logotype.webp\",\"width\":256,\"height\":52,\"caption\":\"Candela Organic\"},\"image\":{\"@id\":\"https:\/\/candelaorganic.com\/de\/#\/schema\/logo\/image\/\"}}]}<\/script>\n<!-- \/ Yoast SEO plugin. -->","yoast_head_json":{"title":"Bio-Bitterschokolade Kokosnuss Riegel 70gr 70% Kakao - Candela Organic","description":"Getrocknete Kokosnuss ist eine ausgezeichnete Quelle f\u00fcr Ballaststoffe, was eine gesunde Verdauung f\u00f6rdert und helfen kann, stabile Blutzuckerspiegel aufrechtzuerhalten.","robots":{"index":"index","follow":"follow","max-snippet":"max-snippet:-1","max-image-preview":"max-image-preview:large","max-video-preview":"max-video-preview:-1"},"canonical":"https:\/\/candelaorganic.com\/de\/producto\/bio-bitterschokolade-kokosnuss-riegel-70gr-70-kakao\/","og_locale":"de_DE","og_type":"article","og_title":"Bio-Bitterschokolade Kokosnuss Riegel 70gr 70% Kakao - Candela Organic","og_description":"Getrocknete Kokosnuss ist eine ausgezeichnete Quelle f\u00fcr Ballaststoffe, was eine gesunde Verdauung f\u00f6rdert und helfen kann, stabile Blutzuckerspiegel aufrechtzuerhalten.","og_url":"https:\/\/candelaorganic.com\/de\/producto\/bio-bitterschokolade-kokosnuss-riegel-70gr-70-kakao\/","og_site_name":"Candela Organic","article_modified_time":"2024-07-16T22:52:06+00:00","og_image":[{"width":609,"height":599,"url":"https:\/\/candelaorganic.com\/de\/wp-content\/uploads\/sites\/14\/2024\/04\/Secondary-product-image-147.webp","type":"image\/webp"}],"twitter_card":"summary_large_image","twitter_misc":{"Gesch\u00e4tzte Lesezeit":"2\u00a0Minuten"},"schema":{"@context":"https:\/\/schema.org","@graph":[{"@type":"WebPage","@id":"https:\/\/candelaorganic.com\/de\/producto\/bio-bitterschokolade-kokosnuss-riegel-70gr-70-kakao\/","url":"https:\/\/candelaorganic.com\/de\/producto\/bio-bitterschokolade-kokosnuss-riegel-70gr-70-kakao\/","name":"Bio-Bitterschokolade Kokosnuss Riegel 70gr 70% Kakao - Candela Organic","isPartOf":{"@id":"https:\/\/candelaorganic.com\/de\/#website"},"primaryImageOfPage":{"@id":"https:\/\/candelaorganic.com\/de\/producto\/bio-bitterschokolade-kokosnuss-riegel-70gr-70-kakao\/#primaryimage"},"image":{"@id":"https:\/\/candelaorganic.com\/de\/producto\/bio-bitterschokolade-kokosnuss-riegel-70gr-70-kakao\/#primaryimage"},"thumbnailUrl":"https:\/\/candelaorganic.com\/de\/wp-content\/uploads\/sites\/14\/2024\/04\/Secondary-product-image-147.webp","datePublished":"2024-04-04T22:15:37+00:00","dateModified":"2024-07-16T22:52:06+00:00","description":"Getrocknete Kokosnuss ist eine ausgezeichnete Quelle f\u00fcr Ballaststoffe, was eine gesunde Verdauung f\u00f6rdert und helfen kann, stabile Blutzuckerspiegel aufrechtzuerhalten.","breadcrumb":{"@id":"https:\/\/candelaorganic.com\/de\/producto\/bio-bitterschokolade-kokosnuss-riegel-70gr-70-kakao\/#breadcrumb"},"inLanguage":"de","potentialAction":[{"@type":"ReadAction","target":["https:\/\/candelaorganic.com\/de\/producto\/bio-bitterschokolade-kokosnuss-riegel-70gr-70-kakao\/"]}]},{"@type":"ImageObject","inLanguage":"de","@id":"https:\/\/candelaorganic.com\/de\/producto\/bio-bitterschokolade-kokosnuss-riegel-70gr-70-kakao\/#primaryimage","url":"https:\/\/candelaorganic.com\/de\/wp-content\/uploads\/sites\/14\/2024\/04\/Secondary-product-image-147.webp","contentUrl":"https:\/\/candelaorganic.com\/de\/wp-content\/uploads\/sites\/14\/2024\/04\/Secondary-product-image-147.webp","width":609,"height":599},{"@type":"BreadcrumbList","@id":"https:\/\/candelaorganic.com\/de\/producto\/bio-bitterschokolade-kokosnuss-riegel-70gr-70-kakao\/#breadcrumb","itemListElement":[{"@type":"ListItem","position":1,"name":"Produkte","item":"https:\/\/candelaorganic.com\/de\/produkte\/"},{"@type":"ListItem","position":2,"name":"Lebensmitteleinzelhandel","item":"https:\/\/candelaorganic.com\/de\/tienda\/lebensmittel-einzelhandel\/"},{"@type":"ListItem","position":3,"name":"Snacks","item":"https:\/\/candelaorganic.com\/de\/tienda\/lebensmittel-einzelhandel\/snacks-einzelhandel\/"},{"@type":"ListItem","position":4,"name":"70 % Kakao","item":"https:\/\/candelaorganic.com\/de\/tienda\/lebensmittel-einzelhandel\/snacks-einzelhandel\/snacks-70-kakao\/"},{"@type":"ListItem","position":5,"name":"Bio-Bitterschokolade Kokosnuss Riegel 70gr 70% Kakao"}]},{"@type":"WebSite","@id":"https:\/\/candelaorganic.com\/de\/#website","url":"https:\/\/candelaorganic.com\/de\/","name":"Candela Organic","description":"Wir erh\u00f6hen die Lebensmittelstandards","publisher":{"@id":"https:\/\/candelaorganic.com\/de\/#organization"},"potentialAction":[{"@type":"SearchAction","target":{"@type":"EntryPoint","urlTemplate":"https:\/\/candelaorganic.com\/de\/?s={search_term_string}"},"query-input":{"@type":"PropertyValueSpecification","valueRequired":true,"valueName":"search_term_string"}}],"inLanguage":"de"},{"@type":"Organization","@id":"https:\/\/candelaorganic.com\/de\/#organization","name":"Candela Organic","url":"https:\/\/candelaorganic.com\/de\/","logo":{"@type":"ImageObject","inLanguage":"de","@id":"https:\/\/candelaorganic.com\/de\/#\/schema\/logo\/image\/","url":"https:\/\/candelaorganic.com\/de\/wp-content\/uploads\/sites\/14\/2024\/04\/Logotype.webp","contentUrl":"https:\/\/candelaorganic.com\/de\/wp-content\/uploads\/sites\/14\/2024\/04\/Logotype.webp","width":256,"height":52,"caption":"Candela Organic"},"image":{"@id":"https:\/\/candelaorganic.com\/de\/#\/schema\/logo\/image\/"}}]}},"_links":{"self":[{"href":"https:\/\/candelaorganic.com\/de\/wp-json\/wp\/v2\/product\/14706"}],"collection":[{"href":"https:\/\/candelaorganic.com\/de\/wp-json\/wp\/v2\/product"}],"about":[{"href":"https:\/\/candelaorganic.com\/de\/wp-json\/wp\/v2\/types\/product"}],"replies":[{"embeddable":true,"href":"https:\/\/candelaorganic.com\/de\/wp-json\/wp\/v2\/comments?post=14706"}],"wp:featuredmedia":[{"embeddable":true,"href":"https:\/\/candelaorganic.com\/de\/wp-json\/wp\/v2\/media\/13137"}],"wp:attachment":[{"href":"https:\/\/candelaorganic.com\/de\/wp-json\/wp\/v2\/media?parent=14706"}],"wp:term":[{"taxonomy":"product_cat","embeddable":true,"href":"https:\/\/candelaorganic.com\/de\/wp-json\/wp\/v2\/product_cat?post=14706"},{"taxonomy":"product_tag","embeddable":true,"href":"https:\/\/candelaorganic.com\/de\/wp-json\/wp\/v2\/product_tag?post=14706"}],"curies":[{"name":"wp","href":"https:\/\/api.w.org\/{rel}","templated":true}]}}