{"id":14703,"date":"2024-04-05T00:13:21","date_gmt":"2024-04-04T22:13:21","guid":{"rendered":"https:\/\/candelaorganic.com\/de\/?post_type=product&#038;p=14703"},"modified":"2024-07-17T00:46:59","modified_gmt":"2024-07-16T22:46:59","slug":"bio-bitterschokolade-coffee-bar-70-kakao","status":"publish","type":"product","link":"https:\/\/candelaorganic.com\/de\/producto\/bio-bitterschokolade-coffee-bar-70-kakao\/","title":{"rendered":"Bio-Bitterschokolade Coffee Bar 70% Kakao"},"content":{"rendered":"<p>Ger\u00f6stete Kaffeebohnen in Schokolade getaucht ist eine Kombination, die vor allem wegen ihres Geschmacks gesch\u00e4tzt wird. Diese Mischung bietet ein einzigartiges Geschmackserlebnis, indem sie den kr\u00e4ftigen Geschmack von Kaffee mit der sanften und kr\u00e4ftigen S\u00fc\u00dfe von Schokolade verbindet. Das sensorische Vergn\u00fcgen, das diese Kombination bietet, kann f\u00fcr Kaffee- und Schokoladenliebhaber sehr befriedigend sein.<\/p>\n<p>Einer der Vorteile von ger\u00f6stetem Kaffee ist sein Koffeingehalt, der f\u00fcr mehr Energie und geistige Wachheit sorgen kann. Dies kann besonders in Zeiten hilfreich sein, in denen Wachsamkeit gefragt ist. Folglich ist es ratsam, Kaffee und Schokolade in Ma\u00dfen zu genie\u00dfen und gleichzeitig auf eine ausgewogene Ern\u00e4hrung zu achten, um die allgemeine Gesundheit zu f\u00f6rdern und zur Nachhaltigkeit der Wertsch\u00f6pfungsketten von Kaffee und Kakao beizutragen.<\/p>\n<p>&nbsp;<\/p>\n<div class=\"text-wrap\">\n<p><strong><span class=\"subtitle\" style=\"color: #f1b434;\">MERKMALE UND VORTEILE<\/span><\/strong><\/p>\n<ul>\n<li>Erleben Sie eine harmonische Symphonie von Aromen, Texturen und essentiellen N\u00e4hrstoffen in unserem 70%igen Kakao-Kaffee-Riegel, bei dem fachm\u00e4nnisch leicht ger\u00f6stete Kaffeebohnen von einer k\u00f6stlichen Tafel 70%iger Bio-Schokolade umh\u00fcllt werden. Diese k\u00f6stliche Verschmelzung schafft ein bereicherndes Snack-Erlebnis, das perfekt auf ethische Beschaffung und nachhaltige Praktiken abgestimmt ist.<\/li>\n<li>Energieschub: Genie\u00dfen Sie den achtsamen Genuss unserer schokoladen\u00fcberzogenen Kaffeebohnen, die pro Portion eine angenehme Kalorienzahl aufweisen und Ihnen einen herrlichen Energieschub f\u00fcr Ihre t\u00e4glichen Aktivit\u00e4ten geben.<\/li>\n<li>N\u00e4hrstoffliche Ausgewogenheit: Mit einem abgerundeten N\u00e4hrstoffprofil, das auch Kohlenhydrate enth\u00e4lt, bietet diese Leckerei eine ausgewogene Mischung wesentlicher Elemente f\u00fcr anhaltende Vitalit\u00e4t.<\/li>\n<li>Reich an Ballaststoffen: Genie\u00dfen Sie die Vorteile von Ballaststoffen, die die Gesundheit der Verdauung f\u00f6rdern und zu einem Gef\u00fchl von S\u00e4ttigung und Zufriedenheit beitragen.<\/li>\n<li>Kraftvolles Eiwei\u00df: Jede Portion enth\u00e4lt Eiwei\u00df zur Unterst\u00fctzung des Muskelaufbaus, der Gewebereparatur und des allgemeinen k\u00f6rperlichen Wohlbefindens.<\/li>\n<li>Lebenswichtige Mineralien: Entdecken Sie die Vorteile von Kalzium, Eisen und Kalium, die zu starken Knochen, einem effizienten Sauerstofftransport und einer verbesserten Herzgesundheit beitragen.<\/li>\n<li>Zutaten: Kaffee, Kakaolik\u00f6r, Bio-Zucker, Kakaobutter und Kakaonibs<\/li>\n<\/ul>\n<\/div>\n<div class=\"text-wrap\"><\/div>\n","protected":false},"excerpt":{"rendered":"<div class=\"title\" style=\"color: #f1b434;\"><strong><span class=\"name\">\/ THEOBROMA CACAO &amp; COFFEA SP. \/<\/span><\/strong><\/div>\n<p>Begeben Sie sich auf ein sensorisches Abenteuer mit unserem 70%igen Kakao-Kaffee-Riegel, bei dem ethisch gewonnene Kaffeebohnen von Schichten k\u00f6stlicher Bio-Schokolade umh\u00fcllt werden und eine Symphonie des Genusses bilden. Sorgf\u00e4ltig hergestellt, bietet jeder Bissen eine k\u00f6stliche Mischung aus kr\u00e4ftigen Aromen und gewissenhafter Herkunft. So wird Naschen zu einem schuldfreien Genuss, der Ihren Geschmacksnerven und Ihren Prinzipien entspricht.<\/p>\n","protected":false},"featured_media":13089,"comment_status":"open","ping_status":"closed","template":"","meta":{"editor_notices":[]},"product_cat":[119],"product_tag":[],"yoast_head":"<!-- This site is optimized with the Yoast SEO plugin v23.5 - https:\/\/yoast.com\/wordpress\/plugins\/seo\/ -->\n<title>Bio-Bitterschokolade Coffee Bar 70% Kakao - Candela Organic<\/title>\n<meta name=\"description\" content=\"Ger\u00f6stete Kaffeebohnen, die in Schokolade getaucht sind, werden haupts\u00e4chlich wegen ihres Geschmacks gesch\u00e4tzt.\" \/>\n<meta name=\"robots\" content=\"index, follow, max-snippet:-1, max-image-preview:large, max-video-preview:-1\" \/>\n<link rel=\"canonical\" href=\"https:\/\/candelaorganic.com\/de\/producto\/bio-bitterschokolade-coffee-bar-70-kakao\/\" \/>\n<meta property=\"og:locale\" content=\"de_DE\" \/>\n<meta property=\"og:type\" content=\"article\" \/>\n<meta property=\"og:title\" content=\"Bio-Bitterschokolade Coffee Bar 70% Kakao - Candela Organic\" \/>\n<meta property=\"og:description\" content=\"Ger\u00f6stete Kaffeebohnen, die in Schokolade getaucht sind, werden haupts\u00e4chlich wegen ihres Geschmacks gesch\u00e4tzt.\" \/>\n<meta property=\"og:url\" content=\"https:\/\/candelaorganic.com\/de\/producto\/bio-bitterschokolade-coffee-bar-70-kakao\/\" \/>\n<meta property=\"og:site_name\" content=\"Candela Organic\" \/>\n<meta property=\"article:modified_time\" content=\"2024-07-16T22:46:59+00:00\" \/>\n<meta property=\"og:image\" content=\"https:\/\/candelaorganic.com\/de\/wp-content\/uploads\/sites\/14\/2024\/04\/Secondary-product-image-144.webp\" \/>\n\t<meta property=\"og:image:width\" content=\"609\" \/>\n\t<meta property=\"og:image:height\" content=\"599\" \/>\n\t<meta property=\"og:image:type\" content=\"image\/webp\" \/>\n<meta name=\"twitter:card\" content=\"summary_large_image\" \/>\n<meta name=\"twitter:label1\" content=\"Gesch\u00e4tzte Lesezeit\" \/>\n\t<meta name=\"twitter:data1\" content=\"2\u00a0Minuten\" \/>\n<script type=\"application\/ld+json\" class=\"yoast-schema-graph\">{\"@context\":\"https:\/\/schema.org\",\"@graph\":[{\"@type\":\"WebPage\",\"@id\":\"https:\/\/candelaorganic.com\/de\/producto\/bio-bitterschokolade-coffee-bar-70-kakao\/\",\"url\":\"https:\/\/candelaorganic.com\/de\/producto\/bio-bitterschokolade-coffee-bar-70-kakao\/\",\"name\":\"Bio-Bitterschokolade Coffee Bar 70% Kakao - Candela Organic\",\"isPartOf\":{\"@id\":\"https:\/\/candelaorganic.com\/de\/#website\"},\"primaryImageOfPage\":{\"@id\":\"https:\/\/candelaorganic.com\/de\/producto\/bio-bitterschokolade-coffee-bar-70-kakao\/#primaryimage\"},\"image\":{\"@id\":\"https:\/\/candelaorganic.com\/de\/producto\/bio-bitterschokolade-coffee-bar-70-kakao\/#primaryimage\"},\"thumbnailUrl\":\"https:\/\/candelaorganic.com\/de\/wp-content\/uploads\/sites\/14\/2024\/04\/Secondary-product-image-144.webp\",\"datePublished\":\"2024-04-04T22:13:21+00:00\",\"dateModified\":\"2024-07-16T22:46:59+00:00\",\"description\":\"Ger\u00f6stete Kaffeebohnen, die in Schokolade getaucht sind, werden haupts\u00e4chlich wegen ihres Geschmacks gesch\u00e4tzt.\",\"breadcrumb\":{\"@id\":\"https:\/\/candelaorganic.com\/de\/producto\/bio-bitterschokolade-coffee-bar-70-kakao\/#breadcrumb\"},\"inLanguage\":\"de\",\"potentialAction\":[{\"@type\":\"ReadAction\",\"target\":[\"https:\/\/candelaorganic.com\/de\/producto\/bio-bitterschokolade-coffee-bar-70-kakao\/\"]}]},{\"@type\":\"ImageObject\",\"inLanguage\":\"de\",\"@id\":\"https:\/\/candelaorganic.com\/de\/producto\/bio-bitterschokolade-coffee-bar-70-kakao\/#primaryimage\",\"url\":\"https:\/\/candelaorganic.com\/de\/wp-content\/uploads\/sites\/14\/2024\/04\/Secondary-product-image-144.webp\",\"contentUrl\":\"https:\/\/candelaorganic.com\/de\/wp-content\/uploads\/sites\/14\/2024\/04\/Secondary-product-image-144.webp\",\"width\":609,\"height\":599},{\"@type\":\"BreadcrumbList\",\"@id\":\"https:\/\/candelaorganic.com\/de\/producto\/bio-bitterschokolade-coffee-bar-70-kakao\/#breadcrumb\",\"itemListElement\":[{\"@type\":\"ListItem\",\"position\":1,\"name\":\"Produkte\",\"item\":\"https:\/\/candelaorganic.com\/de\/produkte\/\"},{\"@type\":\"ListItem\",\"position\":2,\"name\":\"Lebensmitteleinzelhandel\",\"item\":\"https:\/\/candelaorganic.com\/de\/tienda\/lebensmittel-einzelhandel\/\"},{\"@type\":\"ListItem\",\"position\":3,\"name\":\"Snacks\",\"item\":\"https:\/\/candelaorganic.com\/de\/tienda\/lebensmittel-einzelhandel\/snacks-einzelhandel\/\"},{\"@type\":\"ListItem\",\"position\":4,\"name\":\"70 % Kakao\",\"item\":\"https:\/\/candelaorganic.com\/de\/tienda\/lebensmittel-einzelhandel\/snacks-einzelhandel\/snacks-70-kakao\/\"},{\"@type\":\"ListItem\",\"position\":5,\"name\":\"Bio-Bitterschokolade Coffee Bar 70% Kakao\"}]},{\"@type\":\"WebSite\",\"@id\":\"https:\/\/candelaorganic.com\/de\/#website\",\"url\":\"https:\/\/candelaorganic.com\/de\/\",\"name\":\"Candela Organic\",\"description\":\"Wir erh\u00f6hen die Lebensmittelstandards\",\"publisher\":{\"@id\":\"https:\/\/candelaorganic.com\/de\/#organization\"},\"potentialAction\":[{\"@type\":\"SearchAction\",\"target\":{\"@type\":\"EntryPoint\",\"urlTemplate\":\"https:\/\/candelaorganic.com\/de\/?s={search_term_string}\"},\"query-input\":{\"@type\":\"PropertyValueSpecification\",\"valueRequired\":true,\"valueName\":\"search_term_string\"}}],\"inLanguage\":\"de\"},{\"@type\":\"Organization\",\"@id\":\"https:\/\/candelaorganic.com\/de\/#organization\",\"name\":\"Candela Organic\",\"url\":\"https:\/\/candelaorganic.com\/de\/\",\"logo\":{\"@type\":\"ImageObject\",\"inLanguage\":\"de\",\"@id\":\"https:\/\/candelaorganic.com\/de\/#\/schema\/logo\/image\/\",\"url\":\"https:\/\/candelaorganic.com\/de\/wp-content\/uploads\/sites\/14\/2024\/04\/Logotype.webp\",\"contentUrl\":\"https:\/\/candelaorganic.com\/de\/wp-content\/uploads\/sites\/14\/2024\/04\/Logotype.webp\",\"width\":256,\"height\":52,\"caption\":\"Candela Organic\"},\"image\":{\"@id\":\"https:\/\/candelaorganic.com\/de\/#\/schema\/logo\/image\/\"}}]}<\/script>\n<!-- \/ Yoast SEO plugin. -->","yoast_head_json":{"title":"Bio-Bitterschokolade Coffee Bar 70% Kakao - Candela Organic","description":"Ger\u00f6stete Kaffeebohnen, die in Schokolade getaucht sind, werden haupts\u00e4chlich wegen ihres Geschmacks gesch\u00e4tzt.","robots":{"index":"index","follow":"follow","max-snippet":"max-snippet:-1","max-image-preview":"max-image-preview:large","max-video-preview":"max-video-preview:-1"},"canonical":"https:\/\/candelaorganic.com\/de\/producto\/bio-bitterschokolade-coffee-bar-70-kakao\/","og_locale":"de_DE","og_type":"article","og_title":"Bio-Bitterschokolade Coffee Bar 70% Kakao - Candela Organic","og_description":"Ger\u00f6stete Kaffeebohnen, die in Schokolade getaucht sind, werden haupts\u00e4chlich wegen ihres Geschmacks gesch\u00e4tzt.","og_url":"https:\/\/candelaorganic.com\/de\/producto\/bio-bitterschokolade-coffee-bar-70-kakao\/","og_site_name":"Candela Organic","article_modified_time":"2024-07-16T22:46:59+00:00","og_image":[{"width":609,"height":599,"url":"https:\/\/candelaorganic.com\/de\/wp-content\/uploads\/sites\/14\/2024\/04\/Secondary-product-image-144.webp","type":"image\/webp"}],"twitter_card":"summary_large_image","twitter_misc":{"Gesch\u00e4tzte Lesezeit":"2\u00a0Minuten"},"schema":{"@context":"https:\/\/schema.org","@graph":[{"@type":"WebPage","@id":"https:\/\/candelaorganic.com\/de\/producto\/bio-bitterschokolade-coffee-bar-70-kakao\/","url":"https:\/\/candelaorganic.com\/de\/producto\/bio-bitterschokolade-coffee-bar-70-kakao\/","name":"Bio-Bitterschokolade Coffee Bar 70% Kakao - Candela Organic","isPartOf":{"@id":"https:\/\/candelaorganic.com\/de\/#website"},"primaryImageOfPage":{"@id":"https:\/\/candelaorganic.com\/de\/producto\/bio-bitterschokolade-coffee-bar-70-kakao\/#primaryimage"},"image":{"@id":"https:\/\/candelaorganic.com\/de\/producto\/bio-bitterschokolade-coffee-bar-70-kakao\/#primaryimage"},"thumbnailUrl":"https:\/\/candelaorganic.com\/de\/wp-content\/uploads\/sites\/14\/2024\/04\/Secondary-product-image-144.webp","datePublished":"2024-04-04T22:13:21+00:00","dateModified":"2024-07-16T22:46:59+00:00","description":"Ger\u00f6stete Kaffeebohnen, die in Schokolade getaucht sind, werden haupts\u00e4chlich wegen ihres Geschmacks gesch\u00e4tzt.","breadcrumb":{"@id":"https:\/\/candelaorganic.com\/de\/producto\/bio-bitterschokolade-coffee-bar-70-kakao\/#breadcrumb"},"inLanguage":"de","potentialAction":[{"@type":"ReadAction","target":["https:\/\/candelaorganic.com\/de\/producto\/bio-bitterschokolade-coffee-bar-70-kakao\/"]}]},{"@type":"ImageObject","inLanguage":"de","@id":"https:\/\/candelaorganic.com\/de\/producto\/bio-bitterschokolade-coffee-bar-70-kakao\/#primaryimage","url":"https:\/\/candelaorganic.com\/de\/wp-content\/uploads\/sites\/14\/2024\/04\/Secondary-product-image-144.webp","contentUrl":"https:\/\/candelaorganic.com\/de\/wp-content\/uploads\/sites\/14\/2024\/04\/Secondary-product-image-144.webp","width":609,"height":599},{"@type":"BreadcrumbList","@id":"https:\/\/candelaorganic.com\/de\/producto\/bio-bitterschokolade-coffee-bar-70-kakao\/#breadcrumb","itemListElement":[{"@type":"ListItem","position":1,"name":"Produkte","item":"https:\/\/candelaorganic.com\/de\/produkte\/"},{"@type":"ListItem","position":2,"name":"Lebensmitteleinzelhandel","item":"https:\/\/candelaorganic.com\/de\/tienda\/lebensmittel-einzelhandel\/"},{"@type":"ListItem","position":3,"name":"Snacks","item":"https:\/\/candelaorganic.com\/de\/tienda\/lebensmittel-einzelhandel\/snacks-einzelhandel\/"},{"@type":"ListItem","position":4,"name":"70 % Kakao","item":"https:\/\/candelaorganic.com\/de\/tienda\/lebensmittel-einzelhandel\/snacks-einzelhandel\/snacks-70-kakao\/"},{"@type":"ListItem","position":5,"name":"Bio-Bitterschokolade Coffee Bar 70% Kakao"}]},{"@type":"WebSite","@id":"https:\/\/candelaorganic.com\/de\/#website","url":"https:\/\/candelaorganic.com\/de\/","name":"Candela Organic","description":"Wir erh\u00f6hen die Lebensmittelstandards","publisher":{"@id":"https:\/\/candelaorganic.com\/de\/#organization"},"potentialAction":[{"@type":"SearchAction","target":{"@type":"EntryPoint","urlTemplate":"https:\/\/candelaorganic.com\/de\/?s={search_term_string}"},"query-input":{"@type":"PropertyValueSpecification","valueRequired":true,"valueName":"search_term_string"}}],"inLanguage":"de"},{"@type":"Organization","@id":"https:\/\/candelaorganic.com\/de\/#organization","name":"Candela Organic","url":"https:\/\/candelaorganic.com\/de\/","logo":{"@type":"ImageObject","inLanguage":"de","@id":"https:\/\/candelaorganic.com\/de\/#\/schema\/logo\/image\/","url":"https:\/\/candelaorganic.com\/de\/wp-content\/uploads\/sites\/14\/2024\/04\/Logotype.webp","contentUrl":"https:\/\/candelaorganic.com\/de\/wp-content\/uploads\/sites\/14\/2024\/04\/Logotype.webp","width":256,"height":52,"caption":"Candela Organic"},"image":{"@id":"https:\/\/candelaorganic.com\/de\/#\/schema\/logo\/image\/"}}]}},"_links":{"self":[{"href":"https:\/\/candelaorganic.com\/de\/wp-json\/wp\/v2\/product\/14703"}],"collection":[{"href":"https:\/\/candelaorganic.com\/de\/wp-json\/wp\/v2\/product"}],"about":[{"href":"https:\/\/candelaorganic.com\/de\/wp-json\/wp\/v2\/types\/product"}],"replies":[{"embeddable":true,"href":"https:\/\/candelaorganic.com\/de\/wp-json\/wp\/v2\/comments?post=14703"}],"wp:featuredmedia":[{"embeddable":true,"href":"https:\/\/candelaorganic.com\/de\/wp-json\/wp\/v2\/media\/13089"}],"wp:attachment":[{"href":"https:\/\/candelaorganic.com\/de\/wp-json\/wp\/v2\/media?parent=14703"}],"wp:term":[{"taxonomy":"product_cat","embeddable":true,"href":"https:\/\/candelaorganic.com\/de\/wp-json\/wp\/v2\/product_cat?post=14703"},{"taxonomy":"product_tag","embeddable":true,"href":"https:\/\/candelaorganic.com\/de\/wp-json\/wp\/v2\/product_tag?post=14703"}],"curies":[{"name":"wp","href":"https:\/\/api.w.org\/{rel}","templated":true}]}}