{"id":14691,"date":"2024-04-05T00:09:09","date_gmt":"2024-04-04T22:09:09","guid":{"rendered":"https:\/\/candelaorganic.com\/de\/?post_type=product&#038;p=14691"},"modified":"2025-05-14T16:30:33","modified_gmt":"2025-05-14T14:30:33","slug":"lebensmitteleinzelhandel-snacks-70-kakao","status":"publish","type":"product","link":"https:\/\/candelaorganic.com\/de\/producto\/lebensmitteleinzelhandel-snacks-70-kakao\/","title":{"rendered":"Lebensmitteleinzelhandel snacks 70% kakao"},"content":{"rendered":"<p>Die amazonische Paranuss w\u00e4chst nur auf B\u00e4umen in Madre de Dios und anderen umliegenden Regionen Brasiliens und Boliviens. In der Zeit von Dezember bis M\u00e4rz gehen die Paranussbauern, die in verschiedenen Paranusskonzessionen im gesamten Departement zusammengeschlossen sind, tief in den Dschungel, um die heruntergefallenen Paranusskokosn\u00fcsse zu sammeln. Die Paranuss wird vom Boden aufgelesen, da der Paranussbaum etwa 60 Meter hoch ist. Die Paranuss ist eine der N\u00fcsse mit dem h\u00f6chsten Selengehalt, was ein starkes Immunsystem f\u00f6rdert, und ist au\u00dferdem reich an Fetts\u00e4uren und Omega-6-Fetts\u00e4uren, die das Herz-Kreislauf-System st\u00e4rken.<\/p>\n<p>&nbsp;<\/p>\n<div class=\"text-wrap\" style=\"color: #f1b434;\">\n<p><strong><span class=\"subtitle\">FEATURES &amp; BENEFITS<\/span><\/strong><\/p>\n<\/div>\n<ul>\n<li aria-level=\"1\">Genie\u00dfen Sie die exquisite Harmonie unserer schokoladenumh\u00fcllten Paran\u00fcsse mit 70% Kakaoanteil \u2013 eine Symphonie aus Aromen, Texturen und essentiellen N\u00e4hrstoffen, die bewusstes und bereicherndes Naschen verk\u00f6rpert.<\/li>\n<li aria-level=\"1\">Begeben Sie sich auf eine fesselnde Geschmacksreise mit unserem Bio-Quinoa-Riegel mit Bitterschokolade, einer erhabenen Kreation mit einer \u00fcppigen 70%igen Kakaomischung. Dieser sorgf\u00e4ltig hergestellte Leckerbissen verbindet harmonisch die robuste Essenz von Quinoa mit der samtigen Anziehungskraft von Bio-Schokolade. Das Ergebnis ist eine Sinfonie des Geschmacks, die ethische Beschaffung und Nachhaltigkeit zelebriert.<\/li>\n<li aria-level=\"1\">Beleben Sie Ihre Sinne: Erleben Sie achtsame Zufriedenheit, w\u00e4hrend Sie jeden Bissen unserer schokoladenumh\u00fcllten Kaffeebohnen genie\u00dfen. Der angenehme Kaloriengehalt pro Portion gibt Ihnen einen angenehmen Energieschub f\u00fcr Ihre t\u00e4glichen Unternehmungen.<\/li>\n<li aria-level=\"1\">Ausgewogene N\u00e4hrstoffe: Mit einem sorgf\u00e4ltig ausgewogenen N\u00e4hrstoffprofil, einschlie\u00dflich Kohlenhydraten, sorgt dieser Genuss f\u00fcr eine harmonische Verschmelzung wesentlicher Elemente, die eine dauerhafte Vitalit\u00e4t und ein allgemeines Wohlbefinden f\u00f6rdern.<\/li>\n<li aria-level=\"1\">Reich an Ballaststoffen: Tauchen Sie ein in die Vorteile von Ballaststoffen, die das Wohlbefinden der Verdauung f\u00f6rdern und zu einem Gef\u00fchl von S\u00e4ttigung und Zufriedenheit beitragen.<\/li>\n<li aria-level=\"1\">Starker Proteinschub: Erh\u00f6hen Sie Ihr Snacking-Erlebnis mit einer Infusion von Proteinen pro Portion, die die Gesundheit der Muskeln, die Verj\u00fcngung des Gewebes und die allgemeine k\u00f6rperliche Widerstandsf\u00e4higkeit unterst\u00fctzen.<\/li>\n<li aria-level=\"1\">Vitaler Mineralienaufguss: Nutzen Sie die Vorteile von essentiellen Mineralien wie Kalzium, Eisen und Kalium, die eine stabile Knochenstruktur, einen effizienten Sauerstofftransport und eine verbesserte Herzgesundheit f\u00f6rdern.<\/li>\n<li aria-level=\"1\">Zutaten: Paran\u00fcsse, Kakao-Lik\u00f6r, Bio-Zucker, Kakaobutter, Kakao-Nibs.<\/li>\n<\/ul>\n<div class=\"text-wrap\"><\/div>\n","protected":false},"excerpt":{"rendered":"<div class=\"title\"><strong><span class=\"name\" style=\"color: #f1b434;\">\u00a0\/ THEOBROMA CACAO &amp; BERTHOLLETIA EXCELSA \/<\/span><\/strong><\/div>\n<p>Begeben Sie sich auf ein k\u00f6stliches Abenteuer mit unserer aus ethischen Quellen stammenden Paranuss, umh\u00fcllt von den weichen Schichten samtiger 70%iger Bio-Schokolade. Sorgf\u00e4ltig f\u00fcr Ihren Genuss hergestellt, bietet jeder Bissen eine perfekte Harmonie aus nussigem Reichtum und nachhaltiger Herkunft. G\u00f6nnen Sie sich einen schuldfreien Genuss, der Ihre Geschmacksknospen verw\u00f6hnt und gleichzeitig mit Ihren Werten f\u00fcr ein verantwortungsvolles Naschvergn\u00fcgen in Einklang steht.<\/p>\n","protected":false},"featured_media":13104,"comment_status":"open","ping_status":"closed","template":"","meta":{"editor_notices":[]},"product_cat":[119],"product_tag":[],"yoast_head":"<!-- This site is optimized with the Yoast SEO plugin v23.5 - https:\/\/yoast.com\/wordpress\/plugins\/seo\/ -->\n<title>Lebensmitteleinzelhandel snacks 70% kakao - Candela Organic<\/title>\n<meta name=\"description\" content=\"Genie\u00dfen Sie die exquisite Harmonie unserer mit 70% Kakao-Schokolade \u00fcberzogenen Paran\u00fcsse.\" \/>\n<meta name=\"robots\" content=\"index, follow, max-snippet:-1, max-image-preview:large, max-video-preview:-1\" \/>\n<link rel=\"canonical\" href=\"https:\/\/candelaorganic.com\/de\/producto\/lebensmitteleinzelhandel-snacks-70-kakao\/\" \/>\n<meta property=\"og:locale\" content=\"de_DE\" \/>\n<meta property=\"og:type\" content=\"article\" \/>\n<meta property=\"og:title\" content=\"Lebensmitteleinzelhandel snacks 70% kakao - Candela Organic\" \/>\n<meta property=\"og:description\" content=\"Genie\u00dfen Sie die exquisite Harmonie unserer mit 70% Kakao-Schokolade \u00fcberzogenen Paran\u00fcsse.\" \/>\n<meta property=\"og:url\" content=\"https:\/\/candelaorganic.com\/de\/producto\/lebensmitteleinzelhandel-snacks-70-kakao\/\" \/>\n<meta property=\"og:site_name\" content=\"Candela Organic\" \/>\n<meta property=\"article:modified_time\" content=\"2025-05-14T14:30:33+00:00\" \/>\n<meta property=\"og:image\" content=\"https:\/\/candelaorganic.com\/de\/wp-content\/uploads\/sites\/14\/2024\/04\/Secondary-product-image-145.webp\" \/>\n\t<meta property=\"og:image:width\" content=\"609\" \/>\n\t<meta property=\"og:image:height\" content=\"599\" \/>\n\t<meta property=\"og:image:type\" content=\"image\/webp\" \/>\n<meta name=\"twitter:card\" content=\"summary_large_image\" \/>\n<meta name=\"twitter:label1\" content=\"Gesch\u00e4tzte Lesezeit\" \/>\n\t<meta name=\"twitter:data1\" content=\"2\u00a0Minuten\" \/>\n<script type=\"application\/ld+json\" class=\"yoast-schema-graph\">{\"@context\":\"https:\/\/schema.org\",\"@graph\":[{\"@type\":\"WebPage\",\"@id\":\"https:\/\/candelaorganic.com\/de\/producto\/lebensmitteleinzelhandel-snacks-70-kakao\/\",\"url\":\"https:\/\/candelaorganic.com\/de\/producto\/lebensmitteleinzelhandel-snacks-70-kakao\/\",\"name\":\"Lebensmitteleinzelhandel snacks 70% kakao - Candela Organic\",\"isPartOf\":{\"@id\":\"https:\/\/candelaorganic.com\/de\/#website\"},\"primaryImageOfPage\":{\"@id\":\"https:\/\/candelaorganic.com\/de\/producto\/lebensmitteleinzelhandel-snacks-70-kakao\/#primaryimage\"},\"image\":{\"@id\":\"https:\/\/candelaorganic.com\/de\/producto\/lebensmitteleinzelhandel-snacks-70-kakao\/#primaryimage\"},\"thumbnailUrl\":\"https:\/\/candelaorganic.com\/de\/wp-content\/uploads\/sites\/14\/2024\/04\/Secondary-product-image-145.webp\",\"datePublished\":\"2024-04-04T22:09:09+00:00\",\"dateModified\":\"2025-05-14T14:30:33+00:00\",\"description\":\"Genie\u00dfen Sie die exquisite Harmonie unserer mit 70% Kakao-Schokolade \u00fcberzogenen Paran\u00fcsse.\",\"breadcrumb\":{\"@id\":\"https:\/\/candelaorganic.com\/de\/producto\/lebensmitteleinzelhandel-snacks-70-kakao\/#breadcrumb\"},\"inLanguage\":\"de\",\"potentialAction\":[{\"@type\":\"ReadAction\",\"target\":[\"https:\/\/candelaorganic.com\/de\/producto\/lebensmitteleinzelhandel-snacks-70-kakao\/\"]}]},{\"@type\":\"ImageObject\",\"inLanguage\":\"de\",\"@id\":\"https:\/\/candelaorganic.com\/de\/producto\/lebensmitteleinzelhandel-snacks-70-kakao\/#primaryimage\",\"url\":\"https:\/\/candelaorganic.com\/de\/wp-content\/uploads\/sites\/14\/2024\/04\/Secondary-product-image-145.webp\",\"contentUrl\":\"https:\/\/candelaorganic.com\/de\/wp-content\/uploads\/sites\/14\/2024\/04\/Secondary-product-image-145.webp\",\"width\":609,\"height\":599},{\"@type\":\"BreadcrumbList\",\"@id\":\"https:\/\/candelaorganic.com\/de\/producto\/lebensmitteleinzelhandel-snacks-70-kakao\/#breadcrumb\",\"itemListElement\":[{\"@type\":\"ListItem\",\"position\":1,\"name\":\"Produkte\",\"item\":\"https:\/\/candelaorganic.com\/de\/produkte\/\"},{\"@type\":\"ListItem\",\"position\":2,\"name\":\"Lebensmitteleinzelhandel\",\"item\":\"https:\/\/candelaorganic.com\/de\/tienda\/lebensmittel-einzelhandel\/\"},{\"@type\":\"ListItem\",\"position\":3,\"name\":\"Snacks\",\"item\":\"https:\/\/candelaorganic.com\/de\/tienda\/lebensmittel-einzelhandel\/snacks-einzelhandel\/\"},{\"@type\":\"ListItem\",\"position\":4,\"name\":\"70 % Kakao\",\"item\":\"https:\/\/candelaorganic.com\/de\/tienda\/lebensmittel-einzelhandel\/snacks-einzelhandel\/snacks-70-kakao\/\"},{\"@type\":\"ListItem\",\"position\":5,\"name\":\"Lebensmitteleinzelhandel snacks 70% kakao\"}]},{\"@type\":\"WebSite\",\"@id\":\"https:\/\/candelaorganic.com\/de\/#website\",\"url\":\"https:\/\/candelaorganic.com\/de\/\",\"name\":\"Candela Organic\",\"description\":\"Wir erh\u00f6hen die Lebensmittelstandards\",\"publisher\":{\"@id\":\"https:\/\/candelaorganic.com\/de\/#organization\"},\"potentialAction\":[{\"@type\":\"SearchAction\",\"target\":{\"@type\":\"EntryPoint\",\"urlTemplate\":\"https:\/\/candelaorganic.com\/de\/?s={search_term_string}\"},\"query-input\":{\"@type\":\"PropertyValueSpecification\",\"valueRequired\":true,\"valueName\":\"search_term_string\"}}],\"inLanguage\":\"de\"},{\"@type\":\"Organization\",\"@id\":\"https:\/\/candelaorganic.com\/de\/#organization\",\"name\":\"Candela Organic\",\"url\":\"https:\/\/candelaorganic.com\/de\/\",\"logo\":{\"@type\":\"ImageObject\",\"inLanguage\":\"de\",\"@id\":\"https:\/\/candelaorganic.com\/de\/#\/schema\/logo\/image\/\",\"url\":\"https:\/\/candelaorganic.com\/de\/wp-content\/uploads\/sites\/14\/2024\/04\/Logotype.webp\",\"contentUrl\":\"https:\/\/candelaorganic.com\/de\/wp-content\/uploads\/sites\/14\/2024\/04\/Logotype.webp\",\"width\":256,\"height\":52,\"caption\":\"Candela Organic\"},\"image\":{\"@id\":\"https:\/\/candelaorganic.com\/de\/#\/schema\/logo\/image\/\"}}]}<\/script>\n<!-- \/ Yoast SEO plugin. -->","yoast_head_json":{"title":"Lebensmitteleinzelhandel snacks 70% kakao - Candela Organic","description":"Genie\u00dfen Sie die exquisite Harmonie unserer mit 70% Kakao-Schokolade \u00fcberzogenen Paran\u00fcsse.","robots":{"index":"index","follow":"follow","max-snippet":"max-snippet:-1","max-image-preview":"max-image-preview:large","max-video-preview":"max-video-preview:-1"},"canonical":"https:\/\/candelaorganic.com\/de\/producto\/lebensmitteleinzelhandel-snacks-70-kakao\/","og_locale":"de_DE","og_type":"article","og_title":"Lebensmitteleinzelhandel snacks 70% kakao - Candela Organic","og_description":"Genie\u00dfen Sie die exquisite Harmonie unserer mit 70% Kakao-Schokolade \u00fcberzogenen Paran\u00fcsse.","og_url":"https:\/\/candelaorganic.com\/de\/producto\/lebensmitteleinzelhandel-snacks-70-kakao\/","og_site_name":"Candela Organic","article_modified_time":"2025-05-14T14:30:33+00:00","og_image":[{"width":609,"height":599,"url":"https:\/\/candelaorganic.com\/de\/wp-content\/uploads\/sites\/14\/2024\/04\/Secondary-product-image-145.webp","type":"image\/webp"}],"twitter_card":"summary_large_image","twitter_misc":{"Gesch\u00e4tzte Lesezeit":"2\u00a0Minuten"},"schema":{"@context":"https:\/\/schema.org","@graph":[{"@type":"WebPage","@id":"https:\/\/candelaorganic.com\/de\/producto\/lebensmitteleinzelhandel-snacks-70-kakao\/","url":"https:\/\/candelaorganic.com\/de\/producto\/lebensmitteleinzelhandel-snacks-70-kakao\/","name":"Lebensmitteleinzelhandel snacks 70% kakao - Candela Organic","isPartOf":{"@id":"https:\/\/candelaorganic.com\/de\/#website"},"primaryImageOfPage":{"@id":"https:\/\/candelaorganic.com\/de\/producto\/lebensmitteleinzelhandel-snacks-70-kakao\/#primaryimage"},"image":{"@id":"https:\/\/candelaorganic.com\/de\/producto\/lebensmitteleinzelhandel-snacks-70-kakao\/#primaryimage"},"thumbnailUrl":"https:\/\/candelaorganic.com\/de\/wp-content\/uploads\/sites\/14\/2024\/04\/Secondary-product-image-145.webp","datePublished":"2024-04-04T22:09:09+00:00","dateModified":"2025-05-14T14:30:33+00:00","description":"Genie\u00dfen Sie die exquisite Harmonie unserer mit 70% Kakao-Schokolade \u00fcberzogenen Paran\u00fcsse.","breadcrumb":{"@id":"https:\/\/candelaorganic.com\/de\/producto\/lebensmitteleinzelhandel-snacks-70-kakao\/#breadcrumb"},"inLanguage":"de","potentialAction":[{"@type":"ReadAction","target":["https:\/\/candelaorganic.com\/de\/producto\/lebensmitteleinzelhandel-snacks-70-kakao\/"]}]},{"@type":"ImageObject","inLanguage":"de","@id":"https:\/\/candelaorganic.com\/de\/producto\/lebensmitteleinzelhandel-snacks-70-kakao\/#primaryimage","url":"https:\/\/candelaorganic.com\/de\/wp-content\/uploads\/sites\/14\/2024\/04\/Secondary-product-image-145.webp","contentUrl":"https:\/\/candelaorganic.com\/de\/wp-content\/uploads\/sites\/14\/2024\/04\/Secondary-product-image-145.webp","width":609,"height":599},{"@type":"BreadcrumbList","@id":"https:\/\/candelaorganic.com\/de\/producto\/lebensmitteleinzelhandel-snacks-70-kakao\/#breadcrumb","itemListElement":[{"@type":"ListItem","position":1,"name":"Produkte","item":"https:\/\/candelaorganic.com\/de\/produkte\/"},{"@type":"ListItem","position":2,"name":"Lebensmitteleinzelhandel","item":"https:\/\/candelaorganic.com\/de\/tienda\/lebensmittel-einzelhandel\/"},{"@type":"ListItem","position":3,"name":"Snacks","item":"https:\/\/candelaorganic.com\/de\/tienda\/lebensmittel-einzelhandel\/snacks-einzelhandel\/"},{"@type":"ListItem","position":4,"name":"70 % Kakao","item":"https:\/\/candelaorganic.com\/de\/tienda\/lebensmittel-einzelhandel\/snacks-einzelhandel\/snacks-70-kakao\/"},{"@type":"ListItem","position":5,"name":"Lebensmitteleinzelhandel snacks 70% kakao"}]},{"@type":"WebSite","@id":"https:\/\/candelaorganic.com\/de\/#website","url":"https:\/\/candelaorganic.com\/de\/","name":"Candela Organic","description":"Wir erh\u00f6hen die Lebensmittelstandards","publisher":{"@id":"https:\/\/candelaorganic.com\/de\/#organization"},"potentialAction":[{"@type":"SearchAction","target":{"@type":"EntryPoint","urlTemplate":"https:\/\/candelaorganic.com\/de\/?s={search_term_string}"},"query-input":{"@type":"PropertyValueSpecification","valueRequired":true,"valueName":"search_term_string"}}],"inLanguage":"de"},{"@type":"Organization","@id":"https:\/\/candelaorganic.com\/de\/#organization","name":"Candela Organic","url":"https:\/\/candelaorganic.com\/de\/","logo":{"@type":"ImageObject","inLanguage":"de","@id":"https:\/\/candelaorganic.com\/de\/#\/schema\/logo\/image\/","url":"https:\/\/candelaorganic.com\/de\/wp-content\/uploads\/sites\/14\/2024\/04\/Logotype.webp","contentUrl":"https:\/\/candelaorganic.com\/de\/wp-content\/uploads\/sites\/14\/2024\/04\/Logotype.webp","width":256,"height":52,"caption":"Candela Organic"},"image":{"@id":"https:\/\/candelaorganic.com\/de\/#\/schema\/logo\/image\/"}}]}},"_links":{"self":[{"href":"https:\/\/candelaorganic.com\/de\/wp-json\/wp\/v2\/product\/14691"}],"collection":[{"href":"https:\/\/candelaorganic.com\/de\/wp-json\/wp\/v2\/product"}],"about":[{"href":"https:\/\/candelaorganic.com\/de\/wp-json\/wp\/v2\/types\/product"}],"replies":[{"embeddable":true,"href":"https:\/\/candelaorganic.com\/de\/wp-json\/wp\/v2\/comments?post=14691"}],"wp:featuredmedia":[{"embeddable":true,"href":"https:\/\/candelaorganic.com\/de\/wp-json\/wp\/v2\/media\/13104"}],"wp:attachment":[{"href":"https:\/\/candelaorganic.com\/de\/wp-json\/wp\/v2\/media?parent=14691"}],"wp:term":[{"taxonomy":"product_cat","embeddable":true,"href":"https:\/\/candelaorganic.com\/de\/wp-json\/wp\/v2\/product_cat?post=14691"},{"taxonomy":"product_tag","embeddable":true,"href":"https:\/\/candelaorganic.com\/de\/wp-json\/wp\/v2\/product_tag?post=14691"}],"curies":[{"name":"wp","href":"https:\/\/api.w.org\/{rel}","templated":true}]}}