{"id":14637,"date":"2024-04-04T23:47:29","date_gmt":"2024-04-04T21:47:29","guid":{"rendered":"https:\/\/candelaorganic.com\/de\/?post_type=product&#038;p=14637"},"modified":"2024-07-17T22:24:10","modified_gmt":"2024-07-17T20:24:10","slug":"kokos-umhuellt-mit-bio-schokolade-55","status":"publish","type":"product","link":"https:\/\/candelaorganic.com\/de\/producto\/kokos-umhuellt-mit-bio-schokolade-55\/","title":{"rendered":"Kokos umh\u00fcllt mit Bio-Schokolade 55 %"},"content":{"rendered":"<p>Getrocknete Kokosnuss ist ein k\u00f6stliches und vielseitiges Lebensmittel, das mehrere gesundheitliche Vorteile bietet. Erstens ist sie eine ausgezeichnete Quelle f\u00fcr Ballaststoffe, die eine gesunde Verdauung f\u00f6rdern und zu einem stabilen Blutzuckerspiegel beitragen k\u00f6nnen. Au\u00dferdem ist die getrocknete Kokosnuss reich an gesunden Fetten, insbesondere an mittelkettigen Fetts\u00e4uren (MCFAs), die leicht verdaulich sind und eine schnelle Energiequelle darstellen k\u00f6nnen. Diese MCFA k\u00f6nnen auch die Fettverbrennung unterst\u00fctzen und den Appetit z\u00fcgeln.<\/p>\n<p>Getrocknete Kokosnuss ist eine gute Quelle f\u00fcr Antioxidantien wie Mangan, das zur Bek\u00e4mpfung von Sch\u00e4den durch freie Radikale und zur Erhaltung einer gesunden Haut beitr\u00e4gt. Au\u00dferdem enth\u00e4lt sie Eisen und Zink, die f\u00fcr die Bildung roter Blutk\u00f6rperchen und die Immunfunktion wichtig sind. Trotz ihres s\u00fc\u00dfen, tropischen Geschmacks enthalten getrocknete Kokosn\u00fcsse von Natur aus wenig Zucker und k\u00f6nnen eine ges\u00fcndere Alternative sein, um den Hei\u00dfhunger auf S\u00fc\u00dfes zu stillen. Aufgrund seiner Kaloriendichte sollte es jedoch in Ma\u00dfen als Teil einer ausgewogenen Ern\u00e4hrung verzehrt werden.<\/p>\n<div class=\"text-wrap\">\n<p><strong><span class=\"subtitle\" style=\"color: #f1b434;\">MERKMALE UND VORTEILE<\/span><\/strong><\/p>\n<ul>\n<li>Unsere mit 55% Bio-Schokolade \u00fcberzogene getrocknete Kokosnuss bietet eine harmonische Mischung aus Aromen, Texturen und essentiellen N\u00e4hrstoffen, die eine bewusste und bereichernde Snack-Erfahrung bietet, die mit ethischer Beschaffung und nachhaltigen Praktiken in Einklang steht.<\/li>\n<li>Energisierender tropischer Genuss: G\u00f6nnen Sie sich ein k\u00f6stliches Erlebnis mit unserer schokoladen\u00fcberzogenen dehydrierten Kokosnuss, die pro Portion eine gute Menge an Kalorien bietet und f\u00fcr einen deutlichen Energieschub sorgt.<\/li>\n<li>Ausgewogenes N\u00e4hrwertprofil: Mit seinen Kohlenhydraten liefert diese Leckerei eine ausgewogene N\u00e4hrstoffzusammensetzung f\u00fcr anhaltende Vitalit\u00e4t.<\/li>\n<li>Ballaststoffquelle: Genie\u00dfen Sie die Vorteile von Ballaststoffen, die eine gesunde Verdauung f\u00f6rdern und zu einem guten S\u00e4ttigungsgef\u00fchl beitragen.<\/li>\n<li>Proteinreiche Befriedigung: Das Eiwei\u00df pro Portion unterst\u00fctzt die Muskelgesundheit, die Gewebereparatur und das allgemeine Wohlbefinden.<\/li>\n<li>Essentielle Mineralien f\u00fcr das Wohlbefinden: Entdecken Sie die Vorteile von Kalzium, Eisen und Kalium, die zur Knochenst\u00e4rke, zum Sauerstofftransport und zur Herzgesundheit beitragen.<\/li>\n<li>Zutaten: Dehydrierte Kokosnuss, Bio-Zucker, Bio-Kakaolik\u00f6r, Bio-Kakaobutter, Gummiarabikum und Wasser.<\/li>\n<\/ul>\n<\/div>\n<div class=\"text-wrap\"><\/div>\n","protected":false},"excerpt":{"rendered":"<div class=\"title\" style=\"color: #f1b434;\"><strong><span class=\"name\">\/ THEOBROMA CACAO &amp; COCUS NUCIFERA \/<\/span><\/strong><\/div>\n<p>Begeben Sie sich auf eine Reise voller k\u00f6stlicher Aromen mit unserer nachhaltig angebauten Kokosnuss, umh\u00fcllt von Schichten samtiger Bio-Schokolade (55 %). Sorgf\u00e4ltig zubereitet bietet jeder Bissen eine harmonische Mischung aus tropischer K\u00f6stlichkeit und ethischer Herkunft und verwandelt das Naschen in ein Vergn\u00fcgen ohne Schuldgef\u00fchle, das sowohl Ihren Gaumen als auch Ihre Werte anspricht.<\/p>\n","protected":false},"featured_media":12976,"comment_status":"open","ping_status":"closed","template":"","meta":{"editor_notices":[]},"product_cat":[118],"product_tag":[],"yoast_head":"<!-- This site is optimized with the Yoast SEO plugin v23.5 - https:\/\/yoast.com\/wordpress\/plugins\/seo\/ -->\n<title>Kokos umh\u00fcllt mit Bio-Schokolade 55 % - Candela Organic<\/title>\n<meta name=\"description\" content=\"Getrocknete Kokosnuss ist von Natur aus arm an zugesetztem Zucker und kann eine ges\u00fcndere Option sein, um den S\u00fc\u00dfhunger zu stillen.\" \/>\n<meta name=\"robots\" content=\"index, follow, max-snippet:-1, max-image-preview:large, max-video-preview:-1\" \/>\n<link rel=\"canonical\" href=\"https:\/\/candelaorganic.com\/de\/producto\/kokos-umhuellt-mit-bio-schokolade-55\/\" \/>\n<meta property=\"og:locale\" content=\"de_DE\" \/>\n<meta property=\"og:type\" content=\"article\" \/>\n<meta property=\"og:title\" content=\"Kokos umh\u00fcllt mit Bio-Schokolade 55 % - Candela Organic\" \/>\n<meta property=\"og:description\" content=\"Getrocknete Kokosnuss ist von Natur aus arm an zugesetztem Zucker und kann eine ges\u00fcndere Option sein, um den S\u00fc\u00dfhunger zu stillen.\" \/>\n<meta property=\"og:url\" content=\"https:\/\/candelaorganic.com\/de\/producto\/kokos-umhuellt-mit-bio-schokolade-55\/\" \/>\n<meta property=\"og:site_name\" content=\"Candela Organic\" \/>\n<meta property=\"article:modified_time\" content=\"2024-07-17T20:24:10+00:00\" \/>\n<meta property=\"og:image\" content=\"https:\/\/candelaorganic.com\/de\/wp-content\/uploads\/sites\/14\/2024\/04\/Secondary-product-image-137.webp\" \/>\n\t<meta property=\"og:image:width\" content=\"609\" \/>\n\t<meta property=\"og:image:height\" content=\"599\" \/>\n\t<meta property=\"og:image:type\" content=\"image\/webp\" \/>\n<meta name=\"twitter:card\" content=\"summary_large_image\" \/>\n<meta name=\"twitter:label1\" content=\"Gesch\u00e4tzte Lesezeit\" \/>\n\t<meta name=\"twitter:data1\" content=\"2\u00a0Minuten\" \/>\n<script type=\"application\/ld+json\" class=\"yoast-schema-graph\">{\"@context\":\"https:\/\/schema.org\",\"@graph\":[{\"@type\":\"WebPage\",\"@id\":\"https:\/\/candelaorganic.com\/de\/producto\/kokos-umhuellt-mit-bio-schokolade-55\/\",\"url\":\"https:\/\/candelaorganic.com\/de\/producto\/kokos-umhuellt-mit-bio-schokolade-55\/\",\"name\":\"Kokos umh\u00fcllt mit Bio-Schokolade 55 % - Candela Organic\",\"isPartOf\":{\"@id\":\"https:\/\/candelaorganic.com\/de\/#website\"},\"primaryImageOfPage\":{\"@id\":\"https:\/\/candelaorganic.com\/de\/producto\/kokos-umhuellt-mit-bio-schokolade-55\/#primaryimage\"},\"image\":{\"@id\":\"https:\/\/candelaorganic.com\/de\/producto\/kokos-umhuellt-mit-bio-schokolade-55\/#primaryimage\"},\"thumbnailUrl\":\"https:\/\/candelaorganic.com\/de\/wp-content\/uploads\/sites\/14\/2024\/04\/Secondary-product-image-137.webp\",\"datePublished\":\"2024-04-04T21:47:29+00:00\",\"dateModified\":\"2024-07-17T20:24:10+00:00\",\"description\":\"Getrocknete Kokosnuss ist von Natur aus arm an zugesetztem Zucker und kann eine ges\u00fcndere Option sein, um den S\u00fc\u00dfhunger zu stillen.\",\"breadcrumb\":{\"@id\":\"https:\/\/candelaorganic.com\/de\/producto\/kokos-umhuellt-mit-bio-schokolade-55\/#breadcrumb\"},\"inLanguage\":\"de\",\"potentialAction\":[{\"@type\":\"ReadAction\",\"target\":[\"https:\/\/candelaorganic.com\/de\/producto\/kokos-umhuellt-mit-bio-schokolade-55\/\"]}]},{\"@type\":\"ImageObject\",\"inLanguage\":\"de\",\"@id\":\"https:\/\/candelaorganic.com\/de\/producto\/kokos-umhuellt-mit-bio-schokolade-55\/#primaryimage\",\"url\":\"https:\/\/candelaorganic.com\/de\/wp-content\/uploads\/sites\/14\/2024\/04\/Secondary-product-image-137.webp\",\"contentUrl\":\"https:\/\/candelaorganic.com\/de\/wp-content\/uploads\/sites\/14\/2024\/04\/Secondary-product-image-137.webp\",\"width\":609,\"height\":599},{\"@type\":\"BreadcrumbList\",\"@id\":\"https:\/\/candelaorganic.com\/de\/producto\/kokos-umhuellt-mit-bio-schokolade-55\/#breadcrumb\",\"itemListElement\":[{\"@type\":\"ListItem\",\"position\":1,\"name\":\"Produkte\",\"item\":\"https:\/\/candelaorganic.com\/de\/produkte\/\"},{\"@type\":\"ListItem\",\"position\":2,\"name\":\"Lebensmitteleinzelhandel\",\"item\":\"https:\/\/candelaorganic.com\/de\/tienda\/lebensmittel-einzelhandel\/\"},{\"@type\":\"ListItem\",\"position\":3,\"name\":\"Snacks\",\"item\":\"https:\/\/candelaorganic.com\/de\/tienda\/lebensmittel-einzelhandel\/snacks-einzelhandel\/\"},{\"@type\":\"ListItem\",\"position\":4,\"name\":\"55 % Kakao\",\"item\":\"https:\/\/candelaorganic.com\/de\/tienda\/lebensmittel-einzelhandel\/snacks-einzelhandel\/snacks-55-kakao\/\"},{\"@type\":\"ListItem\",\"position\":5,\"name\":\"Kokos umh\u00fcllt mit Bio-Schokolade 55 %\"}]},{\"@type\":\"WebSite\",\"@id\":\"https:\/\/candelaorganic.com\/de\/#website\",\"url\":\"https:\/\/candelaorganic.com\/de\/\",\"name\":\"Candela Organic\",\"description\":\"Wir erh\u00f6hen die Lebensmittelstandards\",\"publisher\":{\"@id\":\"https:\/\/candelaorganic.com\/de\/#organization\"},\"potentialAction\":[{\"@type\":\"SearchAction\",\"target\":{\"@type\":\"EntryPoint\",\"urlTemplate\":\"https:\/\/candelaorganic.com\/de\/?s={search_term_string}\"},\"query-input\":{\"@type\":\"PropertyValueSpecification\",\"valueRequired\":true,\"valueName\":\"search_term_string\"}}],\"inLanguage\":\"de\"},{\"@type\":\"Organization\",\"@id\":\"https:\/\/candelaorganic.com\/de\/#organization\",\"name\":\"Candela Organic\",\"url\":\"https:\/\/candelaorganic.com\/de\/\",\"logo\":{\"@type\":\"ImageObject\",\"inLanguage\":\"de\",\"@id\":\"https:\/\/candelaorganic.com\/de\/#\/schema\/logo\/image\/\",\"url\":\"https:\/\/candelaorganic.com\/de\/wp-content\/uploads\/sites\/14\/2024\/04\/Logotype.webp\",\"contentUrl\":\"https:\/\/candelaorganic.com\/de\/wp-content\/uploads\/sites\/14\/2024\/04\/Logotype.webp\",\"width\":256,\"height\":52,\"caption\":\"Candela Organic\"},\"image\":{\"@id\":\"https:\/\/candelaorganic.com\/de\/#\/schema\/logo\/image\/\"}}]}<\/script>\n<!-- \/ Yoast SEO plugin. -->","yoast_head_json":{"title":"Kokos umh\u00fcllt mit Bio-Schokolade 55 % - Candela Organic","description":"Getrocknete Kokosnuss ist von Natur aus arm an zugesetztem Zucker und kann eine ges\u00fcndere Option sein, um den S\u00fc\u00dfhunger zu stillen.","robots":{"index":"index","follow":"follow","max-snippet":"max-snippet:-1","max-image-preview":"max-image-preview:large","max-video-preview":"max-video-preview:-1"},"canonical":"https:\/\/candelaorganic.com\/de\/producto\/kokos-umhuellt-mit-bio-schokolade-55\/","og_locale":"de_DE","og_type":"article","og_title":"Kokos umh\u00fcllt mit Bio-Schokolade 55 % - Candela Organic","og_description":"Getrocknete Kokosnuss ist von Natur aus arm an zugesetztem Zucker und kann eine ges\u00fcndere Option sein, um den S\u00fc\u00dfhunger zu stillen.","og_url":"https:\/\/candelaorganic.com\/de\/producto\/kokos-umhuellt-mit-bio-schokolade-55\/","og_site_name":"Candela Organic","article_modified_time":"2024-07-17T20:24:10+00:00","og_image":[{"width":609,"height":599,"url":"https:\/\/candelaorganic.com\/de\/wp-content\/uploads\/sites\/14\/2024\/04\/Secondary-product-image-137.webp","type":"image\/webp"}],"twitter_card":"summary_large_image","twitter_misc":{"Gesch\u00e4tzte Lesezeit":"2\u00a0Minuten"},"schema":{"@context":"https:\/\/schema.org","@graph":[{"@type":"WebPage","@id":"https:\/\/candelaorganic.com\/de\/producto\/kokos-umhuellt-mit-bio-schokolade-55\/","url":"https:\/\/candelaorganic.com\/de\/producto\/kokos-umhuellt-mit-bio-schokolade-55\/","name":"Kokos umh\u00fcllt mit Bio-Schokolade 55 % - Candela Organic","isPartOf":{"@id":"https:\/\/candelaorganic.com\/de\/#website"},"primaryImageOfPage":{"@id":"https:\/\/candelaorganic.com\/de\/producto\/kokos-umhuellt-mit-bio-schokolade-55\/#primaryimage"},"image":{"@id":"https:\/\/candelaorganic.com\/de\/producto\/kokos-umhuellt-mit-bio-schokolade-55\/#primaryimage"},"thumbnailUrl":"https:\/\/candelaorganic.com\/de\/wp-content\/uploads\/sites\/14\/2024\/04\/Secondary-product-image-137.webp","datePublished":"2024-04-04T21:47:29+00:00","dateModified":"2024-07-17T20:24:10+00:00","description":"Getrocknete Kokosnuss ist von Natur aus arm an zugesetztem Zucker und kann eine ges\u00fcndere Option sein, um den S\u00fc\u00dfhunger zu stillen.","breadcrumb":{"@id":"https:\/\/candelaorganic.com\/de\/producto\/kokos-umhuellt-mit-bio-schokolade-55\/#breadcrumb"},"inLanguage":"de","potentialAction":[{"@type":"ReadAction","target":["https:\/\/candelaorganic.com\/de\/producto\/kokos-umhuellt-mit-bio-schokolade-55\/"]}]},{"@type":"ImageObject","inLanguage":"de","@id":"https:\/\/candelaorganic.com\/de\/producto\/kokos-umhuellt-mit-bio-schokolade-55\/#primaryimage","url":"https:\/\/candelaorganic.com\/de\/wp-content\/uploads\/sites\/14\/2024\/04\/Secondary-product-image-137.webp","contentUrl":"https:\/\/candelaorganic.com\/de\/wp-content\/uploads\/sites\/14\/2024\/04\/Secondary-product-image-137.webp","width":609,"height":599},{"@type":"BreadcrumbList","@id":"https:\/\/candelaorganic.com\/de\/producto\/kokos-umhuellt-mit-bio-schokolade-55\/#breadcrumb","itemListElement":[{"@type":"ListItem","position":1,"name":"Produkte","item":"https:\/\/candelaorganic.com\/de\/produkte\/"},{"@type":"ListItem","position":2,"name":"Lebensmitteleinzelhandel","item":"https:\/\/candelaorganic.com\/de\/tienda\/lebensmittel-einzelhandel\/"},{"@type":"ListItem","position":3,"name":"Snacks","item":"https:\/\/candelaorganic.com\/de\/tienda\/lebensmittel-einzelhandel\/snacks-einzelhandel\/"},{"@type":"ListItem","position":4,"name":"55 % Kakao","item":"https:\/\/candelaorganic.com\/de\/tienda\/lebensmittel-einzelhandel\/snacks-einzelhandel\/snacks-55-kakao\/"},{"@type":"ListItem","position":5,"name":"Kokos umh\u00fcllt mit Bio-Schokolade 55 %"}]},{"@type":"WebSite","@id":"https:\/\/candelaorganic.com\/de\/#website","url":"https:\/\/candelaorganic.com\/de\/","name":"Candela Organic","description":"Wir erh\u00f6hen die Lebensmittelstandards","publisher":{"@id":"https:\/\/candelaorganic.com\/de\/#organization"},"potentialAction":[{"@type":"SearchAction","target":{"@type":"EntryPoint","urlTemplate":"https:\/\/candelaorganic.com\/de\/?s={search_term_string}"},"query-input":{"@type":"PropertyValueSpecification","valueRequired":true,"valueName":"search_term_string"}}],"inLanguage":"de"},{"@type":"Organization","@id":"https:\/\/candelaorganic.com\/de\/#organization","name":"Candela Organic","url":"https:\/\/candelaorganic.com\/de\/","logo":{"@type":"ImageObject","inLanguage":"de","@id":"https:\/\/candelaorganic.com\/de\/#\/schema\/logo\/image\/","url":"https:\/\/candelaorganic.com\/de\/wp-content\/uploads\/sites\/14\/2024\/04\/Logotype.webp","contentUrl":"https:\/\/candelaorganic.com\/de\/wp-content\/uploads\/sites\/14\/2024\/04\/Logotype.webp","width":256,"height":52,"caption":"Candela Organic"},"image":{"@id":"https:\/\/candelaorganic.com\/de\/#\/schema\/logo\/image\/"}}]}},"_links":{"self":[{"href":"https:\/\/candelaorganic.com\/de\/wp-json\/wp\/v2\/product\/14637"}],"collection":[{"href":"https:\/\/candelaorganic.com\/de\/wp-json\/wp\/v2\/product"}],"about":[{"href":"https:\/\/candelaorganic.com\/de\/wp-json\/wp\/v2\/types\/product"}],"replies":[{"embeddable":true,"href":"https:\/\/candelaorganic.com\/de\/wp-json\/wp\/v2\/comments?post=14637"}],"wp:featuredmedia":[{"embeddable":true,"href":"https:\/\/candelaorganic.com\/de\/wp-json\/wp\/v2\/media\/12976"}],"wp:attachment":[{"href":"https:\/\/candelaorganic.com\/de\/wp-json\/wp\/v2\/media?parent=14637"}],"wp:term":[{"taxonomy":"product_cat","embeddable":true,"href":"https:\/\/candelaorganic.com\/de\/wp-json\/wp\/v2\/product_cat?post=14637"},{"taxonomy":"product_tag","embeddable":true,"href":"https:\/\/candelaorganic.com\/de\/wp-json\/wp\/v2\/product_tag?post=14637"}],"curies":[{"name":"wp","href":"https:\/\/api.w.org\/{rel}","templated":true}]}}