{"id":14594,"date":"2024-04-04T23:38:22","date_gmt":"2024-04-04T21:38:22","guid":{"rendered":"https:\/\/candelaorganic.com\/de\/?post_type=product&#038;p=14594"},"modified":"2024-07-17T22:31:29","modified_gmt":"2024-07-17T20:31:29","slug":"mandeln-umhuellt-von-bio-schokolade-55","status":"publish","type":"product","link":"https:\/\/candelaorganic.com\/de\/producto\/mandeln-umhuellt-von-bio-schokolade-55\/","title":{"rendered":"Mandeln umh\u00fcllt von Bio-Schokolade 55 %"},"content":{"rendered":"<p>Eine der herausragendsten Eigenschaften von Mandeln ist ihr gesunder Fettgehalt. Obwohl sie relativ viel Fett enthalten, sind die meisten dieser Fette einfach und mehrfach unges\u00e4ttigt, was sich bekannterma\u00dfen positiv auf die Gesundheit des Herz-Kreislauf-Systems auswirkt. Au\u00dferdem sind Mandeln eine hervorragende Quelle f\u00fcr Omega-3-Fetts\u00e4uren, die f\u00fcr die Gesundheit von Herz und Gehirn wichtig sind.<\/p>\n<p>Die in Mandeln enthaltenen Ballaststoffe wirken sich positiv auf die Verdauung aus und k\u00f6nnen dazu beitragen, den Blutzuckerspiegel stabil zu halten. Diese Eigenschaft macht sie zu einer gesunden Wahl f\u00fcr alle, die ihr Gewicht kontrollieren oder Diabetes behandeln wollen. Dar\u00fcber hinaus sind Mandeln reich an pflanzlichem Eiwei\u00df, was sie f\u00fcr Menschen, die sich vegetarisch oder vegan ern\u00e4hren, besonders wertvoll macht.<\/p>\n<p>Kurz gesagt, Mandeln sind eine vielseitige und sehr nahrhafte Nuss, die zahlreiche gesundheitliche Vorteile bietet, von der Unterst\u00fctzung der Herzgesundheit bis zur F\u00f6rderung einer strahlenden Haut. Aufgrund ihrer Kaloriendichte ist es jedoch wichtig, sie im Rahmen einer ausgewogenen Ern\u00e4hrung in Ma\u00dfen zu verzehren.<\/p>\n<p>&nbsp;<\/p>\n<div class=\"text-wrap\" style=\"color: #f1b434;\">\n<p><strong><span class=\"subtitle\">MERKMALE UND VORTEILE<\/span><\/strong><\/p>\n<\/div>\n<ul>\n<li aria-level=\"1\">Energetisierend und nahrhaft: Unsere mit Schokolade \u00fcberzogenen Mandeln liefern Kalorien und sorgen f\u00fcr einen erheblichen Energieschub, um Ihre t\u00e4glichen Aktivit\u00e4ten zu beleben.<\/li>\n<li aria-level=\"1\">Gesunde Fette und Kohlenhydrate: Die Kohlenhydrate machen diesen Leckerbissen zu einer ausgewogenen N\u00e4hrstoffkombination f\u00fcr anhaltende Vitalit\u00e4t.<\/li>\n<li aria-level=\"1\">Protein zur Muskelunterst\u00fctzung: Die 11,03 g Protein pro Portion unterst\u00fctzen die Muskelgesundheit, die Gewebereparatur und das allgemeine Wohlbefinden.<\/li>\n<li aria-level=\"1\">Beitrag zu essentiellen Mineralien: Entdecken Sie die Vorteile von 2,37 mg Eisen, das zum Sauerstofftransport und zur allgemeinen Vitalit\u00e4t beitr\u00e4gt.<\/li>\n<li aria-level=\"1\">Kaliumreiche Snacks: Mit 574,33 mg Kalium unterst\u00fctzen diese mit Schokolade \u00fcberzogenen Mandeln die Herzgesundheit, den Fl\u00fcssigkeitshaushalt und die richtige Muskelfunktion.<\/li>\n<li aria-level=\"1\">Zutaten: Mandeln, Bio-Zucker, Bio-Kakaolik\u00f6r, Bio-Kakaobutter, Gummiarabikum und Wasser.<\/li>\n<\/ul>\n<div class=\"text-wrap\"><\/div>\n","protected":false},"excerpt":{"rendered":"<div class=\"title\" style=\"color: #f1b434;\"><strong><span class=\"name\">\/ THEOBROMA CACAO &amp; PRUNUS DULCIS \/<\/span><\/strong><\/div>\n<p>Kommen Sie mit uns auf eine Reise erlesener Aromen mit unserer Mandel aus nachhaltigen Quellen, umh\u00fcllt von Schichten samtiger Bio-Schokolade (55 %). Sorgf\u00e4ltig zubereitet, bietet jeder Bissen eine harmonische Mischung aus nussiger K\u00f6stlichkeit und ethischer Herkunft und verwandelt das Naschen in ein Vergn\u00fcgen ohne Schuldgef\u00fchle, das sowohl Ihren Gaumen als auch Ihre Werte anspricht.<\/p>\n","protected":false},"featured_media":12887,"comment_status":"open","ping_status":"closed","template":"","meta":{"editor_notices":[]},"product_cat":[118],"product_tag":[],"yoast_head":"<!-- This site is optimized with the Yoast SEO plugin v23.5 - https:\/\/yoast.com\/wordpress\/plugins\/seo\/ -->\n<title>Mandeln umh\u00fcllt von Bio-Schokolade 55 % - Candela Organic<\/title>\n<meta name=\"description\" content=\"Mandeln sind eine ausgezeichnete Quelle f\u00fcr Omega-3-Fetts\u00e4uren, die f\u00fcr die Gesundheit von Herz und Gehirn wesentlich sind.\" \/>\n<meta name=\"robots\" content=\"index, follow, max-snippet:-1, max-image-preview:large, max-video-preview:-1\" \/>\n<link rel=\"canonical\" href=\"https:\/\/candelaorganic.com\/de\/producto\/mandeln-umhuellt-von-bio-schokolade-55\/\" \/>\n<meta property=\"og:locale\" content=\"de_DE\" \/>\n<meta property=\"og:type\" content=\"article\" \/>\n<meta property=\"og:title\" content=\"Mandeln umh\u00fcllt von Bio-Schokolade 55 % - Candela Organic\" \/>\n<meta property=\"og:description\" content=\"Mandeln sind eine ausgezeichnete Quelle f\u00fcr Omega-3-Fetts\u00e4uren, die f\u00fcr die Gesundheit von Herz und Gehirn wesentlich sind.\" \/>\n<meta property=\"og:url\" content=\"https:\/\/candelaorganic.com\/de\/producto\/mandeln-umhuellt-von-bio-schokolade-55\/\" \/>\n<meta property=\"og:site_name\" content=\"Candela Organic\" \/>\n<meta property=\"article:modified_time\" content=\"2024-07-17T20:31:29+00:00\" \/>\n<meta property=\"og:image\" content=\"https:\/\/candelaorganic.com\/de\/wp-content\/uploads\/sites\/14\/2024\/04\/Secondary-product-image-132.webp\" \/>\n\t<meta property=\"og:image:width\" content=\"609\" \/>\n\t<meta property=\"og:image:height\" content=\"599\" \/>\n\t<meta property=\"og:image:type\" content=\"image\/webp\" \/>\n<meta name=\"twitter:card\" content=\"summary_large_image\" \/>\n<meta name=\"twitter:label1\" content=\"Gesch\u00e4tzte Lesezeit\" \/>\n\t<meta name=\"twitter:data1\" content=\"2\u00a0Minuten\" \/>\n<script type=\"application\/ld+json\" class=\"yoast-schema-graph\">{\"@context\":\"https:\/\/schema.org\",\"@graph\":[{\"@type\":\"WebPage\",\"@id\":\"https:\/\/candelaorganic.com\/de\/producto\/mandeln-umhuellt-von-bio-schokolade-55\/\",\"url\":\"https:\/\/candelaorganic.com\/de\/producto\/mandeln-umhuellt-von-bio-schokolade-55\/\",\"name\":\"Mandeln umh\u00fcllt von Bio-Schokolade 55 % - Candela Organic\",\"isPartOf\":{\"@id\":\"https:\/\/candelaorganic.com\/de\/#website\"},\"primaryImageOfPage\":{\"@id\":\"https:\/\/candelaorganic.com\/de\/producto\/mandeln-umhuellt-von-bio-schokolade-55\/#primaryimage\"},\"image\":{\"@id\":\"https:\/\/candelaorganic.com\/de\/producto\/mandeln-umhuellt-von-bio-schokolade-55\/#primaryimage\"},\"thumbnailUrl\":\"https:\/\/candelaorganic.com\/de\/wp-content\/uploads\/sites\/14\/2024\/04\/Secondary-product-image-132.webp\",\"datePublished\":\"2024-04-04T21:38:22+00:00\",\"dateModified\":\"2024-07-17T20:31:29+00:00\",\"description\":\"Mandeln sind eine ausgezeichnete Quelle f\u00fcr Omega-3-Fetts\u00e4uren, die f\u00fcr die Gesundheit von Herz und Gehirn wesentlich sind.\",\"breadcrumb\":{\"@id\":\"https:\/\/candelaorganic.com\/de\/producto\/mandeln-umhuellt-von-bio-schokolade-55\/#breadcrumb\"},\"inLanguage\":\"de\",\"potentialAction\":[{\"@type\":\"ReadAction\",\"target\":[\"https:\/\/candelaorganic.com\/de\/producto\/mandeln-umhuellt-von-bio-schokolade-55\/\"]}]},{\"@type\":\"ImageObject\",\"inLanguage\":\"de\",\"@id\":\"https:\/\/candelaorganic.com\/de\/producto\/mandeln-umhuellt-von-bio-schokolade-55\/#primaryimage\",\"url\":\"https:\/\/candelaorganic.com\/de\/wp-content\/uploads\/sites\/14\/2024\/04\/Secondary-product-image-132.webp\",\"contentUrl\":\"https:\/\/candelaorganic.com\/de\/wp-content\/uploads\/sites\/14\/2024\/04\/Secondary-product-image-132.webp\",\"width\":609,\"height\":599},{\"@type\":\"BreadcrumbList\",\"@id\":\"https:\/\/candelaorganic.com\/de\/producto\/mandeln-umhuellt-von-bio-schokolade-55\/#breadcrumb\",\"itemListElement\":[{\"@type\":\"ListItem\",\"position\":1,\"name\":\"Produkte\",\"item\":\"https:\/\/candelaorganic.com\/de\/produkte\/\"},{\"@type\":\"ListItem\",\"position\":2,\"name\":\"Lebensmitteleinzelhandel\",\"item\":\"https:\/\/candelaorganic.com\/de\/tienda\/lebensmittel-einzelhandel\/\"},{\"@type\":\"ListItem\",\"position\":3,\"name\":\"Snacks\",\"item\":\"https:\/\/candelaorganic.com\/de\/tienda\/lebensmittel-einzelhandel\/snacks-einzelhandel\/\"},{\"@type\":\"ListItem\",\"position\":4,\"name\":\"55 % Kakao\",\"item\":\"https:\/\/candelaorganic.com\/de\/tienda\/lebensmittel-einzelhandel\/snacks-einzelhandel\/snacks-55-kakao\/\"},{\"@type\":\"ListItem\",\"position\":5,\"name\":\"Mandeln umh\u00fcllt von Bio-Schokolade 55 %\"}]},{\"@type\":\"WebSite\",\"@id\":\"https:\/\/candelaorganic.com\/de\/#website\",\"url\":\"https:\/\/candelaorganic.com\/de\/\",\"name\":\"Candela Organic\",\"description\":\"Wir erh\u00f6hen die Lebensmittelstandards\",\"publisher\":{\"@id\":\"https:\/\/candelaorganic.com\/de\/#organization\"},\"potentialAction\":[{\"@type\":\"SearchAction\",\"target\":{\"@type\":\"EntryPoint\",\"urlTemplate\":\"https:\/\/candelaorganic.com\/de\/?s={search_term_string}\"},\"query-input\":{\"@type\":\"PropertyValueSpecification\",\"valueRequired\":true,\"valueName\":\"search_term_string\"}}],\"inLanguage\":\"de\"},{\"@type\":\"Organization\",\"@id\":\"https:\/\/candelaorganic.com\/de\/#organization\",\"name\":\"Candela Organic\",\"url\":\"https:\/\/candelaorganic.com\/de\/\",\"logo\":{\"@type\":\"ImageObject\",\"inLanguage\":\"de\",\"@id\":\"https:\/\/candelaorganic.com\/de\/#\/schema\/logo\/image\/\",\"url\":\"https:\/\/candelaorganic.com\/de\/wp-content\/uploads\/sites\/14\/2024\/04\/Logotype.webp\",\"contentUrl\":\"https:\/\/candelaorganic.com\/de\/wp-content\/uploads\/sites\/14\/2024\/04\/Logotype.webp\",\"width\":256,\"height\":52,\"caption\":\"Candela Organic\"},\"image\":{\"@id\":\"https:\/\/candelaorganic.com\/de\/#\/schema\/logo\/image\/\"}}]}<\/script>\n<!-- \/ Yoast SEO plugin. -->","yoast_head_json":{"title":"Mandeln umh\u00fcllt von Bio-Schokolade 55 % - Candela Organic","description":"Mandeln sind eine ausgezeichnete Quelle f\u00fcr Omega-3-Fetts\u00e4uren, die f\u00fcr die Gesundheit von Herz und Gehirn wesentlich sind.","robots":{"index":"index","follow":"follow","max-snippet":"max-snippet:-1","max-image-preview":"max-image-preview:large","max-video-preview":"max-video-preview:-1"},"canonical":"https:\/\/candelaorganic.com\/de\/producto\/mandeln-umhuellt-von-bio-schokolade-55\/","og_locale":"de_DE","og_type":"article","og_title":"Mandeln umh\u00fcllt von Bio-Schokolade 55 % - Candela Organic","og_description":"Mandeln sind eine ausgezeichnete Quelle f\u00fcr Omega-3-Fetts\u00e4uren, die f\u00fcr die Gesundheit von Herz und Gehirn wesentlich sind.","og_url":"https:\/\/candelaorganic.com\/de\/producto\/mandeln-umhuellt-von-bio-schokolade-55\/","og_site_name":"Candela Organic","article_modified_time":"2024-07-17T20:31:29+00:00","og_image":[{"width":609,"height":599,"url":"https:\/\/candelaorganic.com\/de\/wp-content\/uploads\/sites\/14\/2024\/04\/Secondary-product-image-132.webp","type":"image\/webp"}],"twitter_card":"summary_large_image","twitter_misc":{"Gesch\u00e4tzte Lesezeit":"2\u00a0Minuten"},"schema":{"@context":"https:\/\/schema.org","@graph":[{"@type":"WebPage","@id":"https:\/\/candelaorganic.com\/de\/producto\/mandeln-umhuellt-von-bio-schokolade-55\/","url":"https:\/\/candelaorganic.com\/de\/producto\/mandeln-umhuellt-von-bio-schokolade-55\/","name":"Mandeln umh\u00fcllt von Bio-Schokolade 55 % - Candela Organic","isPartOf":{"@id":"https:\/\/candelaorganic.com\/de\/#website"},"primaryImageOfPage":{"@id":"https:\/\/candelaorganic.com\/de\/producto\/mandeln-umhuellt-von-bio-schokolade-55\/#primaryimage"},"image":{"@id":"https:\/\/candelaorganic.com\/de\/producto\/mandeln-umhuellt-von-bio-schokolade-55\/#primaryimage"},"thumbnailUrl":"https:\/\/candelaorganic.com\/de\/wp-content\/uploads\/sites\/14\/2024\/04\/Secondary-product-image-132.webp","datePublished":"2024-04-04T21:38:22+00:00","dateModified":"2024-07-17T20:31:29+00:00","description":"Mandeln sind eine ausgezeichnete Quelle f\u00fcr Omega-3-Fetts\u00e4uren, die f\u00fcr die Gesundheit von Herz und Gehirn wesentlich sind.","breadcrumb":{"@id":"https:\/\/candelaorganic.com\/de\/producto\/mandeln-umhuellt-von-bio-schokolade-55\/#breadcrumb"},"inLanguage":"de","potentialAction":[{"@type":"ReadAction","target":["https:\/\/candelaorganic.com\/de\/producto\/mandeln-umhuellt-von-bio-schokolade-55\/"]}]},{"@type":"ImageObject","inLanguage":"de","@id":"https:\/\/candelaorganic.com\/de\/producto\/mandeln-umhuellt-von-bio-schokolade-55\/#primaryimage","url":"https:\/\/candelaorganic.com\/de\/wp-content\/uploads\/sites\/14\/2024\/04\/Secondary-product-image-132.webp","contentUrl":"https:\/\/candelaorganic.com\/de\/wp-content\/uploads\/sites\/14\/2024\/04\/Secondary-product-image-132.webp","width":609,"height":599},{"@type":"BreadcrumbList","@id":"https:\/\/candelaorganic.com\/de\/producto\/mandeln-umhuellt-von-bio-schokolade-55\/#breadcrumb","itemListElement":[{"@type":"ListItem","position":1,"name":"Produkte","item":"https:\/\/candelaorganic.com\/de\/produkte\/"},{"@type":"ListItem","position":2,"name":"Lebensmitteleinzelhandel","item":"https:\/\/candelaorganic.com\/de\/tienda\/lebensmittel-einzelhandel\/"},{"@type":"ListItem","position":3,"name":"Snacks","item":"https:\/\/candelaorganic.com\/de\/tienda\/lebensmittel-einzelhandel\/snacks-einzelhandel\/"},{"@type":"ListItem","position":4,"name":"55 % Kakao","item":"https:\/\/candelaorganic.com\/de\/tienda\/lebensmittel-einzelhandel\/snacks-einzelhandel\/snacks-55-kakao\/"},{"@type":"ListItem","position":5,"name":"Mandeln umh\u00fcllt von Bio-Schokolade 55 %"}]},{"@type":"WebSite","@id":"https:\/\/candelaorganic.com\/de\/#website","url":"https:\/\/candelaorganic.com\/de\/","name":"Candela Organic","description":"Wir erh\u00f6hen die Lebensmittelstandards","publisher":{"@id":"https:\/\/candelaorganic.com\/de\/#organization"},"potentialAction":[{"@type":"SearchAction","target":{"@type":"EntryPoint","urlTemplate":"https:\/\/candelaorganic.com\/de\/?s={search_term_string}"},"query-input":{"@type":"PropertyValueSpecification","valueRequired":true,"valueName":"search_term_string"}}],"inLanguage":"de"},{"@type":"Organization","@id":"https:\/\/candelaorganic.com\/de\/#organization","name":"Candela Organic","url":"https:\/\/candelaorganic.com\/de\/","logo":{"@type":"ImageObject","inLanguage":"de","@id":"https:\/\/candelaorganic.com\/de\/#\/schema\/logo\/image\/","url":"https:\/\/candelaorganic.com\/de\/wp-content\/uploads\/sites\/14\/2024\/04\/Logotype.webp","contentUrl":"https:\/\/candelaorganic.com\/de\/wp-content\/uploads\/sites\/14\/2024\/04\/Logotype.webp","width":256,"height":52,"caption":"Candela Organic"},"image":{"@id":"https:\/\/candelaorganic.com\/de\/#\/schema\/logo\/image\/"}}]}},"_links":{"self":[{"href":"https:\/\/candelaorganic.com\/de\/wp-json\/wp\/v2\/product\/14594"}],"collection":[{"href":"https:\/\/candelaorganic.com\/de\/wp-json\/wp\/v2\/product"}],"about":[{"href":"https:\/\/candelaorganic.com\/de\/wp-json\/wp\/v2\/types\/product"}],"replies":[{"embeddable":true,"href":"https:\/\/candelaorganic.com\/de\/wp-json\/wp\/v2\/comments?post=14594"}],"wp:featuredmedia":[{"embeddable":true,"href":"https:\/\/candelaorganic.com\/de\/wp-json\/wp\/v2\/media\/12887"}],"wp:attachment":[{"href":"https:\/\/candelaorganic.com\/de\/wp-json\/wp\/v2\/media?parent=14594"}],"wp:term":[{"taxonomy":"product_cat","embeddable":true,"href":"https:\/\/candelaorganic.com\/de\/wp-json\/wp\/v2\/product_cat?post=14594"},{"taxonomy":"product_tag","embeddable":true,"href":"https:\/\/candelaorganic.com\/de\/wp-json\/wp\/v2\/product_tag?post=14594"}],"curies":[{"name":"wp","href":"https:\/\/api.w.org\/{rel}","templated":true}]}}