{"id":14519,"date":"2024-04-04T23:16:03","date_gmt":"2024-04-04T21:16:03","guid":{"rendered":"https:\/\/candelaorganic.com\/de\/?post_type=product&#038;p=14519"},"modified":"2025-11-06T21:25:00","modified_gmt":"2025-11-06T20:25:00","slug":"dehydrierte-kokosraspeln","status":"publish","type":"product","link":"https:\/\/candelaorganic.com\/de\/producto\/dehydrierte-kokosraspeln\/","title":{"rendered":"Dehydrierte Kokosraspeln"},"content":{"rendered":"<p>Dehydrierte Bio-Kokosraspeln sind ein N\u00e4hrstoffschatz, der einen wichtigen Platz in Ihrer Ern\u00e4hrung verdient. Da es aus biologischem Anbau hergestellt wird, sind garantiert keine Pestizide und sch\u00e4dlichen Chemikalien enthalten, was es zu einer sicheren und gesunden Option macht. Dieses Produkt ist eine reichhaltige Quelle an Ballaststoffen, die f\u00fcr eine gesunde Verdauung unerl\u00e4sslich sind, und enth\u00e4lt gesunde Fette, die das S\u00e4ttigungsgef\u00fchl und die Herz-Kreislauf-Gesundheit f\u00f6rdern. Dar\u00fcber hinaus ist es reich an lebenswichtigen N\u00e4hrstoffen wie Eisen, das f\u00fcr die Produktion roter Blutk\u00f6rperchen unerl\u00e4sslich ist, und Zink, das f\u00fcr das Immunsystem wichtig ist. Seine kulinarische Vielseitigkeit erm\u00f6glicht es Ihnen, Ihren Gerichten einen Hauch von tropischem Geschmack und Textur zu verleihen, egal ob \u00fcber M\u00fcsli gestreut oder in Smoothies gemischt. Alles in allem sind getrocknete Bio-Kokosraspeln nicht nur ein k\u00f6stlicher Genuss, sondern auch eine nahrhafte und vielseitige Erg\u00e4nzung Ihrer Ern\u00e4hrung.<\/p>\n<p>Es ist nicht nur gesundheitsf\u00f6rdernd, sondern tr\u00e4gt auch zu einem nachhaltigen Lebensstil bei, da es aus biologischem Anbau stammt. Indem Sie getrocknete Bio-Kokosraspeln in Ihre Ern\u00e4hrung aufnehmen, k\u00f6nnen Sie die nat\u00fcrlichen Aromen genie\u00dfen und von den Vorteilen einer vertrauensw\u00fcrdigen N\u00e4hrstoffquelle profitieren. Nutzen Sie diese Gelegenheit, um Ihre Gerichte und Snacks zu st\u00e4rken und gleichzeitig auf sich und die Umwelt zu achten.<\/p>\n<p>&nbsp;<\/p>\n<div class=\"text-wrap\">\n<p><strong><span class=\"subtitle\" style=\"color: #f1b434;\">EIGENSCHAFTEN UND VORTEILE\u00a0<\/span><\/strong><\/p>\n<ul>\n<li>Nat\u00fcrliche und frische geriebene Kokosnuss: Geriebene Kokosnuss ist eine getrocknete tropische Delikatesse, die den gesamten Geschmack und die Frische der nat\u00fcrlichen Kokosnuss bewahrt.<\/li>\n<li>Reich an Ballaststoffen und gesunden Fetten: Dieses Produkt ist eine Quelle f\u00fcr Ballaststoffe, die die Verdauung f\u00f6rdern, und enth\u00e4lt gesunde Fette, die zur S\u00e4ttigung beitragen.<\/li>\n<li>Vielseitigkeit in der K\u00fcche: Geriebene Kokosnuss kann in einer Vielzahl von Rezepten verwendet werden, von Smoothies und Desserts bis hin zu herzhaften Gerichten, und verleiht eine tropische und knusprige Note.<\/li>\n<li>Beitrag an wesentlichen N\u00e4hrstoffen: Sie ist eine Quelle f\u00fcr wichtige N\u00e4hrstoffe wie Eisen und Zink, die f\u00fcr die Gesundheit des K\u00f6rpers und das Immunsystem wichtig sind.<\/li>\n<li>Gesunde und k\u00f6stliche Wahl: Geriebene Kokosnuss ist eine kluge Wahl f\u00fcr diejenigen, die einen tropischen Geschmack genie\u00dfen m\u00f6chten und gleichzeitig von den ern\u00e4hrungsphysiologischen Vorteilen in ihrer t\u00e4glichen Ern\u00e4hrung profitieren m\u00f6chten.<\/li>\n<\/ul>\n<\/div>\n","protected":false},"excerpt":{"rendered":"<div class=\"title\" style=\"color: #f1b434;\"><strong><span class=\"name\">\/ COCOS NUCIFERA \/<\/span><\/strong><\/div>\n<p>Die getrocknete, geriebene Bio-Kokosnuss zeichnet sich als au\u00dfergew\u00f6hnliche Lebensmittelwahl aus, dank ihrer zahlreichen Vorz\u00fcge. Da sie auf biologische Weise getrocknet wird, bewahrt sie ihre Reinheit und ihren nat\u00fcrlichen Geschmack ohne Zusatzstoffe oder k\u00fcnstliche Konservierungsmittel. Dar\u00fcber hinaus ist dieses Produkt eine reiche Quelle an Ballaststoffen, gesunden Fetten und wichtigen N\u00e4hrstoffen wie Eisen und Zink, was es zu einer wertvollen Erg\u00e4nzung f\u00fcr eine ausgewogene Ern\u00e4hrung macht. Ihre kulinarische Vielseitigkeit ist unbestreitbar, da sie in einer Vielzahl von Rezepten verwendet werden kann, von Smoothies bis hin zu Geb\u00e4ck, und den Gerichten eine k\u00f6stliche tropische Note und Textur verleiht. Zusammenfassend l\u00e4sst sich sagen, dass die getrocknete, geriebene Bio-Kokosnuss eine gesunde und k\u00f6stliche Wahl ist, die deinen Mahlzeiten nicht nur Geschmack, sondern auch wertvolle N\u00e4hrstoffe verleiht.<\/p>\n","protected":false},"featured_media":12823,"comment_status":"open","ping_status":"closed","template":"","meta":{"editor_notices":[]},"product_cat":[69],"product_tag":[],"yoast_head":"<!-- This site is optimized with the Yoast SEO plugin v23.5 - https:\/\/yoast.com\/wordpress\/plugins\/seo\/ -->\n<title>Dehydrierte Kokosraspeln - Candela Organic<\/title>\n<meta name=\"description\" content=\"Die getrocknete, geriebene Bio-Kokosnuss ist ein ern\u00e4hrungsphysiologischer Schatz, der aufgrund seiner biologischen Anbauweise einen herausragenden Platz in deiner Ern\u00e4hrung verdient.\" \/>\n<meta name=\"robots\" content=\"index, follow, max-snippet:-1, max-image-preview:large, max-video-preview:-1\" \/>\n<link rel=\"canonical\" href=\"https:\/\/candelaorganic.com\/de\/producto\/dehydrierte-kokosraspeln\/\" \/>\n<meta property=\"og:locale\" content=\"de_DE\" \/>\n<meta property=\"og:type\" content=\"article\" \/>\n<meta property=\"og:title\" content=\"Dehydrierte Kokosraspeln - Candela Organic\" \/>\n<meta property=\"og:description\" content=\"Die getrocknete, geriebene Bio-Kokosnuss ist ein ern\u00e4hrungsphysiologischer Schatz, der aufgrund seiner biologischen Anbauweise einen herausragenden Platz in deiner Ern\u00e4hrung verdient.\" \/>\n<meta property=\"og:url\" content=\"https:\/\/candelaorganic.com\/de\/producto\/dehydrierte-kokosraspeln\/\" \/>\n<meta property=\"og:site_name\" content=\"Candela Organic\" \/>\n<meta property=\"article:modified_time\" content=\"2025-11-06T20:25:00+00:00\" \/>\n<meta property=\"og:image\" content=\"https:\/\/candelaorganic.com\/de\/wp-content\/uploads\/sites\/14\/2024\/04\/Secondary-product-image-128.webp\" \/>\n\t<meta property=\"og:image:width\" content=\"609\" \/>\n\t<meta property=\"og:image:height\" content=\"599\" \/>\n\t<meta property=\"og:image:type\" content=\"image\/webp\" \/>\n<meta name=\"twitter:card\" content=\"summary_large_image\" \/>\n<meta name=\"twitter:label1\" content=\"Gesch\u00e4tzte Lesezeit\" \/>\n\t<meta name=\"twitter:data1\" content=\"3\u00a0Minuten\" \/>\n<script type=\"application\/ld+json\" class=\"yoast-schema-graph\">{\"@context\":\"https:\/\/schema.org\",\"@graph\":[{\"@type\":\"WebPage\",\"@id\":\"https:\/\/candelaorganic.com\/de\/producto\/dehydrierte-kokosraspeln\/\",\"url\":\"https:\/\/candelaorganic.com\/de\/producto\/dehydrierte-kokosraspeln\/\",\"name\":\"Dehydrierte Kokosraspeln - Candela Organic\",\"isPartOf\":{\"@id\":\"https:\/\/candelaorganic.com\/de\/#website\"},\"primaryImageOfPage\":{\"@id\":\"https:\/\/candelaorganic.com\/de\/producto\/dehydrierte-kokosraspeln\/#primaryimage\"},\"image\":{\"@id\":\"https:\/\/candelaorganic.com\/de\/producto\/dehydrierte-kokosraspeln\/#primaryimage\"},\"thumbnailUrl\":\"https:\/\/candelaorganic.com\/de\/wp-content\/uploads\/sites\/14\/2024\/04\/Secondary-product-image-128.webp\",\"datePublished\":\"2024-04-04T21:16:03+00:00\",\"dateModified\":\"2025-11-06T20:25:00+00:00\",\"description\":\"Die getrocknete, geriebene Bio-Kokosnuss ist ein ern\u00e4hrungsphysiologischer Schatz, der aufgrund seiner biologischen Anbauweise einen herausragenden Platz in deiner Ern\u00e4hrung verdient.\",\"breadcrumb\":{\"@id\":\"https:\/\/candelaorganic.com\/de\/producto\/dehydrierte-kokosraspeln\/#breadcrumb\"},\"inLanguage\":\"de\",\"potentialAction\":[{\"@type\":\"ReadAction\",\"target\":[\"https:\/\/candelaorganic.com\/de\/producto\/dehydrierte-kokosraspeln\/\"]}]},{\"@type\":\"ImageObject\",\"inLanguage\":\"de\",\"@id\":\"https:\/\/candelaorganic.com\/de\/producto\/dehydrierte-kokosraspeln\/#primaryimage\",\"url\":\"https:\/\/candelaorganic.com\/de\/wp-content\/uploads\/sites\/14\/2024\/04\/Secondary-product-image-128.webp\",\"contentUrl\":\"https:\/\/candelaorganic.com\/de\/wp-content\/uploads\/sites\/14\/2024\/04\/Secondary-product-image-128.webp\",\"width\":609,\"height\":599},{\"@type\":\"BreadcrumbList\",\"@id\":\"https:\/\/candelaorganic.com\/de\/producto\/dehydrierte-kokosraspeln\/#breadcrumb\",\"itemListElement\":[{\"@type\":\"ListItem\",\"position\":1,\"name\":\"Produkte\",\"item\":\"https:\/\/candelaorganic.com\/de\/produkte\/\"},{\"@type\":\"ListItem\",\"position\":2,\"name\":\"Lebensmitteleinzelhandel\",\"item\":\"https:\/\/candelaorganic.com\/de\/tienda\/lebensmittel-einzelhandel\/\"},{\"@type\":\"ListItem\",\"position\":3,\"name\":\"Trockenfr\u00fcchte und N\u00fcsse\",\"item\":\"https:\/\/candelaorganic.com\/de\/tienda\/lebensmittel-einzelhandel\/trockenfruechte-und-nuesse-einzelhandel\/\"},{\"@type\":\"ListItem\",\"position\":4,\"name\":\"Dehydrierte Kokosraspeln\"}]},{\"@type\":\"WebSite\",\"@id\":\"https:\/\/candelaorganic.com\/de\/#website\",\"url\":\"https:\/\/candelaorganic.com\/de\/\",\"name\":\"Candela Organic\",\"description\":\"Wir erh\u00f6hen die Lebensmittelstandards\",\"publisher\":{\"@id\":\"https:\/\/candelaorganic.com\/de\/#organization\"},\"potentialAction\":[{\"@type\":\"SearchAction\",\"target\":{\"@type\":\"EntryPoint\",\"urlTemplate\":\"https:\/\/candelaorganic.com\/de\/?s={search_term_string}\"},\"query-input\":{\"@type\":\"PropertyValueSpecification\",\"valueRequired\":true,\"valueName\":\"search_term_string\"}}],\"inLanguage\":\"de\"},{\"@type\":\"Organization\",\"@id\":\"https:\/\/candelaorganic.com\/de\/#organization\",\"name\":\"Candela Organic\",\"url\":\"https:\/\/candelaorganic.com\/de\/\",\"logo\":{\"@type\":\"ImageObject\",\"inLanguage\":\"de\",\"@id\":\"https:\/\/candelaorganic.com\/de\/#\/schema\/logo\/image\/\",\"url\":\"https:\/\/candelaorganic.com\/de\/wp-content\/uploads\/sites\/14\/2024\/04\/Logotype.webp\",\"contentUrl\":\"https:\/\/candelaorganic.com\/de\/wp-content\/uploads\/sites\/14\/2024\/04\/Logotype.webp\",\"width\":256,\"height\":52,\"caption\":\"Candela Organic\"},\"image\":{\"@id\":\"https:\/\/candelaorganic.com\/de\/#\/schema\/logo\/image\/\"}}]}<\/script>\n<!-- \/ Yoast SEO plugin. -->","yoast_head_json":{"title":"Dehydrierte Kokosraspeln - Candela Organic","description":"Die getrocknete, geriebene Bio-Kokosnuss ist ein ern\u00e4hrungsphysiologischer Schatz, der aufgrund seiner biologischen Anbauweise einen herausragenden Platz in deiner Ern\u00e4hrung verdient.","robots":{"index":"index","follow":"follow","max-snippet":"max-snippet:-1","max-image-preview":"max-image-preview:large","max-video-preview":"max-video-preview:-1"},"canonical":"https:\/\/candelaorganic.com\/de\/producto\/dehydrierte-kokosraspeln\/","og_locale":"de_DE","og_type":"article","og_title":"Dehydrierte Kokosraspeln - Candela Organic","og_description":"Die getrocknete, geriebene Bio-Kokosnuss ist ein ern\u00e4hrungsphysiologischer Schatz, der aufgrund seiner biologischen Anbauweise einen herausragenden Platz in deiner Ern\u00e4hrung verdient.","og_url":"https:\/\/candelaorganic.com\/de\/producto\/dehydrierte-kokosraspeln\/","og_site_name":"Candela Organic","article_modified_time":"2025-11-06T20:25:00+00:00","og_image":[{"width":609,"height":599,"url":"https:\/\/candelaorganic.com\/de\/wp-content\/uploads\/sites\/14\/2024\/04\/Secondary-product-image-128.webp","type":"image\/webp"}],"twitter_card":"summary_large_image","twitter_misc":{"Gesch\u00e4tzte Lesezeit":"3\u00a0Minuten"},"schema":{"@context":"https:\/\/schema.org","@graph":[{"@type":"WebPage","@id":"https:\/\/candelaorganic.com\/de\/producto\/dehydrierte-kokosraspeln\/","url":"https:\/\/candelaorganic.com\/de\/producto\/dehydrierte-kokosraspeln\/","name":"Dehydrierte Kokosraspeln - Candela Organic","isPartOf":{"@id":"https:\/\/candelaorganic.com\/de\/#website"},"primaryImageOfPage":{"@id":"https:\/\/candelaorganic.com\/de\/producto\/dehydrierte-kokosraspeln\/#primaryimage"},"image":{"@id":"https:\/\/candelaorganic.com\/de\/producto\/dehydrierte-kokosraspeln\/#primaryimage"},"thumbnailUrl":"https:\/\/candelaorganic.com\/de\/wp-content\/uploads\/sites\/14\/2024\/04\/Secondary-product-image-128.webp","datePublished":"2024-04-04T21:16:03+00:00","dateModified":"2025-11-06T20:25:00+00:00","description":"Die getrocknete, geriebene Bio-Kokosnuss ist ein ern\u00e4hrungsphysiologischer Schatz, der aufgrund seiner biologischen Anbauweise einen herausragenden Platz in deiner Ern\u00e4hrung verdient.","breadcrumb":{"@id":"https:\/\/candelaorganic.com\/de\/producto\/dehydrierte-kokosraspeln\/#breadcrumb"},"inLanguage":"de","potentialAction":[{"@type":"ReadAction","target":["https:\/\/candelaorganic.com\/de\/producto\/dehydrierte-kokosraspeln\/"]}]},{"@type":"ImageObject","inLanguage":"de","@id":"https:\/\/candelaorganic.com\/de\/producto\/dehydrierte-kokosraspeln\/#primaryimage","url":"https:\/\/candelaorganic.com\/de\/wp-content\/uploads\/sites\/14\/2024\/04\/Secondary-product-image-128.webp","contentUrl":"https:\/\/candelaorganic.com\/de\/wp-content\/uploads\/sites\/14\/2024\/04\/Secondary-product-image-128.webp","width":609,"height":599},{"@type":"BreadcrumbList","@id":"https:\/\/candelaorganic.com\/de\/producto\/dehydrierte-kokosraspeln\/#breadcrumb","itemListElement":[{"@type":"ListItem","position":1,"name":"Produkte","item":"https:\/\/candelaorganic.com\/de\/produkte\/"},{"@type":"ListItem","position":2,"name":"Lebensmitteleinzelhandel","item":"https:\/\/candelaorganic.com\/de\/tienda\/lebensmittel-einzelhandel\/"},{"@type":"ListItem","position":3,"name":"Trockenfr\u00fcchte und N\u00fcsse","item":"https:\/\/candelaorganic.com\/de\/tienda\/lebensmittel-einzelhandel\/trockenfruechte-und-nuesse-einzelhandel\/"},{"@type":"ListItem","position":4,"name":"Dehydrierte Kokosraspeln"}]},{"@type":"WebSite","@id":"https:\/\/candelaorganic.com\/de\/#website","url":"https:\/\/candelaorganic.com\/de\/","name":"Candela Organic","description":"Wir erh\u00f6hen die Lebensmittelstandards","publisher":{"@id":"https:\/\/candelaorganic.com\/de\/#organization"},"potentialAction":[{"@type":"SearchAction","target":{"@type":"EntryPoint","urlTemplate":"https:\/\/candelaorganic.com\/de\/?s={search_term_string}"},"query-input":{"@type":"PropertyValueSpecification","valueRequired":true,"valueName":"search_term_string"}}],"inLanguage":"de"},{"@type":"Organization","@id":"https:\/\/candelaorganic.com\/de\/#organization","name":"Candela Organic","url":"https:\/\/candelaorganic.com\/de\/","logo":{"@type":"ImageObject","inLanguage":"de","@id":"https:\/\/candelaorganic.com\/de\/#\/schema\/logo\/image\/","url":"https:\/\/candelaorganic.com\/de\/wp-content\/uploads\/sites\/14\/2024\/04\/Logotype.webp","contentUrl":"https:\/\/candelaorganic.com\/de\/wp-content\/uploads\/sites\/14\/2024\/04\/Logotype.webp","width":256,"height":52,"caption":"Candela Organic"},"image":{"@id":"https:\/\/candelaorganic.com\/de\/#\/schema\/logo\/image\/"}}]}},"_links":{"self":[{"href":"https:\/\/candelaorganic.com\/de\/wp-json\/wp\/v2\/product\/14519"}],"collection":[{"href":"https:\/\/candelaorganic.com\/de\/wp-json\/wp\/v2\/product"}],"about":[{"href":"https:\/\/candelaorganic.com\/de\/wp-json\/wp\/v2\/types\/product"}],"replies":[{"embeddable":true,"href":"https:\/\/candelaorganic.com\/de\/wp-json\/wp\/v2\/comments?post=14519"}],"wp:featuredmedia":[{"embeddable":true,"href":"https:\/\/candelaorganic.com\/de\/wp-json\/wp\/v2\/media\/12823"}],"wp:attachment":[{"href":"https:\/\/candelaorganic.com\/de\/wp-json\/wp\/v2\/media?parent=14519"}],"wp:term":[{"taxonomy":"product_cat","embeddable":true,"href":"https:\/\/candelaorganic.com\/de\/wp-json\/wp\/v2\/product_cat?post=14519"},{"taxonomy":"product_tag","embeddable":true,"href":"https:\/\/candelaorganic.com\/de\/wp-json\/wp\/v2\/product_tag?post=14519"}],"curies":[{"name":"wp","href":"https:\/\/api.w.org\/{rel}","templated":true}]}}