{"id":14515,"date":"2024-04-04T23:13:31","date_gmt":"2024-04-04T21:13:31","guid":{"rendered":"https:\/\/candelaorganic.com\/de\/?post_type=product&#038;p=14515"},"modified":"2024-06-20T22:41:18","modified_gmt":"2024-06-20T20:41:18","slug":"kokosoel-140-ml","status":"publish","type":"product","link":"https:\/\/candelaorganic.com\/de\/producto\/kokosoel-140-ml\/","title":{"rendered":"Kokos\u00f6l 140 ml"},"content":{"rendered":"<p>Kokos\u00f6l ist in der K\u00fcche und in der K\u00f6rperpflege zu einem wahren Schatz geworden, dank seiner zahlreichen Vorteile. In der K\u00fcche macht sein hoher Rauchpunkt es ideal zum Braten und Backen, und es verleiht den Gerichten einen milden und exquisiten Geschmack. Dar\u00fcber hinaus verleiht ihm seine Zusammensetzung aus mittelkettigen Fetts\u00e4uren (MCTs) einzigartige Eigenschaften, da diese MCTs schnell metabolisiert werden und eine schnelle und nachhaltige Energiequelle bieten k\u00f6nnen. Dies macht es besonders beliebt bei denen, die einer ketogenen Di\u00e4t folgen.<\/p>\n<p>Neben seinen kulinarischen Anwendungen hat sich Kokos\u00f6l zu einer g\u00e4ngigen Zutat in Hautpflege- und Sch\u00f6nheitsprodukten entwickelt. Seine feuchtigkeitsspendenden und antimikrobiellen Eigenschaften machen es zu einem nat\u00fcrlichen Feuchtigkeitsmittel f\u00fcr Haut und Haare, und es wird in Lotionen, Cremes und Haar\u00f6len verwendet. Au\u00dferdem wird es mit der Verbesserung der Herzgesundheit und der Verringerung von Entz\u00fcndungen in Verbindung gebracht, wenn es in Ma\u00dfen konsumiert wird. Zusammenfassend l\u00e4sst sich sagen, dass Kokos\u00f6l ein vielseitiges und vorteilhaftes Produkt ist, das seinen Platz in der K\u00fcche, der K\u00f6rperpflege und der Ern\u00e4hrung gefunden hat und eine breite Palette von Anwendungen und Vorteilen bietet f\u00fcr diejenigen, die einen nat\u00fcrlicheren und ges\u00fcnderen Lebensstil anstreben.<\/p>\n<div class=\"text-wrap\"><strong><span class=\"subtitle\" style=\"color: #f1b434;\">EIGENSCHAFTEN UND VORTEILE<\/span><\/strong><\/div>\n<ul>\n<li>Quelle gesunder Fetts\u00e4uren: Kokos\u00f6l ist reich an mittelkettigen Fetts\u00e4uren (MCTs), die leicht metabolisiert und als schnelle Energiequelle genutzt werden k\u00f6nnen, was zur Verbesserung der k\u00f6rperlichen und geistigen Ausdauer beitragen kann.<\/li>\n<li>F\u00f6rderung der Herzgesundheit: Der moderate Konsum von Kokos\u00f6l wird mit der Verbesserung des Cholesterinspiegels und der Verringerung des Risikos von Herz-Kreislauf-Erkrankungen in Verbindung gebracht.<\/li>\n<li>Vielseitigkeit in der K\u00fcche: Sein hoher Rauchpunkt macht es geeignet zum Braten und Backen, und sein milder, tropischer Geschmack macht es zu einer wertvollen Zutat bei der Zubereitung einer Vielzahl von Gerichten.<\/li>\n<li>Nat\u00fcrliche K\u00f6rperpflege: Kokos\u00f6l wird in Haut- und Haarpflegeprodukten wegen seiner feuchtigkeitsspendenden und antimikrobiellen Eigenschaften verwendet und hilft, die Haut weich und das Haar gl\u00e4nzend zu halten.<\/li>\n<li>Unterst\u00fctzung spezifischer Di\u00e4ten: Es ist in ketogenen Di\u00e4ten beliebt und wird als Erg\u00e4nzung in Smoothies und Kaffee verwendet, um das S\u00e4ttigungsgef\u00fchl zu f\u00f6rdern und beim Abnehmen zu helfen. Seine Vielseitigkeit und Vorteile machen es zu einer wertvollen Ressource sowohl in der K\u00fcche als auch in der K\u00f6rperpflege und Ern\u00e4hrung.<\/li>\n<\/ul>\n","protected":false},"excerpt":{"rendered":"<div class=\"title\">\n<div class=\"title\">\n<div class=\"title\">\n<div class=\"title\">\n<div class=\"title\"><strong><span class=\"name\" style=\"color: #f1b434;\">\/ COCUS NUCIFERA \/<\/span><\/strong><\/div>\n<p>Kokos\u00f6l ist ein vielseitiges und vorteilhaftes Produkt, das in den letzten Jahren aufgrund seiner vielf\u00e4ltigen Einsatzm\u00f6glichkeiten und seiner gesunden Eigenschaften an Beliebtheit gewonnen hat. Dieses \u00d6l, das aus dem Fleisch reifer Kokosn\u00fcsse gewonnen wird, ist bekannt daf\u00fcr, eine Quelle gesunder Fette zu sein, haupts\u00e4chlich mittelkettige Fetts\u00e4uren (MCTs), die vom K\u00f6rper leicht metabolisiert und als schnelle Energiequelle genutzt werden k\u00f6nnen. Neben der Bereitstellung von Energie wird Kokos\u00f6l auch mit verschiedenen gesundheitlichen Vorteilen in Verbindung gebracht, wie der Verbesserung der Herzgesundheit und der Verringerung von Entz\u00fcndungen. Dar\u00fcber hinaus macht seine F\u00e4higkeit, Haut und Haare gesund zu halten, es zu einem wertvollen Bestandteil der K\u00f6rperpflege, der in Sch\u00f6nheitsprodukten und als nat\u00fcrlicher Feuchtigkeitsspender verwendet wird.<\/p>\n<\/div>\n<\/div>\n<\/div>\n<\/div>\n","protected":false},"featured_media":10717,"comment_status":"open","ping_status":"closed","template":"","meta":{"editor_notices":[]},"product_cat":[72],"product_tag":[],"yoast_head":"<!-- This site is optimized with the Yoast SEO plugin v23.5 - https:\/\/yoast.com\/wordpress\/plugins\/seo\/ -->\n<title>Kokos\u00f6l 140 ml - Candela Organic<\/title>\n<meta name=\"description\" content=\"Kokos\u00f6l ist in der K\u00fcche und in der K\u00f6rperpflege zu einem wahren Schatz geworden, dank seiner zahlreichen Vorteile.\" \/>\n<meta name=\"robots\" content=\"index, follow, max-snippet:-1, max-image-preview:large, max-video-preview:-1\" \/>\n<link rel=\"canonical\" href=\"https:\/\/candelaorganic.com\/de\/producto\/kokosoel-140-ml\/\" \/>\n<meta property=\"og:locale\" content=\"de_DE\" \/>\n<meta property=\"og:type\" content=\"article\" \/>\n<meta property=\"og:title\" content=\"Kokos\u00f6l 140 ml - Candela Organic\" \/>\n<meta property=\"og:description\" content=\"Kokos\u00f6l ist in der K\u00fcche und in der K\u00f6rperpflege zu einem wahren Schatz geworden, dank seiner zahlreichen Vorteile.\" \/>\n<meta property=\"og:url\" content=\"https:\/\/candelaorganic.com\/de\/producto\/kokosoel-140-ml\/\" \/>\n<meta property=\"og:site_name\" content=\"Candela Organic\" \/>\n<meta property=\"article:modified_time\" content=\"2024-06-20T20:41:18+00:00\" \/>\n<meta property=\"og:image\" content=\"https:\/\/candelaorganic.com\/de\/wp-content\/uploads\/sites\/14\/2024\/04\/Aceite-Coco-140ml-product-front-image.webp\" \/>\n\t<meta property=\"og:image:width\" content=\"256\" \/>\n\t<meta property=\"og:image:height\" content=\"256\" \/>\n\t<meta property=\"og:image:type\" content=\"image\/webp\" \/>\n<meta name=\"twitter:card\" content=\"summary_large_image\" \/>\n<meta name=\"twitter:label1\" content=\"Gesch\u00e4tzte Lesezeit\" \/>\n\t<meta name=\"twitter:data1\" content=\"3\u00a0Minuten\" \/>\n<script type=\"application\/ld+json\" class=\"yoast-schema-graph\">{\"@context\":\"https:\/\/schema.org\",\"@graph\":[{\"@type\":\"WebPage\",\"@id\":\"https:\/\/candelaorganic.com\/de\/producto\/kokosoel-140-ml\/\",\"url\":\"https:\/\/candelaorganic.com\/de\/producto\/kokosoel-140-ml\/\",\"name\":\"Kokos\u00f6l 140 ml - Candela Organic\",\"isPartOf\":{\"@id\":\"https:\/\/candelaorganic.com\/de\/#website\"},\"primaryImageOfPage\":{\"@id\":\"https:\/\/candelaorganic.com\/de\/producto\/kokosoel-140-ml\/#primaryimage\"},\"image\":{\"@id\":\"https:\/\/candelaorganic.com\/de\/producto\/kokosoel-140-ml\/#primaryimage\"},\"thumbnailUrl\":\"https:\/\/candelaorganic.com\/de\/wp-content\/uploads\/sites\/14\/2024\/04\/Aceite-Coco-140ml-product-front-image.webp\",\"datePublished\":\"2024-04-04T21:13:31+00:00\",\"dateModified\":\"2024-06-20T20:41:18+00:00\",\"description\":\"Kokos\u00f6l ist in der K\u00fcche und in der K\u00f6rperpflege zu einem wahren Schatz geworden, dank seiner zahlreichen Vorteile.\",\"breadcrumb\":{\"@id\":\"https:\/\/candelaorganic.com\/de\/producto\/kokosoel-140-ml\/#breadcrumb\"},\"inLanguage\":\"de\",\"potentialAction\":[{\"@type\":\"ReadAction\",\"target\":[\"https:\/\/candelaorganic.com\/de\/producto\/kokosoel-140-ml\/\"]}]},{\"@type\":\"ImageObject\",\"inLanguage\":\"de\",\"@id\":\"https:\/\/candelaorganic.com\/de\/producto\/kokosoel-140-ml\/#primaryimage\",\"url\":\"https:\/\/candelaorganic.com\/de\/wp-content\/uploads\/sites\/14\/2024\/04\/Aceite-Coco-140ml-product-front-image.webp\",\"contentUrl\":\"https:\/\/candelaorganic.com\/de\/wp-content\/uploads\/sites\/14\/2024\/04\/Aceite-Coco-140ml-product-front-image.webp\",\"width\":256,\"height\":256},{\"@type\":\"BreadcrumbList\",\"@id\":\"https:\/\/candelaorganic.com\/de\/producto\/kokosoel-140-ml\/#breadcrumb\",\"itemListElement\":[{\"@type\":\"ListItem\",\"position\":1,\"name\":\"Produkte\",\"item\":\"https:\/\/candelaorganic.com\/de\/produkte\/\"},{\"@type\":\"ListItem\",\"position\":2,\"name\":\"Lebensmitteleinzelhandel\",\"item\":\"https:\/\/candelaorganic.com\/de\/tienda\/lebensmittel-einzelhandel\/\"},{\"@type\":\"ListItem\",\"position\":3,\"name\":\"Speise\u00f6le\",\"item\":\"https:\/\/candelaorganic.com\/de\/tienda\/lebensmittel-einzelhandel\/speiseoele-einzelhandel\/\"},{\"@type\":\"ListItem\",\"position\":4,\"name\":\"Kokos\u00f6l 140 ml\"}]},{\"@type\":\"WebSite\",\"@id\":\"https:\/\/candelaorganic.com\/de\/#website\",\"url\":\"https:\/\/candelaorganic.com\/de\/\",\"name\":\"Candela Organic\",\"description\":\"Wir erh\u00f6hen die Lebensmittelstandards\",\"publisher\":{\"@id\":\"https:\/\/candelaorganic.com\/de\/#organization\"},\"potentialAction\":[{\"@type\":\"SearchAction\",\"target\":{\"@type\":\"EntryPoint\",\"urlTemplate\":\"https:\/\/candelaorganic.com\/de\/?s={search_term_string}\"},\"query-input\":{\"@type\":\"PropertyValueSpecification\",\"valueRequired\":true,\"valueName\":\"search_term_string\"}}],\"inLanguage\":\"de\"},{\"@type\":\"Organization\",\"@id\":\"https:\/\/candelaorganic.com\/de\/#organization\",\"name\":\"Candela Organic\",\"url\":\"https:\/\/candelaorganic.com\/de\/\",\"logo\":{\"@type\":\"ImageObject\",\"inLanguage\":\"de\",\"@id\":\"https:\/\/candelaorganic.com\/de\/#\/schema\/logo\/image\/\",\"url\":\"https:\/\/candelaorganic.com\/de\/wp-content\/uploads\/sites\/14\/2024\/04\/Logotype.webp\",\"contentUrl\":\"https:\/\/candelaorganic.com\/de\/wp-content\/uploads\/sites\/14\/2024\/04\/Logotype.webp\",\"width\":256,\"height\":52,\"caption\":\"Candela Organic\"},\"image\":{\"@id\":\"https:\/\/candelaorganic.com\/de\/#\/schema\/logo\/image\/\"}}]}<\/script>\n<!-- \/ Yoast SEO plugin. -->","yoast_head_json":{"title":"Kokos\u00f6l 140 ml - Candela Organic","description":"Kokos\u00f6l ist in der K\u00fcche und in der K\u00f6rperpflege zu einem wahren Schatz geworden, dank seiner zahlreichen Vorteile.","robots":{"index":"index","follow":"follow","max-snippet":"max-snippet:-1","max-image-preview":"max-image-preview:large","max-video-preview":"max-video-preview:-1"},"canonical":"https:\/\/candelaorganic.com\/de\/producto\/kokosoel-140-ml\/","og_locale":"de_DE","og_type":"article","og_title":"Kokos\u00f6l 140 ml - Candela Organic","og_description":"Kokos\u00f6l ist in der K\u00fcche und in der K\u00f6rperpflege zu einem wahren Schatz geworden, dank seiner zahlreichen Vorteile.","og_url":"https:\/\/candelaorganic.com\/de\/producto\/kokosoel-140-ml\/","og_site_name":"Candela Organic","article_modified_time":"2024-06-20T20:41:18+00:00","og_image":[{"width":256,"height":256,"url":"https:\/\/candelaorganic.com\/de\/wp-content\/uploads\/sites\/14\/2024\/04\/Aceite-Coco-140ml-product-front-image.webp","type":"image\/webp"}],"twitter_card":"summary_large_image","twitter_misc":{"Gesch\u00e4tzte Lesezeit":"3\u00a0Minuten"},"schema":{"@context":"https:\/\/schema.org","@graph":[{"@type":"WebPage","@id":"https:\/\/candelaorganic.com\/de\/producto\/kokosoel-140-ml\/","url":"https:\/\/candelaorganic.com\/de\/producto\/kokosoel-140-ml\/","name":"Kokos\u00f6l 140 ml - Candela Organic","isPartOf":{"@id":"https:\/\/candelaorganic.com\/de\/#website"},"primaryImageOfPage":{"@id":"https:\/\/candelaorganic.com\/de\/producto\/kokosoel-140-ml\/#primaryimage"},"image":{"@id":"https:\/\/candelaorganic.com\/de\/producto\/kokosoel-140-ml\/#primaryimage"},"thumbnailUrl":"https:\/\/candelaorganic.com\/de\/wp-content\/uploads\/sites\/14\/2024\/04\/Aceite-Coco-140ml-product-front-image.webp","datePublished":"2024-04-04T21:13:31+00:00","dateModified":"2024-06-20T20:41:18+00:00","description":"Kokos\u00f6l ist in der K\u00fcche und in der K\u00f6rperpflege zu einem wahren Schatz geworden, dank seiner zahlreichen Vorteile.","breadcrumb":{"@id":"https:\/\/candelaorganic.com\/de\/producto\/kokosoel-140-ml\/#breadcrumb"},"inLanguage":"de","potentialAction":[{"@type":"ReadAction","target":["https:\/\/candelaorganic.com\/de\/producto\/kokosoel-140-ml\/"]}]},{"@type":"ImageObject","inLanguage":"de","@id":"https:\/\/candelaorganic.com\/de\/producto\/kokosoel-140-ml\/#primaryimage","url":"https:\/\/candelaorganic.com\/de\/wp-content\/uploads\/sites\/14\/2024\/04\/Aceite-Coco-140ml-product-front-image.webp","contentUrl":"https:\/\/candelaorganic.com\/de\/wp-content\/uploads\/sites\/14\/2024\/04\/Aceite-Coco-140ml-product-front-image.webp","width":256,"height":256},{"@type":"BreadcrumbList","@id":"https:\/\/candelaorganic.com\/de\/producto\/kokosoel-140-ml\/#breadcrumb","itemListElement":[{"@type":"ListItem","position":1,"name":"Produkte","item":"https:\/\/candelaorganic.com\/de\/produkte\/"},{"@type":"ListItem","position":2,"name":"Lebensmitteleinzelhandel","item":"https:\/\/candelaorganic.com\/de\/tienda\/lebensmittel-einzelhandel\/"},{"@type":"ListItem","position":3,"name":"Speise\u00f6le","item":"https:\/\/candelaorganic.com\/de\/tienda\/lebensmittel-einzelhandel\/speiseoele-einzelhandel\/"},{"@type":"ListItem","position":4,"name":"Kokos\u00f6l 140 ml"}]},{"@type":"WebSite","@id":"https:\/\/candelaorganic.com\/de\/#website","url":"https:\/\/candelaorganic.com\/de\/","name":"Candela Organic","description":"Wir erh\u00f6hen die Lebensmittelstandards","publisher":{"@id":"https:\/\/candelaorganic.com\/de\/#organization"},"potentialAction":[{"@type":"SearchAction","target":{"@type":"EntryPoint","urlTemplate":"https:\/\/candelaorganic.com\/de\/?s={search_term_string}"},"query-input":{"@type":"PropertyValueSpecification","valueRequired":true,"valueName":"search_term_string"}}],"inLanguage":"de"},{"@type":"Organization","@id":"https:\/\/candelaorganic.com\/de\/#organization","name":"Candela Organic","url":"https:\/\/candelaorganic.com\/de\/","logo":{"@type":"ImageObject","inLanguage":"de","@id":"https:\/\/candelaorganic.com\/de\/#\/schema\/logo\/image\/","url":"https:\/\/candelaorganic.com\/de\/wp-content\/uploads\/sites\/14\/2024\/04\/Logotype.webp","contentUrl":"https:\/\/candelaorganic.com\/de\/wp-content\/uploads\/sites\/14\/2024\/04\/Logotype.webp","width":256,"height":52,"caption":"Candela Organic"},"image":{"@id":"https:\/\/candelaorganic.com\/de\/#\/schema\/logo\/image\/"}}]}},"_links":{"self":[{"href":"https:\/\/candelaorganic.com\/de\/wp-json\/wp\/v2\/product\/14515"}],"collection":[{"href":"https:\/\/candelaorganic.com\/de\/wp-json\/wp\/v2\/product"}],"about":[{"href":"https:\/\/candelaorganic.com\/de\/wp-json\/wp\/v2\/types\/product"}],"replies":[{"embeddable":true,"href":"https:\/\/candelaorganic.com\/de\/wp-json\/wp\/v2\/comments?post=14515"}],"wp:featuredmedia":[{"embeddable":true,"href":"https:\/\/candelaorganic.com\/de\/wp-json\/wp\/v2\/media\/10717"}],"wp:attachment":[{"href":"https:\/\/candelaorganic.com\/de\/wp-json\/wp\/v2\/media?parent=14515"}],"wp:term":[{"taxonomy":"product_cat","embeddable":true,"href":"https:\/\/candelaorganic.com\/de\/wp-json\/wp\/v2\/product_cat?post=14515"},{"taxonomy":"product_tag","embeddable":true,"href":"https:\/\/candelaorganic.com\/de\/wp-json\/wp\/v2\/product_tag?post=14515"}],"curies":[{"name":"wp","href":"https:\/\/api.w.org\/{rel}","templated":true}]}}