{"id":14506,"date":"2024-04-04T23:10:59","date_gmt":"2024-04-04T21:10:59","guid":{"rendered":"https:\/\/candelaorganic.com\/de\/?post_type=product&#038;p=14506"},"modified":"2024-07-16T00:11:41","modified_gmt":"2024-07-15T22:11:41","slug":"bio-sacha-inchi-oel","status":"publish","type":"product","link":"https:\/\/candelaorganic.com\/de\/producto\/bio-sacha-inchi-oel\/","title":{"rendered":"Bio-Sacha-Inchi-\u00d6l"},"content":{"rendered":"<p>Entdecken Sie die Faszination des essbaren Sacha-Inchi-\u00d6ls, das im Handel erh\u00e4ltlich ist und eine ideale vegane Mischung aus essentiellen Omega-3-, -6- und -9-Fetts\u00e4uren bietet. Diese harmonische Zusammensetzung verbessert nicht nur die Herz-Kreislauf-, Nerven-, Immun- und Stoffwechselfunktionen, sondern f\u00f6rdert auch das allgemeine Wohlbefinden. Angereichert mit Antioxidantien und 2000 ppm Tocopherolen, gew\u00e4hrleistet dieses \u00d6l eine bemerkenswerte Stabilit\u00e4t, die es zu einem vielseitigen kulinarischen Begleiter macht, der f\u00fcr verschiedene Anwendungen geeignet ist, von der Bereicherung von Saucen und Dressings bis zur Verfeinerung von Backkreationen.<\/p>\n<p>&nbsp;<\/p>\n<div class=\"text-wrap\"><strong><span class=\"subtitle\" style=\"color: #f1b434;\">EIGENSCHAFTEN &amp; VORTEILE<\/span><\/strong><\/div>\n<ul>\n<li aria-level=\"1\">Erh\u00f6hen Sie Ihr kulinarisches Erlebnis mit essbarem Sacha-Inchi-\u00d6l, einer harmonischen veganen Mischung aus essentiellen Omega-3-, -6- und -9-Fetts\u00e4uren, die das kardiovaskul\u00e4re, nervliche, immunologische und metabolische Wohlbefinden f\u00f6rdern.<\/li>\n<li aria-level=\"1\">Angereichert mit Antioxidantien, einschlie\u00dflich Tocopherolen mit 2000 ppm, gew\u00e4hrleistet dieses \u00d6l eine bemerkenswerte Stabilit\u00e4t, was es zu einer vielseitigen Wahl zum Verfeinern von Saucen, Dressings und Backwaren macht.<\/li>\n<li aria-level=\"1\">Erleben Sie die ideale vegane Ausgewogenheit an essentiellen Fetts\u00e4uren, die Ihre allgemeine Gesundheit und Vitalit\u00e4t f\u00f6rdern.<\/li>\n<li aria-level=\"1\">Nutzen Sie das Potenzial der Omega-Fetts\u00e4uren des Sacha-Inchi-\u00d6ls, die eine entscheidende Rolle bei der Unterst\u00fctzung lebenswichtiger K\u00f6rpersysteme und der F\u00f6rderung des Wohlbefindens spielen.<\/li>\n<li aria-level=\"1\">Nutzen Sie die kulinarischen M\u00f6glichkeiten, die dieses bemerkenswerte \u00d6l bietet, da es Ihre Gerichte m\u00fchelos aufwertet und gleichzeitig die Vorteile von Antioxidantien und essentiellen Fetts\u00e4uren liefert.<\/li>\n<\/ul>\n","protected":false},"excerpt":{"rendered":"<div class=\"title\">\n<div class=\"title\">\n<div class=\"title\">\n<div class=\"title\">\n<div class=\"title\"><strong><span class=\"name\" style=\"color: #f1b434;\">\/ PLUKENETIA VOLUBILIS \/<\/span><\/strong><\/div>\n<p>Quien desea un equilibrio vegano ideal de Omega 3, 6 y 9 (\u00e1cidos grasos esenciales) que mejoran el sistema cardiovascular, nervioso, inmunitario y metab\u00f3lico. Su contenido en antioxidantes (tocoferoles 2000 ppm) le confiere estabilidad para su uso en diferentes formas: salsas, ali\u00f1os y reposter\u00eda.<\/p>\n<\/div>\n<\/div>\n<\/div>\n<\/div>\n","protected":false},"featured_media":10693,"comment_status":"open","ping_status":"closed","template":"","meta":{"editor_notices":[]},"product_cat":[72],"product_tag":[],"yoast_head":"<!-- This site is optimized with the Yoast SEO plugin v23.5 - https:\/\/yoast.com\/wordpress\/plugins\/seo\/ -->\n<title>Bio-Sacha-Inchi-\u00d6l - Candela Organic<\/title>\n<meta name=\"description\" content=\"Lassen Sie den Charme des Sacha-Inchi-Speise\u00f6ls in der Einzelhandelspr\u00e4sentation frei, das eine nat\u00fcrliche und ideale Mischung aus essentiellen Fetts\u00e4uren bietet.\" \/>\n<meta name=\"robots\" content=\"index, follow, max-snippet:-1, max-image-preview:large, max-video-preview:-1\" \/>\n<link rel=\"canonical\" href=\"https:\/\/candelaorganic.com\/de\/producto\/bio-sacha-inchi-oel\/\" \/>\n<meta property=\"og:locale\" content=\"de_DE\" \/>\n<meta property=\"og:type\" content=\"article\" \/>\n<meta property=\"og:title\" content=\"Bio-Sacha-Inchi-\u00d6l - Candela Organic\" \/>\n<meta property=\"og:description\" content=\"Lassen Sie den Charme des Sacha-Inchi-Speise\u00f6ls in der Einzelhandelspr\u00e4sentation frei, das eine nat\u00fcrliche und ideale Mischung aus essentiellen Fetts\u00e4uren bietet.\" \/>\n<meta property=\"og:url\" content=\"https:\/\/candelaorganic.com\/de\/producto\/bio-sacha-inchi-oel\/\" \/>\n<meta property=\"og:site_name\" content=\"Candela Organic\" \/>\n<meta property=\"article:modified_time\" content=\"2024-07-15T22:11:41+00:00\" \/>\n<meta property=\"og:image\" content=\"https:\/\/candelaorganic.com\/de\/wp-content\/uploads\/sites\/14\/2024\/04\/Aceite-Sacha-Inchi-cover-product-image.webp\" \/>\n\t<meta property=\"og:image:width\" content=\"1070\" \/>\n\t<meta property=\"og:image:height\" content=\"1080\" \/>\n\t<meta property=\"og:image:type\" content=\"image\/webp\" \/>\n<meta name=\"twitter:card\" content=\"summary_large_image\" \/>\n<meta name=\"twitter:label1\" content=\"Gesch\u00e4tzte Lesezeit\" \/>\n\t<meta name=\"twitter:data1\" content=\"2\u00a0Minuten\" \/>\n<script type=\"application\/ld+json\" class=\"yoast-schema-graph\">{\"@context\":\"https:\/\/schema.org\",\"@graph\":[{\"@type\":\"WebPage\",\"@id\":\"https:\/\/candelaorganic.com\/de\/producto\/bio-sacha-inchi-oel\/\",\"url\":\"https:\/\/candelaorganic.com\/de\/producto\/bio-sacha-inchi-oel\/\",\"name\":\"Bio-Sacha-Inchi-\u00d6l - Candela Organic\",\"isPartOf\":{\"@id\":\"https:\/\/candelaorganic.com\/de\/#website\"},\"primaryImageOfPage\":{\"@id\":\"https:\/\/candelaorganic.com\/de\/producto\/bio-sacha-inchi-oel\/#primaryimage\"},\"image\":{\"@id\":\"https:\/\/candelaorganic.com\/de\/producto\/bio-sacha-inchi-oel\/#primaryimage\"},\"thumbnailUrl\":\"https:\/\/candelaorganic.com\/de\/wp-content\/uploads\/sites\/14\/2024\/04\/Aceite-Sacha-Inchi-cover-product-image.webp\",\"datePublished\":\"2024-04-04T21:10:59+00:00\",\"dateModified\":\"2024-07-15T22:11:41+00:00\",\"description\":\"Lassen Sie den Charme des Sacha-Inchi-Speise\u00f6ls in der Einzelhandelspr\u00e4sentation frei, das eine nat\u00fcrliche und ideale Mischung aus essentiellen Fetts\u00e4uren bietet.\",\"breadcrumb\":{\"@id\":\"https:\/\/candelaorganic.com\/de\/producto\/bio-sacha-inchi-oel\/#breadcrumb\"},\"inLanguage\":\"de\",\"potentialAction\":[{\"@type\":\"ReadAction\",\"target\":[\"https:\/\/candelaorganic.com\/de\/producto\/bio-sacha-inchi-oel\/\"]}]},{\"@type\":\"ImageObject\",\"inLanguage\":\"de\",\"@id\":\"https:\/\/candelaorganic.com\/de\/producto\/bio-sacha-inchi-oel\/#primaryimage\",\"url\":\"https:\/\/candelaorganic.com\/de\/wp-content\/uploads\/sites\/14\/2024\/04\/Aceite-Sacha-Inchi-cover-product-image.webp\",\"contentUrl\":\"https:\/\/candelaorganic.com\/de\/wp-content\/uploads\/sites\/14\/2024\/04\/Aceite-Sacha-Inchi-cover-product-image.webp\",\"width\":1070,\"height\":1080},{\"@type\":\"BreadcrumbList\",\"@id\":\"https:\/\/candelaorganic.com\/de\/producto\/bio-sacha-inchi-oel\/#breadcrumb\",\"itemListElement\":[{\"@type\":\"ListItem\",\"position\":1,\"name\":\"Produkte\",\"item\":\"https:\/\/candelaorganic.com\/de\/produkte\/\"},{\"@type\":\"ListItem\",\"position\":2,\"name\":\"Lebensmitteleinzelhandel\",\"item\":\"https:\/\/candelaorganic.com\/de\/tienda\/lebensmittel-einzelhandel\/\"},{\"@type\":\"ListItem\",\"position\":3,\"name\":\"Speise\u00f6le\",\"item\":\"https:\/\/candelaorganic.com\/de\/tienda\/lebensmittel-einzelhandel\/speiseoele-einzelhandel\/\"},{\"@type\":\"ListItem\",\"position\":4,\"name\":\"Bio-Sacha-Inchi-\u00d6l\"}]},{\"@type\":\"WebSite\",\"@id\":\"https:\/\/candelaorganic.com\/de\/#website\",\"url\":\"https:\/\/candelaorganic.com\/de\/\",\"name\":\"Candela Organic\",\"description\":\"Wir erh\u00f6hen die Lebensmittelstandards\",\"publisher\":{\"@id\":\"https:\/\/candelaorganic.com\/de\/#organization\"},\"potentialAction\":[{\"@type\":\"SearchAction\",\"target\":{\"@type\":\"EntryPoint\",\"urlTemplate\":\"https:\/\/candelaorganic.com\/de\/?s={search_term_string}\"},\"query-input\":{\"@type\":\"PropertyValueSpecification\",\"valueRequired\":true,\"valueName\":\"search_term_string\"}}],\"inLanguage\":\"de\"},{\"@type\":\"Organization\",\"@id\":\"https:\/\/candelaorganic.com\/de\/#organization\",\"name\":\"Candela Organic\",\"url\":\"https:\/\/candelaorganic.com\/de\/\",\"logo\":{\"@type\":\"ImageObject\",\"inLanguage\":\"de\",\"@id\":\"https:\/\/candelaorganic.com\/de\/#\/schema\/logo\/image\/\",\"url\":\"https:\/\/candelaorganic.com\/de\/wp-content\/uploads\/sites\/14\/2024\/04\/Logotype.webp\",\"contentUrl\":\"https:\/\/candelaorganic.com\/de\/wp-content\/uploads\/sites\/14\/2024\/04\/Logotype.webp\",\"width\":256,\"height\":52,\"caption\":\"Candela Organic\"},\"image\":{\"@id\":\"https:\/\/candelaorganic.com\/de\/#\/schema\/logo\/image\/\"}}]}<\/script>\n<!-- \/ Yoast SEO plugin. -->","yoast_head_json":{"title":"Bio-Sacha-Inchi-\u00d6l - Candela Organic","description":"Lassen Sie den Charme des Sacha-Inchi-Speise\u00f6ls in der Einzelhandelspr\u00e4sentation frei, das eine nat\u00fcrliche und ideale Mischung aus essentiellen Fetts\u00e4uren bietet.","robots":{"index":"index","follow":"follow","max-snippet":"max-snippet:-1","max-image-preview":"max-image-preview:large","max-video-preview":"max-video-preview:-1"},"canonical":"https:\/\/candelaorganic.com\/de\/producto\/bio-sacha-inchi-oel\/","og_locale":"de_DE","og_type":"article","og_title":"Bio-Sacha-Inchi-\u00d6l - Candela Organic","og_description":"Lassen Sie den Charme des Sacha-Inchi-Speise\u00f6ls in der Einzelhandelspr\u00e4sentation frei, das eine nat\u00fcrliche und ideale Mischung aus essentiellen Fetts\u00e4uren bietet.","og_url":"https:\/\/candelaorganic.com\/de\/producto\/bio-sacha-inchi-oel\/","og_site_name":"Candela Organic","article_modified_time":"2024-07-15T22:11:41+00:00","og_image":[{"width":1070,"height":1080,"url":"https:\/\/candelaorganic.com\/de\/wp-content\/uploads\/sites\/14\/2024\/04\/Aceite-Sacha-Inchi-cover-product-image.webp","type":"image\/webp"}],"twitter_card":"summary_large_image","twitter_misc":{"Gesch\u00e4tzte Lesezeit":"2\u00a0Minuten"},"schema":{"@context":"https:\/\/schema.org","@graph":[{"@type":"WebPage","@id":"https:\/\/candelaorganic.com\/de\/producto\/bio-sacha-inchi-oel\/","url":"https:\/\/candelaorganic.com\/de\/producto\/bio-sacha-inchi-oel\/","name":"Bio-Sacha-Inchi-\u00d6l - Candela Organic","isPartOf":{"@id":"https:\/\/candelaorganic.com\/de\/#website"},"primaryImageOfPage":{"@id":"https:\/\/candelaorganic.com\/de\/producto\/bio-sacha-inchi-oel\/#primaryimage"},"image":{"@id":"https:\/\/candelaorganic.com\/de\/producto\/bio-sacha-inchi-oel\/#primaryimage"},"thumbnailUrl":"https:\/\/candelaorganic.com\/de\/wp-content\/uploads\/sites\/14\/2024\/04\/Aceite-Sacha-Inchi-cover-product-image.webp","datePublished":"2024-04-04T21:10:59+00:00","dateModified":"2024-07-15T22:11:41+00:00","description":"Lassen Sie den Charme des Sacha-Inchi-Speise\u00f6ls in der Einzelhandelspr\u00e4sentation frei, das eine nat\u00fcrliche und ideale Mischung aus essentiellen Fetts\u00e4uren bietet.","breadcrumb":{"@id":"https:\/\/candelaorganic.com\/de\/producto\/bio-sacha-inchi-oel\/#breadcrumb"},"inLanguage":"de","potentialAction":[{"@type":"ReadAction","target":["https:\/\/candelaorganic.com\/de\/producto\/bio-sacha-inchi-oel\/"]}]},{"@type":"ImageObject","inLanguage":"de","@id":"https:\/\/candelaorganic.com\/de\/producto\/bio-sacha-inchi-oel\/#primaryimage","url":"https:\/\/candelaorganic.com\/de\/wp-content\/uploads\/sites\/14\/2024\/04\/Aceite-Sacha-Inchi-cover-product-image.webp","contentUrl":"https:\/\/candelaorganic.com\/de\/wp-content\/uploads\/sites\/14\/2024\/04\/Aceite-Sacha-Inchi-cover-product-image.webp","width":1070,"height":1080},{"@type":"BreadcrumbList","@id":"https:\/\/candelaorganic.com\/de\/producto\/bio-sacha-inchi-oel\/#breadcrumb","itemListElement":[{"@type":"ListItem","position":1,"name":"Produkte","item":"https:\/\/candelaorganic.com\/de\/produkte\/"},{"@type":"ListItem","position":2,"name":"Lebensmitteleinzelhandel","item":"https:\/\/candelaorganic.com\/de\/tienda\/lebensmittel-einzelhandel\/"},{"@type":"ListItem","position":3,"name":"Speise\u00f6le","item":"https:\/\/candelaorganic.com\/de\/tienda\/lebensmittel-einzelhandel\/speiseoele-einzelhandel\/"},{"@type":"ListItem","position":4,"name":"Bio-Sacha-Inchi-\u00d6l"}]},{"@type":"WebSite","@id":"https:\/\/candelaorganic.com\/de\/#website","url":"https:\/\/candelaorganic.com\/de\/","name":"Candela Organic","description":"Wir erh\u00f6hen die Lebensmittelstandards","publisher":{"@id":"https:\/\/candelaorganic.com\/de\/#organization"},"potentialAction":[{"@type":"SearchAction","target":{"@type":"EntryPoint","urlTemplate":"https:\/\/candelaorganic.com\/de\/?s={search_term_string}"},"query-input":{"@type":"PropertyValueSpecification","valueRequired":true,"valueName":"search_term_string"}}],"inLanguage":"de"},{"@type":"Organization","@id":"https:\/\/candelaorganic.com\/de\/#organization","name":"Candela Organic","url":"https:\/\/candelaorganic.com\/de\/","logo":{"@type":"ImageObject","inLanguage":"de","@id":"https:\/\/candelaorganic.com\/de\/#\/schema\/logo\/image\/","url":"https:\/\/candelaorganic.com\/de\/wp-content\/uploads\/sites\/14\/2024\/04\/Logotype.webp","contentUrl":"https:\/\/candelaorganic.com\/de\/wp-content\/uploads\/sites\/14\/2024\/04\/Logotype.webp","width":256,"height":52,"caption":"Candela Organic"},"image":{"@id":"https:\/\/candelaorganic.com\/de\/#\/schema\/logo\/image\/"}}]}},"_links":{"self":[{"href":"https:\/\/candelaorganic.com\/de\/wp-json\/wp\/v2\/product\/14506"}],"collection":[{"href":"https:\/\/candelaorganic.com\/de\/wp-json\/wp\/v2\/product"}],"about":[{"href":"https:\/\/candelaorganic.com\/de\/wp-json\/wp\/v2\/types\/product"}],"replies":[{"embeddable":true,"href":"https:\/\/candelaorganic.com\/de\/wp-json\/wp\/v2\/comments?post=14506"}],"wp:featuredmedia":[{"embeddable":true,"href":"https:\/\/candelaorganic.com\/de\/wp-json\/wp\/v2\/media\/10693"}],"wp:attachment":[{"href":"https:\/\/candelaorganic.com\/de\/wp-json\/wp\/v2\/media?parent=14506"}],"wp:term":[{"taxonomy":"product_cat","embeddable":true,"href":"https:\/\/candelaorganic.com\/de\/wp-json\/wp\/v2\/product_cat?post=14506"},{"taxonomy":"product_tag","embeddable":true,"href":"https:\/\/candelaorganic.com\/de\/wp-json\/wp\/v2\/product_tag?post=14506"}],"curies":[{"name":"wp","href":"https:\/\/api.w.org\/{rel}","templated":true}]}}