{"id":14486,"date":"2024-04-04T23:06:03","date_gmt":"2024-04-04T21:06:03","guid":{"rendered":"https:\/\/candelaorganic.com\/de\/?post_type=product&#038;p=14486"},"modified":"2024-07-16T00:11:37","modified_gmt":"2024-07-15T22:11:37","slug":"bio-paranussoel-mit-basilikum","status":"publish","type":"product","link":"https:\/\/candelaorganic.com\/de\/producto\/bio-paranussoel-mit-basilikum\/","title":{"rendered":"Bio-Paranuss\u00f6l mit Basilikum"},"content":{"rendered":"<p>Entdecken Sie die k\u00f6stliche Essenz unseres essbaren Bio-Paranuss\u00f6ls mit Basilikum, ein kulinarisches Meisterwerk, das den nussigen Reichtum der Bio-Paran\u00fcsse mit dem aromatischen Charme des Basilikums verbindet. Diese harmonische Verschmelzung ergibt ein vielseitiges \u00d6l, das sich perfekt f\u00fcr Ihre kulinarischen Erlebnisse eignet. Die sanften Basilikum-Noten verleihen Ihren Gerichten einen Hauch von Frische und machen es zur idealen Wahl, um es \u00fcber Salate, Pasta und gebratenes Gem\u00fcse zu tr\u00e4ufeln. Erh\u00f6hen Sie Ihre kulinarischen Kreationen mit den einzigartigen Aromen dieses \u00d6ls, das die gesunden Vorteile von Bio-Paran\u00fcssen mit dem aromatischen Reiz des Basilikums verbindet.<\/p>\n<p>&nbsp;<\/p>\n<div class=\"text-wrap\"><strong><span class=\"subtitle\" style=\"color: #f1b434;\">EIGENSCHAFTEN UND VORTEILE<\/span><\/strong><\/div>\n<div class=\"text-wrap\">\n<ul>\n<li aria-level=\"1\">Unterst\u00fctzung des Herz-Kreislauf-Systems: Unser Bio-Paranuss\u00f6l mit Basilikum enth\u00e4lt Omega-6- und Omega-9-Fetts\u00e4uren, die die Gesundheit des Herzens f\u00f6rdern und zu einem ausgewogenen Herz-Kreislauf-System beitragen.<\/li>\n<li aria-level=\"1\">St\u00e4rkung der Antioxidantien: Basilikum ist reich an Antioxidantien, die m\u00f6glicherweise dazu beitragen, sch\u00e4dliche freie Radikale zu neutralisieren und die allgemeine Zellgesundheit zu unterst\u00fctzen.<\/li>\n<li aria-level=\"1\">Entz\u00fcndungshemmende Eigenschaften: Die Kombination aus biologischem Paranuss\u00f6l und Basilikum kann entz\u00fcndungshemmend wirken und dazu beitragen, Entz\u00fcndungen im K\u00f6rper zu reduzieren.<\/li>\n<li aria-level=\"1\">N\u00e4hrstoffreiche G\u00fcte: Diese einzigartige \u00d6lmischung liefert wichtige N\u00e4hrstoffe aus biologischen Paran\u00fcssen und Basilikum, die zu einer ausgewogenen und n\u00e4hrstoffreichen Ern\u00e4hrung beitragen.<\/li>\n<li aria-level=\"1\">Eine geschmackliche Bereicherung f\u00fcr die K\u00fcche: Der aromatische Basilikumaufguss verleiht Ihren Gerichten einen frischen Geschmack, der Ihre Mahlzeiten aufwertet und m\u00f6glicherweise zus\u00e4tzliche gesundheitliche Vorteile bietet.<\/li>\n<li aria-level=\"1\">Die Zutaten: Brasilianische N\u00fcsse mit Basilikum<\/li>\n<\/ul>\n<\/div>\n","protected":false},"excerpt":{"rendered":"<div class=\"title\">\n<div class=\"title\">\n<div class=\"title\">\n<div class=\"title\">\n<div class=\"title\"><strong><span class=\"name\" style=\"color: #f1b434;\">\/ BERTHOLLETIA EXCELSA &amp; CAPSICUM BACCATUM \/<\/span><\/strong><\/div>\n<p>Ein preisgekr\u00f6ntes Produkt, das den frischen Geschmack von Basilikum mit dem Amazonas-Nuss\u00f6l kombiniert. Es ist perfekt f\u00fcr Salatdressings, mit Pasta oder So\u00dfen.<\/p>\n<\/div>\n<\/div>\n<\/div>\n<\/div>\n","protected":false},"featured_media":10673,"comment_status":"open","ping_status":"closed","template":"","meta":{"editor_notices":[]},"product_cat":[72],"product_tag":[],"yoast_head":"<!-- This site is optimized with the Yoast SEO plugin v23.5 - https:\/\/yoast.com\/wordpress\/plugins\/seo\/ -->\n<title>Bio-Paranuss\u00f6l mit Basilikum - Candela Organic<\/title>\n<meta name=\"description\" content=\"Entdecken Sie die k\u00f6stliche Essenz unseres Kastanien-Basilikum-Speise\u00f6ls, das den Reichtum von Bio-Kastanien vereint.\" \/>\n<meta name=\"robots\" content=\"index, follow, max-snippet:-1, max-image-preview:large, max-video-preview:-1\" \/>\n<link rel=\"canonical\" href=\"https:\/\/candelaorganic.com\/de\/producto\/bio-paranussoel-mit-basilikum\/\" \/>\n<meta property=\"og:locale\" content=\"de_DE\" \/>\n<meta property=\"og:type\" content=\"article\" \/>\n<meta property=\"og:title\" content=\"Bio-Paranuss\u00f6l mit Basilikum - Candela Organic\" \/>\n<meta property=\"og:description\" content=\"Entdecken Sie die k\u00f6stliche Essenz unseres Kastanien-Basilikum-Speise\u00f6ls, das den Reichtum von Bio-Kastanien vereint.\" \/>\n<meta property=\"og:url\" content=\"https:\/\/candelaorganic.com\/de\/producto\/bio-paranussoel-mit-basilikum\/\" \/>\n<meta property=\"og:site_name\" content=\"Candela Organic\" \/>\n<meta property=\"article:modified_time\" content=\"2024-07-15T22:11:37+00:00\" \/>\n<meta property=\"og:image\" content=\"https:\/\/candelaorganic.com\/de\/wp-content\/uploads\/sites\/14\/2024\/04\/Aceite-Castana-Albahaca-cover-product-image.webp\" \/>\n\t<meta property=\"og:image:width\" content=\"1070\" \/>\n\t<meta property=\"og:image:height\" content=\"1080\" \/>\n\t<meta property=\"og:image:type\" content=\"image\/webp\" \/>\n<meta name=\"twitter:card\" content=\"summary_large_image\" \/>\n<meta name=\"twitter:label1\" content=\"Gesch\u00e4tzte Lesezeit\" \/>\n\t<meta name=\"twitter:data1\" content=\"2\u00a0Minuten\" \/>\n<script type=\"application\/ld+json\" class=\"yoast-schema-graph\">{\"@context\":\"https:\/\/schema.org\",\"@graph\":[{\"@type\":\"WebPage\",\"@id\":\"https:\/\/candelaorganic.com\/de\/producto\/bio-paranussoel-mit-basilikum\/\",\"url\":\"https:\/\/candelaorganic.com\/de\/producto\/bio-paranussoel-mit-basilikum\/\",\"name\":\"Bio-Paranuss\u00f6l mit Basilikum - Candela Organic\",\"isPartOf\":{\"@id\":\"https:\/\/candelaorganic.com\/de\/#website\"},\"primaryImageOfPage\":{\"@id\":\"https:\/\/candelaorganic.com\/de\/producto\/bio-paranussoel-mit-basilikum\/#primaryimage\"},\"image\":{\"@id\":\"https:\/\/candelaorganic.com\/de\/producto\/bio-paranussoel-mit-basilikum\/#primaryimage\"},\"thumbnailUrl\":\"https:\/\/candelaorganic.com\/de\/wp-content\/uploads\/sites\/14\/2024\/04\/Aceite-Castana-Albahaca-cover-product-image.webp\",\"datePublished\":\"2024-04-04T21:06:03+00:00\",\"dateModified\":\"2024-07-15T22:11:37+00:00\",\"description\":\"Entdecken Sie die k\u00f6stliche Essenz unseres Kastanien-Basilikum-Speise\u00f6ls, das den Reichtum von Bio-Kastanien vereint.\",\"breadcrumb\":{\"@id\":\"https:\/\/candelaorganic.com\/de\/producto\/bio-paranussoel-mit-basilikum\/#breadcrumb\"},\"inLanguage\":\"de\",\"potentialAction\":[{\"@type\":\"ReadAction\",\"target\":[\"https:\/\/candelaorganic.com\/de\/producto\/bio-paranussoel-mit-basilikum\/\"]}]},{\"@type\":\"ImageObject\",\"inLanguage\":\"de\",\"@id\":\"https:\/\/candelaorganic.com\/de\/producto\/bio-paranussoel-mit-basilikum\/#primaryimage\",\"url\":\"https:\/\/candelaorganic.com\/de\/wp-content\/uploads\/sites\/14\/2024\/04\/Aceite-Castana-Albahaca-cover-product-image.webp\",\"contentUrl\":\"https:\/\/candelaorganic.com\/de\/wp-content\/uploads\/sites\/14\/2024\/04\/Aceite-Castana-Albahaca-cover-product-image.webp\",\"width\":1070,\"height\":1080},{\"@type\":\"BreadcrumbList\",\"@id\":\"https:\/\/candelaorganic.com\/de\/producto\/bio-paranussoel-mit-basilikum\/#breadcrumb\",\"itemListElement\":[{\"@type\":\"ListItem\",\"position\":1,\"name\":\"Produkte\",\"item\":\"https:\/\/candelaorganic.com\/de\/produkte\/\"},{\"@type\":\"ListItem\",\"position\":2,\"name\":\"Lebensmitteleinzelhandel\",\"item\":\"https:\/\/candelaorganic.com\/de\/tienda\/lebensmittel-einzelhandel\/\"},{\"@type\":\"ListItem\",\"position\":3,\"name\":\"Speise\u00f6le\",\"item\":\"https:\/\/candelaorganic.com\/de\/tienda\/lebensmittel-einzelhandel\/speiseoele-einzelhandel\/\"},{\"@type\":\"ListItem\",\"position\":4,\"name\":\"Bio-Paranuss\u00f6l mit Basilikum\"}]},{\"@type\":\"WebSite\",\"@id\":\"https:\/\/candelaorganic.com\/de\/#website\",\"url\":\"https:\/\/candelaorganic.com\/de\/\",\"name\":\"Candela Organic\",\"description\":\"Wir erh\u00f6hen die Lebensmittelstandards\",\"publisher\":{\"@id\":\"https:\/\/candelaorganic.com\/de\/#organization\"},\"potentialAction\":[{\"@type\":\"SearchAction\",\"target\":{\"@type\":\"EntryPoint\",\"urlTemplate\":\"https:\/\/candelaorganic.com\/de\/?s={search_term_string}\"},\"query-input\":{\"@type\":\"PropertyValueSpecification\",\"valueRequired\":true,\"valueName\":\"search_term_string\"}}],\"inLanguage\":\"de\"},{\"@type\":\"Organization\",\"@id\":\"https:\/\/candelaorganic.com\/de\/#organization\",\"name\":\"Candela Organic\",\"url\":\"https:\/\/candelaorganic.com\/de\/\",\"logo\":{\"@type\":\"ImageObject\",\"inLanguage\":\"de\",\"@id\":\"https:\/\/candelaorganic.com\/de\/#\/schema\/logo\/image\/\",\"url\":\"https:\/\/candelaorganic.com\/de\/wp-content\/uploads\/sites\/14\/2024\/04\/Logotype.webp\",\"contentUrl\":\"https:\/\/candelaorganic.com\/de\/wp-content\/uploads\/sites\/14\/2024\/04\/Logotype.webp\",\"width\":256,\"height\":52,\"caption\":\"Candela Organic\"},\"image\":{\"@id\":\"https:\/\/candelaorganic.com\/de\/#\/schema\/logo\/image\/\"}}]}<\/script>\n<!-- \/ Yoast SEO plugin. -->","yoast_head_json":{"title":"Bio-Paranuss\u00f6l mit Basilikum - Candela Organic","description":"Entdecken Sie die k\u00f6stliche Essenz unseres Kastanien-Basilikum-Speise\u00f6ls, das den Reichtum von Bio-Kastanien vereint.","robots":{"index":"index","follow":"follow","max-snippet":"max-snippet:-1","max-image-preview":"max-image-preview:large","max-video-preview":"max-video-preview:-1"},"canonical":"https:\/\/candelaorganic.com\/de\/producto\/bio-paranussoel-mit-basilikum\/","og_locale":"de_DE","og_type":"article","og_title":"Bio-Paranuss\u00f6l mit Basilikum - Candela Organic","og_description":"Entdecken Sie die k\u00f6stliche Essenz unseres Kastanien-Basilikum-Speise\u00f6ls, das den Reichtum von Bio-Kastanien vereint.","og_url":"https:\/\/candelaorganic.com\/de\/producto\/bio-paranussoel-mit-basilikum\/","og_site_name":"Candela Organic","article_modified_time":"2024-07-15T22:11:37+00:00","og_image":[{"width":1070,"height":1080,"url":"https:\/\/candelaorganic.com\/de\/wp-content\/uploads\/sites\/14\/2024\/04\/Aceite-Castana-Albahaca-cover-product-image.webp","type":"image\/webp"}],"twitter_card":"summary_large_image","twitter_misc":{"Gesch\u00e4tzte Lesezeit":"2\u00a0Minuten"},"schema":{"@context":"https:\/\/schema.org","@graph":[{"@type":"WebPage","@id":"https:\/\/candelaorganic.com\/de\/producto\/bio-paranussoel-mit-basilikum\/","url":"https:\/\/candelaorganic.com\/de\/producto\/bio-paranussoel-mit-basilikum\/","name":"Bio-Paranuss\u00f6l mit Basilikum - Candela Organic","isPartOf":{"@id":"https:\/\/candelaorganic.com\/de\/#website"},"primaryImageOfPage":{"@id":"https:\/\/candelaorganic.com\/de\/producto\/bio-paranussoel-mit-basilikum\/#primaryimage"},"image":{"@id":"https:\/\/candelaorganic.com\/de\/producto\/bio-paranussoel-mit-basilikum\/#primaryimage"},"thumbnailUrl":"https:\/\/candelaorganic.com\/de\/wp-content\/uploads\/sites\/14\/2024\/04\/Aceite-Castana-Albahaca-cover-product-image.webp","datePublished":"2024-04-04T21:06:03+00:00","dateModified":"2024-07-15T22:11:37+00:00","description":"Entdecken Sie die k\u00f6stliche Essenz unseres Kastanien-Basilikum-Speise\u00f6ls, das den Reichtum von Bio-Kastanien vereint.","breadcrumb":{"@id":"https:\/\/candelaorganic.com\/de\/producto\/bio-paranussoel-mit-basilikum\/#breadcrumb"},"inLanguage":"de","potentialAction":[{"@type":"ReadAction","target":["https:\/\/candelaorganic.com\/de\/producto\/bio-paranussoel-mit-basilikum\/"]}]},{"@type":"ImageObject","inLanguage":"de","@id":"https:\/\/candelaorganic.com\/de\/producto\/bio-paranussoel-mit-basilikum\/#primaryimage","url":"https:\/\/candelaorganic.com\/de\/wp-content\/uploads\/sites\/14\/2024\/04\/Aceite-Castana-Albahaca-cover-product-image.webp","contentUrl":"https:\/\/candelaorganic.com\/de\/wp-content\/uploads\/sites\/14\/2024\/04\/Aceite-Castana-Albahaca-cover-product-image.webp","width":1070,"height":1080},{"@type":"BreadcrumbList","@id":"https:\/\/candelaorganic.com\/de\/producto\/bio-paranussoel-mit-basilikum\/#breadcrumb","itemListElement":[{"@type":"ListItem","position":1,"name":"Produkte","item":"https:\/\/candelaorganic.com\/de\/produkte\/"},{"@type":"ListItem","position":2,"name":"Lebensmitteleinzelhandel","item":"https:\/\/candelaorganic.com\/de\/tienda\/lebensmittel-einzelhandel\/"},{"@type":"ListItem","position":3,"name":"Speise\u00f6le","item":"https:\/\/candelaorganic.com\/de\/tienda\/lebensmittel-einzelhandel\/speiseoele-einzelhandel\/"},{"@type":"ListItem","position":4,"name":"Bio-Paranuss\u00f6l mit Basilikum"}]},{"@type":"WebSite","@id":"https:\/\/candelaorganic.com\/de\/#website","url":"https:\/\/candelaorganic.com\/de\/","name":"Candela Organic","description":"Wir erh\u00f6hen die Lebensmittelstandards","publisher":{"@id":"https:\/\/candelaorganic.com\/de\/#organization"},"potentialAction":[{"@type":"SearchAction","target":{"@type":"EntryPoint","urlTemplate":"https:\/\/candelaorganic.com\/de\/?s={search_term_string}"},"query-input":{"@type":"PropertyValueSpecification","valueRequired":true,"valueName":"search_term_string"}}],"inLanguage":"de"},{"@type":"Organization","@id":"https:\/\/candelaorganic.com\/de\/#organization","name":"Candela Organic","url":"https:\/\/candelaorganic.com\/de\/","logo":{"@type":"ImageObject","inLanguage":"de","@id":"https:\/\/candelaorganic.com\/de\/#\/schema\/logo\/image\/","url":"https:\/\/candelaorganic.com\/de\/wp-content\/uploads\/sites\/14\/2024\/04\/Logotype.webp","contentUrl":"https:\/\/candelaorganic.com\/de\/wp-content\/uploads\/sites\/14\/2024\/04\/Logotype.webp","width":256,"height":52,"caption":"Candela Organic"},"image":{"@id":"https:\/\/candelaorganic.com\/de\/#\/schema\/logo\/image\/"}}]}},"_links":{"self":[{"href":"https:\/\/candelaorganic.com\/de\/wp-json\/wp\/v2\/product\/14486"}],"collection":[{"href":"https:\/\/candelaorganic.com\/de\/wp-json\/wp\/v2\/product"}],"about":[{"href":"https:\/\/candelaorganic.com\/de\/wp-json\/wp\/v2\/types\/product"}],"replies":[{"embeddable":true,"href":"https:\/\/candelaorganic.com\/de\/wp-json\/wp\/v2\/comments?post=14486"}],"wp:featuredmedia":[{"embeddable":true,"href":"https:\/\/candelaorganic.com\/de\/wp-json\/wp\/v2\/media\/10673"}],"wp:attachment":[{"href":"https:\/\/candelaorganic.com\/de\/wp-json\/wp\/v2\/media?parent=14486"}],"wp:term":[{"taxonomy":"product_cat","embeddable":true,"href":"https:\/\/candelaorganic.com\/de\/wp-json\/wp\/v2\/product_cat?post=14486"},{"taxonomy":"product_tag","embeddable":true,"href":"https:\/\/candelaorganic.com\/de\/wp-json\/wp\/v2\/product_tag?post=14486"}],"curies":[{"name":"wp","href":"https:\/\/api.w.org\/{rel}","templated":true}]}}