{"id":14479,"date":"2024-04-04T23:09:20","date_gmt":"2024-04-04T21:09:20","guid":{"rendered":"https:\/\/candelaorganic.com\/de\/?post_type=product&#038;p=14479"},"modified":"2025-01-15T15:50:19","modified_gmt":"2025-01-15T14:50:19","slug":"bio-paranuesse","status":"publish","type":"product","link":"https:\/\/candelaorganic.com\/de\/producto\/bio-paranuesse\/","title":{"rendered":"Bio-Paran\u00fcsse"},"content":{"rendered":"<p>Wir freuen uns, ein wichtiger Akteur in der Wertsch\u00f6pfungskette von Bertholletia Excelsa in Peru zu sein: dem gro\u00dfen Riesenbaum des Amazonas. Wussten Sie, dass Paran\u00fcsse wild gesammelt werden? Ja, sie werden jedes Jahr von Tausenden von Casta\u00f1eros im Amazonas-Regenwald gesammelt und stellen eine echte M\u00f6glichkeit dar, den bestehenden Wald aufzuwerten. Sie hei\u00dft zwar Paranuss, aber wir nennen sie lieber Amazonasnuss, weil sie in Bolivien, Brasilien und Peru vorkommt.<\/p>\n<p>W\u00e4hrend Sie einen k\u00f6stlichen Snack genie\u00dfen, der reich an Proteinen (17%), Fetts\u00e4uren (60% reich an Omega 9 und 6) und essentiellen Mineralien wie Selen (und anderen Mineralien wie Kalzium, Magnesium, Phosphor) ist, tragen Sie zur Erhaltung des \u00d6kosystems des tropischen Regenwaldes bei.<\/p>\n<p>&nbsp;<\/p>\n<p><strong><span class=\"subtitle\" style=\"color: #f1b434;\">MERKMALE UND VORTEILE<\/span><\/strong><\/p>\n<ul>\n<li>Die Paranuss ist eine Nuss reich an Antioxidantien, Vitamine B1 und B6, die das Funktionieren des Nervensystems helfen. Dar\u00fcber hinaus haben sie Magnesium, die die Entwicklung der Muskeln hilft, verbessert unseren Blutdruck, hilft, Proteine zu assimilieren.<\/li>\n<li>Weitere Mineralien, die in dieser Nuss enthalten sind, sind Kalzium und Phosphor, die dazu beitragen, dass unsere Knochen stark bleiben.<\/li>\n<li>Einer der gr\u00f6\u00dften Vorteile der Paranuss ist ihr hoher Selengehalt, ein Mineral, das f\u00fcr die Produktion von Proteinen und f\u00fcr die Stimulierung der Produktion von wei\u00dfen Blutk\u00f6rperchen verantwortlich ist und somit unser Immunsystem st\u00e4rkt.<\/li>\n<\/ul>\n<p>&nbsp;<\/p>\n","protected":false},"excerpt":{"rendered":"<div class=\"title\" style=\"color: #f1b434;\"><strong><span class=\"name\">\/ BERTHOLLETIA ALTA \/<\/span><\/strong><\/div>\n<p>Paran\u00fcsse stammen von den majest\u00e4tischen B\u00e4umen des Departements Madre de Dios, ihr Verzehr tr\u00e4gt zur Erhaltung und nachhaltigen Bewirtschaftung der Artenvielfalt der eigenen W\u00e4lder des Departements bei<\/p>\n","protected":false},"featured_media":12813,"comment_status":"open","ping_status":"closed","template":"","meta":{"editor_notices":[]},"product_cat":[69],"product_tag":[],"yoast_head":"<!-- This site is optimized with the Yoast SEO plugin v23.5 - https:\/\/yoast.com\/wordpress\/plugins\/seo\/ -->\n<title>Bio-Paran\u00fcsse - Candela Organic<\/title>\n<meta name=\"description\" content=\"Wir freuen uns, ein wichtiger Akteur in der Wertsch\u00f6pfungskette von Bertholletia Excelsa in Peru zu sein: der gro\u00dfe Baumriese des Amazonas.\" \/>\n<meta name=\"robots\" content=\"index, follow, max-snippet:-1, max-image-preview:large, max-video-preview:-1\" \/>\n<link rel=\"canonical\" href=\"https:\/\/candelaorganic.com\/de\/producto\/bio-paranuesse\/\" \/>\n<meta property=\"og:locale\" content=\"de_DE\" \/>\n<meta property=\"og:type\" content=\"article\" \/>\n<meta property=\"og:title\" content=\"Bio-Paran\u00fcsse - Candela Organic\" \/>\n<meta property=\"og:description\" content=\"Wir freuen uns, ein wichtiger Akteur in der Wertsch\u00f6pfungskette von Bertholletia Excelsa in Peru zu sein: der gro\u00dfe Baumriese des Amazonas.\" \/>\n<meta property=\"og:url\" content=\"https:\/\/candelaorganic.com\/de\/producto\/bio-paranuesse\/\" \/>\n<meta property=\"og:site_name\" content=\"Candela Organic\" \/>\n<meta property=\"article:modified_time\" content=\"2025-01-15T14:50:19+00:00\" \/>\n<meta property=\"og:image\" content=\"https:\/\/candelaorganic.com\/de\/wp-content\/uploads\/sites\/14\/2024\/04\/Cover-product-image-126.webp\" \/>\n\t<meta property=\"og:image:width\" content=\"609\" \/>\n\t<meta property=\"og:image:height\" content=\"599\" \/>\n\t<meta property=\"og:image:type\" content=\"image\/webp\" \/>\n<meta name=\"twitter:card\" content=\"summary_large_image\" \/>\n<meta name=\"twitter:label1\" content=\"Gesch\u00e4tzte Lesezeit\" \/>\n\t<meta name=\"twitter:data1\" content=\"2\u00a0Minuten\" \/>\n<script type=\"application\/ld+json\" class=\"yoast-schema-graph\">{\"@context\":\"https:\/\/schema.org\",\"@graph\":[{\"@type\":\"WebPage\",\"@id\":\"https:\/\/candelaorganic.com\/de\/producto\/bio-paranuesse\/\",\"url\":\"https:\/\/candelaorganic.com\/de\/producto\/bio-paranuesse\/\",\"name\":\"Bio-Paran\u00fcsse - Candela Organic\",\"isPartOf\":{\"@id\":\"https:\/\/candelaorganic.com\/de\/#website\"},\"primaryImageOfPage\":{\"@id\":\"https:\/\/candelaorganic.com\/de\/producto\/bio-paranuesse\/#primaryimage\"},\"image\":{\"@id\":\"https:\/\/candelaorganic.com\/de\/producto\/bio-paranuesse\/#primaryimage\"},\"thumbnailUrl\":\"https:\/\/candelaorganic.com\/de\/wp-content\/uploads\/sites\/14\/2024\/04\/Cover-product-image-126.webp\",\"datePublished\":\"2024-04-04T21:09:20+00:00\",\"dateModified\":\"2025-01-15T14:50:19+00:00\",\"description\":\"Wir freuen uns, ein wichtiger Akteur in der Wertsch\u00f6pfungskette von Bertholletia Excelsa in Peru zu sein: der gro\u00dfe Baumriese des Amazonas.\",\"breadcrumb\":{\"@id\":\"https:\/\/candelaorganic.com\/de\/producto\/bio-paranuesse\/#breadcrumb\"},\"inLanguage\":\"de\",\"potentialAction\":[{\"@type\":\"ReadAction\",\"target\":[\"https:\/\/candelaorganic.com\/de\/producto\/bio-paranuesse\/\"]}]},{\"@type\":\"ImageObject\",\"inLanguage\":\"de\",\"@id\":\"https:\/\/candelaorganic.com\/de\/producto\/bio-paranuesse\/#primaryimage\",\"url\":\"https:\/\/candelaorganic.com\/de\/wp-content\/uploads\/sites\/14\/2024\/04\/Cover-product-image-126.webp\",\"contentUrl\":\"https:\/\/candelaorganic.com\/de\/wp-content\/uploads\/sites\/14\/2024\/04\/Cover-product-image-126.webp\",\"width\":609,\"height\":599},{\"@type\":\"BreadcrumbList\",\"@id\":\"https:\/\/candelaorganic.com\/de\/producto\/bio-paranuesse\/#breadcrumb\",\"itemListElement\":[{\"@type\":\"ListItem\",\"position\":1,\"name\":\"Produkte\",\"item\":\"https:\/\/candelaorganic.com\/de\/produkte\/\"},{\"@type\":\"ListItem\",\"position\":2,\"name\":\"Lebensmitteleinzelhandel\",\"item\":\"https:\/\/candelaorganic.com\/de\/tienda\/lebensmittel-einzelhandel\/\"},{\"@type\":\"ListItem\",\"position\":3,\"name\":\"Trockenfr\u00fcchte und N\u00fcsse\",\"item\":\"https:\/\/candelaorganic.com\/de\/tienda\/lebensmittel-einzelhandel\/trockenfruechte-und-nuesse-einzelhandel\/\"},{\"@type\":\"ListItem\",\"position\":4,\"name\":\"Bio-Paran\u00fcsse\"}]},{\"@type\":\"WebSite\",\"@id\":\"https:\/\/candelaorganic.com\/de\/#website\",\"url\":\"https:\/\/candelaorganic.com\/de\/\",\"name\":\"Candela Organic\",\"description\":\"Wir erh\u00f6hen die Lebensmittelstandards\",\"publisher\":{\"@id\":\"https:\/\/candelaorganic.com\/de\/#organization\"},\"potentialAction\":[{\"@type\":\"SearchAction\",\"target\":{\"@type\":\"EntryPoint\",\"urlTemplate\":\"https:\/\/candelaorganic.com\/de\/?s={search_term_string}\"},\"query-input\":{\"@type\":\"PropertyValueSpecification\",\"valueRequired\":true,\"valueName\":\"search_term_string\"}}],\"inLanguage\":\"de\"},{\"@type\":\"Organization\",\"@id\":\"https:\/\/candelaorganic.com\/de\/#organization\",\"name\":\"Candela Organic\",\"url\":\"https:\/\/candelaorganic.com\/de\/\",\"logo\":{\"@type\":\"ImageObject\",\"inLanguage\":\"de\",\"@id\":\"https:\/\/candelaorganic.com\/de\/#\/schema\/logo\/image\/\",\"url\":\"https:\/\/candelaorganic.com\/de\/wp-content\/uploads\/sites\/14\/2024\/04\/Logotype.webp\",\"contentUrl\":\"https:\/\/candelaorganic.com\/de\/wp-content\/uploads\/sites\/14\/2024\/04\/Logotype.webp\",\"width\":256,\"height\":52,\"caption\":\"Candela Organic\"},\"image\":{\"@id\":\"https:\/\/candelaorganic.com\/de\/#\/schema\/logo\/image\/\"}}]}<\/script>\n<!-- \/ Yoast SEO plugin. -->","yoast_head_json":{"title":"Bio-Paran\u00fcsse - Candela Organic","description":"Wir freuen uns, ein wichtiger Akteur in der Wertsch\u00f6pfungskette von Bertholletia Excelsa in Peru zu sein: der gro\u00dfe Baumriese des Amazonas.","robots":{"index":"index","follow":"follow","max-snippet":"max-snippet:-1","max-image-preview":"max-image-preview:large","max-video-preview":"max-video-preview:-1"},"canonical":"https:\/\/candelaorganic.com\/de\/producto\/bio-paranuesse\/","og_locale":"de_DE","og_type":"article","og_title":"Bio-Paran\u00fcsse - Candela Organic","og_description":"Wir freuen uns, ein wichtiger Akteur in der Wertsch\u00f6pfungskette von Bertholletia Excelsa in Peru zu sein: der gro\u00dfe Baumriese des Amazonas.","og_url":"https:\/\/candelaorganic.com\/de\/producto\/bio-paranuesse\/","og_site_name":"Candela Organic","article_modified_time":"2025-01-15T14:50:19+00:00","og_image":[{"width":609,"height":599,"url":"https:\/\/candelaorganic.com\/de\/wp-content\/uploads\/sites\/14\/2024\/04\/Cover-product-image-126.webp","type":"image\/webp"}],"twitter_card":"summary_large_image","twitter_misc":{"Gesch\u00e4tzte Lesezeit":"2\u00a0Minuten"},"schema":{"@context":"https:\/\/schema.org","@graph":[{"@type":"WebPage","@id":"https:\/\/candelaorganic.com\/de\/producto\/bio-paranuesse\/","url":"https:\/\/candelaorganic.com\/de\/producto\/bio-paranuesse\/","name":"Bio-Paran\u00fcsse - Candela Organic","isPartOf":{"@id":"https:\/\/candelaorganic.com\/de\/#website"},"primaryImageOfPage":{"@id":"https:\/\/candelaorganic.com\/de\/producto\/bio-paranuesse\/#primaryimage"},"image":{"@id":"https:\/\/candelaorganic.com\/de\/producto\/bio-paranuesse\/#primaryimage"},"thumbnailUrl":"https:\/\/candelaorganic.com\/de\/wp-content\/uploads\/sites\/14\/2024\/04\/Cover-product-image-126.webp","datePublished":"2024-04-04T21:09:20+00:00","dateModified":"2025-01-15T14:50:19+00:00","description":"Wir freuen uns, ein wichtiger Akteur in der Wertsch\u00f6pfungskette von Bertholletia Excelsa in Peru zu sein: der gro\u00dfe Baumriese des Amazonas.","breadcrumb":{"@id":"https:\/\/candelaorganic.com\/de\/producto\/bio-paranuesse\/#breadcrumb"},"inLanguage":"de","potentialAction":[{"@type":"ReadAction","target":["https:\/\/candelaorganic.com\/de\/producto\/bio-paranuesse\/"]}]},{"@type":"ImageObject","inLanguage":"de","@id":"https:\/\/candelaorganic.com\/de\/producto\/bio-paranuesse\/#primaryimage","url":"https:\/\/candelaorganic.com\/de\/wp-content\/uploads\/sites\/14\/2024\/04\/Cover-product-image-126.webp","contentUrl":"https:\/\/candelaorganic.com\/de\/wp-content\/uploads\/sites\/14\/2024\/04\/Cover-product-image-126.webp","width":609,"height":599},{"@type":"BreadcrumbList","@id":"https:\/\/candelaorganic.com\/de\/producto\/bio-paranuesse\/#breadcrumb","itemListElement":[{"@type":"ListItem","position":1,"name":"Produkte","item":"https:\/\/candelaorganic.com\/de\/produkte\/"},{"@type":"ListItem","position":2,"name":"Lebensmitteleinzelhandel","item":"https:\/\/candelaorganic.com\/de\/tienda\/lebensmittel-einzelhandel\/"},{"@type":"ListItem","position":3,"name":"Trockenfr\u00fcchte und N\u00fcsse","item":"https:\/\/candelaorganic.com\/de\/tienda\/lebensmittel-einzelhandel\/trockenfruechte-und-nuesse-einzelhandel\/"},{"@type":"ListItem","position":4,"name":"Bio-Paran\u00fcsse"}]},{"@type":"WebSite","@id":"https:\/\/candelaorganic.com\/de\/#website","url":"https:\/\/candelaorganic.com\/de\/","name":"Candela Organic","description":"Wir erh\u00f6hen die Lebensmittelstandards","publisher":{"@id":"https:\/\/candelaorganic.com\/de\/#organization"},"potentialAction":[{"@type":"SearchAction","target":{"@type":"EntryPoint","urlTemplate":"https:\/\/candelaorganic.com\/de\/?s={search_term_string}"},"query-input":{"@type":"PropertyValueSpecification","valueRequired":true,"valueName":"search_term_string"}}],"inLanguage":"de"},{"@type":"Organization","@id":"https:\/\/candelaorganic.com\/de\/#organization","name":"Candela Organic","url":"https:\/\/candelaorganic.com\/de\/","logo":{"@type":"ImageObject","inLanguage":"de","@id":"https:\/\/candelaorganic.com\/de\/#\/schema\/logo\/image\/","url":"https:\/\/candelaorganic.com\/de\/wp-content\/uploads\/sites\/14\/2024\/04\/Logotype.webp","contentUrl":"https:\/\/candelaorganic.com\/de\/wp-content\/uploads\/sites\/14\/2024\/04\/Logotype.webp","width":256,"height":52,"caption":"Candela Organic"},"image":{"@id":"https:\/\/candelaorganic.com\/de\/#\/schema\/logo\/image\/"}}]}},"_links":{"self":[{"href":"https:\/\/candelaorganic.com\/de\/wp-json\/wp\/v2\/product\/14479"}],"collection":[{"href":"https:\/\/candelaorganic.com\/de\/wp-json\/wp\/v2\/product"}],"about":[{"href":"https:\/\/candelaorganic.com\/de\/wp-json\/wp\/v2\/types\/product"}],"replies":[{"embeddable":true,"href":"https:\/\/candelaorganic.com\/de\/wp-json\/wp\/v2\/comments?post=14479"}],"wp:featuredmedia":[{"embeddable":true,"href":"https:\/\/candelaorganic.com\/de\/wp-json\/wp\/v2\/media\/12813"}],"wp:attachment":[{"href":"https:\/\/candelaorganic.com\/de\/wp-json\/wp\/v2\/media?parent=14479"}],"wp:term":[{"taxonomy":"product_cat","embeddable":true,"href":"https:\/\/candelaorganic.com\/de\/wp-json\/wp\/v2\/product_cat?post=14479"},{"taxonomy":"product_tag","embeddable":true,"href":"https:\/\/candelaorganic.com\/de\/wp-json\/wp\/v2\/product_tag?post=14479"}],"curies":[{"name":"wp","href":"https:\/\/api.w.org\/{rel}","templated":true}]}}