{"id":14454,"date":"2024-04-04T22:46:08","date_gmt":"2024-04-04T20:46:08","guid":{"rendered":"https:\/\/candelaorganic.com\/de\/?post_type=product&#038;p=14454"},"modified":"2025-01-28T17:13:40","modified_gmt":"2025-01-28T16:13:40","slug":"konventionelle-murumuru-butter","status":"publish","type":"product","link":"https:\/\/candelaorganic.com\/de\/producto\/konventionelle-murumuru-butter\/","title":{"rendered":"Konventionelle Murumuru-Butter"},"content":{"rendered":"<div>\n<p>Entdecken Sie die Kraft der nicht-biologischen Murumuru-Butter als revitalisierende Erg\u00e4nzung Ihrer Sch\u00f6nheitsroutine. Hergestellt aus reinen Fruchtsamen und fachm\u00e4nnisch verarbeitet f\u00fcr rohe, unraffinierte G\u00fcte, hat dieses transformative Elixier das Potenzial, die Ausstrahlung und Attraktivit\u00e4t Ihrer Haut zu verbessern.<\/p>\n<p>Der Charme der konventionellen Murumuru-Butter: Tauchen Sie ein in die Welt der kosmetischen Brillanz mit nicht-biologischer Murumuru-Butter. Dieser unraffinierte Schatz, der sorgf\u00e4ltig aus reinen Fruchtsamen gewonnen wird, verspricht, Ihre Hautpflege zu verbessern und bietet Ihnen die M\u00f6glichkeit, die bereichernden Vorteile und den Reiz von Muru Muru f\u00fcr Ihre Sch\u00f6nheitsreise zu erleben.<\/p>\n<\/div>\n<div><\/div>\n<div class=\"text-wrap\" style=\"color: #f1b434;\">\n<p><strong><span class=\"subtitle\">MERKMALE UND VORTEILE<\/span><\/strong><\/p>\n<\/div>\n<ul>\n<li aria-level=\"1\">Nat\u00fcrlich revitalisieren: Entfesseln Sie das Potenzial von nicht-biologischer Murumuru-Butter f\u00fcr strahlende Haut.<\/li>\n<li aria-level=\"1\">Kosmetische Brillanz: Entdecken Sie die bezaubernde Wirkung von nicht-biologischer Murumuru-Butter.<\/li>\n<li aria-level=\"1\">Nat\u00fcrlich wiederbeleben: Verbessern Sie Ihre Sch\u00f6nheitsroutine mit nicht-biologischer Murumuru-Butter.<\/li>\n<li aria-level=\"1\">Kosmetisches Elixier erforscht: Erleben Sie die Anziehungskraft der nicht-biologischen Murumuru-Butter.<\/li>\n<li aria-level=\"1\">Strahlende Verwandlung: Die nat\u00fcrliche Sch\u00f6nheit von Murumuru: Nutzen Sie die nicht-biologische Murumuru-Butter f\u00fcr eine strahlende Ausstrahlung.<\/li>\n<\/ul>\n","protected":false},"excerpt":{"rendered":"<div class=\"title\" style=\"color: #f1b434;\"><strong><span class=\"name\">\/ ASTROCARYUM MURUMURU \/<\/span><\/strong><\/div>\n<p>Verbessern Sie Ihre Sch\u00f6nheitsroutine: Entdecken Sie das Potenzial der konventionellen Murumuru-Butter f\u00fcr kosmetische Spitzenleistungen \u2013 Nutzen Sie die Essenz von Murumuru mit unserer sorgf\u00e4ltig extrahierten, nicht biologischen Butter. Gewonnen aus reinen Fruchtsamen und sorgf\u00e4ltig verarbeitet, um rohe, unraffinierte Murumuru-Butter zu erhalten, wartet dieses transformative Elixier darauf, Ihre Hautpflege zu verbessern und ihre kosmetische Brillanz zu enth\u00fcllen<\/p>\n","protected":false},"featured_media":13413,"comment_status":"open","ping_status":"closed","template":"","meta":{"editor_notices":[]},"product_cat":[123],"product_tag":[],"yoast_head":"<!-- This site is optimized with the Yoast SEO plugin v23.5 - https:\/\/yoast.com\/wordpress\/plugins\/seo\/ -->\n<title>Konventionelle Murumuru-Butter - Candela Organic<\/title>\n<meta name=\"description\" content=\"Entdecken Sie die Kraft der Murumuru-Butter als revitalisierende Erg\u00e4nzung Ihrer Sch\u00f6nheitsroutine, hergestellt aus reinen Fruchtsamen.\" \/>\n<meta name=\"robots\" content=\"index, follow, max-snippet:-1, max-image-preview:large, max-video-preview:-1\" \/>\n<link rel=\"canonical\" href=\"https:\/\/candelaorganic.com\/de\/producto\/konventionelle-murumuru-butter\/\" \/>\n<meta property=\"og:locale\" content=\"de_DE\" \/>\n<meta property=\"og:type\" content=\"article\" \/>\n<meta property=\"og:title\" content=\"Konventionelle Murumuru-Butter - Candela Organic\" \/>\n<meta property=\"og:description\" content=\"Entdecken Sie die Kraft der Murumuru-Butter als revitalisierende Erg\u00e4nzung Ihrer Sch\u00f6nheitsroutine, hergestellt aus reinen Fruchtsamen.\" \/>\n<meta property=\"og:url\" content=\"https:\/\/candelaorganic.com\/de\/producto\/konventionelle-murumuru-butter\/\" \/>\n<meta property=\"og:site_name\" content=\"Candela Organic\" \/>\n<meta property=\"article:modified_time\" content=\"2025-01-28T16:13:40+00:00\" \/>\n<meta property=\"og:image\" content=\"https:\/\/candelaorganic.com\/de\/wp-content\/uploads\/sites\/14\/2024\/04\/Cover-product-image-168.webp\" \/>\n\t<meta property=\"og:image:width\" content=\"609\" \/>\n\t<meta property=\"og:image:height\" content=\"599\" \/>\n\t<meta property=\"og:image:type\" content=\"image\/webp\" \/>\n<meta name=\"twitter:card\" content=\"summary_large_image\" \/>\n<meta name=\"twitter:label1\" content=\"Gesch\u00e4tzte Lesezeit\" \/>\n\t<meta name=\"twitter:data1\" content=\"2\u00a0Minuten\" \/>\n<script type=\"application\/ld+json\" class=\"yoast-schema-graph\">{\"@context\":\"https:\/\/schema.org\",\"@graph\":[{\"@type\":\"WebPage\",\"@id\":\"https:\/\/candelaorganic.com\/de\/producto\/konventionelle-murumuru-butter\/\",\"url\":\"https:\/\/candelaorganic.com\/de\/producto\/konventionelle-murumuru-butter\/\",\"name\":\"Konventionelle Murumuru-Butter - Candela Organic\",\"isPartOf\":{\"@id\":\"https:\/\/candelaorganic.com\/de\/#website\"},\"primaryImageOfPage\":{\"@id\":\"https:\/\/candelaorganic.com\/de\/producto\/konventionelle-murumuru-butter\/#primaryimage\"},\"image\":{\"@id\":\"https:\/\/candelaorganic.com\/de\/producto\/konventionelle-murumuru-butter\/#primaryimage\"},\"thumbnailUrl\":\"https:\/\/candelaorganic.com\/de\/wp-content\/uploads\/sites\/14\/2024\/04\/Cover-product-image-168.webp\",\"datePublished\":\"2024-04-04T20:46:08+00:00\",\"dateModified\":\"2025-01-28T16:13:40+00:00\",\"description\":\"Entdecken Sie die Kraft der Murumuru-Butter als revitalisierende Erg\u00e4nzung Ihrer Sch\u00f6nheitsroutine, hergestellt aus reinen Fruchtsamen.\",\"breadcrumb\":{\"@id\":\"https:\/\/candelaorganic.com\/de\/producto\/konventionelle-murumuru-butter\/#breadcrumb\"},\"inLanguage\":\"de\",\"potentialAction\":[{\"@type\":\"ReadAction\",\"target\":[\"https:\/\/candelaorganic.com\/de\/producto\/konventionelle-murumuru-butter\/\"]}]},{\"@type\":\"ImageObject\",\"inLanguage\":\"de\",\"@id\":\"https:\/\/candelaorganic.com\/de\/producto\/konventionelle-murumuru-butter\/#primaryimage\",\"url\":\"https:\/\/candelaorganic.com\/de\/wp-content\/uploads\/sites\/14\/2024\/04\/Cover-product-image-168.webp\",\"contentUrl\":\"https:\/\/candelaorganic.com\/de\/wp-content\/uploads\/sites\/14\/2024\/04\/Cover-product-image-168.webp\",\"width\":609,\"height\":599},{\"@type\":\"BreadcrumbList\",\"@id\":\"https:\/\/candelaorganic.com\/de\/producto\/konventionelle-murumuru-butter\/#breadcrumb\",\"itemListElement\":[{\"@type\":\"ListItem\",\"position\":1,\"name\":\"Produkte\",\"item\":\"https:\/\/candelaorganic.com\/de\/produkte\/\"},{\"@type\":\"ListItem\",\"position\":2,\"name\":\"Massenkosmetik und K\u00f6rperpflege\",\"item\":\"https:\/\/candelaorganic.com\/de\/tienda\/kosmetik-und-koerperpflege-grossmengen\/\"},{\"@type\":\"ListItem\",\"position\":3,\"name\":\"Butter\",\"item\":\"https:\/\/candelaorganic.com\/de\/tienda\/kosmetik-und-koerperpflege-grossmengen\/butter\/\"},{\"@type\":\"ListItem\",\"position\":4,\"name\":\"Konventionelle Murumuru-Butter\"}]},{\"@type\":\"WebSite\",\"@id\":\"https:\/\/candelaorganic.com\/de\/#website\",\"url\":\"https:\/\/candelaorganic.com\/de\/\",\"name\":\"Candela Organic\",\"description\":\"Wir erh\u00f6hen die Lebensmittelstandards\",\"publisher\":{\"@id\":\"https:\/\/candelaorganic.com\/de\/#organization\"},\"potentialAction\":[{\"@type\":\"SearchAction\",\"target\":{\"@type\":\"EntryPoint\",\"urlTemplate\":\"https:\/\/candelaorganic.com\/de\/?s={search_term_string}\"},\"query-input\":{\"@type\":\"PropertyValueSpecification\",\"valueRequired\":true,\"valueName\":\"search_term_string\"}}],\"inLanguage\":\"de\"},{\"@type\":\"Organization\",\"@id\":\"https:\/\/candelaorganic.com\/de\/#organization\",\"name\":\"Candela Organic\",\"url\":\"https:\/\/candelaorganic.com\/de\/\",\"logo\":{\"@type\":\"ImageObject\",\"inLanguage\":\"de\",\"@id\":\"https:\/\/candelaorganic.com\/de\/#\/schema\/logo\/image\/\",\"url\":\"https:\/\/candelaorganic.com\/de\/wp-content\/uploads\/sites\/14\/2024\/04\/Logotype.webp\",\"contentUrl\":\"https:\/\/candelaorganic.com\/de\/wp-content\/uploads\/sites\/14\/2024\/04\/Logotype.webp\",\"width\":256,\"height\":52,\"caption\":\"Candela Organic\"},\"image\":{\"@id\":\"https:\/\/candelaorganic.com\/de\/#\/schema\/logo\/image\/\"}}]}<\/script>\n<!-- \/ Yoast SEO plugin. -->","yoast_head_json":{"title":"Konventionelle Murumuru-Butter - Candela Organic","description":"Entdecken Sie die Kraft der Murumuru-Butter als revitalisierende Erg\u00e4nzung Ihrer Sch\u00f6nheitsroutine, hergestellt aus reinen Fruchtsamen.","robots":{"index":"index","follow":"follow","max-snippet":"max-snippet:-1","max-image-preview":"max-image-preview:large","max-video-preview":"max-video-preview:-1"},"canonical":"https:\/\/candelaorganic.com\/de\/producto\/konventionelle-murumuru-butter\/","og_locale":"de_DE","og_type":"article","og_title":"Konventionelle Murumuru-Butter - Candela Organic","og_description":"Entdecken Sie die Kraft der Murumuru-Butter als revitalisierende Erg\u00e4nzung Ihrer Sch\u00f6nheitsroutine, hergestellt aus reinen Fruchtsamen.","og_url":"https:\/\/candelaorganic.com\/de\/producto\/konventionelle-murumuru-butter\/","og_site_name":"Candela Organic","article_modified_time":"2025-01-28T16:13:40+00:00","og_image":[{"width":609,"height":599,"url":"https:\/\/candelaorganic.com\/de\/wp-content\/uploads\/sites\/14\/2024\/04\/Cover-product-image-168.webp","type":"image\/webp"}],"twitter_card":"summary_large_image","twitter_misc":{"Gesch\u00e4tzte Lesezeit":"2\u00a0Minuten"},"schema":{"@context":"https:\/\/schema.org","@graph":[{"@type":"WebPage","@id":"https:\/\/candelaorganic.com\/de\/producto\/konventionelle-murumuru-butter\/","url":"https:\/\/candelaorganic.com\/de\/producto\/konventionelle-murumuru-butter\/","name":"Konventionelle Murumuru-Butter - Candela Organic","isPartOf":{"@id":"https:\/\/candelaorganic.com\/de\/#website"},"primaryImageOfPage":{"@id":"https:\/\/candelaorganic.com\/de\/producto\/konventionelle-murumuru-butter\/#primaryimage"},"image":{"@id":"https:\/\/candelaorganic.com\/de\/producto\/konventionelle-murumuru-butter\/#primaryimage"},"thumbnailUrl":"https:\/\/candelaorganic.com\/de\/wp-content\/uploads\/sites\/14\/2024\/04\/Cover-product-image-168.webp","datePublished":"2024-04-04T20:46:08+00:00","dateModified":"2025-01-28T16:13:40+00:00","description":"Entdecken Sie die Kraft der Murumuru-Butter als revitalisierende Erg\u00e4nzung Ihrer Sch\u00f6nheitsroutine, hergestellt aus reinen Fruchtsamen.","breadcrumb":{"@id":"https:\/\/candelaorganic.com\/de\/producto\/konventionelle-murumuru-butter\/#breadcrumb"},"inLanguage":"de","potentialAction":[{"@type":"ReadAction","target":["https:\/\/candelaorganic.com\/de\/producto\/konventionelle-murumuru-butter\/"]}]},{"@type":"ImageObject","inLanguage":"de","@id":"https:\/\/candelaorganic.com\/de\/producto\/konventionelle-murumuru-butter\/#primaryimage","url":"https:\/\/candelaorganic.com\/de\/wp-content\/uploads\/sites\/14\/2024\/04\/Cover-product-image-168.webp","contentUrl":"https:\/\/candelaorganic.com\/de\/wp-content\/uploads\/sites\/14\/2024\/04\/Cover-product-image-168.webp","width":609,"height":599},{"@type":"BreadcrumbList","@id":"https:\/\/candelaorganic.com\/de\/producto\/konventionelle-murumuru-butter\/#breadcrumb","itemListElement":[{"@type":"ListItem","position":1,"name":"Produkte","item":"https:\/\/candelaorganic.com\/de\/produkte\/"},{"@type":"ListItem","position":2,"name":"Massenkosmetik und K\u00f6rperpflege","item":"https:\/\/candelaorganic.com\/de\/tienda\/kosmetik-und-koerperpflege-grossmengen\/"},{"@type":"ListItem","position":3,"name":"Butter","item":"https:\/\/candelaorganic.com\/de\/tienda\/kosmetik-und-koerperpflege-grossmengen\/butter\/"},{"@type":"ListItem","position":4,"name":"Konventionelle Murumuru-Butter"}]},{"@type":"WebSite","@id":"https:\/\/candelaorganic.com\/de\/#website","url":"https:\/\/candelaorganic.com\/de\/","name":"Candela Organic","description":"Wir erh\u00f6hen die Lebensmittelstandards","publisher":{"@id":"https:\/\/candelaorganic.com\/de\/#organization"},"potentialAction":[{"@type":"SearchAction","target":{"@type":"EntryPoint","urlTemplate":"https:\/\/candelaorganic.com\/de\/?s={search_term_string}"},"query-input":{"@type":"PropertyValueSpecification","valueRequired":true,"valueName":"search_term_string"}}],"inLanguage":"de"},{"@type":"Organization","@id":"https:\/\/candelaorganic.com\/de\/#organization","name":"Candela Organic","url":"https:\/\/candelaorganic.com\/de\/","logo":{"@type":"ImageObject","inLanguage":"de","@id":"https:\/\/candelaorganic.com\/de\/#\/schema\/logo\/image\/","url":"https:\/\/candelaorganic.com\/de\/wp-content\/uploads\/sites\/14\/2024\/04\/Logotype.webp","contentUrl":"https:\/\/candelaorganic.com\/de\/wp-content\/uploads\/sites\/14\/2024\/04\/Logotype.webp","width":256,"height":52,"caption":"Candela Organic"},"image":{"@id":"https:\/\/candelaorganic.com\/de\/#\/schema\/logo\/image\/"}}]}},"_links":{"self":[{"href":"https:\/\/candelaorganic.com\/de\/wp-json\/wp\/v2\/product\/14454"}],"collection":[{"href":"https:\/\/candelaorganic.com\/de\/wp-json\/wp\/v2\/product"}],"about":[{"href":"https:\/\/candelaorganic.com\/de\/wp-json\/wp\/v2\/types\/product"}],"replies":[{"embeddable":true,"href":"https:\/\/candelaorganic.com\/de\/wp-json\/wp\/v2\/comments?post=14454"}],"wp:featuredmedia":[{"embeddable":true,"href":"https:\/\/candelaorganic.com\/de\/wp-json\/wp\/v2\/media\/13413"}],"wp:attachment":[{"href":"https:\/\/candelaorganic.com\/de\/wp-json\/wp\/v2\/media?parent=14454"}],"wp:term":[{"taxonomy":"product_cat","embeddable":true,"href":"https:\/\/candelaorganic.com\/de\/wp-json\/wp\/v2\/product_cat?post=14454"},{"taxonomy":"product_tag","embeddable":true,"href":"https:\/\/candelaorganic.com\/de\/wp-json\/wp\/v2\/product_tag?post=14454"}],"curies":[{"name":"wp","href":"https:\/\/api.w.org\/{rel}","templated":true}]}}