{"id":14381,"date":"2024-04-04T19:51:21","date_gmt":"2024-04-04T17:51:21","guid":{"rendered":"https:\/\/candelaorganic.com\/de\/?post_type=product&#038;p=14381"},"modified":"2024-06-21T17:06:22","modified_gmt":"2024-06-21T15:06:22","slug":"konventionelles-avocadooel","status":"publish","type":"product","link":"https:\/\/candelaorganic.com\/de\/producto\/konventionelles-avocadooel\/","title":{"rendered":"Konventionelles-Avocado\u00f6l"},"content":{"rendered":"<p>Avocado-\u00d6l tr\u00e4gt zur Regeneration des Hydrolipidfilms bei und hat damit eine hautverj\u00fcngende Wirkung. Dank seiner Fetts\u00e4urezusammensetzung hat dieses \u00d6l auch ausgezeichnete feuchtigkeitsspendende und n\u00e4hrende Eigenschaften, so dass es sich auch f\u00fcr die Pflege empfindlicher Haut eignet. Avocado\u00f6l wird f\u00fcr Produkte empfohlen, die Haut und Haar mit Feuchtigkeit versorgen und n\u00e4hren sollen. Avocado\u00f6l wird f\u00fcr Produkte empfohlen, die Haut und Haar mit Feuchtigkeit versorgen und n\u00e4hren sollen.<\/p>\n<p>&nbsp;<\/p>\n<div class=\"text-wrap\"><strong><span class=\"subtitle\" style=\"color: #f1b434;\">MERKMALE UND VORTEILE<\/span><\/strong><\/div>\n<ul>\n<li>Hautheilungskraft: Avocado\u00f6l heilt effektiv rissige Haut und f\u00f6rdert die Verj\u00fcngung und einen glatteren Teint.<\/li>\n<li>Intensive Feuchtigkeitsversorgung: Regeneriert und revitalisiert trockene Haut mit den tief feuchtigkeitsspendenden Eigenschaften von Avocado\u00f6l.<\/li>\n<li>N\u00e4hrende Feuchtigkeit: Erleben Sie eine optimale Hautfeuchtigkeit, da Avocado\u00f6l dauerhafte N\u00e4hrstoffe liefert und einen gesunden Glanz erh\u00e4lt.<\/li>\n<li>Vielseitige Hautpflege: Integrieren Sie Avocado\u00f6l in Ihre Routine als Lotion f\u00fcr rissige Haut oder als luxuri\u00f6se Feuchtigkeitscreme mit Gesichts\u00f6l.<\/li>\n<li>Komplette Hautpflegel\u00f6sung: Von der Heilung bis zur Feuchtigkeitsversorgung bietet Avocado\u00f6l einen umfassenden Ansatz zur Hautpflege und geht auf verschiedene Bed\u00fcrfnisse f\u00fcr strahlende Ergebnisse ein.<\/li>\n<\/ul>\n<div class=\"text-wrap\"><\/div>\n","protected":false},"excerpt":{"rendered":"<div class=\"title\">\n<div class=\"title\">\n<div class=\"title\">\n<div class=\"title\">\n<div class=\"title\"><strong><span class=\"name\" style=\"color: #f1b434;\">\/ PERSEA AMERICANA\/<\/span><\/strong><\/div>\n<p>Avocado\u00f6l ist ein n\u00e4hrendes und feuchtigkeitsspendendes \u00d6l. Seine erweichende und weichmachende Wirkung geht mit einer sehr guten Hautvertr\u00e4glichkeit einher, da die Zusammensetzung des Avocado\u00f6ls der des Talgs \u00e4hnelt. Dieses \u00d6l hat wesentliche Eigenschaften f\u00fcr n\u00e4hrende Pflegeformeln f\u00fcr Gesicht und K\u00f6rper oder um dem Haar Glanz zu verleihen.<\/p>\n<\/div>\n<\/div>\n<\/div>\n<\/div>\n","protected":false},"featured_media":14004,"comment_status":"open","ping_status":"closed","template":"","meta":{"editor_notices":[]},"product_cat":[80],"product_tag":[],"yoast_head":"<!-- This site is optimized with the Yoast SEO plugin v23.5 - https:\/\/yoast.com\/wordpress\/plugins\/seo\/ -->\n<title>Konventionelles-Avocado\u00f6l - Candela Organic<\/title>\n<meta name=\"description\" content=\"Dieses \u00d6l verf\u00fcgt dank seiner Zusammensetzung aus Fetts\u00e4uren \u00fcber hervorragende feuchtigkeitsspendende und n\u00e4hrende Eigenschaften zur Pflege der Haarporen.\" \/>\n<meta name=\"robots\" content=\"index, follow, max-snippet:-1, max-image-preview:large, max-video-preview:-1\" \/>\n<link rel=\"canonical\" href=\"https:\/\/candelaorganic.com\/de\/producto\/konventionelles-avocadooel\/\" \/>\n<meta property=\"og:locale\" content=\"de_DE\" \/>\n<meta property=\"og:type\" content=\"article\" \/>\n<meta property=\"og:title\" content=\"Konventionelles-Avocado\u00f6l - Candela Organic\" \/>\n<meta property=\"og:description\" content=\"Dieses \u00d6l verf\u00fcgt dank seiner Zusammensetzung aus Fetts\u00e4uren \u00fcber hervorragende feuchtigkeitsspendende und n\u00e4hrende Eigenschaften zur Pflege der Haarporen.\" \/>\n<meta property=\"og:url\" content=\"https:\/\/candelaorganic.com\/de\/producto\/konventionelles-avocadooel\/\" \/>\n<meta property=\"og:site_name\" content=\"Candela Organic\" \/>\n<meta property=\"article:modified_time\" content=\"2024-06-21T15:06:22+00:00\" \/>\n<meta property=\"og:image\" content=\"https:\/\/candelaorganic.com\/de\/wp-content\/uploads\/sites\/14\/2024\/04\/Aceite-Palta-beauty-product-image.webp\" \/>\n\t<meta property=\"og:image:width\" content=\"1070\" \/>\n\t<meta property=\"og:image:height\" content=\"1080\" \/>\n\t<meta property=\"og:image:type\" content=\"image\/webp\" \/>\n<meta name=\"twitter:card\" content=\"summary_large_image\" \/>\n<meta name=\"twitter:label1\" content=\"Gesch\u00e4tzte Lesezeit\" \/>\n\t<meta name=\"twitter:data1\" content=\"2\u00a0Minuten\" \/>\n<script type=\"application\/ld+json\" class=\"yoast-schema-graph\">{\"@context\":\"https:\/\/schema.org\",\"@graph\":[{\"@type\":\"WebPage\",\"@id\":\"https:\/\/candelaorganic.com\/de\/producto\/konventionelles-avocadooel\/\",\"url\":\"https:\/\/candelaorganic.com\/de\/producto\/konventionelles-avocadooel\/\",\"name\":\"Konventionelles-Avocado\u00f6l - Candela Organic\",\"isPartOf\":{\"@id\":\"https:\/\/candelaorganic.com\/de\/#website\"},\"primaryImageOfPage\":{\"@id\":\"https:\/\/candelaorganic.com\/de\/producto\/konventionelles-avocadooel\/#primaryimage\"},\"image\":{\"@id\":\"https:\/\/candelaorganic.com\/de\/producto\/konventionelles-avocadooel\/#primaryimage\"},\"thumbnailUrl\":\"https:\/\/candelaorganic.com\/de\/wp-content\/uploads\/sites\/14\/2024\/04\/Aceite-Palta-beauty-product-image.webp\",\"datePublished\":\"2024-04-04T17:51:21+00:00\",\"dateModified\":\"2024-06-21T15:06:22+00:00\",\"description\":\"Dieses \u00d6l verf\u00fcgt dank seiner Zusammensetzung aus Fetts\u00e4uren \u00fcber hervorragende feuchtigkeitsspendende und n\u00e4hrende Eigenschaften zur Pflege der Haarporen.\",\"breadcrumb\":{\"@id\":\"https:\/\/candelaorganic.com\/de\/producto\/konventionelles-avocadooel\/#breadcrumb\"},\"inLanguage\":\"de\",\"potentialAction\":[{\"@type\":\"ReadAction\",\"target\":[\"https:\/\/candelaorganic.com\/de\/producto\/konventionelles-avocadooel\/\"]}]},{\"@type\":\"ImageObject\",\"inLanguage\":\"de\",\"@id\":\"https:\/\/candelaorganic.com\/de\/producto\/konventionelles-avocadooel\/#primaryimage\",\"url\":\"https:\/\/candelaorganic.com\/de\/wp-content\/uploads\/sites\/14\/2024\/04\/Aceite-Palta-beauty-product-image.webp\",\"contentUrl\":\"https:\/\/candelaorganic.com\/de\/wp-content\/uploads\/sites\/14\/2024\/04\/Aceite-Palta-beauty-product-image.webp\",\"width\":1070,\"height\":1080},{\"@type\":\"BreadcrumbList\",\"@id\":\"https:\/\/candelaorganic.com\/de\/producto\/konventionelles-avocadooel\/#breadcrumb\",\"itemListElement\":[{\"@type\":\"ListItem\",\"position\":1,\"name\":\"Produkte\",\"item\":\"https:\/\/candelaorganic.com\/de\/produkte\/\"},{\"@type\":\"ListItem\",\"position\":2,\"name\":\"Einzelhandel mit Kosmetik- und K\u00f6rperpflegeprodukten\",\"item\":\"https:\/\/candelaorganic.com\/de\/tienda\/einzelhandel-mit-kosmetik-und-koerperpflegeprodukten\/\"},{\"@type\":\"ListItem\",\"position\":3,\"name\":\"\u00d6le\",\"item\":\"https:\/\/candelaorganic.com\/de\/tienda\/einzelhandel-mit-kosmetik-und-koerperpflegeprodukten\/oel-und-butter-einzelhandel\/\"},{\"@type\":\"ListItem\",\"position\":4,\"name\":\"Konventionelles-Avocado\u00f6l\"}]},{\"@type\":\"WebSite\",\"@id\":\"https:\/\/candelaorganic.com\/de\/#website\",\"url\":\"https:\/\/candelaorganic.com\/de\/\",\"name\":\"Candela Organic\",\"description\":\"Wir erh\u00f6hen die Lebensmittelstandards\",\"publisher\":{\"@id\":\"https:\/\/candelaorganic.com\/de\/#organization\"},\"potentialAction\":[{\"@type\":\"SearchAction\",\"target\":{\"@type\":\"EntryPoint\",\"urlTemplate\":\"https:\/\/candelaorganic.com\/de\/?s={search_term_string}\"},\"query-input\":{\"@type\":\"PropertyValueSpecification\",\"valueRequired\":true,\"valueName\":\"search_term_string\"}}],\"inLanguage\":\"de\"},{\"@type\":\"Organization\",\"@id\":\"https:\/\/candelaorganic.com\/de\/#organization\",\"name\":\"Candela Organic\",\"url\":\"https:\/\/candelaorganic.com\/de\/\",\"logo\":{\"@type\":\"ImageObject\",\"inLanguage\":\"de\",\"@id\":\"https:\/\/candelaorganic.com\/de\/#\/schema\/logo\/image\/\",\"url\":\"https:\/\/candelaorganic.com\/de\/wp-content\/uploads\/sites\/14\/2024\/04\/Logotype.webp\",\"contentUrl\":\"https:\/\/candelaorganic.com\/de\/wp-content\/uploads\/sites\/14\/2024\/04\/Logotype.webp\",\"width\":256,\"height\":52,\"caption\":\"Candela Organic\"},\"image\":{\"@id\":\"https:\/\/candelaorganic.com\/de\/#\/schema\/logo\/image\/\"}}]}<\/script>\n<!-- \/ Yoast SEO plugin. -->","yoast_head_json":{"title":"Konventionelles-Avocado\u00f6l - Candela Organic","description":"Dieses \u00d6l verf\u00fcgt dank seiner Zusammensetzung aus Fetts\u00e4uren \u00fcber hervorragende feuchtigkeitsspendende und n\u00e4hrende Eigenschaften zur Pflege der Haarporen.","robots":{"index":"index","follow":"follow","max-snippet":"max-snippet:-1","max-image-preview":"max-image-preview:large","max-video-preview":"max-video-preview:-1"},"canonical":"https:\/\/candelaorganic.com\/de\/producto\/konventionelles-avocadooel\/","og_locale":"de_DE","og_type":"article","og_title":"Konventionelles-Avocado\u00f6l - Candela Organic","og_description":"Dieses \u00d6l verf\u00fcgt dank seiner Zusammensetzung aus Fetts\u00e4uren \u00fcber hervorragende feuchtigkeitsspendende und n\u00e4hrende Eigenschaften zur Pflege der Haarporen.","og_url":"https:\/\/candelaorganic.com\/de\/producto\/konventionelles-avocadooel\/","og_site_name":"Candela Organic","article_modified_time":"2024-06-21T15:06:22+00:00","og_image":[{"width":1070,"height":1080,"url":"https:\/\/candelaorganic.com\/de\/wp-content\/uploads\/sites\/14\/2024\/04\/Aceite-Palta-beauty-product-image.webp","type":"image\/webp"}],"twitter_card":"summary_large_image","twitter_misc":{"Gesch\u00e4tzte Lesezeit":"2\u00a0Minuten"},"schema":{"@context":"https:\/\/schema.org","@graph":[{"@type":"WebPage","@id":"https:\/\/candelaorganic.com\/de\/producto\/konventionelles-avocadooel\/","url":"https:\/\/candelaorganic.com\/de\/producto\/konventionelles-avocadooel\/","name":"Konventionelles-Avocado\u00f6l - Candela Organic","isPartOf":{"@id":"https:\/\/candelaorganic.com\/de\/#website"},"primaryImageOfPage":{"@id":"https:\/\/candelaorganic.com\/de\/producto\/konventionelles-avocadooel\/#primaryimage"},"image":{"@id":"https:\/\/candelaorganic.com\/de\/producto\/konventionelles-avocadooel\/#primaryimage"},"thumbnailUrl":"https:\/\/candelaorganic.com\/de\/wp-content\/uploads\/sites\/14\/2024\/04\/Aceite-Palta-beauty-product-image.webp","datePublished":"2024-04-04T17:51:21+00:00","dateModified":"2024-06-21T15:06:22+00:00","description":"Dieses \u00d6l verf\u00fcgt dank seiner Zusammensetzung aus Fetts\u00e4uren \u00fcber hervorragende feuchtigkeitsspendende und n\u00e4hrende Eigenschaften zur Pflege der Haarporen.","breadcrumb":{"@id":"https:\/\/candelaorganic.com\/de\/producto\/konventionelles-avocadooel\/#breadcrumb"},"inLanguage":"de","potentialAction":[{"@type":"ReadAction","target":["https:\/\/candelaorganic.com\/de\/producto\/konventionelles-avocadooel\/"]}]},{"@type":"ImageObject","inLanguage":"de","@id":"https:\/\/candelaorganic.com\/de\/producto\/konventionelles-avocadooel\/#primaryimage","url":"https:\/\/candelaorganic.com\/de\/wp-content\/uploads\/sites\/14\/2024\/04\/Aceite-Palta-beauty-product-image.webp","contentUrl":"https:\/\/candelaorganic.com\/de\/wp-content\/uploads\/sites\/14\/2024\/04\/Aceite-Palta-beauty-product-image.webp","width":1070,"height":1080},{"@type":"BreadcrumbList","@id":"https:\/\/candelaorganic.com\/de\/producto\/konventionelles-avocadooel\/#breadcrumb","itemListElement":[{"@type":"ListItem","position":1,"name":"Produkte","item":"https:\/\/candelaorganic.com\/de\/produkte\/"},{"@type":"ListItem","position":2,"name":"Einzelhandel mit Kosmetik- und K\u00f6rperpflegeprodukten","item":"https:\/\/candelaorganic.com\/de\/tienda\/einzelhandel-mit-kosmetik-und-koerperpflegeprodukten\/"},{"@type":"ListItem","position":3,"name":"\u00d6le","item":"https:\/\/candelaorganic.com\/de\/tienda\/einzelhandel-mit-kosmetik-und-koerperpflegeprodukten\/oel-und-butter-einzelhandel\/"},{"@type":"ListItem","position":4,"name":"Konventionelles-Avocado\u00f6l"}]},{"@type":"WebSite","@id":"https:\/\/candelaorganic.com\/de\/#website","url":"https:\/\/candelaorganic.com\/de\/","name":"Candela Organic","description":"Wir erh\u00f6hen die Lebensmittelstandards","publisher":{"@id":"https:\/\/candelaorganic.com\/de\/#organization"},"potentialAction":[{"@type":"SearchAction","target":{"@type":"EntryPoint","urlTemplate":"https:\/\/candelaorganic.com\/de\/?s={search_term_string}"},"query-input":{"@type":"PropertyValueSpecification","valueRequired":true,"valueName":"search_term_string"}}],"inLanguage":"de"},{"@type":"Organization","@id":"https:\/\/candelaorganic.com\/de\/#organization","name":"Candela Organic","url":"https:\/\/candelaorganic.com\/de\/","logo":{"@type":"ImageObject","inLanguage":"de","@id":"https:\/\/candelaorganic.com\/de\/#\/schema\/logo\/image\/","url":"https:\/\/candelaorganic.com\/de\/wp-content\/uploads\/sites\/14\/2024\/04\/Logotype.webp","contentUrl":"https:\/\/candelaorganic.com\/de\/wp-content\/uploads\/sites\/14\/2024\/04\/Logotype.webp","width":256,"height":52,"caption":"Candela Organic"},"image":{"@id":"https:\/\/candelaorganic.com\/de\/#\/schema\/logo\/image\/"}}]}},"_links":{"self":[{"href":"https:\/\/candelaorganic.com\/de\/wp-json\/wp\/v2\/product\/14381"}],"collection":[{"href":"https:\/\/candelaorganic.com\/de\/wp-json\/wp\/v2\/product"}],"about":[{"href":"https:\/\/candelaorganic.com\/de\/wp-json\/wp\/v2\/types\/product"}],"replies":[{"embeddable":true,"href":"https:\/\/candelaorganic.com\/de\/wp-json\/wp\/v2\/comments?post=14381"}],"wp:featuredmedia":[{"embeddable":true,"href":"https:\/\/candelaorganic.com\/de\/wp-json\/wp\/v2\/media\/14004"}],"wp:attachment":[{"href":"https:\/\/candelaorganic.com\/de\/wp-json\/wp\/v2\/media?parent=14381"}],"wp:term":[{"taxonomy":"product_cat","embeddable":true,"href":"https:\/\/candelaorganic.com\/de\/wp-json\/wp\/v2\/product_cat?post=14381"},{"taxonomy":"product_tag","embeddable":true,"href":"https:\/\/candelaorganic.com\/de\/wp-json\/wp\/v2\/product_tag?post=14381"}],"curies":[{"name":"wp","href":"https:\/\/api.w.org\/{rel}","templated":true}]}}