{"id":14363,"date":"2024-04-04T19:47:42","date_gmt":"2024-04-04T17:47:42","guid":{"rendered":"https:\/\/candelaorganic.com\/de\/?post_type=product&#038;p=14363"},"modified":"2025-01-28T16:00:25","modified_gmt":"2025-01-28T15:00:25","slug":"konventionelles-ungurahui-oel","status":"publish","type":"product","link":"https:\/\/candelaorganic.com\/de\/producto\/konventionelles-ungurahui-oel\/","title":{"rendered":"Konventionelles Ungurahui-\u00d6l"},"content":{"rendered":"<p>Ungurahui Oil geht \u00fcber das Gew\u00f6hnliche hinaus und liefert ein vielseitiges Kraftpaket, das eine Vielzahl von Branchen und Anwendungen abdeckt. Seine Vielseitigkeit kennt keine Grenzen und macht es zu einer unsch\u00e4tzbar wertvollen Erg\u00e4nzung Ihrer Produkte. Von kosmetischen Formulierungen bis hin zu Nahrungserg\u00e4nzungsmitteln bietet dieses bemerkenswerte \u00d6l ein Spektrum an M\u00f6glichkeiten zur Verbesserung Ihrer Produkte.<\/p>\n<p>Wenn Sie unser peruanisches Ungurahui-\u00d6l erkunden, begeben Sie sich auf eine Reise der Innovation und Exzellenz. Heben Sie Ihr Unternehmen auf ein neues Niveau, indem Sie dieses Premium\u00f6l in Ihr B2B-Produktsortiment integrieren, und erleben Sie die transformative Wirkung, die es auf die Zufriedenheit Ihrer Kunden und den Ruf Ihrer Marke hat. Erleben Sie die Essenz von Qualit\u00e4t und Unterscheidungskraft mit peruanischem Ungurahui-\u00d6l und nutzen Sie die Gelegenheit, Ihr Unternehmen neu zu gestalten.<\/p>\n<p>&nbsp;<\/p>\n<div class=\"text-wrap\">\n<p><strong><span class=\"subtitle\" style=\"color: #f1b434;\">MERKMALE UND VORTEILE<\/span><\/strong><\/p>\n<ul>\n<li>Strahlendes Hautelixier: Entdecken Sie das transformative Potenzial des peruanischen Ungurahui-\u00d6ls f\u00fcr die Kosmetik- und K\u00f6rperpflege, das f\u00fcr strahlende und gesunde Haut sorgt.<\/li>\n<li>Nat\u00fcrliche Ern\u00e4hrung: Verbessern Sie Ihre Hautpflegeroutine mit der Kraft von Ungurahui-\u00d6l, einer nachhaltigen N\u00e4hrstoffquelle, die tiefgehend n\u00e4hrt und verj\u00fcngt.<\/li>\n<li>Wiederbelebte Haarvitalit\u00e4t: Nutzen Sie die Vorteile von Ungurahui-\u00d6l in der K\u00f6rperpflege und f\u00f6rdern Sie die Haargesundheit und -st\u00e4rke f\u00fcr gl\u00e4nzendes Haar.<\/li>\n<li>Vielseitiger Beauty-Booster: Nutzen Sie die Vielseitigkeit des peruanischen Ungurahui-\u00d6ls, einem nat\u00fcrlichen Inhaltsstoff, der verschiedene kosmetische Formulierungen verbessert.<\/li>\n<li>Enth\u00fcllter jugendlicher Glanz: Erleben Sie die Magie des Ungurahui-\u00d6ls in der K\u00f6rperpflege und enth\u00fcllen Sie eine jugendliche Ausstrahlung, die Ihre nat\u00fcrliche Sch\u00f6nheit widerspiegelt.<\/li>\n<\/ul>\n<\/div>\n","protected":false},"excerpt":{"rendered":"<div class=\"title\" style=\"color: #f1b434;\"><strong><span class=\"name\">\/ OENOCARPUS BATATAUA \/<\/span><\/strong><\/div>\n<p>Begeben Sie sich auf eine tiefgreifende Reise, um mit peruanischem Ungurahui-\u00d6l den Gipfel der Exzellenz im \u00d6langebot zu erleben: Steigern Sie Ihr Unternehmen, indem Sie es mit der Essenz von Premium-Qualit\u00e4t, beispielloser Vielseitigkeit und un\u00fcbertroffener Vornehmheit anreichern<\/p>\n","protected":false},"featured_media":13307,"comment_status":"open","ping_status":"closed","template":"","meta":{"editor_notices":[]},"product_cat":[122],"product_tag":[],"yoast_head":"<!-- This site is optimized with the Yoast SEO plugin v23.5 - https:\/\/yoast.com\/wordpress\/plugins\/seo\/ -->\n<title>Konventionelles Ungurahui-\u00d6l - Candela Organic<\/title>\n<meta name=\"description\" content=\"Ungurahui Conventional Oil geht \u00fcber das Gew\u00f6hnliche hinaus und bietet vielf\u00e4ltige Leistung, die eine Vielzahl von Branchen und Anwendungen bedient.\" \/>\n<meta name=\"robots\" content=\"index, follow, max-snippet:-1, max-image-preview:large, max-video-preview:-1\" \/>\n<link rel=\"canonical\" href=\"https:\/\/candelaorganic.com\/de\/producto\/konventionelles-ungurahui-oel\/\" \/>\n<meta property=\"og:locale\" content=\"de_DE\" \/>\n<meta property=\"og:type\" content=\"article\" \/>\n<meta property=\"og:title\" content=\"Konventionelles Ungurahui-\u00d6l - Candela Organic\" \/>\n<meta property=\"og:description\" content=\"Ungurahui Conventional Oil geht \u00fcber das Gew\u00f6hnliche hinaus und bietet vielf\u00e4ltige Leistung, die eine Vielzahl von Branchen und Anwendungen bedient.\" \/>\n<meta property=\"og:url\" content=\"https:\/\/candelaorganic.com\/de\/producto\/konventionelles-ungurahui-oel\/\" \/>\n<meta property=\"og:site_name\" content=\"Candela Organic\" \/>\n<meta property=\"article:modified_time\" content=\"2025-01-28T15:00:25+00:00\" \/>\n<meta property=\"og:image\" content=\"https:\/\/candelaorganic.com\/de\/wp-content\/uploads\/sites\/14\/2024\/04\/Cover-product-image-159.webp\" \/>\n\t<meta property=\"og:image:width\" content=\"609\" \/>\n\t<meta property=\"og:image:height\" content=\"599\" \/>\n\t<meta property=\"og:image:type\" content=\"image\/webp\" \/>\n<meta name=\"twitter:card\" content=\"summary_large_image\" \/>\n<meta name=\"twitter:label1\" content=\"Gesch\u00e4tzte Lesezeit\" \/>\n\t<meta name=\"twitter:data1\" content=\"2\u00a0Minuten\" \/>\n<script type=\"application\/ld+json\" class=\"yoast-schema-graph\">{\"@context\":\"https:\/\/schema.org\",\"@graph\":[{\"@type\":\"WebPage\",\"@id\":\"https:\/\/candelaorganic.com\/de\/producto\/konventionelles-ungurahui-oel\/\",\"url\":\"https:\/\/candelaorganic.com\/de\/producto\/konventionelles-ungurahui-oel\/\",\"name\":\"Konventionelles Ungurahui-\u00d6l - Candela Organic\",\"isPartOf\":{\"@id\":\"https:\/\/candelaorganic.com\/de\/#website\"},\"primaryImageOfPage\":{\"@id\":\"https:\/\/candelaorganic.com\/de\/producto\/konventionelles-ungurahui-oel\/#primaryimage\"},\"image\":{\"@id\":\"https:\/\/candelaorganic.com\/de\/producto\/konventionelles-ungurahui-oel\/#primaryimage\"},\"thumbnailUrl\":\"https:\/\/candelaorganic.com\/de\/wp-content\/uploads\/sites\/14\/2024\/04\/Cover-product-image-159.webp\",\"datePublished\":\"2024-04-04T17:47:42+00:00\",\"dateModified\":\"2025-01-28T15:00:25+00:00\",\"description\":\"Ungurahui Conventional Oil geht \u00fcber das Gew\u00f6hnliche hinaus und bietet vielf\u00e4ltige Leistung, die eine Vielzahl von Branchen und Anwendungen bedient.\",\"breadcrumb\":{\"@id\":\"https:\/\/candelaorganic.com\/de\/producto\/konventionelles-ungurahui-oel\/#breadcrumb\"},\"inLanguage\":\"de\",\"potentialAction\":[{\"@type\":\"ReadAction\",\"target\":[\"https:\/\/candelaorganic.com\/de\/producto\/konventionelles-ungurahui-oel\/\"]}]},{\"@type\":\"ImageObject\",\"inLanguage\":\"de\",\"@id\":\"https:\/\/candelaorganic.com\/de\/producto\/konventionelles-ungurahui-oel\/#primaryimage\",\"url\":\"https:\/\/candelaorganic.com\/de\/wp-content\/uploads\/sites\/14\/2024\/04\/Cover-product-image-159.webp\",\"contentUrl\":\"https:\/\/candelaorganic.com\/de\/wp-content\/uploads\/sites\/14\/2024\/04\/Cover-product-image-159.webp\",\"width\":609,\"height\":599},{\"@type\":\"BreadcrumbList\",\"@id\":\"https:\/\/candelaorganic.com\/de\/producto\/konventionelles-ungurahui-oel\/#breadcrumb\",\"itemListElement\":[{\"@type\":\"ListItem\",\"position\":1,\"name\":\"Produkte\",\"item\":\"https:\/\/candelaorganic.com\/de\/produkte\/\"},{\"@type\":\"ListItem\",\"position\":2,\"name\":\"Massenkosmetik und K\u00f6rperpflege\",\"item\":\"https:\/\/candelaorganic.com\/de\/tienda\/kosmetik-und-koerperpflege-grossmengen\/\"},{\"@type\":\"ListItem\",\"position\":3,\"name\":\"\u00d6le\",\"item\":\"https:\/\/candelaorganic.com\/de\/tienda\/kosmetik-und-koerperpflege-grossmengen\/oele\/\"},{\"@type\":\"ListItem\",\"position\":4,\"name\":\"Konventionelles Ungurahui-\u00d6l\"}]},{\"@type\":\"WebSite\",\"@id\":\"https:\/\/candelaorganic.com\/de\/#website\",\"url\":\"https:\/\/candelaorganic.com\/de\/\",\"name\":\"Candela Organic\",\"description\":\"Wir erh\u00f6hen die Lebensmittelstandards\",\"publisher\":{\"@id\":\"https:\/\/candelaorganic.com\/de\/#organization\"},\"potentialAction\":[{\"@type\":\"SearchAction\",\"target\":{\"@type\":\"EntryPoint\",\"urlTemplate\":\"https:\/\/candelaorganic.com\/de\/?s={search_term_string}\"},\"query-input\":{\"@type\":\"PropertyValueSpecification\",\"valueRequired\":true,\"valueName\":\"search_term_string\"}}],\"inLanguage\":\"de\"},{\"@type\":\"Organization\",\"@id\":\"https:\/\/candelaorganic.com\/de\/#organization\",\"name\":\"Candela Organic\",\"url\":\"https:\/\/candelaorganic.com\/de\/\",\"logo\":{\"@type\":\"ImageObject\",\"inLanguage\":\"de\",\"@id\":\"https:\/\/candelaorganic.com\/de\/#\/schema\/logo\/image\/\",\"url\":\"https:\/\/candelaorganic.com\/de\/wp-content\/uploads\/sites\/14\/2024\/04\/Logotype.webp\",\"contentUrl\":\"https:\/\/candelaorganic.com\/de\/wp-content\/uploads\/sites\/14\/2024\/04\/Logotype.webp\",\"width\":256,\"height\":52,\"caption\":\"Candela Organic\"},\"image\":{\"@id\":\"https:\/\/candelaorganic.com\/de\/#\/schema\/logo\/image\/\"}}]}<\/script>\n<!-- \/ Yoast SEO plugin. -->","yoast_head_json":{"title":"Konventionelles Ungurahui-\u00d6l - Candela Organic","description":"Ungurahui Conventional Oil geht \u00fcber das Gew\u00f6hnliche hinaus und bietet vielf\u00e4ltige Leistung, die eine Vielzahl von Branchen und Anwendungen bedient.","robots":{"index":"index","follow":"follow","max-snippet":"max-snippet:-1","max-image-preview":"max-image-preview:large","max-video-preview":"max-video-preview:-1"},"canonical":"https:\/\/candelaorganic.com\/de\/producto\/konventionelles-ungurahui-oel\/","og_locale":"de_DE","og_type":"article","og_title":"Konventionelles Ungurahui-\u00d6l - Candela Organic","og_description":"Ungurahui Conventional Oil geht \u00fcber das Gew\u00f6hnliche hinaus und bietet vielf\u00e4ltige Leistung, die eine Vielzahl von Branchen und Anwendungen bedient.","og_url":"https:\/\/candelaorganic.com\/de\/producto\/konventionelles-ungurahui-oel\/","og_site_name":"Candela Organic","article_modified_time":"2025-01-28T15:00:25+00:00","og_image":[{"width":609,"height":599,"url":"https:\/\/candelaorganic.com\/de\/wp-content\/uploads\/sites\/14\/2024\/04\/Cover-product-image-159.webp","type":"image\/webp"}],"twitter_card":"summary_large_image","twitter_misc":{"Gesch\u00e4tzte Lesezeit":"2\u00a0Minuten"},"schema":{"@context":"https:\/\/schema.org","@graph":[{"@type":"WebPage","@id":"https:\/\/candelaorganic.com\/de\/producto\/konventionelles-ungurahui-oel\/","url":"https:\/\/candelaorganic.com\/de\/producto\/konventionelles-ungurahui-oel\/","name":"Konventionelles Ungurahui-\u00d6l - Candela Organic","isPartOf":{"@id":"https:\/\/candelaorganic.com\/de\/#website"},"primaryImageOfPage":{"@id":"https:\/\/candelaorganic.com\/de\/producto\/konventionelles-ungurahui-oel\/#primaryimage"},"image":{"@id":"https:\/\/candelaorganic.com\/de\/producto\/konventionelles-ungurahui-oel\/#primaryimage"},"thumbnailUrl":"https:\/\/candelaorganic.com\/de\/wp-content\/uploads\/sites\/14\/2024\/04\/Cover-product-image-159.webp","datePublished":"2024-04-04T17:47:42+00:00","dateModified":"2025-01-28T15:00:25+00:00","description":"Ungurahui Conventional Oil geht \u00fcber das Gew\u00f6hnliche hinaus und bietet vielf\u00e4ltige Leistung, die eine Vielzahl von Branchen und Anwendungen bedient.","breadcrumb":{"@id":"https:\/\/candelaorganic.com\/de\/producto\/konventionelles-ungurahui-oel\/#breadcrumb"},"inLanguage":"de","potentialAction":[{"@type":"ReadAction","target":["https:\/\/candelaorganic.com\/de\/producto\/konventionelles-ungurahui-oel\/"]}]},{"@type":"ImageObject","inLanguage":"de","@id":"https:\/\/candelaorganic.com\/de\/producto\/konventionelles-ungurahui-oel\/#primaryimage","url":"https:\/\/candelaorganic.com\/de\/wp-content\/uploads\/sites\/14\/2024\/04\/Cover-product-image-159.webp","contentUrl":"https:\/\/candelaorganic.com\/de\/wp-content\/uploads\/sites\/14\/2024\/04\/Cover-product-image-159.webp","width":609,"height":599},{"@type":"BreadcrumbList","@id":"https:\/\/candelaorganic.com\/de\/producto\/konventionelles-ungurahui-oel\/#breadcrumb","itemListElement":[{"@type":"ListItem","position":1,"name":"Produkte","item":"https:\/\/candelaorganic.com\/de\/produkte\/"},{"@type":"ListItem","position":2,"name":"Massenkosmetik und K\u00f6rperpflege","item":"https:\/\/candelaorganic.com\/de\/tienda\/kosmetik-und-koerperpflege-grossmengen\/"},{"@type":"ListItem","position":3,"name":"\u00d6le","item":"https:\/\/candelaorganic.com\/de\/tienda\/kosmetik-und-koerperpflege-grossmengen\/oele\/"},{"@type":"ListItem","position":4,"name":"Konventionelles Ungurahui-\u00d6l"}]},{"@type":"WebSite","@id":"https:\/\/candelaorganic.com\/de\/#website","url":"https:\/\/candelaorganic.com\/de\/","name":"Candela Organic","description":"Wir erh\u00f6hen die Lebensmittelstandards","publisher":{"@id":"https:\/\/candelaorganic.com\/de\/#organization"},"potentialAction":[{"@type":"SearchAction","target":{"@type":"EntryPoint","urlTemplate":"https:\/\/candelaorganic.com\/de\/?s={search_term_string}"},"query-input":{"@type":"PropertyValueSpecification","valueRequired":true,"valueName":"search_term_string"}}],"inLanguage":"de"},{"@type":"Organization","@id":"https:\/\/candelaorganic.com\/de\/#organization","name":"Candela Organic","url":"https:\/\/candelaorganic.com\/de\/","logo":{"@type":"ImageObject","inLanguage":"de","@id":"https:\/\/candelaorganic.com\/de\/#\/schema\/logo\/image\/","url":"https:\/\/candelaorganic.com\/de\/wp-content\/uploads\/sites\/14\/2024\/04\/Logotype.webp","contentUrl":"https:\/\/candelaorganic.com\/de\/wp-content\/uploads\/sites\/14\/2024\/04\/Logotype.webp","width":256,"height":52,"caption":"Candela Organic"},"image":{"@id":"https:\/\/candelaorganic.com\/de\/#\/schema\/logo\/image\/"}}]}},"_links":{"self":[{"href":"https:\/\/candelaorganic.com\/de\/wp-json\/wp\/v2\/product\/14363"}],"collection":[{"href":"https:\/\/candelaorganic.com\/de\/wp-json\/wp\/v2\/product"}],"about":[{"href":"https:\/\/candelaorganic.com\/de\/wp-json\/wp\/v2\/types\/product"}],"replies":[{"embeddable":true,"href":"https:\/\/candelaorganic.com\/de\/wp-json\/wp\/v2\/comments?post=14363"}],"wp:featuredmedia":[{"embeddable":true,"href":"https:\/\/candelaorganic.com\/de\/wp-json\/wp\/v2\/media\/13307"}],"wp:attachment":[{"href":"https:\/\/candelaorganic.com\/de\/wp-json\/wp\/v2\/media?parent=14363"}],"wp:term":[{"taxonomy":"product_cat","embeddable":true,"href":"https:\/\/candelaorganic.com\/de\/wp-json\/wp\/v2\/product_cat?post=14363"},{"taxonomy":"product_tag","embeddable":true,"href":"https:\/\/candelaorganic.com\/de\/wp-json\/wp\/v2\/product_tag?post=14363"}],"curies":[{"name":"wp","href":"https:\/\/api.w.org\/{rel}","templated":true}]}}