{"id":14362,"date":"2024-04-04T19:44:08","date_gmt":"2024-04-04T17:44:08","guid":{"rendered":"https:\/\/candelaorganic.com\/de\/?post_type=product&#038;p=14362"},"modified":"2024-06-21T17:04:07","modified_gmt":"2024-06-21T15:04:07","slug":"konventionelles-leinsamenoel","status":"publish","type":"product","link":"https:\/\/candelaorganic.com\/de\/producto\/konventionelles-leinsamenoel\/","title":{"rendered":"Konventionelles Leinsamen\u00f6l"},"content":{"rendered":"<p>Es wirkt als dermatologisches Weichmachermittel, da es zum Schutz und zur Vorbeugung einiger Hautkrankheiten beitr\u00e4gt, au\u00dferdem spendet es Feuchtigkeit und wirkt aufgrund seiner gro\u00dfen F\u00e4higkeit zur Wasserspeicherung beruhigend gegen Sonnenbrand und Akne.<\/p>\n<p>&nbsp;<\/p>\n<div class=\"text-wrap\"><strong><span class=\"subtitle\" style=\"color: #f1b434;\">MERKMALE UND VORTEILE<\/span><\/strong><\/div>\n<ul>\n<li>Dermatologischer Weichmacher: Nutzen Sie die Kraft von Leinsamen\u00f6l als dermatologischer Weichmacher und bieten Sie Schutz und Vorbeugung gegen Hautkrankheiten.<\/li>\n<li>Hautschutz: Erleben Sie die nat\u00fcrliche Abwehrkraft von Leinsamen\u00f6l, das vor Erkrankungen wie Sonnenbrand und Akne sch\u00fctzt und gleichzeitig Feuchtigkeit spendet.<\/li>\n<li>Beruhigende Linderung bei Sonnenbrand: Nutzen Sie die bemerkenswerte Wasserspeicherf\u00e4higkeit von Leinsamen\u00f6l, um durch Sonnenbrand verursachte Beschwerden zu lindern und zu lindern.<\/li>\n<li>Akne-L\u00f6sung: Bek\u00e4mpfen Sie Akne mit den beruhigenden Eigenschaften von Leinsamen\u00f6l, das Entz\u00fcndungen reduziert und einen klareren Teint f\u00f6rdert.<\/li>\n<li>Ganzheitliche Feuchtigkeitsversorgung: Nutzen Sie das feuchtigkeitsspendende Potenzial von Leinsamen\u00f6l, das als feuchtigkeitsspeicherndes Mittel wirkt und zur allgemeinen Gesundheit und Vitalit\u00e4t der Haut beitr\u00e4gt.<\/li>\n<\/ul>\n<div class=\"text-wrap\"><\/div>\n","protected":false},"excerpt":{"rendered":"<div class=\"title\">\n<div class=\"title\">\n<div class=\"title\">\n<div class=\"title\">\n<div class=\"title\"><strong><span class=\"name\" style=\"color: #f1b434;\">\/ LINUM USITATISSIMUM \/<\/span><\/strong><\/div>\n<p>Erleben Sie die au\u00dfergew\u00f6hnlichen Vorteile des kosmetischen \u00d6ls von Sacha Inchi, einer reichhaltigen Quelle von Omega 3 und Vitamin A, das eine unvergleichliche Hautrestrukturierung und -verj\u00fcngung bietet. Es ist besonders f\u00fcr empfindliche und gereizte Haut geeignet und wirkt wie ein Schutzschild, das Haare und N\u00e4gel vor den Gefahren der Trockenheit bewahrt. Ihr Omega-3-Gehalt unterst\u00fctzt den komplizierten Prozess der Hautregeneration und sorgt f\u00fcr eine zeitlos sch\u00f6ne Haut.<\/p>\n<\/div>\n<\/div>\n<\/div>\n<\/div>\n","protected":false},"featured_media":14003,"comment_status":"open","ping_status":"closed","template":"","meta":{"editor_notices":[]},"product_cat":[80],"product_tag":[],"yoast_head":"<!-- This site is optimized with the Yoast SEO plugin v23.5 - https:\/\/yoast.com\/wordpress\/plugins\/seo\/ -->\n<title>Konventionelles Leinsamen\u00f6l - Candela Organic<\/title>\n<meta name=\"description\" content=\"Es wirkt als Hautreiniger, da es zum Schutz und zur Vorbeugung einiger Hautkrankheiten beitr\u00e4gt, au\u00dferdem spendet es Feuchtigkeit und wirkt beruhigend gegen Akne.\" \/>\n<meta name=\"robots\" content=\"index, follow, max-snippet:-1, max-image-preview:large, max-video-preview:-1\" \/>\n<link rel=\"canonical\" href=\"https:\/\/candelaorganic.com\/de\/producto\/konventionelles-leinsamenoel\/\" \/>\n<meta property=\"og:locale\" content=\"de_DE\" \/>\n<meta property=\"og:type\" content=\"article\" \/>\n<meta property=\"og:title\" content=\"Konventionelles Leinsamen\u00f6l - Candela Organic\" \/>\n<meta property=\"og:description\" content=\"Es wirkt als Hautreiniger, da es zum Schutz und zur Vorbeugung einiger Hautkrankheiten beitr\u00e4gt, au\u00dferdem spendet es Feuchtigkeit und wirkt beruhigend gegen Akne.\" \/>\n<meta property=\"og:url\" content=\"https:\/\/candelaorganic.com\/de\/producto\/konventionelles-leinsamenoel\/\" \/>\n<meta property=\"og:site_name\" content=\"Candela Organic\" \/>\n<meta property=\"article:modified_time\" content=\"2024-06-21T15:04:07+00:00\" \/>\n<meta property=\"og:image\" content=\"https:\/\/candelaorganic.com\/de\/wp-content\/uploads\/sites\/14\/2024\/04\/Aceite-Linaza-beauty-product-image.webp\" \/>\n\t<meta property=\"og:image:width\" content=\"1070\" \/>\n\t<meta property=\"og:image:height\" content=\"1080\" \/>\n\t<meta property=\"og:image:type\" content=\"image\/webp\" \/>\n<meta name=\"twitter:card\" content=\"summary_large_image\" \/>\n<meta name=\"twitter:label1\" content=\"Gesch\u00e4tzte Lesezeit\" \/>\n\t<meta name=\"twitter:data1\" content=\"1\u00a0Minute\" \/>\n<script type=\"application\/ld+json\" class=\"yoast-schema-graph\">{\"@context\":\"https:\/\/schema.org\",\"@graph\":[{\"@type\":\"WebPage\",\"@id\":\"https:\/\/candelaorganic.com\/de\/producto\/konventionelles-leinsamenoel\/\",\"url\":\"https:\/\/candelaorganic.com\/de\/producto\/konventionelles-leinsamenoel\/\",\"name\":\"Konventionelles Leinsamen\u00f6l - Candela Organic\",\"isPartOf\":{\"@id\":\"https:\/\/candelaorganic.com\/de\/#website\"},\"primaryImageOfPage\":{\"@id\":\"https:\/\/candelaorganic.com\/de\/producto\/konventionelles-leinsamenoel\/#primaryimage\"},\"image\":{\"@id\":\"https:\/\/candelaorganic.com\/de\/producto\/konventionelles-leinsamenoel\/#primaryimage\"},\"thumbnailUrl\":\"https:\/\/candelaorganic.com\/de\/wp-content\/uploads\/sites\/14\/2024\/04\/Aceite-Linaza-beauty-product-image.webp\",\"datePublished\":\"2024-04-04T17:44:08+00:00\",\"dateModified\":\"2024-06-21T15:04:07+00:00\",\"description\":\"Es wirkt als Hautreiniger, da es zum Schutz und zur Vorbeugung einiger Hautkrankheiten beitr\u00e4gt, au\u00dferdem spendet es Feuchtigkeit und wirkt beruhigend gegen Akne.\",\"breadcrumb\":{\"@id\":\"https:\/\/candelaorganic.com\/de\/producto\/konventionelles-leinsamenoel\/#breadcrumb\"},\"inLanguage\":\"de\",\"potentialAction\":[{\"@type\":\"ReadAction\",\"target\":[\"https:\/\/candelaorganic.com\/de\/producto\/konventionelles-leinsamenoel\/\"]}]},{\"@type\":\"ImageObject\",\"inLanguage\":\"de\",\"@id\":\"https:\/\/candelaorganic.com\/de\/producto\/konventionelles-leinsamenoel\/#primaryimage\",\"url\":\"https:\/\/candelaorganic.com\/de\/wp-content\/uploads\/sites\/14\/2024\/04\/Aceite-Linaza-beauty-product-image.webp\",\"contentUrl\":\"https:\/\/candelaorganic.com\/de\/wp-content\/uploads\/sites\/14\/2024\/04\/Aceite-Linaza-beauty-product-image.webp\",\"width\":1070,\"height\":1080},{\"@type\":\"BreadcrumbList\",\"@id\":\"https:\/\/candelaorganic.com\/de\/producto\/konventionelles-leinsamenoel\/#breadcrumb\",\"itemListElement\":[{\"@type\":\"ListItem\",\"position\":1,\"name\":\"Produkte\",\"item\":\"https:\/\/candelaorganic.com\/de\/produkte\/\"},{\"@type\":\"ListItem\",\"position\":2,\"name\":\"Einzelhandel mit Kosmetik- und K\u00f6rperpflegeprodukten\",\"item\":\"https:\/\/candelaorganic.com\/de\/tienda\/einzelhandel-mit-kosmetik-und-koerperpflegeprodukten\/\"},{\"@type\":\"ListItem\",\"position\":3,\"name\":\"\u00d6le\",\"item\":\"https:\/\/candelaorganic.com\/de\/tienda\/einzelhandel-mit-kosmetik-und-koerperpflegeprodukten\/oel-und-butter-einzelhandel\/\"},{\"@type\":\"ListItem\",\"position\":4,\"name\":\"Konventionelles Leinsamen\u00f6l\"}]},{\"@type\":\"WebSite\",\"@id\":\"https:\/\/candelaorganic.com\/de\/#website\",\"url\":\"https:\/\/candelaorganic.com\/de\/\",\"name\":\"Candela Organic\",\"description\":\"Wir erh\u00f6hen die Lebensmittelstandards\",\"publisher\":{\"@id\":\"https:\/\/candelaorganic.com\/de\/#organization\"},\"potentialAction\":[{\"@type\":\"SearchAction\",\"target\":{\"@type\":\"EntryPoint\",\"urlTemplate\":\"https:\/\/candelaorganic.com\/de\/?s={search_term_string}\"},\"query-input\":{\"@type\":\"PropertyValueSpecification\",\"valueRequired\":true,\"valueName\":\"search_term_string\"}}],\"inLanguage\":\"de\"},{\"@type\":\"Organization\",\"@id\":\"https:\/\/candelaorganic.com\/de\/#organization\",\"name\":\"Candela Organic\",\"url\":\"https:\/\/candelaorganic.com\/de\/\",\"logo\":{\"@type\":\"ImageObject\",\"inLanguage\":\"de\",\"@id\":\"https:\/\/candelaorganic.com\/de\/#\/schema\/logo\/image\/\",\"url\":\"https:\/\/candelaorganic.com\/de\/wp-content\/uploads\/sites\/14\/2024\/04\/Logotype.webp\",\"contentUrl\":\"https:\/\/candelaorganic.com\/de\/wp-content\/uploads\/sites\/14\/2024\/04\/Logotype.webp\",\"width\":256,\"height\":52,\"caption\":\"Candela Organic\"},\"image\":{\"@id\":\"https:\/\/candelaorganic.com\/de\/#\/schema\/logo\/image\/\"}}]}<\/script>\n<!-- \/ Yoast SEO plugin. -->","yoast_head_json":{"title":"Konventionelles Leinsamen\u00f6l - Candela Organic","description":"Es wirkt als Hautreiniger, da es zum Schutz und zur Vorbeugung einiger Hautkrankheiten beitr\u00e4gt, au\u00dferdem spendet es Feuchtigkeit und wirkt beruhigend gegen Akne.","robots":{"index":"index","follow":"follow","max-snippet":"max-snippet:-1","max-image-preview":"max-image-preview:large","max-video-preview":"max-video-preview:-1"},"canonical":"https:\/\/candelaorganic.com\/de\/producto\/konventionelles-leinsamenoel\/","og_locale":"de_DE","og_type":"article","og_title":"Konventionelles Leinsamen\u00f6l - Candela Organic","og_description":"Es wirkt als Hautreiniger, da es zum Schutz und zur Vorbeugung einiger Hautkrankheiten beitr\u00e4gt, au\u00dferdem spendet es Feuchtigkeit und wirkt beruhigend gegen Akne.","og_url":"https:\/\/candelaorganic.com\/de\/producto\/konventionelles-leinsamenoel\/","og_site_name":"Candela Organic","article_modified_time":"2024-06-21T15:04:07+00:00","og_image":[{"width":1070,"height":1080,"url":"https:\/\/candelaorganic.com\/de\/wp-content\/uploads\/sites\/14\/2024\/04\/Aceite-Linaza-beauty-product-image.webp","type":"image\/webp"}],"twitter_card":"summary_large_image","twitter_misc":{"Gesch\u00e4tzte Lesezeit":"1\u00a0Minute"},"schema":{"@context":"https:\/\/schema.org","@graph":[{"@type":"WebPage","@id":"https:\/\/candelaorganic.com\/de\/producto\/konventionelles-leinsamenoel\/","url":"https:\/\/candelaorganic.com\/de\/producto\/konventionelles-leinsamenoel\/","name":"Konventionelles Leinsamen\u00f6l - Candela Organic","isPartOf":{"@id":"https:\/\/candelaorganic.com\/de\/#website"},"primaryImageOfPage":{"@id":"https:\/\/candelaorganic.com\/de\/producto\/konventionelles-leinsamenoel\/#primaryimage"},"image":{"@id":"https:\/\/candelaorganic.com\/de\/producto\/konventionelles-leinsamenoel\/#primaryimage"},"thumbnailUrl":"https:\/\/candelaorganic.com\/de\/wp-content\/uploads\/sites\/14\/2024\/04\/Aceite-Linaza-beauty-product-image.webp","datePublished":"2024-04-04T17:44:08+00:00","dateModified":"2024-06-21T15:04:07+00:00","description":"Es wirkt als Hautreiniger, da es zum Schutz und zur Vorbeugung einiger Hautkrankheiten beitr\u00e4gt, au\u00dferdem spendet es Feuchtigkeit und wirkt beruhigend gegen Akne.","breadcrumb":{"@id":"https:\/\/candelaorganic.com\/de\/producto\/konventionelles-leinsamenoel\/#breadcrumb"},"inLanguage":"de","potentialAction":[{"@type":"ReadAction","target":["https:\/\/candelaorganic.com\/de\/producto\/konventionelles-leinsamenoel\/"]}]},{"@type":"ImageObject","inLanguage":"de","@id":"https:\/\/candelaorganic.com\/de\/producto\/konventionelles-leinsamenoel\/#primaryimage","url":"https:\/\/candelaorganic.com\/de\/wp-content\/uploads\/sites\/14\/2024\/04\/Aceite-Linaza-beauty-product-image.webp","contentUrl":"https:\/\/candelaorganic.com\/de\/wp-content\/uploads\/sites\/14\/2024\/04\/Aceite-Linaza-beauty-product-image.webp","width":1070,"height":1080},{"@type":"BreadcrumbList","@id":"https:\/\/candelaorganic.com\/de\/producto\/konventionelles-leinsamenoel\/#breadcrumb","itemListElement":[{"@type":"ListItem","position":1,"name":"Produkte","item":"https:\/\/candelaorganic.com\/de\/produkte\/"},{"@type":"ListItem","position":2,"name":"Einzelhandel mit Kosmetik- und K\u00f6rperpflegeprodukten","item":"https:\/\/candelaorganic.com\/de\/tienda\/einzelhandel-mit-kosmetik-und-koerperpflegeprodukten\/"},{"@type":"ListItem","position":3,"name":"\u00d6le","item":"https:\/\/candelaorganic.com\/de\/tienda\/einzelhandel-mit-kosmetik-und-koerperpflegeprodukten\/oel-und-butter-einzelhandel\/"},{"@type":"ListItem","position":4,"name":"Konventionelles Leinsamen\u00f6l"}]},{"@type":"WebSite","@id":"https:\/\/candelaorganic.com\/de\/#website","url":"https:\/\/candelaorganic.com\/de\/","name":"Candela Organic","description":"Wir erh\u00f6hen die Lebensmittelstandards","publisher":{"@id":"https:\/\/candelaorganic.com\/de\/#organization"},"potentialAction":[{"@type":"SearchAction","target":{"@type":"EntryPoint","urlTemplate":"https:\/\/candelaorganic.com\/de\/?s={search_term_string}"},"query-input":{"@type":"PropertyValueSpecification","valueRequired":true,"valueName":"search_term_string"}}],"inLanguage":"de"},{"@type":"Organization","@id":"https:\/\/candelaorganic.com\/de\/#organization","name":"Candela Organic","url":"https:\/\/candelaorganic.com\/de\/","logo":{"@type":"ImageObject","inLanguage":"de","@id":"https:\/\/candelaorganic.com\/de\/#\/schema\/logo\/image\/","url":"https:\/\/candelaorganic.com\/de\/wp-content\/uploads\/sites\/14\/2024\/04\/Logotype.webp","contentUrl":"https:\/\/candelaorganic.com\/de\/wp-content\/uploads\/sites\/14\/2024\/04\/Logotype.webp","width":256,"height":52,"caption":"Candela Organic"},"image":{"@id":"https:\/\/candelaorganic.com\/de\/#\/schema\/logo\/image\/"}}]}},"_links":{"self":[{"href":"https:\/\/candelaorganic.com\/de\/wp-json\/wp\/v2\/product\/14362"}],"collection":[{"href":"https:\/\/candelaorganic.com\/de\/wp-json\/wp\/v2\/product"}],"about":[{"href":"https:\/\/candelaorganic.com\/de\/wp-json\/wp\/v2\/types\/product"}],"replies":[{"embeddable":true,"href":"https:\/\/candelaorganic.com\/de\/wp-json\/wp\/v2\/comments?post=14362"}],"wp:featuredmedia":[{"embeddable":true,"href":"https:\/\/candelaorganic.com\/de\/wp-json\/wp\/v2\/media\/14003"}],"wp:attachment":[{"href":"https:\/\/candelaorganic.com\/de\/wp-json\/wp\/v2\/media?parent=14362"}],"wp:term":[{"taxonomy":"product_cat","embeddable":true,"href":"https:\/\/candelaorganic.com\/de\/wp-json\/wp\/v2\/product_cat?post=14362"},{"taxonomy":"product_tag","embeddable":true,"href":"https:\/\/candelaorganic.com\/de\/wp-json\/wp\/v2\/product_tag?post=14362"}],"curies":[{"name":"wp","href":"https:\/\/api.w.org\/{rel}","templated":true}]}}