{"id":14351,"date":"2024-04-04T19:38:04","date_gmt":"2024-04-04T17:38:04","guid":{"rendered":"https:\/\/candelaorganic.com\/de\/?post_type=product&#038;p=14351"},"modified":"2024-07-16T18:33:34","modified_gmt":"2024-07-16T16:33:34","slug":"bio-maracujaoel","status":"publish","type":"product","link":"https:\/\/candelaorganic.com\/de\/producto\/bio-maracujaoel\/","title":{"rendered":"Bio Maracuja\u00f6l"},"content":{"rendered":"<p>Unser Passionsfruchtkern\u00f6l stammt von der Superfrucht aus den Anden, die Sie aus S\u00e4ften und Desserts kennen und lieben. Mit der steigenden Nachfrage nach Maracujasaft ist auch die Anzahl der Kerne als Nebenprodukt gestiegen.<\/p>\n<p>In der Regel werden diese Kerne nach dem Zerkleinern entsorgt, was Betriebskosten verursacht und zu Umweltproblemen f\u00fchren kann. Tats\u00e4chlich sind die Fruchtabf\u00e4lle zu einer der Hauptquellen f\u00fcr feste Siedlungsabf\u00e4lle geworden. Bei der Entsorgung dieser Kerne auf Deponien oder in Verbrennungsanlagen k\u00f6nnen Methan und Kohlendioxid entstehen und andere Schadstoffe freigesetzt werden. Durch die Kaltpressung von Passionsfruchtkernen k\u00f6nnen wir ihr hochgradig antioxidatives und feuchtigkeitsspendendes \u00d6l extrahieren und gleichzeitig den Abfall und die damit verbundenen Umweltprobleme eind\u00e4mmen.<\/p>\n<p>Passionsfruchtkern\u00f6l hat eine gelbe Farbe und einen fruchtigen Duft, der sich hervorragend f\u00fcr K\u00f6rperpflegeprodukte eignet. Obwohl es eine leichte Textur hat, ist es au\u00dfergew\u00f6hnlich geschmeidig und hat erstaunliche Vorteile f\u00fcr alle Haut- und Haartypen. Durch die Kaltpressung bleiben die bioaktiven Bestandteile, insbesondere die phenolischen Verbindungen, intakt und sorgen f\u00fcr einen au\u00dfergew\u00f6hnlichen Gehalt an Antioxidantien. Vorteile: Hoher Gehalt an Piceatannol zur Reduzierung der Lichtalterung. Enth\u00e4lt Linols\u00e4ure f\u00fcr mehr Feuchtigkeit. Reich an Lycopin und Vitamin C f\u00fcr mehr Hautelastizit\u00e4t und Anti-Aging<\/p>\n<p>Verbessert die Gesundheit der Haare und beugt Haarausfall vor. F\u00f6rdert die Heilung von trockener oder gereizter Haut. Reduziert das Auftreten von Akne. Verwendet in:\u00a0 Gesichtspflege. K\u00f6rperbutter und Lotionen. Lippenpflege. Haarsp\u00fclungen f\u00fcr mehr Geschmeidigkeit und Volumen. Shampoos gegen Schuppen. Haarpflege und Kopfhautbehandlungen<\/p>\n<p>&nbsp;<\/p>\n<div class=\"text-wrap\">\n<p><strong><strong><span class=\"subtitle\" style=\"color: #f1b434;\">EIGENSCHAFTEN UND VORTEILE<\/span><\/strong><\/strong><\/p>\n<ul>\n<li aria-level=\"1\">Quelle der Superfrucht aus den Anden: Extrahiert aus der beliebten Anden-Superfrucht, die f\u00fcr ihre Pr\u00e4senz in S\u00e4ften und Desserts gesch\u00e4tzt wird.<\/li>\n<li aria-level=\"1\">Umweltvertr\u00e4gliche L\u00f6sung: Tr\u00e4gt zur Nachhaltigkeit bei, indem Passionsfruchtkerne verwendet werden, die sonst weggeworfen w\u00fcrden, wodurch Abfall und Umweltbelastung reduziert werden.<\/li>\n<li aria-level=\"1\">Antioxidantienreiches Elixier: Durch Kaltpressung bleiben die starken Antioxidantien erhalten und das daraus resultierende \u00d6l bietet au\u00dfergew\u00f6hnliche Vorteile f\u00fcr die Gesundheit von Haut und Haar.<\/li>\n<li aria-level=\"1\">Vielseitiger Sch\u00f6nheitshelfer: Verbessert die Elastizit\u00e4t der Haut, reduziert die Lichtalterung, spendet viel Feuchtigkeit und f\u00f6rdert die Vitalit\u00e4t und das Wachstum der Haare.<\/li>\n<li aria-level=\"1\">Vielf\u00e4ltige Anwendungen: Ideal f\u00fcr Gesichtspflege, K\u00f6rperbutter, Lotionen, Lippenpflege, Haarsp\u00fclungen und spezielle Kopfhautbehandlungen, die der pers\u00f6nlichen Pflegeroutine einen Hauch von nat\u00fcrlichem Luxus verleihen.<\/li>\n<\/ul>\n<\/div>\n","protected":false},"excerpt":{"rendered":"<div class=\"title\">\n<div class=\"title\">\n<div class=\"title\">\n<div class=\"title\">\n<div class=\"title\"><strong><span class=\"name\" style=\"color: #f1b434;\">\/ PASSIFLORA EDULIS \/<\/span><\/strong><\/div>\n<p>Passionsfruchtsamen\u00f6l hat einen leuchtend gelben Farbton und ein bet\u00f6rendes fruchtiges Aroma, was es zu einer au\u00dfergew\u00f6hnlichen Erg\u00e4nzung f\u00fcr K\u00f6rperpflegeprodukte macht. Seine leichte und dennoch bemerkenswert geschmeidige Textur bietet unglaubliche Vorteile f\u00fcr verschiedene Haut- und Haartypen. Durch unsere sorgf\u00e4ltige Kaltpressungstechnik bleiben wesentliche bioaktive Verbindungen, insbesondere phenolische Verbindungen, intakt und sorgen f\u00fcr ein au\u00dfergew\u00f6hnliches Antioxidantienprofil. Passionsfruchtsamen\u00f6l hat einen leuchtend gelben Farbton und ein bet\u00f6rendes fruchtiges Aroma, was es zu einer au\u00dfergew\u00f6hnlichen Erg\u00e4nzung f\u00fcr K\u00f6rperpflegeprodukte macht. Seine leichte und doch bemerkenswert geschmeidige Textur bietet unglaubliche Vorteile f\u00fcr verschiedene Haut- und Haartypen. Durch unsere sorgf\u00e4ltige Kaltpressungstechnik bleiben wesentliche bioaktive Verbindungen, insbesondere phenolische Verbindungen, intakt, was ein au\u00dfergew\u00f6hnliches Antioxidantienprofil gew\u00e4hrleistet.<\/p>\n<\/div>\n<\/div>\n<\/div>\n<\/div>\n","protected":false},"featured_media":14002,"comment_status":"open","ping_status":"closed","template":"","meta":{"editor_notices":[]},"product_cat":[80],"product_tag":[],"yoast_head":"<!-- This site is optimized with the Yoast SEO plugin v23.5 - https:\/\/yoast.com\/wordpress\/plugins\/seo\/ -->\n<title>Bio Maracuja\u00f6l - Candela Organic<\/title>\n<meta name=\"description\" content=\"Passionsfruchtsamen\u00f6l hat eine gelbe Farbe und ein au\u00dfergew\u00f6hnlich fruchtiges Aroma f\u00fcr K\u00f6rperpflegeprodukte.\" \/>\n<meta name=\"robots\" content=\"index, follow, max-snippet:-1, max-image-preview:large, max-video-preview:-1\" \/>\n<link rel=\"canonical\" href=\"https:\/\/candelaorganic.com\/de\/producto\/bio-maracujaoel\/\" \/>\n<meta property=\"og:locale\" content=\"de_DE\" \/>\n<meta property=\"og:type\" content=\"article\" \/>\n<meta property=\"og:title\" content=\"Bio Maracuja\u00f6l - Candela Organic\" \/>\n<meta property=\"og:description\" content=\"Passionsfruchtsamen\u00f6l hat eine gelbe Farbe und ein au\u00dfergew\u00f6hnlich fruchtiges Aroma f\u00fcr K\u00f6rperpflegeprodukte.\" \/>\n<meta property=\"og:url\" content=\"https:\/\/candelaorganic.com\/de\/producto\/bio-maracujaoel\/\" \/>\n<meta property=\"og:site_name\" content=\"Candela Organic\" \/>\n<meta property=\"article:modified_time\" content=\"2024-07-16T16:33:34+00:00\" \/>\n<meta property=\"og:image\" content=\"https:\/\/candelaorganic.com\/de\/wp-content\/uploads\/sites\/14\/2024\/04\/Aceite-Maracuya-beauty-product-image.webp\" \/>\n\t<meta property=\"og:image:width\" content=\"1070\" \/>\n\t<meta property=\"og:image:height\" content=\"1080\" \/>\n\t<meta property=\"og:image:type\" content=\"image\/webp\" \/>\n<meta name=\"twitter:card\" content=\"summary_large_image\" \/>\n<meta name=\"twitter:label1\" content=\"Gesch\u00e4tzte Lesezeit\" \/>\n\t<meta name=\"twitter:data1\" content=\"3\u00a0Minuten\" \/>\n<script type=\"application\/ld+json\" class=\"yoast-schema-graph\">{\"@context\":\"https:\/\/schema.org\",\"@graph\":[{\"@type\":\"WebPage\",\"@id\":\"https:\/\/candelaorganic.com\/de\/producto\/bio-maracujaoel\/\",\"url\":\"https:\/\/candelaorganic.com\/de\/producto\/bio-maracujaoel\/\",\"name\":\"Bio Maracuja\u00f6l - Candela Organic\",\"isPartOf\":{\"@id\":\"https:\/\/candelaorganic.com\/de\/#website\"},\"primaryImageOfPage\":{\"@id\":\"https:\/\/candelaorganic.com\/de\/producto\/bio-maracujaoel\/#primaryimage\"},\"image\":{\"@id\":\"https:\/\/candelaorganic.com\/de\/producto\/bio-maracujaoel\/#primaryimage\"},\"thumbnailUrl\":\"https:\/\/candelaorganic.com\/de\/wp-content\/uploads\/sites\/14\/2024\/04\/Aceite-Maracuya-beauty-product-image.webp\",\"datePublished\":\"2024-04-04T17:38:04+00:00\",\"dateModified\":\"2024-07-16T16:33:34+00:00\",\"description\":\"Passionsfruchtsamen\u00f6l hat eine gelbe Farbe und ein au\u00dfergew\u00f6hnlich fruchtiges Aroma f\u00fcr K\u00f6rperpflegeprodukte.\",\"breadcrumb\":{\"@id\":\"https:\/\/candelaorganic.com\/de\/producto\/bio-maracujaoel\/#breadcrumb\"},\"inLanguage\":\"de\",\"potentialAction\":[{\"@type\":\"ReadAction\",\"target\":[\"https:\/\/candelaorganic.com\/de\/producto\/bio-maracujaoel\/\"]}]},{\"@type\":\"ImageObject\",\"inLanguage\":\"de\",\"@id\":\"https:\/\/candelaorganic.com\/de\/producto\/bio-maracujaoel\/#primaryimage\",\"url\":\"https:\/\/candelaorganic.com\/de\/wp-content\/uploads\/sites\/14\/2024\/04\/Aceite-Maracuya-beauty-product-image.webp\",\"contentUrl\":\"https:\/\/candelaorganic.com\/de\/wp-content\/uploads\/sites\/14\/2024\/04\/Aceite-Maracuya-beauty-product-image.webp\",\"width\":1070,\"height\":1080},{\"@type\":\"BreadcrumbList\",\"@id\":\"https:\/\/candelaorganic.com\/de\/producto\/bio-maracujaoel\/#breadcrumb\",\"itemListElement\":[{\"@type\":\"ListItem\",\"position\":1,\"name\":\"Produkte\",\"item\":\"https:\/\/candelaorganic.com\/de\/produkte\/\"},{\"@type\":\"ListItem\",\"position\":2,\"name\":\"Einzelhandel mit Kosmetik- und K\u00f6rperpflegeprodukten\",\"item\":\"https:\/\/candelaorganic.com\/de\/tienda\/einzelhandel-mit-kosmetik-und-koerperpflegeprodukten\/\"},{\"@type\":\"ListItem\",\"position\":3,\"name\":\"\u00d6le\",\"item\":\"https:\/\/candelaorganic.com\/de\/tienda\/einzelhandel-mit-kosmetik-und-koerperpflegeprodukten\/oel-und-butter-einzelhandel\/\"},{\"@type\":\"ListItem\",\"position\":4,\"name\":\"Bio Maracuja\u00f6l\"}]},{\"@type\":\"WebSite\",\"@id\":\"https:\/\/candelaorganic.com\/de\/#website\",\"url\":\"https:\/\/candelaorganic.com\/de\/\",\"name\":\"Candela Organic\",\"description\":\"Wir erh\u00f6hen die Lebensmittelstandards\",\"publisher\":{\"@id\":\"https:\/\/candelaorganic.com\/de\/#organization\"},\"potentialAction\":[{\"@type\":\"SearchAction\",\"target\":{\"@type\":\"EntryPoint\",\"urlTemplate\":\"https:\/\/candelaorganic.com\/de\/?s={search_term_string}\"},\"query-input\":{\"@type\":\"PropertyValueSpecification\",\"valueRequired\":true,\"valueName\":\"search_term_string\"}}],\"inLanguage\":\"de\"},{\"@type\":\"Organization\",\"@id\":\"https:\/\/candelaorganic.com\/de\/#organization\",\"name\":\"Candela Organic\",\"url\":\"https:\/\/candelaorganic.com\/de\/\",\"logo\":{\"@type\":\"ImageObject\",\"inLanguage\":\"de\",\"@id\":\"https:\/\/candelaorganic.com\/de\/#\/schema\/logo\/image\/\",\"url\":\"https:\/\/candelaorganic.com\/de\/wp-content\/uploads\/sites\/14\/2024\/04\/Logotype.webp\",\"contentUrl\":\"https:\/\/candelaorganic.com\/de\/wp-content\/uploads\/sites\/14\/2024\/04\/Logotype.webp\",\"width\":256,\"height\":52,\"caption\":\"Candela Organic\"},\"image\":{\"@id\":\"https:\/\/candelaorganic.com\/de\/#\/schema\/logo\/image\/\"}}]}<\/script>\n<!-- \/ Yoast SEO plugin. -->","yoast_head_json":{"title":"Bio Maracuja\u00f6l - Candela Organic","description":"Passionsfruchtsamen\u00f6l hat eine gelbe Farbe und ein au\u00dfergew\u00f6hnlich fruchtiges Aroma f\u00fcr K\u00f6rperpflegeprodukte.","robots":{"index":"index","follow":"follow","max-snippet":"max-snippet:-1","max-image-preview":"max-image-preview:large","max-video-preview":"max-video-preview:-1"},"canonical":"https:\/\/candelaorganic.com\/de\/producto\/bio-maracujaoel\/","og_locale":"de_DE","og_type":"article","og_title":"Bio Maracuja\u00f6l - Candela Organic","og_description":"Passionsfruchtsamen\u00f6l hat eine gelbe Farbe und ein au\u00dfergew\u00f6hnlich fruchtiges Aroma f\u00fcr K\u00f6rperpflegeprodukte.","og_url":"https:\/\/candelaorganic.com\/de\/producto\/bio-maracujaoel\/","og_site_name":"Candela Organic","article_modified_time":"2024-07-16T16:33:34+00:00","og_image":[{"width":1070,"height":1080,"url":"https:\/\/candelaorganic.com\/de\/wp-content\/uploads\/sites\/14\/2024\/04\/Aceite-Maracuya-beauty-product-image.webp","type":"image\/webp"}],"twitter_card":"summary_large_image","twitter_misc":{"Gesch\u00e4tzte Lesezeit":"3\u00a0Minuten"},"schema":{"@context":"https:\/\/schema.org","@graph":[{"@type":"WebPage","@id":"https:\/\/candelaorganic.com\/de\/producto\/bio-maracujaoel\/","url":"https:\/\/candelaorganic.com\/de\/producto\/bio-maracujaoel\/","name":"Bio Maracuja\u00f6l - Candela Organic","isPartOf":{"@id":"https:\/\/candelaorganic.com\/de\/#website"},"primaryImageOfPage":{"@id":"https:\/\/candelaorganic.com\/de\/producto\/bio-maracujaoel\/#primaryimage"},"image":{"@id":"https:\/\/candelaorganic.com\/de\/producto\/bio-maracujaoel\/#primaryimage"},"thumbnailUrl":"https:\/\/candelaorganic.com\/de\/wp-content\/uploads\/sites\/14\/2024\/04\/Aceite-Maracuya-beauty-product-image.webp","datePublished":"2024-04-04T17:38:04+00:00","dateModified":"2024-07-16T16:33:34+00:00","description":"Passionsfruchtsamen\u00f6l hat eine gelbe Farbe und ein au\u00dfergew\u00f6hnlich fruchtiges Aroma f\u00fcr K\u00f6rperpflegeprodukte.","breadcrumb":{"@id":"https:\/\/candelaorganic.com\/de\/producto\/bio-maracujaoel\/#breadcrumb"},"inLanguage":"de","potentialAction":[{"@type":"ReadAction","target":["https:\/\/candelaorganic.com\/de\/producto\/bio-maracujaoel\/"]}]},{"@type":"ImageObject","inLanguage":"de","@id":"https:\/\/candelaorganic.com\/de\/producto\/bio-maracujaoel\/#primaryimage","url":"https:\/\/candelaorganic.com\/de\/wp-content\/uploads\/sites\/14\/2024\/04\/Aceite-Maracuya-beauty-product-image.webp","contentUrl":"https:\/\/candelaorganic.com\/de\/wp-content\/uploads\/sites\/14\/2024\/04\/Aceite-Maracuya-beauty-product-image.webp","width":1070,"height":1080},{"@type":"BreadcrumbList","@id":"https:\/\/candelaorganic.com\/de\/producto\/bio-maracujaoel\/#breadcrumb","itemListElement":[{"@type":"ListItem","position":1,"name":"Produkte","item":"https:\/\/candelaorganic.com\/de\/produkte\/"},{"@type":"ListItem","position":2,"name":"Einzelhandel mit Kosmetik- und K\u00f6rperpflegeprodukten","item":"https:\/\/candelaorganic.com\/de\/tienda\/einzelhandel-mit-kosmetik-und-koerperpflegeprodukten\/"},{"@type":"ListItem","position":3,"name":"\u00d6le","item":"https:\/\/candelaorganic.com\/de\/tienda\/einzelhandel-mit-kosmetik-und-koerperpflegeprodukten\/oel-und-butter-einzelhandel\/"},{"@type":"ListItem","position":4,"name":"Bio Maracuja\u00f6l"}]},{"@type":"WebSite","@id":"https:\/\/candelaorganic.com\/de\/#website","url":"https:\/\/candelaorganic.com\/de\/","name":"Candela Organic","description":"Wir erh\u00f6hen die Lebensmittelstandards","publisher":{"@id":"https:\/\/candelaorganic.com\/de\/#organization"},"potentialAction":[{"@type":"SearchAction","target":{"@type":"EntryPoint","urlTemplate":"https:\/\/candelaorganic.com\/de\/?s={search_term_string}"},"query-input":{"@type":"PropertyValueSpecification","valueRequired":true,"valueName":"search_term_string"}}],"inLanguage":"de"},{"@type":"Organization","@id":"https:\/\/candelaorganic.com\/de\/#organization","name":"Candela Organic","url":"https:\/\/candelaorganic.com\/de\/","logo":{"@type":"ImageObject","inLanguage":"de","@id":"https:\/\/candelaorganic.com\/de\/#\/schema\/logo\/image\/","url":"https:\/\/candelaorganic.com\/de\/wp-content\/uploads\/sites\/14\/2024\/04\/Logotype.webp","contentUrl":"https:\/\/candelaorganic.com\/de\/wp-content\/uploads\/sites\/14\/2024\/04\/Logotype.webp","width":256,"height":52,"caption":"Candela Organic"},"image":{"@id":"https:\/\/candelaorganic.com\/de\/#\/schema\/logo\/image\/"}}]}},"_links":{"self":[{"href":"https:\/\/candelaorganic.com\/de\/wp-json\/wp\/v2\/product\/14351"}],"collection":[{"href":"https:\/\/candelaorganic.com\/de\/wp-json\/wp\/v2\/product"}],"about":[{"href":"https:\/\/candelaorganic.com\/de\/wp-json\/wp\/v2\/types\/product"}],"replies":[{"embeddable":true,"href":"https:\/\/candelaorganic.com\/de\/wp-json\/wp\/v2\/comments?post=14351"}],"wp:featuredmedia":[{"embeddable":true,"href":"https:\/\/candelaorganic.com\/de\/wp-json\/wp\/v2\/media\/14002"}],"wp:attachment":[{"href":"https:\/\/candelaorganic.com\/de\/wp-json\/wp\/v2\/media?parent=14351"}],"wp:term":[{"taxonomy":"product_cat","embeddable":true,"href":"https:\/\/candelaorganic.com\/de\/wp-json\/wp\/v2\/product_cat?post=14351"},{"taxonomy":"product_tag","embeddable":true,"href":"https:\/\/candelaorganic.com\/de\/wp-json\/wp\/v2\/product_tag?post=14351"}],"curies":[{"name":"wp","href":"https:\/\/api.w.org\/{rel}","templated":true}]}}