{"id":14338,"date":"2024-04-04T19:33:10","date_gmt":"2024-04-04T17:33:10","guid":{"rendered":"https:\/\/candelaorganic.com\/de\/?post_type=product&#038;p=14338"},"modified":"2025-11-27T01:03:23","modified_gmt":"2025-11-27T00:03:23","slug":"herkoemmliches-copaiba-oel","status":"publish","type":"product","link":"https:\/\/candelaorganic.com\/de\/producto\/herkoemmliches-copaiba-oel\/","title":{"rendered":"Herk\u00f6mmliches-Copaiba-\u00d6l"},"content":{"rendered":"<p>Copaiba-\u00d6l stammt vom Copaiba-Baum im Amazonasgebiet und wird durch Extraktion des Oleoresins gewonnen.<\/p>\n<p>Seine Anwendung ist ideal bei Hauterkrankungen, hilft bei der Wundheilung und tr\u00e4gt zur Aktivierung der Durchblutung bei, was eine gro\u00dfe Hilfe bei Krampfadern darstellt.<\/p>\n<p>Copaiba-\u00d6l ist der beste Verb\u00fcndete f\u00fcr einen gesunden Organismus, daher ist seine Anwendung ideal bei Problemen mit Psoriasis, Herpes, Dermatitis und Pilzen, wo es sich als au\u00dfergew\u00f6hnliches nat\u00fcrliches Antimykotikum auszeichnet. Vorteile: Harzs\u00e4uren wie Elesigs\u00e4ure und Kopaibins\u00e4ure. E-Cuben, Cu-Bebene, Humulen, E-Humulen. Verwendungszweck: Seine Anwendung ist ideal bei Hauterkrankungen, hilft bei der Wundheilung und tr\u00e4gt zur Aktivierung der Blutzirkulation bei, was eine gro\u00dfe Hilfe bei Krampfadern darstellt. Copaiba-\u00d6l ist der beste Verb\u00fcndete f\u00fcr einen gesunden Organismus, daher ist seine Anwendung ideal bei Problemen mit Psoriasis, Herpes, Dermatitis und Pilzen, wo es sich als au\u00dfergew\u00f6hnliches nat\u00fcrliches Antimykotikum auszeichnet.<\/p>\n<p>&nbsp;<\/p>\n<p><strong><span class=\"subtitle\" style=\"color: #f1b434;\">MERKMALE UND VORTEILE<\/span><\/strong><\/p>\n<ul>\n<li>Retter der Haut: Copaiba-\u00d6l, das aus dem Copaiba-Baum des Amazonas gewonnen wird, ist eine ideale L\u00f6sung f\u00fcr verschiedene Hauterkrankungen, unterst\u00fctzt die Wundheilung und f\u00f6rdert eine gesunde Durchblutung.<\/li>\n<li>Linderung von Krampfadern: Nutzen Sie die Kraft des Copaiba-\u00d6ls zur Behandlung von Krampfadern, was zu einer verbesserten Durchblutung und Linderung von Beschwerden beitr\u00e4gt.<\/li>\n<li>Nat\u00fcrliche, antimykotische Exzellenz: Nutzen Sie Copaiba-\u00d6l als nat\u00fcrlichen Verb\u00fcndeten bei der Bek\u00e4mpfung von Psoriasis, Herpes, Dermatitis und Pilzbeschwerden und nutzen Sie seine au\u00dfergew\u00f6hnlichen antimykotischen Eigenschaften.<\/li>\n<li>Ganzheitliche Wellness-Unterst\u00fctzung: Copaiba-\u00d6l wird zu einem vielseitigen Begleiter zur F\u00f6rderung eines gesunden Organismus und bietet Vorteile, die sich auf Hauterkrankungen und das allgemeine Wohlbefinden erstrecken.<\/li>\n<li>Die Harzmagie der Natur: Entdecken Sie die bemerkenswerten Vorteile von Copaiba-\u00d6l, angereichert mit Harzs\u00e4uren, E-Cuben, Cu-Bebene, Humulen und E-Humulen, die zu seinen au\u00dfergew\u00f6hnlichen heilenden und verj\u00fcngenden Eigenschaften beitragen.<\/li>\n<\/ul>\n<div class=\"text-wrap\"><\/div>\n","protected":false},"excerpt":{"rendered":"<div class=\"title\" style=\"color: #f1b434;\"><strong><span class=\"name\">\/ COPAIFERA OFFICIANALIS \/<\/span><\/strong><\/div>\n<p>Indem es das Erscheinungsbild der Haut auf ein neues Niveau hebt, wird Inkanuss\u00f6l zu einem Hoffnungstr\u00e4ger f\u00fcr alle, die mit Reizungen, Entz\u00fcndungen, Allergien und problematischen Hauterkrankungen wie Psoriasis und Neurodermitis zu k\u00e4mpfen haben. Als Schutz vor Austrocknung arbeitet es harmonisch daran, das nat\u00fcrliche Gleichgewicht der Haut wiederherzustellen und aufrechtzuerhalten und sorgt so f\u00fcr einen strahlenden und gesunden Teint.<\/p>\n<p>Erleben Sie die au\u00dfergew\u00f6hnlichen Vorteile des kosmetischen \u00d6ls Sacha Inchi, einer reichhaltigen Quelle an Omega 3 und Vitamin A, das eine beispiellose Hautrestrukturierung und -verj\u00fcngung bietet. Besonders geeignet f\u00fcr empfindliche und gereizte Haut, dient es als Schutzschild und sch\u00fctzt Haare und N\u00e4gel vor den Gefahren der Trockenheit. Sein Omega-3-Gehalt unterst\u00fctzt den komplexen Prozess der Hautregeneration und schafft eine Leinwand zeitloser Sch\u00f6nheit.<\/p>\n","protected":false},"featured_media":13274,"comment_status":"open","ping_status":"closed","template":"","meta":{"editor_notices":[]},"product_cat":[122],"product_tag":[],"yoast_head":"<!-- This site is optimized with the Yoast SEO plugin v23.5 - https:\/\/yoast.com\/wordpress\/plugins\/seo\/ -->\n<title>Herk\u00f6mmliches-Copaiba-\u00d6l - Candela Organic<\/title>\n<meta name=\"description\" content=\"Copaiba-\u00d6l stammt vom Copaiba-Baum im Amazonasgebiet und wird durch Extraktion von Oleoresin gewonnen.\" \/>\n<meta name=\"robots\" content=\"index, follow, max-snippet:-1, max-image-preview:large, max-video-preview:-1\" \/>\n<link rel=\"canonical\" href=\"https:\/\/candelaorganic.com\/de\/producto\/herkoemmliches-copaiba-oel\/\" \/>\n<meta property=\"og:locale\" content=\"de_DE\" \/>\n<meta property=\"og:type\" content=\"article\" \/>\n<meta property=\"og:title\" content=\"Herk\u00f6mmliches-Copaiba-\u00d6l - Candela Organic\" \/>\n<meta property=\"og:description\" content=\"Copaiba-\u00d6l stammt vom Copaiba-Baum im Amazonasgebiet und wird durch Extraktion von Oleoresin gewonnen.\" \/>\n<meta property=\"og:url\" content=\"https:\/\/candelaorganic.com\/de\/producto\/herkoemmliches-copaiba-oel\/\" \/>\n<meta property=\"og:site_name\" content=\"Candela Organic\" \/>\n<meta property=\"article:modified_time\" content=\"2025-11-27T00:03:23+00:00\" \/>\n<meta property=\"og:image\" content=\"https:\/\/candelaorganic.com\/de\/wp-content\/uploads\/sites\/14\/2024\/04\/Cover-product-image-156.webp\" \/>\n\t<meta property=\"og:image:width\" content=\"609\" \/>\n\t<meta property=\"og:image:height\" content=\"599\" \/>\n\t<meta property=\"og:image:type\" content=\"image\/webp\" \/>\n<meta name=\"twitter:card\" content=\"summary_large_image\" \/>\n<meta name=\"twitter:label1\" content=\"Gesch\u00e4tzte Lesezeit\" \/>\n\t<meta name=\"twitter:data1\" content=\"2\u00a0Minuten\" \/>\n<script type=\"application\/ld+json\" class=\"yoast-schema-graph\">{\"@context\":\"https:\/\/schema.org\",\"@graph\":[{\"@type\":\"WebPage\",\"@id\":\"https:\/\/candelaorganic.com\/de\/producto\/herkoemmliches-copaiba-oel\/\",\"url\":\"https:\/\/candelaorganic.com\/de\/producto\/herkoemmliches-copaiba-oel\/\",\"name\":\"Herk\u00f6mmliches-Copaiba-\u00d6l - Candela Organic\",\"isPartOf\":{\"@id\":\"https:\/\/candelaorganic.com\/de\/#website\"},\"primaryImageOfPage\":{\"@id\":\"https:\/\/candelaorganic.com\/de\/producto\/herkoemmliches-copaiba-oel\/#primaryimage\"},\"image\":{\"@id\":\"https:\/\/candelaorganic.com\/de\/producto\/herkoemmliches-copaiba-oel\/#primaryimage\"},\"thumbnailUrl\":\"https:\/\/candelaorganic.com\/de\/wp-content\/uploads\/sites\/14\/2024\/04\/Cover-product-image-156.webp\",\"datePublished\":\"2024-04-04T17:33:10+00:00\",\"dateModified\":\"2025-11-27T00:03:23+00:00\",\"description\":\"Copaiba-\u00d6l stammt vom Copaiba-Baum im Amazonasgebiet und wird durch Extraktion von Oleoresin gewonnen.\",\"breadcrumb\":{\"@id\":\"https:\/\/candelaorganic.com\/de\/producto\/herkoemmliches-copaiba-oel\/#breadcrumb\"},\"inLanguage\":\"de\",\"potentialAction\":[{\"@type\":\"ReadAction\",\"target\":[\"https:\/\/candelaorganic.com\/de\/producto\/herkoemmliches-copaiba-oel\/\"]}]},{\"@type\":\"ImageObject\",\"inLanguage\":\"de\",\"@id\":\"https:\/\/candelaorganic.com\/de\/producto\/herkoemmliches-copaiba-oel\/#primaryimage\",\"url\":\"https:\/\/candelaorganic.com\/de\/wp-content\/uploads\/sites\/14\/2024\/04\/Cover-product-image-156.webp\",\"contentUrl\":\"https:\/\/candelaorganic.com\/de\/wp-content\/uploads\/sites\/14\/2024\/04\/Cover-product-image-156.webp\",\"width\":609,\"height\":599},{\"@type\":\"BreadcrumbList\",\"@id\":\"https:\/\/candelaorganic.com\/de\/producto\/herkoemmliches-copaiba-oel\/#breadcrumb\",\"itemListElement\":[{\"@type\":\"ListItem\",\"position\":1,\"name\":\"Produkte\",\"item\":\"https:\/\/candelaorganic.com\/de\/produkte\/\"},{\"@type\":\"ListItem\",\"position\":2,\"name\":\"Massenkosmetik und K\u00f6rperpflege\",\"item\":\"https:\/\/candelaorganic.com\/de\/tienda\/kosmetik-und-koerperpflege-grossmengen\/\"},{\"@type\":\"ListItem\",\"position\":3,\"name\":\"\u00d6le\",\"item\":\"https:\/\/candelaorganic.com\/de\/tienda\/kosmetik-und-koerperpflege-grossmengen\/oele\/\"},{\"@type\":\"ListItem\",\"position\":4,\"name\":\"Herk\u00f6mmliches-Copaiba-\u00d6l\"}]},{\"@type\":\"WebSite\",\"@id\":\"https:\/\/candelaorganic.com\/de\/#website\",\"url\":\"https:\/\/candelaorganic.com\/de\/\",\"name\":\"Candela Organic\",\"description\":\"Wir erh\u00f6hen die Lebensmittelstandards\",\"publisher\":{\"@id\":\"https:\/\/candelaorganic.com\/de\/#organization\"},\"potentialAction\":[{\"@type\":\"SearchAction\",\"target\":{\"@type\":\"EntryPoint\",\"urlTemplate\":\"https:\/\/candelaorganic.com\/de\/?s={search_term_string}\"},\"query-input\":{\"@type\":\"PropertyValueSpecification\",\"valueRequired\":true,\"valueName\":\"search_term_string\"}}],\"inLanguage\":\"de\"},{\"@type\":\"Organization\",\"@id\":\"https:\/\/candelaorganic.com\/de\/#organization\",\"name\":\"Candela Organic\",\"url\":\"https:\/\/candelaorganic.com\/de\/\",\"logo\":{\"@type\":\"ImageObject\",\"inLanguage\":\"de\",\"@id\":\"https:\/\/candelaorganic.com\/de\/#\/schema\/logo\/image\/\",\"url\":\"https:\/\/candelaorganic.com\/de\/wp-content\/uploads\/sites\/14\/2024\/04\/Logotype.webp\",\"contentUrl\":\"https:\/\/candelaorganic.com\/de\/wp-content\/uploads\/sites\/14\/2024\/04\/Logotype.webp\",\"width\":256,\"height\":52,\"caption\":\"Candela Organic\"},\"image\":{\"@id\":\"https:\/\/candelaorganic.com\/de\/#\/schema\/logo\/image\/\"}}]}<\/script>\n<!-- \/ Yoast SEO plugin. -->","yoast_head_json":{"title":"Herk\u00f6mmliches-Copaiba-\u00d6l - Candela Organic","description":"Copaiba-\u00d6l stammt vom Copaiba-Baum im Amazonasgebiet und wird durch Extraktion von Oleoresin gewonnen.","robots":{"index":"index","follow":"follow","max-snippet":"max-snippet:-1","max-image-preview":"max-image-preview:large","max-video-preview":"max-video-preview:-1"},"canonical":"https:\/\/candelaorganic.com\/de\/producto\/herkoemmliches-copaiba-oel\/","og_locale":"de_DE","og_type":"article","og_title":"Herk\u00f6mmliches-Copaiba-\u00d6l - Candela Organic","og_description":"Copaiba-\u00d6l stammt vom Copaiba-Baum im Amazonasgebiet und wird durch Extraktion von Oleoresin gewonnen.","og_url":"https:\/\/candelaorganic.com\/de\/producto\/herkoemmliches-copaiba-oel\/","og_site_name":"Candela Organic","article_modified_time":"2025-11-27T00:03:23+00:00","og_image":[{"width":609,"height":599,"url":"https:\/\/candelaorganic.com\/de\/wp-content\/uploads\/sites\/14\/2024\/04\/Cover-product-image-156.webp","type":"image\/webp"}],"twitter_card":"summary_large_image","twitter_misc":{"Gesch\u00e4tzte Lesezeit":"2\u00a0Minuten"},"schema":{"@context":"https:\/\/schema.org","@graph":[{"@type":"WebPage","@id":"https:\/\/candelaorganic.com\/de\/producto\/herkoemmliches-copaiba-oel\/","url":"https:\/\/candelaorganic.com\/de\/producto\/herkoemmliches-copaiba-oel\/","name":"Herk\u00f6mmliches-Copaiba-\u00d6l - Candela Organic","isPartOf":{"@id":"https:\/\/candelaorganic.com\/de\/#website"},"primaryImageOfPage":{"@id":"https:\/\/candelaorganic.com\/de\/producto\/herkoemmliches-copaiba-oel\/#primaryimage"},"image":{"@id":"https:\/\/candelaorganic.com\/de\/producto\/herkoemmliches-copaiba-oel\/#primaryimage"},"thumbnailUrl":"https:\/\/candelaorganic.com\/de\/wp-content\/uploads\/sites\/14\/2024\/04\/Cover-product-image-156.webp","datePublished":"2024-04-04T17:33:10+00:00","dateModified":"2025-11-27T00:03:23+00:00","description":"Copaiba-\u00d6l stammt vom Copaiba-Baum im Amazonasgebiet und wird durch Extraktion von Oleoresin gewonnen.","breadcrumb":{"@id":"https:\/\/candelaorganic.com\/de\/producto\/herkoemmliches-copaiba-oel\/#breadcrumb"},"inLanguage":"de","potentialAction":[{"@type":"ReadAction","target":["https:\/\/candelaorganic.com\/de\/producto\/herkoemmliches-copaiba-oel\/"]}]},{"@type":"ImageObject","inLanguage":"de","@id":"https:\/\/candelaorganic.com\/de\/producto\/herkoemmliches-copaiba-oel\/#primaryimage","url":"https:\/\/candelaorganic.com\/de\/wp-content\/uploads\/sites\/14\/2024\/04\/Cover-product-image-156.webp","contentUrl":"https:\/\/candelaorganic.com\/de\/wp-content\/uploads\/sites\/14\/2024\/04\/Cover-product-image-156.webp","width":609,"height":599},{"@type":"BreadcrumbList","@id":"https:\/\/candelaorganic.com\/de\/producto\/herkoemmliches-copaiba-oel\/#breadcrumb","itemListElement":[{"@type":"ListItem","position":1,"name":"Produkte","item":"https:\/\/candelaorganic.com\/de\/produkte\/"},{"@type":"ListItem","position":2,"name":"Massenkosmetik und K\u00f6rperpflege","item":"https:\/\/candelaorganic.com\/de\/tienda\/kosmetik-und-koerperpflege-grossmengen\/"},{"@type":"ListItem","position":3,"name":"\u00d6le","item":"https:\/\/candelaorganic.com\/de\/tienda\/kosmetik-und-koerperpflege-grossmengen\/oele\/"},{"@type":"ListItem","position":4,"name":"Herk\u00f6mmliches-Copaiba-\u00d6l"}]},{"@type":"WebSite","@id":"https:\/\/candelaorganic.com\/de\/#website","url":"https:\/\/candelaorganic.com\/de\/","name":"Candela Organic","description":"Wir erh\u00f6hen die Lebensmittelstandards","publisher":{"@id":"https:\/\/candelaorganic.com\/de\/#organization"},"potentialAction":[{"@type":"SearchAction","target":{"@type":"EntryPoint","urlTemplate":"https:\/\/candelaorganic.com\/de\/?s={search_term_string}"},"query-input":{"@type":"PropertyValueSpecification","valueRequired":true,"valueName":"search_term_string"}}],"inLanguage":"de"},{"@type":"Organization","@id":"https:\/\/candelaorganic.com\/de\/#organization","name":"Candela Organic","url":"https:\/\/candelaorganic.com\/de\/","logo":{"@type":"ImageObject","inLanguage":"de","@id":"https:\/\/candelaorganic.com\/de\/#\/schema\/logo\/image\/","url":"https:\/\/candelaorganic.com\/de\/wp-content\/uploads\/sites\/14\/2024\/04\/Logotype.webp","contentUrl":"https:\/\/candelaorganic.com\/de\/wp-content\/uploads\/sites\/14\/2024\/04\/Logotype.webp","width":256,"height":52,"caption":"Candela Organic"},"image":{"@id":"https:\/\/candelaorganic.com\/de\/#\/schema\/logo\/image\/"}}]}},"_links":{"self":[{"href":"https:\/\/candelaorganic.com\/de\/wp-json\/wp\/v2\/product\/14338"}],"collection":[{"href":"https:\/\/candelaorganic.com\/de\/wp-json\/wp\/v2\/product"}],"about":[{"href":"https:\/\/candelaorganic.com\/de\/wp-json\/wp\/v2\/types\/product"}],"replies":[{"embeddable":true,"href":"https:\/\/candelaorganic.com\/de\/wp-json\/wp\/v2\/comments?post=14338"}],"wp:featuredmedia":[{"embeddable":true,"href":"https:\/\/candelaorganic.com\/de\/wp-json\/wp\/v2\/media\/13274"}],"wp:attachment":[{"href":"https:\/\/candelaorganic.com\/de\/wp-json\/wp\/v2\/media?parent=14338"}],"wp:term":[{"taxonomy":"product_cat","embeddable":true,"href":"https:\/\/candelaorganic.com\/de\/wp-json\/wp\/v2\/product_cat?post=14338"},{"taxonomy":"product_tag","embeddable":true,"href":"https:\/\/candelaorganic.com\/de\/wp-json\/wp\/v2\/product_tag?post=14338"}],"curies":[{"name":"wp","href":"https:\/\/api.w.org\/{rel}","templated":true}]}}