{"id":14311,"date":"2024-04-04T19:30:19","date_gmt":"2024-04-04T17:30:19","guid":{"rendered":"https:\/\/candelaorganic.com\/de\/?post_type=product&#038;p=14311"},"modified":"2024-06-21T17:34:20","modified_gmt":"2024-06-21T15:34:20","slug":"bio-mandeloel","status":"publish","type":"product","link":"https:\/\/candelaorganic.com\/de\/producto\/bio-mandeloel\/","title":{"rendered":"Bio-Mandel\u00f6l"},"content":{"rendered":"<p>Tauchen Sie ein in das bezaubernde Universum des Mandel\u00f6ls, einer au\u00dfergew\u00f6hnlichen Kreation, die aus den zarten Mandelkernen entsteht. Almond Oil spiegelt die perfekte Harmonie zwischen altehrw\u00fcrdiger Tradition und modernster Innovation wider und l\u00e4dt Sie ein, Exzellenz in Ihren B2B-Unternehmungen neu zu definieren.<\/p>\n<p>Entdecken Sie die tiefgreifende Wirkung von Mandel\u00f6l im Bereich der Hautpflege, wo sein ber\u00fchmter Ruf im Mittelpunkt steht. Machen Sie sich seine Rolle als wichtiger Inhaltsstoff in Ihren Kosmetikformulierungen zunutze und sorgen Sie f\u00fcr eine Symphonie n\u00e4hrender Feuchtigkeit, die harmonisch wirkt und strahlende, jugendliche Haut zum Vorschein bringt.<\/p>\n<p>&nbsp;<\/p>\n<p><strong><span style=\"color: #f1b434;\">MERKMALE UND VORTEILE<\/span><\/strong><\/p>\n<div class=\"text-wrap\">\n<ul>\n<li>Erleben Sie die transformative Kraft mit Mandel\u00f6l, das aus zarten Mandelsamen gewonnen wird und Tradition und Innovation vereint.<\/li>\n<li>Machen Sie sich seinen Hautpflegestatus zunutze, indem Sie in Ihren B2B-Kosmetikformulierungen n\u00e4hrende Feuchtigkeit spenden und strahlende Haut zum Vorschein bringen.<\/li>\n<li>Tauchen Sie ein in die vielf\u00e4ltigen Wunder des Mandel\u00f6ls, das als nat\u00fcrlicher Weichmacher wirkt und den Reiz von K\u00f6rperpflegeprodukten verst\u00e4rkt.<\/li>\n<li>Entdecken Sie die Eleganz von Mandel\u00f6l, das Lotionen, Cremes und K\u00f6rperpflegewundern Wohlbefinden verleiht, den Erfolg vorantreibt und Hautpflegetraditionen w\u00fcrdigt.<\/li>\n<li>Tauchen Sie ein in die Welt des Mandel\u00f6ls, wo zarte Samen einen leistungsstarken Inhaltsstoff f\u00fcr B2B-Kosmetikformulierungen ergeben und f\u00fcr eine jugendliche, strahlende Haut sorgen.<\/li>\n<\/ul>\n<\/div>\n<div class=\"text-wrap\"><\/div>\n","protected":false},"excerpt":{"rendered":"<div class=\"title\" style=\"color: #f1b434;\"><strong><span class=\"name\">\/ PRUNUS DULCIS \/<\/span><\/strong><\/div>\n<p>Dieses aus den zarten Mandelkernen gewonnene \u00d6l ist ein Beweis f\u00fcr die Harmonie zwischen Tradition und Innovation. Mandel\u00f6l genie\u00dft einen guten Ruf in der Hautpflege und wird zu einem wichtigen Bestandteil Ihrer Kosmetikformulierungen, da es n\u00e4hrende Feuchtigkeit spendet und eine strahlende, jugendliche Haut f\u00f6rdert.<\/p>\n<p>Tauchen Sie ein in die Welt der vielf\u00e4ltigen Wunder des Mandel\u00f6ls. Es wirkt als nat\u00fcrlicher Weichmacher und verleiht Ihren Kreationen einen seidigen Touch, w\u00e4hrend sein reichhaltiges N\u00e4hrstoffprofil zur Hautverj\u00fcngung und -heilung beitr\u00e4gt. Entdecken Sie die sanfte Eleganz des Mandel\u00f6ls, das zu einem Inbegriff des Wohlbefindens wird und Lotionen, Cremes und einer Vielzahl von K\u00f6rperpflegeprodukten eine exquisite Note verleiht.<\/p>\n","protected":false},"featured_media":13333,"comment_status":"open","ping_status":"closed","template":"","meta":{"editor_notices":[]},"product_cat":[122],"product_tag":[],"yoast_head":"<!-- This site is optimized with the Yoast SEO plugin v23.5 - https:\/\/yoast.com\/wordpress\/plugins\/seo\/ -->\n<title>Bio-Mandel\u00f6l - Candela Organic<\/title>\n<meta name=\"description\" content=\"Tauchen Sie ein in das bezaubernde Universum des Mandel\u00f6ls, einer au\u00dfergew\u00f6hnlichen Kreation, die aus den zarten Mandelkernen entsteht.\" \/>\n<meta name=\"robots\" content=\"index, follow, max-snippet:-1, max-image-preview:large, max-video-preview:-1\" \/>\n<link rel=\"canonical\" href=\"https:\/\/candelaorganic.com\/de\/producto\/bio-mandeloel\/\" \/>\n<meta property=\"og:locale\" content=\"de_DE\" \/>\n<meta property=\"og:type\" content=\"article\" \/>\n<meta property=\"og:title\" content=\"Bio-Mandel\u00f6l - Candela Organic\" \/>\n<meta property=\"og:description\" content=\"Tauchen Sie ein in das bezaubernde Universum des Mandel\u00f6ls, einer au\u00dfergew\u00f6hnlichen Kreation, die aus den zarten Mandelkernen entsteht.\" \/>\n<meta property=\"og:url\" content=\"https:\/\/candelaorganic.com\/de\/producto\/bio-mandeloel\/\" \/>\n<meta property=\"og:site_name\" content=\"Candela Organic\" \/>\n<meta property=\"article:modified_time\" content=\"2024-06-21T15:34:20+00:00\" \/>\n<meta property=\"og:image\" content=\"https:\/\/candelaorganic.com\/de\/wp-content\/uploads\/sites\/14\/2024\/04\/Secondary-product-image-162.webp\" \/>\n\t<meta property=\"og:image:width\" content=\"609\" \/>\n\t<meta property=\"og:image:height\" content=\"599\" \/>\n\t<meta property=\"og:image:type\" content=\"image\/webp\" \/>\n<meta name=\"twitter:card\" content=\"summary_large_image\" \/>\n<meta name=\"twitter:label1\" content=\"Gesch\u00e4tzte Lesezeit\" \/>\n\t<meta name=\"twitter:data1\" content=\"2\u00a0Minuten\" \/>\n<script type=\"application\/ld+json\" class=\"yoast-schema-graph\">{\"@context\":\"https:\/\/schema.org\",\"@graph\":[{\"@type\":\"WebPage\",\"@id\":\"https:\/\/candelaorganic.com\/de\/producto\/bio-mandeloel\/\",\"url\":\"https:\/\/candelaorganic.com\/de\/producto\/bio-mandeloel\/\",\"name\":\"Bio-Mandel\u00f6l - Candela Organic\",\"isPartOf\":{\"@id\":\"https:\/\/candelaorganic.com\/de\/#website\"},\"primaryImageOfPage\":{\"@id\":\"https:\/\/candelaorganic.com\/de\/producto\/bio-mandeloel\/#primaryimage\"},\"image\":{\"@id\":\"https:\/\/candelaorganic.com\/de\/producto\/bio-mandeloel\/#primaryimage\"},\"thumbnailUrl\":\"https:\/\/candelaorganic.com\/de\/wp-content\/uploads\/sites\/14\/2024\/04\/Secondary-product-image-162.webp\",\"datePublished\":\"2024-04-04T17:30:19+00:00\",\"dateModified\":\"2024-06-21T15:34:20+00:00\",\"description\":\"Tauchen Sie ein in das bezaubernde Universum des Mandel\u00f6ls, einer au\u00dfergew\u00f6hnlichen Kreation, die aus den zarten Mandelkernen entsteht.\",\"breadcrumb\":{\"@id\":\"https:\/\/candelaorganic.com\/de\/producto\/bio-mandeloel\/#breadcrumb\"},\"inLanguage\":\"de\",\"potentialAction\":[{\"@type\":\"ReadAction\",\"target\":[\"https:\/\/candelaorganic.com\/de\/producto\/bio-mandeloel\/\"]}]},{\"@type\":\"ImageObject\",\"inLanguage\":\"de\",\"@id\":\"https:\/\/candelaorganic.com\/de\/producto\/bio-mandeloel\/#primaryimage\",\"url\":\"https:\/\/candelaorganic.com\/de\/wp-content\/uploads\/sites\/14\/2024\/04\/Secondary-product-image-162.webp\",\"contentUrl\":\"https:\/\/candelaorganic.com\/de\/wp-content\/uploads\/sites\/14\/2024\/04\/Secondary-product-image-162.webp\",\"width\":609,\"height\":599},{\"@type\":\"BreadcrumbList\",\"@id\":\"https:\/\/candelaorganic.com\/de\/producto\/bio-mandeloel\/#breadcrumb\",\"itemListElement\":[{\"@type\":\"ListItem\",\"position\":1,\"name\":\"Produkte\",\"item\":\"https:\/\/candelaorganic.com\/de\/produkte\/\"},{\"@type\":\"ListItem\",\"position\":2,\"name\":\"Massenkosmetik und K\u00f6rperpflege\",\"item\":\"https:\/\/candelaorganic.com\/de\/tienda\/kosmetik-und-koerperpflege-grossmengen\/\"},{\"@type\":\"ListItem\",\"position\":3,\"name\":\"\u00d6le\",\"item\":\"https:\/\/candelaorganic.com\/de\/tienda\/kosmetik-und-koerperpflege-grossmengen\/oele\/\"},{\"@type\":\"ListItem\",\"position\":4,\"name\":\"Bio-Mandel\u00f6l\"}]},{\"@type\":\"WebSite\",\"@id\":\"https:\/\/candelaorganic.com\/de\/#website\",\"url\":\"https:\/\/candelaorganic.com\/de\/\",\"name\":\"Candela Organic\",\"description\":\"Wir erh\u00f6hen die Lebensmittelstandards\",\"publisher\":{\"@id\":\"https:\/\/candelaorganic.com\/de\/#organization\"},\"potentialAction\":[{\"@type\":\"SearchAction\",\"target\":{\"@type\":\"EntryPoint\",\"urlTemplate\":\"https:\/\/candelaorganic.com\/de\/?s={search_term_string}\"},\"query-input\":{\"@type\":\"PropertyValueSpecification\",\"valueRequired\":true,\"valueName\":\"search_term_string\"}}],\"inLanguage\":\"de\"},{\"@type\":\"Organization\",\"@id\":\"https:\/\/candelaorganic.com\/de\/#organization\",\"name\":\"Candela Organic\",\"url\":\"https:\/\/candelaorganic.com\/de\/\",\"logo\":{\"@type\":\"ImageObject\",\"inLanguage\":\"de\",\"@id\":\"https:\/\/candelaorganic.com\/de\/#\/schema\/logo\/image\/\",\"url\":\"https:\/\/candelaorganic.com\/de\/wp-content\/uploads\/sites\/14\/2024\/04\/Logotype.webp\",\"contentUrl\":\"https:\/\/candelaorganic.com\/de\/wp-content\/uploads\/sites\/14\/2024\/04\/Logotype.webp\",\"width\":256,\"height\":52,\"caption\":\"Candela Organic\"},\"image\":{\"@id\":\"https:\/\/candelaorganic.com\/de\/#\/schema\/logo\/image\/\"}}]}<\/script>\n<!-- \/ Yoast SEO plugin. -->","yoast_head_json":{"title":"Bio-Mandel\u00f6l - Candela Organic","description":"Tauchen Sie ein in das bezaubernde Universum des Mandel\u00f6ls, einer au\u00dfergew\u00f6hnlichen Kreation, die aus den zarten Mandelkernen entsteht.","robots":{"index":"index","follow":"follow","max-snippet":"max-snippet:-1","max-image-preview":"max-image-preview:large","max-video-preview":"max-video-preview:-1"},"canonical":"https:\/\/candelaorganic.com\/de\/producto\/bio-mandeloel\/","og_locale":"de_DE","og_type":"article","og_title":"Bio-Mandel\u00f6l - Candela Organic","og_description":"Tauchen Sie ein in das bezaubernde Universum des Mandel\u00f6ls, einer au\u00dfergew\u00f6hnlichen Kreation, die aus den zarten Mandelkernen entsteht.","og_url":"https:\/\/candelaorganic.com\/de\/producto\/bio-mandeloel\/","og_site_name":"Candela Organic","article_modified_time":"2024-06-21T15:34:20+00:00","og_image":[{"width":609,"height":599,"url":"https:\/\/candelaorganic.com\/de\/wp-content\/uploads\/sites\/14\/2024\/04\/Secondary-product-image-162.webp","type":"image\/webp"}],"twitter_card":"summary_large_image","twitter_misc":{"Gesch\u00e4tzte Lesezeit":"2\u00a0Minuten"},"schema":{"@context":"https:\/\/schema.org","@graph":[{"@type":"WebPage","@id":"https:\/\/candelaorganic.com\/de\/producto\/bio-mandeloel\/","url":"https:\/\/candelaorganic.com\/de\/producto\/bio-mandeloel\/","name":"Bio-Mandel\u00f6l - Candela Organic","isPartOf":{"@id":"https:\/\/candelaorganic.com\/de\/#website"},"primaryImageOfPage":{"@id":"https:\/\/candelaorganic.com\/de\/producto\/bio-mandeloel\/#primaryimage"},"image":{"@id":"https:\/\/candelaorganic.com\/de\/producto\/bio-mandeloel\/#primaryimage"},"thumbnailUrl":"https:\/\/candelaorganic.com\/de\/wp-content\/uploads\/sites\/14\/2024\/04\/Secondary-product-image-162.webp","datePublished":"2024-04-04T17:30:19+00:00","dateModified":"2024-06-21T15:34:20+00:00","description":"Tauchen Sie ein in das bezaubernde Universum des Mandel\u00f6ls, einer au\u00dfergew\u00f6hnlichen Kreation, die aus den zarten Mandelkernen entsteht.","breadcrumb":{"@id":"https:\/\/candelaorganic.com\/de\/producto\/bio-mandeloel\/#breadcrumb"},"inLanguage":"de","potentialAction":[{"@type":"ReadAction","target":["https:\/\/candelaorganic.com\/de\/producto\/bio-mandeloel\/"]}]},{"@type":"ImageObject","inLanguage":"de","@id":"https:\/\/candelaorganic.com\/de\/producto\/bio-mandeloel\/#primaryimage","url":"https:\/\/candelaorganic.com\/de\/wp-content\/uploads\/sites\/14\/2024\/04\/Secondary-product-image-162.webp","contentUrl":"https:\/\/candelaorganic.com\/de\/wp-content\/uploads\/sites\/14\/2024\/04\/Secondary-product-image-162.webp","width":609,"height":599},{"@type":"BreadcrumbList","@id":"https:\/\/candelaorganic.com\/de\/producto\/bio-mandeloel\/#breadcrumb","itemListElement":[{"@type":"ListItem","position":1,"name":"Produkte","item":"https:\/\/candelaorganic.com\/de\/produkte\/"},{"@type":"ListItem","position":2,"name":"Massenkosmetik und K\u00f6rperpflege","item":"https:\/\/candelaorganic.com\/de\/tienda\/kosmetik-und-koerperpflege-grossmengen\/"},{"@type":"ListItem","position":3,"name":"\u00d6le","item":"https:\/\/candelaorganic.com\/de\/tienda\/kosmetik-und-koerperpflege-grossmengen\/oele\/"},{"@type":"ListItem","position":4,"name":"Bio-Mandel\u00f6l"}]},{"@type":"WebSite","@id":"https:\/\/candelaorganic.com\/de\/#website","url":"https:\/\/candelaorganic.com\/de\/","name":"Candela Organic","description":"Wir erh\u00f6hen die Lebensmittelstandards","publisher":{"@id":"https:\/\/candelaorganic.com\/de\/#organization"},"potentialAction":[{"@type":"SearchAction","target":{"@type":"EntryPoint","urlTemplate":"https:\/\/candelaorganic.com\/de\/?s={search_term_string}"},"query-input":{"@type":"PropertyValueSpecification","valueRequired":true,"valueName":"search_term_string"}}],"inLanguage":"de"},{"@type":"Organization","@id":"https:\/\/candelaorganic.com\/de\/#organization","name":"Candela Organic","url":"https:\/\/candelaorganic.com\/de\/","logo":{"@type":"ImageObject","inLanguage":"de","@id":"https:\/\/candelaorganic.com\/de\/#\/schema\/logo\/image\/","url":"https:\/\/candelaorganic.com\/de\/wp-content\/uploads\/sites\/14\/2024\/04\/Logotype.webp","contentUrl":"https:\/\/candelaorganic.com\/de\/wp-content\/uploads\/sites\/14\/2024\/04\/Logotype.webp","width":256,"height":52,"caption":"Candela Organic"},"image":{"@id":"https:\/\/candelaorganic.com\/de\/#\/schema\/logo\/image\/"}}]}},"_links":{"self":[{"href":"https:\/\/candelaorganic.com\/de\/wp-json\/wp\/v2\/product\/14311"}],"collection":[{"href":"https:\/\/candelaorganic.com\/de\/wp-json\/wp\/v2\/product"}],"about":[{"href":"https:\/\/candelaorganic.com\/de\/wp-json\/wp\/v2\/types\/product"}],"replies":[{"embeddable":true,"href":"https:\/\/candelaorganic.com\/de\/wp-json\/wp\/v2\/comments?post=14311"}],"wp:featuredmedia":[{"embeddable":true,"href":"https:\/\/candelaorganic.com\/de\/wp-json\/wp\/v2\/media\/13333"}],"wp:attachment":[{"href":"https:\/\/candelaorganic.com\/de\/wp-json\/wp\/v2\/media?parent=14311"}],"wp:term":[{"taxonomy":"product_cat","embeddable":true,"href":"https:\/\/candelaorganic.com\/de\/wp-json\/wp\/v2\/product_cat?post=14311"},{"taxonomy":"product_tag","embeddable":true,"href":"https:\/\/candelaorganic.com\/de\/wp-json\/wp\/v2\/product_tag?post=14311"}],"curies":[{"name":"wp","href":"https:\/\/api.w.org\/{rel}","templated":true}]}}