{"id":14299,"date":"2024-04-04T19:25:50","date_gmt":"2024-04-04T17:25:50","guid":{"rendered":"https:\/\/candelaorganic.com\/de\/?post_type=product&#038;p=14299"},"modified":"2025-01-28T16:04:41","modified_gmt":"2025-01-28T15:04:41","slug":"bio-buriti-oel-2","status":"publish","type":"product","link":"https:\/\/candelaorganic.com\/de\/producto\/bio-buriti-oel-2\/","title":{"rendered":"Bio-Buriti-\u00d6l"},"content":{"rendered":"<p>Unser Buriti-\u00d6l stammt aus dem peruanischen Amazonasgebiet, wo die Fr\u00fcchte des Buriti-Baums wild geerntet werden. Der Mauritia Flexosa-Baum kommt in ganz Zentralbrasilien und im s\u00fcdlichen Amazonasbecken vor. Aufgrund seiner unglaublichen Vorteile ist Buriti-\u00d6l sowohl im Amazonasgebiet als auch international bekannt.<\/p>\n<p>Buriti-B\u00e4ume wachsen auf Torfmooren, die gro\u00dfe Mengen Kohlenstoff in ihrem Boden speichern \u2013 das \u00c4quivalent von etwa 40 % des gesamten Kohlenstoffs, der in der gesamten Population tropischer Holzvegetation gespeichert ist. Peru verf\u00fcgt \u00fcber die viertgr\u00f6\u00dfte Torffl\u00e4che in den Tropen, etwa 15 Millionen Hektar. Daher ist es f\u00fcr den Erhalt dieser kohlenstoffreichen W\u00e4lder von entscheidender Bedeutung, Buriti-B\u00e4ume vor der Abholzung ihrer Fr\u00fcchte zu sch\u00fctzen. Wir versorgen unsere Kleinproduzenten mit Klettergurten zur Ernte der Fr\u00fcchte, um diese wertvollen W\u00e4lder zu erhalten.<\/p>\n<p>Die Frucht hat eine wundersch\u00f6n gemusterte Kastanienschale mit leuchtend gelbem Fruchtfleisch im Inneren. Aus dem Fruchtfleisch werden Getr\u00e4nke, Eiscreme, Konserven und jetzt auch saubere Sch\u00f6nheitsprodukte hergestellt. Das \u00d6l hat eine wundersch\u00f6ne Bernsteinfarbe und ein paar Tropfen reichen aus. Es kann direkt auf die Haut aufgetragen oder mit Feuchtigkeitscremes und anderen Sch\u00f6nheitsprodukten gemischt werden, um eine tiefe Feuchtigkeitsversorgung zu gew\u00e4hrleisten. Obwohl es f\u00fcr alle Hauttypen von Nutzen ist, eignet es sich hervorragend zur Behandlung von trockener, reifer und alternder Haut, Ekzemen, Schuppenflechte und anderen Hauterkrankungen.<\/p>\n<div class=\"text-wrap\" style=\"color: #f1b434;\">\n<p><strong><span class=\"subtitle\">MERKMALE UND VORTEILE<\/span><\/strong><\/p>\n<\/div>\n<div class=\"text-wrap\">\n<ul>\n<li>Reichhaltigste nat\u00fcrliche Quelle f\u00fcr Beta-Carotin<\/li>\n<li>Vitamine E und A f\u00fcr Zellwachstum und Feuchtigkeitsversorgung<\/li>\n<li>Reich an Fetts\u00e4uren zur Reduzierung von Reizungen und R\u00f6tungen<\/li>\n<li>Sch\u00fctzt vor UV-Sch\u00e4den und freien Radikalen<\/li>\n<li>Vitamin C zur F\u00f6rderung von Kollagen und Elastizit\u00e4t<\/li>\n<\/ul>\n<\/div>\n","protected":false},"excerpt":{"rendered":"<div class=\"title\" style=\"color: #f1b434;\"><strong><span class=\"name\">\/ MAURITIA FLEXUOSA \/<\/span><\/strong><\/div>\n<p>Buriti-\u00d6l ist reich an Vitamin A und eine pflanzliche Alternative zu Retinoiden. Sein hoher Gehalt an Antioxidantien und Vitaminen macht es ideal zur Bek\u00e4mpfung freier Radikale, des Alterungsprozesses und zur Beruhigung trockener Haut.<\/p>\n","protected":false},"featured_media":13318,"comment_status":"open","ping_status":"closed","template":"","meta":{"editor_notices":[]},"product_cat":[122],"product_tag":[],"yoast_head":"<!-- This site is optimized with the Yoast SEO plugin v23.5 - https:\/\/yoast.com\/wordpress\/plugins\/seo\/ -->\n<title>Bio-Buriti-\u00d6l - Candela Organic<\/title>\n<meta name=\"description\" content=\"Unser Buriti\u00f6l stammt aus dem peruanischen Amazonasgebiet, wo die Fr\u00fcchte des Buritibaums wild geerntet werden.\" \/>\n<meta name=\"robots\" content=\"index, follow, max-snippet:-1, max-image-preview:large, max-video-preview:-1\" \/>\n<link rel=\"canonical\" href=\"https:\/\/candelaorganic.com\/de\/producto\/bio-buriti-oel-2\/\" \/>\n<meta property=\"og:locale\" content=\"de_DE\" \/>\n<meta property=\"og:type\" content=\"article\" \/>\n<meta property=\"og:title\" content=\"Bio-Buriti-\u00d6l - Candela Organic\" \/>\n<meta property=\"og:description\" content=\"Unser Buriti\u00f6l stammt aus dem peruanischen Amazonasgebiet, wo die Fr\u00fcchte des Buritibaums wild geerntet werden.\" \/>\n<meta property=\"og:url\" content=\"https:\/\/candelaorganic.com\/de\/producto\/bio-buriti-oel-2\/\" \/>\n<meta property=\"og:site_name\" content=\"Candela Organic\" \/>\n<meta property=\"article:modified_time\" content=\"2025-01-28T15:04:41+00:00\" \/>\n<meta property=\"og:image\" content=\"https:\/\/candelaorganic.com\/de\/wp-content\/uploads\/sites\/14\/2024\/04\/Cover-product-image-160.webp\" \/>\n\t<meta property=\"og:image:width\" content=\"609\" \/>\n\t<meta property=\"og:image:height\" content=\"599\" \/>\n\t<meta property=\"og:image:type\" content=\"image\/webp\" \/>\n<meta name=\"twitter:card\" content=\"summary_large_image\" \/>\n<meta name=\"twitter:label1\" content=\"Gesch\u00e4tzte Lesezeit\" \/>\n\t<meta name=\"twitter:data1\" content=\"2\u00a0Minuten\" \/>\n<script type=\"application\/ld+json\" class=\"yoast-schema-graph\">{\"@context\":\"https:\/\/schema.org\",\"@graph\":[{\"@type\":\"WebPage\",\"@id\":\"https:\/\/candelaorganic.com\/de\/producto\/bio-buriti-oel-2\/\",\"url\":\"https:\/\/candelaorganic.com\/de\/producto\/bio-buriti-oel-2\/\",\"name\":\"Bio-Buriti-\u00d6l - Candela Organic\",\"isPartOf\":{\"@id\":\"https:\/\/candelaorganic.com\/de\/#website\"},\"primaryImageOfPage\":{\"@id\":\"https:\/\/candelaorganic.com\/de\/producto\/bio-buriti-oel-2\/#primaryimage\"},\"image\":{\"@id\":\"https:\/\/candelaorganic.com\/de\/producto\/bio-buriti-oel-2\/#primaryimage\"},\"thumbnailUrl\":\"https:\/\/candelaorganic.com\/de\/wp-content\/uploads\/sites\/14\/2024\/04\/Cover-product-image-160.webp\",\"datePublished\":\"2024-04-04T17:25:50+00:00\",\"dateModified\":\"2025-01-28T15:04:41+00:00\",\"description\":\"Unser Buriti\u00f6l stammt aus dem peruanischen Amazonasgebiet, wo die Fr\u00fcchte des Buritibaums wild geerntet werden.\",\"breadcrumb\":{\"@id\":\"https:\/\/candelaorganic.com\/de\/producto\/bio-buriti-oel-2\/#breadcrumb\"},\"inLanguage\":\"de\",\"potentialAction\":[{\"@type\":\"ReadAction\",\"target\":[\"https:\/\/candelaorganic.com\/de\/producto\/bio-buriti-oel-2\/\"]}]},{\"@type\":\"ImageObject\",\"inLanguage\":\"de\",\"@id\":\"https:\/\/candelaorganic.com\/de\/producto\/bio-buriti-oel-2\/#primaryimage\",\"url\":\"https:\/\/candelaorganic.com\/de\/wp-content\/uploads\/sites\/14\/2024\/04\/Cover-product-image-160.webp\",\"contentUrl\":\"https:\/\/candelaorganic.com\/de\/wp-content\/uploads\/sites\/14\/2024\/04\/Cover-product-image-160.webp\",\"width\":609,\"height\":599},{\"@type\":\"BreadcrumbList\",\"@id\":\"https:\/\/candelaorganic.com\/de\/producto\/bio-buriti-oel-2\/#breadcrumb\",\"itemListElement\":[{\"@type\":\"ListItem\",\"position\":1,\"name\":\"Produkte\",\"item\":\"https:\/\/candelaorganic.com\/de\/produkte\/\"},{\"@type\":\"ListItem\",\"position\":2,\"name\":\"Massenkosmetik und K\u00f6rperpflege\",\"item\":\"https:\/\/candelaorganic.com\/de\/tienda\/kosmetik-und-koerperpflege-grossmengen\/\"},{\"@type\":\"ListItem\",\"position\":3,\"name\":\"\u00d6le\",\"item\":\"https:\/\/candelaorganic.com\/de\/tienda\/kosmetik-und-koerperpflege-grossmengen\/oele\/\"},{\"@type\":\"ListItem\",\"position\":4,\"name\":\"Bio-Buriti-\u00d6l\"}]},{\"@type\":\"WebSite\",\"@id\":\"https:\/\/candelaorganic.com\/de\/#website\",\"url\":\"https:\/\/candelaorganic.com\/de\/\",\"name\":\"Candela Organic\",\"description\":\"Wir erh\u00f6hen die Lebensmittelstandards\",\"publisher\":{\"@id\":\"https:\/\/candelaorganic.com\/de\/#organization\"},\"potentialAction\":[{\"@type\":\"SearchAction\",\"target\":{\"@type\":\"EntryPoint\",\"urlTemplate\":\"https:\/\/candelaorganic.com\/de\/?s={search_term_string}\"},\"query-input\":{\"@type\":\"PropertyValueSpecification\",\"valueRequired\":true,\"valueName\":\"search_term_string\"}}],\"inLanguage\":\"de\"},{\"@type\":\"Organization\",\"@id\":\"https:\/\/candelaorganic.com\/de\/#organization\",\"name\":\"Candela Organic\",\"url\":\"https:\/\/candelaorganic.com\/de\/\",\"logo\":{\"@type\":\"ImageObject\",\"inLanguage\":\"de\",\"@id\":\"https:\/\/candelaorganic.com\/de\/#\/schema\/logo\/image\/\",\"url\":\"https:\/\/candelaorganic.com\/de\/wp-content\/uploads\/sites\/14\/2024\/04\/Logotype.webp\",\"contentUrl\":\"https:\/\/candelaorganic.com\/de\/wp-content\/uploads\/sites\/14\/2024\/04\/Logotype.webp\",\"width\":256,\"height\":52,\"caption\":\"Candela Organic\"},\"image\":{\"@id\":\"https:\/\/candelaorganic.com\/de\/#\/schema\/logo\/image\/\"}}]}<\/script>\n<!-- \/ Yoast SEO plugin. -->","yoast_head_json":{"title":"Bio-Buriti-\u00d6l - Candela Organic","description":"Unser Buriti\u00f6l stammt aus dem peruanischen Amazonasgebiet, wo die Fr\u00fcchte des Buritibaums wild geerntet werden.","robots":{"index":"index","follow":"follow","max-snippet":"max-snippet:-1","max-image-preview":"max-image-preview:large","max-video-preview":"max-video-preview:-1"},"canonical":"https:\/\/candelaorganic.com\/de\/producto\/bio-buriti-oel-2\/","og_locale":"de_DE","og_type":"article","og_title":"Bio-Buriti-\u00d6l - Candela Organic","og_description":"Unser Buriti\u00f6l stammt aus dem peruanischen Amazonasgebiet, wo die Fr\u00fcchte des Buritibaums wild geerntet werden.","og_url":"https:\/\/candelaorganic.com\/de\/producto\/bio-buriti-oel-2\/","og_site_name":"Candela Organic","article_modified_time":"2025-01-28T15:04:41+00:00","og_image":[{"width":609,"height":599,"url":"https:\/\/candelaorganic.com\/de\/wp-content\/uploads\/sites\/14\/2024\/04\/Cover-product-image-160.webp","type":"image\/webp"}],"twitter_card":"summary_large_image","twitter_misc":{"Gesch\u00e4tzte Lesezeit":"2\u00a0Minuten"},"schema":{"@context":"https:\/\/schema.org","@graph":[{"@type":"WebPage","@id":"https:\/\/candelaorganic.com\/de\/producto\/bio-buriti-oel-2\/","url":"https:\/\/candelaorganic.com\/de\/producto\/bio-buriti-oel-2\/","name":"Bio-Buriti-\u00d6l - Candela Organic","isPartOf":{"@id":"https:\/\/candelaorganic.com\/de\/#website"},"primaryImageOfPage":{"@id":"https:\/\/candelaorganic.com\/de\/producto\/bio-buriti-oel-2\/#primaryimage"},"image":{"@id":"https:\/\/candelaorganic.com\/de\/producto\/bio-buriti-oel-2\/#primaryimage"},"thumbnailUrl":"https:\/\/candelaorganic.com\/de\/wp-content\/uploads\/sites\/14\/2024\/04\/Cover-product-image-160.webp","datePublished":"2024-04-04T17:25:50+00:00","dateModified":"2025-01-28T15:04:41+00:00","description":"Unser Buriti\u00f6l stammt aus dem peruanischen Amazonasgebiet, wo die Fr\u00fcchte des Buritibaums wild geerntet werden.","breadcrumb":{"@id":"https:\/\/candelaorganic.com\/de\/producto\/bio-buriti-oel-2\/#breadcrumb"},"inLanguage":"de","potentialAction":[{"@type":"ReadAction","target":["https:\/\/candelaorganic.com\/de\/producto\/bio-buriti-oel-2\/"]}]},{"@type":"ImageObject","inLanguage":"de","@id":"https:\/\/candelaorganic.com\/de\/producto\/bio-buriti-oel-2\/#primaryimage","url":"https:\/\/candelaorganic.com\/de\/wp-content\/uploads\/sites\/14\/2024\/04\/Cover-product-image-160.webp","contentUrl":"https:\/\/candelaorganic.com\/de\/wp-content\/uploads\/sites\/14\/2024\/04\/Cover-product-image-160.webp","width":609,"height":599},{"@type":"BreadcrumbList","@id":"https:\/\/candelaorganic.com\/de\/producto\/bio-buriti-oel-2\/#breadcrumb","itemListElement":[{"@type":"ListItem","position":1,"name":"Produkte","item":"https:\/\/candelaorganic.com\/de\/produkte\/"},{"@type":"ListItem","position":2,"name":"Massenkosmetik und K\u00f6rperpflege","item":"https:\/\/candelaorganic.com\/de\/tienda\/kosmetik-und-koerperpflege-grossmengen\/"},{"@type":"ListItem","position":3,"name":"\u00d6le","item":"https:\/\/candelaorganic.com\/de\/tienda\/kosmetik-und-koerperpflege-grossmengen\/oele\/"},{"@type":"ListItem","position":4,"name":"Bio-Buriti-\u00d6l"}]},{"@type":"WebSite","@id":"https:\/\/candelaorganic.com\/de\/#website","url":"https:\/\/candelaorganic.com\/de\/","name":"Candela Organic","description":"Wir erh\u00f6hen die Lebensmittelstandards","publisher":{"@id":"https:\/\/candelaorganic.com\/de\/#organization"},"potentialAction":[{"@type":"SearchAction","target":{"@type":"EntryPoint","urlTemplate":"https:\/\/candelaorganic.com\/de\/?s={search_term_string}"},"query-input":{"@type":"PropertyValueSpecification","valueRequired":true,"valueName":"search_term_string"}}],"inLanguage":"de"},{"@type":"Organization","@id":"https:\/\/candelaorganic.com\/de\/#organization","name":"Candela Organic","url":"https:\/\/candelaorganic.com\/de\/","logo":{"@type":"ImageObject","inLanguage":"de","@id":"https:\/\/candelaorganic.com\/de\/#\/schema\/logo\/image\/","url":"https:\/\/candelaorganic.com\/de\/wp-content\/uploads\/sites\/14\/2024\/04\/Logotype.webp","contentUrl":"https:\/\/candelaorganic.com\/de\/wp-content\/uploads\/sites\/14\/2024\/04\/Logotype.webp","width":256,"height":52,"caption":"Candela Organic"},"image":{"@id":"https:\/\/candelaorganic.com\/de\/#\/schema\/logo\/image\/"}}]}},"_links":{"self":[{"href":"https:\/\/candelaorganic.com\/de\/wp-json\/wp\/v2\/product\/14299"}],"collection":[{"href":"https:\/\/candelaorganic.com\/de\/wp-json\/wp\/v2\/product"}],"about":[{"href":"https:\/\/candelaorganic.com\/de\/wp-json\/wp\/v2\/types\/product"}],"replies":[{"embeddable":true,"href":"https:\/\/candelaorganic.com\/de\/wp-json\/wp\/v2\/comments?post=14299"}],"wp:featuredmedia":[{"embeddable":true,"href":"https:\/\/candelaorganic.com\/de\/wp-json\/wp\/v2\/media\/13318"}],"wp:attachment":[{"href":"https:\/\/candelaorganic.com\/de\/wp-json\/wp\/v2\/media?parent=14299"}],"wp:term":[{"taxonomy":"product_cat","embeddable":true,"href":"https:\/\/candelaorganic.com\/de\/wp-json\/wp\/v2\/product_cat?post=14299"},{"taxonomy":"product_tag","embeddable":true,"href":"https:\/\/candelaorganic.com\/de\/wp-json\/wp\/v2\/product_tag?post=14299"}],"curies":[{"name":"wp","href":"https:\/\/api.w.org\/{rel}","templated":true}]}}