{"id":14293,"date":"2024-04-04T19:23:58","date_gmt":"2024-04-04T17:23:58","guid":{"rendered":"https:\/\/candelaorganic.com\/de\/?post_type=product&#038;p=14293"},"modified":"2024-06-20T22:48:47","modified_gmt":"2024-06-20T20:48:47","slug":"konventionelles-buriti-oel","status":"publish","type":"product","link":"https:\/\/candelaorganic.com\/de\/producto\/konventionelles-buriti-oel\/","title":{"rendered":"Konventionelles Buriti-\u00d6l"},"content":{"rendered":"<p>Unser konventionelles Buriti-\u00d6l wird sorgf\u00e4ltig aus dem pulsierenden peruanischen Amazonasgebiet bezogen, wo die wild geernteten Fr\u00fcchte des Buriti-Baums gedeihen. Die ikonischen Mauritia Flexosa-B\u00e4ume sind in Zentralbrasilien und im s\u00fcdlichen Amazonasbecken weit verbreitet. Die bemerkenswerten Vorteile des Buriti-\u00d6ls finden sowohl im Amazonasgebiet als auch auf der internationalen B\u00fchne Anerkennung.<\/p>\n<p>Die in den Torfmooren gedeihenden Buriti-B\u00e4ume spielen eine entscheidende Rolle bei der Speicherung betr\u00e4chtlicher Kohlenstoffreserven, die f\u00fcr die Erhaltung der kohlenstoffreichen W\u00e4lder in der Region unerl\u00e4sslich sind. Der Schutz dieser unsch\u00e4tzbaren B\u00e4ume vor der Ernte ihrer Fr\u00fcchte ist ein entscheidender Schritt zum Erhalt der kohlenstoffreichen \u00d6kosysteme. Indem wir unsere Kleinerzeuger mit Klettergurten ausstatten, stellen wir die nachhaltige Ernte der Buriti-Fr\u00fcchte sicher und bewahren so die Unversehrtheit dieser wichtigen W\u00e4lder.<\/p>\n<p>&nbsp;<\/p>\n<p><strong><span class=\"subtitle\" style=\"color: #f1b434;\">MERKMALE UND VORTEILE<\/span><\/strong><\/p>\n<div class=\"text-wrap\">\n<ul>\n<li>Amazonas-Strahlung: Herk\u00f6mmliches Buriti-\u00d6l aus dem peruanischen Amazonas bringt den nat\u00fcrlichen Glanz Ihrer Haut zum Vorschein. Dieses \u00d6l wird aus wild geernteten Buriti-Fr\u00fcchten gewonnen und bringt jahrhundertealte Sch\u00f6nheitsweisheiten in Ihre Routine ein.<\/li>\n<li>Kohlenstoffw\u00e4chter: Mauritia flexosa-B\u00e4ume sind in Zentralbrasilien und im s\u00fcdlichen Amazonasbecken beheimatet und liefern das gesch\u00e4tzte Buriti-\u00d6l. Sie gedeihen in Mooren und sind f\u00fcr die Kohlenstoffspeicherung von entscheidender Bedeutung und sch\u00fctzen kohlenstoffreiche W\u00e4lder.<\/li>\n<li>Nachhaltige Ernte: Die Ausstattung kleiner Produzenten mit Klettergurten gew\u00e4hrleistet eine verantwortungsvolle Ernte von Buriti-Fr\u00fcchten und sch\u00fctzt \u00d6kosysteme und Baumhinterlassenschaften.<\/li>\n<li>Elixier f\u00fcr die Haut: Das bernsteinfarbene konventionelle Buriti-\u00d6l spendet Feuchtigkeit und pflegt. Als vielseitiger Begleiter f\u00fcr verschiedene Hautbed\u00fcrfnisse belebt es die Haut auf nat\u00fcrliche Weise.<\/li>\n<li>Wiederbelebung der Natur: Herk\u00f6mmliches Buriti-\u00d6l respektiert die Sch\u00f6nheit des Amazonas und revitalisiert gleichzeitig Ihre Haut. Es ist ideal f\u00fcr trockene, alternde und empfindliche Haut und sorgt f\u00fcr zeitlose Ausstrahlung und Wohlbefinden.<\/li>\n<\/ul>\n<\/div>\n<div class=\"text-wrap\"><\/div>\n","protected":false},"excerpt":{"rendered":"<div class=\"title\" style=\"color: #f1b434;\"><strong><span class=\"name\">\/ MAURITIA FLEXUOSA \/<\/span><\/strong><\/div>\n<p>Buriti-\u00d6l ist reich an Vitamin A und ist eine pflanzliche Alternative zu Retinoiden. Sein hoher Gehalt an Antioxidantien und Vitaminen macht es ideal zur Bek\u00e4mpfung freier Radikale, des Alterungsprozesses und zur Beruhigung trockener Haut.<\/p>\n","protected":false},"featured_media":13318,"comment_status":"open","ping_status":"closed","template":"","meta":{"editor_notices":[]},"product_cat":[122],"product_tag":[],"yoast_head":"<!-- This site is optimized with the Yoast SEO plugin v23.5 - https:\/\/yoast.com\/wordpress\/plugins\/seo\/ -->\n<title>Konventionelles Buriti-\u00d6l - Candela Organic<\/title>\n<meta name=\"description\" content=\"Unser konventionelles Aguaje-\u00d6l wird sorgf\u00e4ltig aus dem pulsierenden peruanischen Amazonasgebiet bezogen, wo die wilden Fr\u00fcchte des Aguaje-Baums gedeihen.\" \/>\n<meta name=\"robots\" content=\"index, follow, max-snippet:-1, max-image-preview:large, max-video-preview:-1\" \/>\n<link rel=\"canonical\" href=\"https:\/\/candelaorganic.com\/de\/producto\/konventionelles-buriti-oel\/\" \/>\n<meta property=\"og:locale\" content=\"de_DE\" \/>\n<meta property=\"og:type\" content=\"article\" \/>\n<meta property=\"og:title\" content=\"Konventionelles Buriti-\u00d6l - Candela Organic\" \/>\n<meta property=\"og:description\" content=\"Unser konventionelles Aguaje-\u00d6l wird sorgf\u00e4ltig aus dem pulsierenden peruanischen Amazonasgebiet bezogen, wo die wilden Fr\u00fcchte des Aguaje-Baums gedeihen.\" \/>\n<meta property=\"og:url\" content=\"https:\/\/candelaorganic.com\/de\/producto\/konventionelles-buriti-oel\/\" \/>\n<meta property=\"og:site_name\" content=\"Candela Organic\" \/>\n<meta property=\"article:modified_time\" content=\"2024-06-20T20:48:47+00:00\" \/>\n<meta property=\"og:image\" content=\"https:\/\/candelaorganic.com\/de\/wp-content\/uploads\/sites\/14\/2024\/04\/Cover-product-image-160.webp\" \/>\n\t<meta property=\"og:image:width\" content=\"609\" \/>\n\t<meta property=\"og:image:height\" content=\"599\" \/>\n\t<meta property=\"og:image:type\" content=\"image\/webp\" \/>\n<meta name=\"twitter:card\" content=\"summary_large_image\" \/>\n<meta name=\"twitter:label1\" content=\"Gesch\u00e4tzte Lesezeit\" \/>\n\t<meta name=\"twitter:data1\" content=\"2\u00a0Minuten\" \/>\n<script type=\"application\/ld+json\" class=\"yoast-schema-graph\">{\"@context\":\"https:\/\/schema.org\",\"@graph\":[{\"@type\":\"WebPage\",\"@id\":\"https:\/\/candelaorganic.com\/de\/producto\/konventionelles-buriti-oel\/\",\"url\":\"https:\/\/candelaorganic.com\/de\/producto\/konventionelles-buriti-oel\/\",\"name\":\"Konventionelles Buriti-\u00d6l - Candela Organic\",\"isPartOf\":{\"@id\":\"https:\/\/candelaorganic.com\/de\/#website\"},\"primaryImageOfPage\":{\"@id\":\"https:\/\/candelaorganic.com\/de\/producto\/konventionelles-buriti-oel\/#primaryimage\"},\"image\":{\"@id\":\"https:\/\/candelaorganic.com\/de\/producto\/konventionelles-buriti-oel\/#primaryimage\"},\"thumbnailUrl\":\"https:\/\/candelaorganic.com\/de\/wp-content\/uploads\/sites\/14\/2024\/04\/Cover-product-image-160.webp\",\"datePublished\":\"2024-04-04T17:23:58+00:00\",\"dateModified\":\"2024-06-20T20:48:47+00:00\",\"description\":\"Unser konventionelles Aguaje-\u00d6l wird sorgf\u00e4ltig aus dem pulsierenden peruanischen Amazonasgebiet bezogen, wo die wilden Fr\u00fcchte des Aguaje-Baums gedeihen.\",\"breadcrumb\":{\"@id\":\"https:\/\/candelaorganic.com\/de\/producto\/konventionelles-buriti-oel\/#breadcrumb\"},\"inLanguage\":\"de\",\"potentialAction\":[{\"@type\":\"ReadAction\",\"target\":[\"https:\/\/candelaorganic.com\/de\/producto\/konventionelles-buriti-oel\/\"]}]},{\"@type\":\"ImageObject\",\"inLanguage\":\"de\",\"@id\":\"https:\/\/candelaorganic.com\/de\/producto\/konventionelles-buriti-oel\/#primaryimage\",\"url\":\"https:\/\/candelaorganic.com\/de\/wp-content\/uploads\/sites\/14\/2024\/04\/Cover-product-image-160.webp\",\"contentUrl\":\"https:\/\/candelaorganic.com\/de\/wp-content\/uploads\/sites\/14\/2024\/04\/Cover-product-image-160.webp\",\"width\":609,\"height\":599},{\"@type\":\"BreadcrumbList\",\"@id\":\"https:\/\/candelaorganic.com\/de\/producto\/konventionelles-buriti-oel\/#breadcrumb\",\"itemListElement\":[{\"@type\":\"ListItem\",\"position\":1,\"name\":\"Produkte\",\"item\":\"https:\/\/candelaorganic.com\/de\/produkte\/\"},{\"@type\":\"ListItem\",\"position\":2,\"name\":\"Massenkosmetik und K\u00f6rperpflege\",\"item\":\"https:\/\/candelaorganic.com\/de\/tienda\/kosmetik-und-koerperpflege-grossmengen\/\"},{\"@type\":\"ListItem\",\"position\":3,\"name\":\"\u00d6le\",\"item\":\"https:\/\/candelaorganic.com\/de\/tienda\/kosmetik-und-koerperpflege-grossmengen\/oele\/\"},{\"@type\":\"ListItem\",\"position\":4,\"name\":\"Konventionelles Buriti-\u00d6l\"}]},{\"@type\":\"WebSite\",\"@id\":\"https:\/\/candelaorganic.com\/de\/#website\",\"url\":\"https:\/\/candelaorganic.com\/de\/\",\"name\":\"Candela Organic\",\"description\":\"Wir erh\u00f6hen die Lebensmittelstandards\",\"publisher\":{\"@id\":\"https:\/\/candelaorganic.com\/de\/#organization\"},\"potentialAction\":[{\"@type\":\"SearchAction\",\"target\":{\"@type\":\"EntryPoint\",\"urlTemplate\":\"https:\/\/candelaorganic.com\/de\/?s={search_term_string}\"},\"query-input\":{\"@type\":\"PropertyValueSpecification\",\"valueRequired\":true,\"valueName\":\"search_term_string\"}}],\"inLanguage\":\"de\"},{\"@type\":\"Organization\",\"@id\":\"https:\/\/candelaorganic.com\/de\/#organization\",\"name\":\"Candela Organic\",\"url\":\"https:\/\/candelaorganic.com\/de\/\",\"logo\":{\"@type\":\"ImageObject\",\"inLanguage\":\"de\",\"@id\":\"https:\/\/candelaorganic.com\/de\/#\/schema\/logo\/image\/\",\"url\":\"https:\/\/candelaorganic.com\/de\/wp-content\/uploads\/sites\/14\/2024\/04\/Logotype.webp\",\"contentUrl\":\"https:\/\/candelaorganic.com\/de\/wp-content\/uploads\/sites\/14\/2024\/04\/Logotype.webp\",\"width\":256,\"height\":52,\"caption\":\"Candela Organic\"},\"image\":{\"@id\":\"https:\/\/candelaorganic.com\/de\/#\/schema\/logo\/image\/\"}}]}<\/script>\n<!-- \/ Yoast SEO plugin. -->","yoast_head_json":{"title":"Konventionelles Buriti-\u00d6l - Candela Organic","description":"Unser konventionelles Aguaje-\u00d6l wird sorgf\u00e4ltig aus dem pulsierenden peruanischen Amazonasgebiet bezogen, wo die wilden Fr\u00fcchte des Aguaje-Baums gedeihen.","robots":{"index":"index","follow":"follow","max-snippet":"max-snippet:-1","max-image-preview":"max-image-preview:large","max-video-preview":"max-video-preview:-1"},"canonical":"https:\/\/candelaorganic.com\/de\/producto\/konventionelles-buriti-oel\/","og_locale":"de_DE","og_type":"article","og_title":"Konventionelles Buriti-\u00d6l - Candela Organic","og_description":"Unser konventionelles Aguaje-\u00d6l wird sorgf\u00e4ltig aus dem pulsierenden peruanischen Amazonasgebiet bezogen, wo die wilden Fr\u00fcchte des Aguaje-Baums gedeihen.","og_url":"https:\/\/candelaorganic.com\/de\/producto\/konventionelles-buriti-oel\/","og_site_name":"Candela Organic","article_modified_time":"2024-06-20T20:48:47+00:00","og_image":[{"width":609,"height":599,"url":"https:\/\/candelaorganic.com\/de\/wp-content\/uploads\/sites\/14\/2024\/04\/Cover-product-image-160.webp","type":"image\/webp"}],"twitter_card":"summary_large_image","twitter_misc":{"Gesch\u00e4tzte Lesezeit":"2\u00a0Minuten"},"schema":{"@context":"https:\/\/schema.org","@graph":[{"@type":"WebPage","@id":"https:\/\/candelaorganic.com\/de\/producto\/konventionelles-buriti-oel\/","url":"https:\/\/candelaorganic.com\/de\/producto\/konventionelles-buriti-oel\/","name":"Konventionelles Buriti-\u00d6l - Candela Organic","isPartOf":{"@id":"https:\/\/candelaorganic.com\/de\/#website"},"primaryImageOfPage":{"@id":"https:\/\/candelaorganic.com\/de\/producto\/konventionelles-buriti-oel\/#primaryimage"},"image":{"@id":"https:\/\/candelaorganic.com\/de\/producto\/konventionelles-buriti-oel\/#primaryimage"},"thumbnailUrl":"https:\/\/candelaorganic.com\/de\/wp-content\/uploads\/sites\/14\/2024\/04\/Cover-product-image-160.webp","datePublished":"2024-04-04T17:23:58+00:00","dateModified":"2024-06-20T20:48:47+00:00","description":"Unser konventionelles Aguaje-\u00d6l wird sorgf\u00e4ltig aus dem pulsierenden peruanischen Amazonasgebiet bezogen, wo die wilden Fr\u00fcchte des Aguaje-Baums gedeihen.","breadcrumb":{"@id":"https:\/\/candelaorganic.com\/de\/producto\/konventionelles-buriti-oel\/#breadcrumb"},"inLanguage":"de","potentialAction":[{"@type":"ReadAction","target":["https:\/\/candelaorganic.com\/de\/producto\/konventionelles-buriti-oel\/"]}]},{"@type":"ImageObject","inLanguage":"de","@id":"https:\/\/candelaorganic.com\/de\/producto\/konventionelles-buriti-oel\/#primaryimage","url":"https:\/\/candelaorganic.com\/de\/wp-content\/uploads\/sites\/14\/2024\/04\/Cover-product-image-160.webp","contentUrl":"https:\/\/candelaorganic.com\/de\/wp-content\/uploads\/sites\/14\/2024\/04\/Cover-product-image-160.webp","width":609,"height":599},{"@type":"BreadcrumbList","@id":"https:\/\/candelaorganic.com\/de\/producto\/konventionelles-buriti-oel\/#breadcrumb","itemListElement":[{"@type":"ListItem","position":1,"name":"Produkte","item":"https:\/\/candelaorganic.com\/de\/produkte\/"},{"@type":"ListItem","position":2,"name":"Massenkosmetik und K\u00f6rperpflege","item":"https:\/\/candelaorganic.com\/de\/tienda\/kosmetik-und-koerperpflege-grossmengen\/"},{"@type":"ListItem","position":3,"name":"\u00d6le","item":"https:\/\/candelaorganic.com\/de\/tienda\/kosmetik-und-koerperpflege-grossmengen\/oele\/"},{"@type":"ListItem","position":4,"name":"Konventionelles Buriti-\u00d6l"}]},{"@type":"WebSite","@id":"https:\/\/candelaorganic.com\/de\/#website","url":"https:\/\/candelaorganic.com\/de\/","name":"Candela Organic","description":"Wir erh\u00f6hen die Lebensmittelstandards","publisher":{"@id":"https:\/\/candelaorganic.com\/de\/#organization"},"potentialAction":[{"@type":"SearchAction","target":{"@type":"EntryPoint","urlTemplate":"https:\/\/candelaorganic.com\/de\/?s={search_term_string}"},"query-input":{"@type":"PropertyValueSpecification","valueRequired":true,"valueName":"search_term_string"}}],"inLanguage":"de"},{"@type":"Organization","@id":"https:\/\/candelaorganic.com\/de\/#organization","name":"Candela Organic","url":"https:\/\/candelaorganic.com\/de\/","logo":{"@type":"ImageObject","inLanguage":"de","@id":"https:\/\/candelaorganic.com\/de\/#\/schema\/logo\/image\/","url":"https:\/\/candelaorganic.com\/de\/wp-content\/uploads\/sites\/14\/2024\/04\/Logotype.webp","contentUrl":"https:\/\/candelaorganic.com\/de\/wp-content\/uploads\/sites\/14\/2024\/04\/Logotype.webp","width":256,"height":52,"caption":"Candela Organic"},"image":{"@id":"https:\/\/candelaorganic.com\/de\/#\/schema\/logo\/image\/"}}]}},"_links":{"self":[{"href":"https:\/\/candelaorganic.com\/de\/wp-json\/wp\/v2\/product\/14293"}],"collection":[{"href":"https:\/\/candelaorganic.com\/de\/wp-json\/wp\/v2\/product"}],"about":[{"href":"https:\/\/candelaorganic.com\/de\/wp-json\/wp\/v2\/types\/product"}],"replies":[{"embeddable":true,"href":"https:\/\/candelaorganic.com\/de\/wp-json\/wp\/v2\/comments?post=14293"}],"wp:featuredmedia":[{"embeddable":true,"href":"https:\/\/candelaorganic.com\/de\/wp-json\/wp\/v2\/media\/13318"}],"wp:attachment":[{"href":"https:\/\/candelaorganic.com\/de\/wp-json\/wp\/v2\/media?parent=14293"}],"wp:term":[{"taxonomy":"product_cat","embeddable":true,"href":"https:\/\/candelaorganic.com\/de\/wp-json\/wp\/v2\/product_cat?post=14293"},{"taxonomy":"product_tag","embeddable":true,"href":"https:\/\/candelaorganic.com\/de\/wp-json\/wp\/v2\/product_tag?post=14293"}],"curies":[{"name":"wp","href":"https:\/\/api.w.org\/{rel}","templated":true}]}}