{"id":14289,"date":"2024-04-04T19:21:25","date_gmt":"2024-04-04T17:21:25","guid":{"rendered":"https:\/\/candelaorganic.com\/de\/?post_type=product&#038;p=14289"},"modified":"2024-06-21T17:35:09","modified_gmt":"2024-06-21T15:35:09","slug":"konventionelles-sacha-inchi-oel","status":"publish","type":"product","link":"https:\/\/candelaorganic.com\/de\/producto\/konventionelles-sacha-inchi-oel\/","title":{"rendered":"Konventionelles Sacha-Inchi-\u00d6l"},"content":{"rendered":"<p>Die mehrj\u00e4hrige Kletterpflanze mit ihren behaarten Bl\u00e4ttern stammt urspr\u00fcnglich aus dem Amazonasgebiet in Peru. Sacha Inchi-\u00d6l eignet sich zur Pflege von entz\u00fcndlicher, trockener und reifer Haut. Es erh\u00f6ht die Hautelastizit\u00e4t, hat eine stark zellregenerierende und zellaktivierende Wirkung. Das \u00d6l der Inka-Nuss verspricht eine Verbesserung des Hautbildes bei Hautreizungen, Entz\u00fcndungen, Allergien und Hautkrankheiten wie Psoriasis und Neurodermitis. Es begrenzt die Austrocknung der Haut, st\u00e4rkt das nat\u00fcrliche Gleichgewicht oder stellt es wieder her. Vorteile:\u00a0 Das kosmetische Sacha Inchi \u00d6l ist reich an Omega 3 und Vitamin A, hilft bei der Restrukturierung der Haut und wird bei empfindlicher und gereizter Haut empfohlen. Es hilft, Haare und N\u00e4gel vor dem Austrocknen zu sch\u00fctzen. Erh\u00f6ht die Elastizit\u00e4t der Haut.\u00a0 Enth\u00e4lt Omega-3-Fetts\u00e4uren, die bei der Regeneration der Haut helfen. Verwendet in:\u00a0 Hautpflege (Lotionen, Cremes, Parfums).<\/p>\n<p>&nbsp;<\/p>\n<div class=\"text-wrap\" style=\"color: #f1b434;\">\n<p><strong><span class=\"subtitle\">MERKMALE UND VORTEILE<\/span><\/strong><\/p>\n<\/div>\n<ul>\n<li aria-level=\"1\">Nat\u00fcrliche Hautbelebung: Nutzen Sie das Geheimnis des Amazonas, das Sacha-Inchi-\u00d6l, das f\u00fcr seine Wirksamkeit bei der Pflege von entz\u00fcndlicher, trockener und reifer Haut bekannt ist.<\/li>\n<li aria-level=\"1\">Elastizit\u00e4t und Regeneration: Entfalten Sie die Kraft des Sacha-Inchi-\u00d6ls, das die Elastizit\u00e4t der Haut erh\u00f6ht und eine starke zellregenerierende und aktivierende Wirkung entfaltet.<\/li>\n<li aria-level=\"1\">Das Wunder der Inka-Nuss: Erleben Sie eine Verwandlung des Hautbildes mit dem Versprechen des Sacha-Inchi-\u00d6ls und bek\u00e4mpfen Sie Irritationen, Entz\u00fcndungen, Allergien und Hautkrankheiten.<\/li>\n<li aria-level=\"1\">Hydratation und Gleichgewicht: Entdecken Sie die Magie des Sacha-Inchi-\u00d6ls, das ein nat\u00fcrliches Schutzschild gegen Austrocknung ist und das empfindliche Gleichgewicht der Haut wiederherstellt und st\u00e4rkt.<\/li>\n<li aria-level=\"1\">Omega-3-reiche Brillanz: Verbessern Sie Ihre Hautpflege mit dem kosmetischen Sacha-Inchi-\u00d6l, das mit Omega-3-Fetts\u00e4uren und Vitamin A angereichert ist. Es ist die beste Wahl f\u00fcr empfindliche und gereizte Haut und sch\u00fctzt gleichzeitig Haare und N\u00e4gel vor dem Austrocknen.<\/li>\n<\/ul>\n<div class=\"text-wrap\"><\/div>\n","protected":false},"excerpt":{"rendered":"<div class=\"title\" style=\"color: #f1b434;\"><strong><span class=\"name\">\/ PLUKENETIA VOLUBILIS \/<\/span><\/strong><\/div>\n<p>Erleben Sie die au\u00dfergew\u00f6hnlichen Vorteile des kosmetischen \u00d6ls von Sacha Inchi, einer reichhaltigen Quelle von Omega 3 und Vitamin A, das eine unvergleichliche Hautrestrukturierung und -verj\u00fcngung bietet. Es ist besonders f\u00fcr empfindliche und gereizte Haut geeignet und wirkt wie ein Schutzschild, das Haare und N\u00e4gel vor den Gefahren der Trockenheit bewahrt. Ihr Omega-3-Gehalt unterst\u00fctzt den komplizierten Prozess der Hautregeneration und sorgt f\u00fcr eine zeitlos sch\u00f6ne Haut.<\/p>\n","protected":false},"featured_media":13300,"comment_status":"open","ping_status":"closed","template":"","meta":{"editor_notices":[]},"product_cat":[122],"product_tag":[],"yoast_head":"<!-- This site is optimized with the Yoast SEO plugin v23.5 - https:\/\/yoast.com\/wordpress\/plugins\/seo\/ -->\n<title>Konventionelles Sacha-Inchi-\u00d6l - Candela Organic<\/title>\n<meta name=\"description\" content=\"Die Kletterpflanze stammt urspr\u00fcnglich aus dem Amazonasgebiet Perus und eignet sich zur Pflege entz\u00fcndlicher, trockener und reifer Haut.\" \/>\n<meta name=\"robots\" content=\"index, follow, max-snippet:-1, max-image-preview:large, max-video-preview:-1\" \/>\n<link rel=\"canonical\" href=\"https:\/\/candelaorganic.com\/de\/producto\/konventionelles-sacha-inchi-oel\/\" \/>\n<meta property=\"og:locale\" content=\"de_DE\" \/>\n<meta property=\"og:type\" content=\"article\" \/>\n<meta property=\"og:title\" content=\"Konventionelles Sacha-Inchi-\u00d6l - Candela Organic\" \/>\n<meta property=\"og:description\" content=\"Die Kletterpflanze stammt urspr\u00fcnglich aus dem Amazonasgebiet Perus und eignet sich zur Pflege entz\u00fcndlicher, trockener und reifer Haut.\" \/>\n<meta property=\"og:url\" content=\"https:\/\/candelaorganic.com\/de\/producto\/konventionelles-sacha-inchi-oel\/\" \/>\n<meta property=\"og:site_name\" content=\"Candela Organic\" \/>\n<meta property=\"article:modified_time\" content=\"2024-06-21T15:35:09+00:00\" \/>\n<meta property=\"og:image\" content=\"https:\/\/candelaorganic.com\/de\/wp-content\/uploads\/sites\/14\/2024\/04\/Secondary-product-image-159.webp\" \/>\n\t<meta property=\"og:image:width\" content=\"609\" \/>\n\t<meta property=\"og:image:height\" content=\"599\" \/>\n\t<meta property=\"og:image:type\" content=\"image\/webp\" \/>\n<meta name=\"twitter:card\" content=\"summary_large_image\" \/>\n<meta name=\"twitter:label1\" content=\"Gesch\u00e4tzte Lesezeit\" \/>\n\t<meta name=\"twitter:data1\" content=\"2\u00a0Minuten\" \/>\n<script type=\"application\/ld+json\" class=\"yoast-schema-graph\">{\"@context\":\"https:\/\/schema.org\",\"@graph\":[{\"@type\":\"WebPage\",\"@id\":\"https:\/\/candelaorganic.com\/de\/producto\/konventionelles-sacha-inchi-oel\/\",\"url\":\"https:\/\/candelaorganic.com\/de\/producto\/konventionelles-sacha-inchi-oel\/\",\"name\":\"Konventionelles Sacha-Inchi-\u00d6l - Candela Organic\",\"isPartOf\":{\"@id\":\"https:\/\/candelaorganic.com\/de\/#website\"},\"primaryImageOfPage\":{\"@id\":\"https:\/\/candelaorganic.com\/de\/producto\/konventionelles-sacha-inchi-oel\/#primaryimage\"},\"image\":{\"@id\":\"https:\/\/candelaorganic.com\/de\/producto\/konventionelles-sacha-inchi-oel\/#primaryimage\"},\"thumbnailUrl\":\"https:\/\/candelaorganic.com\/de\/wp-content\/uploads\/sites\/14\/2024\/04\/Secondary-product-image-159.webp\",\"datePublished\":\"2024-04-04T17:21:25+00:00\",\"dateModified\":\"2024-06-21T15:35:09+00:00\",\"description\":\"Die Kletterpflanze stammt urspr\u00fcnglich aus dem Amazonasgebiet Perus und eignet sich zur Pflege entz\u00fcndlicher, trockener und reifer Haut.\",\"breadcrumb\":{\"@id\":\"https:\/\/candelaorganic.com\/de\/producto\/konventionelles-sacha-inchi-oel\/#breadcrumb\"},\"inLanguage\":\"de\",\"potentialAction\":[{\"@type\":\"ReadAction\",\"target\":[\"https:\/\/candelaorganic.com\/de\/producto\/konventionelles-sacha-inchi-oel\/\"]}]},{\"@type\":\"ImageObject\",\"inLanguage\":\"de\",\"@id\":\"https:\/\/candelaorganic.com\/de\/producto\/konventionelles-sacha-inchi-oel\/#primaryimage\",\"url\":\"https:\/\/candelaorganic.com\/de\/wp-content\/uploads\/sites\/14\/2024\/04\/Secondary-product-image-159.webp\",\"contentUrl\":\"https:\/\/candelaorganic.com\/de\/wp-content\/uploads\/sites\/14\/2024\/04\/Secondary-product-image-159.webp\",\"width\":609,\"height\":599},{\"@type\":\"BreadcrumbList\",\"@id\":\"https:\/\/candelaorganic.com\/de\/producto\/konventionelles-sacha-inchi-oel\/#breadcrumb\",\"itemListElement\":[{\"@type\":\"ListItem\",\"position\":1,\"name\":\"Produkte\",\"item\":\"https:\/\/candelaorganic.com\/de\/produkte\/\"},{\"@type\":\"ListItem\",\"position\":2,\"name\":\"Massenkosmetik und K\u00f6rperpflege\",\"item\":\"https:\/\/candelaorganic.com\/de\/tienda\/kosmetik-und-koerperpflege-grossmengen\/\"},{\"@type\":\"ListItem\",\"position\":3,\"name\":\"\u00d6le\",\"item\":\"https:\/\/candelaorganic.com\/de\/tienda\/kosmetik-und-koerperpflege-grossmengen\/oele\/\"},{\"@type\":\"ListItem\",\"position\":4,\"name\":\"Konventionelles Sacha-Inchi-\u00d6l\"}]},{\"@type\":\"WebSite\",\"@id\":\"https:\/\/candelaorganic.com\/de\/#website\",\"url\":\"https:\/\/candelaorganic.com\/de\/\",\"name\":\"Candela Organic\",\"description\":\"Wir erh\u00f6hen die Lebensmittelstandards\",\"publisher\":{\"@id\":\"https:\/\/candelaorganic.com\/de\/#organization\"},\"potentialAction\":[{\"@type\":\"SearchAction\",\"target\":{\"@type\":\"EntryPoint\",\"urlTemplate\":\"https:\/\/candelaorganic.com\/de\/?s={search_term_string}\"},\"query-input\":{\"@type\":\"PropertyValueSpecification\",\"valueRequired\":true,\"valueName\":\"search_term_string\"}}],\"inLanguage\":\"de\"},{\"@type\":\"Organization\",\"@id\":\"https:\/\/candelaorganic.com\/de\/#organization\",\"name\":\"Candela Organic\",\"url\":\"https:\/\/candelaorganic.com\/de\/\",\"logo\":{\"@type\":\"ImageObject\",\"inLanguage\":\"de\",\"@id\":\"https:\/\/candelaorganic.com\/de\/#\/schema\/logo\/image\/\",\"url\":\"https:\/\/candelaorganic.com\/de\/wp-content\/uploads\/sites\/14\/2024\/04\/Logotype.webp\",\"contentUrl\":\"https:\/\/candelaorganic.com\/de\/wp-content\/uploads\/sites\/14\/2024\/04\/Logotype.webp\",\"width\":256,\"height\":52,\"caption\":\"Candela Organic\"},\"image\":{\"@id\":\"https:\/\/candelaorganic.com\/de\/#\/schema\/logo\/image\/\"}}]}<\/script>\n<!-- \/ Yoast SEO plugin. -->","yoast_head_json":{"title":"Konventionelles Sacha-Inchi-\u00d6l - Candela Organic","description":"Die Kletterpflanze stammt urspr\u00fcnglich aus dem Amazonasgebiet Perus und eignet sich zur Pflege entz\u00fcndlicher, trockener und reifer Haut.","robots":{"index":"index","follow":"follow","max-snippet":"max-snippet:-1","max-image-preview":"max-image-preview:large","max-video-preview":"max-video-preview:-1"},"canonical":"https:\/\/candelaorganic.com\/de\/producto\/konventionelles-sacha-inchi-oel\/","og_locale":"de_DE","og_type":"article","og_title":"Konventionelles Sacha-Inchi-\u00d6l - Candela Organic","og_description":"Die Kletterpflanze stammt urspr\u00fcnglich aus dem Amazonasgebiet Perus und eignet sich zur Pflege entz\u00fcndlicher, trockener und reifer Haut.","og_url":"https:\/\/candelaorganic.com\/de\/producto\/konventionelles-sacha-inchi-oel\/","og_site_name":"Candela Organic","article_modified_time":"2024-06-21T15:35:09+00:00","og_image":[{"width":609,"height":599,"url":"https:\/\/candelaorganic.com\/de\/wp-content\/uploads\/sites\/14\/2024\/04\/Secondary-product-image-159.webp","type":"image\/webp"}],"twitter_card":"summary_large_image","twitter_misc":{"Gesch\u00e4tzte Lesezeit":"2\u00a0Minuten"},"schema":{"@context":"https:\/\/schema.org","@graph":[{"@type":"WebPage","@id":"https:\/\/candelaorganic.com\/de\/producto\/konventionelles-sacha-inchi-oel\/","url":"https:\/\/candelaorganic.com\/de\/producto\/konventionelles-sacha-inchi-oel\/","name":"Konventionelles Sacha-Inchi-\u00d6l - Candela Organic","isPartOf":{"@id":"https:\/\/candelaorganic.com\/de\/#website"},"primaryImageOfPage":{"@id":"https:\/\/candelaorganic.com\/de\/producto\/konventionelles-sacha-inchi-oel\/#primaryimage"},"image":{"@id":"https:\/\/candelaorganic.com\/de\/producto\/konventionelles-sacha-inchi-oel\/#primaryimage"},"thumbnailUrl":"https:\/\/candelaorganic.com\/de\/wp-content\/uploads\/sites\/14\/2024\/04\/Secondary-product-image-159.webp","datePublished":"2024-04-04T17:21:25+00:00","dateModified":"2024-06-21T15:35:09+00:00","description":"Die Kletterpflanze stammt urspr\u00fcnglich aus dem Amazonasgebiet Perus und eignet sich zur Pflege entz\u00fcndlicher, trockener und reifer Haut.","breadcrumb":{"@id":"https:\/\/candelaorganic.com\/de\/producto\/konventionelles-sacha-inchi-oel\/#breadcrumb"},"inLanguage":"de","potentialAction":[{"@type":"ReadAction","target":["https:\/\/candelaorganic.com\/de\/producto\/konventionelles-sacha-inchi-oel\/"]}]},{"@type":"ImageObject","inLanguage":"de","@id":"https:\/\/candelaorganic.com\/de\/producto\/konventionelles-sacha-inchi-oel\/#primaryimage","url":"https:\/\/candelaorganic.com\/de\/wp-content\/uploads\/sites\/14\/2024\/04\/Secondary-product-image-159.webp","contentUrl":"https:\/\/candelaorganic.com\/de\/wp-content\/uploads\/sites\/14\/2024\/04\/Secondary-product-image-159.webp","width":609,"height":599},{"@type":"BreadcrumbList","@id":"https:\/\/candelaorganic.com\/de\/producto\/konventionelles-sacha-inchi-oel\/#breadcrumb","itemListElement":[{"@type":"ListItem","position":1,"name":"Produkte","item":"https:\/\/candelaorganic.com\/de\/produkte\/"},{"@type":"ListItem","position":2,"name":"Massenkosmetik und K\u00f6rperpflege","item":"https:\/\/candelaorganic.com\/de\/tienda\/kosmetik-und-koerperpflege-grossmengen\/"},{"@type":"ListItem","position":3,"name":"\u00d6le","item":"https:\/\/candelaorganic.com\/de\/tienda\/kosmetik-und-koerperpflege-grossmengen\/oele\/"},{"@type":"ListItem","position":4,"name":"Konventionelles Sacha-Inchi-\u00d6l"}]},{"@type":"WebSite","@id":"https:\/\/candelaorganic.com\/de\/#website","url":"https:\/\/candelaorganic.com\/de\/","name":"Candela Organic","description":"Wir erh\u00f6hen die Lebensmittelstandards","publisher":{"@id":"https:\/\/candelaorganic.com\/de\/#organization"},"potentialAction":[{"@type":"SearchAction","target":{"@type":"EntryPoint","urlTemplate":"https:\/\/candelaorganic.com\/de\/?s={search_term_string}"},"query-input":{"@type":"PropertyValueSpecification","valueRequired":true,"valueName":"search_term_string"}}],"inLanguage":"de"},{"@type":"Organization","@id":"https:\/\/candelaorganic.com\/de\/#organization","name":"Candela Organic","url":"https:\/\/candelaorganic.com\/de\/","logo":{"@type":"ImageObject","inLanguage":"de","@id":"https:\/\/candelaorganic.com\/de\/#\/schema\/logo\/image\/","url":"https:\/\/candelaorganic.com\/de\/wp-content\/uploads\/sites\/14\/2024\/04\/Logotype.webp","contentUrl":"https:\/\/candelaorganic.com\/de\/wp-content\/uploads\/sites\/14\/2024\/04\/Logotype.webp","width":256,"height":52,"caption":"Candela Organic"},"image":{"@id":"https:\/\/candelaorganic.com\/de\/#\/schema\/logo\/image\/"}}]}},"_links":{"self":[{"href":"https:\/\/candelaorganic.com\/de\/wp-json\/wp\/v2\/product\/14289"}],"collection":[{"href":"https:\/\/candelaorganic.com\/de\/wp-json\/wp\/v2\/product"}],"about":[{"href":"https:\/\/candelaorganic.com\/de\/wp-json\/wp\/v2\/types\/product"}],"replies":[{"embeddable":true,"href":"https:\/\/candelaorganic.com\/de\/wp-json\/wp\/v2\/comments?post=14289"}],"wp:featuredmedia":[{"embeddable":true,"href":"https:\/\/candelaorganic.com\/de\/wp-json\/wp\/v2\/media\/13300"}],"wp:attachment":[{"href":"https:\/\/candelaorganic.com\/de\/wp-json\/wp\/v2\/media?parent=14289"}],"wp:term":[{"taxonomy":"product_cat","embeddable":true,"href":"https:\/\/candelaorganic.com\/de\/wp-json\/wp\/v2\/product_cat?post=14289"},{"taxonomy":"product_tag","embeddable":true,"href":"https:\/\/candelaorganic.com\/de\/wp-json\/wp\/v2\/product_tag?post=14289"}],"curies":[{"name":"wp","href":"https:\/\/api.w.org\/{rel}","templated":true}]}}