{"id":14275,"date":"2024-04-04T19:15:18","date_gmt":"2024-04-04T17:15:18","guid":{"rendered":"https:\/\/candelaorganic.com\/de\/?post_type=product&#038;p=14275"},"modified":"2025-01-28T15:47:05","modified_gmt":"2025-01-28T14:47:05","slug":"bio-sacha-inchi-oel-2","status":"publish","type":"product","link":"https:\/\/candelaorganic.com\/de\/producto\/bio-sacha-inchi-oel-2\/","title":{"rendered":"Bio-Sacha-Inchi-\u00d6l"},"content":{"rendered":"<p>Die mehrj\u00e4hrige Kletterpflanze stammt aus dem Amazonasgebiet in Peru. Sacha Inchi-\u00d6l ist n\u00fctzlich f\u00fcr die Pflege von entz\u00fcndlicher, trockener und reifer Haut. Es erh\u00f6ht die Hautelastizit\u00e4t, hat eine stark zellregenerierende und zellaktivierende Wirkung. Das \u00d6l der Inka-Nuss verspricht eine Verbesserung des Hautbildes bei Hautreizungen, Entz\u00fcndungen, Allergien und Hautkrankheiten wie Psoriasis und Neurodermitis. Es begrenzt die Austrocknung der Haut, st\u00e4rkt das nat\u00fcrliche Gleichgewicht oder stellt es wieder her. Vorteile:\u00a0 Das kosmetische Sacha Inchi \u00d6l ist reich an Omega 3 und Vitamin A, hilft bei der Restrukturierung der Haut und wird bei empfindlicher und gereizter Haut empfohlen. Es hilft, Haare und N\u00e4gel vor dem Austrocknen zu sch\u00fctzen. Erh\u00f6ht die Elastizit\u00e4t der Haut.\u00a0 Enth\u00e4lt Omega-3-Fetts\u00e4uren, die bei der Regeneration der Haut helfen. Verwendet in:\u00a0 Hautpflege (Lotionen, Cremes, Parfums).<\/p>\n<p>Erleben Sie die au\u00dfergew\u00f6hnlichen Vorteile des kosmetischen \u00d6ls Sacha Inchi, einer reichhaltigen Quelle an Omega 3 und Vitamin A, das eine beispiellose Hautrestrukturierung und -verj\u00fcngung bietet. Besonders geeignet f\u00fcr empfindliche und gereizte Haut, dient es als Schutzschild und sch\u00fctzt Haare und N\u00e4gel vor den Gefahren der Trockenheit. Sein Omega-3-Gehalt unterst\u00fctzt den komplexen Prozess der Hautregeneration und schafft eine Leinwand zeitloser Sch\u00f6nheit.<\/p>\n<p>&nbsp;<\/p>\n<div class=\"text-wrap\">\n<p><strong><span class=\"subtitle\" style=\"color: #f1b434;\">MERKMALE UND VORTEILE<\/span><\/strong><\/p>\n<ul>\n<li aria-level=\"1\">Nat\u00fcrliche Wiederbelebung der Haut: Entdecken Sie das Geheimnis des Amazonas, das Sacha-Inchi-\u00d6l, das f\u00fcr seine Wirksamkeit bei der Pflege entz\u00fcndlicher, trockener und reifer Haut bekannt ist.<\/li>\n<li aria-level=\"1\">Elastizit\u00e4t und Regeneration: Setzen Sie die Kraft des Sacha-Inchi-\u00d6ls frei, steigern Sie die Hautelastizit\u00e4t und entfachen Sie eine starke zellregenerierende und aktivierende Wirkung.<\/li>\n<li aria-level=\"1\">Das Wunder der Inkanuss: Erleben Sie eine Ver\u00e4nderung des Hautbildes mit dem Versprechen von Sacha-Inchi-\u00d6l, das Reizungen, Entz\u00fcndungen, Allergien und Hauterkrankungen bek\u00e4mpft.<\/li>\n<li aria-level=\"1\">Feuchtigkeit und Gleichgewicht: Entdecken Sie die Magie des Sacha-Inchi-\u00d6ls, einem nat\u00fcrlichen Schutzschild gegen Austrocknung, der das empfindliche Gleichgewicht der Haut wiederherstellt und st\u00e4rkt.<\/li>\n<li aria-level=\"1\">Omega-3-reiche Brillanz: Verbessern Sie die Hautpflege mit Sacha Inchi Kosmetik\u00f6l, angereichert mit Omega 3 und Vitamin A, eine empfohlene Wahl f\u00fcr empfindliche und gereizte Haut und sch\u00fctzt gleichzeitig Haare und N\u00e4gel vor dem Austrocknen.<\/li>\n<\/ul>\n<\/div>\n<div class=\"text-wrap\"><\/div>\n","protected":false},"excerpt":{"rendered":"<div class=\"title\" style=\"color: #f1b434;\"><strong><span class=\"name\">\/ PLUKENETIA VOLUBILIS \/<\/span><\/strong><\/div>\n<p>Elevating the skin\u2019s appearance to new heights, Inca nut oil becomes a beacon of hope for those dealing with irritations, inflammations, allergies, and challenging skin conditions such as psoriasis and neurodermatitis. As a guardian against dehydration, it works harmoniously to restore and maintain the skin\u2019s natural equilibrium, nurturing a radiant and healthy complexion.<\/p>\n","protected":false},"featured_media":13365,"comment_status":"open","ping_status":"closed","template":"","meta":{"editor_notices":[]},"product_cat":[122],"product_tag":[],"yoast_head":"<!-- This site is optimized with the Yoast SEO plugin v23.5 - https:\/\/yoast.com\/wordpress\/plugins\/seo\/ -->\n<title>Bio-Sacha-Inchi-\u00d6l - Candela Organic<\/title>\n<meta name=\"description\" content=\"Erleben Sie mit Sacha-Inchi-\u00d6l eine Ver\u00e4nderung des Erscheinungsbildes Ihrer Haut und bek\u00e4mpfen Sie Allergien und Hauterkrankungen.\" \/>\n<meta name=\"robots\" content=\"index, follow, max-snippet:-1, max-image-preview:large, max-video-preview:-1\" \/>\n<link rel=\"canonical\" href=\"https:\/\/candelaorganic.com\/de\/producto\/bio-sacha-inchi-oel-2\/\" \/>\n<meta property=\"og:locale\" content=\"de_DE\" \/>\n<meta property=\"og:type\" content=\"article\" \/>\n<meta property=\"og:title\" content=\"Bio-Sacha-Inchi-\u00d6l - Candela Organic\" \/>\n<meta property=\"og:description\" content=\"Erleben Sie mit Sacha-Inchi-\u00d6l eine Ver\u00e4nderung des Erscheinungsbildes Ihrer Haut und bek\u00e4mpfen Sie Allergien und Hauterkrankungen.\" \/>\n<meta property=\"og:url\" content=\"https:\/\/candelaorganic.com\/de\/producto\/bio-sacha-inchi-oel-2\/\" \/>\n<meta property=\"og:site_name\" content=\"Candela Organic\" \/>\n<meta property=\"article:modified_time\" content=\"2025-01-28T14:47:05+00:00\" \/>\n<meta property=\"og:image\" content=\"https:\/\/candelaorganic.com\/de\/wp-content\/uploads\/sites\/14\/2024\/04\/Cover-product-image-164.webp\" \/>\n\t<meta property=\"og:image:width\" content=\"609\" \/>\n\t<meta property=\"og:image:height\" content=\"599\" \/>\n\t<meta property=\"og:image:type\" content=\"image\/webp\" \/>\n<meta name=\"twitter:card\" content=\"summary_large_image\" \/>\n<meta name=\"twitter:label1\" content=\"Gesch\u00e4tzte Lesezeit\" \/>\n\t<meta name=\"twitter:data1\" content=\"2\u00a0Minuten\" \/>\n<script type=\"application\/ld+json\" class=\"yoast-schema-graph\">{\"@context\":\"https:\/\/schema.org\",\"@graph\":[{\"@type\":\"WebPage\",\"@id\":\"https:\/\/candelaorganic.com\/de\/producto\/bio-sacha-inchi-oel-2\/\",\"url\":\"https:\/\/candelaorganic.com\/de\/producto\/bio-sacha-inchi-oel-2\/\",\"name\":\"Bio-Sacha-Inchi-\u00d6l - Candela Organic\",\"isPartOf\":{\"@id\":\"https:\/\/candelaorganic.com\/de\/#website\"},\"primaryImageOfPage\":{\"@id\":\"https:\/\/candelaorganic.com\/de\/producto\/bio-sacha-inchi-oel-2\/#primaryimage\"},\"image\":{\"@id\":\"https:\/\/candelaorganic.com\/de\/producto\/bio-sacha-inchi-oel-2\/#primaryimage\"},\"thumbnailUrl\":\"https:\/\/candelaorganic.com\/de\/wp-content\/uploads\/sites\/14\/2024\/04\/Cover-product-image-164.webp\",\"datePublished\":\"2024-04-04T17:15:18+00:00\",\"dateModified\":\"2025-01-28T14:47:05+00:00\",\"description\":\"Erleben Sie mit Sacha-Inchi-\u00d6l eine Ver\u00e4nderung des Erscheinungsbildes Ihrer Haut und bek\u00e4mpfen Sie Allergien und Hauterkrankungen.\",\"breadcrumb\":{\"@id\":\"https:\/\/candelaorganic.com\/de\/producto\/bio-sacha-inchi-oel-2\/#breadcrumb\"},\"inLanguage\":\"de\",\"potentialAction\":[{\"@type\":\"ReadAction\",\"target\":[\"https:\/\/candelaorganic.com\/de\/producto\/bio-sacha-inchi-oel-2\/\"]}]},{\"@type\":\"ImageObject\",\"inLanguage\":\"de\",\"@id\":\"https:\/\/candelaorganic.com\/de\/producto\/bio-sacha-inchi-oel-2\/#primaryimage\",\"url\":\"https:\/\/candelaorganic.com\/de\/wp-content\/uploads\/sites\/14\/2024\/04\/Cover-product-image-164.webp\",\"contentUrl\":\"https:\/\/candelaorganic.com\/de\/wp-content\/uploads\/sites\/14\/2024\/04\/Cover-product-image-164.webp\",\"width\":609,\"height\":599},{\"@type\":\"BreadcrumbList\",\"@id\":\"https:\/\/candelaorganic.com\/de\/producto\/bio-sacha-inchi-oel-2\/#breadcrumb\",\"itemListElement\":[{\"@type\":\"ListItem\",\"position\":1,\"name\":\"Produkte\",\"item\":\"https:\/\/candelaorganic.com\/de\/produkte\/\"},{\"@type\":\"ListItem\",\"position\":2,\"name\":\"Massenkosmetik und K\u00f6rperpflege\",\"item\":\"https:\/\/candelaorganic.com\/de\/tienda\/kosmetik-und-koerperpflege-grossmengen\/\"},{\"@type\":\"ListItem\",\"position\":3,\"name\":\"\u00d6le\",\"item\":\"https:\/\/candelaorganic.com\/de\/tienda\/kosmetik-und-koerperpflege-grossmengen\/oele\/\"},{\"@type\":\"ListItem\",\"position\":4,\"name\":\"Bio-Sacha-Inchi-\u00d6l\"}]},{\"@type\":\"WebSite\",\"@id\":\"https:\/\/candelaorganic.com\/de\/#website\",\"url\":\"https:\/\/candelaorganic.com\/de\/\",\"name\":\"Candela Organic\",\"description\":\"Wir erh\u00f6hen die Lebensmittelstandards\",\"publisher\":{\"@id\":\"https:\/\/candelaorganic.com\/de\/#organization\"},\"potentialAction\":[{\"@type\":\"SearchAction\",\"target\":{\"@type\":\"EntryPoint\",\"urlTemplate\":\"https:\/\/candelaorganic.com\/de\/?s={search_term_string}\"},\"query-input\":{\"@type\":\"PropertyValueSpecification\",\"valueRequired\":true,\"valueName\":\"search_term_string\"}}],\"inLanguage\":\"de\"},{\"@type\":\"Organization\",\"@id\":\"https:\/\/candelaorganic.com\/de\/#organization\",\"name\":\"Candela Organic\",\"url\":\"https:\/\/candelaorganic.com\/de\/\",\"logo\":{\"@type\":\"ImageObject\",\"inLanguage\":\"de\",\"@id\":\"https:\/\/candelaorganic.com\/de\/#\/schema\/logo\/image\/\",\"url\":\"https:\/\/candelaorganic.com\/de\/wp-content\/uploads\/sites\/14\/2024\/04\/Logotype.webp\",\"contentUrl\":\"https:\/\/candelaorganic.com\/de\/wp-content\/uploads\/sites\/14\/2024\/04\/Logotype.webp\",\"width\":256,\"height\":52,\"caption\":\"Candela Organic\"},\"image\":{\"@id\":\"https:\/\/candelaorganic.com\/de\/#\/schema\/logo\/image\/\"}}]}<\/script>\n<!-- \/ Yoast SEO plugin. -->","yoast_head_json":{"title":"Bio-Sacha-Inchi-\u00d6l - Candela Organic","description":"Erleben Sie mit Sacha-Inchi-\u00d6l eine Ver\u00e4nderung des Erscheinungsbildes Ihrer Haut und bek\u00e4mpfen Sie Allergien und Hauterkrankungen.","robots":{"index":"index","follow":"follow","max-snippet":"max-snippet:-1","max-image-preview":"max-image-preview:large","max-video-preview":"max-video-preview:-1"},"canonical":"https:\/\/candelaorganic.com\/de\/producto\/bio-sacha-inchi-oel-2\/","og_locale":"de_DE","og_type":"article","og_title":"Bio-Sacha-Inchi-\u00d6l - Candela Organic","og_description":"Erleben Sie mit Sacha-Inchi-\u00d6l eine Ver\u00e4nderung des Erscheinungsbildes Ihrer Haut und bek\u00e4mpfen Sie Allergien und Hauterkrankungen.","og_url":"https:\/\/candelaorganic.com\/de\/producto\/bio-sacha-inchi-oel-2\/","og_site_name":"Candela Organic","article_modified_time":"2025-01-28T14:47:05+00:00","og_image":[{"width":609,"height":599,"url":"https:\/\/candelaorganic.com\/de\/wp-content\/uploads\/sites\/14\/2024\/04\/Cover-product-image-164.webp","type":"image\/webp"}],"twitter_card":"summary_large_image","twitter_misc":{"Gesch\u00e4tzte Lesezeit":"2\u00a0Minuten"},"schema":{"@context":"https:\/\/schema.org","@graph":[{"@type":"WebPage","@id":"https:\/\/candelaorganic.com\/de\/producto\/bio-sacha-inchi-oel-2\/","url":"https:\/\/candelaorganic.com\/de\/producto\/bio-sacha-inchi-oel-2\/","name":"Bio-Sacha-Inchi-\u00d6l - Candela Organic","isPartOf":{"@id":"https:\/\/candelaorganic.com\/de\/#website"},"primaryImageOfPage":{"@id":"https:\/\/candelaorganic.com\/de\/producto\/bio-sacha-inchi-oel-2\/#primaryimage"},"image":{"@id":"https:\/\/candelaorganic.com\/de\/producto\/bio-sacha-inchi-oel-2\/#primaryimage"},"thumbnailUrl":"https:\/\/candelaorganic.com\/de\/wp-content\/uploads\/sites\/14\/2024\/04\/Cover-product-image-164.webp","datePublished":"2024-04-04T17:15:18+00:00","dateModified":"2025-01-28T14:47:05+00:00","description":"Erleben Sie mit Sacha-Inchi-\u00d6l eine Ver\u00e4nderung des Erscheinungsbildes Ihrer Haut und bek\u00e4mpfen Sie Allergien und Hauterkrankungen.","breadcrumb":{"@id":"https:\/\/candelaorganic.com\/de\/producto\/bio-sacha-inchi-oel-2\/#breadcrumb"},"inLanguage":"de","potentialAction":[{"@type":"ReadAction","target":["https:\/\/candelaorganic.com\/de\/producto\/bio-sacha-inchi-oel-2\/"]}]},{"@type":"ImageObject","inLanguage":"de","@id":"https:\/\/candelaorganic.com\/de\/producto\/bio-sacha-inchi-oel-2\/#primaryimage","url":"https:\/\/candelaorganic.com\/de\/wp-content\/uploads\/sites\/14\/2024\/04\/Cover-product-image-164.webp","contentUrl":"https:\/\/candelaorganic.com\/de\/wp-content\/uploads\/sites\/14\/2024\/04\/Cover-product-image-164.webp","width":609,"height":599},{"@type":"BreadcrumbList","@id":"https:\/\/candelaorganic.com\/de\/producto\/bio-sacha-inchi-oel-2\/#breadcrumb","itemListElement":[{"@type":"ListItem","position":1,"name":"Produkte","item":"https:\/\/candelaorganic.com\/de\/produkte\/"},{"@type":"ListItem","position":2,"name":"Massenkosmetik und K\u00f6rperpflege","item":"https:\/\/candelaorganic.com\/de\/tienda\/kosmetik-und-koerperpflege-grossmengen\/"},{"@type":"ListItem","position":3,"name":"\u00d6le","item":"https:\/\/candelaorganic.com\/de\/tienda\/kosmetik-und-koerperpflege-grossmengen\/oele\/"},{"@type":"ListItem","position":4,"name":"Bio-Sacha-Inchi-\u00d6l"}]},{"@type":"WebSite","@id":"https:\/\/candelaorganic.com\/de\/#website","url":"https:\/\/candelaorganic.com\/de\/","name":"Candela Organic","description":"Wir erh\u00f6hen die Lebensmittelstandards","publisher":{"@id":"https:\/\/candelaorganic.com\/de\/#organization"},"potentialAction":[{"@type":"SearchAction","target":{"@type":"EntryPoint","urlTemplate":"https:\/\/candelaorganic.com\/de\/?s={search_term_string}"},"query-input":{"@type":"PropertyValueSpecification","valueRequired":true,"valueName":"search_term_string"}}],"inLanguage":"de"},{"@type":"Organization","@id":"https:\/\/candelaorganic.com\/de\/#organization","name":"Candela Organic","url":"https:\/\/candelaorganic.com\/de\/","logo":{"@type":"ImageObject","inLanguage":"de","@id":"https:\/\/candelaorganic.com\/de\/#\/schema\/logo\/image\/","url":"https:\/\/candelaorganic.com\/de\/wp-content\/uploads\/sites\/14\/2024\/04\/Logotype.webp","contentUrl":"https:\/\/candelaorganic.com\/de\/wp-content\/uploads\/sites\/14\/2024\/04\/Logotype.webp","width":256,"height":52,"caption":"Candela Organic"},"image":{"@id":"https:\/\/candelaorganic.com\/de\/#\/schema\/logo\/image\/"}}]}},"_links":{"self":[{"href":"https:\/\/candelaorganic.com\/de\/wp-json\/wp\/v2\/product\/14275"}],"collection":[{"href":"https:\/\/candelaorganic.com\/de\/wp-json\/wp\/v2\/product"}],"about":[{"href":"https:\/\/candelaorganic.com\/de\/wp-json\/wp\/v2\/types\/product"}],"replies":[{"embeddable":true,"href":"https:\/\/candelaorganic.com\/de\/wp-json\/wp\/v2\/comments?post=14275"}],"wp:featuredmedia":[{"embeddable":true,"href":"https:\/\/candelaorganic.com\/de\/wp-json\/wp\/v2\/media\/13365"}],"wp:attachment":[{"href":"https:\/\/candelaorganic.com\/de\/wp-json\/wp\/v2\/media?parent=14275"}],"wp:term":[{"taxonomy":"product_cat","embeddable":true,"href":"https:\/\/candelaorganic.com\/de\/wp-json\/wp\/v2\/product_cat?post=14275"},{"taxonomy":"product_tag","embeddable":true,"href":"https:\/\/candelaorganic.com\/de\/wp-json\/wp\/v2\/product_tag?post=14275"}],"curies":[{"name":"wp","href":"https:\/\/api.w.org\/{rel}","templated":true}]}}