{"id":14222,"date":"2024-04-04T18:58:01","date_gmt":"2024-04-04T16:58:01","guid":{"rendered":"https:\/\/candelaorganic.com\/de\/?post_type=product&#038;p=14222"},"modified":"2025-01-28T15:26:57","modified_gmt":"2025-01-28T14:26:57","slug":"bio-paranusoel","status":"publish","type":"product","link":"https:\/\/candelaorganic.com\/de\/producto\/bio-paranusoel\/","title":{"rendered":"Bio-Paranus\u00f6l"},"content":{"rendered":"<p>Unser Paranuss\u00f6l stammt aus der Region Madre de Dios in Peru. In den Gemeinden, die sie sammeln, sind sie besser als Amazonas-N\u00fcsse bekannt, da sie in den Regenw\u00e4ldern Perus, Brasiliens und Boliviens wachsen. Die B\u00e4ume wachsen wild und geh\u00f6ren zu den Giganten des Regenwaldes \u2013 oft stehen sie Hunderte von Jahren lang hoch. Indem Sie unser \u00d6l f\u00fcr Ihre Produkte beziehen, werten Sie den Reichtum dieser unglaublichen W\u00e4lder auf.<\/p>\n<p>Jede Nussschale des brasilianischen Baumes wird w\u00e4hrend der sintflutartigen Regenzeit von Januar bis M\u00e4rz von \u00f6rtlichen Castanheiros (oder Casta\u00f1eros) gesammelt. Die Sammlung erfolgt in der Regel recht weit von den Gemeinden entfernt, daher unterst\u00fctzen wir die Castanheiros, indem wir ihre wochenlangen Ernten zinslos finanzieren. Wir stellen auch Ernteplattformen zur Verf\u00fcgung, um sicherzustellen, dass sie die gr\u00f6\u00dftm\u00f6gliche Menge an N\u00fcssen haben, indem sie sie vor starken Regenf\u00e4llen sch\u00fctzen. Die Ernte wird dann von den Castanheiros verladen und von Hand getragen, bis sie zum Transport den Fluss erreichen k\u00f6nnen. Da die wilde Ernte der Amazonas-N\u00fcsse mit dem Beginn des Schuljahres zusammenf\u00e4llt, verwenden viele das verdiente Geld f\u00fcr Schulmaterial, B\u00fccher und bezahlen bessere Lehrer.<\/p>\n<p>Paranuss\u00f6l hat eine dezente gelbe Farbe und einen s\u00fc\u00dfen, nussigen Duft, wodurch es sich hervorragend f\u00fcr K\u00f6rperpflegeprodukte eignet. Es ist leicht und einfach aufzutragen und sorgt f\u00fcr eine lang anhaltende Weichheit, die am ganzen K\u00f6rper angewendet werden kann. Es besitzt einen hohen Vitamin- und Mineralstoffgehalt, der die Hautverj\u00fcngung f\u00f6rdert. Mit einem Schmelzpunkt von 4\u00b0C wird es bei k\u00e4lteren Temperaturen halbfest.<\/p>\n<div class=\"text-wrap\">\n<p><strong><span class=\"subtitle\" style=\"color: #f1b434;\">MERKMALE UND VORTEILE<\/span><\/strong><\/p>\n<ul>\n<li aria-level=\"1\">Eine einzigartige Kombination aus \u00d6ls\u00e4ure und Vitamin E<\/li>\n<\/ul>\n<ul>\n<li aria-level=\"1\">Enth\u00e4lt Linol-, \u00d6l-, Palmitin- und Stearins\u00e4ure<\/li>\n<\/ul>\n<ul>\n<li aria-level=\"1\">Hoher Vitamin-E-Gehalt zur Verlangsamung des Alterungsprozesses und zur Bek\u00e4mpfung freier Radikale<\/li>\n<\/ul>\n<ul>\n<li aria-level=\"1\">Tiefgehend geschmeidig machend<\/li>\n<\/ul>\n<\/div>\n<div class=\"text-wrap\"><\/div>\n","protected":false},"excerpt":{"rendered":"<div class=\"title\" style=\"color: #f1b434;\"><strong><span class=\"name\">\/ BERTHOLLETIA EXCELSA \/<\/span><\/strong><\/div>\n<p>Unser \u00d6l bietet langanhaltende Weichheit und kann am ganzen K\u00f6rper angewendet werden. Mit einem hohen Vitamin- und Mineralstoffgehalt f\u00f6rdert es die Hautverj\u00fcngung, kann die Alterung verlangsamen und trockenes und gesch\u00e4digtes Haar reparieren.<\/p>\n","protected":false},"featured_media":13344,"comment_status":"open","ping_status":"closed","template":"","meta":{"editor_notices":[]},"product_cat":[122],"product_tag":[],"yoast_head":"<!-- This site is optimized with the Yoast SEO plugin v23.5 - https:\/\/yoast.com\/wordpress\/plugins\/seo\/ -->\n<title>Bio-Paranus\u00f6l - Candela Organic<\/title>\n<meta name=\"description\" content=\"Paranuss\u00f6l hat eine dezente gelbe Farbe und ein s\u00fc\u00dfes, nussiges Aroma, was es ideal f\u00fcr K\u00f6rperpflegeprodukte macht.\" \/>\n<meta name=\"robots\" content=\"index, follow, max-snippet:-1, max-image-preview:large, max-video-preview:-1\" \/>\n<link rel=\"canonical\" href=\"https:\/\/candelaorganic.com\/de\/producto\/bio-paranusoel\/\" \/>\n<meta property=\"og:locale\" content=\"de_DE\" \/>\n<meta property=\"og:type\" content=\"article\" \/>\n<meta property=\"og:title\" content=\"Bio-Paranus\u00f6l - Candela Organic\" \/>\n<meta property=\"og:description\" content=\"Paranuss\u00f6l hat eine dezente gelbe Farbe und ein s\u00fc\u00dfes, nussiges Aroma, was es ideal f\u00fcr K\u00f6rperpflegeprodukte macht.\" \/>\n<meta property=\"og:url\" content=\"https:\/\/candelaorganic.com\/de\/producto\/bio-paranusoel\/\" \/>\n<meta property=\"og:site_name\" content=\"Candela Organic\" \/>\n<meta property=\"article:modified_time\" content=\"2025-01-28T14:26:57+00:00\" \/>\n<meta property=\"og:image\" content=\"https:\/\/candelaorganic.com\/de\/wp-content\/uploads\/sites\/14\/2024\/04\/Secondary-product-image-163.webp\" \/>\n\t<meta property=\"og:image:width\" content=\"609\" \/>\n\t<meta property=\"og:image:height\" content=\"599\" \/>\n\t<meta property=\"og:image:type\" content=\"image\/webp\" \/>\n<meta name=\"twitter:card\" content=\"summary_large_image\" \/>\n<meta name=\"twitter:label1\" content=\"Gesch\u00e4tzte Lesezeit\" \/>\n\t<meta name=\"twitter:data1\" content=\"2\u00a0Minuten\" \/>\n<script type=\"application\/ld+json\" class=\"yoast-schema-graph\">{\"@context\":\"https:\/\/schema.org\",\"@graph\":[{\"@type\":\"WebPage\",\"@id\":\"https:\/\/candelaorganic.com\/de\/producto\/bio-paranusoel\/\",\"url\":\"https:\/\/candelaorganic.com\/de\/producto\/bio-paranusoel\/\",\"name\":\"Bio-Paranus\u00f6l - Candela Organic\",\"isPartOf\":{\"@id\":\"https:\/\/candelaorganic.com\/de\/#website\"},\"primaryImageOfPage\":{\"@id\":\"https:\/\/candelaorganic.com\/de\/producto\/bio-paranusoel\/#primaryimage\"},\"image\":{\"@id\":\"https:\/\/candelaorganic.com\/de\/producto\/bio-paranusoel\/#primaryimage\"},\"thumbnailUrl\":\"https:\/\/candelaorganic.com\/de\/wp-content\/uploads\/sites\/14\/2024\/04\/Secondary-product-image-163.webp\",\"datePublished\":\"2024-04-04T16:58:01+00:00\",\"dateModified\":\"2025-01-28T14:26:57+00:00\",\"description\":\"Paranuss\u00f6l hat eine dezente gelbe Farbe und ein s\u00fc\u00dfes, nussiges Aroma, was es ideal f\u00fcr K\u00f6rperpflegeprodukte macht.\",\"breadcrumb\":{\"@id\":\"https:\/\/candelaorganic.com\/de\/producto\/bio-paranusoel\/#breadcrumb\"},\"inLanguage\":\"de\",\"potentialAction\":[{\"@type\":\"ReadAction\",\"target\":[\"https:\/\/candelaorganic.com\/de\/producto\/bio-paranusoel\/\"]}]},{\"@type\":\"ImageObject\",\"inLanguage\":\"de\",\"@id\":\"https:\/\/candelaorganic.com\/de\/producto\/bio-paranusoel\/#primaryimage\",\"url\":\"https:\/\/candelaorganic.com\/de\/wp-content\/uploads\/sites\/14\/2024\/04\/Secondary-product-image-163.webp\",\"contentUrl\":\"https:\/\/candelaorganic.com\/de\/wp-content\/uploads\/sites\/14\/2024\/04\/Secondary-product-image-163.webp\",\"width\":609,\"height\":599},{\"@type\":\"BreadcrumbList\",\"@id\":\"https:\/\/candelaorganic.com\/de\/producto\/bio-paranusoel\/#breadcrumb\",\"itemListElement\":[{\"@type\":\"ListItem\",\"position\":1,\"name\":\"Produkte\",\"item\":\"https:\/\/candelaorganic.com\/de\/produkte\/\"},{\"@type\":\"ListItem\",\"position\":2,\"name\":\"Massenkosmetik und K\u00f6rperpflege\",\"item\":\"https:\/\/candelaorganic.com\/de\/tienda\/kosmetik-und-koerperpflege-grossmengen\/\"},{\"@type\":\"ListItem\",\"position\":3,\"name\":\"\u00d6le\",\"item\":\"https:\/\/candelaorganic.com\/de\/tienda\/kosmetik-und-koerperpflege-grossmengen\/oele\/\"},{\"@type\":\"ListItem\",\"position\":4,\"name\":\"Bio-Paranus\u00f6l\"}]},{\"@type\":\"WebSite\",\"@id\":\"https:\/\/candelaorganic.com\/de\/#website\",\"url\":\"https:\/\/candelaorganic.com\/de\/\",\"name\":\"Candela Organic\",\"description\":\"Wir erh\u00f6hen die Lebensmittelstandards\",\"publisher\":{\"@id\":\"https:\/\/candelaorganic.com\/de\/#organization\"},\"potentialAction\":[{\"@type\":\"SearchAction\",\"target\":{\"@type\":\"EntryPoint\",\"urlTemplate\":\"https:\/\/candelaorganic.com\/de\/?s={search_term_string}\"},\"query-input\":{\"@type\":\"PropertyValueSpecification\",\"valueRequired\":true,\"valueName\":\"search_term_string\"}}],\"inLanguage\":\"de\"},{\"@type\":\"Organization\",\"@id\":\"https:\/\/candelaorganic.com\/de\/#organization\",\"name\":\"Candela Organic\",\"url\":\"https:\/\/candelaorganic.com\/de\/\",\"logo\":{\"@type\":\"ImageObject\",\"inLanguage\":\"de\",\"@id\":\"https:\/\/candelaorganic.com\/de\/#\/schema\/logo\/image\/\",\"url\":\"https:\/\/candelaorganic.com\/de\/wp-content\/uploads\/sites\/14\/2024\/04\/Logotype.webp\",\"contentUrl\":\"https:\/\/candelaorganic.com\/de\/wp-content\/uploads\/sites\/14\/2024\/04\/Logotype.webp\",\"width\":256,\"height\":52,\"caption\":\"Candela Organic\"},\"image\":{\"@id\":\"https:\/\/candelaorganic.com\/de\/#\/schema\/logo\/image\/\"}}]}<\/script>\n<!-- \/ Yoast SEO plugin. -->","yoast_head_json":{"title":"Bio-Paranus\u00f6l - Candela Organic","description":"Paranuss\u00f6l hat eine dezente gelbe Farbe und ein s\u00fc\u00dfes, nussiges Aroma, was es ideal f\u00fcr K\u00f6rperpflegeprodukte macht.","robots":{"index":"index","follow":"follow","max-snippet":"max-snippet:-1","max-image-preview":"max-image-preview:large","max-video-preview":"max-video-preview:-1"},"canonical":"https:\/\/candelaorganic.com\/de\/producto\/bio-paranusoel\/","og_locale":"de_DE","og_type":"article","og_title":"Bio-Paranus\u00f6l - Candela Organic","og_description":"Paranuss\u00f6l hat eine dezente gelbe Farbe und ein s\u00fc\u00dfes, nussiges Aroma, was es ideal f\u00fcr K\u00f6rperpflegeprodukte macht.","og_url":"https:\/\/candelaorganic.com\/de\/producto\/bio-paranusoel\/","og_site_name":"Candela Organic","article_modified_time":"2025-01-28T14:26:57+00:00","og_image":[{"width":609,"height":599,"url":"https:\/\/candelaorganic.com\/de\/wp-content\/uploads\/sites\/14\/2024\/04\/Secondary-product-image-163.webp","type":"image\/webp"}],"twitter_card":"summary_large_image","twitter_misc":{"Gesch\u00e4tzte Lesezeit":"2\u00a0Minuten"},"schema":{"@context":"https:\/\/schema.org","@graph":[{"@type":"WebPage","@id":"https:\/\/candelaorganic.com\/de\/producto\/bio-paranusoel\/","url":"https:\/\/candelaorganic.com\/de\/producto\/bio-paranusoel\/","name":"Bio-Paranus\u00f6l - Candela Organic","isPartOf":{"@id":"https:\/\/candelaorganic.com\/de\/#website"},"primaryImageOfPage":{"@id":"https:\/\/candelaorganic.com\/de\/producto\/bio-paranusoel\/#primaryimage"},"image":{"@id":"https:\/\/candelaorganic.com\/de\/producto\/bio-paranusoel\/#primaryimage"},"thumbnailUrl":"https:\/\/candelaorganic.com\/de\/wp-content\/uploads\/sites\/14\/2024\/04\/Secondary-product-image-163.webp","datePublished":"2024-04-04T16:58:01+00:00","dateModified":"2025-01-28T14:26:57+00:00","description":"Paranuss\u00f6l hat eine dezente gelbe Farbe und ein s\u00fc\u00dfes, nussiges Aroma, was es ideal f\u00fcr K\u00f6rperpflegeprodukte macht.","breadcrumb":{"@id":"https:\/\/candelaorganic.com\/de\/producto\/bio-paranusoel\/#breadcrumb"},"inLanguage":"de","potentialAction":[{"@type":"ReadAction","target":["https:\/\/candelaorganic.com\/de\/producto\/bio-paranusoel\/"]}]},{"@type":"ImageObject","inLanguage":"de","@id":"https:\/\/candelaorganic.com\/de\/producto\/bio-paranusoel\/#primaryimage","url":"https:\/\/candelaorganic.com\/de\/wp-content\/uploads\/sites\/14\/2024\/04\/Secondary-product-image-163.webp","contentUrl":"https:\/\/candelaorganic.com\/de\/wp-content\/uploads\/sites\/14\/2024\/04\/Secondary-product-image-163.webp","width":609,"height":599},{"@type":"BreadcrumbList","@id":"https:\/\/candelaorganic.com\/de\/producto\/bio-paranusoel\/#breadcrumb","itemListElement":[{"@type":"ListItem","position":1,"name":"Produkte","item":"https:\/\/candelaorganic.com\/de\/produkte\/"},{"@type":"ListItem","position":2,"name":"Massenkosmetik und K\u00f6rperpflege","item":"https:\/\/candelaorganic.com\/de\/tienda\/kosmetik-und-koerperpflege-grossmengen\/"},{"@type":"ListItem","position":3,"name":"\u00d6le","item":"https:\/\/candelaorganic.com\/de\/tienda\/kosmetik-und-koerperpflege-grossmengen\/oele\/"},{"@type":"ListItem","position":4,"name":"Bio-Paranus\u00f6l"}]},{"@type":"WebSite","@id":"https:\/\/candelaorganic.com\/de\/#website","url":"https:\/\/candelaorganic.com\/de\/","name":"Candela Organic","description":"Wir erh\u00f6hen die Lebensmittelstandards","publisher":{"@id":"https:\/\/candelaorganic.com\/de\/#organization"},"potentialAction":[{"@type":"SearchAction","target":{"@type":"EntryPoint","urlTemplate":"https:\/\/candelaorganic.com\/de\/?s={search_term_string}"},"query-input":{"@type":"PropertyValueSpecification","valueRequired":true,"valueName":"search_term_string"}}],"inLanguage":"de"},{"@type":"Organization","@id":"https:\/\/candelaorganic.com\/de\/#organization","name":"Candela Organic","url":"https:\/\/candelaorganic.com\/de\/","logo":{"@type":"ImageObject","inLanguage":"de","@id":"https:\/\/candelaorganic.com\/de\/#\/schema\/logo\/image\/","url":"https:\/\/candelaorganic.com\/de\/wp-content\/uploads\/sites\/14\/2024\/04\/Logotype.webp","contentUrl":"https:\/\/candelaorganic.com\/de\/wp-content\/uploads\/sites\/14\/2024\/04\/Logotype.webp","width":256,"height":52,"caption":"Candela Organic"},"image":{"@id":"https:\/\/candelaorganic.com\/de\/#\/schema\/logo\/image\/"}}]}},"_links":{"self":[{"href":"https:\/\/candelaorganic.com\/de\/wp-json\/wp\/v2\/product\/14222"}],"collection":[{"href":"https:\/\/candelaorganic.com\/de\/wp-json\/wp\/v2\/product"}],"about":[{"href":"https:\/\/candelaorganic.com\/de\/wp-json\/wp\/v2\/types\/product"}],"replies":[{"embeddable":true,"href":"https:\/\/candelaorganic.com\/de\/wp-json\/wp\/v2\/comments?post=14222"}],"wp:featuredmedia":[{"embeddable":true,"href":"https:\/\/candelaorganic.com\/de\/wp-json\/wp\/v2\/media\/13344"}],"wp:attachment":[{"href":"https:\/\/candelaorganic.com\/de\/wp-json\/wp\/v2\/media?parent=14222"}],"wp:term":[{"taxonomy":"product_cat","embeddable":true,"href":"https:\/\/candelaorganic.com\/de\/wp-json\/wp\/v2\/product_cat?post=14222"},{"taxonomy":"product_tag","embeddable":true,"href":"https:\/\/candelaorganic.com\/de\/wp-json\/wp\/v2\/product_tag?post=14222"}],"curies":[{"name":"wp","href":"https:\/\/api.w.org\/{rel}","templated":true}]}}