{"id":14221,"date":"2024-04-04T18:37:58","date_gmt":"2024-04-04T16:37:58","guid":{"rendered":"https:\/\/candelaorganic.com\/de\/?post_type=product&#038;p=14221"},"modified":"2024-07-17T23:09:03","modified_gmt":"2024-07-17T21:09:03","slug":"geroestete-bio-brasiliennuesse-mit-salz","status":"publish","type":"product","link":"https:\/\/candelaorganic.com\/de\/producto\/geroestete-bio-brasiliennuesse-mit-salz\/","title":{"rendered":"Ger\u00f6stete Bio-Brasilienn\u00fcsse mit Salz"},"content":{"rendered":"<p>Genie\u00dfen Sie den exquisiten Geschmack und die gesundheitlichen Vorteile unserer ger\u00f6steten Bio-Brasilienn\u00fcsse mit Salz. Diese sorgf\u00e4ltig zubereiteten N\u00fcsse sind eine reichhaltige Quelle von Antioxidantien und enthalten die essentiellen Vitamine B1 und B6 zur Unterst\u00fctzung eines gesunden Nervensystems. Angereichert mit Selen, einem bekannten immunst\u00e4rkenden Mineral, das die Produktion wei\u00dfer Blutk\u00f6rperchen anregt, sind diese N\u00fcsse ein nat\u00fcrlicher Schutz f\u00fcr Ihren K\u00f6rper. Der zus\u00e4tzliche Vorteil von Magnesium, das den Muskelaufbau und die Blutdruckregulierung unterst\u00fctzt, steigert Ihr Wohlbefinden. Integrieren Sie diese schmackhaften und nahrhaften N\u00fcsse in Ihre Ern\u00e4hrung, um einen ganzheitlichen Ansatz f\u00fcr Vitalit\u00e4t und Ausgeglichenheit zu verfolgen.<\/p>\n<div><\/div>\n<div class=\"text-wrap\">\n<p><span class=\"subtitle\" style=\"color: #f1b434;\"><strong>MERKMALE UND VORTEILE<\/strong><\/span><\/p>\n<ul>\n<li>Ger\u00f6stete Bio-Brasilienn\u00fcsse mit Salz: Erleben Sie die k\u00f6stliche Verschmelzung von Geschmack und Wellness in unseren sorgf\u00e4ltig zubereiteten N\u00fcssen.<\/li>\n<li>Antioxidantien-reiche G\u00fcte: Genie\u00dfen Sie den nat\u00fcrlichen Reichtum an Antioxidantien und essentiellen Vitaminen B1 und B6, die ein robustes Nervensystem unterst\u00fctzen.<\/li>\n<li>Immunst\u00e4rkendes Selen: Erh\u00f6hen Sie die Abwehrkr\u00e4fte Ihres K\u00f6rpers mit Selen, einem bekannten Mineral, das die Produktion wei\u00dfer Blutk\u00f6rperchen f\u00f6rdert.<\/li>\n<li>Muskelaufbau und Blutdruck: Profitieren Sie von dem Magnesiumgehalt, der ein gesundes Muskelwachstum f\u00f6rdert und zur Regulierung des Blutdrucks beitr\u00e4gt.<\/li>\n<li>Ganzheitliches Wohlbefinden: Genie\u00dfen Sie den exquisiten Geschmack und die ern\u00e4hrungsphysiologischen Vorteile unserer ger\u00f6steten Bio-Brasiln\u00fcsse mit Salz.<\/li>\n<li>Zutaten: Paranuss in Scheiben geschnitten mit Salz.<\/li>\n<\/ul>\n<\/div>\n<div class=\"text-wrap\"><span class=\"subtitle\" style=\"color: #f1b434;\"><strong><span class=\"subtitle\">RECOMENDACIONES<\/span><\/strong><\/span><\/div>\n<div>\n<ul>\n<li>Essen Sie sie einzeln als Snack.<\/li>\n<li>Kombinieren Sie sie mit Ihrem M\u00fcsli!<\/li>\n<li>Geben Sie sie in einen Salat oder in die So\u00dfe einer Pizza.<\/li>\n<\/ul>\n<p>Denken Sie immer in Ma\u00dfen daran!<\/p>\n<p><span class=\"subtitle\" style=\"color: #f1b434;\"><strong><span class=\"subtitle\">PR\u00c4SENTATIONEN<\/span><\/strong><\/span><\/p>\n<\/div>\n<ul>\n<li>Kastanien mit Salz 100g 1 Einheit<\/li>\n<li>Kastanien mit Salz 20g Box 16 Einheiten<\/li>\n<\/ul>\n","protected":false},"excerpt":{"rendered":"<div class=\"title\">\n<div class=\"title\">\n<div class=\"title\">\n<div class=\"title\">\n<div class=\"title\"><span class=\"name\" style=\"color: #f1b434;\"><strong> \/ BERTHOLLETIA EXCELSA \/<\/strong><\/span><\/div>\n<\/div>\n<\/div>\n<\/div>\n<div>Entdecken Sie den Bio-Genuss von ger\u00f6steten Bio-Paran\u00fcssen mit Salz, einem Kraftpaket an N\u00e4hrstoffen mit Antioxidantien und den essentiellen Vitaminen B1 und B6, die zur Erhaltung eines robusten Nervensystems beitragen. Diese N\u00fcsse sind reich an Selen, einem Mineralstoff, der das Immunsystem durch eine erh\u00f6hte Produktion wei\u00dfer Blutk\u00f6rperchen st\u00e4rkt und die Abwehrmechanismen des K\u00f6rpers aktiv unterst\u00fctzt. Dar\u00fcber hinaus f\u00f6rdert ihr Magnesiumgehalt das Muskelwachstum und das Gleichgewicht des Blutdrucks, was sie zu einer schmackhaften und nahrhaften Option f\u00fcr ganzheitliches Wohlbefinden macht.<\/div>\n<\/div>\n","protected":false},"featured_media":13226,"comment_status":"open","ping_status":"closed","template":"","meta":{"editor_notices":[]},"product_cat":[117],"product_tag":[],"yoast_head":"<!-- This site is optimized with the Yoast SEO plugin v23.5 - https:\/\/yoast.com\/wordpress\/plugins\/seo\/ -->\n<title>Ger\u00f6stete Bio-Brasilienn\u00fcsse mit Salz - Candela Organic<\/title>\n<meta name=\"description\" content=\"Erfreuen Sie sich am exquisiten Geschmack und den gesundheitlichen Vorteilen unserer Bio-Salzkastanien f\u00fcr das Nervensystem.\" \/>\n<meta name=\"robots\" content=\"index, follow, max-snippet:-1, max-image-preview:large, max-video-preview:-1\" \/>\n<link rel=\"canonical\" href=\"https:\/\/candelaorganic.com\/de\/producto\/geroestete-bio-brasiliennuesse-mit-salz\/\" \/>\n<meta property=\"og:locale\" content=\"de_DE\" \/>\n<meta property=\"og:type\" content=\"article\" \/>\n<meta property=\"og:title\" content=\"Ger\u00f6stete Bio-Brasilienn\u00fcsse mit Salz - Candela Organic\" \/>\n<meta property=\"og:description\" content=\"Erfreuen Sie sich am exquisiten Geschmack und den gesundheitlichen Vorteilen unserer Bio-Salzkastanien f\u00fcr das Nervensystem.\" \/>\n<meta property=\"og:url\" content=\"https:\/\/candelaorganic.com\/de\/producto\/geroestete-bio-brasiliennuesse-mit-salz\/\" \/>\n<meta property=\"og:site_name\" content=\"Candela Organic\" \/>\n<meta property=\"article:modified_time\" content=\"2024-07-17T21:09:03+00:00\" \/>\n<meta property=\"og:image\" content=\"https:\/\/candelaorganic.com\/de\/wp-content\/uploads\/sites\/14\/2024\/04\/Cover-product-image-152.webp\" \/>\n\t<meta property=\"og:image:width\" content=\"609\" \/>\n\t<meta property=\"og:image:height\" content=\"599\" \/>\n\t<meta property=\"og:image:type\" content=\"image\/webp\" \/>\n<meta name=\"twitter:card\" content=\"summary_large_image\" \/>\n<meta name=\"twitter:label1\" content=\"Gesch\u00e4tzte Lesezeit\" \/>\n\t<meta name=\"twitter:data1\" content=\"2\u00a0Minuten\" \/>\n<script type=\"application\/ld+json\" class=\"yoast-schema-graph\">{\"@context\":\"https:\/\/schema.org\",\"@graph\":[{\"@type\":\"WebPage\",\"@id\":\"https:\/\/candelaorganic.com\/de\/producto\/geroestete-bio-brasiliennuesse-mit-salz\/\",\"url\":\"https:\/\/candelaorganic.com\/de\/producto\/geroestete-bio-brasiliennuesse-mit-salz\/\",\"name\":\"Ger\u00f6stete Bio-Brasilienn\u00fcsse mit Salz - Candela Organic\",\"isPartOf\":{\"@id\":\"https:\/\/candelaorganic.com\/de\/#website\"},\"primaryImageOfPage\":{\"@id\":\"https:\/\/candelaorganic.com\/de\/producto\/geroestete-bio-brasiliennuesse-mit-salz\/#primaryimage\"},\"image\":{\"@id\":\"https:\/\/candelaorganic.com\/de\/producto\/geroestete-bio-brasiliennuesse-mit-salz\/#primaryimage\"},\"thumbnailUrl\":\"https:\/\/candelaorganic.com\/de\/wp-content\/uploads\/sites\/14\/2024\/04\/Cover-product-image-152.webp\",\"datePublished\":\"2024-04-04T16:37:58+00:00\",\"dateModified\":\"2024-07-17T21:09:03+00:00\",\"description\":\"Erfreuen Sie sich am exquisiten Geschmack und den gesundheitlichen Vorteilen unserer Bio-Salzkastanien f\u00fcr das Nervensystem.\",\"breadcrumb\":{\"@id\":\"https:\/\/candelaorganic.com\/de\/producto\/geroestete-bio-brasiliennuesse-mit-salz\/#breadcrumb\"},\"inLanguage\":\"de\",\"potentialAction\":[{\"@type\":\"ReadAction\",\"target\":[\"https:\/\/candelaorganic.com\/de\/producto\/geroestete-bio-brasiliennuesse-mit-salz\/\"]}]},{\"@type\":\"ImageObject\",\"inLanguage\":\"de\",\"@id\":\"https:\/\/candelaorganic.com\/de\/producto\/geroestete-bio-brasiliennuesse-mit-salz\/#primaryimage\",\"url\":\"https:\/\/candelaorganic.com\/de\/wp-content\/uploads\/sites\/14\/2024\/04\/Cover-product-image-152.webp\",\"contentUrl\":\"https:\/\/candelaorganic.com\/de\/wp-content\/uploads\/sites\/14\/2024\/04\/Cover-product-image-152.webp\",\"width\":609,\"height\":599},{\"@type\":\"BreadcrumbList\",\"@id\":\"https:\/\/candelaorganic.com\/de\/producto\/geroestete-bio-brasiliennuesse-mit-salz\/#breadcrumb\",\"itemListElement\":[{\"@type\":\"ListItem\",\"position\":1,\"name\":\"Produkte\",\"item\":\"https:\/\/candelaorganic.com\/de\/produkte\/\"},{\"@type\":\"ListItem\",\"position\":2,\"name\":\"Lebensmitteleinzelhandel\",\"item\":\"https:\/\/candelaorganic.com\/de\/tienda\/lebensmittel-einzelhandel\/\"},{\"@type\":\"ListItem\",\"position\":3,\"name\":\"Snacks\",\"item\":\"https:\/\/candelaorganic.com\/de\/tienda\/lebensmittel-einzelhandel\/snacks-einzelhandel\/\"},{\"@type\":\"ListItem\",\"position\":4,\"name\":\"Waln\u00fcsse\",\"item\":\"https:\/\/candelaorganic.com\/de\/tienda\/lebensmittel-einzelhandel\/snacks-einzelhandel\/snacks-nuesse\/\"},{\"@type\":\"ListItem\",\"position\":5,\"name\":\"Ger\u00f6stete Bio-Brasilienn\u00fcsse mit Salz\"}]},{\"@type\":\"WebSite\",\"@id\":\"https:\/\/candelaorganic.com\/de\/#website\",\"url\":\"https:\/\/candelaorganic.com\/de\/\",\"name\":\"Candela Organic\",\"description\":\"Wir erh\u00f6hen die Lebensmittelstandards\",\"publisher\":{\"@id\":\"https:\/\/candelaorganic.com\/de\/#organization\"},\"potentialAction\":[{\"@type\":\"SearchAction\",\"target\":{\"@type\":\"EntryPoint\",\"urlTemplate\":\"https:\/\/candelaorganic.com\/de\/?s={search_term_string}\"},\"query-input\":{\"@type\":\"PropertyValueSpecification\",\"valueRequired\":true,\"valueName\":\"search_term_string\"}}],\"inLanguage\":\"de\"},{\"@type\":\"Organization\",\"@id\":\"https:\/\/candelaorganic.com\/de\/#organization\",\"name\":\"Candela Organic\",\"url\":\"https:\/\/candelaorganic.com\/de\/\",\"logo\":{\"@type\":\"ImageObject\",\"inLanguage\":\"de\",\"@id\":\"https:\/\/candelaorganic.com\/de\/#\/schema\/logo\/image\/\",\"url\":\"https:\/\/candelaorganic.com\/de\/wp-content\/uploads\/sites\/14\/2024\/04\/Logotype.webp\",\"contentUrl\":\"https:\/\/candelaorganic.com\/de\/wp-content\/uploads\/sites\/14\/2024\/04\/Logotype.webp\",\"width\":256,\"height\":52,\"caption\":\"Candela Organic\"},\"image\":{\"@id\":\"https:\/\/candelaorganic.com\/de\/#\/schema\/logo\/image\/\"}}]}<\/script>\n<!-- \/ Yoast SEO plugin. -->","yoast_head_json":{"title":"Ger\u00f6stete Bio-Brasilienn\u00fcsse mit Salz - Candela Organic","description":"Erfreuen Sie sich am exquisiten Geschmack und den gesundheitlichen Vorteilen unserer Bio-Salzkastanien f\u00fcr das Nervensystem.","robots":{"index":"index","follow":"follow","max-snippet":"max-snippet:-1","max-image-preview":"max-image-preview:large","max-video-preview":"max-video-preview:-1"},"canonical":"https:\/\/candelaorganic.com\/de\/producto\/geroestete-bio-brasiliennuesse-mit-salz\/","og_locale":"de_DE","og_type":"article","og_title":"Ger\u00f6stete Bio-Brasilienn\u00fcsse mit Salz - Candela Organic","og_description":"Erfreuen Sie sich am exquisiten Geschmack und den gesundheitlichen Vorteilen unserer Bio-Salzkastanien f\u00fcr das Nervensystem.","og_url":"https:\/\/candelaorganic.com\/de\/producto\/geroestete-bio-brasiliennuesse-mit-salz\/","og_site_name":"Candela Organic","article_modified_time":"2024-07-17T21:09:03+00:00","og_image":[{"width":609,"height":599,"url":"https:\/\/candelaorganic.com\/de\/wp-content\/uploads\/sites\/14\/2024\/04\/Cover-product-image-152.webp","type":"image\/webp"}],"twitter_card":"summary_large_image","twitter_misc":{"Gesch\u00e4tzte Lesezeit":"2\u00a0Minuten"},"schema":{"@context":"https:\/\/schema.org","@graph":[{"@type":"WebPage","@id":"https:\/\/candelaorganic.com\/de\/producto\/geroestete-bio-brasiliennuesse-mit-salz\/","url":"https:\/\/candelaorganic.com\/de\/producto\/geroestete-bio-brasiliennuesse-mit-salz\/","name":"Ger\u00f6stete Bio-Brasilienn\u00fcsse mit Salz - Candela Organic","isPartOf":{"@id":"https:\/\/candelaorganic.com\/de\/#website"},"primaryImageOfPage":{"@id":"https:\/\/candelaorganic.com\/de\/producto\/geroestete-bio-brasiliennuesse-mit-salz\/#primaryimage"},"image":{"@id":"https:\/\/candelaorganic.com\/de\/producto\/geroestete-bio-brasiliennuesse-mit-salz\/#primaryimage"},"thumbnailUrl":"https:\/\/candelaorganic.com\/de\/wp-content\/uploads\/sites\/14\/2024\/04\/Cover-product-image-152.webp","datePublished":"2024-04-04T16:37:58+00:00","dateModified":"2024-07-17T21:09:03+00:00","description":"Erfreuen Sie sich am exquisiten Geschmack und den gesundheitlichen Vorteilen unserer Bio-Salzkastanien f\u00fcr das Nervensystem.","breadcrumb":{"@id":"https:\/\/candelaorganic.com\/de\/producto\/geroestete-bio-brasiliennuesse-mit-salz\/#breadcrumb"},"inLanguage":"de","potentialAction":[{"@type":"ReadAction","target":["https:\/\/candelaorganic.com\/de\/producto\/geroestete-bio-brasiliennuesse-mit-salz\/"]}]},{"@type":"ImageObject","inLanguage":"de","@id":"https:\/\/candelaorganic.com\/de\/producto\/geroestete-bio-brasiliennuesse-mit-salz\/#primaryimage","url":"https:\/\/candelaorganic.com\/de\/wp-content\/uploads\/sites\/14\/2024\/04\/Cover-product-image-152.webp","contentUrl":"https:\/\/candelaorganic.com\/de\/wp-content\/uploads\/sites\/14\/2024\/04\/Cover-product-image-152.webp","width":609,"height":599},{"@type":"BreadcrumbList","@id":"https:\/\/candelaorganic.com\/de\/producto\/geroestete-bio-brasiliennuesse-mit-salz\/#breadcrumb","itemListElement":[{"@type":"ListItem","position":1,"name":"Produkte","item":"https:\/\/candelaorganic.com\/de\/produkte\/"},{"@type":"ListItem","position":2,"name":"Lebensmitteleinzelhandel","item":"https:\/\/candelaorganic.com\/de\/tienda\/lebensmittel-einzelhandel\/"},{"@type":"ListItem","position":3,"name":"Snacks","item":"https:\/\/candelaorganic.com\/de\/tienda\/lebensmittel-einzelhandel\/snacks-einzelhandel\/"},{"@type":"ListItem","position":4,"name":"Waln\u00fcsse","item":"https:\/\/candelaorganic.com\/de\/tienda\/lebensmittel-einzelhandel\/snacks-einzelhandel\/snacks-nuesse\/"},{"@type":"ListItem","position":5,"name":"Ger\u00f6stete Bio-Brasilienn\u00fcsse mit Salz"}]},{"@type":"WebSite","@id":"https:\/\/candelaorganic.com\/de\/#website","url":"https:\/\/candelaorganic.com\/de\/","name":"Candela Organic","description":"Wir erh\u00f6hen die Lebensmittelstandards","publisher":{"@id":"https:\/\/candelaorganic.com\/de\/#organization"},"potentialAction":[{"@type":"SearchAction","target":{"@type":"EntryPoint","urlTemplate":"https:\/\/candelaorganic.com\/de\/?s={search_term_string}"},"query-input":{"@type":"PropertyValueSpecification","valueRequired":true,"valueName":"search_term_string"}}],"inLanguage":"de"},{"@type":"Organization","@id":"https:\/\/candelaorganic.com\/de\/#organization","name":"Candela Organic","url":"https:\/\/candelaorganic.com\/de\/","logo":{"@type":"ImageObject","inLanguage":"de","@id":"https:\/\/candelaorganic.com\/de\/#\/schema\/logo\/image\/","url":"https:\/\/candelaorganic.com\/de\/wp-content\/uploads\/sites\/14\/2024\/04\/Logotype.webp","contentUrl":"https:\/\/candelaorganic.com\/de\/wp-content\/uploads\/sites\/14\/2024\/04\/Logotype.webp","width":256,"height":52,"caption":"Candela Organic"},"image":{"@id":"https:\/\/candelaorganic.com\/de\/#\/schema\/logo\/image\/"}}]}},"_links":{"self":[{"href":"https:\/\/candelaorganic.com\/de\/wp-json\/wp\/v2\/product\/14221"}],"collection":[{"href":"https:\/\/candelaorganic.com\/de\/wp-json\/wp\/v2\/product"}],"about":[{"href":"https:\/\/candelaorganic.com\/de\/wp-json\/wp\/v2\/types\/product"}],"replies":[{"embeddable":true,"href":"https:\/\/candelaorganic.com\/de\/wp-json\/wp\/v2\/comments?post=14221"}],"wp:featuredmedia":[{"embeddable":true,"href":"https:\/\/candelaorganic.com\/de\/wp-json\/wp\/v2\/media\/13226"}],"wp:attachment":[{"href":"https:\/\/candelaorganic.com\/de\/wp-json\/wp\/v2\/media?parent=14221"}],"wp:term":[{"taxonomy":"product_cat","embeddable":true,"href":"https:\/\/candelaorganic.com\/de\/wp-json\/wp\/v2\/product_cat?post=14221"},{"taxonomy":"product_tag","embeddable":true,"href":"https:\/\/candelaorganic.com\/de\/wp-json\/wp\/v2\/product_tag?post=14221"}],"curies":[{"name":"wp","href":"https:\/\/api.w.org\/{rel}","templated":true}]}}