{"id":14219,"date":"2024-04-04T18:35:28","date_gmt":"2024-04-04T16:35:28","guid":{"rendered":"https:\/\/candelaorganic.com\/de\/?post_type=product&#038;p=14219"},"modified":"2024-07-17T23:07:56","modified_gmt":"2024-07-17T21:07:56","slug":"geroestete-paranuesse-mit-bio-basilikum","status":"publish","type":"product","link":"https:\/\/candelaorganic.com\/de\/producto\/geroestete-paranuesse-mit-bio-basilikum\/","title":{"rendered":"Ger\u00f6stete Paran\u00fcsse mit Bio-Basilikum"},"content":{"rendered":"<p>Erleben Sie die exquisite Geschmacksmischung unserer ger\u00f6steten Bio-Brasilienn\u00fcsse mit feinen Kr\u00e4utern. Diese N\u00fcsse sind eine nat\u00fcrliche Quelle von Antioxidantien und essentiellen Vitaminen B1 und B6, die ein gesundes Nervensystem und allgemeines Wohlbefinden f\u00f6rdern. Paran\u00fcsse sind bekannt f\u00fcr ihren Selengehalt, der die Immunfunktion st\u00e4rkt, indem er die Produktion wei\u00dfer Blutk\u00f6rperchen anregt. Au\u00dferdem unterst\u00fctzt das enthaltene Magnesium den Muskelaufbau und hilft bei der Regulierung des Blutdrucks. Nehmen Sie diese nahrhaften N\u00fcsse in Ihre Ern\u00e4hrung auf, um eine k\u00f6stliche und gesundheitsbewusste Option zu erhalten, die zur Vitalit\u00e4t und zum Gleichgewicht Ihres K\u00f6rpers beitr\u00e4gt.<\/p>\n<div><\/div>\n<div class=\"text-wrap\">\n<p><span class=\"subtitle\" style=\"color: #f1b434;\"><span class=\"subtitle\" style=\"color: #f1b434;\"><strong>MERKMALE UND VORTEILE<\/strong><\/span><\/span><\/p>\n<ul>\n<li>N\u00e4hrstoffreicher Reichtum entfesselt: Erfreuen Sie sich an der F\u00fclle von Antioxidantien, den lebenswichtigen Vitaminen B1 und B6 und Selen, die in den ger\u00f6steten Bio-Brasiln\u00fcssen mit feinen Kr\u00e4utern enthalten sind und die Ihrem Nervensystem und Ihrer Immunit\u00e4t zugute kommen.<\/li>\n<li>St\u00e4rkung des Immunsystems: Steigern Sie Ihr Wohlbefinden mit dem hohen Selengehalt in Paran\u00fcssen, einem Mineralstoff, von dem bekannt ist, dass er das Immunsystem st\u00e4rkt, indem er die Produktion wei\u00dfer Blutk\u00f6rperchen anregt.<\/li>\n<li>Harmonie von Muskeln und Druck: Genie\u00dfen Sie das gute Magnesium in Paran\u00fcssen, das f\u00fcr eine optimale Muskelentwicklung und die Aufrechterhaltung eines gesunden Blutdrucks unerl\u00e4sslich ist.<\/li>\n<li>Wohlschmeckende Wellness-Fusion: Genie\u00dfen Sie das geschmackliche Erlebnis unserer ger\u00f6steten Bio-N\u00fcsse mit feinen Kr\u00e4utern \u2013 eine k\u00f6stliche und gesundheitsbewusste Wahl, die zur Vitalit\u00e4t Ihres K\u00f6rpers beitr\u00e4gt.<\/li>\n<li>N\u00e4hrstoffliche Balance: Indem Sie ger\u00f6stete Bio-Paran\u00fcsse mit feinen Kr\u00e4utern in Ihre Ern\u00e4hrung integrieren, bringen Sie Geschmack und Gesundheit in Einklang und f\u00f6rdern so das allgemeine Gleichgewicht und die Vitalit\u00e4t.<\/li>\n<li>Zutaten: In Scheiben geschnittene Paran\u00fcsse mit Rosmarin, Basilikum und Salz<\/li>\n<\/ul>\n<\/div>\n<p>&nbsp;<\/p>\n<p><span class=\"subtitle\" style=\"color: #f1b434;\"><strong>EMPFEHLUNGEN<\/strong><\/span><\/p>\n<ul>\n<li>Essen Sie sie einzeln als Snack.<\/li>\n<li>Kombinieren Sie sie mit Ihrem M\u00fcsli!<\/li>\n<li>F\u00fcgen Sie sie in einen Salat ein.<\/li>\n<\/ul>\n<p>Denken Sie immer in Ma\u00dfen daran!<\/p>\n<p>&nbsp;<\/p>\n<div class=\"text-wrap\">\n<p><span class=\"subtitle\" style=\"color: #f1b434;\"><strong>PR\u00c4SENTATIONEN<\/strong><\/span><\/p>\n<ul>\n<li>Kastanien mit feinen Kr\u00e4utern 100g 1 Einheit<\/li>\n<li>Kastanien mit feinen Kr\u00e4utern 20g Schachtel mit 16 Einheiten<\/li>\n<\/ul>\n<\/div>\n","protected":false},"excerpt":{"rendered":"<div class=\"title\">\n<div class=\"title\">\n<div class=\"title\">\n<div class=\"title\">\n<div class=\"title\"><span class=\"name\" style=\"color: #f1b434;\"><strong>\/ BERTHOLLETIA EXCELSA &amp; OCIMUN BASILICUM \/<\/strong><\/span><\/div>\n<p>Entdecken Sie die biologische G\u00fcte der ger\u00f6steten Paran\u00fcsse mit feinen Kr\u00e4utern, die eine F\u00fclle von Antioxidantien und essentiellen Vitaminen B1 und B6 zur Unterst\u00fctzung eines gesunden Nervensystems enthalten. Diese N\u00fcsse sind vollgepackt mit Selen, einem Mineralstoff, der daf\u00fcr bekannt ist, das Immunsystem zu st\u00e4rken, indem er die Produktion wei\u00dfer Blutk\u00f6rperchen ankurbelt, und tragen so zu den Abwehrmechanismen Ihres K\u00f6rpers bei. Dar\u00fcber hinaus f\u00f6rdert der Magnesiumgehalt den Muskelaufbau und die Blutdruckregulierung, was diese N\u00fcsse zu einer schmackhaften und nahrhaften Wahl f\u00fcr das allgemeine Wohlbefinden macht.<\/p>\n<\/div>\n<\/div>\n<\/div>\n<\/div>\n","protected":false},"featured_media":13191,"comment_status":"open","ping_status":"closed","template":"","meta":{"editor_notices":[]},"product_cat":[117],"product_tag":[],"yoast_head":"<!-- This site is optimized with the Yoast SEO plugin v23.5 - https:\/\/yoast.com\/wordpress\/plugins\/seo\/ -->\n<title>Ger\u00f6stete Paran\u00fcsse mit Bio-Basilikum - Candela Organic<\/title>\n<meta name=\"description\" content=\"Erleben Sie die exquisite Geschmacksmischung unserer ger\u00f6steten Bio-Kastanien mit feinen nat\u00fcrlichen Kr\u00e4utern, Antioxidantien und essentiellen Vitaminen.\" \/>\n<meta name=\"robots\" content=\"index, follow, max-snippet:-1, max-image-preview:large, max-video-preview:-1\" \/>\n<link rel=\"canonical\" href=\"https:\/\/candelaorganic.com\/de\/producto\/geroestete-paranuesse-mit-bio-basilikum\/\" \/>\n<meta property=\"og:locale\" content=\"de_DE\" \/>\n<meta property=\"og:type\" content=\"article\" \/>\n<meta property=\"og:title\" content=\"Ger\u00f6stete Paran\u00fcsse mit Bio-Basilikum - Candela Organic\" \/>\n<meta property=\"og:description\" content=\"Erleben Sie die exquisite Geschmacksmischung unserer ger\u00f6steten Bio-Kastanien mit feinen nat\u00fcrlichen Kr\u00e4utern, Antioxidantien und essentiellen Vitaminen.\" \/>\n<meta property=\"og:url\" content=\"https:\/\/candelaorganic.com\/de\/producto\/geroestete-paranuesse-mit-bio-basilikum\/\" \/>\n<meta property=\"og:site_name\" content=\"Candela Organic\" \/>\n<meta property=\"article:modified_time\" content=\"2024-07-17T21:07:56+00:00\" \/>\n<meta property=\"og:image\" content=\"https:\/\/candelaorganic.com\/de\/wp-content\/uploads\/sites\/14\/2024\/04\/Cover-product-image-150.webp\" \/>\n\t<meta property=\"og:image:width\" content=\"609\" \/>\n\t<meta property=\"og:image:height\" content=\"599\" \/>\n\t<meta property=\"og:image:type\" content=\"image\/webp\" \/>\n<meta name=\"twitter:card\" content=\"summary_large_image\" \/>\n<meta name=\"twitter:label1\" content=\"Gesch\u00e4tzte Lesezeit\" \/>\n\t<meta name=\"twitter:data1\" content=\"2\u00a0Minuten\" \/>\n<script type=\"application\/ld+json\" class=\"yoast-schema-graph\">{\"@context\":\"https:\/\/schema.org\",\"@graph\":[{\"@type\":\"WebPage\",\"@id\":\"https:\/\/candelaorganic.com\/de\/producto\/geroestete-paranuesse-mit-bio-basilikum\/\",\"url\":\"https:\/\/candelaorganic.com\/de\/producto\/geroestete-paranuesse-mit-bio-basilikum\/\",\"name\":\"Ger\u00f6stete Paran\u00fcsse mit Bio-Basilikum - Candela Organic\",\"isPartOf\":{\"@id\":\"https:\/\/candelaorganic.com\/de\/#website\"},\"primaryImageOfPage\":{\"@id\":\"https:\/\/candelaorganic.com\/de\/producto\/geroestete-paranuesse-mit-bio-basilikum\/#primaryimage\"},\"image\":{\"@id\":\"https:\/\/candelaorganic.com\/de\/producto\/geroestete-paranuesse-mit-bio-basilikum\/#primaryimage\"},\"thumbnailUrl\":\"https:\/\/candelaorganic.com\/de\/wp-content\/uploads\/sites\/14\/2024\/04\/Cover-product-image-150.webp\",\"datePublished\":\"2024-04-04T16:35:28+00:00\",\"dateModified\":\"2024-07-17T21:07:56+00:00\",\"description\":\"Erleben Sie die exquisite Geschmacksmischung unserer ger\u00f6steten Bio-Kastanien mit feinen nat\u00fcrlichen Kr\u00e4utern, Antioxidantien und essentiellen Vitaminen.\",\"breadcrumb\":{\"@id\":\"https:\/\/candelaorganic.com\/de\/producto\/geroestete-paranuesse-mit-bio-basilikum\/#breadcrumb\"},\"inLanguage\":\"de\",\"potentialAction\":[{\"@type\":\"ReadAction\",\"target\":[\"https:\/\/candelaorganic.com\/de\/producto\/geroestete-paranuesse-mit-bio-basilikum\/\"]}]},{\"@type\":\"ImageObject\",\"inLanguage\":\"de\",\"@id\":\"https:\/\/candelaorganic.com\/de\/producto\/geroestete-paranuesse-mit-bio-basilikum\/#primaryimage\",\"url\":\"https:\/\/candelaorganic.com\/de\/wp-content\/uploads\/sites\/14\/2024\/04\/Cover-product-image-150.webp\",\"contentUrl\":\"https:\/\/candelaorganic.com\/de\/wp-content\/uploads\/sites\/14\/2024\/04\/Cover-product-image-150.webp\",\"width\":609,\"height\":599},{\"@type\":\"BreadcrumbList\",\"@id\":\"https:\/\/candelaorganic.com\/de\/producto\/geroestete-paranuesse-mit-bio-basilikum\/#breadcrumb\",\"itemListElement\":[{\"@type\":\"ListItem\",\"position\":1,\"name\":\"Produkte\",\"item\":\"https:\/\/candelaorganic.com\/de\/produkte\/\"},{\"@type\":\"ListItem\",\"position\":2,\"name\":\"Lebensmitteleinzelhandel\",\"item\":\"https:\/\/candelaorganic.com\/de\/tienda\/lebensmittel-einzelhandel\/\"},{\"@type\":\"ListItem\",\"position\":3,\"name\":\"Snacks\",\"item\":\"https:\/\/candelaorganic.com\/de\/tienda\/lebensmittel-einzelhandel\/snacks-einzelhandel\/\"},{\"@type\":\"ListItem\",\"position\":4,\"name\":\"Waln\u00fcsse\",\"item\":\"https:\/\/candelaorganic.com\/de\/tienda\/lebensmittel-einzelhandel\/snacks-einzelhandel\/snacks-nuesse\/\"},{\"@type\":\"ListItem\",\"position\":5,\"name\":\"Ger\u00f6stete Paran\u00fcsse mit Bio-Basilikum\"}]},{\"@type\":\"WebSite\",\"@id\":\"https:\/\/candelaorganic.com\/de\/#website\",\"url\":\"https:\/\/candelaorganic.com\/de\/\",\"name\":\"Candela Organic\",\"description\":\"Wir erh\u00f6hen die Lebensmittelstandards\",\"publisher\":{\"@id\":\"https:\/\/candelaorganic.com\/de\/#organization\"},\"potentialAction\":[{\"@type\":\"SearchAction\",\"target\":{\"@type\":\"EntryPoint\",\"urlTemplate\":\"https:\/\/candelaorganic.com\/de\/?s={search_term_string}\"},\"query-input\":{\"@type\":\"PropertyValueSpecification\",\"valueRequired\":true,\"valueName\":\"search_term_string\"}}],\"inLanguage\":\"de\"},{\"@type\":\"Organization\",\"@id\":\"https:\/\/candelaorganic.com\/de\/#organization\",\"name\":\"Candela Organic\",\"url\":\"https:\/\/candelaorganic.com\/de\/\",\"logo\":{\"@type\":\"ImageObject\",\"inLanguage\":\"de\",\"@id\":\"https:\/\/candelaorganic.com\/de\/#\/schema\/logo\/image\/\",\"url\":\"https:\/\/candelaorganic.com\/de\/wp-content\/uploads\/sites\/14\/2024\/04\/Logotype.webp\",\"contentUrl\":\"https:\/\/candelaorganic.com\/de\/wp-content\/uploads\/sites\/14\/2024\/04\/Logotype.webp\",\"width\":256,\"height\":52,\"caption\":\"Candela Organic\"},\"image\":{\"@id\":\"https:\/\/candelaorganic.com\/de\/#\/schema\/logo\/image\/\"}}]}<\/script>\n<!-- \/ Yoast SEO plugin. -->","yoast_head_json":{"title":"Ger\u00f6stete Paran\u00fcsse mit Bio-Basilikum - Candela Organic","description":"Erleben Sie die exquisite Geschmacksmischung unserer ger\u00f6steten Bio-Kastanien mit feinen nat\u00fcrlichen Kr\u00e4utern, Antioxidantien und essentiellen Vitaminen.","robots":{"index":"index","follow":"follow","max-snippet":"max-snippet:-1","max-image-preview":"max-image-preview:large","max-video-preview":"max-video-preview:-1"},"canonical":"https:\/\/candelaorganic.com\/de\/producto\/geroestete-paranuesse-mit-bio-basilikum\/","og_locale":"de_DE","og_type":"article","og_title":"Ger\u00f6stete Paran\u00fcsse mit Bio-Basilikum - Candela Organic","og_description":"Erleben Sie die exquisite Geschmacksmischung unserer ger\u00f6steten Bio-Kastanien mit feinen nat\u00fcrlichen Kr\u00e4utern, Antioxidantien und essentiellen Vitaminen.","og_url":"https:\/\/candelaorganic.com\/de\/producto\/geroestete-paranuesse-mit-bio-basilikum\/","og_site_name":"Candela Organic","article_modified_time":"2024-07-17T21:07:56+00:00","og_image":[{"width":609,"height":599,"url":"https:\/\/candelaorganic.com\/de\/wp-content\/uploads\/sites\/14\/2024\/04\/Cover-product-image-150.webp","type":"image\/webp"}],"twitter_card":"summary_large_image","twitter_misc":{"Gesch\u00e4tzte Lesezeit":"2\u00a0Minuten"},"schema":{"@context":"https:\/\/schema.org","@graph":[{"@type":"WebPage","@id":"https:\/\/candelaorganic.com\/de\/producto\/geroestete-paranuesse-mit-bio-basilikum\/","url":"https:\/\/candelaorganic.com\/de\/producto\/geroestete-paranuesse-mit-bio-basilikum\/","name":"Ger\u00f6stete Paran\u00fcsse mit Bio-Basilikum - Candela Organic","isPartOf":{"@id":"https:\/\/candelaorganic.com\/de\/#website"},"primaryImageOfPage":{"@id":"https:\/\/candelaorganic.com\/de\/producto\/geroestete-paranuesse-mit-bio-basilikum\/#primaryimage"},"image":{"@id":"https:\/\/candelaorganic.com\/de\/producto\/geroestete-paranuesse-mit-bio-basilikum\/#primaryimage"},"thumbnailUrl":"https:\/\/candelaorganic.com\/de\/wp-content\/uploads\/sites\/14\/2024\/04\/Cover-product-image-150.webp","datePublished":"2024-04-04T16:35:28+00:00","dateModified":"2024-07-17T21:07:56+00:00","description":"Erleben Sie die exquisite Geschmacksmischung unserer ger\u00f6steten Bio-Kastanien mit feinen nat\u00fcrlichen Kr\u00e4utern, Antioxidantien und essentiellen Vitaminen.","breadcrumb":{"@id":"https:\/\/candelaorganic.com\/de\/producto\/geroestete-paranuesse-mit-bio-basilikum\/#breadcrumb"},"inLanguage":"de","potentialAction":[{"@type":"ReadAction","target":["https:\/\/candelaorganic.com\/de\/producto\/geroestete-paranuesse-mit-bio-basilikum\/"]}]},{"@type":"ImageObject","inLanguage":"de","@id":"https:\/\/candelaorganic.com\/de\/producto\/geroestete-paranuesse-mit-bio-basilikum\/#primaryimage","url":"https:\/\/candelaorganic.com\/de\/wp-content\/uploads\/sites\/14\/2024\/04\/Cover-product-image-150.webp","contentUrl":"https:\/\/candelaorganic.com\/de\/wp-content\/uploads\/sites\/14\/2024\/04\/Cover-product-image-150.webp","width":609,"height":599},{"@type":"BreadcrumbList","@id":"https:\/\/candelaorganic.com\/de\/producto\/geroestete-paranuesse-mit-bio-basilikum\/#breadcrumb","itemListElement":[{"@type":"ListItem","position":1,"name":"Produkte","item":"https:\/\/candelaorganic.com\/de\/produkte\/"},{"@type":"ListItem","position":2,"name":"Lebensmitteleinzelhandel","item":"https:\/\/candelaorganic.com\/de\/tienda\/lebensmittel-einzelhandel\/"},{"@type":"ListItem","position":3,"name":"Snacks","item":"https:\/\/candelaorganic.com\/de\/tienda\/lebensmittel-einzelhandel\/snacks-einzelhandel\/"},{"@type":"ListItem","position":4,"name":"Waln\u00fcsse","item":"https:\/\/candelaorganic.com\/de\/tienda\/lebensmittel-einzelhandel\/snacks-einzelhandel\/snacks-nuesse\/"},{"@type":"ListItem","position":5,"name":"Ger\u00f6stete Paran\u00fcsse mit Bio-Basilikum"}]},{"@type":"WebSite","@id":"https:\/\/candelaorganic.com\/de\/#website","url":"https:\/\/candelaorganic.com\/de\/","name":"Candela Organic","description":"Wir erh\u00f6hen die Lebensmittelstandards","publisher":{"@id":"https:\/\/candelaorganic.com\/de\/#organization"},"potentialAction":[{"@type":"SearchAction","target":{"@type":"EntryPoint","urlTemplate":"https:\/\/candelaorganic.com\/de\/?s={search_term_string}"},"query-input":{"@type":"PropertyValueSpecification","valueRequired":true,"valueName":"search_term_string"}}],"inLanguage":"de"},{"@type":"Organization","@id":"https:\/\/candelaorganic.com\/de\/#organization","name":"Candela Organic","url":"https:\/\/candelaorganic.com\/de\/","logo":{"@type":"ImageObject","inLanguage":"de","@id":"https:\/\/candelaorganic.com\/de\/#\/schema\/logo\/image\/","url":"https:\/\/candelaorganic.com\/de\/wp-content\/uploads\/sites\/14\/2024\/04\/Logotype.webp","contentUrl":"https:\/\/candelaorganic.com\/de\/wp-content\/uploads\/sites\/14\/2024\/04\/Logotype.webp","width":256,"height":52,"caption":"Candela Organic"},"image":{"@id":"https:\/\/candelaorganic.com\/de\/#\/schema\/logo\/image\/"}}]}},"_links":{"self":[{"href":"https:\/\/candelaorganic.com\/de\/wp-json\/wp\/v2\/product\/14219"}],"collection":[{"href":"https:\/\/candelaorganic.com\/de\/wp-json\/wp\/v2\/product"}],"about":[{"href":"https:\/\/candelaorganic.com\/de\/wp-json\/wp\/v2\/types\/product"}],"replies":[{"embeddable":true,"href":"https:\/\/candelaorganic.com\/de\/wp-json\/wp\/v2\/comments?post=14219"}],"wp:featuredmedia":[{"embeddable":true,"href":"https:\/\/candelaorganic.com\/de\/wp-json\/wp\/v2\/media\/13191"}],"wp:attachment":[{"href":"https:\/\/candelaorganic.com\/de\/wp-json\/wp\/v2\/media?parent=14219"}],"wp:term":[{"taxonomy":"product_cat","embeddable":true,"href":"https:\/\/candelaorganic.com\/de\/wp-json\/wp\/v2\/product_cat?post=14219"},{"taxonomy":"product_tag","embeddable":true,"href":"https:\/\/candelaorganic.com\/de\/wp-json\/wp\/v2\/product_tag?post=14219"}],"curies":[{"name":"wp","href":"https:\/\/api.w.org\/{rel}","templated":true}]}}