{"id":14212,"date":"2024-04-04T18:32:59","date_gmt":"2024-04-04T16:32:59","guid":{"rendered":"https:\/\/candelaorganic.com\/de\/?post_type=product&#038;p=14212"},"modified":"2024-07-17T23:11:28","modified_gmt":"2024-07-17T21:11:28","slug":"geroestete-paranuesse-mit-bio-panela","status":"publish","type":"product","link":"https:\/\/candelaorganic.com\/de\/producto\/geroestete-paranuesse-mit-bio-panela\/","title":{"rendered":"Ger\u00f6stete Paran\u00fcsse mit Bio-Panela"},"content":{"rendered":"<p>Entdecken Sie die perfekte Mischung aus Geschmack und N\u00e4hrwert mit ger\u00f6steten Paran\u00fcssen mit Bio-Panela. Diese mit Antioxidantien und den essentiellen Vitaminen B1 und B6 angereicherten N\u00fcsse spielen eine entscheidende Rolle bei der Erhaltung eines widerstandsf\u00e4higen Nervensystems. Der hohe Gehalt an Selen, einem bekannten immunst\u00e4rkenden Mineralstoff, regt die Produktion wei\u00dfer Blutk\u00f6rperchen an und st\u00e4rkt so die Immunabwehr des K\u00f6rpers. Mit Magnesium angereichert, f\u00f6rdern diese N\u00fcsse den Muskelaufbau und sorgen f\u00fcr optimale Blutdruckwerte. Sie sind eine schmackhafte und gesunde Wahl, um Ihre allgemeine Gesundheit zu verbessern.<\/p>\n<div><\/div>\n<div class=\"text-wrap\">\n<p><span class=\"subtitle\" style=\"color: #f1b434;\"><span class=\"subtitle\" style=\"color: #f1b434;\"><strong>MERKMALE UND VORTEILE<\/strong><\/span><\/span><\/p>\n<ul>\n<li>Erfreuen Sie sich an der Verschmelzung von Geschmack und Wohlbefinden: Erleben Sie die verlockende Mischung aus Geschmack und Wohlbefinden mit ger\u00f6steten Paran\u00fcssen, die mit Bio-Panela angereichert sind und eine harmonische Symphonie aus K\u00f6stlichkeit und N\u00e4hrwert bieten.<\/li>\n<li>Essentielle Vitamine f\u00fcr die Gesundheit des Nervensystems: Entdecken Sie die Kraft von Antioxidantien und den lebenswichtigen Vitaminen B1 und B6, die die Aufrechterhaltung eines robusten Nervensystems f\u00fcr eine allgemeine Vitalit\u00e4t unterst\u00fctzen.<\/li>\n<li>Immunst\u00e4rke durch Selen: Diese N\u00fcsse sind reich an Selen und tragen zu einem gest\u00e4rkten Immunsystem bei, indem sie die Produktion wei\u00dfer Blutk\u00f6rperchen f\u00f6rdern und so die Abwehrkr\u00e4fte des K\u00f6rpers st\u00e4rken.<\/li>\n<li>Muskelwachstum und Blutdruckausgleich: Profitieren Sie vom Magnesiumgehalt dieser N\u00fcsse, der den Muskelaufbau f\u00f6rdert und f\u00fcr einen ausgeglichenen Blutdruck sorgt und so zu Ihrem ganzheitlichen Wohlbefinden beitr\u00e4gt.<\/li>\n<li>Gesunder Genuss in jedem Bissen: Erweitern Sie Ihre Snack-Routine mit ger\u00f6steten Paran\u00fcssen mit Bio-Panela und genie\u00dfen Sie eine geschmackvolle und nahrhafte Option, die den Geschmack mit gesundheitsbewussten Entscheidungen in Einklang bringt.<\/li>\n<li>Zutaten: Geschnittene Paran\u00fcsse mit Rohrzucker<\/li>\n<\/ul>\n<p><span class=\"subtitle\" style=\"color: #f1b434;\"><strong>EMPFEHLUNGEN<\/strong><\/span><\/p>\n<ul>\n<li>Essen Sie sie einzeln als Snack.<\/li>\n<li>Kombinieren Sie sie mit Ihrem M\u00fcsli!<\/li>\n<li>F\u00fcgen Sie sie in einen Keke oder Kekse ein.<\/li>\n<\/ul>\n<p>Denken Sie immer in Ma\u00dfen daran!<\/p>\n<\/div>\n<div class=\"text-wrap\">\n<p><span class=\"subtitle\" style=\"color: #f1b434;\"><strong>PR\u00c4SENTATIONEN<\/strong><\/span><\/p>\n<ul>\n<li>Kastanien mit Bio-Panela 100g 1 Einheit<\/li>\n<li>Kastanien mit Bio-Panela 20g Box 16 Einheiten<\/li>\n<\/ul>\n<\/div>\n","protected":false},"excerpt":{"rendered":"<div class=\"title\">\n<div class=\"title\">\n<div class=\"title\">\n<div class=\"title\">\n<div class=\"title\"><span class=\"name\" style=\"color: #f1b434;\"><strong>\/ BERTHOLLETIA EXCELSA &amp; PANELA \/<\/strong><\/span><\/div>\n<p>Erleben Sie den gesunden Genuss von ger\u00f6steten Paran\u00fcssen mit Bio-Panela, eine k\u00f6stliche Mischung aus Geschmack und N\u00e4hrstoffen. Angereichert mit Antioxidantien, Vitamin B1 und B6, tragen diese N\u00fcsse zu einem widerstandsf\u00e4higen Nervensystem bei. Mit ihrem hohen Gehalt an immunst\u00e4rkendem Selen, das die Produktion wei\u00dfer Blutk\u00f6rperchen f\u00f6rdert, st\u00e4rken diese N\u00fcsse die Abwehrkr\u00e4fte des K\u00f6rpers. Ihr Magnesiumgehalt unterst\u00fctzt die Entwicklung der Muskeln und den Ausgleich des Blutdrucks und ist damit eine k\u00f6stliche und gesunde Wahl f\u00fcr das allgemeine Wohlbefinden.<\/p>\n<\/div>\n<\/div>\n<\/div>\n<\/div>\n","protected":false},"featured_media":13215,"comment_status":"open","ping_status":"closed","template":"","meta":{"editor_notices":[]},"product_cat":[117],"product_tag":[],"yoast_head":"<!-- This site is optimized with the Yoast SEO plugin v23.5 - https:\/\/yoast.com\/wordpress\/plugins\/seo\/ -->\n<title>Ger\u00f6stete Paran\u00fcsse mit Bio-Panela - Candela Organic<\/title>\n<meta name=\"description\" content=\"Erleben Sie die Mischung aus Geschmack und Wohlbefinden mit ger\u00f6steten Paran\u00fcssen, angereichert mit Bio-Panela, einer harmonischen K\u00f6stlichkeit.\" \/>\n<meta name=\"robots\" content=\"index, follow, max-snippet:-1, max-image-preview:large, max-video-preview:-1\" \/>\n<link rel=\"canonical\" href=\"https:\/\/candelaorganic.com\/de\/producto\/geroestete-paranuesse-mit-bio-panela\/\" \/>\n<meta property=\"og:locale\" content=\"de_DE\" \/>\n<meta property=\"og:type\" content=\"article\" \/>\n<meta property=\"og:title\" content=\"Ger\u00f6stete Paran\u00fcsse mit Bio-Panela - Candela Organic\" \/>\n<meta property=\"og:description\" content=\"Erleben Sie die Mischung aus Geschmack und Wohlbefinden mit ger\u00f6steten Paran\u00fcssen, angereichert mit Bio-Panela, einer harmonischen K\u00f6stlichkeit.\" \/>\n<meta property=\"og:url\" content=\"https:\/\/candelaorganic.com\/de\/producto\/geroestete-paranuesse-mit-bio-panela\/\" \/>\n<meta property=\"og:site_name\" content=\"Candela Organic\" \/>\n<meta property=\"article:modified_time\" content=\"2024-07-17T21:11:28+00:00\" \/>\n<meta property=\"og:image\" content=\"https:\/\/candelaorganic.com\/de\/wp-content\/uploads\/sites\/14\/2024\/04\/Secondary-product-image-152.webp\" \/>\n\t<meta property=\"og:image:width\" content=\"609\" \/>\n\t<meta property=\"og:image:height\" content=\"599\" \/>\n\t<meta property=\"og:image:type\" content=\"image\/webp\" \/>\n<meta name=\"twitter:card\" content=\"summary_large_image\" \/>\n<meta name=\"twitter:label1\" content=\"Gesch\u00e4tzte Lesezeit\" \/>\n\t<meta name=\"twitter:data1\" content=\"2\u00a0Minuten\" \/>\n<script type=\"application\/ld+json\" class=\"yoast-schema-graph\">{\"@context\":\"https:\/\/schema.org\",\"@graph\":[{\"@type\":\"WebPage\",\"@id\":\"https:\/\/candelaorganic.com\/de\/producto\/geroestete-paranuesse-mit-bio-panela\/\",\"url\":\"https:\/\/candelaorganic.com\/de\/producto\/geroestete-paranuesse-mit-bio-panela\/\",\"name\":\"Ger\u00f6stete Paran\u00fcsse mit Bio-Panela - Candela Organic\",\"isPartOf\":{\"@id\":\"https:\/\/candelaorganic.com\/de\/#website\"},\"primaryImageOfPage\":{\"@id\":\"https:\/\/candelaorganic.com\/de\/producto\/geroestete-paranuesse-mit-bio-panela\/#primaryimage\"},\"image\":{\"@id\":\"https:\/\/candelaorganic.com\/de\/producto\/geroestete-paranuesse-mit-bio-panela\/#primaryimage\"},\"thumbnailUrl\":\"https:\/\/candelaorganic.com\/de\/wp-content\/uploads\/sites\/14\/2024\/04\/Secondary-product-image-152.webp\",\"datePublished\":\"2024-04-04T16:32:59+00:00\",\"dateModified\":\"2024-07-17T21:11:28+00:00\",\"description\":\"Erleben Sie die Mischung aus Geschmack und Wohlbefinden mit ger\u00f6steten Paran\u00fcssen, angereichert mit Bio-Panela, einer harmonischen K\u00f6stlichkeit.\",\"breadcrumb\":{\"@id\":\"https:\/\/candelaorganic.com\/de\/producto\/geroestete-paranuesse-mit-bio-panela\/#breadcrumb\"},\"inLanguage\":\"de\",\"potentialAction\":[{\"@type\":\"ReadAction\",\"target\":[\"https:\/\/candelaorganic.com\/de\/producto\/geroestete-paranuesse-mit-bio-panela\/\"]}]},{\"@type\":\"ImageObject\",\"inLanguage\":\"de\",\"@id\":\"https:\/\/candelaorganic.com\/de\/producto\/geroestete-paranuesse-mit-bio-panela\/#primaryimage\",\"url\":\"https:\/\/candelaorganic.com\/de\/wp-content\/uploads\/sites\/14\/2024\/04\/Secondary-product-image-152.webp\",\"contentUrl\":\"https:\/\/candelaorganic.com\/de\/wp-content\/uploads\/sites\/14\/2024\/04\/Secondary-product-image-152.webp\",\"width\":609,\"height\":599},{\"@type\":\"BreadcrumbList\",\"@id\":\"https:\/\/candelaorganic.com\/de\/producto\/geroestete-paranuesse-mit-bio-panela\/#breadcrumb\",\"itemListElement\":[{\"@type\":\"ListItem\",\"position\":1,\"name\":\"Produkte\",\"item\":\"https:\/\/candelaorganic.com\/de\/produkte\/\"},{\"@type\":\"ListItem\",\"position\":2,\"name\":\"Lebensmitteleinzelhandel\",\"item\":\"https:\/\/candelaorganic.com\/de\/tienda\/lebensmittel-einzelhandel\/\"},{\"@type\":\"ListItem\",\"position\":3,\"name\":\"Snacks\",\"item\":\"https:\/\/candelaorganic.com\/de\/tienda\/lebensmittel-einzelhandel\/snacks-einzelhandel\/\"},{\"@type\":\"ListItem\",\"position\":4,\"name\":\"Waln\u00fcsse\",\"item\":\"https:\/\/candelaorganic.com\/de\/tienda\/lebensmittel-einzelhandel\/snacks-einzelhandel\/snacks-nuesse\/\"},{\"@type\":\"ListItem\",\"position\":5,\"name\":\"Ger\u00f6stete Paran\u00fcsse mit Bio-Panela\"}]},{\"@type\":\"WebSite\",\"@id\":\"https:\/\/candelaorganic.com\/de\/#website\",\"url\":\"https:\/\/candelaorganic.com\/de\/\",\"name\":\"Candela Organic\",\"description\":\"Wir erh\u00f6hen die Lebensmittelstandards\",\"publisher\":{\"@id\":\"https:\/\/candelaorganic.com\/de\/#organization\"},\"potentialAction\":[{\"@type\":\"SearchAction\",\"target\":{\"@type\":\"EntryPoint\",\"urlTemplate\":\"https:\/\/candelaorganic.com\/de\/?s={search_term_string}\"},\"query-input\":{\"@type\":\"PropertyValueSpecification\",\"valueRequired\":true,\"valueName\":\"search_term_string\"}}],\"inLanguage\":\"de\"},{\"@type\":\"Organization\",\"@id\":\"https:\/\/candelaorganic.com\/de\/#organization\",\"name\":\"Candela Organic\",\"url\":\"https:\/\/candelaorganic.com\/de\/\",\"logo\":{\"@type\":\"ImageObject\",\"inLanguage\":\"de\",\"@id\":\"https:\/\/candelaorganic.com\/de\/#\/schema\/logo\/image\/\",\"url\":\"https:\/\/candelaorganic.com\/de\/wp-content\/uploads\/sites\/14\/2024\/04\/Logotype.webp\",\"contentUrl\":\"https:\/\/candelaorganic.com\/de\/wp-content\/uploads\/sites\/14\/2024\/04\/Logotype.webp\",\"width\":256,\"height\":52,\"caption\":\"Candela Organic\"},\"image\":{\"@id\":\"https:\/\/candelaorganic.com\/de\/#\/schema\/logo\/image\/\"}}]}<\/script>\n<!-- \/ Yoast SEO plugin. -->","yoast_head_json":{"title":"Ger\u00f6stete Paran\u00fcsse mit Bio-Panela - Candela Organic","description":"Erleben Sie die Mischung aus Geschmack und Wohlbefinden mit ger\u00f6steten Paran\u00fcssen, angereichert mit Bio-Panela, einer harmonischen K\u00f6stlichkeit.","robots":{"index":"index","follow":"follow","max-snippet":"max-snippet:-1","max-image-preview":"max-image-preview:large","max-video-preview":"max-video-preview:-1"},"canonical":"https:\/\/candelaorganic.com\/de\/producto\/geroestete-paranuesse-mit-bio-panela\/","og_locale":"de_DE","og_type":"article","og_title":"Ger\u00f6stete Paran\u00fcsse mit Bio-Panela - Candela Organic","og_description":"Erleben Sie die Mischung aus Geschmack und Wohlbefinden mit ger\u00f6steten Paran\u00fcssen, angereichert mit Bio-Panela, einer harmonischen K\u00f6stlichkeit.","og_url":"https:\/\/candelaorganic.com\/de\/producto\/geroestete-paranuesse-mit-bio-panela\/","og_site_name":"Candela Organic","article_modified_time":"2024-07-17T21:11:28+00:00","og_image":[{"width":609,"height":599,"url":"https:\/\/candelaorganic.com\/de\/wp-content\/uploads\/sites\/14\/2024\/04\/Secondary-product-image-152.webp","type":"image\/webp"}],"twitter_card":"summary_large_image","twitter_misc":{"Gesch\u00e4tzte Lesezeit":"2\u00a0Minuten"},"schema":{"@context":"https:\/\/schema.org","@graph":[{"@type":"WebPage","@id":"https:\/\/candelaorganic.com\/de\/producto\/geroestete-paranuesse-mit-bio-panela\/","url":"https:\/\/candelaorganic.com\/de\/producto\/geroestete-paranuesse-mit-bio-panela\/","name":"Ger\u00f6stete Paran\u00fcsse mit Bio-Panela - Candela Organic","isPartOf":{"@id":"https:\/\/candelaorganic.com\/de\/#website"},"primaryImageOfPage":{"@id":"https:\/\/candelaorganic.com\/de\/producto\/geroestete-paranuesse-mit-bio-panela\/#primaryimage"},"image":{"@id":"https:\/\/candelaorganic.com\/de\/producto\/geroestete-paranuesse-mit-bio-panela\/#primaryimage"},"thumbnailUrl":"https:\/\/candelaorganic.com\/de\/wp-content\/uploads\/sites\/14\/2024\/04\/Secondary-product-image-152.webp","datePublished":"2024-04-04T16:32:59+00:00","dateModified":"2024-07-17T21:11:28+00:00","description":"Erleben Sie die Mischung aus Geschmack und Wohlbefinden mit ger\u00f6steten Paran\u00fcssen, angereichert mit Bio-Panela, einer harmonischen K\u00f6stlichkeit.","breadcrumb":{"@id":"https:\/\/candelaorganic.com\/de\/producto\/geroestete-paranuesse-mit-bio-panela\/#breadcrumb"},"inLanguage":"de","potentialAction":[{"@type":"ReadAction","target":["https:\/\/candelaorganic.com\/de\/producto\/geroestete-paranuesse-mit-bio-panela\/"]}]},{"@type":"ImageObject","inLanguage":"de","@id":"https:\/\/candelaorganic.com\/de\/producto\/geroestete-paranuesse-mit-bio-panela\/#primaryimage","url":"https:\/\/candelaorganic.com\/de\/wp-content\/uploads\/sites\/14\/2024\/04\/Secondary-product-image-152.webp","contentUrl":"https:\/\/candelaorganic.com\/de\/wp-content\/uploads\/sites\/14\/2024\/04\/Secondary-product-image-152.webp","width":609,"height":599},{"@type":"BreadcrumbList","@id":"https:\/\/candelaorganic.com\/de\/producto\/geroestete-paranuesse-mit-bio-panela\/#breadcrumb","itemListElement":[{"@type":"ListItem","position":1,"name":"Produkte","item":"https:\/\/candelaorganic.com\/de\/produkte\/"},{"@type":"ListItem","position":2,"name":"Lebensmitteleinzelhandel","item":"https:\/\/candelaorganic.com\/de\/tienda\/lebensmittel-einzelhandel\/"},{"@type":"ListItem","position":3,"name":"Snacks","item":"https:\/\/candelaorganic.com\/de\/tienda\/lebensmittel-einzelhandel\/snacks-einzelhandel\/"},{"@type":"ListItem","position":4,"name":"Waln\u00fcsse","item":"https:\/\/candelaorganic.com\/de\/tienda\/lebensmittel-einzelhandel\/snacks-einzelhandel\/snacks-nuesse\/"},{"@type":"ListItem","position":5,"name":"Ger\u00f6stete Paran\u00fcsse mit Bio-Panela"}]},{"@type":"WebSite","@id":"https:\/\/candelaorganic.com\/de\/#website","url":"https:\/\/candelaorganic.com\/de\/","name":"Candela Organic","description":"Wir erh\u00f6hen die Lebensmittelstandards","publisher":{"@id":"https:\/\/candelaorganic.com\/de\/#organization"},"potentialAction":[{"@type":"SearchAction","target":{"@type":"EntryPoint","urlTemplate":"https:\/\/candelaorganic.com\/de\/?s={search_term_string}"},"query-input":{"@type":"PropertyValueSpecification","valueRequired":true,"valueName":"search_term_string"}}],"inLanguage":"de"},{"@type":"Organization","@id":"https:\/\/candelaorganic.com\/de\/#organization","name":"Candela Organic","url":"https:\/\/candelaorganic.com\/de\/","logo":{"@type":"ImageObject","inLanguage":"de","@id":"https:\/\/candelaorganic.com\/de\/#\/schema\/logo\/image\/","url":"https:\/\/candelaorganic.com\/de\/wp-content\/uploads\/sites\/14\/2024\/04\/Logotype.webp","contentUrl":"https:\/\/candelaorganic.com\/de\/wp-content\/uploads\/sites\/14\/2024\/04\/Logotype.webp","width":256,"height":52,"caption":"Candela Organic"},"image":{"@id":"https:\/\/candelaorganic.com\/de\/#\/schema\/logo\/image\/"}}]}},"_links":{"self":[{"href":"https:\/\/candelaorganic.com\/de\/wp-json\/wp\/v2\/product\/14212"}],"collection":[{"href":"https:\/\/candelaorganic.com\/de\/wp-json\/wp\/v2\/product"}],"about":[{"href":"https:\/\/candelaorganic.com\/de\/wp-json\/wp\/v2\/types\/product"}],"replies":[{"embeddable":true,"href":"https:\/\/candelaorganic.com\/de\/wp-json\/wp\/v2\/comments?post=14212"}],"wp:featuredmedia":[{"embeddable":true,"href":"https:\/\/candelaorganic.com\/de\/wp-json\/wp\/v2\/media\/13215"}],"wp:attachment":[{"href":"https:\/\/candelaorganic.com\/de\/wp-json\/wp\/v2\/media?parent=14212"}],"wp:term":[{"taxonomy":"product_cat","embeddable":true,"href":"https:\/\/candelaorganic.com\/de\/wp-json\/wp\/v2\/product_cat?post=14212"},{"taxonomy":"product_tag","embeddable":true,"href":"https:\/\/candelaorganic.com\/de\/wp-json\/wp\/v2\/product_tag?post=14212"}],"curies":[{"name":"wp","href":"https:\/\/api.w.org\/{rel}","templated":true}]}}