{"id":14211,"date":"2024-04-04T18:30:07","date_gmt":"2024-04-04T16:30:07","guid":{"rendered":"https:\/\/candelaorganic.com\/de\/?post_type=product&#038;p=14211"},"modified":"2024-07-17T23:10:11","modified_gmt":"2024-07-17T21:10:11","slug":"geroestete-paranuesse-mit-bio-chili","status":"publish","type":"product","link":"https:\/\/candelaorganic.com\/de\/producto\/geroestete-paranuesse-mit-bio-chili\/","title":{"rendered":"Ger\u00f6stete Paran\u00fcsse mit Bio-Chili"},"content":{"rendered":"<p>G\u00f6nnen Sie sich den Bio-Genuss unserer ger\u00f6steten Paran\u00fcsse mit Chili, eine harmonische Verbindung von Geschmack und Wellness. Diese N\u00fcsse werden sorgf\u00e4ltig zubereitet, um eine Geschmacksexplosion zu erzeugen und gleichzeitig eine F\u00fclle von gesundheitlichen Vorteilen zu bieten. Vollgepackt mit Antioxidantien und den essentiellen Vitaminen B1 und B6, die eine wichtige Rolle bei der Unterst\u00fctzung eines starken Nervensystems spielen, sind diese N\u00fcsse ein wahrer N\u00e4hrstoffschatz. Mit ihrem hohen Gehalt an Selen, einem Mineralstoff, der f\u00fcr seine immunst\u00e4rkende Wirkung durch die Stimulierung der Produktion wei\u00dfer Blutk\u00f6rperchen bekannt ist, tragen diese N\u00fcsse aktiv zu den Abwehrmechanismen Ihres K\u00f6rpers bei. Dar\u00fcber hinaus f\u00f6rdert ihr Magnesiumgehalt das Muskelwachstum und hilft bei der Aufrechterhaltung eines gesunden Blutdrucks, was sie zu einer k\u00f6stlich s\u00e4ttigenden und nahrhaften Wahl f\u00fcr Ihr allgemeines Wohlbefinden macht.<\/p>\n<p>&nbsp;<\/p>\n<div class=\"text-wrap\"><span class=\"subtitle\" style=\"color: #f1b434;\"><strong>MERKMALE UND VORTEILE<\/strong><\/span><\/div>\n<ul>\n<li>N\u00e4hrstoffreicher Genuss: Genie\u00dfen Sie die exquisite Mischung aus Geschmack und N\u00e4hrstoffen unserer ger\u00f6steten Bio-Brasiln\u00fcsse mit Chili, die reich an Antioxidantien und lebenswichtigen Vitaminen B1 und B6 f\u00fcr ein widerstandsf\u00e4higes Nervensystem sind.<\/li>\n<li>St\u00e4rkt das Immunsystem: Diese N\u00fcsse sind reich an Selen und st\u00e4rken das Immunsystem, indem sie die Produktion wei\u00dfer Blutk\u00f6rperchen f\u00f6rdern, die k\u00f6rpereigenen Abwehrmechanismen st\u00e4rken und die allgemeine Gesundheit f\u00f6rdern.<\/li>\n<li>Unterst\u00fctzung der Muskeln: Profitieren Sie von ihrem Magnesiumgehalt, der das Muskelwachstum f\u00f6rdert und zu einem ausgeglichenen Blutdruck beitr\u00e4gt, und bieten Sie eine geschmackvolle und nahrhafte Option f\u00fcr ein ganzheitliches Wohlbefinden.<\/li>\n<li>Geschmacksintensive Verschmelzung: Erleben Sie die harmonische Verschmelzung von Chiligeschmack und Wellness-Vorteilen, die diese N\u00fcsse zu einem k\u00f6stlichen Genuss f\u00fcr Ihren Gaumen und Ihre gesundheitsbewussten Entscheidungen machen.<\/li>\n<li>Bio-Wellness: Genie\u00dfen Sie den Bio-Genuss dieser sorgf\u00e4ltig ger\u00f6steten Paran\u00fcsse, die nicht nur Ihre Geschmacksnerven verw\u00f6hnen, sondern auch die Vitalit\u00e4t und das Gleichgewicht Ihres K\u00f6rpers unterst\u00fctzen.<\/li>\n<li>Zutaten: In Scheiben geschnittene Paran\u00fcsse mit Aj\u00ed Limo, gelbem Pfeffer und Salz<\/li>\n<\/ul>\n<p>&nbsp;<\/p>\n<p><span class=\"subtitle\" style=\"color: #f1b434;\"><strong>EMPFEHLUNGEN<\/strong><\/span><\/p>\n<ul>\n<li>Essen Sie sie einzeln als Snack.<\/li>\n<li>Kombinieren Sie sie mit Ihrem M\u00fcsli!<\/li>\n<li>F\u00fcgen Sie sie in einen Keke oder Kekse ein.<\/li>\n<\/ul>\n<p>Denken Sie immer in Ma\u00dfen daran!<\/p>\n<p>&nbsp;<\/p>\n<div class=\"text-wrap\">\n<p><span class=\"subtitle\" style=\"color: #f1b434;\"><strong>PR\u00c4SENTATIONEN<\/strong><\/span><\/p>\n<ul>\n<li>Kastanien mit Bio-Chili 20g 1 Einheit<\/li>\n<li>Kastanien mit Bio-Chili 100g Karton mit 6 Einheiten<\/li>\n<\/ul>\n<\/div>\n","protected":false},"excerpt":{"rendered":"<div class=\"title\">\n<div class=\"title\">\n<div class=\"title\">\n<div class=\"title\">\n<div class=\"title\"><span class=\"name\" style=\"color: #f1b434;\"><strong>\/ BERTHOLLETIA EXCELSA &amp; CAPSICUM BACCATUM \/<\/strong><\/span><\/div>\n<p>Erleben Sie die verlockende Verschmelzung von Geschmack und Wohlbefinden mit unseren ger\u00f6steten Bio-Brasilienn\u00fcssen mit Chili. Diese sorgf\u00e4ltig verarbeiteten N\u00fcsse sind ein wahrer N\u00e4hrstoff-Dynamo: Sie enthalten Antioxidantien und die lebenswichtigen Vitamine B1 und B6, die zu einem widerstandsf\u00e4higen Nervensystem beitragen. Die N\u00fcsse sind reich an Selen, einem Mineralstoff, der daf\u00fcr bekannt ist, das Immunsystem zu st\u00e4rken, indem er die Produktion wei\u00dfer Blutk\u00f6rperchen erh\u00f6ht, und st\u00e4rken so aktiv die Abwehrmechanismen Ihres K\u00f6rpers. Dar\u00fcber hinaus f\u00f6rdert ihr Magnesiumgehalt den Muskelaufbau und unterst\u00fctzt das Gleichgewicht des Blutdrucks, was sie zu einer k\u00f6stlich schmeckenden und nahrhaften Wahl f\u00fcr ein ganzheitliches Wohlbefinden macht.<\/p>\n<\/div>\n<\/div>\n<\/div>\n<\/div>\n","protected":false},"featured_media":13176,"comment_status":"open","ping_status":"closed","template":"","meta":{"editor_notices":[]},"product_cat":[117],"product_tag":[],"yoast_head":"<!-- This site is optimized with the Yoast SEO plugin v23.5 - https:\/\/yoast.com\/wordpress\/plugins\/seo\/ -->\n<title>Ger\u00f6stete Paran\u00fcsse mit Bio-Chili - Candela Organic<\/title>\n<meta name=\"description\" content=\"Genie\u00dfen Sie den nat\u00fcrlichen Reichtum der Kastanie, einem wahren N\u00e4hrstoffschatz voller Antioxidantien und den essentiellen Vitaminen B1 und B6.\" \/>\n<meta name=\"robots\" content=\"index, follow, max-snippet:-1, max-image-preview:large, max-video-preview:-1\" \/>\n<link rel=\"canonical\" href=\"https:\/\/candelaorganic.com\/de\/producto\/geroestete-paranuesse-mit-bio-chili\/\" \/>\n<meta property=\"og:locale\" content=\"de_DE\" \/>\n<meta property=\"og:type\" content=\"article\" \/>\n<meta property=\"og:title\" content=\"Ger\u00f6stete Paran\u00fcsse mit Bio-Chili - Candela Organic\" \/>\n<meta property=\"og:description\" content=\"Genie\u00dfen Sie den nat\u00fcrlichen Reichtum der Kastanie, einem wahren N\u00e4hrstoffschatz voller Antioxidantien und den essentiellen Vitaminen B1 und B6.\" \/>\n<meta property=\"og:url\" content=\"https:\/\/candelaorganic.com\/de\/producto\/geroestete-paranuesse-mit-bio-chili\/\" \/>\n<meta property=\"og:site_name\" content=\"Candela Organic\" \/>\n<meta property=\"article:modified_time\" content=\"2024-07-17T21:10:11+00:00\" \/>\n<meta property=\"og:image\" content=\"https:\/\/candelaorganic.com\/de\/wp-content\/uploads\/sites\/14\/2024\/04\/Cover-product-image-149.webp\" \/>\n\t<meta property=\"og:image:width\" content=\"609\" \/>\n\t<meta property=\"og:image:height\" content=\"599\" \/>\n\t<meta property=\"og:image:type\" content=\"image\/webp\" \/>\n<meta name=\"twitter:card\" content=\"summary_large_image\" \/>\n<meta name=\"twitter:label1\" content=\"Gesch\u00e4tzte Lesezeit\" \/>\n\t<meta name=\"twitter:data1\" content=\"3\u00a0Minuten\" \/>\n<script type=\"application\/ld+json\" class=\"yoast-schema-graph\">{\"@context\":\"https:\/\/schema.org\",\"@graph\":[{\"@type\":\"WebPage\",\"@id\":\"https:\/\/candelaorganic.com\/de\/producto\/geroestete-paranuesse-mit-bio-chili\/\",\"url\":\"https:\/\/candelaorganic.com\/de\/producto\/geroestete-paranuesse-mit-bio-chili\/\",\"name\":\"Ger\u00f6stete Paran\u00fcsse mit Bio-Chili - Candela Organic\",\"isPartOf\":{\"@id\":\"https:\/\/candelaorganic.com\/de\/#website\"},\"primaryImageOfPage\":{\"@id\":\"https:\/\/candelaorganic.com\/de\/producto\/geroestete-paranuesse-mit-bio-chili\/#primaryimage\"},\"image\":{\"@id\":\"https:\/\/candelaorganic.com\/de\/producto\/geroestete-paranuesse-mit-bio-chili\/#primaryimage\"},\"thumbnailUrl\":\"https:\/\/candelaorganic.com\/de\/wp-content\/uploads\/sites\/14\/2024\/04\/Cover-product-image-149.webp\",\"datePublished\":\"2024-04-04T16:30:07+00:00\",\"dateModified\":\"2024-07-17T21:10:11+00:00\",\"description\":\"Genie\u00dfen Sie den nat\u00fcrlichen Reichtum der Kastanie, einem wahren N\u00e4hrstoffschatz voller Antioxidantien und den essentiellen Vitaminen B1 und B6.\",\"breadcrumb\":{\"@id\":\"https:\/\/candelaorganic.com\/de\/producto\/geroestete-paranuesse-mit-bio-chili\/#breadcrumb\"},\"inLanguage\":\"de\",\"potentialAction\":[{\"@type\":\"ReadAction\",\"target\":[\"https:\/\/candelaorganic.com\/de\/producto\/geroestete-paranuesse-mit-bio-chili\/\"]}]},{\"@type\":\"ImageObject\",\"inLanguage\":\"de\",\"@id\":\"https:\/\/candelaorganic.com\/de\/producto\/geroestete-paranuesse-mit-bio-chili\/#primaryimage\",\"url\":\"https:\/\/candelaorganic.com\/de\/wp-content\/uploads\/sites\/14\/2024\/04\/Cover-product-image-149.webp\",\"contentUrl\":\"https:\/\/candelaorganic.com\/de\/wp-content\/uploads\/sites\/14\/2024\/04\/Cover-product-image-149.webp\",\"width\":609,\"height\":599},{\"@type\":\"BreadcrumbList\",\"@id\":\"https:\/\/candelaorganic.com\/de\/producto\/geroestete-paranuesse-mit-bio-chili\/#breadcrumb\",\"itemListElement\":[{\"@type\":\"ListItem\",\"position\":1,\"name\":\"Produkte\",\"item\":\"https:\/\/candelaorganic.com\/de\/produkte\/\"},{\"@type\":\"ListItem\",\"position\":2,\"name\":\"Lebensmitteleinzelhandel\",\"item\":\"https:\/\/candelaorganic.com\/de\/tienda\/lebensmittel-einzelhandel\/\"},{\"@type\":\"ListItem\",\"position\":3,\"name\":\"Snacks\",\"item\":\"https:\/\/candelaorganic.com\/de\/tienda\/lebensmittel-einzelhandel\/snacks-einzelhandel\/\"},{\"@type\":\"ListItem\",\"position\":4,\"name\":\"Waln\u00fcsse\",\"item\":\"https:\/\/candelaorganic.com\/de\/tienda\/lebensmittel-einzelhandel\/snacks-einzelhandel\/snacks-nuesse\/\"},{\"@type\":\"ListItem\",\"position\":5,\"name\":\"Ger\u00f6stete Paran\u00fcsse mit Bio-Chili\"}]},{\"@type\":\"WebSite\",\"@id\":\"https:\/\/candelaorganic.com\/de\/#website\",\"url\":\"https:\/\/candelaorganic.com\/de\/\",\"name\":\"Candela Organic\",\"description\":\"Wir erh\u00f6hen die Lebensmittelstandards\",\"publisher\":{\"@id\":\"https:\/\/candelaorganic.com\/de\/#organization\"},\"potentialAction\":[{\"@type\":\"SearchAction\",\"target\":{\"@type\":\"EntryPoint\",\"urlTemplate\":\"https:\/\/candelaorganic.com\/de\/?s={search_term_string}\"},\"query-input\":{\"@type\":\"PropertyValueSpecification\",\"valueRequired\":true,\"valueName\":\"search_term_string\"}}],\"inLanguage\":\"de\"},{\"@type\":\"Organization\",\"@id\":\"https:\/\/candelaorganic.com\/de\/#organization\",\"name\":\"Candela Organic\",\"url\":\"https:\/\/candelaorganic.com\/de\/\",\"logo\":{\"@type\":\"ImageObject\",\"inLanguage\":\"de\",\"@id\":\"https:\/\/candelaorganic.com\/de\/#\/schema\/logo\/image\/\",\"url\":\"https:\/\/candelaorganic.com\/de\/wp-content\/uploads\/sites\/14\/2024\/04\/Logotype.webp\",\"contentUrl\":\"https:\/\/candelaorganic.com\/de\/wp-content\/uploads\/sites\/14\/2024\/04\/Logotype.webp\",\"width\":256,\"height\":52,\"caption\":\"Candela Organic\"},\"image\":{\"@id\":\"https:\/\/candelaorganic.com\/de\/#\/schema\/logo\/image\/\"}}]}<\/script>\n<!-- \/ Yoast SEO plugin. -->","yoast_head_json":{"title":"Ger\u00f6stete Paran\u00fcsse mit Bio-Chili - Candela Organic","description":"Genie\u00dfen Sie den nat\u00fcrlichen Reichtum der Kastanie, einem wahren N\u00e4hrstoffschatz voller Antioxidantien und den essentiellen Vitaminen B1 und B6.","robots":{"index":"index","follow":"follow","max-snippet":"max-snippet:-1","max-image-preview":"max-image-preview:large","max-video-preview":"max-video-preview:-1"},"canonical":"https:\/\/candelaorganic.com\/de\/producto\/geroestete-paranuesse-mit-bio-chili\/","og_locale":"de_DE","og_type":"article","og_title":"Ger\u00f6stete Paran\u00fcsse mit Bio-Chili - Candela Organic","og_description":"Genie\u00dfen Sie den nat\u00fcrlichen Reichtum der Kastanie, einem wahren N\u00e4hrstoffschatz voller Antioxidantien und den essentiellen Vitaminen B1 und B6.","og_url":"https:\/\/candelaorganic.com\/de\/producto\/geroestete-paranuesse-mit-bio-chili\/","og_site_name":"Candela Organic","article_modified_time":"2024-07-17T21:10:11+00:00","og_image":[{"width":609,"height":599,"url":"https:\/\/candelaorganic.com\/de\/wp-content\/uploads\/sites\/14\/2024\/04\/Cover-product-image-149.webp","type":"image\/webp"}],"twitter_card":"summary_large_image","twitter_misc":{"Gesch\u00e4tzte Lesezeit":"3\u00a0Minuten"},"schema":{"@context":"https:\/\/schema.org","@graph":[{"@type":"WebPage","@id":"https:\/\/candelaorganic.com\/de\/producto\/geroestete-paranuesse-mit-bio-chili\/","url":"https:\/\/candelaorganic.com\/de\/producto\/geroestete-paranuesse-mit-bio-chili\/","name":"Ger\u00f6stete Paran\u00fcsse mit Bio-Chili - Candela Organic","isPartOf":{"@id":"https:\/\/candelaorganic.com\/de\/#website"},"primaryImageOfPage":{"@id":"https:\/\/candelaorganic.com\/de\/producto\/geroestete-paranuesse-mit-bio-chili\/#primaryimage"},"image":{"@id":"https:\/\/candelaorganic.com\/de\/producto\/geroestete-paranuesse-mit-bio-chili\/#primaryimage"},"thumbnailUrl":"https:\/\/candelaorganic.com\/de\/wp-content\/uploads\/sites\/14\/2024\/04\/Cover-product-image-149.webp","datePublished":"2024-04-04T16:30:07+00:00","dateModified":"2024-07-17T21:10:11+00:00","description":"Genie\u00dfen Sie den nat\u00fcrlichen Reichtum der Kastanie, einem wahren N\u00e4hrstoffschatz voller Antioxidantien und den essentiellen Vitaminen B1 und B6.","breadcrumb":{"@id":"https:\/\/candelaorganic.com\/de\/producto\/geroestete-paranuesse-mit-bio-chili\/#breadcrumb"},"inLanguage":"de","potentialAction":[{"@type":"ReadAction","target":["https:\/\/candelaorganic.com\/de\/producto\/geroestete-paranuesse-mit-bio-chili\/"]}]},{"@type":"ImageObject","inLanguage":"de","@id":"https:\/\/candelaorganic.com\/de\/producto\/geroestete-paranuesse-mit-bio-chili\/#primaryimage","url":"https:\/\/candelaorganic.com\/de\/wp-content\/uploads\/sites\/14\/2024\/04\/Cover-product-image-149.webp","contentUrl":"https:\/\/candelaorganic.com\/de\/wp-content\/uploads\/sites\/14\/2024\/04\/Cover-product-image-149.webp","width":609,"height":599},{"@type":"BreadcrumbList","@id":"https:\/\/candelaorganic.com\/de\/producto\/geroestete-paranuesse-mit-bio-chili\/#breadcrumb","itemListElement":[{"@type":"ListItem","position":1,"name":"Produkte","item":"https:\/\/candelaorganic.com\/de\/produkte\/"},{"@type":"ListItem","position":2,"name":"Lebensmitteleinzelhandel","item":"https:\/\/candelaorganic.com\/de\/tienda\/lebensmittel-einzelhandel\/"},{"@type":"ListItem","position":3,"name":"Snacks","item":"https:\/\/candelaorganic.com\/de\/tienda\/lebensmittel-einzelhandel\/snacks-einzelhandel\/"},{"@type":"ListItem","position":4,"name":"Waln\u00fcsse","item":"https:\/\/candelaorganic.com\/de\/tienda\/lebensmittel-einzelhandel\/snacks-einzelhandel\/snacks-nuesse\/"},{"@type":"ListItem","position":5,"name":"Ger\u00f6stete Paran\u00fcsse mit Bio-Chili"}]},{"@type":"WebSite","@id":"https:\/\/candelaorganic.com\/de\/#website","url":"https:\/\/candelaorganic.com\/de\/","name":"Candela Organic","description":"Wir erh\u00f6hen die Lebensmittelstandards","publisher":{"@id":"https:\/\/candelaorganic.com\/de\/#organization"},"potentialAction":[{"@type":"SearchAction","target":{"@type":"EntryPoint","urlTemplate":"https:\/\/candelaorganic.com\/de\/?s={search_term_string}"},"query-input":{"@type":"PropertyValueSpecification","valueRequired":true,"valueName":"search_term_string"}}],"inLanguage":"de"},{"@type":"Organization","@id":"https:\/\/candelaorganic.com\/de\/#organization","name":"Candela Organic","url":"https:\/\/candelaorganic.com\/de\/","logo":{"@type":"ImageObject","inLanguage":"de","@id":"https:\/\/candelaorganic.com\/de\/#\/schema\/logo\/image\/","url":"https:\/\/candelaorganic.com\/de\/wp-content\/uploads\/sites\/14\/2024\/04\/Logotype.webp","contentUrl":"https:\/\/candelaorganic.com\/de\/wp-content\/uploads\/sites\/14\/2024\/04\/Logotype.webp","width":256,"height":52,"caption":"Candela Organic"},"image":{"@id":"https:\/\/candelaorganic.com\/de\/#\/schema\/logo\/image\/"}}]}},"_links":{"self":[{"href":"https:\/\/candelaorganic.com\/de\/wp-json\/wp\/v2\/product\/14211"}],"collection":[{"href":"https:\/\/candelaorganic.com\/de\/wp-json\/wp\/v2\/product"}],"about":[{"href":"https:\/\/candelaorganic.com\/de\/wp-json\/wp\/v2\/types\/product"}],"replies":[{"embeddable":true,"href":"https:\/\/candelaorganic.com\/de\/wp-json\/wp\/v2\/comments?post=14211"}],"wp:featuredmedia":[{"embeddable":true,"href":"https:\/\/candelaorganic.com\/de\/wp-json\/wp\/v2\/media\/13176"}],"wp:attachment":[{"href":"https:\/\/candelaorganic.com\/de\/wp-json\/wp\/v2\/media?parent=14211"}],"wp:term":[{"taxonomy":"product_cat","embeddable":true,"href":"https:\/\/candelaorganic.com\/de\/wp-json\/wp\/v2\/product_cat?post=14211"},{"taxonomy":"product_tag","embeddable":true,"href":"https:\/\/candelaorganic.com\/de\/wp-json\/wp\/v2\/product_tag?post=14211"}],"curies":[{"name":"wp","href":"https:\/\/api.w.org\/{rel}","templated":true}]}}