{"id":14198,"date":"2024-04-04T18:24:48","date_gmt":"2024-04-04T16:24:48","guid":{"rendered":"https:\/\/candelaorganic.com\/de\/?post_type=product&#038;p=14198"},"modified":"2024-07-17T22:33:08","modified_gmt":"2024-07-17T20:33:08","slug":"quinoa-mit-bio-schokolade-55-ueberzogen","status":"publish","type":"product","link":"https:\/\/candelaorganic.com\/de\/producto\/quinoa-mit-bio-schokolade-55-ueberzogen\/","title":{"rendered":"Quinoa mit Bio-Schokolade 55% \u00fcberzogen"},"content":{"rendered":"<p>Quinoa ist ein sehr nahrhaftes Lebensmittel, das eine Vielzahl von gesundheitlichen Vorteilen bietet. Es ist eine au\u00dfergew\u00f6hnliche Quelle f\u00fcr hochwertiges pflanzliches Eiwei\u00df, was es besonders wertvoll f\u00fcr eine vegetarische und vegane Ern\u00e4hrung macht. Dar\u00fcber hinaus enth\u00e4lt es alle essenziellen Aminos\u00e4uren und ist damit ein vollst\u00e4ndiges Protein, das zum Wachstum und zur Reparatur von Gewebe im K\u00f6rper beitr\u00e4gt. Dar\u00fcber hinaus ist Quinoa reich an Ballaststoffen, die eine gesunde Verdauung f\u00f6rdern, zur Aufrechterhaltung eines stabilen Blutzuckerspiegels beitragen und ein S\u00e4ttigungsgef\u00fchl vermitteln, das bei der Kontrolle von Appetit und Gewicht hilfreich sein kann.<\/p>\n<p>Quinoa ist eine hervorragende Quelle f\u00fcr N\u00e4hrstoffe wie Magnesium, Eisen, Phosphor und Zink, die f\u00fcr verschiedene K\u00f6rperfunktionen wie Knochengesundheit, Muskel- und Nervenfunktion und das Immunsystem wichtig sind. Au\u00dferdem ist es reich an Antioxidantien wie Vitamin E und Flavonoiden, die dazu beitragen, oxidativen Stress im K\u00f6rper zu bek\u00e4mpfen und das Risiko chronischer Krankheiten zu verringern. Au\u00dferdem ist sie eine Quelle von Omega-3-Fetts\u00e4uren, die sich positiv auf die Gesundheit des Herz-Kreislauf-Systems und des Gehirns auswirken. Kurzum, Quinoa ist ein vielseitiges Superfood, das vollst\u00e4ndige Proteine, Ballaststoffe, Vitamine und essenzielle Mineralien liefert und somit eine wertvolle Erg\u00e4nzung zu einer ausgewogenen und gesunden Ern\u00e4hrung darstellt. Indem wir sie aus Ayacucho und Puno einf\u00fchren, f\u00f6rdern wir die Wertsch\u00f6pfungsketten in diesen Gebieten.<\/p>\n<p>&nbsp;<\/p>\n<div class=\"text-wrap\">\n<p><span class=\"subtitle\" style=\"color: #f1b434;\"><strong>MERKMALE UND VORTEILE<\/strong><\/span><\/p>\n<ul>\n<li>,,Vitaler N\u00e4hrstoffaufguss\u201c: Verbessern Sie Ihre Ern\u00e4hrung mit der bemerkenswerten Kombination aus essentiellen N\u00e4hrstoffen in Quinoa, erg\u00e4nzt durch die G\u00fcte von 55% Bio-Schokolade.<\/li>\n<li>\u201eAusgewogene Snack-Auswahl\u201c: Genie\u00dfen Sie mit Bedacht einen Snack, der ein harmonisches Gleichgewicht von Fetten, Kohlenhydraten und Proteinen f\u00fcr anhaltende Energie bietet.<\/li>\n<li>\u201eBallaststoffreicher Genuss\u201c: Genie\u00dfen Sie den zus\u00e4tzlichen Nutzen der Ballaststoffe aus Quinoa, die eine gesunde Verdauung und ein befriedigendes Gef\u00fchl f\u00f6rdern.<\/li>\n<li>\u201eMineralstoffreiches Wohlbefinden\u201c: Entdecken Sie die nahrhafte Wirkung von Eisen, Kalium und Natrium, die zur Vitalit\u00e4t und zu verschiedenen K\u00f6rperfunktionen beitragen.<\/li>\n<li>\u201eGenuss trifft Gesundheit\u201c: Genie\u00dfen Sie die luxuri\u00f6se Mischung aus Quinoa und Bio-Schokolade, eine k\u00f6stliche Kombination, die den Hei\u00dfhunger stillt und gleichzeitig wertvolle N\u00e4hrstoffe f\u00fcr Ihr Wohlbefinden liefert.<\/li>\n<li>Zutaten: Quinoa, Bio-Zucker, Bio-Kakaolik\u00f6r, Bio-Kakaobutter, Gummiarabikum und Wasser.<\/li>\n<\/ul>\n<\/div>\n<p>&nbsp;<\/p>\n<div class=\"text-wrap\">\n<p><span class=\"subtitle\" style=\"color: #f1b434;\"><strong>EMPFEHLUNGEN<\/strong><\/span><\/p>\n<p>ES TRAGEN:<\/p>\n<ul>\n<li>Als Snack bei der Arbeit.<\/li>\n<li>Als Nachtisch.<\/li>\n<li>F\u00fcr eine lange Reise<\/li>\n<\/ul>\n<p>Genie\u00dfen Sie es in kleinen St\u00fccken und mischen Sie es mit M\u00fcsli.<\/p>\n<p>Probieren Sie die klassischen Geschmacksrichtungen, bei denen Schokolade der Protagonist ist, aber mit einer knusprigen Note.<\/p>\n<p>Um unser Verlangen nach Schokolade zu stillen!<\/p>\n<\/div>\n<p>&nbsp;<\/p>\n<p><span class=\"subtitle\" style=\"color: #f1b434;\"><strong>PR\u00c4SENTATIONEN<\/strong><\/span><\/p>\n<div class=\"text-wrap\">\n<ul>\n<li aria-level=\"1\">Quinoa \u00fcberzogen mit Schokolade 55 % Kakao, 20 g (Beutel), Schachtel x 16 Einheiten<\/li>\n<\/ul>\n<\/div>\n","protected":false},"excerpt":{"rendered":"<p><strong class=\"subtitle\" style=\"color: #f1b434;\">\/ THEOBROMA CACAO &amp; CHENOPODIUM QUINOA \/<\/strong><\/p>\n<p>Begeben Sie sich auf eine Reise voller k\u00f6stlicher Aromen mit unserem nachhaltig angebauten Quinoa, umh\u00fcllt von einer Schicht samtiger 55%iger Bio-Schokolade. Sorgf\u00e4ltig hergestellt, bietet jeder Bissen eine harmonische Mischung aus nussiger G\u00fcte und ethischer Beschaffung und verwandelt Naschen in ein schuldfreies Vergn\u00fcgen, das sowohl Ihrem Gaumen als auch Ihren Werten entspricht.<\/p>\n","protected":false},"featured_media":13053,"comment_status":"open","ping_status":"closed","template":"","meta":{"editor_notices":[]},"product_cat":[118],"product_tag":[],"yoast_head":"<!-- This site is optimized with the Yoast SEO plugin v23.5 - https:\/\/yoast.com\/wordpress\/plugins\/seo\/ -->\n<title>Quinoa mit Bio-Schokolade 55% \u00fcberzogen - Candela Organic<\/title>\n<meta name=\"description\" content=\"Quinoa ist ein \u00e4u\u00dferst n\u00e4hrstoffreiches Lebensmittel, das zahlreiche gesundheitliche Vorteile bietet und eine au\u00dfergew\u00f6hnliche Quelle f\u00fcr pflanzliches Protein ist.\" \/>\n<meta name=\"robots\" content=\"index, follow, max-snippet:-1, max-image-preview:large, max-video-preview:-1\" \/>\n<link rel=\"canonical\" href=\"https:\/\/candelaorganic.com\/de\/producto\/quinoa-mit-bio-schokolade-55-ueberzogen\/\" \/>\n<meta property=\"og:locale\" content=\"de_DE\" \/>\n<meta property=\"og:type\" content=\"article\" \/>\n<meta property=\"og:title\" content=\"Quinoa mit Bio-Schokolade 55% \u00fcberzogen - Candela Organic\" \/>\n<meta property=\"og:description\" content=\"Quinoa ist ein \u00e4u\u00dferst n\u00e4hrstoffreiches Lebensmittel, das zahlreiche gesundheitliche Vorteile bietet und eine au\u00dfergew\u00f6hnliche Quelle f\u00fcr pflanzliches Protein ist.\" \/>\n<meta property=\"og:url\" content=\"https:\/\/candelaorganic.com\/de\/producto\/quinoa-mit-bio-schokolade-55-ueberzogen\/\" \/>\n<meta property=\"og:site_name\" content=\"Candela Organic\" \/>\n<meta property=\"article:modified_time\" content=\"2024-07-17T20:33:08+00:00\" \/>\n<meta property=\"og:image\" content=\"https:\/\/candelaorganic.com\/de\/wp-content\/uploads\/sites\/14\/2024\/04\/Secondary-product-image-142.webp\" \/>\n\t<meta property=\"og:image:width\" content=\"609\" \/>\n\t<meta property=\"og:image:height\" content=\"599\" \/>\n\t<meta property=\"og:image:type\" content=\"image\/webp\" \/>\n<meta name=\"twitter:card\" content=\"summary_large_image\" \/>\n<meta name=\"twitter:label1\" content=\"Gesch\u00e4tzte Lesezeit\" \/>\n\t<meta name=\"twitter:data1\" content=\"3\u00a0Minuten\" \/>\n<script type=\"application\/ld+json\" class=\"yoast-schema-graph\">{\"@context\":\"https:\/\/schema.org\",\"@graph\":[{\"@type\":\"WebPage\",\"@id\":\"https:\/\/candelaorganic.com\/de\/producto\/quinoa-mit-bio-schokolade-55-ueberzogen\/\",\"url\":\"https:\/\/candelaorganic.com\/de\/producto\/quinoa-mit-bio-schokolade-55-ueberzogen\/\",\"name\":\"Quinoa mit Bio-Schokolade 55% \u00fcberzogen - Candela Organic\",\"isPartOf\":{\"@id\":\"https:\/\/candelaorganic.com\/de\/#website\"},\"primaryImageOfPage\":{\"@id\":\"https:\/\/candelaorganic.com\/de\/producto\/quinoa-mit-bio-schokolade-55-ueberzogen\/#primaryimage\"},\"image\":{\"@id\":\"https:\/\/candelaorganic.com\/de\/producto\/quinoa-mit-bio-schokolade-55-ueberzogen\/#primaryimage\"},\"thumbnailUrl\":\"https:\/\/candelaorganic.com\/de\/wp-content\/uploads\/sites\/14\/2024\/04\/Secondary-product-image-142.webp\",\"datePublished\":\"2024-04-04T16:24:48+00:00\",\"dateModified\":\"2024-07-17T20:33:08+00:00\",\"description\":\"Quinoa ist ein \u00e4u\u00dferst n\u00e4hrstoffreiches Lebensmittel, das zahlreiche gesundheitliche Vorteile bietet und eine au\u00dfergew\u00f6hnliche Quelle f\u00fcr pflanzliches Protein ist.\",\"breadcrumb\":{\"@id\":\"https:\/\/candelaorganic.com\/de\/producto\/quinoa-mit-bio-schokolade-55-ueberzogen\/#breadcrumb\"},\"inLanguage\":\"de\",\"potentialAction\":[{\"@type\":\"ReadAction\",\"target\":[\"https:\/\/candelaorganic.com\/de\/producto\/quinoa-mit-bio-schokolade-55-ueberzogen\/\"]}]},{\"@type\":\"ImageObject\",\"inLanguage\":\"de\",\"@id\":\"https:\/\/candelaorganic.com\/de\/producto\/quinoa-mit-bio-schokolade-55-ueberzogen\/#primaryimage\",\"url\":\"https:\/\/candelaorganic.com\/de\/wp-content\/uploads\/sites\/14\/2024\/04\/Secondary-product-image-142.webp\",\"contentUrl\":\"https:\/\/candelaorganic.com\/de\/wp-content\/uploads\/sites\/14\/2024\/04\/Secondary-product-image-142.webp\",\"width\":609,\"height\":599},{\"@type\":\"BreadcrumbList\",\"@id\":\"https:\/\/candelaorganic.com\/de\/producto\/quinoa-mit-bio-schokolade-55-ueberzogen\/#breadcrumb\",\"itemListElement\":[{\"@type\":\"ListItem\",\"position\":1,\"name\":\"Produkte\",\"item\":\"https:\/\/candelaorganic.com\/de\/produkte\/\"},{\"@type\":\"ListItem\",\"position\":2,\"name\":\"Lebensmitteleinzelhandel\",\"item\":\"https:\/\/candelaorganic.com\/de\/tienda\/lebensmittel-einzelhandel\/\"},{\"@type\":\"ListItem\",\"position\":3,\"name\":\"Snacks\",\"item\":\"https:\/\/candelaorganic.com\/de\/tienda\/lebensmittel-einzelhandel\/snacks-einzelhandel\/\"},{\"@type\":\"ListItem\",\"position\":4,\"name\":\"55 % Kakao\",\"item\":\"https:\/\/candelaorganic.com\/de\/tienda\/lebensmittel-einzelhandel\/snacks-einzelhandel\/snacks-55-kakao\/\"},{\"@type\":\"ListItem\",\"position\":5,\"name\":\"Quinoa mit Bio-Schokolade 55% \u00fcberzogen\"}]},{\"@type\":\"WebSite\",\"@id\":\"https:\/\/candelaorganic.com\/de\/#website\",\"url\":\"https:\/\/candelaorganic.com\/de\/\",\"name\":\"Candela Organic\",\"description\":\"Wir erh\u00f6hen die Lebensmittelstandards\",\"publisher\":{\"@id\":\"https:\/\/candelaorganic.com\/de\/#organization\"},\"potentialAction\":[{\"@type\":\"SearchAction\",\"target\":{\"@type\":\"EntryPoint\",\"urlTemplate\":\"https:\/\/candelaorganic.com\/de\/?s={search_term_string}\"},\"query-input\":{\"@type\":\"PropertyValueSpecification\",\"valueRequired\":true,\"valueName\":\"search_term_string\"}}],\"inLanguage\":\"de\"},{\"@type\":\"Organization\",\"@id\":\"https:\/\/candelaorganic.com\/de\/#organization\",\"name\":\"Candela Organic\",\"url\":\"https:\/\/candelaorganic.com\/de\/\",\"logo\":{\"@type\":\"ImageObject\",\"inLanguage\":\"de\",\"@id\":\"https:\/\/candelaorganic.com\/de\/#\/schema\/logo\/image\/\",\"url\":\"https:\/\/candelaorganic.com\/de\/wp-content\/uploads\/sites\/14\/2024\/04\/Logotype.webp\",\"contentUrl\":\"https:\/\/candelaorganic.com\/de\/wp-content\/uploads\/sites\/14\/2024\/04\/Logotype.webp\",\"width\":256,\"height\":52,\"caption\":\"Candela Organic\"},\"image\":{\"@id\":\"https:\/\/candelaorganic.com\/de\/#\/schema\/logo\/image\/\"}}]}<\/script>\n<!-- \/ Yoast SEO plugin. -->","yoast_head_json":{"title":"Quinoa mit Bio-Schokolade 55% \u00fcberzogen - Candela Organic","description":"Quinoa ist ein \u00e4u\u00dferst n\u00e4hrstoffreiches Lebensmittel, das zahlreiche gesundheitliche Vorteile bietet und eine au\u00dfergew\u00f6hnliche Quelle f\u00fcr pflanzliches Protein ist.","robots":{"index":"index","follow":"follow","max-snippet":"max-snippet:-1","max-image-preview":"max-image-preview:large","max-video-preview":"max-video-preview:-1"},"canonical":"https:\/\/candelaorganic.com\/de\/producto\/quinoa-mit-bio-schokolade-55-ueberzogen\/","og_locale":"de_DE","og_type":"article","og_title":"Quinoa mit Bio-Schokolade 55% \u00fcberzogen - Candela Organic","og_description":"Quinoa ist ein \u00e4u\u00dferst n\u00e4hrstoffreiches Lebensmittel, das zahlreiche gesundheitliche Vorteile bietet und eine au\u00dfergew\u00f6hnliche Quelle f\u00fcr pflanzliches Protein ist.","og_url":"https:\/\/candelaorganic.com\/de\/producto\/quinoa-mit-bio-schokolade-55-ueberzogen\/","og_site_name":"Candela Organic","article_modified_time":"2024-07-17T20:33:08+00:00","og_image":[{"width":609,"height":599,"url":"https:\/\/candelaorganic.com\/de\/wp-content\/uploads\/sites\/14\/2024\/04\/Secondary-product-image-142.webp","type":"image\/webp"}],"twitter_card":"summary_large_image","twitter_misc":{"Gesch\u00e4tzte Lesezeit":"3\u00a0Minuten"},"schema":{"@context":"https:\/\/schema.org","@graph":[{"@type":"WebPage","@id":"https:\/\/candelaorganic.com\/de\/producto\/quinoa-mit-bio-schokolade-55-ueberzogen\/","url":"https:\/\/candelaorganic.com\/de\/producto\/quinoa-mit-bio-schokolade-55-ueberzogen\/","name":"Quinoa mit Bio-Schokolade 55% \u00fcberzogen - Candela Organic","isPartOf":{"@id":"https:\/\/candelaorganic.com\/de\/#website"},"primaryImageOfPage":{"@id":"https:\/\/candelaorganic.com\/de\/producto\/quinoa-mit-bio-schokolade-55-ueberzogen\/#primaryimage"},"image":{"@id":"https:\/\/candelaorganic.com\/de\/producto\/quinoa-mit-bio-schokolade-55-ueberzogen\/#primaryimage"},"thumbnailUrl":"https:\/\/candelaorganic.com\/de\/wp-content\/uploads\/sites\/14\/2024\/04\/Secondary-product-image-142.webp","datePublished":"2024-04-04T16:24:48+00:00","dateModified":"2024-07-17T20:33:08+00:00","description":"Quinoa ist ein \u00e4u\u00dferst n\u00e4hrstoffreiches Lebensmittel, das zahlreiche gesundheitliche Vorteile bietet und eine au\u00dfergew\u00f6hnliche Quelle f\u00fcr pflanzliches Protein ist.","breadcrumb":{"@id":"https:\/\/candelaorganic.com\/de\/producto\/quinoa-mit-bio-schokolade-55-ueberzogen\/#breadcrumb"},"inLanguage":"de","potentialAction":[{"@type":"ReadAction","target":["https:\/\/candelaorganic.com\/de\/producto\/quinoa-mit-bio-schokolade-55-ueberzogen\/"]}]},{"@type":"ImageObject","inLanguage":"de","@id":"https:\/\/candelaorganic.com\/de\/producto\/quinoa-mit-bio-schokolade-55-ueberzogen\/#primaryimage","url":"https:\/\/candelaorganic.com\/de\/wp-content\/uploads\/sites\/14\/2024\/04\/Secondary-product-image-142.webp","contentUrl":"https:\/\/candelaorganic.com\/de\/wp-content\/uploads\/sites\/14\/2024\/04\/Secondary-product-image-142.webp","width":609,"height":599},{"@type":"BreadcrumbList","@id":"https:\/\/candelaorganic.com\/de\/producto\/quinoa-mit-bio-schokolade-55-ueberzogen\/#breadcrumb","itemListElement":[{"@type":"ListItem","position":1,"name":"Produkte","item":"https:\/\/candelaorganic.com\/de\/produkte\/"},{"@type":"ListItem","position":2,"name":"Lebensmitteleinzelhandel","item":"https:\/\/candelaorganic.com\/de\/tienda\/lebensmittel-einzelhandel\/"},{"@type":"ListItem","position":3,"name":"Snacks","item":"https:\/\/candelaorganic.com\/de\/tienda\/lebensmittel-einzelhandel\/snacks-einzelhandel\/"},{"@type":"ListItem","position":4,"name":"55 % Kakao","item":"https:\/\/candelaorganic.com\/de\/tienda\/lebensmittel-einzelhandel\/snacks-einzelhandel\/snacks-55-kakao\/"},{"@type":"ListItem","position":5,"name":"Quinoa mit Bio-Schokolade 55% \u00fcberzogen"}]},{"@type":"WebSite","@id":"https:\/\/candelaorganic.com\/de\/#website","url":"https:\/\/candelaorganic.com\/de\/","name":"Candela Organic","description":"Wir erh\u00f6hen die Lebensmittelstandards","publisher":{"@id":"https:\/\/candelaorganic.com\/de\/#organization"},"potentialAction":[{"@type":"SearchAction","target":{"@type":"EntryPoint","urlTemplate":"https:\/\/candelaorganic.com\/de\/?s={search_term_string}"},"query-input":{"@type":"PropertyValueSpecification","valueRequired":true,"valueName":"search_term_string"}}],"inLanguage":"de"},{"@type":"Organization","@id":"https:\/\/candelaorganic.com\/de\/#organization","name":"Candela Organic","url":"https:\/\/candelaorganic.com\/de\/","logo":{"@type":"ImageObject","inLanguage":"de","@id":"https:\/\/candelaorganic.com\/de\/#\/schema\/logo\/image\/","url":"https:\/\/candelaorganic.com\/de\/wp-content\/uploads\/sites\/14\/2024\/04\/Logotype.webp","contentUrl":"https:\/\/candelaorganic.com\/de\/wp-content\/uploads\/sites\/14\/2024\/04\/Logotype.webp","width":256,"height":52,"caption":"Candela Organic"},"image":{"@id":"https:\/\/candelaorganic.com\/de\/#\/schema\/logo\/image\/"}}]}},"_links":{"self":[{"href":"https:\/\/candelaorganic.com\/de\/wp-json\/wp\/v2\/product\/14198"}],"collection":[{"href":"https:\/\/candelaorganic.com\/de\/wp-json\/wp\/v2\/product"}],"about":[{"href":"https:\/\/candelaorganic.com\/de\/wp-json\/wp\/v2\/types\/product"}],"replies":[{"embeddable":true,"href":"https:\/\/candelaorganic.com\/de\/wp-json\/wp\/v2\/comments?post=14198"}],"wp:featuredmedia":[{"embeddable":true,"href":"https:\/\/candelaorganic.com\/de\/wp-json\/wp\/v2\/media\/13053"}],"wp:attachment":[{"href":"https:\/\/candelaorganic.com\/de\/wp-json\/wp\/v2\/media?parent=14198"}],"wp:term":[{"taxonomy":"product_cat","embeddable":true,"href":"https:\/\/candelaorganic.com\/de\/wp-json\/wp\/v2\/product_cat?post=14198"},{"taxonomy":"product_tag","embeddable":true,"href":"https:\/\/candelaorganic.com\/de\/wp-json\/wp\/v2\/product_tag?post=14198"}],"curies":[{"name":"wp","href":"https:\/\/api.w.org\/{rel}","templated":true}]}}