{"id":14178,"date":"2024-04-04T18:20:41","date_gmt":"2024-04-04T16:20:41","guid":{"rendered":"https:\/\/candelaorganic.com\/de\/?post_type=product&#038;p=14178"},"modified":"2024-07-17T22:32:40","modified_gmt":"2024-07-17T20:32:40","slug":"kaffee-ueberzogen-mit-schokolade-55-kakao-2","status":"publish","type":"product","link":"https:\/\/candelaorganic.com\/de\/producto\/kaffee-ueberzogen-mit-schokolade-55-kakao-2\/","title":{"rendered":"Kaffee \u00fcberzogen mit Schokolade 55 % Kakao"},"content":{"rendered":"<p>In Schokolade getauchte ger\u00f6stete Kaffeebohnen sind eine Kombination, die vor allem wegen ihres Geschmacks gesch\u00e4tzt wird. Diese Mischung bietet ein einzigartiges Geschmackserlebnis, indem sie den kr\u00e4ftigen Geschmack von Kaffee mit der sanften und kraftvollen S\u00fc\u00dfe von Schokolade vereint. Der sensorische Genuss, den diese Kombination bietet, kann f\u00fcr Kaffee- und Schokoladenliebhaber \u00e4u\u00dferst befriedigend sein.<\/p>\n<p>Einer der Vorteile, die mit ger\u00f6stetem Kaffee in Verbindung gebracht werden k\u00f6nnen, ist sein Koffeingehalt, der f\u00fcr eine Steigerung der Energie und der geistigen Wachsamkeit sorgen kann. Dies kann besonders dann n\u00fctzlich sein, wenn Wachsamkeit erforderlich ist. Daher wird empfohlen, Kaffee mit Schokolade in Ma\u00dfen als gelegentlichen Genuss zu genie\u00dfen und gleichzeitig auf eine ausgewogene Ern\u00e4hrung zu achten, um die allgemeine Gesundheit zu f\u00f6rdern und zur Nachhaltigkeit der Kaffee- und Kakao-Wertsch\u00f6pfungsketten beizutragen.<\/p>\n<p>&nbsp;<\/p>\n<div class=\"text-wrap\">\n<p><span class=\"subtitle\" style=\"color: #f1b434;\"><strong>FUNKTIONEN UND VORTEILE<\/strong><\/span><\/p>\n<ul>\n<li>Energiespendend: G\u00f6nnen Sie sich unseren mit Schokolade \u00fcberzogenen Kaffee, der pro Portion gute Kalorien liefert. Ein k\u00f6stlicher Energieschub f\u00fcr Ihre t\u00e4glichen Aktivit\u00e4ten.<\/li>\n<li>Ausgewogene Ern\u00e4hrung: Mit den n\u00f6tigen Kohlenhydraten sorgt diese K\u00f6stlichkeit f\u00fcr eine harmonische N\u00e4hrstoffmischung f\u00fcr nachhaltige Vitalit\u00e4t.<\/li>\n<li>Ballaststoffquelle: Genie\u00dfen Sie die Vorteile von Ballaststoffen, die eine gesunde Verdauung f\u00f6rdern und zu einem S\u00e4ttigungsgef\u00fchl beitragen.<\/li>\n<li>Protein-Power: Protein pro Portion unterst\u00fctzt die Muskelgesundheit, die Gewebereparatur und das allgemeine Wohlbefinden.<\/li>\n<li>Essentielle Mineralien: Entdecken Sie die Vorteile von Kalzium, Eisen und Kalium, die zur Knochenst\u00e4rke, zum Sauerstofftransport und zur Herzgesundheit beitragen.<\/li>\n<li>Zutaten: Kaffee, Bio-Zucker, Bio-Kakaolik\u00f6r, Bio-Kakaobutter, Gummi arabicum und Wasser.<\/li>\n<\/ul>\n<p>&nbsp;<\/p>\n<\/div>\n<p><span class=\"subtitle\" style=\"color: #f1b434;\"><strong>EMPFEHLUNGEN<\/strong><\/span><\/p>\n<p>ES TRAGEN:<\/p>\n<ul>\n<li>Als Snack bei der Arbeit.<\/li>\n<li>Als Nachtisch.<\/li>\n<li>F\u00fcr eine lange Reise<\/li>\n<\/ul>\n<p>Genie\u00dfen Sie es in kleinen St\u00fccken und mischen Sie es mit M\u00fcsli.<br \/>\nProbieren Sie die klassischen Geschmacksrichtungen, bei denen Schokolade der Protagonist ist, aber mit einer knusprigen Note.<br \/>\nUm unser Verlangen nach Schokolade zu stillen!<\/p>\n<p>&nbsp;<\/p>\n<div class=\"text-wrap\">\n<p><span class=\"subtitle\" style=\"color: #f1b434;\"><strong>PR\u00c4SENTATIONEN<\/strong><\/span><\/p>\n<ul>\n<li aria-level=\"1\">Kaffee \u00fcberzogen mit Schokolade 55 % Kakao, 20 g (Beutel), Karton x 16 Einheiten<\/li>\n<\/ul>\n<\/div>\n","protected":false},"excerpt":{"rendered":"<div class=\"title\" style=\"color: #f1b434;\"><span class=\"name\">\/ <strong>THEOBROMA CACAO &amp; COFFEA SP.<\/strong> \/<\/span><\/div>\n<p>Unsere Kaffeebohnen sind in 55 % Bio-Schokolade getaucht. Mit Sorgfalt zubereitet, bietet jeder Bissen eine harmonische Kombination aus reichhaltigen Geschmacksrichtungen und Aromen und verwandelt die K\u00e4lte in einen Genuss ohne Schuldgef\u00fchle, der sowohl Ihren Gaumen als auch Ihre Werte anspricht.<\/p>\n","protected":false},"featured_media":12935,"comment_status":"open","ping_status":"closed","template":"","meta":{"editor_notices":[]},"product_cat":[118],"product_tag":[],"yoast_head":"<!-- This site is optimized with the Yoast SEO plugin v23.5 - https:\/\/yoast.com\/wordpress\/plugins\/seo\/ -->\n<title>Kaffee \u00fcberzogen mit Schokolade 55 % Kakao - Candela Organic<\/title>\n<meta name=\"description\" content=\"Die in Schokolade getauchte ger\u00f6stete Kaffeebohne ist eine Kombination, die vor allem wegen ihres Geschmacks gesch\u00e4tzt wird. Diese Mischung bietet ein einzigartiges Erlebnis.\" \/>\n<meta name=\"robots\" content=\"index, follow, max-snippet:-1, max-image-preview:large, max-video-preview:-1\" \/>\n<link rel=\"canonical\" href=\"https:\/\/candelaorganic.com\/de\/producto\/kaffee-ueberzogen-mit-schokolade-55-kakao-2\/\" \/>\n<meta property=\"og:locale\" content=\"de_DE\" \/>\n<meta property=\"og:type\" content=\"article\" \/>\n<meta property=\"og:title\" content=\"Kaffee \u00fcberzogen mit Schokolade 55 % Kakao - Candela Organic\" \/>\n<meta property=\"og:description\" content=\"Die in Schokolade getauchte ger\u00f6stete Kaffeebohne ist eine Kombination, die vor allem wegen ihres Geschmacks gesch\u00e4tzt wird. Diese Mischung bietet ein einzigartiges Erlebnis.\" \/>\n<meta property=\"og:url\" content=\"https:\/\/candelaorganic.com\/de\/producto\/kaffee-ueberzogen-mit-schokolade-55-kakao-2\/\" \/>\n<meta property=\"og:site_name\" content=\"Candela Organic\" \/>\n<meta property=\"article:modified_time\" content=\"2024-07-17T20:32:40+00:00\" \/>\n<meta property=\"og:image\" content=\"https:\/\/candelaorganic.com\/de\/wp-content\/uploads\/sites\/14\/2024\/04\/Secondary-product-image-135.webp\" \/>\n\t<meta property=\"og:image:width\" content=\"609\" \/>\n\t<meta property=\"og:image:height\" content=\"599\" \/>\n\t<meta property=\"og:image:type\" content=\"image\/webp\" \/>\n<meta name=\"twitter:card\" content=\"summary_large_image\" \/>\n<meta name=\"twitter:label1\" content=\"Gesch\u00e4tzte Lesezeit\" \/>\n\t<meta name=\"twitter:data1\" content=\"2\u00a0Minuten\" \/>\n<script type=\"application\/ld+json\" class=\"yoast-schema-graph\">{\"@context\":\"https:\/\/schema.org\",\"@graph\":[{\"@type\":\"WebPage\",\"@id\":\"https:\/\/candelaorganic.com\/de\/producto\/kaffee-ueberzogen-mit-schokolade-55-kakao-2\/\",\"url\":\"https:\/\/candelaorganic.com\/de\/producto\/kaffee-ueberzogen-mit-schokolade-55-kakao-2\/\",\"name\":\"Kaffee \u00fcberzogen mit Schokolade 55 % Kakao - Candela Organic\",\"isPartOf\":{\"@id\":\"https:\/\/candelaorganic.com\/de\/#website\"},\"primaryImageOfPage\":{\"@id\":\"https:\/\/candelaorganic.com\/de\/producto\/kaffee-ueberzogen-mit-schokolade-55-kakao-2\/#primaryimage\"},\"image\":{\"@id\":\"https:\/\/candelaorganic.com\/de\/producto\/kaffee-ueberzogen-mit-schokolade-55-kakao-2\/#primaryimage\"},\"thumbnailUrl\":\"https:\/\/candelaorganic.com\/de\/wp-content\/uploads\/sites\/14\/2024\/04\/Secondary-product-image-135.webp\",\"datePublished\":\"2024-04-04T16:20:41+00:00\",\"dateModified\":\"2024-07-17T20:32:40+00:00\",\"description\":\"Die in Schokolade getauchte ger\u00f6stete Kaffeebohne ist eine Kombination, die vor allem wegen ihres Geschmacks gesch\u00e4tzt wird. Diese Mischung bietet ein einzigartiges Erlebnis.\",\"breadcrumb\":{\"@id\":\"https:\/\/candelaorganic.com\/de\/producto\/kaffee-ueberzogen-mit-schokolade-55-kakao-2\/#breadcrumb\"},\"inLanguage\":\"de\",\"potentialAction\":[{\"@type\":\"ReadAction\",\"target\":[\"https:\/\/candelaorganic.com\/de\/producto\/kaffee-ueberzogen-mit-schokolade-55-kakao-2\/\"]}]},{\"@type\":\"ImageObject\",\"inLanguage\":\"de\",\"@id\":\"https:\/\/candelaorganic.com\/de\/producto\/kaffee-ueberzogen-mit-schokolade-55-kakao-2\/#primaryimage\",\"url\":\"https:\/\/candelaorganic.com\/de\/wp-content\/uploads\/sites\/14\/2024\/04\/Secondary-product-image-135.webp\",\"contentUrl\":\"https:\/\/candelaorganic.com\/de\/wp-content\/uploads\/sites\/14\/2024\/04\/Secondary-product-image-135.webp\",\"width\":609,\"height\":599},{\"@type\":\"BreadcrumbList\",\"@id\":\"https:\/\/candelaorganic.com\/de\/producto\/kaffee-ueberzogen-mit-schokolade-55-kakao-2\/#breadcrumb\",\"itemListElement\":[{\"@type\":\"ListItem\",\"position\":1,\"name\":\"Produkte\",\"item\":\"https:\/\/candelaorganic.com\/de\/produkte\/\"},{\"@type\":\"ListItem\",\"position\":2,\"name\":\"Lebensmitteleinzelhandel\",\"item\":\"https:\/\/candelaorganic.com\/de\/tienda\/lebensmittel-einzelhandel\/\"},{\"@type\":\"ListItem\",\"position\":3,\"name\":\"Snacks\",\"item\":\"https:\/\/candelaorganic.com\/de\/tienda\/lebensmittel-einzelhandel\/snacks-einzelhandel\/\"},{\"@type\":\"ListItem\",\"position\":4,\"name\":\"55 % Kakao\",\"item\":\"https:\/\/candelaorganic.com\/de\/tienda\/lebensmittel-einzelhandel\/snacks-einzelhandel\/snacks-55-kakao\/\"},{\"@type\":\"ListItem\",\"position\":5,\"name\":\"Kaffee \u00fcberzogen mit Schokolade 55 % Kakao\"}]},{\"@type\":\"WebSite\",\"@id\":\"https:\/\/candelaorganic.com\/de\/#website\",\"url\":\"https:\/\/candelaorganic.com\/de\/\",\"name\":\"Candela Organic\",\"description\":\"Wir erh\u00f6hen die Lebensmittelstandards\",\"publisher\":{\"@id\":\"https:\/\/candelaorganic.com\/de\/#organization\"},\"potentialAction\":[{\"@type\":\"SearchAction\",\"target\":{\"@type\":\"EntryPoint\",\"urlTemplate\":\"https:\/\/candelaorganic.com\/de\/?s={search_term_string}\"},\"query-input\":{\"@type\":\"PropertyValueSpecification\",\"valueRequired\":true,\"valueName\":\"search_term_string\"}}],\"inLanguage\":\"de\"},{\"@type\":\"Organization\",\"@id\":\"https:\/\/candelaorganic.com\/de\/#organization\",\"name\":\"Candela Organic\",\"url\":\"https:\/\/candelaorganic.com\/de\/\",\"logo\":{\"@type\":\"ImageObject\",\"inLanguage\":\"de\",\"@id\":\"https:\/\/candelaorganic.com\/de\/#\/schema\/logo\/image\/\",\"url\":\"https:\/\/candelaorganic.com\/de\/wp-content\/uploads\/sites\/14\/2024\/04\/Logotype.webp\",\"contentUrl\":\"https:\/\/candelaorganic.com\/de\/wp-content\/uploads\/sites\/14\/2024\/04\/Logotype.webp\",\"width\":256,\"height\":52,\"caption\":\"Candela Organic\"},\"image\":{\"@id\":\"https:\/\/candelaorganic.com\/de\/#\/schema\/logo\/image\/\"}}]}<\/script>\n<!-- \/ Yoast SEO plugin. -->","yoast_head_json":{"title":"Kaffee \u00fcberzogen mit Schokolade 55 % Kakao - Candela Organic","description":"Die in Schokolade getauchte ger\u00f6stete Kaffeebohne ist eine Kombination, die vor allem wegen ihres Geschmacks gesch\u00e4tzt wird. Diese Mischung bietet ein einzigartiges Erlebnis.","robots":{"index":"index","follow":"follow","max-snippet":"max-snippet:-1","max-image-preview":"max-image-preview:large","max-video-preview":"max-video-preview:-1"},"canonical":"https:\/\/candelaorganic.com\/de\/producto\/kaffee-ueberzogen-mit-schokolade-55-kakao-2\/","og_locale":"de_DE","og_type":"article","og_title":"Kaffee \u00fcberzogen mit Schokolade 55 % Kakao - Candela Organic","og_description":"Die in Schokolade getauchte ger\u00f6stete Kaffeebohne ist eine Kombination, die vor allem wegen ihres Geschmacks gesch\u00e4tzt wird. Diese Mischung bietet ein einzigartiges Erlebnis.","og_url":"https:\/\/candelaorganic.com\/de\/producto\/kaffee-ueberzogen-mit-schokolade-55-kakao-2\/","og_site_name":"Candela Organic","article_modified_time":"2024-07-17T20:32:40+00:00","og_image":[{"width":609,"height":599,"url":"https:\/\/candelaorganic.com\/de\/wp-content\/uploads\/sites\/14\/2024\/04\/Secondary-product-image-135.webp","type":"image\/webp"}],"twitter_card":"summary_large_image","twitter_misc":{"Gesch\u00e4tzte Lesezeit":"2\u00a0Minuten"},"schema":{"@context":"https:\/\/schema.org","@graph":[{"@type":"WebPage","@id":"https:\/\/candelaorganic.com\/de\/producto\/kaffee-ueberzogen-mit-schokolade-55-kakao-2\/","url":"https:\/\/candelaorganic.com\/de\/producto\/kaffee-ueberzogen-mit-schokolade-55-kakao-2\/","name":"Kaffee \u00fcberzogen mit Schokolade 55 % Kakao - Candela Organic","isPartOf":{"@id":"https:\/\/candelaorganic.com\/de\/#website"},"primaryImageOfPage":{"@id":"https:\/\/candelaorganic.com\/de\/producto\/kaffee-ueberzogen-mit-schokolade-55-kakao-2\/#primaryimage"},"image":{"@id":"https:\/\/candelaorganic.com\/de\/producto\/kaffee-ueberzogen-mit-schokolade-55-kakao-2\/#primaryimage"},"thumbnailUrl":"https:\/\/candelaorganic.com\/de\/wp-content\/uploads\/sites\/14\/2024\/04\/Secondary-product-image-135.webp","datePublished":"2024-04-04T16:20:41+00:00","dateModified":"2024-07-17T20:32:40+00:00","description":"Die in Schokolade getauchte ger\u00f6stete Kaffeebohne ist eine Kombination, die vor allem wegen ihres Geschmacks gesch\u00e4tzt wird. Diese Mischung bietet ein einzigartiges Erlebnis.","breadcrumb":{"@id":"https:\/\/candelaorganic.com\/de\/producto\/kaffee-ueberzogen-mit-schokolade-55-kakao-2\/#breadcrumb"},"inLanguage":"de","potentialAction":[{"@type":"ReadAction","target":["https:\/\/candelaorganic.com\/de\/producto\/kaffee-ueberzogen-mit-schokolade-55-kakao-2\/"]}]},{"@type":"ImageObject","inLanguage":"de","@id":"https:\/\/candelaorganic.com\/de\/producto\/kaffee-ueberzogen-mit-schokolade-55-kakao-2\/#primaryimage","url":"https:\/\/candelaorganic.com\/de\/wp-content\/uploads\/sites\/14\/2024\/04\/Secondary-product-image-135.webp","contentUrl":"https:\/\/candelaorganic.com\/de\/wp-content\/uploads\/sites\/14\/2024\/04\/Secondary-product-image-135.webp","width":609,"height":599},{"@type":"BreadcrumbList","@id":"https:\/\/candelaorganic.com\/de\/producto\/kaffee-ueberzogen-mit-schokolade-55-kakao-2\/#breadcrumb","itemListElement":[{"@type":"ListItem","position":1,"name":"Produkte","item":"https:\/\/candelaorganic.com\/de\/produkte\/"},{"@type":"ListItem","position":2,"name":"Lebensmitteleinzelhandel","item":"https:\/\/candelaorganic.com\/de\/tienda\/lebensmittel-einzelhandel\/"},{"@type":"ListItem","position":3,"name":"Snacks","item":"https:\/\/candelaorganic.com\/de\/tienda\/lebensmittel-einzelhandel\/snacks-einzelhandel\/"},{"@type":"ListItem","position":4,"name":"55 % Kakao","item":"https:\/\/candelaorganic.com\/de\/tienda\/lebensmittel-einzelhandel\/snacks-einzelhandel\/snacks-55-kakao\/"},{"@type":"ListItem","position":5,"name":"Kaffee \u00fcberzogen mit Schokolade 55 % Kakao"}]},{"@type":"WebSite","@id":"https:\/\/candelaorganic.com\/de\/#website","url":"https:\/\/candelaorganic.com\/de\/","name":"Candela Organic","description":"Wir erh\u00f6hen die Lebensmittelstandards","publisher":{"@id":"https:\/\/candelaorganic.com\/de\/#organization"},"potentialAction":[{"@type":"SearchAction","target":{"@type":"EntryPoint","urlTemplate":"https:\/\/candelaorganic.com\/de\/?s={search_term_string}"},"query-input":{"@type":"PropertyValueSpecification","valueRequired":true,"valueName":"search_term_string"}}],"inLanguage":"de"},{"@type":"Organization","@id":"https:\/\/candelaorganic.com\/de\/#organization","name":"Candela Organic","url":"https:\/\/candelaorganic.com\/de\/","logo":{"@type":"ImageObject","inLanguage":"de","@id":"https:\/\/candelaorganic.com\/de\/#\/schema\/logo\/image\/","url":"https:\/\/candelaorganic.com\/de\/wp-content\/uploads\/sites\/14\/2024\/04\/Logotype.webp","contentUrl":"https:\/\/candelaorganic.com\/de\/wp-content\/uploads\/sites\/14\/2024\/04\/Logotype.webp","width":256,"height":52,"caption":"Candela Organic"},"image":{"@id":"https:\/\/candelaorganic.com\/de\/#\/schema\/logo\/image\/"}}]}},"_links":{"self":[{"href":"https:\/\/candelaorganic.com\/de\/wp-json\/wp\/v2\/product\/14178"}],"collection":[{"href":"https:\/\/candelaorganic.com\/de\/wp-json\/wp\/v2\/product"}],"about":[{"href":"https:\/\/candelaorganic.com\/de\/wp-json\/wp\/v2\/types\/product"}],"replies":[{"embeddable":true,"href":"https:\/\/candelaorganic.com\/de\/wp-json\/wp\/v2\/comments?post=14178"}],"wp:featuredmedia":[{"embeddable":true,"href":"https:\/\/candelaorganic.com\/de\/wp-json\/wp\/v2\/media\/12935"}],"wp:attachment":[{"href":"https:\/\/candelaorganic.com\/de\/wp-json\/wp\/v2\/media?parent=14178"}],"wp:term":[{"taxonomy":"product_cat","embeddable":true,"href":"https:\/\/candelaorganic.com\/de\/wp-json\/wp\/v2\/product_cat?post=14178"},{"taxonomy":"product_tag","embeddable":true,"href":"https:\/\/candelaorganic.com\/de\/wp-json\/wp\/v2\/product_tag?post=14178"}],"curies":[{"name":"wp","href":"https:\/\/api.w.org\/{rel}","templated":true}]}}