{"id":14141,"date":"2024-04-04T18:16:47","date_gmt":"2024-04-04T16:16:47","guid":{"rendered":"https:\/\/candelaorganic.com\/de\/?post_type=product&#038;p=14141"},"modified":"2024-07-17T22:32:25","modified_gmt":"2024-07-17T20:32:25","slug":"dehydrierter-aguaymanto-ueberzogen-mit-schokolade-55-kakao-2","status":"publish","type":"product","link":"https:\/\/candelaorganic.com\/de\/producto\/dehydrierter-aguaymanto-ueberzogen-mit-schokolade-55-kakao-2\/","title":{"rendered":"Dehydrierter Aguaymanto-\u00fcberzogen mit Schokolade-55-Kakao"},"content":{"rendered":"<p>Dehydriertes Aguaymanto ist ein aus S\u00fcdamerika stammendes Lebensmittel, das aufgrund seiner langen Konsumgeschichte in der Andenregion den Spitznamen \u201eFrucht der Inkas\u201c erhalten hat. Diese Trockenfrucht ist eine au\u00dfergew\u00f6hnliche Quelle f\u00fcr Vitamin C, das zur St\u00e4rkung des Immunsystems und zur Gesundheit von Haut und Schleimh\u00e4uten unerl\u00e4sslich ist. Dar\u00fcber hinaus ist Aguaymanthus reich an Antioxidantien wie Carotinoiden und Polyphenolen, die dabei helfen k\u00f6nnen, durch freie Radikale verursachte Sch\u00e4den zu bek\u00e4mpfen und das Risiko chronischer Krankheiten zu verringern.<\/p>\n<p>Ein weiterer wichtiger Vorteil von getrocknetem Aguaymanto ist sein Ballaststoffgehalt, der die Verdauung f\u00f6rdert und zur Aufrechterhaltung eines stabilen Blutzuckerspiegels beitragen kann. Dar\u00fcber hinaus f\u00f6rdern Ballaststoffe das S\u00e4ttigungsgef\u00fchl, was sich positiv auf die Gewichtskontrolle und die Vorbeugung ungesunder Hei\u00dfhungerattacken auswirken kann. Es ist auch eine Quelle f\u00fcr Vitamin A, das f\u00fcr ein gesundes Sehverm\u00f6gen, eine Immunfunktion und eine gesunde Haut unerl\u00e4sslich ist. Die Aufnahme von getrocknetem Aguaymanto in Ihre Ern\u00e4hrung als gesunder Snack oder als Teil von Trockenfruchtmischungen kann eine k\u00f6stliche M\u00f6glichkeit sein, diese ern\u00e4hrungsphysiologischen Vorteile zu nutzen.<\/p>\n<div class=\"text-wrap\">\n<p><span class=\"subtitle\" style=\"color: #f1b434;\"><strong>FUNKTIONEN UND VORTEILE<\/strong><\/span><\/p>\n<ul>\n<li>Energetisierender Genuss: G\u00f6nnen Sie sich ohne schlechtes Gewissen unseren mit Schokolade \u00fcberzogenen getrockneten Aguaymanto, der eine gute Menge an Kalorien pro Portion bietet und einen betr\u00e4chtlichen Energieschub f\u00fcr Ihre t\u00e4glichen Aktivit\u00e4ten liefert.<\/li>\n<li>Ausgewogene N\u00e4hrstoffharmonie: Mit Kohlenhydraten bietet dieser Genuss ein vollst\u00e4ndiges N\u00e4hrwertprofil, das zum S\u00e4ttigungsgef\u00fchl und zur allgemeinen Ern\u00e4hrung beitr\u00e4gt.<\/li>\n<li>Protein: Das Protein in jeder Portion unterst\u00fctzt die allgemeine Muskelgesundheit, -reparatur und das Wohlbefinden.<\/li>\n<li>Mineralien: Entdecken Sie die Vorteile von Eisen, einem wichtigen Mineral, das den Sauerstofftransport unterst\u00fctzt und so die Vitalit\u00e4t und allgemeine Gesundheit f\u00f6rdert.<\/li>\n<li>Kraft des Kaliums: Mit Kalium tragen diese Leckerbissen zur Herzgesundheit, zum Fl\u00fcssigkeitshaushalt und zur ordnungsgem\u00e4\u00dfen Muskelfunktion bei und verbessern so Ihr allgemeines Wohlbefinden.<\/li>\n<li>Zutaten: Dehydrierter Aguaymanto, Bio-Zucker, Bio-Kakaolik\u00f6r, Bio-Kakaobutter, Gummi arabicum und Wasser.<\/li>\n<\/ul>\n<p>&nbsp;<\/p>\n<\/div>\n<p><span class=\"subtitle\" style=\"color: #f1b434;\"><strong>EMPFEHLUNGEN<\/strong><\/span><\/p>\n<p>ES TRAGEN:<\/p>\n<ul>\n<li>Als Snack bei der Arbeit.<\/li>\n<li>Als Nachtisch.<\/li>\n<li>F\u00fcr eine lange Reise<\/li>\n<\/ul>\n<p>&nbsp;<\/p>\n<p>Genie\u00dfen Sie es in kleinen St\u00fccken und mischen Sie es mit M\u00fcsli.<\/p>\n<p>Probieren Sie die klassischen Geschmacksrichtungen, bei denen Schokolade der Protagonist ist, aber mit einer knusprigen Note.<\/p>\n<p>Um unser Verlangen nach Schokolade zu stillen!<\/p>\n<p>&nbsp;<\/p>\n<div class=\"text-wrap\">\n<p><span class=\"subtitle\" style=\"color: #f1b434;\"><strong>PR\u00c4SENTATIONEN<\/strong><\/span><\/p>\n<ul>\n<li aria-level=\"1\">Dehydrierter Aguaymanto, \u00fcberzogen mit Schokolade 55 % Kakao, 20 g (Beutel), Karton x 16 Einheiten<\/li>\n<\/ul>\n<\/div>\n","protected":false},"excerpt":{"rendered":"<div class=\"title\" style=\"color: #f1b434;\"><span class=\"name\"><strong>\/ THEOBROMA CACAO &amp; PHYSALIS PERUVIANA <\/strong>\/<\/span><\/div>\n<p>Tauchen Sie ein in eine Welt exquisiten Geschmacks mit unserem nachhaltig gewonnenen dehydrierten Aguaymanto, umgeben von 55 % Bio-Schokolade. Mit Sorgfalt hergestellt, bietet jeder Bissen eine harmonische Kombination aus nat\u00fcrlicher S\u00fc\u00dfe und Nachhaltigkeit und verwandelt den Snack in einen Genuss ohne Schuldgef\u00fchle, der sowohl Ihren Gaumen als auch Ihre Werte anspricht.<\/p>\n","protected":false},"featured_media":12867,"comment_status":"open","ping_status":"closed","template":"","meta":{"editor_notices":[]},"product_cat":[118],"product_tag":[],"yoast_head":"<!-- This site is optimized with the Yoast SEO plugin v23.5 - https:\/\/yoast.com\/wordpress\/plugins\/seo\/ -->\n<title>Dehydrierter Aguaymanto-\u00fcberzogen mit Schokolade-55-Kakao - Candela Organic<\/title>\n<meta name=\"description\" content=\"Die in Schokolade getauchte ger\u00f6stete Kaffeebohne ist eine Kombination, die vor allem wegen ihres Geschmacks gesch\u00e4tzt wird, diese Mischung bietet ein einzigartiges Erlebnis.z\" \/>\n<meta name=\"robots\" content=\"index, follow, max-snippet:-1, max-image-preview:large, max-video-preview:-1\" \/>\n<link rel=\"canonical\" href=\"https:\/\/candelaorganic.com\/de\/producto\/dehydrierter-aguaymanto-ueberzogen-mit-schokolade-55-kakao-2\/\" \/>\n<meta property=\"og:locale\" content=\"de_DE\" \/>\n<meta property=\"og:type\" content=\"article\" \/>\n<meta property=\"og:title\" content=\"Dehydrierter Aguaymanto-\u00fcberzogen mit Schokolade-55-Kakao - Candela Organic\" \/>\n<meta property=\"og:description\" content=\"Die in Schokolade getauchte ger\u00f6stete Kaffeebohne ist eine Kombination, die vor allem wegen ihres Geschmacks gesch\u00e4tzt wird, diese Mischung bietet ein einzigartiges Erlebnis.z\" \/>\n<meta property=\"og:url\" content=\"https:\/\/candelaorganic.com\/de\/producto\/dehydrierter-aguaymanto-ueberzogen-mit-schokolade-55-kakao-2\/\" \/>\n<meta property=\"og:site_name\" content=\"Candela Organic\" \/>\n<meta property=\"article:modified_time\" content=\"2024-07-17T20:32:25+00:00\" \/>\n<meta property=\"og:image\" content=\"https:\/\/candelaorganic.com\/de\/wp-content\/uploads\/sites\/14\/2024\/04\/Secondary-product-image-131.webp\" \/>\n\t<meta property=\"og:image:width\" content=\"609\" \/>\n\t<meta property=\"og:image:height\" content=\"599\" \/>\n\t<meta property=\"og:image:type\" content=\"image\/webp\" \/>\n<meta name=\"twitter:card\" content=\"summary_large_image\" \/>\n<meta name=\"twitter:label1\" content=\"Gesch\u00e4tzte Lesezeit\" \/>\n\t<meta name=\"twitter:data1\" content=\"3\u00a0Minuten\" \/>\n<script type=\"application\/ld+json\" class=\"yoast-schema-graph\">{\"@context\":\"https:\/\/schema.org\",\"@graph\":[{\"@type\":\"WebPage\",\"@id\":\"https:\/\/candelaorganic.com\/de\/producto\/dehydrierter-aguaymanto-ueberzogen-mit-schokolade-55-kakao-2\/\",\"url\":\"https:\/\/candelaorganic.com\/de\/producto\/dehydrierter-aguaymanto-ueberzogen-mit-schokolade-55-kakao-2\/\",\"name\":\"Dehydrierter Aguaymanto-\u00fcberzogen mit Schokolade-55-Kakao - Candela Organic\",\"isPartOf\":{\"@id\":\"https:\/\/candelaorganic.com\/de\/#website\"},\"primaryImageOfPage\":{\"@id\":\"https:\/\/candelaorganic.com\/de\/producto\/dehydrierter-aguaymanto-ueberzogen-mit-schokolade-55-kakao-2\/#primaryimage\"},\"image\":{\"@id\":\"https:\/\/candelaorganic.com\/de\/producto\/dehydrierter-aguaymanto-ueberzogen-mit-schokolade-55-kakao-2\/#primaryimage\"},\"thumbnailUrl\":\"https:\/\/candelaorganic.com\/de\/wp-content\/uploads\/sites\/14\/2024\/04\/Secondary-product-image-131.webp\",\"datePublished\":\"2024-04-04T16:16:47+00:00\",\"dateModified\":\"2024-07-17T20:32:25+00:00\",\"description\":\"Die in Schokolade getauchte ger\u00f6stete Kaffeebohne ist eine Kombination, die vor allem wegen ihres Geschmacks gesch\u00e4tzt wird, diese Mischung bietet ein einzigartiges Erlebnis.z\",\"breadcrumb\":{\"@id\":\"https:\/\/candelaorganic.com\/de\/producto\/dehydrierter-aguaymanto-ueberzogen-mit-schokolade-55-kakao-2\/#breadcrumb\"},\"inLanguage\":\"de\",\"potentialAction\":[{\"@type\":\"ReadAction\",\"target\":[\"https:\/\/candelaorganic.com\/de\/producto\/dehydrierter-aguaymanto-ueberzogen-mit-schokolade-55-kakao-2\/\"]}]},{\"@type\":\"ImageObject\",\"inLanguage\":\"de\",\"@id\":\"https:\/\/candelaorganic.com\/de\/producto\/dehydrierter-aguaymanto-ueberzogen-mit-schokolade-55-kakao-2\/#primaryimage\",\"url\":\"https:\/\/candelaorganic.com\/de\/wp-content\/uploads\/sites\/14\/2024\/04\/Secondary-product-image-131.webp\",\"contentUrl\":\"https:\/\/candelaorganic.com\/de\/wp-content\/uploads\/sites\/14\/2024\/04\/Secondary-product-image-131.webp\",\"width\":609,\"height\":599},{\"@type\":\"BreadcrumbList\",\"@id\":\"https:\/\/candelaorganic.com\/de\/producto\/dehydrierter-aguaymanto-ueberzogen-mit-schokolade-55-kakao-2\/#breadcrumb\",\"itemListElement\":[{\"@type\":\"ListItem\",\"position\":1,\"name\":\"Produkte\",\"item\":\"https:\/\/candelaorganic.com\/de\/produkte\/\"},{\"@type\":\"ListItem\",\"position\":2,\"name\":\"Lebensmitteleinzelhandel\",\"item\":\"https:\/\/candelaorganic.com\/de\/tienda\/lebensmittel-einzelhandel\/\"},{\"@type\":\"ListItem\",\"position\":3,\"name\":\"Snacks\",\"item\":\"https:\/\/candelaorganic.com\/de\/tienda\/lebensmittel-einzelhandel\/snacks-einzelhandel\/\"},{\"@type\":\"ListItem\",\"position\":4,\"name\":\"55 % Kakao\",\"item\":\"https:\/\/candelaorganic.com\/de\/tienda\/lebensmittel-einzelhandel\/snacks-einzelhandel\/snacks-55-kakao\/\"},{\"@type\":\"ListItem\",\"position\":5,\"name\":\"Dehydrierter Aguaymanto-\u00fcberzogen mit Schokolade-55-Kakao\"}]},{\"@type\":\"WebSite\",\"@id\":\"https:\/\/candelaorganic.com\/de\/#website\",\"url\":\"https:\/\/candelaorganic.com\/de\/\",\"name\":\"Candela Organic\",\"description\":\"Wir erh\u00f6hen die Lebensmittelstandards\",\"publisher\":{\"@id\":\"https:\/\/candelaorganic.com\/de\/#organization\"},\"potentialAction\":[{\"@type\":\"SearchAction\",\"target\":{\"@type\":\"EntryPoint\",\"urlTemplate\":\"https:\/\/candelaorganic.com\/de\/?s={search_term_string}\"},\"query-input\":{\"@type\":\"PropertyValueSpecification\",\"valueRequired\":true,\"valueName\":\"search_term_string\"}}],\"inLanguage\":\"de\"},{\"@type\":\"Organization\",\"@id\":\"https:\/\/candelaorganic.com\/de\/#organization\",\"name\":\"Candela Organic\",\"url\":\"https:\/\/candelaorganic.com\/de\/\",\"logo\":{\"@type\":\"ImageObject\",\"inLanguage\":\"de\",\"@id\":\"https:\/\/candelaorganic.com\/de\/#\/schema\/logo\/image\/\",\"url\":\"https:\/\/candelaorganic.com\/de\/wp-content\/uploads\/sites\/14\/2024\/04\/Logotype.webp\",\"contentUrl\":\"https:\/\/candelaorganic.com\/de\/wp-content\/uploads\/sites\/14\/2024\/04\/Logotype.webp\",\"width\":256,\"height\":52,\"caption\":\"Candela Organic\"},\"image\":{\"@id\":\"https:\/\/candelaorganic.com\/de\/#\/schema\/logo\/image\/\"}}]}<\/script>\n<!-- \/ Yoast SEO plugin. -->","yoast_head_json":{"title":"Dehydrierter Aguaymanto-\u00fcberzogen mit Schokolade-55-Kakao - Candela Organic","description":"Die in Schokolade getauchte ger\u00f6stete Kaffeebohne ist eine Kombination, die vor allem wegen ihres Geschmacks gesch\u00e4tzt wird, diese Mischung bietet ein einzigartiges Erlebnis.z","robots":{"index":"index","follow":"follow","max-snippet":"max-snippet:-1","max-image-preview":"max-image-preview:large","max-video-preview":"max-video-preview:-1"},"canonical":"https:\/\/candelaorganic.com\/de\/producto\/dehydrierter-aguaymanto-ueberzogen-mit-schokolade-55-kakao-2\/","og_locale":"de_DE","og_type":"article","og_title":"Dehydrierter Aguaymanto-\u00fcberzogen mit Schokolade-55-Kakao - Candela Organic","og_description":"Die in Schokolade getauchte ger\u00f6stete Kaffeebohne ist eine Kombination, die vor allem wegen ihres Geschmacks gesch\u00e4tzt wird, diese Mischung bietet ein einzigartiges Erlebnis.z","og_url":"https:\/\/candelaorganic.com\/de\/producto\/dehydrierter-aguaymanto-ueberzogen-mit-schokolade-55-kakao-2\/","og_site_name":"Candela Organic","article_modified_time":"2024-07-17T20:32:25+00:00","og_image":[{"width":609,"height":599,"url":"https:\/\/candelaorganic.com\/de\/wp-content\/uploads\/sites\/14\/2024\/04\/Secondary-product-image-131.webp","type":"image\/webp"}],"twitter_card":"summary_large_image","twitter_misc":{"Gesch\u00e4tzte Lesezeit":"3\u00a0Minuten"},"schema":{"@context":"https:\/\/schema.org","@graph":[{"@type":"WebPage","@id":"https:\/\/candelaorganic.com\/de\/producto\/dehydrierter-aguaymanto-ueberzogen-mit-schokolade-55-kakao-2\/","url":"https:\/\/candelaorganic.com\/de\/producto\/dehydrierter-aguaymanto-ueberzogen-mit-schokolade-55-kakao-2\/","name":"Dehydrierter Aguaymanto-\u00fcberzogen mit Schokolade-55-Kakao - Candela Organic","isPartOf":{"@id":"https:\/\/candelaorganic.com\/de\/#website"},"primaryImageOfPage":{"@id":"https:\/\/candelaorganic.com\/de\/producto\/dehydrierter-aguaymanto-ueberzogen-mit-schokolade-55-kakao-2\/#primaryimage"},"image":{"@id":"https:\/\/candelaorganic.com\/de\/producto\/dehydrierter-aguaymanto-ueberzogen-mit-schokolade-55-kakao-2\/#primaryimage"},"thumbnailUrl":"https:\/\/candelaorganic.com\/de\/wp-content\/uploads\/sites\/14\/2024\/04\/Secondary-product-image-131.webp","datePublished":"2024-04-04T16:16:47+00:00","dateModified":"2024-07-17T20:32:25+00:00","description":"Die in Schokolade getauchte ger\u00f6stete Kaffeebohne ist eine Kombination, die vor allem wegen ihres Geschmacks gesch\u00e4tzt wird, diese Mischung bietet ein einzigartiges Erlebnis.z","breadcrumb":{"@id":"https:\/\/candelaorganic.com\/de\/producto\/dehydrierter-aguaymanto-ueberzogen-mit-schokolade-55-kakao-2\/#breadcrumb"},"inLanguage":"de","potentialAction":[{"@type":"ReadAction","target":["https:\/\/candelaorganic.com\/de\/producto\/dehydrierter-aguaymanto-ueberzogen-mit-schokolade-55-kakao-2\/"]}]},{"@type":"ImageObject","inLanguage":"de","@id":"https:\/\/candelaorganic.com\/de\/producto\/dehydrierter-aguaymanto-ueberzogen-mit-schokolade-55-kakao-2\/#primaryimage","url":"https:\/\/candelaorganic.com\/de\/wp-content\/uploads\/sites\/14\/2024\/04\/Secondary-product-image-131.webp","contentUrl":"https:\/\/candelaorganic.com\/de\/wp-content\/uploads\/sites\/14\/2024\/04\/Secondary-product-image-131.webp","width":609,"height":599},{"@type":"BreadcrumbList","@id":"https:\/\/candelaorganic.com\/de\/producto\/dehydrierter-aguaymanto-ueberzogen-mit-schokolade-55-kakao-2\/#breadcrumb","itemListElement":[{"@type":"ListItem","position":1,"name":"Produkte","item":"https:\/\/candelaorganic.com\/de\/produkte\/"},{"@type":"ListItem","position":2,"name":"Lebensmitteleinzelhandel","item":"https:\/\/candelaorganic.com\/de\/tienda\/lebensmittel-einzelhandel\/"},{"@type":"ListItem","position":3,"name":"Snacks","item":"https:\/\/candelaorganic.com\/de\/tienda\/lebensmittel-einzelhandel\/snacks-einzelhandel\/"},{"@type":"ListItem","position":4,"name":"55 % Kakao","item":"https:\/\/candelaorganic.com\/de\/tienda\/lebensmittel-einzelhandel\/snacks-einzelhandel\/snacks-55-kakao\/"},{"@type":"ListItem","position":5,"name":"Dehydrierter Aguaymanto-\u00fcberzogen mit Schokolade-55-Kakao"}]},{"@type":"WebSite","@id":"https:\/\/candelaorganic.com\/de\/#website","url":"https:\/\/candelaorganic.com\/de\/","name":"Candela Organic","description":"Wir erh\u00f6hen die Lebensmittelstandards","publisher":{"@id":"https:\/\/candelaorganic.com\/de\/#organization"},"potentialAction":[{"@type":"SearchAction","target":{"@type":"EntryPoint","urlTemplate":"https:\/\/candelaorganic.com\/de\/?s={search_term_string}"},"query-input":{"@type":"PropertyValueSpecification","valueRequired":true,"valueName":"search_term_string"}}],"inLanguage":"de"},{"@type":"Organization","@id":"https:\/\/candelaorganic.com\/de\/#organization","name":"Candela Organic","url":"https:\/\/candelaorganic.com\/de\/","logo":{"@type":"ImageObject","inLanguage":"de","@id":"https:\/\/candelaorganic.com\/de\/#\/schema\/logo\/image\/","url":"https:\/\/candelaorganic.com\/de\/wp-content\/uploads\/sites\/14\/2024\/04\/Logotype.webp","contentUrl":"https:\/\/candelaorganic.com\/de\/wp-content\/uploads\/sites\/14\/2024\/04\/Logotype.webp","width":256,"height":52,"caption":"Candela Organic"},"image":{"@id":"https:\/\/candelaorganic.com\/de\/#\/schema\/logo\/image\/"}}]}},"_links":{"self":[{"href":"https:\/\/candelaorganic.com\/de\/wp-json\/wp\/v2\/product\/14141"}],"collection":[{"href":"https:\/\/candelaorganic.com\/de\/wp-json\/wp\/v2\/product"}],"about":[{"href":"https:\/\/candelaorganic.com\/de\/wp-json\/wp\/v2\/types\/product"}],"replies":[{"embeddable":true,"href":"https:\/\/candelaorganic.com\/de\/wp-json\/wp\/v2\/comments?post=14141"}],"wp:featuredmedia":[{"embeddable":true,"href":"https:\/\/candelaorganic.com\/de\/wp-json\/wp\/v2\/media\/12867"}],"wp:attachment":[{"href":"https:\/\/candelaorganic.com\/de\/wp-json\/wp\/v2\/media?parent=14141"}],"wp:term":[{"taxonomy":"product_cat","embeddable":true,"href":"https:\/\/candelaorganic.com\/de\/wp-json\/wp\/v2\/product_cat?post=14141"},{"taxonomy":"product_tag","embeddable":true,"href":"https:\/\/candelaorganic.com\/de\/wp-json\/wp\/v2\/product_tag?post=14141"}],"curies":[{"name":"wp","href":"https:\/\/api.w.org\/{rel}","templated":true}]}}