{"id":14127,"date":"2024-04-04T18:01:12","date_gmt":"2024-04-04T16:01:12","guid":{"rendered":"https:\/\/candelaorganic.com\/de\/?post_type=product&#038;p=14127"},"modified":"2024-07-17T22:31:43","modified_gmt":"2024-07-17T20:31:43","slug":"amazon-kastanie-ueberzogen-mit-schokolade-55-kakao-2","status":"publish","type":"product","link":"https:\/\/candelaorganic.com\/de\/producto\/amazon-kastanie-ueberzogen-mit-schokolade-55-kakao-2\/","title":{"rendered":"Amazonische Kastanie, \u00fcberzogen mit 55 % Kakaoschokolade"},"content":{"rendered":"<p>Die Amazonas-Kastanie stammt nur von B\u00e4umen in Madre de Dios und anderen umliegenden Regionen Brasiliens und Boliviens. In der Zeit von Dezember bis M\u00e4rz gehen die Kastanienb\u00e4ume, die in verschiedenen Kastanienkonzessionen im gesamten Departement zusammengeschlossen sind, in den Dschungel, um die gefallenen Kastanienkokosn\u00fcsse einzusammeln. Die Kastanie wird vom Boden geerntet, da der Kastanienbaum etwa 60 Meter hoch ist. Sie geh\u00f6rt zu den N\u00fcssen mit dem h\u00f6chsten Selengehalt und f\u00f6rdert so ein starkes Immunsystem, zudem ist sie reich an Fetts\u00e4uren und Omega 6 und st\u00e4rkt so das Herz-Kreislauf-System.<\/p>\n<p>&nbsp;<\/p>\n<div class=\"text-wrap\">\n<p><span class=\"subtitle\" style=\"color: #f1b434;\"><strong>FUNKTIONEN UND VORTEILE<\/strong><\/span><\/p>\n<ul>\n<li>Unsere mit 55 % Bio-Schokolade \u00fcberzogenen Kastanien bieten eine k\u00f6stliche Kombination aus Aromen, Texturen und essentiellen N\u00e4hrstoffen und sorgen f\u00fcr ein achtsames und bereicherndes Snack-Erlebnis, das mit ethischer Beschaffung und nachhaltigen Praktiken im Einklang steht.<\/li>\n<li>Energetisierende Nahrung: Unsere mit Schokolade \u00fcberzogenen Paran\u00fcsse bieten eine gute Menge an Kalorien und sorgen f\u00fcr einen deutlichen Energieschub f\u00fcr Ihre t\u00e4glichen Aktivit\u00e4ten.<\/li>\n<li>N\u00e4hrstoffreiche Vorteile: Diese Delikatesse enth\u00e4lt Kohlenhydrate und bietet ein ausgewogenes N\u00e4hrstoffprofil, das verschiedene K\u00f6rperfunktionen unterst\u00fctzt.<\/li>\n<li>Quelle f\u00fcr Ballaststoffe: Genie\u00dfen Sie die Vorteile von Ballaststoffen, die eine gesunde Verdauung f\u00f6rdern und zu einem S\u00e4ttigungsgef\u00fchl beitragen.<\/li>\n<li>Protein-Power: Protein pro Portion unterst\u00fctzt die Muskelgesundheit, die Gewebereparatur und das allgemeine Wohlbefinden.<\/li>\n<li>Mineralstoffanreicherung: Entdecken Sie die Vorteile von Kalzium, Eisen, Selen und Kalium, die zur Knochenst\u00e4rke, zum Sauerstofftransport und zur Herzgesundheit beitragen.<\/li>\n<li>Zutaten: Kastanien, Bio-Zucker, Bio-Kakaolik\u00f6r, Bio-Kakaobutter, Gummi arabicum und Wasser.<\/li>\n<\/ul>\n<p>&nbsp;<\/p>\n<\/div>\n<p><span class=\"subtitle\" style=\"color: #f1b434;\"><strong>EMPFEHLUNGEN<\/strong><\/span><\/p>\n<p>ES TRAGEN:<\/p>\n<ul>\n<li>Als Snack bei der Arbeit.<\/li>\n<li>Als Nachtisch.<\/li>\n<li>F\u00fcr eine lange Reise<\/li>\n<\/ul>\n<p>&nbsp;<\/p>\n<p>Genie\u00dfen Sie es in kleinen St\u00fccken und mischen Sie es mit M\u00fcsli.<br \/>\nProbieren Sie die klassischen Geschmacksrichtungen, bei denen Schokolade der Protagonist ist, aber mit einer knusprigen Note.<br \/>\nUm unser Verlangen nach Schokolade zu stillen!<\/p>\n<div class=\"text-wrap\">\n<p><span class=\"subtitle\" style=\"color: #f1b434;\"><strong>PR\u00c4SENTATIONEN<\/strong><\/span><\/p>\n<ul>\n<li aria-level=\"1\">Amazonische Kastanie, \u00fcberzogen mit Schokolade 55 % Kakao, 20 g (Beutel), Box x 16 Einheiten<\/li>\n<\/ul>\n<\/div>\n","protected":false},"excerpt":{"rendered":"<div class=\"title\" style=\"color: #f1b434;\"><strong><span class=\"name\"> \/ THEOBROMA CACAO &amp; BERTHOLLETIA EXCELSA \/ <\/span><\/strong><\/div>\n<p>Willkommen in der Welt der nachhaltigen Aromen mit unserem Bio-Schokoladen\u00fcberzug mit 55 % Kakaoanteil. Diese Abdeckung besteht aus Zutaten nachhaltigen Ursprungs und erreicht so die perfekte Ausgewogenheit in der Formulierung, sodass jede Zubereitung einen exquisiten Geschmack hat. Tauchen Sie ein in sein reichhaltiges Aroma und seine Textur, wobei jeder Bissen einen einzigartigen Geschmack repr\u00e4sentiert. Hier pr\u00e4sentieren wir die Variante der in Schokolade getunkten Kastanien mit 55 % Kakao<\/p>\n","protected":false},"featured_media":12946,"comment_status":"open","ping_status":"closed","template":"","meta":{"editor_notices":[]},"product_cat":[118],"product_tag":[],"yoast_head":"<!-- This site is optimized with the Yoast SEO plugin v23.5 - https:\/\/yoast.com\/wordpress\/plugins\/seo\/ -->\n<title>Amazonische Kastanie, \u00fcberzogen mit 55 % Kakaoschokolade - Candela Organic<\/title>\n<meta name=\"description\" content=\"La casta\u00f1a amaz\u00f3nica nace \u00fanicamente de los \u00e1rboles en Madre de Dios y otras regiones aleda\u00f1as del Brasil y Bolivia, en las \u00e9pocas de Diciembre a Marzo.\" \/>\n<meta name=\"robots\" content=\"index, follow, max-snippet:-1, max-image-preview:large, max-video-preview:-1\" \/>\n<link rel=\"canonical\" href=\"https:\/\/candelaorganic.com\/de\/producto\/amazon-kastanie-ueberzogen-mit-schokolade-55-kakao-2\/\" \/>\n<meta property=\"og:locale\" content=\"de_DE\" \/>\n<meta property=\"og:type\" content=\"article\" \/>\n<meta property=\"og:title\" content=\"Amazonische Kastanie, \u00fcberzogen mit 55 % Kakaoschokolade - Candela Organic\" \/>\n<meta property=\"og:description\" content=\"La casta\u00f1a amaz\u00f3nica nace \u00fanicamente de los \u00e1rboles en Madre de Dios y otras regiones aleda\u00f1as del Brasil y Bolivia, en las \u00e9pocas de Diciembre a Marzo.\" \/>\n<meta property=\"og:url\" content=\"https:\/\/candelaorganic.com\/de\/producto\/amazon-kastanie-ueberzogen-mit-schokolade-55-kakao-2\/\" \/>\n<meta property=\"og:site_name\" content=\"Candela Organic\" \/>\n<meta property=\"article:modified_time\" content=\"2024-07-17T20:31:43+00:00\" \/>\n<meta property=\"og:image\" content=\"https:\/\/candelaorganic.com\/de\/wp-content\/uploads\/sites\/14\/2024\/04\/Cover-product-image-135.webp\" \/>\n\t<meta property=\"og:image:width\" content=\"609\" \/>\n\t<meta property=\"og:image:height\" content=\"599\" \/>\n\t<meta property=\"og:image:type\" content=\"image\/webp\" \/>\n<meta name=\"twitter:card\" content=\"summary_large_image\" \/>\n<meta name=\"twitter:label1\" content=\"Gesch\u00e4tzte Lesezeit\" \/>\n\t<meta name=\"twitter:data1\" content=\"2\u00a0Minuten\" \/>\n<script type=\"application\/ld+json\" class=\"yoast-schema-graph\">{\"@context\":\"https:\/\/schema.org\",\"@graph\":[{\"@type\":\"WebPage\",\"@id\":\"https:\/\/candelaorganic.com\/de\/producto\/amazon-kastanie-ueberzogen-mit-schokolade-55-kakao-2\/\",\"url\":\"https:\/\/candelaorganic.com\/de\/producto\/amazon-kastanie-ueberzogen-mit-schokolade-55-kakao-2\/\",\"name\":\"Amazonische Kastanie, \u00fcberzogen mit 55 % Kakaoschokolade - Candela Organic\",\"isPartOf\":{\"@id\":\"https:\/\/candelaorganic.com\/de\/#website\"},\"primaryImageOfPage\":{\"@id\":\"https:\/\/candelaorganic.com\/de\/producto\/amazon-kastanie-ueberzogen-mit-schokolade-55-kakao-2\/#primaryimage\"},\"image\":{\"@id\":\"https:\/\/candelaorganic.com\/de\/producto\/amazon-kastanie-ueberzogen-mit-schokolade-55-kakao-2\/#primaryimage\"},\"thumbnailUrl\":\"https:\/\/candelaorganic.com\/de\/wp-content\/uploads\/sites\/14\/2024\/04\/Cover-product-image-135.webp\",\"datePublished\":\"2024-04-04T16:01:12+00:00\",\"dateModified\":\"2024-07-17T20:31:43+00:00\",\"description\":\"La casta\u00f1a amaz\u00f3nica nace \u00fanicamente de los \u00e1rboles en Madre de Dios y otras regiones aleda\u00f1as del Brasil y Bolivia, en las \u00e9pocas de Diciembre a Marzo.\",\"breadcrumb\":{\"@id\":\"https:\/\/candelaorganic.com\/de\/producto\/amazon-kastanie-ueberzogen-mit-schokolade-55-kakao-2\/#breadcrumb\"},\"inLanguage\":\"de\",\"potentialAction\":[{\"@type\":\"ReadAction\",\"target\":[\"https:\/\/candelaorganic.com\/de\/producto\/amazon-kastanie-ueberzogen-mit-schokolade-55-kakao-2\/\"]}]},{\"@type\":\"ImageObject\",\"inLanguage\":\"de\",\"@id\":\"https:\/\/candelaorganic.com\/de\/producto\/amazon-kastanie-ueberzogen-mit-schokolade-55-kakao-2\/#primaryimage\",\"url\":\"https:\/\/candelaorganic.com\/de\/wp-content\/uploads\/sites\/14\/2024\/04\/Cover-product-image-135.webp\",\"contentUrl\":\"https:\/\/candelaorganic.com\/de\/wp-content\/uploads\/sites\/14\/2024\/04\/Cover-product-image-135.webp\",\"width\":609,\"height\":599},{\"@type\":\"BreadcrumbList\",\"@id\":\"https:\/\/candelaorganic.com\/de\/producto\/amazon-kastanie-ueberzogen-mit-schokolade-55-kakao-2\/#breadcrumb\",\"itemListElement\":[{\"@type\":\"ListItem\",\"position\":1,\"name\":\"Produkte\",\"item\":\"https:\/\/candelaorganic.com\/de\/produkte\/\"},{\"@type\":\"ListItem\",\"position\":2,\"name\":\"Lebensmitteleinzelhandel\",\"item\":\"https:\/\/candelaorganic.com\/de\/tienda\/lebensmittel-einzelhandel\/\"},{\"@type\":\"ListItem\",\"position\":3,\"name\":\"Snacks\",\"item\":\"https:\/\/candelaorganic.com\/de\/tienda\/lebensmittel-einzelhandel\/snacks-einzelhandel\/\"},{\"@type\":\"ListItem\",\"position\":4,\"name\":\"55 % Kakao\",\"item\":\"https:\/\/candelaorganic.com\/de\/tienda\/lebensmittel-einzelhandel\/snacks-einzelhandel\/snacks-55-kakao\/\"},{\"@type\":\"ListItem\",\"position\":5,\"name\":\"Amazonische Kastanie, \u00fcberzogen mit 55 % Kakaoschokolade\"}]},{\"@type\":\"WebSite\",\"@id\":\"https:\/\/candelaorganic.com\/de\/#website\",\"url\":\"https:\/\/candelaorganic.com\/de\/\",\"name\":\"Candela Organic\",\"description\":\"Wir erh\u00f6hen die Lebensmittelstandards\",\"publisher\":{\"@id\":\"https:\/\/candelaorganic.com\/de\/#organization\"},\"potentialAction\":[{\"@type\":\"SearchAction\",\"target\":{\"@type\":\"EntryPoint\",\"urlTemplate\":\"https:\/\/candelaorganic.com\/de\/?s={search_term_string}\"},\"query-input\":{\"@type\":\"PropertyValueSpecification\",\"valueRequired\":true,\"valueName\":\"search_term_string\"}}],\"inLanguage\":\"de\"},{\"@type\":\"Organization\",\"@id\":\"https:\/\/candelaorganic.com\/de\/#organization\",\"name\":\"Candela Organic\",\"url\":\"https:\/\/candelaorganic.com\/de\/\",\"logo\":{\"@type\":\"ImageObject\",\"inLanguage\":\"de\",\"@id\":\"https:\/\/candelaorganic.com\/de\/#\/schema\/logo\/image\/\",\"url\":\"https:\/\/candelaorganic.com\/de\/wp-content\/uploads\/sites\/14\/2024\/04\/Logotype.webp\",\"contentUrl\":\"https:\/\/candelaorganic.com\/de\/wp-content\/uploads\/sites\/14\/2024\/04\/Logotype.webp\",\"width\":256,\"height\":52,\"caption\":\"Candela Organic\"},\"image\":{\"@id\":\"https:\/\/candelaorganic.com\/de\/#\/schema\/logo\/image\/\"}}]}<\/script>\n<!-- \/ Yoast SEO plugin. -->","yoast_head_json":{"title":"Amazonische Kastanie, \u00fcberzogen mit 55 % Kakaoschokolade - Candela Organic","description":"La casta\u00f1a amaz\u00f3nica nace \u00fanicamente de los \u00e1rboles en Madre de Dios y otras regiones aleda\u00f1as del Brasil y Bolivia, en las \u00e9pocas de Diciembre a Marzo.","robots":{"index":"index","follow":"follow","max-snippet":"max-snippet:-1","max-image-preview":"max-image-preview:large","max-video-preview":"max-video-preview:-1"},"canonical":"https:\/\/candelaorganic.com\/de\/producto\/amazon-kastanie-ueberzogen-mit-schokolade-55-kakao-2\/","og_locale":"de_DE","og_type":"article","og_title":"Amazonische Kastanie, \u00fcberzogen mit 55 % Kakaoschokolade - Candela Organic","og_description":"La casta\u00f1a amaz\u00f3nica nace \u00fanicamente de los \u00e1rboles en Madre de Dios y otras regiones aleda\u00f1as del Brasil y Bolivia, en las \u00e9pocas de Diciembre a Marzo.","og_url":"https:\/\/candelaorganic.com\/de\/producto\/amazon-kastanie-ueberzogen-mit-schokolade-55-kakao-2\/","og_site_name":"Candela Organic","article_modified_time":"2024-07-17T20:31:43+00:00","og_image":[{"width":609,"height":599,"url":"https:\/\/candelaorganic.com\/de\/wp-content\/uploads\/sites\/14\/2024\/04\/Cover-product-image-135.webp","type":"image\/webp"}],"twitter_card":"summary_large_image","twitter_misc":{"Gesch\u00e4tzte Lesezeit":"2\u00a0Minuten"},"schema":{"@context":"https:\/\/schema.org","@graph":[{"@type":"WebPage","@id":"https:\/\/candelaorganic.com\/de\/producto\/amazon-kastanie-ueberzogen-mit-schokolade-55-kakao-2\/","url":"https:\/\/candelaorganic.com\/de\/producto\/amazon-kastanie-ueberzogen-mit-schokolade-55-kakao-2\/","name":"Amazonische Kastanie, \u00fcberzogen mit 55 % Kakaoschokolade - Candela Organic","isPartOf":{"@id":"https:\/\/candelaorganic.com\/de\/#website"},"primaryImageOfPage":{"@id":"https:\/\/candelaorganic.com\/de\/producto\/amazon-kastanie-ueberzogen-mit-schokolade-55-kakao-2\/#primaryimage"},"image":{"@id":"https:\/\/candelaorganic.com\/de\/producto\/amazon-kastanie-ueberzogen-mit-schokolade-55-kakao-2\/#primaryimage"},"thumbnailUrl":"https:\/\/candelaorganic.com\/de\/wp-content\/uploads\/sites\/14\/2024\/04\/Cover-product-image-135.webp","datePublished":"2024-04-04T16:01:12+00:00","dateModified":"2024-07-17T20:31:43+00:00","description":"La casta\u00f1a amaz\u00f3nica nace \u00fanicamente de los \u00e1rboles en Madre de Dios y otras regiones aleda\u00f1as del Brasil y Bolivia, en las \u00e9pocas de Diciembre a Marzo.","breadcrumb":{"@id":"https:\/\/candelaorganic.com\/de\/producto\/amazon-kastanie-ueberzogen-mit-schokolade-55-kakao-2\/#breadcrumb"},"inLanguage":"de","potentialAction":[{"@type":"ReadAction","target":["https:\/\/candelaorganic.com\/de\/producto\/amazon-kastanie-ueberzogen-mit-schokolade-55-kakao-2\/"]}]},{"@type":"ImageObject","inLanguage":"de","@id":"https:\/\/candelaorganic.com\/de\/producto\/amazon-kastanie-ueberzogen-mit-schokolade-55-kakao-2\/#primaryimage","url":"https:\/\/candelaorganic.com\/de\/wp-content\/uploads\/sites\/14\/2024\/04\/Cover-product-image-135.webp","contentUrl":"https:\/\/candelaorganic.com\/de\/wp-content\/uploads\/sites\/14\/2024\/04\/Cover-product-image-135.webp","width":609,"height":599},{"@type":"BreadcrumbList","@id":"https:\/\/candelaorganic.com\/de\/producto\/amazon-kastanie-ueberzogen-mit-schokolade-55-kakao-2\/#breadcrumb","itemListElement":[{"@type":"ListItem","position":1,"name":"Produkte","item":"https:\/\/candelaorganic.com\/de\/produkte\/"},{"@type":"ListItem","position":2,"name":"Lebensmitteleinzelhandel","item":"https:\/\/candelaorganic.com\/de\/tienda\/lebensmittel-einzelhandel\/"},{"@type":"ListItem","position":3,"name":"Snacks","item":"https:\/\/candelaorganic.com\/de\/tienda\/lebensmittel-einzelhandel\/snacks-einzelhandel\/"},{"@type":"ListItem","position":4,"name":"55 % Kakao","item":"https:\/\/candelaorganic.com\/de\/tienda\/lebensmittel-einzelhandel\/snacks-einzelhandel\/snacks-55-kakao\/"},{"@type":"ListItem","position":5,"name":"Amazonische Kastanie, \u00fcberzogen mit 55 % Kakaoschokolade"}]},{"@type":"WebSite","@id":"https:\/\/candelaorganic.com\/de\/#website","url":"https:\/\/candelaorganic.com\/de\/","name":"Candela Organic","description":"Wir erh\u00f6hen die Lebensmittelstandards","publisher":{"@id":"https:\/\/candelaorganic.com\/de\/#organization"},"potentialAction":[{"@type":"SearchAction","target":{"@type":"EntryPoint","urlTemplate":"https:\/\/candelaorganic.com\/de\/?s={search_term_string}"},"query-input":{"@type":"PropertyValueSpecification","valueRequired":true,"valueName":"search_term_string"}}],"inLanguage":"de"},{"@type":"Organization","@id":"https:\/\/candelaorganic.com\/de\/#organization","name":"Candela Organic","url":"https:\/\/candelaorganic.com\/de\/","logo":{"@type":"ImageObject","inLanguage":"de","@id":"https:\/\/candelaorganic.com\/de\/#\/schema\/logo\/image\/","url":"https:\/\/candelaorganic.com\/de\/wp-content\/uploads\/sites\/14\/2024\/04\/Logotype.webp","contentUrl":"https:\/\/candelaorganic.com\/de\/wp-content\/uploads\/sites\/14\/2024\/04\/Logotype.webp","width":256,"height":52,"caption":"Candela Organic"},"image":{"@id":"https:\/\/candelaorganic.com\/de\/#\/schema\/logo\/image\/"}}]}},"_links":{"self":[{"href":"https:\/\/candelaorganic.com\/de\/wp-json\/wp\/v2\/product\/14127"}],"collection":[{"href":"https:\/\/candelaorganic.com\/de\/wp-json\/wp\/v2\/product"}],"about":[{"href":"https:\/\/candelaorganic.com\/de\/wp-json\/wp\/v2\/types\/product"}],"replies":[{"embeddable":true,"href":"https:\/\/candelaorganic.com\/de\/wp-json\/wp\/v2\/comments?post=14127"}],"wp:featuredmedia":[{"embeddable":true,"href":"https:\/\/candelaorganic.com\/de\/wp-json\/wp\/v2\/media\/12946"}],"wp:attachment":[{"href":"https:\/\/candelaorganic.com\/de\/wp-json\/wp\/v2\/media?parent=14127"}],"wp:term":[{"taxonomy":"product_cat","embeddable":true,"href":"https:\/\/candelaorganic.com\/de\/wp-json\/wp\/v2\/product_cat?post=14127"},{"taxonomy":"product_tag","embeddable":true,"href":"https:\/\/candelaorganic.com\/de\/wp-json\/wp\/v2\/product_tag?post=14127"}],"curies":[{"name":"wp","href":"https:\/\/api.w.org\/{rel}","templated":true}]}}