{"id":14115,"date":"2024-04-04T17:40:33","date_gmt":"2024-04-04T15:40:33","guid":{"rendered":"https:\/\/candelaorganic.com\/de\/?post_type=product&#038;p=14115"},"modified":"2024-06-21T17:36:50","modified_gmt":"2024-06-21T15:36:50","slug":"bio-camu-camu-pulver","status":"publish","type":"product","link":"https:\/\/candelaorganic.com\/de\/producto\/bio-camu-camu-pulver\/","title":{"rendered":"Bio-Camu-Camu-Pulver"},"content":{"rendered":"<div>\n<p>Camu-Camu-Pulver tr\u00e4gt zur Verbesserung Ihres Wohlbefindens bei, da es ein Vitamin-C-reiches Superfood ist, das sich perfekt f\u00fcr Getr\u00e4nke und zur Unterst\u00fctzung des Immunsystems eignet. Abgesehen davon, dass seine St\u00e4rke der hohe Gehalt an Vitamin C ist, enth\u00e4lt es auch Vitamin B, das dabei hilft, die Proteine \u200b\u200bauszugleichen, die der menschliche K\u00f6rper ben\u00f6tigt. Vielseitiger antioxidativer Verst\u00e4rker: Entdecken Sie das Potenzial von Camu Camu-Pulver dank seiner hohen antioxidativen Wirkung Kollagengehalt. Es tr\u00e4gt zum Beispiel dazu bei, dass sich die Haut weich anf\u00fchlt und vor Zellsch\u00e4den gesch\u00fctzt ist.<\/p>\n<p>&nbsp;<\/p>\n<\/div>\n<div class=\"text-wrap\">\n<p><strong><span class=\"subtitle\" style=\"color: #f1b434;\">FUNKTIONEN UND VORTEILE<\/span><\/strong><\/p>\n<ul>\n<li aria-level=\"1\">Die Vitalit\u00e4t von Bio-Camu-Camu: Nutzen Sie die Kraft von Bio-Camu-Camu-Pulver f\u00fcr Ihre Gesundheit, da es mehrere der essentiellen N\u00e4hrstoffe enth\u00e4lt, die der K\u00f6rper ben\u00f6tigt.<\/li>\n<li aria-level=\"1\">N\u00e4hrstoffreiche Vorteile: Steigern Sie Ihr Wohlbefinden mit Bio-Camu-Camu-Pulver, einer reichhaltigen Quelle an Proteinen, Ballaststoffen und lebenswichtigen N\u00e4hrstoffen.<\/li>\n<li aria-level=\"1\">Streben Sie nach Ihrem Wohlbefinden: F\u00fchren Sie mit Bio-Camu Camu einen ges\u00fcnderen Lebensstil ein und f\u00fcgen Sie Ihrer t\u00e4glichen Ern\u00e4hrung mit jeder Portion N\u00e4hrstoffe hinzu.<\/li>\n<li aria-level=\"1\">Nat\u00fcrliche Energie und Ern\u00e4hrung: Tanken Sie jeden Tag neue Energie \u2013 eine praktische M\u00f6glichkeit, Ihrer Ern\u00e4hrung einen Schub nat\u00fcrlicher Vitalit\u00e4t zu verleihen.<\/li>\n<li aria-level=\"1\">Verwendung: Bio-Superfood-Pulver bieten eine vielseitige M\u00f6glichkeit, Ihre Ern\u00e4hrung zu verbessern: Mischen Sie sie in Smoothies, r\u00fchren Sie sie in Backwaren ein, mischen Sie sie in Haferflocken oder Joghurt, kreieren Sie Energieh\u00e4ppchen und f\u00fcgen Sie sie f\u00fcr einen N\u00e4hrstoffschub zu Salatdressings oder Getr\u00e4nken hinzu.<\/li>\n<\/ul>\n<\/div>\n<div class=\"text-wrap\"><\/div>\n","protected":false},"excerpt":{"rendered":"<div class=\"title\" style=\"color: #f1b434;\"><strong><span class=\"name\">\/ MYRCIARIA DUBIA \/<\/span><\/strong><\/div>\n<p>Die Frucht des Camu-Camu-Pulvers eignet sich ideal zum Verd\u00fcnnen in Getr\u00e4nken als Nahrungserg\u00e4nzungsmittel, da sie eine der h\u00f6chsten Konzentrationen an Vitamin C (max. 3 % Vit. C) aufweist. Camu Camu regt au\u00dferdem die Produktion wei\u00dfer Blutk\u00f6rperchen an, st\u00e4rkt das Immunsystem und wirkt eine Schl\u00fcsselkomponente bei der Kollagenproduktion. Camu Camu hat ein charakteristisches Zitrusaroma, aber auch ein blumiges und aromatisches Aroma, was es perfekt f\u00fcr Marmeladen, Nektare, Eiscreme und Joghurt macht.<\/p>\n","protected":false},"featured_media":13899,"comment_status":"open","ping_status":"closed","template":"","meta":{"editor_notices":[]},"product_cat":[64],"product_tag":[],"yoast_head":"<!-- This site is optimized with the Yoast SEO plugin v23.5 - https:\/\/yoast.com\/wordpress\/plugins\/seo\/ -->\n<title>Bio-Camu-Camu-Pulver - Candela Organic<\/title>\n<meta name=\"description\" content=\"El polvo de Camu Camu ayuda a que mejore su bienestar ya que es un superalimento rico en vitamina C, perfecto para bebidas y apoyo inmunol\u00f3gico.\" \/>\n<meta name=\"robots\" content=\"index, follow, max-snippet:-1, max-image-preview:large, max-video-preview:-1\" \/>\n<link rel=\"canonical\" href=\"https:\/\/candelaorganic.com\/de\/producto\/bio-camu-camu-pulver\/\" \/>\n<meta property=\"og:locale\" content=\"de_DE\" \/>\n<meta property=\"og:type\" content=\"article\" \/>\n<meta property=\"og:title\" content=\"Bio-Camu-Camu-Pulver - Candela Organic\" \/>\n<meta property=\"og:description\" content=\"El polvo de Camu Camu ayuda a que mejore su bienestar ya que es un superalimento rico en vitamina C, perfecto para bebidas y apoyo inmunol\u00f3gico.\" \/>\n<meta property=\"og:url\" content=\"https:\/\/candelaorganic.com\/de\/producto\/bio-camu-camu-pulver\/\" \/>\n<meta property=\"og:site_name\" content=\"Candela Organic\" \/>\n<meta property=\"article:modified_time\" content=\"2024-06-21T15:36:50+00:00\" \/>\n<meta property=\"og:image\" content=\"https:\/\/candelaorganic.com\/de\/wp-content\/uploads\/sites\/14\/2024\/04\/polvo-camucamu-Secondary-product-image.webp\" \/>\n\t<meta property=\"og:image:width\" content=\"609\" \/>\n\t<meta property=\"og:image:height\" content=\"599\" \/>\n\t<meta property=\"og:image:type\" content=\"image\/webp\" \/>\n<meta name=\"twitter:card\" content=\"summary_large_image\" \/>\n<meta name=\"twitter:label1\" content=\"Gesch\u00e4tzte Lesezeit\" \/>\n\t<meta name=\"twitter:data1\" content=\"2\u00a0Minuten\" \/>\n<script type=\"application\/ld+json\" class=\"yoast-schema-graph\">{\"@context\":\"https:\/\/schema.org\",\"@graph\":[{\"@type\":\"WebPage\",\"@id\":\"https:\/\/candelaorganic.com\/de\/producto\/bio-camu-camu-pulver\/\",\"url\":\"https:\/\/candelaorganic.com\/de\/producto\/bio-camu-camu-pulver\/\",\"name\":\"Bio-Camu-Camu-Pulver - Candela Organic\",\"isPartOf\":{\"@id\":\"https:\/\/candelaorganic.com\/de\/#website\"},\"primaryImageOfPage\":{\"@id\":\"https:\/\/candelaorganic.com\/de\/producto\/bio-camu-camu-pulver\/#primaryimage\"},\"image\":{\"@id\":\"https:\/\/candelaorganic.com\/de\/producto\/bio-camu-camu-pulver\/#primaryimage\"},\"thumbnailUrl\":\"https:\/\/candelaorganic.com\/de\/wp-content\/uploads\/sites\/14\/2024\/04\/polvo-camucamu-Secondary-product-image.webp\",\"datePublished\":\"2024-04-04T15:40:33+00:00\",\"dateModified\":\"2024-06-21T15:36:50+00:00\",\"description\":\"El polvo de Camu Camu ayuda a que mejore su bienestar ya que es un superalimento rico en vitamina C, perfecto para bebidas y apoyo inmunol\u00f3gico.\",\"breadcrumb\":{\"@id\":\"https:\/\/candelaorganic.com\/de\/producto\/bio-camu-camu-pulver\/#breadcrumb\"},\"inLanguage\":\"de\",\"potentialAction\":[{\"@type\":\"ReadAction\",\"target\":[\"https:\/\/candelaorganic.com\/de\/producto\/bio-camu-camu-pulver\/\"]}]},{\"@type\":\"ImageObject\",\"inLanguage\":\"de\",\"@id\":\"https:\/\/candelaorganic.com\/de\/producto\/bio-camu-camu-pulver\/#primaryimage\",\"url\":\"https:\/\/candelaorganic.com\/de\/wp-content\/uploads\/sites\/14\/2024\/04\/polvo-camucamu-Secondary-product-image.webp\",\"contentUrl\":\"https:\/\/candelaorganic.com\/de\/wp-content\/uploads\/sites\/14\/2024\/04\/polvo-camucamu-Secondary-product-image.webp\",\"width\":609,\"height\":599},{\"@type\":\"BreadcrumbList\",\"@id\":\"https:\/\/candelaorganic.com\/de\/producto\/bio-camu-camu-pulver\/#breadcrumb\",\"itemListElement\":[{\"@type\":\"ListItem\",\"position\":1,\"name\":\"Produkte\",\"item\":\"https:\/\/candelaorganic.com\/de\/produkte\/\"},{\"@type\":\"ListItem\",\"position\":2,\"name\":\"Massennahrung\",\"item\":\"https:\/\/candelaorganic.com\/de\/tienda\/massennahrung\/\"},{\"@type\":\"ListItem\",\"position\":3,\"name\":\"Pulver\",\"item\":\"https:\/\/candelaorganic.com\/de\/tienda\/massennahrung\/massenpulver\/\"},{\"@type\":\"ListItem\",\"position\":4,\"name\":\"Bio-Camu-Camu-Pulver\"}]},{\"@type\":\"WebSite\",\"@id\":\"https:\/\/candelaorganic.com\/de\/#website\",\"url\":\"https:\/\/candelaorganic.com\/de\/\",\"name\":\"Candela Organic\",\"description\":\"Wir erh\u00f6hen die Lebensmittelstandards\",\"publisher\":{\"@id\":\"https:\/\/candelaorganic.com\/de\/#organization\"},\"potentialAction\":[{\"@type\":\"SearchAction\",\"target\":{\"@type\":\"EntryPoint\",\"urlTemplate\":\"https:\/\/candelaorganic.com\/de\/?s={search_term_string}\"},\"query-input\":{\"@type\":\"PropertyValueSpecification\",\"valueRequired\":true,\"valueName\":\"search_term_string\"}}],\"inLanguage\":\"de\"},{\"@type\":\"Organization\",\"@id\":\"https:\/\/candelaorganic.com\/de\/#organization\",\"name\":\"Candela Organic\",\"url\":\"https:\/\/candelaorganic.com\/de\/\",\"logo\":{\"@type\":\"ImageObject\",\"inLanguage\":\"de\",\"@id\":\"https:\/\/candelaorganic.com\/de\/#\/schema\/logo\/image\/\",\"url\":\"https:\/\/candelaorganic.com\/de\/wp-content\/uploads\/sites\/14\/2024\/04\/Logotype.webp\",\"contentUrl\":\"https:\/\/candelaorganic.com\/de\/wp-content\/uploads\/sites\/14\/2024\/04\/Logotype.webp\",\"width\":256,\"height\":52,\"caption\":\"Candela Organic\"},\"image\":{\"@id\":\"https:\/\/candelaorganic.com\/de\/#\/schema\/logo\/image\/\"}}]}<\/script>\n<!-- \/ Yoast SEO plugin. -->","yoast_head_json":{"title":"Bio-Camu-Camu-Pulver - Candela Organic","description":"El polvo de Camu Camu ayuda a que mejore su bienestar ya que es un superalimento rico en vitamina C, perfecto para bebidas y apoyo inmunol\u00f3gico.","robots":{"index":"index","follow":"follow","max-snippet":"max-snippet:-1","max-image-preview":"max-image-preview:large","max-video-preview":"max-video-preview:-1"},"canonical":"https:\/\/candelaorganic.com\/de\/producto\/bio-camu-camu-pulver\/","og_locale":"de_DE","og_type":"article","og_title":"Bio-Camu-Camu-Pulver - Candela Organic","og_description":"El polvo de Camu Camu ayuda a que mejore su bienestar ya que es un superalimento rico en vitamina C, perfecto para bebidas y apoyo inmunol\u00f3gico.","og_url":"https:\/\/candelaorganic.com\/de\/producto\/bio-camu-camu-pulver\/","og_site_name":"Candela Organic","article_modified_time":"2024-06-21T15:36:50+00:00","og_image":[{"width":609,"height":599,"url":"https:\/\/candelaorganic.com\/de\/wp-content\/uploads\/sites\/14\/2024\/04\/polvo-camucamu-Secondary-product-image.webp","type":"image\/webp"}],"twitter_card":"summary_large_image","twitter_misc":{"Gesch\u00e4tzte Lesezeit":"2\u00a0Minuten"},"schema":{"@context":"https:\/\/schema.org","@graph":[{"@type":"WebPage","@id":"https:\/\/candelaorganic.com\/de\/producto\/bio-camu-camu-pulver\/","url":"https:\/\/candelaorganic.com\/de\/producto\/bio-camu-camu-pulver\/","name":"Bio-Camu-Camu-Pulver - Candela Organic","isPartOf":{"@id":"https:\/\/candelaorganic.com\/de\/#website"},"primaryImageOfPage":{"@id":"https:\/\/candelaorganic.com\/de\/producto\/bio-camu-camu-pulver\/#primaryimage"},"image":{"@id":"https:\/\/candelaorganic.com\/de\/producto\/bio-camu-camu-pulver\/#primaryimage"},"thumbnailUrl":"https:\/\/candelaorganic.com\/de\/wp-content\/uploads\/sites\/14\/2024\/04\/polvo-camucamu-Secondary-product-image.webp","datePublished":"2024-04-04T15:40:33+00:00","dateModified":"2024-06-21T15:36:50+00:00","description":"El polvo de Camu Camu ayuda a que mejore su bienestar ya que es un superalimento rico en vitamina C, perfecto para bebidas y apoyo inmunol\u00f3gico.","breadcrumb":{"@id":"https:\/\/candelaorganic.com\/de\/producto\/bio-camu-camu-pulver\/#breadcrumb"},"inLanguage":"de","potentialAction":[{"@type":"ReadAction","target":["https:\/\/candelaorganic.com\/de\/producto\/bio-camu-camu-pulver\/"]}]},{"@type":"ImageObject","inLanguage":"de","@id":"https:\/\/candelaorganic.com\/de\/producto\/bio-camu-camu-pulver\/#primaryimage","url":"https:\/\/candelaorganic.com\/de\/wp-content\/uploads\/sites\/14\/2024\/04\/polvo-camucamu-Secondary-product-image.webp","contentUrl":"https:\/\/candelaorganic.com\/de\/wp-content\/uploads\/sites\/14\/2024\/04\/polvo-camucamu-Secondary-product-image.webp","width":609,"height":599},{"@type":"BreadcrumbList","@id":"https:\/\/candelaorganic.com\/de\/producto\/bio-camu-camu-pulver\/#breadcrumb","itemListElement":[{"@type":"ListItem","position":1,"name":"Produkte","item":"https:\/\/candelaorganic.com\/de\/produkte\/"},{"@type":"ListItem","position":2,"name":"Massennahrung","item":"https:\/\/candelaorganic.com\/de\/tienda\/massennahrung\/"},{"@type":"ListItem","position":3,"name":"Pulver","item":"https:\/\/candelaorganic.com\/de\/tienda\/massennahrung\/massenpulver\/"},{"@type":"ListItem","position":4,"name":"Bio-Camu-Camu-Pulver"}]},{"@type":"WebSite","@id":"https:\/\/candelaorganic.com\/de\/#website","url":"https:\/\/candelaorganic.com\/de\/","name":"Candela Organic","description":"Wir erh\u00f6hen die Lebensmittelstandards","publisher":{"@id":"https:\/\/candelaorganic.com\/de\/#organization"},"potentialAction":[{"@type":"SearchAction","target":{"@type":"EntryPoint","urlTemplate":"https:\/\/candelaorganic.com\/de\/?s={search_term_string}"},"query-input":{"@type":"PropertyValueSpecification","valueRequired":true,"valueName":"search_term_string"}}],"inLanguage":"de"},{"@type":"Organization","@id":"https:\/\/candelaorganic.com\/de\/#organization","name":"Candela Organic","url":"https:\/\/candelaorganic.com\/de\/","logo":{"@type":"ImageObject","inLanguage":"de","@id":"https:\/\/candelaorganic.com\/de\/#\/schema\/logo\/image\/","url":"https:\/\/candelaorganic.com\/de\/wp-content\/uploads\/sites\/14\/2024\/04\/Logotype.webp","contentUrl":"https:\/\/candelaorganic.com\/de\/wp-content\/uploads\/sites\/14\/2024\/04\/Logotype.webp","width":256,"height":52,"caption":"Candela Organic"},"image":{"@id":"https:\/\/candelaorganic.com\/de\/#\/schema\/logo\/image\/"}}]}},"_links":{"self":[{"href":"https:\/\/candelaorganic.com\/de\/wp-json\/wp\/v2\/product\/14115"}],"collection":[{"href":"https:\/\/candelaorganic.com\/de\/wp-json\/wp\/v2\/product"}],"about":[{"href":"https:\/\/candelaorganic.com\/de\/wp-json\/wp\/v2\/types\/product"}],"replies":[{"embeddable":true,"href":"https:\/\/candelaorganic.com\/de\/wp-json\/wp\/v2\/comments?post=14115"}],"wp:featuredmedia":[{"embeddable":true,"href":"https:\/\/candelaorganic.com\/de\/wp-json\/wp\/v2\/media\/13899"}],"wp:attachment":[{"href":"https:\/\/candelaorganic.com\/de\/wp-json\/wp\/v2\/media?parent=14115"}],"wp:term":[{"taxonomy":"product_cat","embeddable":true,"href":"https:\/\/candelaorganic.com\/de\/wp-json\/wp\/v2\/product_cat?post=14115"},{"taxonomy":"product_tag","embeddable":true,"href":"https:\/\/candelaorganic.com\/de\/wp-json\/wp\/v2\/product_tag?post=14115"}],"curies":[{"name":"wp","href":"https:\/\/api.w.org\/{rel}","templated":true}]}}