{"id":14105,"date":"2024-04-04T17:36:03","date_gmt":"2024-04-04T15:36:03","guid":{"rendered":"https:\/\/candelaorganic.com\/de\/?post_type=product&#038;p=14105"},"modified":"2024-07-16T18:40:47","modified_gmt":"2024-07-16T16:40:47","slug":"konventionelles-aguaje-oel","status":"publish","type":"product","link":"https:\/\/candelaorganic.com\/de\/producto\/konventionelles-aguaje-oel\/","title":{"rendered":"Konventionelles Aguaje-\u00d6l"},"content":{"rendered":"<p>Unser konventionelles Aguaje-\u00d6l wird sorgf\u00e4ltig aus dem pulsierenden peruanischen Amazonasgebiet bezogen, wo die wilden Fr\u00fcchte des Aguaje-Baums gedeihen. Die ikonischen Mauritia-Flexosa-B\u00e4ume sind in Zentralbrasilien und im s\u00fcdlichen Amazonasbecken ein allt\u00e4glicher Anblick, und die bemerkenswerten Vorteile des Buriti-\u00d6ls finden sowohl im Amazonasgebiet als auch auf der Weltb\u00fchne Anerkennung. Diese Aguaje-B\u00e4ume, die im Amazonas-Regenwald gedeihen, spielen eine wichtige Rolle in unseren \u00d6kosystemen.<\/p>\n<p>&nbsp;<\/p>\n<div class=\"text-wrap\"><strong><span class=\"subtitle\" style=\"color: #f1b434;\">FUNKTIONEN UND VORTEILE<\/span><\/strong><\/div>\n<ul>\n<li>Amazonian Glow: Herk\u00f6mmliches Aguaje-\u00d6l aus dem peruanischen Amazonas bringt den nat\u00fcrlichen Glanz der Haut zum Vorschein. Dieses \u00d6l wird aus wild geernteten Aguaje-Fr\u00fcchten gewonnen und bringt jahrhundertealte Sch\u00f6nheitsweisheiten in Ihre Routine ein.<\/li>\n<li>Elixier f\u00fcr die Haut: Bernsteinfarbenes konventionelles Buriti-\u00d6l spendet Feuchtigkeit und pflegt. Ein vielseitiger Begleiter f\u00fcr verschiedene Hautbed\u00fcrfnisse, der sie auf nat\u00fcrliche Weise belebt.<\/li>\n<li>Renaissance der Natur: Konventionelles Aguaje-\u00d6l respektiert die Sch\u00f6nheit des Amazonas und revitalisiert gleichzeitig Ihre Haut. Es ist ideal f\u00fcr trockene, alternde und empfindliche Haut und sorgt f\u00fcr zeitlose Leuchtkraft und Wohlbefinden.<\/li>\n<li>Sie werden als wirksamer Inhaltsstoff f\u00fcr kosmetische Formulierungen von Produkten, Peelings oder anderen Produkten zur F\u00f6rderung der K\u00f6rperpflege verwendet. Unsere kleinen Pr\u00e4sentationen sind Ihr allt\u00e4glicher Verb\u00fcndeter bei der Hautpflege<\/li>\n<\/ul>\n<div class=\"text-wrap\"><\/div>\n","protected":false},"excerpt":{"rendered":"<div class=\"title\">\n<div class=\"title\">\n<div class=\"title\">\n<div class=\"title\">\n<div class=\"title\"><strong><span class=\"name\" style=\"color: #f1b434;\">\/ MAURITIA FLEXUOSA \/<\/span><\/strong><\/div>\n<p>Aguaje\u00f6l ist reich an Vitamin A und aufgrund seines Beta-Carotin-Gehalts eine perfekte pflanzliche Alternative f\u00fcr die Haut. Sein hoher Gehalt an Antioxidantien und Vitaminen macht es ideal zur Bek\u00e4mpfung freier Radikale, des Alterungsprozesses und zur Beruhigung trockener Haut.<\/p>\n<\/div>\n<\/div>\n<\/div>\n<\/div>\n","protected":false},"featured_media":13998,"comment_status":"open","ping_status":"closed","template":"","meta":{"editor_notices":[]},"product_cat":[80],"product_tag":[],"yoast_head":"<!-- This site is optimized with the Yoast SEO plugin v23.5 - https:\/\/yoast.com\/wordpress\/plugins\/seo\/ -->\n<title>Konventionelles Aguaje-\u00d6l - Candela Organic<\/title>\n<meta name=\"description\" content=\"Unser konventionelles Aguaje-\u00d6l wird sorgf\u00e4ltig aus dem pulsierenden peruanischen Amazonasgebiet bezogen, wo die wilden Fr\u00fcchte des Aguaje-Baums gedeihen.\" \/>\n<meta name=\"robots\" content=\"index, follow, max-snippet:-1, max-image-preview:large, max-video-preview:-1\" \/>\n<link rel=\"canonical\" href=\"https:\/\/candelaorganic.com\/de\/producto\/konventionelles-aguaje-oel\/\" \/>\n<meta property=\"og:locale\" content=\"de_DE\" \/>\n<meta property=\"og:type\" content=\"article\" \/>\n<meta property=\"og:title\" content=\"Konventionelles Aguaje-\u00d6l - Candela Organic\" \/>\n<meta property=\"og:description\" content=\"Unser konventionelles Aguaje-\u00d6l wird sorgf\u00e4ltig aus dem pulsierenden peruanischen Amazonasgebiet bezogen, wo die wilden Fr\u00fcchte des Aguaje-Baums gedeihen.\" \/>\n<meta property=\"og:url\" content=\"https:\/\/candelaorganic.com\/de\/producto\/konventionelles-aguaje-oel\/\" \/>\n<meta property=\"og:site_name\" content=\"Candela Organic\" \/>\n<meta property=\"article:modified_time\" content=\"2024-07-16T16:40:47+00:00\" \/>\n<meta property=\"og:image\" content=\"https:\/\/candelaorganic.com\/de\/wp-content\/uploads\/sites\/14\/2024\/04\/Aceite-Aguaje-beauty-product-image.webp\" \/>\n\t<meta property=\"og:image:width\" content=\"1070\" \/>\n\t<meta property=\"og:image:height\" content=\"1080\" \/>\n\t<meta property=\"og:image:type\" content=\"image\/webp\" \/>\n<meta name=\"twitter:card\" content=\"summary_large_image\" \/>\n<meta name=\"twitter:label1\" content=\"Gesch\u00e4tzte Lesezeit\" \/>\n\t<meta name=\"twitter:data1\" content=\"2\u00a0Minuten\" \/>\n<script type=\"application\/ld+json\" class=\"yoast-schema-graph\">{\"@context\":\"https:\/\/schema.org\",\"@graph\":[{\"@type\":\"WebPage\",\"@id\":\"https:\/\/candelaorganic.com\/de\/producto\/konventionelles-aguaje-oel\/\",\"url\":\"https:\/\/candelaorganic.com\/de\/producto\/konventionelles-aguaje-oel\/\",\"name\":\"Konventionelles Aguaje-\u00d6l - Candela Organic\",\"isPartOf\":{\"@id\":\"https:\/\/candelaorganic.com\/de\/#website\"},\"primaryImageOfPage\":{\"@id\":\"https:\/\/candelaorganic.com\/de\/producto\/konventionelles-aguaje-oel\/#primaryimage\"},\"image\":{\"@id\":\"https:\/\/candelaorganic.com\/de\/producto\/konventionelles-aguaje-oel\/#primaryimage\"},\"thumbnailUrl\":\"https:\/\/candelaorganic.com\/de\/wp-content\/uploads\/sites\/14\/2024\/04\/Aceite-Aguaje-beauty-product-image.webp\",\"datePublished\":\"2024-04-04T15:36:03+00:00\",\"dateModified\":\"2024-07-16T16:40:47+00:00\",\"description\":\"Unser konventionelles Aguaje-\u00d6l wird sorgf\u00e4ltig aus dem pulsierenden peruanischen Amazonasgebiet bezogen, wo die wilden Fr\u00fcchte des Aguaje-Baums gedeihen.\",\"breadcrumb\":{\"@id\":\"https:\/\/candelaorganic.com\/de\/producto\/konventionelles-aguaje-oel\/#breadcrumb\"},\"inLanguage\":\"de\",\"potentialAction\":[{\"@type\":\"ReadAction\",\"target\":[\"https:\/\/candelaorganic.com\/de\/producto\/konventionelles-aguaje-oel\/\"]}]},{\"@type\":\"ImageObject\",\"inLanguage\":\"de\",\"@id\":\"https:\/\/candelaorganic.com\/de\/producto\/konventionelles-aguaje-oel\/#primaryimage\",\"url\":\"https:\/\/candelaorganic.com\/de\/wp-content\/uploads\/sites\/14\/2024\/04\/Aceite-Aguaje-beauty-product-image.webp\",\"contentUrl\":\"https:\/\/candelaorganic.com\/de\/wp-content\/uploads\/sites\/14\/2024\/04\/Aceite-Aguaje-beauty-product-image.webp\",\"width\":1070,\"height\":1080},{\"@type\":\"BreadcrumbList\",\"@id\":\"https:\/\/candelaorganic.com\/de\/producto\/konventionelles-aguaje-oel\/#breadcrumb\",\"itemListElement\":[{\"@type\":\"ListItem\",\"position\":1,\"name\":\"Produkte\",\"item\":\"https:\/\/candelaorganic.com\/de\/produkte\/\"},{\"@type\":\"ListItem\",\"position\":2,\"name\":\"Einzelhandel mit Kosmetik- und K\u00f6rperpflegeprodukten\",\"item\":\"https:\/\/candelaorganic.com\/de\/tienda\/einzelhandel-mit-kosmetik-und-koerperpflegeprodukten\/\"},{\"@type\":\"ListItem\",\"position\":3,\"name\":\"\u00d6le\",\"item\":\"https:\/\/candelaorganic.com\/de\/tienda\/einzelhandel-mit-kosmetik-und-koerperpflegeprodukten\/oel-und-butter-einzelhandel\/\"},{\"@type\":\"ListItem\",\"position\":4,\"name\":\"Konventionelles Aguaje-\u00d6l\"}]},{\"@type\":\"WebSite\",\"@id\":\"https:\/\/candelaorganic.com\/de\/#website\",\"url\":\"https:\/\/candelaorganic.com\/de\/\",\"name\":\"Candela Organic\",\"description\":\"Wir erh\u00f6hen die Lebensmittelstandards\",\"publisher\":{\"@id\":\"https:\/\/candelaorganic.com\/de\/#organization\"},\"potentialAction\":[{\"@type\":\"SearchAction\",\"target\":{\"@type\":\"EntryPoint\",\"urlTemplate\":\"https:\/\/candelaorganic.com\/de\/?s={search_term_string}\"},\"query-input\":{\"@type\":\"PropertyValueSpecification\",\"valueRequired\":true,\"valueName\":\"search_term_string\"}}],\"inLanguage\":\"de\"},{\"@type\":\"Organization\",\"@id\":\"https:\/\/candelaorganic.com\/de\/#organization\",\"name\":\"Candela Organic\",\"url\":\"https:\/\/candelaorganic.com\/de\/\",\"logo\":{\"@type\":\"ImageObject\",\"inLanguage\":\"de\",\"@id\":\"https:\/\/candelaorganic.com\/de\/#\/schema\/logo\/image\/\",\"url\":\"https:\/\/candelaorganic.com\/de\/wp-content\/uploads\/sites\/14\/2024\/04\/Logotype.webp\",\"contentUrl\":\"https:\/\/candelaorganic.com\/de\/wp-content\/uploads\/sites\/14\/2024\/04\/Logotype.webp\",\"width\":256,\"height\":52,\"caption\":\"Candela Organic\"},\"image\":{\"@id\":\"https:\/\/candelaorganic.com\/de\/#\/schema\/logo\/image\/\"}}]}<\/script>\n<!-- \/ Yoast SEO plugin. -->","yoast_head_json":{"title":"Konventionelles Aguaje-\u00d6l - Candela Organic","description":"Unser konventionelles Aguaje-\u00d6l wird sorgf\u00e4ltig aus dem pulsierenden peruanischen Amazonasgebiet bezogen, wo die wilden Fr\u00fcchte des Aguaje-Baums gedeihen.","robots":{"index":"index","follow":"follow","max-snippet":"max-snippet:-1","max-image-preview":"max-image-preview:large","max-video-preview":"max-video-preview:-1"},"canonical":"https:\/\/candelaorganic.com\/de\/producto\/konventionelles-aguaje-oel\/","og_locale":"de_DE","og_type":"article","og_title":"Konventionelles Aguaje-\u00d6l - Candela Organic","og_description":"Unser konventionelles Aguaje-\u00d6l wird sorgf\u00e4ltig aus dem pulsierenden peruanischen Amazonasgebiet bezogen, wo die wilden Fr\u00fcchte des Aguaje-Baums gedeihen.","og_url":"https:\/\/candelaorganic.com\/de\/producto\/konventionelles-aguaje-oel\/","og_site_name":"Candela Organic","article_modified_time":"2024-07-16T16:40:47+00:00","og_image":[{"width":1070,"height":1080,"url":"https:\/\/candelaorganic.com\/de\/wp-content\/uploads\/sites\/14\/2024\/04\/Aceite-Aguaje-beauty-product-image.webp","type":"image\/webp"}],"twitter_card":"summary_large_image","twitter_misc":{"Gesch\u00e4tzte Lesezeit":"2\u00a0Minuten"},"schema":{"@context":"https:\/\/schema.org","@graph":[{"@type":"WebPage","@id":"https:\/\/candelaorganic.com\/de\/producto\/konventionelles-aguaje-oel\/","url":"https:\/\/candelaorganic.com\/de\/producto\/konventionelles-aguaje-oel\/","name":"Konventionelles Aguaje-\u00d6l - Candela Organic","isPartOf":{"@id":"https:\/\/candelaorganic.com\/de\/#website"},"primaryImageOfPage":{"@id":"https:\/\/candelaorganic.com\/de\/producto\/konventionelles-aguaje-oel\/#primaryimage"},"image":{"@id":"https:\/\/candelaorganic.com\/de\/producto\/konventionelles-aguaje-oel\/#primaryimage"},"thumbnailUrl":"https:\/\/candelaorganic.com\/de\/wp-content\/uploads\/sites\/14\/2024\/04\/Aceite-Aguaje-beauty-product-image.webp","datePublished":"2024-04-04T15:36:03+00:00","dateModified":"2024-07-16T16:40:47+00:00","description":"Unser konventionelles Aguaje-\u00d6l wird sorgf\u00e4ltig aus dem pulsierenden peruanischen Amazonasgebiet bezogen, wo die wilden Fr\u00fcchte des Aguaje-Baums gedeihen.","breadcrumb":{"@id":"https:\/\/candelaorganic.com\/de\/producto\/konventionelles-aguaje-oel\/#breadcrumb"},"inLanguage":"de","potentialAction":[{"@type":"ReadAction","target":["https:\/\/candelaorganic.com\/de\/producto\/konventionelles-aguaje-oel\/"]}]},{"@type":"ImageObject","inLanguage":"de","@id":"https:\/\/candelaorganic.com\/de\/producto\/konventionelles-aguaje-oel\/#primaryimage","url":"https:\/\/candelaorganic.com\/de\/wp-content\/uploads\/sites\/14\/2024\/04\/Aceite-Aguaje-beauty-product-image.webp","contentUrl":"https:\/\/candelaorganic.com\/de\/wp-content\/uploads\/sites\/14\/2024\/04\/Aceite-Aguaje-beauty-product-image.webp","width":1070,"height":1080},{"@type":"BreadcrumbList","@id":"https:\/\/candelaorganic.com\/de\/producto\/konventionelles-aguaje-oel\/#breadcrumb","itemListElement":[{"@type":"ListItem","position":1,"name":"Produkte","item":"https:\/\/candelaorganic.com\/de\/produkte\/"},{"@type":"ListItem","position":2,"name":"Einzelhandel mit Kosmetik- und K\u00f6rperpflegeprodukten","item":"https:\/\/candelaorganic.com\/de\/tienda\/einzelhandel-mit-kosmetik-und-koerperpflegeprodukten\/"},{"@type":"ListItem","position":3,"name":"\u00d6le","item":"https:\/\/candelaorganic.com\/de\/tienda\/einzelhandel-mit-kosmetik-und-koerperpflegeprodukten\/oel-und-butter-einzelhandel\/"},{"@type":"ListItem","position":4,"name":"Konventionelles Aguaje-\u00d6l"}]},{"@type":"WebSite","@id":"https:\/\/candelaorganic.com\/de\/#website","url":"https:\/\/candelaorganic.com\/de\/","name":"Candela Organic","description":"Wir erh\u00f6hen die Lebensmittelstandards","publisher":{"@id":"https:\/\/candelaorganic.com\/de\/#organization"},"potentialAction":[{"@type":"SearchAction","target":{"@type":"EntryPoint","urlTemplate":"https:\/\/candelaorganic.com\/de\/?s={search_term_string}"},"query-input":{"@type":"PropertyValueSpecification","valueRequired":true,"valueName":"search_term_string"}}],"inLanguage":"de"},{"@type":"Organization","@id":"https:\/\/candelaorganic.com\/de\/#organization","name":"Candela Organic","url":"https:\/\/candelaorganic.com\/de\/","logo":{"@type":"ImageObject","inLanguage":"de","@id":"https:\/\/candelaorganic.com\/de\/#\/schema\/logo\/image\/","url":"https:\/\/candelaorganic.com\/de\/wp-content\/uploads\/sites\/14\/2024\/04\/Logotype.webp","contentUrl":"https:\/\/candelaorganic.com\/de\/wp-content\/uploads\/sites\/14\/2024\/04\/Logotype.webp","width":256,"height":52,"caption":"Candela Organic"},"image":{"@id":"https:\/\/candelaorganic.com\/de\/#\/schema\/logo\/image\/"}}]}},"_links":{"self":[{"href":"https:\/\/candelaorganic.com\/de\/wp-json\/wp\/v2\/product\/14105"}],"collection":[{"href":"https:\/\/candelaorganic.com\/de\/wp-json\/wp\/v2\/product"}],"about":[{"href":"https:\/\/candelaorganic.com\/de\/wp-json\/wp\/v2\/types\/product"}],"replies":[{"embeddable":true,"href":"https:\/\/candelaorganic.com\/de\/wp-json\/wp\/v2\/comments?post=14105"}],"wp:featuredmedia":[{"embeddable":true,"href":"https:\/\/candelaorganic.com\/de\/wp-json\/wp\/v2\/media\/13998"}],"wp:attachment":[{"href":"https:\/\/candelaorganic.com\/de\/wp-json\/wp\/v2\/media?parent=14105"}],"wp:term":[{"taxonomy":"product_cat","embeddable":true,"href":"https:\/\/candelaorganic.com\/de\/wp-json\/wp\/v2\/product_cat?post=14105"},{"taxonomy":"product_tag","embeddable":true,"href":"https:\/\/candelaorganic.com\/de\/wp-json\/wp\/v2\/product_tag?post=14105"}],"curies":[{"name":"wp","href":"https:\/\/api.w.org\/{rel}","templated":true}]}}