{"id":14092,"date":"2024-04-04T17:31:45","date_gmt":"2024-04-04T15:31:45","guid":{"rendered":"https:\/\/candelaorganic.com\/de\/?post_type=product&#038;p=14092"},"modified":"2025-11-26T17:40:43","modified_gmt":"2025-11-26T16:40:43","slug":"copaiba-oel","status":"publish","type":"product","link":"https:\/\/candelaorganic.com\/de\/producto\/copaiba-oel\/","title":{"rendered":"Copaiba-\u00d6l"},"content":{"rendered":"<p>Copaiba-\u00d6l stammt vom Copaiba-Baum im Amazonasgebiet und wird durch Extraktion von Oleoresin gewonnen.<\/p>\n<p>Seine Anwendung ist ideal bei Hauterkrankungen, es hilft bei der Wundheilung und regt die Durchblutung an, was bei Krampfadern eine gro\u00dfe Hilfe ist.<\/p>\n<p>Copaiba-\u00d6l ist der beste Verb\u00fcndete f\u00fcr einen gesunden K\u00f6rper, daher ist seine Anwendung ideal bei Psoriasis, Herpes, Dermatitis und Pilzproblemen, wo es sich als au\u00dfergew\u00f6hnliches nat\u00fcrliches Antimykotikum auszeichnet. Vorteile: Harzs\u00e4uren wie Elesig- und Kopaibins\u00e4ure. E-Cuben, Cu-Bebene, Humulen, E-Humulen. Verwendungszweck: Seine Anwendung ist ideal bei Hauterkrankungen, es hilft bei der Wundheilung und regt die Durchblutung an, was eine gro\u00dfe Hilfe bei Krampfadern ist. Copaiba-\u00d6l ist der beste Verb\u00fcndete f\u00fcr einen gesunden K\u00f6rper, daher ist seine Anwendung ideal bei Psoriasis, Herpes, Dermatitis und Pilzproblemen, wo es sich als au\u00dfergew\u00f6hnliches nat\u00fcrliches Antimykotikum auszeichnet.<\/p>\n<p>Sie werden als wirksamer Inhaltsstoff f\u00fcr kosmetische Formulierungen von Produkten, Peelings oder anderen Produkten zur F\u00f6rderung der K\u00f6rperpflege verwendet. Unsere Einzelhandelspr\u00e4sentation ist perfekt, um diese Schmerzen zu lindern, ohne das Haus zu verlassen.<\/p>\n<p>&nbsp;<\/p>\n<div class=\"text-wrap\"><strong><span class=\"subtitle\" style=\"color: #f1b434;\">FUNKTIONEN UND VORTEILE<\/span><\/strong><\/div>\n<ul>\n<li>MERKMALE UND VORTEILE<\/li>\n<li>Verb\u00fcndeter der Hautpflege: Copaiba-\u00d6l aus dem Copaiba-Baum im Amazonas ist eine ideale L\u00f6sung f\u00fcr verschiedene Hauterkrankungen, indem es die Wundheilung unterst\u00fctzt und eine gesunde Durchblutung f\u00f6rdert.<\/li>\n<li>Linderung von Krampfadern: Entfaltet die Kraft des Copaiba-\u00d6ls zur Behandlung von Krampfadern, hilft dabei, die Durchblutung zu verbessern und Beschwerden zu lindern.<\/li>\n<li>Nat\u00fcrliche antimykotische Exzellenz: Nutzen Sie Copaiba-\u00d6l als nat\u00fcrlichen Verb\u00fcndeten zur Bek\u00e4mpfung von Psoriasis, Herpes, Dermatitis und Pilzproblemen und nutzen Sie dabei seine au\u00dfergew\u00f6hnlichen antimykotischen Eigenschaften.<\/li>\n<li>Unterst\u00fctzung f\u00fcr umfassendes Wohlbefinden: Copaiba-\u00d6l wird zu einem vielseitigen Begleiter zur F\u00f6rderung eines gesunden K\u00f6rpers und bietet Vorteile, die sich auch auf Hauterkrankungen und das allgemeine Wohlbefinden erstrecken.<\/li>\n<li>Die Magie des Naturharzes: Entdecken Sie die au\u00dfergew\u00f6hnlichen Vorteile von Copaiba-\u00d6l, angereichert mit Harzs\u00e4uren, E-Cuben, Cu-Bebene, Humulen und E-Humulen, die zu seinen au\u00dfergew\u00f6hnlichen heilenden und verj\u00fcngenden Eigenschaften beitragen.<\/li>\n<\/ul>\n","protected":false},"excerpt":{"rendered":"<div class=\"title\">\n<div class=\"title\">\n<div class=\"title\">\n<div class=\"title\">\n<div class=\"title\"><strong><span class=\"name\" style=\"color: #f1b434;\">\/ COPAIFERA OFFICIANALIS \/<\/span><\/strong><\/div>\n<p>Indem es das Erscheinungsbild der Haut auf ein neues Niveau hebt, wird Copaiba-\u00d6l zu einem Hoffnungsschimmer f\u00fcr Menschen, die unter Reizungen, Entz\u00fcndungen, Allergien und problematischen Hauterkrankungen wie Psoriasis und Neurodermitis leiden. Als Schutz vor Austrocknung arbeitet es harmonisch daran, das nat\u00fcrliche Gleichgewicht der Haut wiederherzustellen und aufrechtzuerhalten und sorgt so f\u00fcr einen strahlenden und gesunden Teint.<\/p>\n<\/div>\n<\/div>\n<\/div>\n<\/div>\n","protected":false},"featured_media":13997,"comment_status":"open","ping_status":"closed","template":"","meta":{"editor_notices":[]},"product_cat":[80],"product_tag":[],"yoast_head":"<!-- This site is optimized with the Yoast SEO plugin v23.5 - https:\/\/yoast.com\/wordpress\/plugins\/seo\/ -->\n<title>Copaiba-\u00d6l - Candela Organic<\/title>\n<meta name=\"description\" content=\"Copaiba-\u00d6l stammt vom Copaiba-Baum im Amazonasgebiet und wird durch Extraktion von Oleoresin gewonnen.\" \/>\n<meta name=\"robots\" content=\"index, follow, max-snippet:-1, max-image-preview:large, max-video-preview:-1\" \/>\n<link rel=\"canonical\" href=\"https:\/\/candelaorganic.com\/de\/producto\/copaiba-oel\/\" \/>\n<meta property=\"og:locale\" content=\"de_DE\" \/>\n<meta property=\"og:type\" content=\"article\" \/>\n<meta property=\"og:title\" content=\"Copaiba-\u00d6l - Candela Organic\" \/>\n<meta property=\"og:description\" content=\"Copaiba-\u00d6l stammt vom Copaiba-Baum im Amazonasgebiet und wird durch Extraktion von Oleoresin gewonnen.\" \/>\n<meta property=\"og:url\" content=\"https:\/\/candelaorganic.com\/de\/producto\/copaiba-oel\/\" \/>\n<meta property=\"og:site_name\" content=\"Candela Organic\" \/>\n<meta property=\"article:modified_time\" content=\"2025-11-26T16:40:43+00:00\" \/>\n<meta property=\"og:image\" content=\"https:\/\/candelaorganic.com\/de\/wp-content\/uploads\/sites\/14\/2024\/04\/Aceite-Copaiba-beauty-product-image.webp\" \/>\n\t<meta property=\"og:image:width\" content=\"1070\" \/>\n\t<meta property=\"og:image:height\" content=\"1080\" \/>\n\t<meta property=\"og:image:type\" content=\"image\/webp\" \/>\n<meta name=\"twitter:card\" content=\"summary_large_image\" \/>\n<meta name=\"twitter:label1\" content=\"Gesch\u00e4tzte Lesezeit\" \/>\n\t<meta name=\"twitter:data1\" content=\"2\u00a0Minuten\" \/>\n<script type=\"application\/ld+json\" class=\"yoast-schema-graph\">{\"@context\":\"https:\/\/schema.org\",\"@graph\":[{\"@type\":\"WebPage\",\"@id\":\"https:\/\/candelaorganic.com\/de\/producto\/copaiba-oel\/\",\"url\":\"https:\/\/candelaorganic.com\/de\/producto\/copaiba-oel\/\",\"name\":\"Copaiba-\u00d6l - Candela Organic\",\"isPartOf\":{\"@id\":\"https:\/\/candelaorganic.com\/de\/#website\"},\"primaryImageOfPage\":{\"@id\":\"https:\/\/candelaorganic.com\/de\/producto\/copaiba-oel\/#primaryimage\"},\"image\":{\"@id\":\"https:\/\/candelaorganic.com\/de\/producto\/copaiba-oel\/#primaryimage\"},\"thumbnailUrl\":\"https:\/\/candelaorganic.com\/de\/wp-content\/uploads\/sites\/14\/2024\/04\/Aceite-Copaiba-beauty-product-image.webp\",\"datePublished\":\"2024-04-04T15:31:45+00:00\",\"dateModified\":\"2025-11-26T16:40:43+00:00\",\"description\":\"Copaiba-\u00d6l stammt vom Copaiba-Baum im Amazonasgebiet und wird durch Extraktion von Oleoresin gewonnen.\",\"breadcrumb\":{\"@id\":\"https:\/\/candelaorganic.com\/de\/producto\/copaiba-oel\/#breadcrumb\"},\"inLanguage\":\"de\",\"potentialAction\":[{\"@type\":\"ReadAction\",\"target\":[\"https:\/\/candelaorganic.com\/de\/producto\/copaiba-oel\/\"]}]},{\"@type\":\"ImageObject\",\"inLanguage\":\"de\",\"@id\":\"https:\/\/candelaorganic.com\/de\/producto\/copaiba-oel\/#primaryimage\",\"url\":\"https:\/\/candelaorganic.com\/de\/wp-content\/uploads\/sites\/14\/2024\/04\/Aceite-Copaiba-beauty-product-image.webp\",\"contentUrl\":\"https:\/\/candelaorganic.com\/de\/wp-content\/uploads\/sites\/14\/2024\/04\/Aceite-Copaiba-beauty-product-image.webp\",\"width\":1070,\"height\":1080},{\"@type\":\"BreadcrumbList\",\"@id\":\"https:\/\/candelaorganic.com\/de\/producto\/copaiba-oel\/#breadcrumb\",\"itemListElement\":[{\"@type\":\"ListItem\",\"position\":1,\"name\":\"Produkte\",\"item\":\"https:\/\/candelaorganic.com\/de\/produkte\/\"},{\"@type\":\"ListItem\",\"position\":2,\"name\":\"Einzelhandel mit Kosmetik- und K\u00f6rperpflegeprodukten\",\"item\":\"https:\/\/candelaorganic.com\/de\/tienda\/einzelhandel-mit-kosmetik-und-koerperpflegeprodukten\/\"},{\"@type\":\"ListItem\",\"position\":3,\"name\":\"\u00d6le\",\"item\":\"https:\/\/candelaorganic.com\/de\/tienda\/einzelhandel-mit-kosmetik-und-koerperpflegeprodukten\/oel-und-butter-einzelhandel\/\"},{\"@type\":\"ListItem\",\"position\":4,\"name\":\"Copaiba-\u00d6l\"}]},{\"@type\":\"WebSite\",\"@id\":\"https:\/\/candelaorganic.com\/de\/#website\",\"url\":\"https:\/\/candelaorganic.com\/de\/\",\"name\":\"Candela Organic\",\"description\":\"Wir erh\u00f6hen die Lebensmittelstandards\",\"publisher\":{\"@id\":\"https:\/\/candelaorganic.com\/de\/#organization\"},\"potentialAction\":[{\"@type\":\"SearchAction\",\"target\":{\"@type\":\"EntryPoint\",\"urlTemplate\":\"https:\/\/candelaorganic.com\/de\/?s={search_term_string}\"},\"query-input\":{\"@type\":\"PropertyValueSpecification\",\"valueRequired\":true,\"valueName\":\"search_term_string\"}}],\"inLanguage\":\"de\"},{\"@type\":\"Organization\",\"@id\":\"https:\/\/candelaorganic.com\/de\/#organization\",\"name\":\"Candela Organic\",\"url\":\"https:\/\/candelaorganic.com\/de\/\",\"logo\":{\"@type\":\"ImageObject\",\"inLanguage\":\"de\",\"@id\":\"https:\/\/candelaorganic.com\/de\/#\/schema\/logo\/image\/\",\"url\":\"https:\/\/candelaorganic.com\/de\/wp-content\/uploads\/sites\/14\/2024\/04\/Logotype.webp\",\"contentUrl\":\"https:\/\/candelaorganic.com\/de\/wp-content\/uploads\/sites\/14\/2024\/04\/Logotype.webp\",\"width\":256,\"height\":52,\"caption\":\"Candela Organic\"},\"image\":{\"@id\":\"https:\/\/candelaorganic.com\/de\/#\/schema\/logo\/image\/\"}}]}<\/script>\n<!-- \/ Yoast SEO plugin. -->","yoast_head_json":{"title":"Copaiba-\u00d6l - Candela Organic","description":"Copaiba-\u00d6l stammt vom Copaiba-Baum im Amazonasgebiet und wird durch Extraktion von Oleoresin gewonnen.","robots":{"index":"index","follow":"follow","max-snippet":"max-snippet:-1","max-image-preview":"max-image-preview:large","max-video-preview":"max-video-preview:-1"},"canonical":"https:\/\/candelaorganic.com\/de\/producto\/copaiba-oel\/","og_locale":"de_DE","og_type":"article","og_title":"Copaiba-\u00d6l - Candela Organic","og_description":"Copaiba-\u00d6l stammt vom Copaiba-Baum im Amazonasgebiet und wird durch Extraktion von Oleoresin gewonnen.","og_url":"https:\/\/candelaorganic.com\/de\/producto\/copaiba-oel\/","og_site_name":"Candela Organic","article_modified_time":"2025-11-26T16:40:43+00:00","og_image":[{"width":1070,"height":1080,"url":"https:\/\/candelaorganic.com\/de\/wp-content\/uploads\/sites\/14\/2024\/04\/Aceite-Copaiba-beauty-product-image.webp","type":"image\/webp"}],"twitter_card":"summary_large_image","twitter_misc":{"Gesch\u00e4tzte Lesezeit":"2\u00a0Minuten"},"schema":{"@context":"https:\/\/schema.org","@graph":[{"@type":"WebPage","@id":"https:\/\/candelaorganic.com\/de\/producto\/copaiba-oel\/","url":"https:\/\/candelaorganic.com\/de\/producto\/copaiba-oel\/","name":"Copaiba-\u00d6l - Candela Organic","isPartOf":{"@id":"https:\/\/candelaorganic.com\/de\/#website"},"primaryImageOfPage":{"@id":"https:\/\/candelaorganic.com\/de\/producto\/copaiba-oel\/#primaryimage"},"image":{"@id":"https:\/\/candelaorganic.com\/de\/producto\/copaiba-oel\/#primaryimage"},"thumbnailUrl":"https:\/\/candelaorganic.com\/de\/wp-content\/uploads\/sites\/14\/2024\/04\/Aceite-Copaiba-beauty-product-image.webp","datePublished":"2024-04-04T15:31:45+00:00","dateModified":"2025-11-26T16:40:43+00:00","description":"Copaiba-\u00d6l stammt vom Copaiba-Baum im Amazonasgebiet und wird durch Extraktion von Oleoresin gewonnen.","breadcrumb":{"@id":"https:\/\/candelaorganic.com\/de\/producto\/copaiba-oel\/#breadcrumb"},"inLanguage":"de","potentialAction":[{"@type":"ReadAction","target":["https:\/\/candelaorganic.com\/de\/producto\/copaiba-oel\/"]}]},{"@type":"ImageObject","inLanguage":"de","@id":"https:\/\/candelaorganic.com\/de\/producto\/copaiba-oel\/#primaryimage","url":"https:\/\/candelaorganic.com\/de\/wp-content\/uploads\/sites\/14\/2024\/04\/Aceite-Copaiba-beauty-product-image.webp","contentUrl":"https:\/\/candelaorganic.com\/de\/wp-content\/uploads\/sites\/14\/2024\/04\/Aceite-Copaiba-beauty-product-image.webp","width":1070,"height":1080},{"@type":"BreadcrumbList","@id":"https:\/\/candelaorganic.com\/de\/producto\/copaiba-oel\/#breadcrumb","itemListElement":[{"@type":"ListItem","position":1,"name":"Produkte","item":"https:\/\/candelaorganic.com\/de\/produkte\/"},{"@type":"ListItem","position":2,"name":"Einzelhandel mit Kosmetik- und K\u00f6rperpflegeprodukten","item":"https:\/\/candelaorganic.com\/de\/tienda\/einzelhandel-mit-kosmetik-und-koerperpflegeprodukten\/"},{"@type":"ListItem","position":3,"name":"\u00d6le","item":"https:\/\/candelaorganic.com\/de\/tienda\/einzelhandel-mit-kosmetik-und-koerperpflegeprodukten\/oel-und-butter-einzelhandel\/"},{"@type":"ListItem","position":4,"name":"Copaiba-\u00d6l"}]},{"@type":"WebSite","@id":"https:\/\/candelaorganic.com\/de\/#website","url":"https:\/\/candelaorganic.com\/de\/","name":"Candela Organic","description":"Wir erh\u00f6hen die Lebensmittelstandards","publisher":{"@id":"https:\/\/candelaorganic.com\/de\/#organization"},"potentialAction":[{"@type":"SearchAction","target":{"@type":"EntryPoint","urlTemplate":"https:\/\/candelaorganic.com\/de\/?s={search_term_string}"},"query-input":{"@type":"PropertyValueSpecification","valueRequired":true,"valueName":"search_term_string"}}],"inLanguage":"de"},{"@type":"Organization","@id":"https:\/\/candelaorganic.com\/de\/#organization","name":"Candela Organic","url":"https:\/\/candelaorganic.com\/de\/","logo":{"@type":"ImageObject","inLanguage":"de","@id":"https:\/\/candelaorganic.com\/de\/#\/schema\/logo\/image\/","url":"https:\/\/candelaorganic.com\/de\/wp-content\/uploads\/sites\/14\/2024\/04\/Logotype.webp","contentUrl":"https:\/\/candelaorganic.com\/de\/wp-content\/uploads\/sites\/14\/2024\/04\/Logotype.webp","width":256,"height":52,"caption":"Candela Organic"},"image":{"@id":"https:\/\/candelaorganic.com\/de\/#\/schema\/logo\/image\/"}}]}},"_links":{"self":[{"href":"https:\/\/candelaorganic.com\/de\/wp-json\/wp\/v2\/product\/14092"}],"collection":[{"href":"https:\/\/candelaorganic.com\/de\/wp-json\/wp\/v2\/product"}],"about":[{"href":"https:\/\/candelaorganic.com\/de\/wp-json\/wp\/v2\/types\/product"}],"replies":[{"embeddable":true,"href":"https:\/\/candelaorganic.com\/de\/wp-json\/wp\/v2\/comments?post=14092"}],"wp:featuredmedia":[{"embeddable":true,"href":"https:\/\/candelaorganic.com\/de\/wp-json\/wp\/v2\/media\/13997"}],"wp:attachment":[{"href":"https:\/\/candelaorganic.com\/de\/wp-json\/wp\/v2\/media?parent=14092"}],"wp:term":[{"taxonomy":"product_cat","embeddable":true,"href":"https:\/\/candelaorganic.com\/de\/wp-json\/wp\/v2\/product_cat?post=14092"},{"taxonomy":"product_tag","embeddable":true,"href":"https:\/\/candelaorganic.com\/de\/wp-json\/wp\/v2\/product_tag?post=14092"}],"curies":[{"name":"wp","href":"https:\/\/api.w.org\/{rel}","templated":true}]}}