{"id":14046,"date":"2024-04-04T17:21:10","date_gmt":"2024-04-04T15:21:10","guid":{"rendered":"https:\/\/candelaorganic.com\/de\/?post_type=product&#038;p=14046"},"modified":"2024-07-16T18:28:51","modified_gmt":"2024-07-16T16:28:51","slug":"konventionelles-sacha-inchi-oel-2","status":"publish","type":"product","link":"https:\/\/candelaorganic.com\/de\/producto\/konventionelles-sacha-inchi-oel-2\/","title":{"rendered":"Konventionelles Sacha-Inchi-\u00d6l"},"content":{"rendered":"<p>Urspr\u00fcnglich stammt die ausdauernde Blattkletterpflanze aus dem Amazonasgebiet Perus. Sacha-Inchi-\u00d6l eignet sich zur Pflege entz\u00fcndlicher, trockener und reifer Haut. Erh\u00f6ht die Elastizit\u00e4t der Haut, wirkt stark regenerierend und zellaktivierend. Inkanuss\u00f6l verspricht eine Verbesserung des Hautbildes bei Reizungen, Entz\u00fcndungen, Allergien und Hauterkrankungen wie Schuppenflechte und Neurodermitis. Begrenzt die Austrocknung der Haut, st\u00e4rkt das nat\u00fcrliche Gleichgewicht oder stellt es wieder her. Vorteile: Das kosmetische \u00d6l Sacha Inchi ist reich an Omega 3 und Vitamin A, hilft bei der Restrukturierung der Haut und wird bei empfindlicher und gereizter Haut empfohlen. Sch\u00fctzt Haare und N\u00e4gel vor dem Austrocknen. Erh\u00f6ht die Elastizit\u00e4t der Haut. Enth\u00e4lt Omega 3 zur Unterst\u00fctzung der Hautregeneration. Unsere Einzelhandelspr\u00e4sentation eignet sich perfekt f\u00fcr die n\u00e4chtliche Hautpflegeroutine<\/p>\n<p>Verwendet in: Hautpflege (Lotionen, Cremes, Parf\u00fcme).<\/p>\n<p>&nbsp;<\/p>\n<div class=\"text-wrap\"><strong><span class=\"subtitle\" style=\"color: #f1b434;\">FUNKTIONEN UND VORTEILE<\/span><\/strong><\/div>\n<ul>\n<li>Nat\u00fcrliche Hauterneuerung: Entdecken Sie das Geheimnis des Amazonas, Sacha-Inchi-\u00d6l, das f\u00fcr seine Wirksamkeit bei der Pflege entz\u00fcndlicher, trockener und reifer Haut bekannt ist.<\/li>\n<li>Elastizit\u00e4t und Regeneration: setzt die Kraft des Sacha-Inchi-\u00d6ls frei, erh\u00f6ht die Elastizit\u00e4t der Haut und bewirkt eine starke aktivierende und zellregenerierende Wirkung.<\/li>\n<li>Das Wunder der Inkanuss: Erleben Sie eine Ver\u00e4nderung des Erscheinungsbildes Ihrer Haut mit dem Versprechen von Sacha-Inchi-\u00d6l, das Reizungen, Entz\u00fcndungen, Allergien und Hauterkrankungen bek\u00e4mpft.<\/li>\n<li>Feuchtigkeit und Gleichgewicht: Entdecken Sie die Magie des Sacha-Inchi-\u00d6ls, einem nat\u00fcrlichen Schutzschild gegen Austrocknung, der das empfindliche Gleichgewicht der Haut wiederherstellt und st\u00e4rkt.<\/li>\n<li>Omega-3-reicher Glanz: Verbessern Sie die Hautpflege mit dem mit Omega 3 und Vitamin A angereicherten Sacha Inchi-Kosmetik\u00f6l, einer empfohlenen Option f\u00fcr empfindliche und gereizte Haut, und sch\u00fctzen Sie gleichzeitig Haare und N\u00e4gel vor Trockenheit.<\/li>\n<li>Sie werden als wirksamer Inhaltsstoff f\u00fcr kosmetische Formulierungen von Produkten, Peelings oder anderen Produkten zur F\u00f6rderung der K\u00f6rperpflege verwendet.<\/li>\n<\/ul>\n<div class=\"text-wrap\"><\/div>\n","protected":false},"excerpt":{"rendered":"<div class=\"title\">\n<div class=\"title\">\n<div class=\"title\">\n<div class=\"title\">\n<div class=\"title\"><strong><span class=\"name\" style=\"color: #f1b434;\">\/\u00a0PLUKENETIA VOLUBILIS \/<\/span><\/strong><\/div>\n<p>Erleben Sie die au\u00dfergew\u00f6hnlichen Vorteile des kosmetischen \u00d6ls Sacha Inchi, einer reichhaltigen Quelle an Omega 3 und Vitamin A, das eine unvergleichliche Hautrestrukturierung und -verj\u00fcngung bietet. Es ist besonders f\u00fcr empfindliche und gereizte Haut geeignet und fungiert als Schutzschild, das Haare und N\u00e4gel vor den Gefahren der Trockenheit sch\u00fctzt. Sein Omega-3-Gehalt unterst\u00fctzt den komplexen Prozess der Hautregeneration und schafft eine Leinwand zeitloser Sch\u00f6nheit.<\/p>\n<\/div>\n<\/div>\n<\/div>\n<\/div>\n","protected":false},"featured_media":13993,"comment_status":"open","ping_status":"closed","template":"","meta":{"editor_notices":[]},"product_cat":[80],"product_tag":[],"yoast_head":"<!-- This site is optimized with the Yoast SEO plugin v23.5 - https:\/\/yoast.com\/wordpress\/plugins\/seo\/ -->\n<title>Konventionelles Sacha-Inchi-\u00d6l - Candela Organic<\/title>\n<meta name=\"description\" content=\"Tauchen Sie ein in das bezaubernde Universum des Mandel\u00f6ls, einer au\u00dfergew\u00f6hnlichen Kreation, die aus den zarten Mandelkernen entsteht.\" \/>\n<meta name=\"robots\" content=\"index, follow, max-snippet:-1, max-image-preview:large, max-video-preview:-1\" \/>\n<link rel=\"canonical\" href=\"https:\/\/candelaorganic.com\/de\/producto\/konventionelles-sacha-inchi-oel-2\/\" \/>\n<meta property=\"og:locale\" content=\"de_DE\" \/>\n<meta property=\"og:type\" content=\"article\" \/>\n<meta property=\"og:title\" content=\"Konventionelles Sacha-Inchi-\u00d6l - Candela Organic\" \/>\n<meta property=\"og:description\" content=\"Tauchen Sie ein in das bezaubernde Universum des Mandel\u00f6ls, einer au\u00dfergew\u00f6hnlichen Kreation, die aus den zarten Mandelkernen entsteht.\" \/>\n<meta property=\"og:url\" content=\"https:\/\/candelaorganic.com\/de\/producto\/konventionelles-sacha-inchi-oel-2\/\" \/>\n<meta property=\"og:site_name\" content=\"Candela Organic\" \/>\n<meta property=\"article:modified_time\" content=\"2024-07-16T16:28:51+00:00\" \/>\n<meta property=\"og:image\" content=\"https:\/\/candelaorganic.com\/de\/wp-content\/uploads\/sites\/14\/2024\/04\/Aceite-Sacha-Inchi-beauty-product-image.webp\" \/>\n\t<meta property=\"og:image:width\" content=\"1070\" \/>\n\t<meta property=\"og:image:height\" content=\"1080\" \/>\n\t<meta property=\"og:image:type\" content=\"image\/webp\" \/>\n<meta name=\"twitter:card\" content=\"summary_large_image\" \/>\n<meta name=\"twitter:label1\" content=\"Gesch\u00e4tzte Lesezeit\" \/>\n\t<meta name=\"twitter:data1\" content=\"2\u00a0Minuten\" \/>\n<script type=\"application\/ld+json\" class=\"yoast-schema-graph\">{\"@context\":\"https:\/\/schema.org\",\"@graph\":[{\"@type\":\"WebPage\",\"@id\":\"https:\/\/candelaorganic.com\/de\/producto\/konventionelles-sacha-inchi-oel-2\/\",\"url\":\"https:\/\/candelaorganic.com\/de\/producto\/konventionelles-sacha-inchi-oel-2\/\",\"name\":\"Konventionelles Sacha-Inchi-\u00d6l - Candela Organic\",\"isPartOf\":{\"@id\":\"https:\/\/candelaorganic.com\/de\/#website\"},\"primaryImageOfPage\":{\"@id\":\"https:\/\/candelaorganic.com\/de\/producto\/konventionelles-sacha-inchi-oel-2\/#primaryimage\"},\"image\":{\"@id\":\"https:\/\/candelaorganic.com\/de\/producto\/konventionelles-sacha-inchi-oel-2\/#primaryimage\"},\"thumbnailUrl\":\"https:\/\/candelaorganic.com\/de\/wp-content\/uploads\/sites\/14\/2024\/04\/Aceite-Sacha-Inchi-beauty-product-image.webp\",\"datePublished\":\"2024-04-04T15:21:10+00:00\",\"dateModified\":\"2024-07-16T16:28:51+00:00\",\"description\":\"Tauchen Sie ein in das bezaubernde Universum des Mandel\u00f6ls, einer au\u00dfergew\u00f6hnlichen Kreation, die aus den zarten Mandelkernen entsteht.\",\"breadcrumb\":{\"@id\":\"https:\/\/candelaorganic.com\/de\/producto\/konventionelles-sacha-inchi-oel-2\/#breadcrumb\"},\"inLanguage\":\"de\",\"potentialAction\":[{\"@type\":\"ReadAction\",\"target\":[\"https:\/\/candelaorganic.com\/de\/producto\/konventionelles-sacha-inchi-oel-2\/\"]}]},{\"@type\":\"ImageObject\",\"inLanguage\":\"de\",\"@id\":\"https:\/\/candelaorganic.com\/de\/producto\/konventionelles-sacha-inchi-oel-2\/#primaryimage\",\"url\":\"https:\/\/candelaorganic.com\/de\/wp-content\/uploads\/sites\/14\/2024\/04\/Aceite-Sacha-Inchi-beauty-product-image.webp\",\"contentUrl\":\"https:\/\/candelaorganic.com\/de\/wp-content\/uploads\/sites\/14\/2024\/04\/Aceite-Sacha-Inchi-beauty-product-image.webp\",\"width\":1070,\"height\":1080},{\"@type\":\"BreadcrumbList\",\"@id\":\"https:\/\/candelaorganic.com\/de\/producto\/konventionelles-sacha-inchi-oel-2\/#breadcrumb\",\"itemListElement\":[{\"@type\":\"ListItem\",\"position\":1,\"name\":\"Produkte\",\"item\":\"https:\/\/candelaorganic.com\/de\/produkte\/\"},{\"@type\":\"ListItem\",\"position\":2,\"name\":\"Einzelhandel mit Kosmetik- und K\u00f6rperpflegeprodukten\",\"item\":\"https:\/\/candelaorganic.com\/de\/tienda\/einzelhandel-mit-kosmetik-und-koerperpflegeprodukten\/\"},{\"@type\":\"ListItem\",\"position\":3,\"name\":\"\u00d6le\",\"item\":\"https:\/\/candelaorganic.com\/de\/tienda\/einzelhandel-mit-kosmetik-und-koerperpflegeprodukten\/oel-und-butter-einzelhandel\/\"},{\"@type\":\"ListItem\",\"position\":4,\"name\":\"Konventionelles Sacha-Inchi-\u00d6l\"}]},{\"@type\":\"WebSite\",\"@id\":\"https:\/\/candelaorganic.com\/de\/#website\",\"url\":\"https:\/\/candelaorganic.com\/de\/\",\"name\":\"Candela Organic\",\"description\":\"Wir erh\u00f6hen die Lebensmittelstandards\",\"publisher\":{\"@id\":\"https:\/\/candelaorganic.com\/de\/#organization\"},\"potentialAction\":[{\"@type\":\"SearchAction\",\"target\":{\"@type\":\"EntryPoint\",\"urlTemplate\":\"https:\/\/candelaorganic.com\/de\/?s={search_term_string}\"},\"query-input\":{\"@type\":\"PropertyValueSpecification\",\"valueRequired\":true,\"valueName\":\"search_term_string\"}}],\"inLanguage\":\"de\"},{\"@type\":\"Organization\",\"@id\":\"https:\/\/candelaorganic.com\/de\/#organization\",\"name\":\"Candela Organic\",\"url\":\"https:\/\/candelaorganic.com\/de\/\",\"logo\":{\"@type\":\"ImageObject\",\"inLanguage\":\"de\",\"@id\":\"https:\/\/candelaorganic.com\/de\/#\/schema\/logo\/image\/\",\"url\":\"https:\/\/candelaorganic.com\/de\/wp-content\/uploads\/sites\/14\/2024\/04\/Logotype.webp\",\"contentUrl\":\"https:\/\/candelaorganic.com\/de\/wp-content\/uploads\/sites\/14\/2024\/04\/Logotype.webp\",\"width\":256,\"height\":52,\"caption\":\"Candela Organic\"},\"image\":{\"@id\":\"https:\/\/candelaorganic.com\/de\/#\/schema\/logo\/image\/\"}}]}<\/script>\n<!-- \/ Yoast SEO plugin. -->","yoast_head_json":{"title":"Konventionelles Sacha-Inchi-\u00d6l - Candela Organic","description":"Tauchen Sie ein in das bezaubernde Universum des Mandel\u00f6ls, einer au\u00dfergew\u00f6hnlichen Kreation, die aus den zarten Mandelkernen entsteht.","robots":{"index":"index","follow":"follow","max-snippet":"max-snippet:-1","max-image-preview":"max-image-preview:large","max-video-preview":"max-video-preview:-1"},"canonical":"https:\/\/candelaorganic.com\/de\/producto\/konventionelles-sacha-inchi-oel-2\/","og_locale":"de_DE","og_type":"article","og_title":"Konventionelles Sacha-Inchi-\u00d6l - Candela Organic","og_description":"Tauchen Sie ein in das bezaubernde Universum des Mandel\u00f6ls, einer au\u00dfergew\u00f6hnlichen Kreation, die aus den zarten Mandelkernen entsteht.","og_url":"https:\/\/candelaorganic.com\/de\/producto\/konventionelles-sacha-inchi-oel-2\/","og_site_name":"Candela Organic","article_modified_time":"2024-07-16T16:28:51+00:00","og_image":[{"width":1070,"height":1080,"url":"https:\/\/candelaorganic.com\/de\/wp-content\/uploads\/sites\/14\/2024\/04\/Aceite-Sacha-Inchi-beauty-product-image.webp","type":"image\/webp"}],"twitter_card":"summary_large_image","twitter_misc":{"Gesch\u00e4tzte Lesezeit":"2\u00a0Minuten"},"schema":{"@context":"https:\/\/schema.org","@graph":[{"@type":"WebPage","@id":"https:\/\/candelaorganic.com\/de\/producto\/konventionelles-sacha-inchi-oel-2\/","url":"https:\/\/candelaorganic.com\/de\/producto\/konventionelles-sacha-inchi-oel-2\/","name":"Konventionelles Sacha-Inchi-\u00d6l - Candela Organic","isPartOf":{"@id":"https:\/\/candelaorganic.com\/de\/#website"},"primaryImageOfPage":{"@id":"https:\/\/candelaorganic.com\/de\/producto\/konventionelles-sacha-inchi-oel-2\/#primaryimage"},"image":{"@id":"https:\/\/candelaorganic.com\/de\/producto\/konventionelles-sacha-inchi-oel-2\/#primaryimage"},"thumbnailUrl":"https:\/\/candelaorganic.com\/de\/wp-content\/uploads\/sites\/14\/2024\/04\/Aceite-Sacha-Inchi-beauty-product-image.webp","datePublished":"2024-04-04T15:21:10+00:00","dateModified":"2024-07-16T16:28:51+00:00","description":"Tauchen Sie ein in das bezaubernde Universum des Mandel\u00f6ls, einer au\u00dfergew\u00f6hnlichen Kreation, die aus den zarten Mandelkernen entsteht.","breadcrumb":{"@id":"https:\/\/candelaorganic.com\/de\/producto\/konventionelles-sacha-inchi-oel-2\/#breadcrumb"},"inLanguage":"de","potentialAction":[{"@type":"ReadAction","target":["https:\/\/candelaorganic.com\/de\/producto\/konventionelles-sacha-inchi-oel-2\/"]}]},{"@type":"ImageObject","inLanguage":"de","@id":"https:\/\/candelaorganic.com\/de\/producto\/konventionelles-sacha-inchi-oel-2\/#primaryimage","url":"https:\/\/candelaorganic.com\/de\/wp-content\/uploads\/sites\/14\/2024\/04\/Aceite-Sacha-Inchi-beauty-product-image.webp","contentUrl":"https:\/\/candelaorganic.com\/de\/wp-content\/uploads\/sites\/14\/2024\/04\/Aceite-Sacha-Inchi-beauty-product-image.webp","width":1070,"height":1080},{"@type":"BreadcrumbList","@id":"https:\/\/candelaorganic.com\/de\/producto\/konventionelles-sacha-inchi-oel-2\/#breadcrumb","itemListElement":[{"@type":"ListItem","position":1,"name":"Produkte","item":"https:\/\/candelaorganic.com\/de\/produkte\/"},{"@type":"ListItem","position":2,"name":"Einzelhandel mit Kosmetik- und K\u00f6rperpflegeprodukten","item":"https:\/\/candelaorganic.com\/de\/tienda\/einzelhandel-mit-kosmetik-und-koerperpflegeprodukten\/"},{"@type":"ListItem","position":3,"name":"\u00d6le","item":"https:\/\/candelaorganic.com\/de\/tienda\/einzelhandel-mit-kosmetik-und-koerperpflegeprodukten\/oel-und-butter-einzelhandel\/"},{"@type":"ListItem","position":4,"name":"Konventionelles Sacha-Inchi-\u00d6l"}]},{"@type":"WebSite","@id":"https:\/\/candelaorganic.com\/de\/#website","url":"https:\/\/candelaorganic.com\/de\/","name":"Candela Organic","description":"Wir erh\u00f6hen die Lebensmittelstandards","publisher":{"@id":"https:\/\/candelaorganic.com\/de\/#organization"},"potentialAction":[{"@type":"SearchAction","target":{"@type":"EntryPoint","urlTemplate":"https:\/\/candelaorganic.com\/de\/?s={search_term_string}"},"query-input":{"@type":"PropertyValueSpecification","valueRequired":true,"valueName":"search_term_string"}}],"inLanguage":"de"},{"@type":"Organization","@id":"https:\/\/candelaorganic.com\/de\/#organization","name":"Candela Organic","url":"https:\/\/candelaorganic.com\/de\/","logo":{"@type":"ImageObject","inLanguage":"de","@id":"https:\/\/candelaorganic.com\/de\/#\/schema\/logo\/image\/","url":"https:\/\/candelaorganic.com\/de\/wp-content\/uploads\/sites\/14\/2024\/04\/Logotype.webp","contentUrl":"https:\/\/candelaorganic.com\/de\/wp-content\/uploads\/sites\/14\/2024\/04\/Logotype.webp","width":256,"height":52,"caption":"Candela Organic"},"image":{"@id":"https:\/\/candelaorganic.com\/de\/#\/schema\/logo\/image\/"}}]}},"_links":{"self":[{"href":"https:\/\/candelaorganic.com\/de\/wp-json\/wp\/v2\/product\/14046"}],"collection":[{"href":"https:\/\/candelaorganic.com\/de\/wp-json\/wp\/v2\/product"}],"about":[{"href":"https:\/\/candelaorganic.com\/de\/wp-json\/wp\/v2\/types\/product"}],"replies":[{"embeddable":true,"href":"https:\/\/candelaorganic.com\/de\/wp-json\/wp\/v2\/comments?post=14046"}],"wp:featuredmedia":[{"embeddable":true,"href":"https:\/\/candelaorganic.com\/de\/wp-json\/wp\/v2\/media\/13993"}],"wp:attachment":[{"href":"https:\/\/candelaorganic.com\/de\/wp-json\/wp\/v2\/media?parent=14046"}],"wp:term":[{"taxonomy":"product_cat","embeddable":true,"href":"https:\/\/candelaorganic.com\/de\/wp-json\/wp\/v2\/product_cat?post=14046"},{"taxonomy":"product_tag","embeddable":true,"href":"https:\/\/candelaorganic.com\/de\/wp-json\/wp\/v2\/product_tag?post=14046"}],"curies":[{"name":"wp","href":"https:\/\/api.w.org\/{rel}","templated":true}]}}