{"id":13987,"date":"2024-04-04T16:54:58","date_gmt":"2024-04-04T14:54:58","guid":{"rendered":"https:\/\/candelaorganic.com\/de\/?post_type=product&#038;p=13987"},"modified":"2025-01-28T15:29:40","modified_gmt":"2025-01-28T14:29:40","slug":"bio-kokosnusspulver","status":"publish","type":"product","link":"https:\/\/candelaorganic.com\/de\/producto\/bio-kokosnusspulver\/","title":{"rendered":"Bio-Kokosnusspulver"},"content":{"rendered":"<p>Kokosnusspulver tr\u00e4gt zur Verbesserung Ihres Wohlbefindens bei, da es eine reichhaltige Quelle an essentiellen Aminos\u00e4uren und N\u00e4hrstoffen ist. Zus\u00e4tzlich zur Bereitstellung aller Ballaststoffe, die der K\u00f6rper ben\u00f6tigt. Kokosnusspulver ist perfekt, da es auch zur Aufnahme von Mineralien wie Kalzium beitr\u00e4gt und die Kollagenbildung und das allgemeine Wachstum steigert.<\/p>\n<p>&nbsp;<\/p>\n<div class=\"text-wrap\">\n<p><strong><span class=\"subtitle\" style=\"color: #f1b434;\"><span class=\"subtitle\">FUNKTIONEN UND VORTEILE<\/span><\/span><\/strong><\/p>\n<ul>\n<li>Kraftvolle Bio-Kokosnuss: Verbessern Sie Ihr Wohlbefinden mit Bio-Kokosnusspulver, einer n\u00e4hrstoffreichen Option f\u00fcr t\u00e4gliche Vitalit\u00e4t.<\/li>\n<li>Proteinreiche Unterst\u00fctzung: Entdecken Sie die Vorteile von Bio-Kokosnusspulver, das reich an essentiellen Proteinen ist, um die Kraft Ihres K\u00f6rpers zu st\u00e4rken. Verbessern Sie au\u00dferdem Ihre Ern\u00e4hrung mit dem wertvollen Eisen- und Kaliumgehalt von Bio-Kokospulver, das die Gesamtfunktion Ihres K\u00f6rpers unterst\u00fctzt.<\/li>\n<li>Gesundes Fettgleichgewicht: Kokosnuss enth\u00e4lt gesunde ges\u00e4ttigte Fette, das sind n\u00fctzliche Fette f\u00fcr eine ausgewogene Ern\u00e4hrung.<br \/>\nBallaststoffreiches Wohlbefinden: Profitieren Sie von der ballaststoffreichen Qualit\u00e4t von Bio-Kokosnusspulver, das die Gesundheit und Zufriedenheit des Verdauungssystems f\u00f6rdert. Hilft bei der Verdauung.<\/li>\n<li>Verwendung: Bio-Superfood-Pulver bieten eine vielseitige M\u00f6glichkeit, Ihre Ern\u00e4hrung zu verbessern: Mischen Sie sie in Smoothies, r\u00fchren Sie sie in Backwaren ein, mischen Sie sie in Haferflocken oder Joghurt, kreieren Sie Energieh\u00e4ppchen und f\u00fcgen Sie sie f\u00fcr einen N\u00e4hrstoffschub zu Salatdressings oder Getr\u00e4nken hinzu.<\/li>\n<\/ul>\n<\/div>\n<div class=\"text-wrap\"><\/div>\n","protected":false},"excerpt":{"rendered":"<div class=\"title\" style=\"color: #f1b434;\"><strong><span class=\"name\">\/ COCUS NUCIFERA \/<\/span><\/strong><\/div>\n<p>Candela-Kokospulver ist ein sehr nahrhaftes Lebensmittel, reich an Lysin (einer essentiellen Aminos\u00e4ure, die in Getreide nicht vorkommt), hilft bei der Aufnahme von Kalzium (und steigert so die Knochenproduktion) und ist wichtig f\u00fcr das Wachstum und die Bildung von Kollagen. Kokosnusspulver ist au\u00dferdem reich an Ballaststoffen, Proteinen und gesunden Fetts\u00e4uren und ist glutenfrei, zuckerarm und verdauliche niedrig glyk\u00e4mische Kohlenhydrate.<\/p>\n","protected":false},"featured_media":13932,"comment_status":"open","ping_status":"closed","template":"","meta":{"editor_notices":[]},"product_cat":[64],"product_tag":[],"yoast_head":"<!-- This site is optimized with the Yoast SEO plugin v23.5 - https:\/\/yoast.com\/wordpress\/plugins\/seo\/ -->\n<title>Bio-Kokosnusspulver - Candela Organic<\/title>\n<meta name=\"robots\" content=\"index, follow, max-snippet:-1, max-image-preview:large, max-video-preview:-1\" \/>\n<link rel=\"canonical\" href=\"https:\/\/candelaorganic.com\/de\/producto\/bio-kokosnusspulver\/\" \/>\n<meta property=\"og:locale\" content=\"de_DE\" \/>\n<meta property=\"og:type\" content=\"article\" \/>\n<meta property=\"og:title\" content=\"Bio-Kokosnusspulver - Candela Organic\" \/>\n<meta property=\"og:description\" content=\"\/ COCUS NUCIFERA \/ Candela-Kokospulver ist ein sehr nahrhaftes Lebensmittel, reich an Lysin (einer essentiellen Aminos\u00e4ure, die in Getreide nicht vorkommt), hilft bei der Aufnahme von Kalzium (und steigert so die Knochenproduktion) und ist wichtig f\u00fcr das Wachstum und die Bildung von Kollagen. Kokosnusspulver ist au\u00dferdem reich an Ballaststoffen, Proteinen und gesunden Fetts\u00e4uren und ist glutenfrei, zuckerarm und verdauliche niedrig glyk\u00e4mische Kohlenhydrate.\" \/>\n<meta property=\"og:url\" content=\"https:\/\/candelaorganic.com\/de\/producto\/bio-kokosnusspulver\/\" \/>\n<meta property=\"og:site_name\" content=\"Candela Organic\" \/>\n<meta property=\"article:modified_time\" content=\"2025-01-28T14:29:40+00:00\" \/>\n<meta property=\"og:image\" content=\"https:\/\/candelaorganic.com\/de\/wp-content\/uploads\/sites\/14\/2024\/04\/polvo-coco-Secondary-product-image-1.webp\" \/>\n\t<meta property=\"og:image:width\" content=\"609\" \/>\n\t<meta property=\"og:image:height\" content=\"599\" \/>\n\t<meta property=\"og:image:type\" content=\"image\/webp\" \/>\n<meta name=\"twitter:card\" content=\"summary_large_image\" \/>\n<meta name=\"twitter:label1\" content=\"Gesch\u00e4tzte Lesezeit\" \/>\n\t<meta name=\"twitter:data1\" content=\"2\u00a0Minuten\" \/>\n<script type=\"application\/ld+json\" class=\"yoast-schema-graph\">{\"@context\":\"https:\/\/schema.org\",\"@graph\":[{\"@type\":\"WebPage\",\"@id\":\"https:\/\/candelaorganic.com\/de\/producto\/bio-kokosnusspulver\/\",\"url\":\"https:\/\/candelaorganic.com\/de\/producto\/bio-kokosnusspulver\/\",\"name\":\"Bio-Kokosnusspulver - Candela Organic\",\"isPartOf\":{\"@id\":\"https:\/\/candelaorganic.com\/de\/#website\"},\"primaryImageOfPage\":{\"@id\":\"https:\/\/candelaorganic.com\/de\/producto\/bio-kokosnusspulver\/#primaryimage\"},\"image\":{\"@id\":\"https:\/\/candelaorganic.com\/de\/producto\/bio-kokosnusspulver\/#primaryimage\"},\"thumbnailUrl\":\"https:\/\/candelaorganic.com\/de\/wp-content\/uploads\/sites\/14\/2024\/04\/polvo-coco-Secondary-product-image-1.webp\",\"datePublished\":\"2024-04-04T14:54:58+00:00\",\"dateModified\":\"2025-01-28T14:29:40+00:00\",\"breadcrumb\":{\"@id\":\"https:\/\/candelaorganic.com\/de\/producto\/bio-kokosnusspulver\/#breadcrumb\"},\"inLanguage\":\"de\",\"potentialAction\":[{\"@type\":\"ReadAction\",\"target\":[\"https:\/\/candelaorganic.com\/de\/producto\/bio-kokosnusspulver\/\"]}]},{\"@type\":\"ImageObject\",\"inLanguage\":\"de\",\"@id\":\"https:\/\/candelaorganic.com\/de\/producto\/bio-kokosnusspulver\/#primaryimage\",\"url\":\"https:\/\/candelaorganic.com\/de\/wp-content\/uploads\/sites\/14\/2024\/04\/polvo-coco-Secondary-product-image-1.webp\",\"contentUrl\":\"https:\/\/candelaorganic.com\/de\/wp-content\/uploads\/sites\/14\/2024\/04\/polvo-coco-Secondary-product-image-1.webp\",\"width\":609,\"height\":599},{\"@type\":\"BreadcrumbList\",\"@id\":\"https:\/\/candelaorganic.com\/de\/producto\/bio-kokosnusspulver\/#breadcrumb\",\"itemListElement\":[{\"@type\":\"ListItem\",\"position\":1,\"name\":\"Produkte\",\"item\":\"https:\/\/candelaorganic.com\/de\/produkte\/\"},{\"@type\":\"ListItem\",\"position\":2,\"name\":\"Massennahrung\",\"item\":\"https:\/\/candelaorganic.com\/de\/tienda\/massennahrung\/\"},{\"@type\":\"ListItem\",\"position\":3,\"name\":\"Pulver\",\"item\":\"https:\/\/candelaorganic.com\/de\/tienda\/massennahrung\/massenpulver\/\"},{\"@type\":\"ListItem\",\"position\":4,\"name\":\"Bio-Kokosnusspulver\"}]},{\"@type\":\"WebSite\",\"@id\":\"https:\/\/candelaorganic.com\/de\/#website\",\"url\":\"https:\/\/candelaorganic.com\/de\/\",\"name\":\"Candela Organic\",\"description\":\"Wir erh\u00f6hen die Lebensmittelstandards\",\"publisher\":{\"@id\":\"https:\/\/candelaorganic.com\/de\/#organization\"},\"potentialAction\":[{\"@type\":\"SearchAction\",\"target\":{\"@type\":\"EntryPoint\",\"urlTemplate\":\"https:\/\/candelaorganic.com\/de\/?s={search_term_string}\"},\"query-input\":{\"@type\":\"PropertyValueSpecification\",\"valueRequired\":true,\"valueName\":\"search_term_string\"}}],\"inLanguage\":\"de\"},{\"@type\":\"Organization\",\"@id\":\"https:\/\/candelaorganic.com\/de\/#organization\",\"name\":\"Candela Organic\",\"url\":\"https:\/\/candelaorganic.com\/de\/\",\"logo\":{\"@type\":\"ImageObject\",\"inLanguage\":\"de\",\"@id\":\"https:\/\/candelaorganic.com\/de\/#\/schema\/logo\/image\/\",\"url\":\"https:\/\/candelaorganic.com\/de\/wp-content\/uploads\/sites\/14\/2024\/04\/Logotype.webp\",\"contentUrl\":\"https:\/\/candelaorganic.com\/de\/wp-content\/uploads\/sites\/14\/2024\/04\/Logotype.webp\",\"width\":256,\"height\":52,\"caption\":\"Candela Organic\"},\"image\":{\"@id\":\"https:\/\/candelaorganic.com\/de\/#\/schema\/logo\/image\/\"}}]}<\/script>\n<!-- \/ Yoast SEO plugin. -->","yoast_head_json":{"title":"Bio-Kokosnusspulver - Candela Organic","robots":{"index":"index","follow":"follow","max-snippet":"max-snippet:-1","max-image-preview":"max-image-preview:large","max-video-preview":"max-video-preview:-1"},"canonical":"https:\/\/candelaorganic.com\/de\/producto\/bio-kokosnusspulver\/","og_locale":"de_DE","og_type":"article","og_title":"Bio-Kokosnusspulver - Candela Organic","og_description":"\/ COCUS NUCIFERA \/ Candela-Kokospulver ist ein sehr nahrhaftes Lebensmittel, reich an Lysin (einer essentiellen Aminos\u00e4ure, die in Getreide nicht vorkommt), hilft bei der Aufnahme von Kalzium (und steigert so die Knochenproduktion) und ist wichtig f\u00fcr das Wachstum und die Bildung von Kollagen. Kokosnusspulver ist au\u00dferdem reich an Ballaststoffen, Proteinen und gesunden Fetts\u00e4uren und ist glutenfrei, zuckerarm und verdauliche niedrig glyk\u00e4mische Kohlenhydrate.","og_url":"https:\/\/candelaorganic.com\/de\/producto\/bio-kokosnusspulver\/","og_site_name":"Candela Organic","article_modified_time":"2025-01-28T14:29:40+00:00","og_image":[{"width":609,"height":599,"url":"https:\/\/candelaorganic.com\/de\/wp-content\/uploads\/sites\/14\/2024\/04\/polvo-coco-Secondary-product-image-1.webp","type":"image\/webp"}],"twitter_card":"summary_large_image","twitter_misc":{"Gesch\u00e4tzte Lesezeit":"2\u00a0Minuten"},"schema":{"@context":"https:\/\/schema.org","@graph":[{"@type":"WebPage","@id":"https:\/\/candelaorganic.com\/de\/producto\/bio-kokosnusspulver\/","url":"https:\/\/candelaorganic.com\/de\/producto\/bio-kokosnusspulver\/","name":"Bio-Kokosnusspulver - Candela Organic","isPartOf":{"@id":"https:\/\/candelaorganic.com\/de\/#website"},"primaryImageOfPage":{"@id":"https:\/\/candelaorganic.com\/de\/producto\/bio-kokosnusspulver\/#primaryimage"},"image":{"@id":"https:\/\/candelaorganic.com\/de\/producto\/bio-kokosnusspulver\/#primaryimage"},"thumbnailUrl":"https:\/\/candelaorganic.com\/de\/wp-content\/uploads\/sites\/14\/2024\/04\/polvo-coco-Secondary-product-image-1.webp","datePublished":"2024-04-04T14:54:58+00:00","dateModified":"2025-01-28T14:29:40+00:00","breadcrumb":{"@id":"https:\/\/candelaorganic.com\/de\/producto\/bio-kokosnusspulver\/#breadcrumb"},"inLanguage":"de","potentialAction":[{"@type":"ReadAction","target":["https:\/\/candelaorganic.com\/de\/producto\/bio-kokosnusspulver\/"]}]},{"@type":"ImageObject","inLanguage":"de","@id":"https:\/\/candelaorganic.com\/de\/producto\/bio-kokosnusspulver\/#primaryimage","url":"https:\/\/candelaorganic.com\/de\/wp-content\/uploads\/sites\/14\/2024\/04\/polvo-coco-Secondary-product-image-1.webp","contentUrl":"https:\/\/candelaorganic.com\/de\/wp-content\/uploads\/sites\/14\/2024\/04\/polvo-coco-Secondary-product-image-1.webp","width":609,"height":599},{"@type":"BreadcrumbList","@id":"https:\/\/candelaorganic.com\/de\/producto\/bio-kokosnusspulver\/#breadcrumb","itemListElement":[{"@type":"ListItem","position":1,"name":"Produkte","item":"https:\/\/candelaorganic.com\/de\/produkte\/"},{"@type":"ListItem","position":2,"name":"Massennahrung","item":"https:\/\/candelaorganic.com\/de\/tienda\/massennahrung\/"},{"@type":"ListItem","position":3,"name":"Pulver","item":"https:\/\/candelaorganic.com\/de\/tienda\/massennahrung\/massenpulver\/"},{"@type":"ListItem","position":4,"name":"Bio-Kokosnusspulver"}]},{"@type":"WebSite","@id":"https:\/\/candelaorganic.com\/de\/#website","url":"https:\/\/candelaorganic.com\/de\/","name":"Candela Organic","description":"Wir erh\u00f6hen die Lebensmittelstandards","publisher":{"@id":"https:\/\/candelaorganic.com\/de\/#organization"},"potentialAction":[{"@type":"SearchAction","target":{"@type":"EntryPoint","urlTemplate":"https:\/\/candelaorganic.com\/de\/?s={search_term_string}"},"query-input":{"@type":"PropertyValueSpecification","valueRequired":true,"valueName":"search_term_string"}}],"inLanguage":"de"},{"@type":"Organization","@id":"https:\/\/candelaorganic.com\/de\/#organization","name":"Candela Organic","url":"https:\/\/candelaorganic.com\/de\/","logo":{"@type":"ImageObject","inLanguage":"de","@id":"https:\/\/candelaorganic.com\/de\/#\/schema\/logo\/image\/","url":"https:\/\/candelaorganic.com\/de\/wp-content\/uploads\/sites\/14\/2024\/04\/Logotype.webp","contentUrl":"https:\/\/candelaorganic.com\/de\/wp-content\/uploads\/sites\/14\/2024\/04\/Logotype.webp","width":256,"height":52,"caption":"Candela Organic"},"image":{"@id":"https:\/\/candelaorganic.com\/de\/#\/schema\/logo\/image\/"}}]}},"_links":{"self":[{"href":"https:\/\/candelaorganic.com\/de\/wp-json\/wp\/v2\/product\/13987"}],"collection":[{"href":"https:\/\/candelaorganic.com\/de\/wp-json\/wp\/v2\/product"}],"about":[{"href":"https:\/\/candelaorganic.com\/de\/wp-json\/wp\/v2\/types\/product"}],"replies":[{"embeddable":true,"href":"https:\/\/candelaorganic.com\/de\/wp-json\/wp\/v2\/comments?post=13987"}],"wp:featuredmedia":[{"embeddable":true,"href":"https:\/\/candelaorganic.com\/de\/wp-json\/wp\/v2\/media\/13932"}],"wp:attachment":[{"href":"https:\/\/candelaorganic.com\/de\/wp-json\/wp\/v2\/media?parent=13987"}],"wp:term":[{"taxonomy":"product_cat","embeddable":true,"href":"https:\/\/candelaorganic.com\/de\/wp-json\/wp\/v2\/product_cat?post=13987"},{"taxonomy":"product_tag","embeddable":true,"href":"https:\/\/candelaorganic.com\/de\/wp-json\/wp\/v2\/product_tag?post=13987"}],"curies":[{"name":"wp","href":"https:\/\/api.w.org\/{rel}","templated":true}]}}