{"id":13985,"date":"2024-04-04T16:48:49","date_gmt":"2024-04-04T14:48:49","guid":{"rendered":"https:\/\/candelaorganic.com\/de\/?post_type=product&#038;p=13985"},"modified":"2025-01-27T21:17:31","modified_gmt":"2025-01-27T20:17:31","slug":"konventionelles-kastanienpulver-aus-dem-amazonasgebiet","status":"publish","type":"product","link":"https:\/\/candelaorganic.com\/de\/producto\/konventionelles-kastanienpulver-aus-dem-amazonasgebiet\/","title":{"rendered":"Konventionelles Kastanienpulver aus dem Amazonasgebiet"},"content":{"rendered":"<p>N\u00e4hrstoffreiche Vitalit\u00e4t: Verbessern Sie Ihren ketogenen, veganen oder glutenfreien Lebensstil mit unserem Bio-Amazonas-Nusspulver mit 47 % Protein, essentiellen Aminos\u00e4uren und Selen f\u00fcr ganzheitliches Wohlbefinden. Werten Sie Ihre Rezepte mit N\u00e4hrwerten und k\u00f6stlicher Paranussessenz auf. Selen ist Ihr Verb\u00fcndeter! Abgesehen von Vitamin C, B2 und Zink; Selen ist ein Mineral, das bei der Produktion wei\u00dfer Blutk\u00f6rperchen hilft, die f\u00fcr unser Immunsystem notwendig sind.<\/p>\n<p>&nbsp;<\/p>\n<div class=\"text-wrap\">\n<p><strong><span class=\"subtitle\" style=\"color: #f1b434;\">FUNKTIONEN UND VORTEILE<\/span><\/strong><\/p>\n<ul>\n<li>Nutzen Sie die Vorteile von Bio-Kastanienpulver, einem N\u00e4hrstoffschatz f\u00fcr Ihr Wohlbefinden. Kastanienpulver ist vollgepackt mit essentiellen N\u00e4hrstoffen wie Eiwei\u00df, Ballaststoffen, Eisen und Kalium.<\/li>\n<li>Herzgesunde Vorteile: N\u00e4hren Sie Ihr Herz mit Paranusspulver, das nahrhafte Fette und N\u00e4hrstoffe f\u00fcr optimales Herz-Kreislauf-Gesundheit liefert.<\/li>\n<li>Stillen Sie Ihren Hei\u00dfhunger auf nat\u00fcrliche Weise: Genie\u00dfen Sie den nat\u00fcrlichen Reiz von Bio-Paranuspulver, einer Zutat ohne schlechtes Gewissen, die Ihren Lieblingsgerichten einen k\u00f6stlichen nussigen Geschmack verleiht.<\/li>\n<li>Lebenswichtige N\u00e4hrstoffe: Entdecken Sie die Kraft der organischen G\u00fcte von Paranusspulver, einer reichhaltigen Quelle an Eisen, Kalium und Kalzium, die zu Vitalit\u00e4t und allgemeinem Wohlbefinden beitr\u00e4gt.<\/li>\n<li>Verwendung: Bio-Superfood-Pulver bieten eine vielseitige M\u00f6glichkeit, Ihre Ern\u00e4hrung zu verbessern: Mischen Sie sie in Smoothies, r\u00fchren Sie sie in Backwaren ein, mischen Sie sie in Haferflocken oder Joghurt, kreieren Sie Energieh\u00e4ppchen und f\u00fcgen Sie sie f\u00fcr einen N\u00e4hrstoffschub zu Salatdressings oder Getr\u00e4nken hinzu.<\/li>\n<\/ul>\n<\/div>\n<div class=\"text-wrap\"><\/div>\n","protected":false},"excerpt":{"rendered":"<div class=\"title\" style=\"color: #f1b434;\"><strong><span class=\"name\">\/ BERTHOLLETIA EXCELSA \/<\/span><\/strong><\/div>\n<p>Amazonas-Nusspulver ist eine schmackhafte und nahrhafte M\u00f6glichkeit, die Artenvielfalt zu bewahren. Dieses Amazonas-Walnusspulver (Bertholletia excelsa) ist ideal f\u00fcr Keto-, vegane, glutenfreie oder gesunde Verbraucher; Mit einem Gehalt von 47 % Protein, 2,3 g\/100 g Kohlenhydraten und 5 % Fett kann es jede Zubereitung ern\u00e4hrungsphysiologisch, aber auch mit einem nussigen Geschmack bereichern. Es ist reich an Selen und Proteinen (insbesondere der Aminos\u00e4ure Leucin). Hilft, Muskelmasse und Gewebe zu erhalten. Es wird in Konditoreien, B\u00e4ckereien oder als Verdickungsmittel sowie zum Verd\u00fcnnen in Getr\u00e4nken, Cremes und P\u00fcrees oder als Nahrungserg\u00e4nzungsmittel verwendet.<\/p>\n","protected":false},"featured_media":13906,"comment_status":"open","ping_status":"closed","template":"","meta":{"editor_notices":[]},"product_cat":[64],"product_tag":[],"yoast_head":"<!-- This site is optimized with the Yoast SEO plugin v23.5 - https:\/\/yoast.com\/wordpress\/plugins\/seo\/ -->\n<title>Konventionelles Kastanienpulver aus dem Amazonasgebiet - Candela Organic<\/title>\n<meta name=\"description\" content=\"Amazonas-Nusspulver ist eine schmackhafte und nahrhafte M\u00f6glichkeit, die Artenvielfalt zu bewahren. Dieses Amazonas-Walnusspulver (Bertholletia excelsa) ist ideal f\u00fcr Keto-, vegane.\" \/>\n<meta name=\"robots\" content=\"index, follow, max-snippet:-1, max-image-preview:large, max-video-preview:-1\" \/>\n<link rel=\"canonical\" href=\"https:\/\/candelaorganic.com\/de\/producto\/konventionelles-kastanienpulver-aus-dem-amazonasgebiet\/\" \/>\n<meta property=\"og:locale\" content=\"de_DE\" \/>\n<meta property=\"og:type\" content=\"article\" \/>\n<meta property=\"og:title\" content=\"Konventionelles Kastanienpulver aus dem Amazonasgebiet - Candela Organic\" \/>\n<meta property=\"og:description\" content=\"Amazonas-Nusspulver ist eine schmackhafte und nahrhafte M\u00f6glichkeit, die Artenvielfalt zu bewahren. Dieses Amazonas-Walnusspulver (Bertholletia excelsa) ist ideal f\u00fcr Keto-, vegane.\" \/>\n<meta property=\"og:url\" content=\"https:\/\/candelaorganic.com\/de\/producto\/konventionelles-kastanienpulver-aus-dem-amazonasgebiet\/\" \/>\n<meta property=\"og:site_name\" content=\"Candela Organic\" \/>\n<meta property=\"article:modified_time\" content=\"2025-01-27T20:17:31+00:00\" \/>\n<meta property=\"og:image\" content=\"https:\/\/candelaorganic.com\/de\/wp-content\/uploads\/sites\/14\/2024\/04\/castana-convencional-Secondary-product-image-1.webp\" \/>\n\t<meta property=\"og:image:width\" content=\"609\" \/>\n\t<meta property=\"og:image:height\" content=\"599\" \/>\n\t<meta property=\"og:image:type\" content=\"image\/webp\" \/>\n<meta name=\"twitter:card\" content=\"summary_large_image\" \/>\n<meta name=\"twitter:label1\" content=\"Gesch\u00e4tzte Lesezeit\" \/>\n\t<meta name=\"twitter:data1\" content=\"2\u00a0Minuten\" \/>\n<script type=\"application\/ld+json\" class=\"yoast-schema-graph\">{\"@context\":\"https:\/\/schema.org\",\"@graph\":[{\"@type\":\"WebPage\",\"@id\":\"https:\/\/candelaorganic.com\/de\/producto\/konventionelles-kastanienpulver-aus-dem-amazonasgebiet\/\",\"url\":\"https:\/\/candelaorganic.com\/de\/producto\/konventionelles-kastanienpulver-aus-dem-amazonasgebiet\/\",\"name\":\"Konventionelles Kastanienpulver aus dem Amazonasgebiet - Candela Organic\",\"isPartOf\":{\"@id\":\"https:\/\/candelaorganic.com\/de\/#website\"},\"primaryImageOfPage\":{\"@id\":\"https:\/\/candelaorganic.com\/de\/producto\/konventionelles-kastanienpulver-aus-dem-amazonasgebiet\/#primaryimage\"},\"image\":{\"@id\":\"https:\/\/candelaorganic.com\/de\/producto\/konventionelles-kastanienpulver-aus-dem-amazonasgebiet\/#primaryimage\"},\"thumbnailUrl\":\"https:\/\/candelaorganic.com\/de\/wp-content\/uploads\/sites\/14\/2024\/04\/castana-convencional-Secondary-product-image-1.webp\",\"datePublished\":\"2024-04-04T14:48:49+00:00\",\"dateModified\":\"2025-01-27T20:17:31+00:00\",\"description\":\"Amazonas-Nusspulver ist eine schmackhafte und nahrhafte M\u00f6glichkeit, die Artenvielfalt zu bewahren. Dieses Amazonas-Walnusspulver (Bertholletia excelsa) ist ideal f\u00fcr Keto-, vegane.\",\"breadcrumb\":{\"@id\":\"https:\/\/candelaorganic.com\/de\/producto\/konventionelles-kastanienpulver-aus-dem-amazonasgebiet\/#breadcrumb\"},\"inLanguage\":\"de\",\"potentialAction\":[{\"@type\":\"ReadAction\",\"target\":[\"https:\/\/candelaorganic.com\/de\/producto\/konventionelles-kastanienpulver-aus-dem-amazonasgebiet\/\"]}]},{\"@type\":\"ImageObject\",\"inLanguage\":\"de\",\"@id\":\"https:\/\/candelaorganic.com\/de\/producto\/konventionelles-kastanienpulver-aus-dem-amazonasgebiet\/#primaryimage\",\"url\":\"https:\/\/candelaorganic.com\/de\/wp-content\/uploads\/sites\/14\/2024\/04\/castana-convencional-Secondary-product-image-1.webp\",\"contentUrl\":\"https:\/\/candelaorganic.com\/de\/wp-content\/uploads\/sites\/14\/2024\/04\/castana-convencional-Secondary-product-image-1.webp\",\"width\":609,\"height\":599},{\"@type\":\"BreadcrumbList\",\"@id\":\"https:\/\/candelaorganic.com\/de\/producto\/konventionelles-kastanienpulver-aus-dem-amazonasgebiet\/#breadcrumb\",\"itemListElement\":[{\"@type\":\"ListItem\",\"position\":1,\"name\":\"Produkte\",\"item\":\"https:\/\/candelaorganic.com\/de\/produkte\/\"},{\"@type\":\"ListItem\",\"position\":2,\"name\":\"Massennahrung\",\"item\":\"https:\/\/candelaorganic.com\/de\/tienda\/massennahrung\/\"},{\"@type\":\"ListItem\",\"position\":3,\"name\":\"Pulver\",\"item\":\"https:\/\/candelaorganic.com\/de\/tienda\/massennahrung\/massenpulver\/\"},{\"@type\":\"ListItem\",\"position\":4,\"name\":\"Konventionelles Kastanienpulver aus dem Amazonasgebiet\"}]},{\"@type\":\"WebSite\",\"@id\":\"https:\/\/candelaorganic.com\/de\/#website\",\"url\":\"https:\/\/candelaorganic.com\/de\/\",\"name\":\"Candela Organic\",\"description\":\"Wir erh\u00f6hen die Lebensmittelstandards\",\"publisher\":{\"@id\":\"https:\/\/candelaorganic.com\/de\/#organization\"},\"potentialAction\":[{\"@type\":\"SearchAction\",\"target\":{\"@type\":\"EntryPoint\",\"urlTemplate\":\"https:\/\/candelaorganic.com\/de\/?s={search_term_string}\"},\"query-input\":{\"@type\":\"PropertyValueSpecification\",\"valueRequired\":true,\"valueName\":\"search_term_string\"}}],\"inLanguage\":\"de\"},{\"@type\":\"Organization\",\"@id\":\"https:\/\/candelaorganic.com\/de\/#organization\",\"name\":\"Candela Organic\",\"url\":\"https:\/\/candelaorganic.com\/de\/\",\"logo\":{\"@type\":\"ImageObject\",\"inLanguage\":\"de\",\"@id\":\"https:\/\/candelaorganic.com\/de\/#\/schema\/logo\/image\/\",\"url\":\"https:\/\/candelaorganic.com\/de\/wp-content\/uploads\/sites\/14\/2024\/04\/Logotype.webp\",\"contentUrl\":\"https:\/\/candelaorganic.com\/de\/wp-content\/uploads\/sites\/14\/2024\/04\/Logotype.webp\",\"width\":256,\"height\":52,\"caption\":\"Candela Organic\"},\"image\":{\"@id\":\"https:\/\/candelaorganic.com\/de\/#\/schema\/logo\/image\/\"}}]}<\/script>\n<!-- \/ Yoast SEO plugin. -->","yoast_head_json":{"title":"Konventionelles Kastanienpulver aus dem Amazonasgebiet - Candela Organic","description":"Amazonas-Nusspulver ist eine schmackhafte und nahrhafte M\u00f6glichkeit, die Artenvielfalt zu bewahren. Dieses Amazonas-Walnusspulver (Bertholletia excelsa) ist ideal f\u00fcr Keto-, vegane.","robots":{"index":"index","follow":"follow","max-snippet":"max-snippet:-1","max-image-preview":"max-image-preview:large","max-video-preview":"max-video-preview:-1"},"canonical":"https:\/\/candelaorganic.com\/de\/producto\/konventionelles-kastanienpulver-aus-dem-amazonasgebiet\/","og_locale":"de_DE","og_type":"article","og_title":"Konventionelles Kastanienpulver aus dem Amazonasgebiet - Candela Organic","og_description":"Amazonas-Nusspulver ist eine schmackhafte und nahrhafte M\u00f6glichkeit, die Artenvielfalt zu bewahren. Dieses Amazonas-Walnusspulver (Bertholletia excelsa) ist ideal f\u00fcr Keto-, vegane.","og_url":"https:\/\/candelaorganic.com\/de\/producto\/konventionelles-kastanienpulver-aus-dem-amazonasgebiet\/","og_site_name":"Candela Organic","article_modified_time":"2025-01-27T20:17:31+00:00","og_image":[{"width":609,"height":599,"url":"https:\/\/candelaorganic.com\/de\/wp-content\/uploads\/sites\/14\/2024\/04\/castana-convencional-Secondary-product-image-1.webp","type":"image\/webp"}],"twitter_card":"summary_large_image","twitter_misc":{"Gesch\u00e4tzte Lesezeit":"2\u00a0Minuten"},"schema":{"@context":"https:\/\/schema.org","@graph":[{"@type":"WebPage","@id":"https:\/\/candelaorganic.com\/de\/producto\/konventionelles-kastanienpulver-aus-dem-amazonasgebiet\/","url":"https:\/\/candelaorganic.com\/de\/producto\/konventionelles-kastanienpulver-aus-dem-amazonasgebiet\/","name":"Konventionelles Kastanienpulver aus dem Amazonasgebiet - Candela Organic","isPartOf":{"@id":"https:\/\/candelaorganic.com\/de\/#website"},"primaryImageOfPage":{"@id":"https:\/\/candelaorganic.com\/de\/producto\/konventionelles-kastanienpulver-aus-dem-amazonasgebiet\/#primaryimage"},"image":{"@id":"https:\/\/candelaorganic.com\/de\/producto\/konventionelles-kastanienpulver-aus-dem-amazonasgebiet\/#primaryimage"},"thumbnailUrl":"https:\/\/candelaorganic.com\/de\/wp-content\/uploads\/sites\/14\/2024\/04\/castana-convencional-Secondary-product-image-1.webp","datePublished":"2024-04-04T14:48:49+00:00","dateModified":"2025-01-27T20:17:31+00:00","description":"Amazonas-Nusspulver ist eine schmackhafte und nahrhafte M\u00f6glichkeit, die Artenvielfalt zu bewahren. Dieses Amazonas-Walnusspulver (Bertholletia excelsa) ist ideal f\u00fcr Keto-, vegane.","breadcrumb":{"@id":"https:\/\/candelaorganic.com\/de\/producto\/konventionelles-kastanienpulver-aus-dem-amazonasgebiet\/#breadcrumb"},"inLanguage":"de","potentialAction":[{"@type":"ReadAction","target":["https:\/\/candelaorganic.com\/de\/producto\/konventionelles-kastanienpulver-aus-dem-amazonasgebiet\/"]}]},{"@type":"ImageObject","inLanguage":"de","@id":"https:\/\/candelaorganic.com\/de\/producto\/konventionelles-kastanienpulver-aus-dem-amazonasgebiet\/#primaryimage","url":"https:\/\/candelaorganic.com\/de\/wp-content\/uploads\/sites\/14\/2024\/04\/castana-convencional-Secondary-product-image-1.webp","contentUrl":"https:\/\/candelaorganic.com\/de\/wp-content\/uploads\/sites\/14\/2024\/04\/castana-convencional-Secondary-product-image-1.webp","width":609,"height":599},{"@type":"BreadcrumbList","@id":"https:\/\/candelaorganic.com\/de\/producto\/konventionelles-kastanienpulver-aus-dem-amazonasgebiet\/#breadcrumb","itemListElement":[{"@type":"ListItem","position":1,"name":"Produkte","item":"https:\/\/candelaorganic.com\/de\/produkte\/"},{"@type":"ListItem","position":2,"name":"Massennahrung","item":"https:\/\/candelaorganic.com\/de\/tienda\/massennahrung\/"},{"@type":"ListItem","position":3,"name":"Pulver","item":"https:\/\/candelaorganic.com\/de\/tienda\/massennahrung\/massenpulver\/"},{"@type":"ListItem","position":4,"name":"Konventionelles Kastanienpulver aus dem Amazonasgebiet"}]},{"@type":"WebSite","@id":"https:\/\/candelaorganic.com\/de\/#website","url":"https:\/\/candelaorganic.com\/de\/","name":"Candela Organic","description":"Wir erh\u00f6hen die Lebensmittelstandards","publisher":{"@id":"https:\/\/candelaorganic.com\/de\/#organization"},"potentialAction":[{"@type":"SearchAction","target":{"@type":"EntryPoint","urlTemplate":"https:\/\/candelaorganic.com\/de\/?s={search_term_string}"},"query-input":{"@type":"PropertyValueSpecification","valueRequired":true,"valueName":"search_term_string"}}],"inLanguage":"de"},{"@type":"Organization","@id":"https:\/\/candelaorganic.com\/de\/#organization","name":"Candela Organic","url":"https:\/\/candelaorganic.com\/de\/","logo":{"@type":"ImageObject","inLanguage":"de","@id":"https:\/\/candelaorganic.com\/de\/#\/schema\/logo\/image\/","url":"https:\/\/candelaorganic.com\/de\/wp-content\/uploads\/sites\/14\/2024\/04\/Logotype.webp","contentUrl":"https:\/\/candelaorganic.com\/de\/wp-content\/uploads\/sites\/14\/2024\/04\/Logotype.webp","width":256,"height":52,"caption":"Candela Organic"},"image":{"@id":"https:\/\/candelaorganic.com\/de\/#\/schema\/logo\/image\/"}}]}},"_links":{"self":[{"href":"https:\/\/candelaorganic.com\/de\/wp-json\/wp\/v2\/product\/13985"}],"collection":[{"href":"https:\/\/candelaorganic.com\/de\/wp-json\/wp\/v2\/product"}],"about":[{"href":"https:\/\/candelaorganic.com\/de\/wp-json\/wp\/v2\/types\/product"}],"replies":[{"embeddable":true,"href":"https:\/\/candelaorganic.com\/de\/wp-json\/wp\/v2\/comments?post=13985"}],"wp:featuredmedia":[{"embeddable":true,"href":"https:\/\/candelaorganic.com\/de\/wp-json\/wp\/v2\/media\/13906"}],"wp:attachment":[{"href":"https:\/\/candelaorganic.com\/de\/wp-json\/wp\/v2\/media?parent=13985"}],"wp:term":[{"taxonomy":"product_cat","embeddable":true,"href":"https:\/\/candelaorganic.com\/de\/wp-json\/wp\/v2\/product_cat?post=13985"},{"taxonomy":"product_tag","embeddable":true,"href":"https:\/\/candelaorganic.com\/de\/wp-json\/wp\/v2\/product_tag?post=13985"}],"curies":[{"name":"wp","href":"https:\/\/api.w.org\/{rel}","templated":true}]}}