{"id":13865,"date":"2024-04-04T16:29:44","date_gmt":"2024-04-04T14:29:44","guid":{"rendered":"https:\/\/candelaorganic.com\/de\/?post_type=product&#038;p=13865"},"modified":"2025-11-22T06:02:12","modified_gmt":"2025-11-22T05:02:12","slug":"bio-kastanienoel","status":"publish","type":"product","link":"https:\/\/candelaorganic.com\/de\/producto\/bio-kastanienoel\/","title":{"rendered":"Bio-Kastanien\u00f6l"},"content":{"rendered":"<p>Unser Paranuss\u00f6l stammt aus der Region Madre de Dios in Peru. In den Gemeinden, die sie sammeln, sind sie besser als Amazonas-N\u00fcsse bekannt, da sie in den Regenw\u00e4ldern Perus, Brasiliens und Boliviens wachsen. Die B\u00e4ume wachsen wild und geh\u00f6ren zu den Giganten des Regenwaldes, die oft Hunderte von Jahren stehen. Bei der Beschaffung unseres \u00d6ls f\u00fcr Ihre Produkte sch\u00e4tzen wir den Reichtum dieser unglaublichen W\u00e4lder.<\/p>\n<p>Jede Nussschale des brasilianischen Baumes wird w\u00e4hrend der sintflutartigen Regenzeit von Januar bis M\u00e4rz von \u00f6rtlichen Castanheiros (oder Kastanienb\u00e4umen) gesammelt. Die Ernte ist in der Regel recht weit von den Gemeinden entfernt, deshalb unterst\u00fctzen wir die Castanheiros, indem wir ihre Ernte eine Woche lang zinslos finanzieren. Wir stellen auch Ernteplattformen zur Verf\u00fcgung, um sicherzustellen, dass Sie m\u00f6glichst viele N\u00fcsse vor starkem Regen gesch\u00fctzt haben. Anschlie\u00dfend laden die Castanheiros die Ernte auf und tragen sie per Hand, bis sie zum Transport den Fluss erreichen k\u00f6nnen. Da die Ernte wilder Amazonas-N\u00fcsse mit dem Beginn des Schuljahres zusammenf\u00e4llt, verwenden viele das verdiente Geld, um Schulmaterial und B\u00fccher zu kaufen und bessere Lehrer zu bezahlen.<\/p>\n<p>Paranuss\u00f6l hat eine dezente gelbe Farbe und ein s\u00fc\u00dfes, nussiges Aroma, was es ideal f\u00fcr K\u00f6rperpflegeprodukte macht. Es ist leicht und einfach aufzutragen und sorgt f\u00fcr lang anhaltende Weichheit, die am ganzen K\u00f6rper angewendet werden kann.<\/p>\n<p>Diese Pr\u00e4sentation eignet sich perfekt f\u00fcr den Einsatz in Hautpflegeroutinen. Die Vielseitigkeit der Verpackung ist entscheidend, da kleine Mengen f\u00fcr bestimmte K\u00f6rperteile verwendet werden k\u00f6nnen.<\/p>\n<p>&nbsp;<\/p>\n<div class=\"text-wrap\"><strong><span class=\"subtitle\" style=\"color: #f1b434;\">FUNKTIONEN UND VORTEILE<\/span><\/strong><\/div>\n<ul>\n<li>Eine einzigartige Kombination aus \u00d6ls\u00e4ure und Vitamin E&nbsp;<\/li>\n<li>Enth\u00e4lt Linol-, \u00d6l-, Palmitin- und Stearins\u00e4ure&nbsp;<\/li>\n<li>Hoher Gehalt an Vitamin E zur Verlangsamung des Alterungsprozesses und zur Bek\u00e4mpfung freier Radikale&nbsp;<\/li>\n<li>Tiefenwirksam geschmeidig machend<\/li>\n<\/ul>\n<div class=\"text-wrap\"><\/div>\n","protected":false},"excerpt":{"rendered":"<div class=\"title\">\n<div class=\"title\">\n<div class=\"title\">\n<div class=\"title\">\n<div class=\"title\"><strong><span class=\"name\" style=\"color: #f1b434;\">\/ BERTHOLLETIA EXCELSA \/<\/span><\/strong><\/div>\n<p>Unser \u00d6l sorgt f\u00fcr eine langanhaltende Wirkung, die am ganzen K\u00f6rper angewendet werden kann. Mit einem hohen Gehalt an Vitaminen und Mineralstoffen f\u00f6rdert es die Hautverj\u00fcngung, kann die Alterung verlangsamen und trockenes und gesch\u00e4digtes Haar reparieren.<\/p>\n<\/div>\n<\/div>\n<\/div>\n<\/div>\n","protected":false},"featured_media":13991,"comment_status":"open","ping_status":"closed","template":"","meta":{"editor_notices":[]},"product_cat":[80],"product_tag":[],"yoast_head":"<!-- This site is optimized with the Yoast SEO plugin v23.5 - https:\/\/yoast.com\/wordpress\/plugins\/seo\/ -->\n<title>Bio-Kastanien\u00f6l - Candela Organic<\/title>\n<meta name=\"description\" content=\"Unser Paranuss\u00f6l stammt aus der Region Madre de Dios in Peru. In den Gemeinden, die sie sammeln, sind sie besser als Amazonas-N\u00fcsse bekannt, da sie in den Regenw\u00e4ldern Perus, Brasiliens und Boliviens wachsen. Die B\u00e4ume wachsen wild und geh\u00f6ren zu den Giganten des Regenwaldes, die oft Hunderte von Jahren stehen. Bei der Beschaffung unseres \u00d6ls f\u00fcr Ihre Produkte sch\u00e4tzen wir den Reichtum dieser unglaublichen W\u00e4lder.\" \/>\n<meta name=\"robots\" content=\"index, follow, max-snippet:-1, max-image-preview:large, max-video-preview:-1\" \/>\n<link rel=\"canonical\" href=\"https:\/\/candelaorganic.com\/de\/producto\/bio-kastanienoel\/\" \/>\n<meta property=\"og:locale\" content=\"de_DE\" \/>\n<meta property=\"og:type\" content=\"article\" \/>\n<meta property=\"og:title\" content=\"Bio-Kastanien\u00f6l - Candela Organic\" \/>\n<meta property=\"og:description\" content=\"Unser Paranuss\u00f6l stammt aus der Region Madre de Dios in Peru. In den Gemeinden, die sie sammeln, sind sie besser als Amazonas-N\u00fcsse bekannt, da sie in den Regenw\u00e4ldern Perus, Brasiliens und Boliviens wachsen. Die B\u00e4ume wachsen wild und geh\u00f6ren zu den Giganten des Regenwaldes, die oft Hunderte von Jahren stehen. Bei der Beschaffung unseres \u00d6ls f\u00fcr Ihre Produkte sch\u00e4tzen wir den Reichtum dieser unglaublichen W\u00e4lder.\" \/>\n<meta property=\"og:url\" content=\"https:\/\/candelaorganic.com\/de\/producto\/bio-kastanienoel\/\" \/>\n<meta property=\"og:site_name\" content=\"Candela Organic\" \/>\n<meta property=\"article:modified_time\" content=\"2025-11-22T05:02:12+00:00\" \/>\n<meta property=\"og:image\" content=\"https:\/\/candelaorganic.com\/de\/wp-content\/uploads\/sites\/14\/2024\/04\/Aceite-Castana-beauty-product-image.webp\" \/>\n\t<meta property=\"og:image:width\" content=\"1070\" \/>\n\t<meta property=\"og:image:height\" content=\"1080\" \/>\n\t<meta property=\"og:image:type\" content=\"image\/webp\" \/>\n<meta name=\"twitter:card\" content=\"summary_large_image\" \/>\n<meta name=\"twitter:label1\" content=\"Gesch\u00e4tzte Lesezeit\" \/>\n\t<meta name=\"twitter:data1\" content=\"2\u00a0Minuten\" \/>\n<script type=\"application\/ld+json\" class=\"yoast-schema-graph\">{\"@context\":\"https:\/\/schema.org\",\"@graph\":[{\"@type\":\"WebPage\",\"@id\":\"https:\/\/candelaorganic.com\/de\/producto\/bio-kastanienoel\/\",\"url\":\"https:\/\/candelaorganic.com\/de\/producto\/bio-kastanienoel\/\",\"name\":\"Bio-Kastanien\u00f6l - Candela Organic\",\"isPartOf\":{\"@id\":\"https:\/\/candelaorganic.com\/de\/#website\"},\"primaryImageOfPage\":{\"@id\":\"https:\/\/candelaorganic.com\/de\/producto\/bio-kastanienoel\/#primaryimage\"},\"image\":{\"@id\":\"https:\/\/candelaorganic.com\/de\/producto\/bio-kastanienoel\/#primaryimage\"},\"thumbnailUrl\":\"https:\/\/candelaorganic.com\/de\/wp-content\/uploads\/sites\/14\/2024\/04\/Aceite-Castana-beauty-product-image.webp\",\"datePublished\":\"2024-04-04T14:29:44+00:00\",\"dateModified\":\"2025-11-22T05:02:12+00:00\",\"description\":\"Unser Paranuss\u00f6l stammt aus der Region Madre de Dios in Peru. In den Gemeinden, die sie sammeln, sind sie besser als Amazonas-N\u00fcsse bekannt, da sie in den Regenw\u00e4ldern Perus, Brasiliens und Boliviens wachsen. Die B\u00e4ume wachsen wild und geh\u00f6ren zu den Giganten des Regenwaldes, die oft Hunderte von Jahren stehen. Bei der Beschaffung unseres \u00d6ls f\u00fcr Ihre Produkte sch\u00e4tzen wir den Reichtum dieser unglaublichen W\u00e4lder.\",\"breadcrumb\":{\"@id\":\"https:\/\/candelaorganic.com\/de\/producto\/bio-kastanienoel\/#breadcrumb\"},\"inLanguage\":\"de\",\"potentialAction\":[{\"@type\":\"ReadAction\",\"target\":[\"https:\/\/candelaorganic.com\/de\/producto\/bio-kastanienoel\/\"]}]},{\"@type\":\"ImageObject\",\"inLanguage\":\"de\",\"@id\":\"https:\/\/candelaorganic.com\/de\/producto\/bio-kastanienoel\/#primaryimage\",\"url\":\"https:\/\/candelaorganic.com\/de\/wp-content\/uploads\/sites\/14\/2024\/04\/Aceite-Castana-beauty-product-image.webp\",\"contentUrl\":\"https:\/\/candelaorganic.com\/de\/wp-content\/uploads\/sites\/14\/2024\/04\/Aceite-Castana-beauty-product-image.webp\",\"width\":1070,\"height\":1080},{\"@type\":\"BreadcrumbList\",\"@id\":\"https:\/\/candelaorganic.com\/de\/producto\/bio-kastanienoel\/#breadcrumb\",\"itemListElement\":[{\"@type\":\"ListItem\",\"position\":1,\"name\":\"Produkte\",\"item\":\"https:\/\/candelaorganic.com\/de\/produkte\/\"},{\"@type\":\"ListItem\",\"position\":2,\"name\":\"Einzelhandel mit Kosmetik- und K\u00f6rperpflegeprodukten\",\"item\":\"https:\/\/candelaorganic.com\/de\/tienda\/einzelhandel-mit-kosmetik-und-koerperpflegeprodukten\/\"},{\"@type\":\"ListItem\",\"position\":3,\"name\":\"\u00d6le\",\"item\":\"https:\/\/candelaorganic.com\/de\/tienda\/einzelhandel-mit-kosmetik-und-koerperpflegeprodukten\/oel-und-butter-einzelhandel\/\"},{\"@type\":\"ListItem\",\"position\":4,\"name\":\"Bio-Kastanien\u00f6l\"}]},{\"@type\":\"WebSite\",\"@id\":\"https:\/\/candelaorganic.com\/de\/#website\",\"url\":\"https:\/\/candelaorganic.com\/de\/\",\"name\":\"Candela Organic\",\"description\":\"Wir erh\u00f6hen die Lebensmittelstandards\",\"publisher\":{\"@id\":\"https:\/\/candelaorganic.com\/de\/#organization\"},\"potentialAction\":[{\"@type\":\"SearchAction\",\"target\":{\"@type\":\"EntryPoint\",\"urlTemplate\":\"https:\/\/candelaorganic.com\/de\/?s={search_term_string}\"},\"query-input\":{\"@type\":\"PropertyValueSpecification\",\"valueRequired\":true,\"valueName\":\"search_term_string\"}}],\"inLanguage\":\"de\"},{\"@type\":\"Organization\",\"@id\":\"https:\/\/candelaorganic.com\/de\/#organization\",\"name\":\"Candela Organic\",\"url\":\"https:\/\/candelaorganic.com\/de\/\",\"logo\":{\"@type\":\"ImageObject\",\"inLanguage\":\"de\",\"@id\":\"https:\/\/candelaorganic.com\/de\/#\/schema\/logo\/image\/\",\"url\":\"https:\/\/candelaorganic.com\/de\/wp-content\/uploads\/sites\/14\/2024\/04\/Logotype.webp\",\"contentUrl\":\"https:\/\/candelaorganic.com\/de\/wp-content\/uploads\/sites\/14\/2024\/04\/Logotype.webp\",\"width\":256,\"height\":52,\"caption\":\"Candela Organic\"},\"image\":{\"@id\":\"https:\/\/candelaorganic.com\/de\/#\/schema\/logo\/image\/\"}}]}<\/script>\n<!-- \/ Yoast SEO plugin. -->","yoast_head_json":{"title":"Bio-Kastanien\u00f6l - Candela Organic","description":"Unser Paranuss\u00f6l stammt aus der Region Madre de Dios in Peru. In den Gemeinden, die sie sammeln, sind sie besser als Amazonas-N\u00fcsse bekannt, da sie in den Regenw\u00e4ldern Perus, Brasiliens und Boliviens wachsen. Die B\u00e4ume wachsen wild und geh\u00f6ren zu den Giganten des Regenwaldes, die oft Hunderte von Jahren stehen. Bei der Beschaffung unseres \u00d6ls f\u00fcr Ihre Produkte sch\u00e4tzen wir den Reichtum dieser unglaublichen W\u00e4lder.","robots":{"index":"index","follow":"follow","max-snippet":"max-snippet:-1","max-image-preview":"max-image-preview:large","max-video-preview":"max-video-preview:-1"},"canonical":"https:\/\/candelaorganic.com\/de\/producto\/bio-kastanienoel\/","og_locale":"de_DE","og_type":"article","og_title":"Bio-Kastanien\u00f6l - Candela Organic","og_description":"Unser Paranuss\u00f6l stammt aus der Region Madre de Dios in Peru. In den Gemeinden, die sie sammeln, sind sie besser als Amazonas-N\u00fcsse bekannt, da sie in den Regenw\u00e4ldern Perus, Brasiliens und Boliviens wachsen. Die B\u00e4ume wachsen wild und geh\u00f6ren zu den Giganten des Regenwaldes, die oft Hunderte von Jahren stehen. Bei der Beschaffung unseres \u00d6ls f\u00fcr Ihre Produkte sch\u00e4tzen wir den Reichtum dieser unglaublichen W\u00e4lder.","og_url":"https:\/\/candelaorganic.com\/de\/producto\/bio-kastanienoel\/","og_site_name":"Candela Organic","article_modified_time":"2025-11-22T05:02:12+00:00","og_image":[{"width":1070,"height":1080,"url":"https:\/\/candelaorganic.com\/de\/wp-content\/uploads\/sites\/14\/2024\/04\/Aceite-Castana-beauty-product-image.webp","type":"image\/webp"}],"twitter_card":"summary_large_image","twitter_misc":{"Gesch\u00e4tzte Lesezeit":"2\u00a0Minuten"},"schema":{"@context":"https:\/\/schema.org","@graph":[{"@type":"WebPage","@id":"https:\/\/candelaorganic.com\/de\/producto\/bio-kastanienoel\/","url":"https:\/\/candelaorganic.com\/de\/producto\/bio-kastanienoel\/","name":"Bio-Kastanien\u00f6l - Candela Organic","isPartOf":{"@id":"https:\/\/candelaorganic.com\/de\/#website"},"primaryImageOfPage":{"@id":"https:\/\/candelaorganic.com\/de\/producto\/bio-kastanienoel\/#primaryimage"},"image":{"@id":"https:\/\/candelaorganic.com\/de\/producto\/bio-kastanienoel\/#primaryimage"},"thumbnailUrl":"https:\/\/candelaorganic.com\/de\/wp-content\/uploads\/sites\/14\/2024\/04\/Aceite-Castana-beauty-product-image.webp","datePublished":"2024-04-04T14:29:44+00:00","dateModified":"2025-11-22T05:02:12+00:00","description":"Unser Paranuss\u00f6l stammt aus der Region Madre de Dios in Peru. In den Gemeinden, die sie sammeln, sind sie besser als Amazonas-N\u00fcsse bekannt, da sie in den Regenw\u00e4ldern Perus, Brasiliens und Boliviens wachsen. Die B\u00e4ume wachsen wild und geh\u00f6ren zu den Giganten des Regenwaldes, die oft Hunderte von Jahren stehen. Bei der Beschaffung unseres \u00d6ls f\u00fcr Ihre Produkte sch\u00e4tzen wir den Reichtum dieser unglaublichen W\u00e4lder.","breadcrumb":{"@id":"https:\/\/candelaorganic.com\/de\/producto\/bio-kastanienoel\/#breadcrumb"},"inLanguage":"de","potentialAction":[{"@type":"ReadAction","target":["https:\/\/candelaorganic.com\/de\/producto\/bio-kastanienoel\/"]}]},{"@type":"ImageObject","inLanguage":"de","@id":"https:\/\/candelaorganic.com\/de\/producto\/bio-kastanienoel\/#primaryimage","url":"https:\/\/candelaorganic.com\/de\/wp-content\/uploads\/sites\/14\/2024\/04\/Aceite-Castana-beauty-product-image.webp","contentUrl":"https:\/\/candelaorganic.com\/de\/wp-content\/uploads\/sites\/14\/2024\/04\/Aceite-Castana-beauty-product-image.webp","width":1070,"height":1080},{"@type":"BreadcrumbList","@id":"https:\/\/candelaorganic.com\/de\/producto\/bio-kastanienoel\/#breadcrumb","itemListElement":[{"@type":"ListItem","position":1,"name":"Produkte","item":"https:\/\/candelaorganic.com\/de\/produkte\/"},{"@type":"ListItem","position":2,"name":"Einzelhandel mit Kosmetik- und K\u00f6rperpflegeprodukten","item":"https:\/\/candelaorganic.com\/de\/tienda\/einzelhandel-mit-kosmetik-und-koerperpflegeprodukten\/"},{"@type":"ListItem","position":3,"name":"\u00d6le","item":"https:\/\/candelaorganic.com\/de\/tienda\/einzelhandel-mit-kosmetik-und-koerperpflegeprodukten\/oel-und-butter-einzelhandel\/"},{"@type":"ListItem","position":4,"name":"Bio-Kastanien\u00f6l"}]},{"@type":"WebSite","@id":"https:\/\/candelaorganic.com\/de\/#website","url":"https:\/\/candelaorganic.com\/de\/","name":"Candela Organic","description":"Wir erh\u00f6hen die Lebensmittelstandards","publisher":{"@id":"https:\/\/candelaorganic.com\/de\/#organization"},"potentialAction":[{"@type":"SearchAction","target":{"@type":"EntryPoint","urlTemplate":"https:\/\/candelaorganic.com\/de\/?s={search_term_string}"},"query-input":{"@type":"PropertyValueSpecification","valueRequired":true,"valueName":"search_term_string"}}],"inLanguage":"de"},{"@type":"Organization","@id":"https:\/\/candelaorganic.com\/de\/#organization","name":"Candela Organic","url":"https:\/\/candelaorganic.com\/de\/","logo":{"@type":"ImageObject","inLanguage":"de","@id":"https:\/\/candelaorganic.com\/de\/#\/schema\/logo\/image\/","url":"https:\/\/candelaorganic.com\/de\/wp-content\/uploads\/sites\/14\/2024\/04\/Logotype.webp","contentUrl":"https:\/\/candelaorganic.com\/de\/wp-content\/uploads\/sites\/14\/2024\/04\/Logotype.webp","width":256,"height":52,"caption":"Candela Organic"},"image":{"@id":"https:\/\/candelaorganic.com\/de\/#\/schema\/logo\/image\/"}}]}},"_links":{"self":[{"href":"https:\/\/candelaorganic.com\/de\/wp-json\/wp\/v2\/product\/13865"}],"collection":[{"href":"https:\/\/candelaorganic.com\/de\/wp-json\/wp\/v2\/product"}],"about":[{"href":"https:\/\/candelaorganic.com\/de\/wp-json\/wp\/v2\/types\/product"}],"replies":[{"embeddable":true,"href":"https:\/\/candelaorganic.com\/de\/wp-json\/wp\/v2\/comments?post=13865"}],"wp:featuredmedia":[{"embeddable":true,"href":"https:\/\/candelaorganic.com\/de\/wp-json\/wp\/v2\/media\/13991"}],"wp:attachment":[{"href":"https:\/\/candelaorganic.com\/de\/wp-json\/wp\/v2\/media?parent=13865"}],"wp:term":[{"taxonomy":"product_cat","embeddable":true,"href":"https:\/\/candelaorganic.com\/de\/wp-json\/wp\/v2\/product_cat?post=13865"},{"taxonomy":"product_tag","embeddable":true,"href":"https:\/\/candelaorganic.com\/de\/wp-json\/wp\/v2\/product_tag?post=13865"}],"curies":[{"name":"wp","href":"https:\/\/api.w.org\/{rel}","templated":true}]}}