{"id":13626,"date":"2024-04-04T04:06:27","date_gmt":"2024-04-04T02:06:27","guid":{"rendered":"https:\/\/candelaorganic.com\/de\/?post_type=product&#038;p=13626"},"modified":"2024-06-21T17:41:03","modified_gmt":"2024-06-21T15:41:03","slug":"bio-amazonas-kastanienpulver","status":"publish","type":"product","link":"https:\/\/candelaorganic.com\/de\/producto\/bio-amazonas-kastanienpulver\/","title":{"rendered":"Bio-Amazonas-Kastanienpulver"},"content":{"rendered":"<p>Kastanien-Vitalit\u00e4t: Verbessern Sie Ihr Wohlbefinden mit Bertholletia excelsa-Pulver, einer leckeren Option f\u00fcr ketogene, vegane und gesundheitsbewusste Menschen.<\/p>\n<p>N\u00e4hrstoffreiche Amazonas-Mischung: Genie\u00dfen Sie die nat\u00fcrlichen Vorteile von Paranusspulver, eine k\u00f6stliche M\u00f6glichkeit, die Artenvielfalt zu unterst\u00fctzen und gleichzeitig den reichen Proteingehalt und die nussige Essenz zu genie\u00dfen. Ideal f\u00fcr verschiedene kulinarische Zwecke und als Nahrungserg\u00e4nzungsmittel.<\/p>\n<p>&nbsp;<\/p>\n<div class=\"text-wrap\">\n<p><strong><span class=\"subtitle\" style=\"color: #f1b434;\">FUNKTIONEN UND VORTEILE<\/span><\/strong><\/p>\n<ul>\n<li>GESUNDER N\u00c4HRSTOFFBOOST: Steigern Sie Ihren Weg zur Gesundheit mit unserem Paranusspulver, das vollgepackt ist mit essentiellen N\u00e4hrstoffen wie Eiwei\u00df, Ballaststoffen, Eisen und Kalium. Nutzen Sie die Vorteile von Paranusspulver, einem N\u00e4hrstoffschatz f\u00fcr Ihr Wohlbefinden.<\/li>\n<li>Herzgesunde Vorteile: N\u00e4hren Sie Ihr Herz mit Kastanienpulver, das nahrhafte Fette und N\u00e4hrstoffe f\u00fcr ein optimales Herz-Kreislauf-Wohlbefinden bietet.<\/li>\n<li>Besser und nat\u00fcrlich: Genie\u00dfen Sie den nat\u00fcrlichen Charme von Bio-Paranuspulver, einer Zutat ohne schlechtes Gewissen, die Ihren Lieblingsgerichten einen k\u00f6stlichen nussigen Geschmack verleiht.<\/li>\n<li>Verwendung: Bio-Superfood-Pulver bieten eine vielseitige M\u00f6glichkeit, Ihre Ern\u00e4hrung zu verbessern: Mischen Sie sie in Smoothies, r\u00fchren Sie sie in Backwaren ein, mischen Sie sie in Haferflocken oder Joghurt, kreieren Sie Energieh\u00e4ppchen und f\u00fcgen Sie sie f\u00fcr einen N\u00e4hrstoffschub zu Salatdressings oder Getr\u00e4nken hinzu.<\/li>\n<\/ul>\n<\/div>\n<div class=\"text-wrap\"><\/div>\n","protected":false},"excerpt":{"rendered":"<div class=\"title\" style=\"color: #f1b434;\"><strong><span class=\"name\">\/ BERTHOLLETIA EXCELSA \/<\/span><\/strong><\/div>\n<p>Dieses aus Bertholletia excelsa hergestellte Nusspulver ist eine geeignete Erg\u00e4nzung zur Ern\u00e4hrung ketogener, veganer, glutenfreier und gesundheitsbewusster Menschen. Mit einem bemerkenswerten Proteingehalt von 47 %, begleitet von 2,3 g\/100 g Kohlenhydraten und 5 % Fett, ist es eine bereichernde Bereicherung f\u00fcr verschiedene kulinarische Kreationen und sorgt f\u00fcr einen N\u00e4hrstoffschub und einen k\u00f6stlichen nussigen Geschmack. Dieses Pulver ist reich an Selen und Proteinen, insbesondere der Aminos\u00e4ure Leucin, und f\u00f6rdert den Erhalt von Muskelmasse und Gewebe. Verbessern Sie Ihre kulinarischen Bem\u00fchungen, indem Sie dieses vielseitige Pulver in Kuchen, Backwaren, Getr\u00e4nke, Cremes, P\u00fcrees oder als nahrhaftes Nahrungserg\u00e4nzungsmittel integrieren.<\/p>\n","protected":false},"featured_media":13921,"comment_status":"open","ping_status":"closed","template":"","meta":{"editor_notices":[]},"product_cat":[64],"product_tag":[],"yoast_head":"<!-- This site is optimized with the Yoast SEO plugin v23.5 - https:\/\/yoast.com\/wordpress\/plugins\/seo\/ -->\n<title>Bio-Amazonas-Kastanienpulver - Candela Organic<\/title>\n<meta name=\"description\" content=\"Dieses aus Bertholletia excelsa hergestellte Nusspulver ist eine geeignete Erg\u00e4nzung zur Ern\u00e4hrung ketogener, veganer, glutenfreier und gesundheitsbewusster Menschen.\" \/>\n<meta name=\"robots\" content=\"index, follow, max-snippet:-1, max-image-preview:large, max-video-preview:-1\" \/>\n<link rel=\"canonical\" href=\"https:\/\/candelaorganic.com\/de\/producto\/bio-amazonas-kastanienpulver\/\" \/>\n<meta property=\"og:locale\" content=\"de_DE\" \/>\n<meta property=\"og:type\" content=\"article\" \/>\n<meta property=\"og:title\" content=\"Bio-Amazonas-Kastanienpulver - Candela Organic\" \/>\n<meta property=\"og:description\" content=\"Dieses aus Bertholletia excelsa hergestellte Nusspulver ist eine geeignete Erg\u00e4nzung zur Ern\u00e4hrung ketogener, veganer, glutenfreier und gesundheitsbewusster Menschen.\" \/>\n<meta property=\"og:url\" content=\"https:\/\/candelaorganic.com\/de\/producto\/bio-amazonas-kastanienpulver\/\" \/>\n<meta property=\"og:site_name\" content=\"Candela Organic\" \/>\n<meta property=\"article:modified_time\" content=\"2024-06-21T15:41:03+00:00\" \/>\n<meta property=\"og:image\" content=\"https:\/\/candelaorganic.com\/de\/wp-content\/uploads\/sites\/14\/2024\/04\/castana-organico-Secondary-product-image-1.webp\" \/>\n\t<meta property=\"og:image:width\" content=\"609\" \/>\n\t<meta property=\"og:image:height\" content=\"599\" \/>\n\t<meta property=\"og:image:type\" content=\"image\/webp\" \/>\n<meta name=\"twitter:card\" content=\"summary_large_image\" \/>\n<meta name=\"twitter:label1\" content=\"Gesch\u00e4tzte Lesezeit\" \/>\n\t<meta name=\"twitter:data1\" content=\"2\u00a0Minuten\" \/>\n<script type=\"application\/ld+json\" class=\"yoast-schema-graph\">{\"@context\":\"https:\/\/schema.org\",\"@graph\":[{\"@type\":\"WebPage\",\"@id\":\"https:\/\/candelaorganic.com\/de\/producto\/bio-amazonas-kastanienpulver\/\",\"url\":\"https:\/\/candelaorganic.com\/de\/producto\/bio-amazonas-kastanienpulver\/\",\"name\":\"Bio-Amazonas-Kastanienpulver - Candela Organic\",\"isPartOf\":{\"@id\":\"https:\/\/candelaorganic.com\/de\/#website\"},\"primaryImageOfPage\":{\"@id\":\"https:\/\/candelaorganic.com\/de\/producto\/bio-amazonas-kastanienpulver\/#primaryimage\"},\"image\":{\"@id\":\"https:\/\/candelaorganic.com\/de\/producto\/bio-amazonas-kastanienpulver\/#primaryimage\"},\"thumbnailUrl\":\"https:\/\/candelaorganic.com\/de\/wp-content\/uploads\/sites\/14\/2024\/04\/castana-organico-Secondary-product-image-1.webp\",\"datePublished\":\"2024-04-04T02:06:27+00:00\",\"dateModified\":\"2024-06-21T15:41:03+00:00\",\"description\":\"Dieses aus Bertholletia excelsa hergestellte Nusspulver ist eine geeignete Erg\u00e4nzung zur Ern\u00e4hrung ketogener, veganer, glutenfreier und gesundheitsbewusster Menschen.\",\"breadcrumb\":{\"@id\":\"https:\/\/candelaorganic.com\/de\/producto\/bio-amazonas-kastanienpulver\/#breadcrumb\"},\"inLanguage\":\"de\",\"potentialAction\":[{\"@type\":\"ReadAction\",\"target\":[\"https:\/\/candelaorganic.com\/de\/producto\/bio-amazonas-kastanienpulver\/\"]}]},{\"@type\":\"ImageObject\",\"inLanguage\":\"de\",\"@id\":\"https:\/\/candelaorganic.com\/de\/producto\/bio-amazonas-kastanienpulver\/#primaryimage\",\"url\":\"https:\/\/candelaorganic.com\/de\/wp-content\/uploads\/sites\/14\/2024\/04\/castana-organico-Secondary-product-image-1.webp\",\"contentUrl\":\"https:\/\/candelaorganic.com\/de\/wp-content\/uploads\/sites\/14\/2024\/04\/castana-organico-Secondary-product-image-1.webp\",\"width\":609,\"height\":599},{\"@type\":\"BreadcrumbList\",\"@id\":\"https:\/\/candelaorganic.com\/de\/producto\/bio-amazonas-kastanienpulver\/#breadcrumb\",\"itemListElement\":[{\"@type\":\"ListItem\",\"position\":1,\"name\":\"Produkte\",\"item\":\"https:\/\/candelaorganic.com\/de\/produkte\/\"},{\"@type\":\"ListItem\",\"position\":2,\"name\":\"Massennahrung\",\"item\":\"https:\/\/candelaorganic.com\/de\/tienda\/massennahrung\/\"},{\"@type\":\"ListItem\",\"position\":3,\"name\":\"Pulver\",\"item\":\"https:\/\/candelaorganic.com\/de\/tienda\/massennahrung\/massenpulver\/\"},{\"@type\":\"ListItem\",\"position\":4,\"name\":\"Bio-Amazonas-Kastanienpulver\"}]},{\"@type\":\"WebSite\",\"@id\":\"https:\/\/candelaorganic.com\/de\/#website\",\"url\":\"https:\/\/candelaorganic.com\/de\/\",\"name\":\"Candela Organic\",\"description\":\"Wir erh\u00f6hen die Lebensmittelstandards\",\"publisher\":{\"@id\":\"https:\/\/candelaorganic.com\/de\/#organization\"},\"potentialAction\":[{\"@type\":\"SearchAction\",\"target\":{\"@type\":\"EntryPoint\",\"urlTemplate\":\"https:\/\/candelaorganic.com\/de\/?s={search_term_string}\"},\"query-input\":{\"@type\":\"PropertyValueSpecification\",\"valueRequired\":true,\"valueName\":\"search_term_string\"}}],\"inLanguage\":\"de\"},{\"@type\":\"Organization\",\"@id\":\"https:\/\/candelaorganic.com\/de\/#organization\",\"name\":\"Candela Organic\",\"url\":\"https:\/\/candelaorganic.com\/de\/\",\"logo\":{\"@type\":\"ImageObject\",\"inLanguage\":\"de\",\"@id\":\"https:\/\/candelaorganic.com\/de\/#\/schema\/logo\/image\/\",\"url\":\"https:\/\/candelaorganic.com\/de\/wp-content\/uploads\/sites\/14\/2024\/04\/Logotype.webp\",\"contentUrl\":\"https:\/\/candelaorganic.com\/de\/wp-content\/uploads\/sites\/14\/2024\/04\/Logotype.webp\",\"width\":256,\"height\":52,\"caption\":\"Candela Organic\"},\"image\":{\"@id\":\"https:\/\/candelaorganic.com\/de\/#\/schema\/logo\/image\/\"}}]}<\/script>\n<!-- \/ Yoast SEO plugin. -->","yoast_head_json":{"title":"Bio-Amazonas-Kastanienpulver - Candela Organic","description":"Dieses aus Bertholletia excelsa hergestellte Nusspulver ist eine geeignete Erg\u00e4nzung zur Ern\u00e4hrung ketogener, veganer, glutenfreier und gesundheitsbewusster Menschen.","robots":{"index":"index","follow":"follow","max-snippet":"max-snippet:-1","max-image-preview":"max-image-preview:large","max-video-preview":"max-video-preview:-1"},"canonical":"https:\/\/candelaorganic.com\/de\/producto\/bio-amazonas-kastanienpulver\/","og_locale":"de_DE","og_type":"article","og_title":"Bio-Amazonas-Kastanienpulver - Candela Organic","og_description":"Dieses aus Bertholletia excelsa hergestellte Nusspulver ist eine geeignete Erg\u00e4nzung zur Ern\u00e4hrung ketogener, veganer, glutenfreier und gesundheitsbewusster Menschen.","og_url":"https:\/\/candelaorganic.com\/de\/producto\/bio-amazonas-kastanienpulver\/","og_site_name":"Candela Organic","article_modified_time":"2024-06-21T15:41:03+00:00","og_image":[{"width":609,"height":599,"url":"https:\/\/candelaorganic.com\/de\/wp-content\/uploads\/sites\/14\/2024\/04\/castana-organico-Secondary-product-image-1.webp","type":"image\/webp"}],"twitter_card":"summary_large_image","twitter_misc":{"Gesch\u00e4tzte Lesezeit":"2\u00a0Minuten"},"schema":{"@context":"https:\/\/schema.org","@graph":[{"@type":"WebPage","@id":"https:\/\/candelaorganic.com\/de\/producto\/bio-amazonas-kastanienpulver\/","url":"https:\/\/candelaorganic.com\/de\/producto\/bio-amazonas-kastanienpulver\/","name":"Bio-Amazonas-Kastanienpulver - Candela Organic","isPartOf":{"@id":"https:\/\/candelaorganic.com\/de\/#website"},"primaryImageOfPage":{"@id":"https:\/\/candelaorganic.com\/de\/producto\/bio-amazonas-kastanienpulver\/#primaryimage"},"image":{"@id":"https:\/\/candelaorganic.com\/de\/producto\/bio-amazonas-kastanienpulver\/#primaryimage"},"thumbnailUrl":"https:\/\/candelaorganic.com\/de\/wp-content\/uploads\/sites\/14\/2024\/04\/castana-organico-Secondary-product-image-1.webp","datePublished":"2024-04-04T02:06:27+00:00","dateModified":"2024-06-21T15:41:03+00:00","description":"Dieses aus Bertholletia excelsa hergestellte Nusspulver ist eine geeignete Erg\u00e4nzung zur Ern\u00e4hrung ketogener, veganer, glutenfreier und gesundheitsbewusster Menschen.","breadcrumb":{"@id":"https:\/\/candelaorganic.com\/de\/producto\/bio-amazonas-kastanienpulver\/#breadcrumb"},"inLanguage":"de","potentialAction":[{"@type":"ReadAction","target":["https:\/\/candelaorganic.com\/de\/producto\/bio-amazonas-kastanienpulver\/"]}]},{"@type":"ImageObject","inLanguage":"de","@id":"https:\/\/candelaorganic.com\/de\/producto\/bio-amazonas-kastanienpulver\/#primaryimage","url":"https:\/\/candelaorganic.com\/de\/wp-content\/uploads\/sites\/14\/2024\/04\/castana-organico-Secondary-product-image-1.webp","contentUrl":"https:\/\/candelaorganic.com\/de\/wp-content\/uploads\/sites\/14\/2024\/04\/castana-organico-Secondary-product-image-1.webp","width":609,"height":599},{"@type":"BreadcrumbList","@id":"https:\/\/candelaorganic.com\/de\/producto\/bio-amazonas-kastanienpulver\/#breadcrumb","itemListElement":[{"@type":"ListItem","position":1,"name":"Produkte","item":"https:\/\/candelaorganic.com\/de\/produkte\/"},{"@type":"ListItem","position":2,"name":"Massennahrung","item":"https:\/\/candelaorganic.com\/de\/tienda\/massennahrung\/"},{"@type":"ListItem","position":3,"name":"Pulver","item":"https:\/\/candelaorganic.com\/de\/tienda\/massennahrung\/massenpulver\/"},{"@type":"ListItem","position":4,"name":"Bio-Amazonas-Kastanienpulver"}]},{"@type":"WebSite","@id":"https:\/\/candelaorganic.com\/de\/#website","url":"https:\/\/candelaorganic.com\/de\/","name":"Candela Organic","description":"Wir erh\u00f6hen die Lebensmittelstandards","publisher":{"@id":"https:\/\/candelaorganic.com\/de\/#organization"},"potentialAction":[{"@type":"SearchAction","target":{"@type":"EntryPoint","urlTemplate":"https:\/\/candelaorganic.com\/de\/?s={search_term_string}"},"query-input":{"@type":"PropertyValueSpecification","valueRequired":true,"valueName":"search_term_string"}}],"inLanguage":"de"},{"@type":"Organization","@id":"https:\/\/candelaorganic.com\/de\/#organization","name":"Candela Organic","url":"https:\/\/candelaorganic.com\/de\/","logo":{"@type":"ImageObject","inLanguage":"de","@id":"https:\/\/candelaorganic.com\/de\/#\/schema\/logo\/image\/","url":"https:\/\/candelaorganic.com\/de\/wp-content\/uploads\/sites\/14\/2024\/04\/Logotype.webp","contentUrl":"https:\/\/candelaorganic.com\/de\/wp-content\/uploads\/sites\/14\/2024\/04\/Logotype.webp","width":256,"height":52,"caption":"Candela Organic"},"image":{"@id":"https:\/\/candelaorganic.com\/de\/#\/schema\/logo\/image\/"}}]}},"_links":{"self":[{"href":"https:\/\/candelaorganic.com\/de\/wp-json\/wp\/v2\/product\/13626"}],"collection":[{"href":"https:\/\/candelaorganic.com\/de\/wp-json\/wp\/v2\/product"}],"about":[{"href":"https:\/\/candelaorganic.com\/de\/wp-json\/wp\/v2\/types\/product"}],"replies":[{"embeddable":true,"href":"https:\/\/candelaorganic.com\/de\/wp-json\/wp\/v2\/comments?post=13626"}],"wp:featuredmedia":[{"embeddable":true,"href":"https:\/\/candelaorganic.com\/de\/wp-json\/wp\/v2\/media\/13921"}],"wp:attachment":[{"href":"https:\/\/candelaorganic.com\/de\/wp-json\/wp\/v2\/media?parent=13626"}],"wp:term":[{"taxonomy":"product_cat","embeddable":true,"href":"https:\/\/candelaorganic.com\/de\/wp-json\/wp\/v2\/product_cat?post=13626"},{"taxonomy":"product_tag","embeddable":true,"href":"https:\/\/candelaorganic.com\/de\/wp-json\/wp\/v2\/product_tag?post=13626"}],"curies":[{"name":"wp","href":"https:\/\/api.w.org\/{rel}","templated":true}]}}