{"id":13621,"date":"2024-04-04T03:52:58","date_gmt":"2024-04-04T01:52:58","guid":{"rendered":"https:\/\/candelaorganic.com\/de\/?post_type=product&#038;p=13621"},"modified":"2024-12-05T18:08:53","modified_gmt":"2024-12-05T17:08:53","slug":"kichererbsenpulver-2","status":"publish","type":"product","link":"https:\/\/candelaorganic.com\/de\/producto\/kichererbsenpulver-2\/","title":{"rendered":"Kichererbsenpulver"},"content":{"rendered":"<p>Kichererbsenpulver ist eine wertvolle Erg\u00e4nzung f\u00fcr die Speisekammer eines jeden Liebhabers gesunder K\u00fcche. Dieses vielseitige Produkt wird durch Mahlen getrockneter Kichererbsen gewonnen und bietet zahlreiche ern\u00e4hrungsphysiologische Vorteile. Erstens ist es eine reichhaltige und nat\u00fcrliche Proteinquelle, was es zu einem unverzichtbaren Verb\u00fcndeten f\u00fcr Vegetarier und Veganer auf der Suche nach einer ausgewogenen Ern\u00e4hrung macht. Dar\u00fcber hinaus f\u00f6rdert sein Ballaststoffgehalt das S\u00e4ttigungsgef\u00fchl und f\u00f6rdert eine gesunde Verdauung, was sich positiv auf die Gewichtskontrolle und die Gesundheit des Magen-Darm-Systems auswirken kann.<\/p>\n<p>Die Vielseitigkeit von Kichererbsenpulver ist ein weiterer Pluspunkt. Es kann als Zutat in einer Vielzahl von Rezepten verwendet werden, von der Herstellung von hausgemachtem Hummus bis hin zur Zubereitung glutenfreier Backgerichte, bei denen ein Teil des Weizenmehls ersetzt wird. Dies verleiht den Gerichten nicht nur einen Hauch von Geschmack, sondern erh\u00f6ht auch deren N\u00e4hrwert. Dar\u00fcber hinaus tr\u00e4gt Kichererbsenpulver als nat\u00fcrliche Quelle f\u00fcr Eisen, Magnesium und andere essentielle N\u00e4hrstoffe zur Erhaltung einer optimalen allgemeinen Gesundheit bei. Kurz gesagt, dieses vielseitige Pulver ist eine gro\u00dfartige M\u00f6glichkeit, sowohl den Geschmack als auch den N\u00e4hrwert Ihrer Lieblingsgerichte zu verbessern, und ist eine kluge Wahl f\u00fcr alle, die nach ges\u00fcnderen und nachhaltigeren Ern\u00e4hrungsoptionen suchen.<\/p>\n<p>&nbsp;<\/p>\n<div class=\"text-wrap\"><strong><span class=\"subtitle\" style=\"color: #f1b434;\">FUNKTIONEN UND VORTEILE<\/span><\/strong><\/div>\n<ul>\n<li>Pflanzliche Proteinquelle: Kichererbsenpulver ist eine reichhaltige, nat\u00fcrliche Quelle hochwertiger pflanzlicher Proteine \u200b\u200bund daher eine wertvolle Option f\u00fcr Vegetarier und Veganer, die auf eine ausreichende Proteinzufuhr achten m\u00f6chten.<\/li>\n<li>F\u00f6rdert das S\u00e4ttigungsgef\u00fchl: Sein Ballaststoffgehalt f\u00f6rdert das S\u00e4ttigungsgef\u00fchl, was dabei helfen kann, den Appetit zu kontrollieren und ein gesundes Gewicht zu halten.<\/li>\n<li>Kulinarische Vielseitigkeit: Kichererbsenpulver kann in einer Vielzahl von Rezepten verwendet werden, von Hummus und gebackenen Gerichten bis hin als Verdickungsmittel f\u00fcr Suppen und Saucen, und verleiht Ihren Mahlzeiten eine einzigartige ern\u00e4hrungsphysiologische und geschmackliche Note.<\/li>\n<li>Reich an essentiellen N\u00e4hrstoffen: Enth\u00e4lt essentielle N\u00e4hrstoffe wie Eisen, Magnesium und Fols\u00e4ure, die f\u00fcr die Aufrechterhaltung einer optimalen Gesundheit und die F\u00f6rderung der Vitalit\u00e4t unerl\u00e4sslich sind.<\/li>\n<li>Gesunde und nachhaltige Option: Kichererbsenpulver ist eine kluge Wahl f\u00fcr alle, die nach ges\u00fcnderen und nachhaltigeren Alternativen in ihrer Ern\u00e4hrung suchen, da es ein nat\u00fcrliches und vielseitiges Produkt ist, das sowohl den N\u00e4hrwert als auch den Geschmack Ihrer Lieblingsgerichte verbessern kann.<\/li>\n<\/ul>\n<div class=\"text-wrap\"><\/div>\n","protected":false},"excerpt":{"rendered":"<div class=\"title\">\n<div class=\"title\">\n<div class=\"title\">\n<div class=\"title\">\n<div class=\"title\"><strong><span class=\"name\" style=\"color: #f1b434;\">\/ CICER ARIETINUM \/<\/span><\/strong><\/div>\n<p>Kichererbsenpulver ist eine \u00e4u\u00dferst vielseitige und nahrhafte Zutat, die zahlreiche gesundheitliche Vorteile bietet. Dieses durch Mahlen getrockneter Kichererbsen gewonnene Produkt ist von Natur aus reich an Eiwei\u00df, Ballaststoffen, Vitaminen und essentiellen Mineralien wie Eisen und Magnesium. Sein Proteingehalt macht es zu einer hervorragenden Quelle essentieller Aminos\u00e4uren, geeignet f\u00fcr vegetarische und vegane Ern\u00e4hrung, und seine Ballaststoffe f\u00f6rdern eine gesunde Verdauung und ein S\u00e4ttigungsgef\u00fchl. Dar\u00fcber hinaus kann es aufgrund seiner Vielseitigkeit in der K\u00fcche als Basis f\u00fcr gesunde Rezepte, als Hummus oder als Mehlersatz bei der Zubereitung von Backgerichten verwendet werden, was es zu einem wertvollen Verb\u00fcndeten bei der Suche nach einer ausgewogenen und k\u00f6stlichen Ern\u00e4hrung macht. Kurz gesagt, Kichererbsenpulver ist eine schmackhafte und nahrhafte Wahl, die sowohl den N\u00e4hrwert als auch den Geschmack einer Vielzahl von Mahlzeiten und Snacks verbessern kann.<\/p>\n<\/div>\n<\/div>\n<\/div>\n<\/div>\n","protected":false},"featured_media":10953,"comment_status":"open","ping_status":"closed","template":"","meta":{"editor_notices":[]},"product_cat":[78],"product_tag":[],"yoast_head":"<!-- This site is optimized with the Yoast SEO plugin v23.5 - https:\/\/yoast.com\/wordpress\/plugins\/seo\/ -->\n<title>Kichererbsenpulver - Candela Organic<\/title>\n<meta name=\"description\" content=\"Kichererbsenpulver ist eine \u00e4u\u00dferst vielseitige und nahrhafte Zutat, die zahlreiche gesundheitliche Vorteile bietet. Dieses durch Mahlen getrockneter Kichererbsen gewonnene Produkt ist von Natur aus reich an Eiwei\u00df, Ballaststoffen, Vitaminen und essentiellen Mineralien wie Eisen und Magnesium.\" \/>\n<meta name=\"robots\" content=\"index, follow, max-snippet:-1, max-image-preview:large, max-video-preview:-1\" \/>\n<link rel=\"canonical\" href=\"https:\/\/candelaorganic.com\/de\/producto\/kichererbsenpulver-2\/\" \/>\n<meta property=\"og:locale\" content=\"de_DE\" \/>\n<meta property=\"og:type\" content=\"article\" \/>\n<meta property=\"og:title\" content=\"Kichererbsenpulver - Candela Organic\" \/>\n<meta property=\"og:description\" content=\"Kichererbsenpulver ist eine \u00e4u\u00dferst vielseitige und nahrhafte Zutat, die zahlreiche gesundheitliche Vorteile bietet. Dieses durch Mahlen getrockneter Kichererbsen gewonnene Produkt ist von Natur aus reich an Eiwei\u00df, Ballaststoffen, Vitaminen und essentiellen Mineralien wie Eisen und Magnesium.\" \/>\n<meta property=\"og:url\" content=\"https:\/\/candelaorganic.com\/de\/producto\/kichererbsenpulver-2\/\" \/>\n<meta property=\"og:site_name\" content=\"Candela Organic\" \/>\n<meta property=\"article:modified_time\" content=\"2024-12-05T17:08:53+00:00\" \/>\n<meta property=\"og:image\" content=\"https:\/\/candelaorganic.com\/de\/wp-content\/uploads\/sites\/14\/2024\/04\/Polvo-Garbanzo-cover-product-image.webp\" \/>\n\t<meta property=\"og:image:width\" content=\"1700\" \/>\n\t<meta property=\"og:image:height\" content=\"1800\" \/>\n\t<meta property=\"og:image:type\" content=\"image\/webp\" \/>\n<meta name=\"twitter:card\" content=\"summary_large_image\" \/>\n<meta name=\"twitter:label1\" content=\"Gesch\u00e4tzte Lesezeit\" \/>\n\t<meta name=\"twitter:data1\" content=\"3\u00a0Minuten\" \/>\n<script type=\"application\/ld+json\" class=\"yoast-schema-graph\">{\"@context\":\"https:\/\/schema.org\",\"@graph\":[{\"@type\":\"WebPage\",\"@id\":\"https:\/\/candelaorganic.com\/de\/producto\/kichererbsenpulver-2\/\",\"url\":\"https:\/\/candelaorganic.com\/de\/producto\/kichererbsenpulver-2\/\",\"name\":\"Kichererbsenpulver - Candela Organic\",\"isPartOf\":{\"@id\":\"https:\/\/candelaorganic.com\/de\/#website\"},\"primaryImageOfPage\":{\"@id\":\"https:\/\/candelaorganic.com\/de\/producto\/kichererbsenpulver-2\/#primaryimage\"},\"image\":{\"@id\":\"https:\/\/candelaorganic.com\/de\/producto\/kichererbsenpulver-2\/#primaryimage\"},\"thumbnailUrl\":\"https:\/\/candelaorganic.com\/de\/wp-content\/uploads\/sites\/14\/2024\/04\/Polvo-Garbanzo-cover-product-image.webp\",\"datePublished\":\"2024-04-04T01:52:58+00:00\",\"dateModified\":\"2024-12-05T17:08:53+00:00\",\"description\":\"Kichererbsenpulver ist eine \u00e4u\u00dferst vielseitige und nahrhafte Zutat, die zahlreiche gesundheitliche Vorteile bietet. Dieses durch Mahlen getrockneter Kichererbsen gewonnene Produkt ist von Natur aus reich an Eiwei\u00df, Ballaststoffen, Vitaminen und essentiellen Mineralien wie Eisen und Magnesium.\",\"breadcrumb\":{\"@id\":\"https:\/\/candelaorganic.com\/de\/producto\/kichererbsenpulver-2\/#breadcrumb\"},\"inLanguage\":\"de\",\"potentialAction\":[{\"@type\":\"ReadAction\",\"target\":[\"https:\/\/candelaorganic.com\/de\/producto\/kichererbsenpulver-2\/\"]}]},{\"@type\":\"ImageObject\",\"inLanguage\":\"de\",\"@id\":\"https:\/\/candelaorganic.com\/de\/producto\/kichererbsenpulver-2\/#primaryimage\",\"url\":\"https:\/\/candelaorganic.com\/de\/wp-content\/uploads\/sites\/14\/2024\/04\/Polvo-Garbanzo-cover-product-image.webp\",\"contentUrl\":\"https:\/\/candelaorganic.com\/de\/wp-content\/uploads\/sites\/14\/2024\/04\/Polvo-Garbanzo-cover-product-image.webp\",\"width\":1700,\"height\":1800},{\"@type\":\"BreadcrumbList\",\"@id\":\"https:\/\/candelaorganic.com\/de\/producto\/kichererbsenpulver-2\/#breadcrumb\",\"itemListElement\":[{\"@type\":\"ListItem\",\"position\":1,\"name\":\"Produkte\",\"item\":\"https:\/\/candelaorganic.com\/de\/produkte\/\"},{\"@type\":\"ListItem\",\"position\":2,\"name\":\"Lebensmitteleinzelhandel\",\"item\":\"https:\/\/candelaorganic.com\/de\/tienda\/lebensmittel-einzelhandel\/\"},{\"@type\":\"ListItem\",\"position\":3,\"name\":\"Pulver\",\"item\":\"https:\/\/candelaorganic.com\/de\/tienda\/lebensmittel-einzelhandel\/pulver-einzelhandel\/\"},{\"@type\":\"ListItem\",\"position\":4,\"name\":\"Kichererbsenpulver\"}]},{\"@type\":\"WebSite\",\"@id\":\"https:\/\/candelaorganic.com\/de\/#website\",\"url\":\"https:\/\/candelaorganic.com\/de\/\",\"name\":\"Candela Organic\",\"description\":\"Wir erh\u00f6hen die Lebensmittelstandards\",\"publisher\":{\"@id\":\"https:\/\/candelaorganic.com\/de\/#organization\"},\"potentialAction\":[{\"@type\":\"SearchAction\",\"target\":{\"@type\":\"EntryPoint\",\"urlTemplate\":\"https:\/\/candelaorganic.com\/de\/?s={search_term_string}\"},\"query-input\":{\"@type\":\"PropertyValueSpecification\",\"valueRequired\":true,\"valueName\":\"search_term_string\"}}],\"inLanguage\":\"de\"},{\"@type\":\"Organization\",\"@id\":\"https:\/\/candelaorganic.com\/de\/#organization\",\"name\":\"Candela Organic\",\"url\":\"https:\/\/candelaorganic.com\/de\/\",\"logo\":{\"@type\":\"ImageObject\",\"inLanguage\":\"de\",\"@id\":\"https:\/\/candelaorganic.com\/de\/#\/schema\/logo\/image\/\",\"url\":\"https:\/\/candelaorganic.com\/de\/wp-content\/uploads\/sites\/14\/2024\/04\/Logotype.webp\",\"contentUrl\":\"https:\/\/candelaorganic.com\/de\/wp-content\/uploads\/sites\/14\/2024\/04\/Logotype.webp\",\"width\":256,\"height\":52,\"caption\":\"Candela Organic\"},\"image\":{\"@id\":\"https:\/\/candelaorganic.com\/de\/#\/schema\/logo\/image\/\"}}]}<\/script>\n<!-- \/ Yoast SEO plugin. -->","yoast_head_json":{"title":"Kichererbsenpulver - Candela Organic","description":"Kichererbsenpulver ist eine \u00e4u\u00dferst vielseitige und nahrhafte Zutat, die zahlreiche gesundheitliche Vorteile bietet. Dieses durch Mahlen getrockneter Kichererbsen gewonnene Produkt ist von Natur aus reich an Eiwei\u00df, Ballaststoffen, Vitaminen und essentiellen Mineralien wie Eisen und Magnesium.","robots":{"index":"index","follow":"follow","max-snippet":"max-snippet:-1","max-image-preview":"max-image-preview:large","max-video-preview":"max-video-preview:-1"},"canonical":"https:\/\/candelaorganic.com\/de\/producto\/kichererbsenpulver-2\/","og_locale":"de_DE","og_type":"article","og_title":"Kichererbsenpulver - Candela Organic","og_description":"Kichererbsenpulver ist eine \u00e4u\u00dferst vielseitige und nahrhafte Zutat, die zahlreiche gesundheitliche Vorteile bietet. Dieses durch Mahlen getrockneter Kichererbsen gewonnene Produkt ist von Natur aus reich an Eiwei\u00df, Ballaststoffen, Vitaminen und essentiellen Mineralien wie Eisen und Magnesium.","og_url":"https:\/\/candelaorganic.com\/de\/producto\/kichererbsenpulver-2\/","og_site_name":"Candela Organic","article_modified_time":"2024-12-05T17:08:53+00:00","og_image":[{"width":1700,"height":1800,"url":"https:\/\/candelaorganic.com\/de\/wp-content\/uploads\/sites\/14\/2024\/04\/Polvo-Garbanzo-cover-product-image.webp","type":"image\/webp"}],"twitter_card":"summary_large_image","twitter_misc":{"Gesch\u00e4tzte Lesezeit":"3\u00a0Minuten"},"schema":{"@context":"https:\/\/schema.org","@graph":[{"@type":"WebPage","@id":"https:\/\/candelaorganic.com\/de\/producto\/kichererbsenpulver-2\/","url":"https:\/\/candelaorganic.com\/de\/producto\/kichererbsenpulver-2\/","name":"Kichererbsenpulver - Candela Organic","isPartOf":{"@id":"https:\/\/candelaorganic.com\/de\/#website"},"primaryImageOfPage":{"@id":"https:\/\/candelaorganic.com\/de\/producto\/kichererbsenpulver-2\/#primaryimage"},"image":{"@id":"https:\/\/candelaorganic.com\/de\/producto\/kichererbsenpulver-2\/#primaryimage"},"thumbnailUrl":"https:\/\/candelaorganic.com\/de\/wp-content\/uploads\/sites\/14\/2024\/04\/Polvo-Garbanzo-cover-product-image.webp","datePublished":"2024-04-04T01:52:58+00:00","dateModified":"2024-12-05T17:08:53+00:00","description":"Kichererbsenpulver ist eine \u00e4u\u00dferst vielseitige und nahrhafte Zutat, die zahlreiche gesundheitliche Vorteile bietet. Dieses durch Mahlen getrockneter Kichererbsen gewonnene Produkt ist von Natur aus reich an Eiwei\u00df, Ballaststoffen, Vitaminen und essentiellen Mineralien wie Eisen und Magnesium.","breadcrumb":{"@id":"https:\/\/candelaorganic.com\/de\/producto\/kichererbsenpulver-2\/#breadcrumb"},"inLanguage":"de","potentialAction":[{"@type":"ReadAction","target":["https:\/\/candelaorganic.com\/de\/producto\/kichererbsenpulver-2\/"]}]},{"@type":"ImageObject","inLanguage":"de","@id":"https:\/\/candelaorganic.com\/de\/producto\/kichererbsenpulver-2\/#primaryimage","url":"https:\/\/candelaorganic.com\/de\/wp-content\/uploads\/sites\/14\/2024\/04\/Polvo-Garbanzo-cover-product-image.webp","contentUrl":"https:\/\/candelaorganic.com\/de\/wp-content\/uploads\/sites\/14\/2024\/04\/Polvo-Garbanzo-cover-product-image.webp","width":1700,"height":1800},{"@type":"BreadcrumbList","@id":"https:\/\/candelaorganic.com\/de\/producto\/kichererbsenpulver-2\/#breadcrumb","itemListElement":[{"@type":"ListItem","position":1,"name":"Produkte","item":"https:\/\/candelaorganic.com\/de\/produkte\/"},{"@type":"ListItem","position":2,"name":"Lebensmitteleinzelhandel","item":"https:\/\/candelaorganic.com\/de\/tienda\/lebensmittel-einzelhandel\/"},{"@type":"ListItem","position":3,"name":"Pulver","item":"https:\/\/candelaorganic.com\/de\/tienda\/lebensmittel-einzelhandel\/pulver-einzelhandel\/"},{"@type":"ListItem","position":4,"name":"Kichererbsenpulver"}]},{"@type":"WebSite","@id":"https:\/\/candelaorganic.com\/de\/#website","url":"https:\/\/candelaorganic.com\/de\/","name":"Candela Organic","description":"Wir erh\u00f6hen die Lebensmittelstandards","publisher":{"@id":"https:\/\/candelaorganic.com\/de\/#organization"},"potentialAction":[{"@type":"SearchAction","target":{"@type":"EntryPoint","urlTemplate":"https:\/\/candelaorganic.com\/de\/?s={search_term_string}"},"query-input":{"@type":"PropertyValueSpecification","valueRequired":true,"valueName":"search_term_string"}}],"inLanguage":"de"},{"@type":"Organization","@id":"https:\/\/candelaorganic.com\/de\/#organization","name":"Candela Organic","url":"https:\/\/candelaorganic.com\/de\/","logo":{"@type":"ImageObject","inLanguage":"de","@id":"https:\/\/candelaorganic.com\/de\/#\/schema\/logo\/image\/","url":"https:\/\/candelaorganic.com\/de\/wp-content\/uploads\/sites\/14\/2024\/04\/Logotype.webp","contentUrl":"https:\/\/candelaorganic.com\/de\/wp-content\/uploads\/sites\/14\/2024\/04\/Logotype.webp","width":256,"height":52,"caption":"Candela Organic"},"image":{"@id":"https:\/\/candelaorganic.com\/de\/#\/schema\/logo\/image\/"}}]}},"_links":{"self":[{"href":"https:\/\/candelaorganic.com\/de\/wp-json\/wp\/v2\/product\/13621"}],"collection":[{"href":"https:\/\/candelaorganic.com\/de\/wp-json\/wp\/v2\/product"}],"about":[{"href":"https:\/\/candelaorganic.com\/de\/wp-json\/wp\/v2\/types\/product"}],"replies":[{"embeddable":true,"href":"https:\/\/candelaorganic.com\/de\/wp-json\/wp\/v2\/comments?post=13621"}],"wp:featuredmedia":[{"embeddable":true,"href":"https:\/\/candelaorganic.com\/de\/wp-json\/wp\/v2\/media\/10953"}],"wp:attachment":[{"href":"https:\/\/candelaorganic.com\/de\/wp-json\/wp\/v2\/media?parent=13621"}],"wp:term":[{"taxonomy":"product_cat","embeddable":true,"href":"https:\/\/candelaorganic.com\/de\/wp-json\/wp\/v2\/product_cat?post=13621"},{"taxonomy":"product_tag","embeddable":true,"href":"https:\/\/candelaorganic.com\/de\/wp-json\/wp\/v2\/product_tag?post=13621"}],"curies":[{"name":"wp","href":"https:\/\/api.w.org\/{rel}","templated":true}]}}