{"id":13616,"date":"2024-04-04T03:47:56","date_gmt":"2024-04-04T01:47:56","guid":{"rendered":"https:\/\/candelaorganic.com\/de\/?post_type=product&#038;p=13616"},"modified":"2024-07-17T16:35:44","modified_gmt":"2024-07-17T14:35:44","slug":"bio-camu-camu-pulver-2","status":"publish","type":"product","link":"https:\/\/candelaorganic.com\/de\/producto\/bio-camu-camu-pulver-2\/","title":{"rendered":"Bio-Camu-Camu-Pulver"},"content":{"rendered":"<p>Camu-Camu-Power: Steigern Sie Ihr Wohlbefinden mit Bio-Camu-Camu-Pulver, einem Vitamin-C-reichen Superfood, das sich perfekt f\u00fcr Getr\u00e4nke und zur Unterst\u00fctzung des Immunsystems eignet.<\/p>\n<p>Vielseitiger Wellness-Booster: Entdecken Sie das Potenzial des Camu-Camu-Pulvers, reich an Vitamin C. Verfeinern Sie Ihre Getr\u00e4nke, Marmeladen und Desserts mit seiner einzigartigen aromatischen Essenz. Wir bringen es in dieser 100-Gramm-Takeaway-Pr\u00e4sentation auf Ihren Tisch.<\/p>\n<p>&nbsp;<\/p>\n<div class=\"text-wrap\"><strong><span class=\"subtitle\" style=\"color: #f1b434;\">FUNKTIONEN UND VORTEILE<\/span><\/strong><\/div>\n<ul>\n<li>Bio-Camu-Camu-Vitalit\u00e4t: Nutzen Sie die Kraft von nachhaltig gewonnenem Camu-Camu-Pulver f\u00fcr Ihre Gesundheit, das essentielle N\u00e4hrstoffe enth\u00e4lt, um bei regelm\u00e4\u00dfiger Anwendung die Gesundheit zu verbessern.<\/li>\n<li>N\u00e4hrstoffreiche K\u00f6stlichkeiten: Steigern Sie Ihr Wohlbefinden mit Bio-Camu-Camu-Pulver, einer reichhaltigen Quelle an Proteinen, Ballaststoffen und lebenswichtigen N\u00e4hrstoffen.<\/li>\n<li>Wellness-Unterst\u00fctzung: F\u00fchren Sie mit unserem Camu Camu einen ges\u00fcnderen Lebensstil ein und erh\u00f6hen Sie Ihre t\u00e4gliche N\u00e4hrstoffaufnahme mit jeder Portion. Mischen Sie es mit Proteinshakes<\/li>\n<li>Nat\u00fcrliche Energie und Ern\u00e4hrung: Tanken Sie Energie f\u00fcr den Tag mit Bio-Camu-Camu-Pulver, einer praktischen M\u00f6glichkeit, einen Schub nat\u00fcrlicher Vitalit\u00e4t in Ihre Ern\u00e4hrung zu integrieren.<\/li>\n<\/ul>\n","protected":false},"excerpt":{"rendered":"<div class=\"title\">\n<div class=\"title\">\n<div class=\"title\">\n<div class=\"title\">\n<div class=\"title\"><strong><span class=\"name\" style=\"color: #f1b434;\">\/ MYRCIARIA DUBIA \/<\/span><\/strong><\/div>\n<p>Camu-Camu-Fruchtpulver eignet sich ideal zum Verd\u00fcnnen in Getr\u00e4nken als Nahrungserg\u00e4nzungsmittel, da es mit 5 bis 7 % eine der h\u00f6chsten Konzentrationen an Vitamin C aufweist. Camu Camu stimuliert au\u00dferdem die Produktion wei\u00dfer Blutk\u00f6rperchen, st\u00e4rkt das Immunsystem und ist eine Schl\u00fcsselkomponente bei der Kollagenproduktion. Camu Camu hat ein charakteristisches Zitrus-, aber auch blumiges und aromatisches Aroma, was es perfekt f\u00fcr Marmeladen, Nektare, Eiscreme und Joghurt macht.<\/p>\n<\/div>\n<\/div>\n<\/div>\n<\/div>\n","protected":false},"featured_media":10882,"comment_status":"open","ping_status":"closed","template":"","meta":{"editor_notices":[]},"product_cat":[78],"product_tag":[],"yoast_head":"<!-- This site is optimized with the Yoast SEO plugin v23.5 - https:\/\/yoast.com\/wordpress\/plugins\/seo\/ -->\n<title>Bio-Camu-Camu-Pulver - Candela Organic<\/title>\n<meta name=\"description\" content=\"Camu-Camu-Fruchtpulver eignet sich ideal zum Verd\u00fcnnen in Getr\u00e4nken als Nahrungserg\u00e4nzungsmittel, da es mit 5 bis 7 % eine der h\u00f6chsten Konzentrationen an Vitamin C aufweist.\" \/>\n<meta name=\"robots\" content=\"index, follow, max-snippet:-1, max-image-preview:large, max-video-preview:-1\" \/>\n<link rel=\"canonical\" href=\"https:\/\/candelaorganic.com\/de\/producto\/bio-camu-camu-pulver-2\/\" \/>\n<meta property=\"og:locale\" content=\"de_DE\" \/>\n<meta property=\"og:type\" content=\"article\" \/>\n<meta property=\"og:title\" content=\"Bio-Camu-Camu-Pulver - Candela Organic\" \/>\n<meta property=\"og:description\" content=\"Camu-Camu-Fruchtpulver eignet sich ideal zum Verd\u00fcnnen in Getr\u00e4nken als Nahrungserg\u00e4nzungsmittel, da es mit 5 bis 7 % eine der h\u00f6chsten Konzentrationen an Vitamin C aufweist.\" \/>\n<meta property=\"og:url\" content=\"https:\/\/candelaorganic.com\/de\/producto\/bio-camu-camu-pulver-2\/\" \/>\n<meta property=\"og:site_name\" content=\"Candela Organic\" \/>\n<meta property=\"article:modified_time\" content=\"2024-07-17T14:35:44+00:00\" \/>\n<meta property=\"og:image\" content=\"https:\/\/candelaorganic.com\/de\/wp-content\/uploads\/sites\/14\/2024\/04\/Polvo-Camu-Camu-cover-product-image.webp\" \/>\n\t<meta property=\"og:image:width\" content=\"1070\" \/>\n\t<meta property=\"og:image:height\" content=\"1080\" \/>\n\t<meta property=\"og:image:type\" content=\"image\/webp\" \/>\n<meta name=\"twitter:card\" content=\"summary_large_image\" \/>\n<meta name=\"twitter:label1\" content=\"Gesch\u00e4tzte Lesezeit\" \/>\n\t<meta name=\"twitter:data1\" content=\"2\u00a0Minuten\" \/>\n<script type=\"application\/ld+json\" class=\"yoast-schema-graph\">{\"@context\":\"https:\/\/schema.org\",\"@graph\":[{\"@type\":\"WebPage\",\"@id\":\"https:\/\/candelaorganic.com\/de\/producto\/bio-camu-camu-pulver-2\/\",\"url\":\"https:\/\/candelaorganic.com\/de\/producto\/bio-camu-camu-pulver-2\/\",\"name\":\"Bio-Camu-Camu-Pulver - Candela Organic\",\"isPartOf\":{\"@id\":\"https:\/\/candelaorganic.com\/de\/#website\"},\"primaryImageOfPage\":{\"@id\":\"https:\/\/candelaorganic.com\/de\/producto\/bio-camu-camu-pulver-2\/#primaryimage\"},\"image\":{\"@id\":\"https:\/\/candelaorganic.com\/de\/producto\/bio-camu-camu-pulver-2\/#primaryimage\"},\"thumbnailUrl\":\"https:\/\/candelaorganic.com\/de\/wp-content\/uploads\/sites\/14\/2024\/04\/Polvo-Camu-Camu-cover-product-image.webp\",\"datePublished\":\"2024-04-04T01:47:56+00:00\",\"dateModified\":\"2024-07-17T14:35:44+00:00\",\"description\":\"Camu-Camu-Fruchtpulver eignet sich ideal zum Verd\u00fcnnen in Getr\u00e4nken als Nahrungserg\u00e4nzungsmittel, da es mit 5 bis 7 % eine der h\u00f6chsten Konzentrationen an Vitamin C aufweist.\",\"breadcrumb\":{\"@id\":\"https:\/\/candelaorganic.com\/de\/producto\/bio-camu-camu-pulver-2\/#breadcrumb\"},\"inLanguage\":\"de\",\"potentialAction\":[{\"@type\":\"ReadAction\",\"target\":[\"https:\/\/candelaorganic.com\/de\/producto\/bio-camu-camu-pulver-2\/\"]}]},{\"@type\":\"ImageObject\",\"inLanguage\":\"de\",\"@id\":\"https:\/\/candelaorganic.com\/de\/producto\/bio-camu-camu-pulver-2\/#primaryimage\",\"url\":\"https:\/\/candelaorganic.com\/de\/wp-content\/uploads\/sites\/14\/2024\/04\/Polvo-Camu-Camu-cover-product-image.webp\",\"contentUrl\":\"https:\/\/candelaorganic.com\/de\/wp-content\/uploads\/sites\/14\/2024\/04\/Polvo-Camu-Camu-cover-product-image.webp\",\"width\":1070,\"height\":1080},{\"@type\":\"BreadcrumbList\",\"@id\":\"https:\/\/candelaorganic.com\/de\/producto\/bio-camu-camu-pulver-2\/#breadcrumb\",\"itemListElement\":[{\"@type\":\"ListItem\",\"position\":1,\"name\":\"Produkte\",\"item\":\"https:\/\/candelaorganic.com\/de\/produkte\/\"},{\"@type\":\"ListItem\",\"position\":2,\"name\":\"Lebensmitteleinzelhandel\",\"item\":\"https:\/\/candelaorganic.com\/de\/tienda\/lebensmittel-einzelhandel\/\"},{\"@type\":\"ListItem\",\"position\":3,\"name\":\"Pulver\",\"item\":\"https:\/\/candelaorganic.com\/de\/tienda\/lebensmittel-einzelhandel\/pulver-einzelhandel\/\"},{\"@type\":\"ListItem\",\"position\":4,\"name\":\"Bio-Camu-Camu-Pulver\"}]},{\"@type\":\"WebSite\",\"@id\":\"https:\/\/candelaorganic.com\/de\/#website\",\"url\":\"https:\/\/candelaorganic.com\/de\/\",\"name\":\"Candela Organic\",\"description\":\"Wir erh\u00f6hen die Lebensmittelstandards\",\"publisher\":{\"@id\":\"https:\/\/candelaorganic.com\/de\/#organization\"},\"potentialAction\":[{\"@type\":\"SearchAction\",\"target\":{\"@type\":\"EntryPoint\",\"urlTemplate\":\"https:\/\/candelaorganic.com\/de\/?s={search_term_string}\"},\"query-input\":{\"@type\":\"PropertyValueSpecification\",\"valueRequired\":true,\"valueName\":\"search_term_string\"}}],\"inLanguage\":\"de\"},{\"@type\":\"Organization\",\"@id\":\"https:\/\/candelaorganic.com\/de\/#organization\",\"name\":\"Candela Organic\",\"url\":\"https:\/\/candelaorganic.com\/de\/\",\"logo\":{\"@type\":\"ImageObject\",\"inLanguage\":\"de\",\"@id\":\"https:\/\/candelaorganic.com\/de\/#\/schema\/logo\/image\/\",\"url\":\"https:\/\/candelaorganic.com\/de\/wp-content\/uploads\/sites\/14\/2024\/04\/Logotype.webp\",\"contentUrl\":\"https:\/\/candelaorganic.com\/de\/wp-content\/uploads\/sites\/14\/2024\/04\/Logotype.webp\",\"width\":256,\"height\":52,\"caption\":\"Candela Organic\"},\"image\":{\"@id\":\"https:\/\/candelaorganic.com\/de\/#\/schema\/logo\/image\/\"}}]}<\/script>\n<!-- \/ Yoast SEO plugin. -->","yoast_head_json":{"title":"Bio-Camu-Camu-Pulver - Candela Organic","description":"Camu-Camu-Fruchtpulver eignet sich ideal zum Verd\u00fcnnen in Getr\u00e4nken als Nahrungserg\u00e4nzungsmittel, da es mit 5 bis 7 % eine der h\u00f6chsten Konzentrationen an Vitamin C aufweist.","robots":{"index":"index","follow":"follow","max-snippet":"max-snippet:-1","max-image-preview":"max-image-preview:large","max-video-preview":"max-video-preview:-1"},"canonical":"https:\/\/candelaorganic.com\/de\/producto\/bio-camu-camu-pulver-2\/","og_locale":"de_DE","og_type":"article","og_title":"Bio-Camu-Camu-Pulver - Candela Organic","og_description":"Camu-Camu-Fruchtpulver eignet sich ideal zum Verd\u00fcnnen in Getr\u00e4nken als Nahrungserg\u00e4nzungsmittel, da es mit 5 bis 7 % eine der h\u00f6chsten Konzentrationen an Vitamin C aufweist.","og_url":"https:\/\/candelaorganic.com\/de\/producto\/bio-camu-camu-pulver-2\/","og_site_name":"Candela Organic","article_modified_time":"2024-07-17T14:35:44+00:00","og_image":[{"width":1070,"height":1080,"url":"https:\/\/candelaorganic.com\/de\/wp-content\/uploads\/sites\/14\/2024\/04\/Polvo-Camu-Camu-cover-product-image.webp","type":"image\/webp"}],"twitter_card":"summary_large_image","twitter_misc":{"Gesch\u00e4tzte Lesezeit":"2\u00a0Minuten"},"schema":{"@context":"https:\/\/schema.org","@graph":[{"@type":"WebPage","@id":"https:\/\/candelaorganic.com\/de\/producto\/bio-camu-camu-pulver-2\/","url":"https:\/\/candelaorganic.com\/de\/producto\/bio-camu-camu-pulver-2\/","name":"Bio-Camu-Camu-Pulver - Candela Organic","isPartOf":{"@id":"https:\/\/candelaorganic.com\/de\/#website"},"primaryImageOfPage":{"@id":"https:\/\/candelaorganic.com\/de\/producto\/bio-camu-camu-pulver-2\/#primaryimage"},"image":{"@id":"https:\/\/candelaorganic.com\/de\/producto\/bio-camu-camu-pulver-2\/#primaryimage"},"thumbnailUrl":"https:\/\/candelaorganic.com\/de\/wp-content\/uploads\/sites\/14\/2024\/04\/Polvo-Camu-Camu-cover-product-image.webp","datePublished":"2024-04-04T01:47:56+00:00","dateModified":"2024-07-17T14:35:44+00:00","description":"Camu-Camu-Fruchtpulver eignet sich ideal zum Verd\u00fcnnen in Getr\u00e4nken als Nahrungserg\u00e4nzungsmittel, da es mit 5 bis 7 % eine der h\u00f6chsten Konzentrationen an Vitamin C aufweist.","breadcrumb":{"@id":"https:\/\/candelaorganic.com\/de\/producto\/bio-camu-camu-pulver-2\/#breadcrumb"},"inLanguage":"de","potentialAction":[{"@type":"ReadAction","target":["https:\/\/candelaorganic.com\/de\/producto\/bio-camu-camu-pulver-2\/"]}]},{"@type":"ImageObject","inLanguage":"de","@id":"https:\/\/candelaorganic.com\/de\/producto\/bio-camu-camu-pulver-2\/#primaryimage","url":"https:\/\/candelaorganic.com\/de\/wp-content\/uploads\/sites\/14\/2024\/04\/Polvo-Camu-Camu-cover-product-image.webp","contentUrl":"https:\/\/candelaorganic.com\/de\/wp-content\/uploads\/sites\/14\/2024\/04\/Polvo-Camu-Camu-cover-product-image.webp","width":1070,"height":1080},{"@type":"BreadcrumbList","@id":"https:\/\/candelaorganic.com\/de\/producto\/bio-camu-camu-pulver-2\/#breadcrumb","itemListElement":[{"@type":"ListItem","position":1,"name":"Produkte","item":"https:\/\/candelaorganic.com\/de\/produkte\/"},{"@type":"ListItem","position":2,"name":"Lebensmitteleinzelhandel","item":"https:\/\/candelaorganic.com\/de\/tienda\/lebensmittel-einzelhandel\/"},{"@type":"ListItem","position":3,"name":"Pulver","item":"https:\/\/candelaorganic.com\/de\/tienda\/lebensmittel-einzelhandel\/pulver-einzelhandel\/"},{"@type":"ListItem","position":4,"name":"Bio-Camu-Camu-Pulver"}]},{"@type":"WebSite","@id":"https:\/\/candelaorganic.com\/de\/#website","url":"https:\/\/candelaorganic.com\/de\/","name":"Candela Organic","description":"Wir erh\u00f6hen die Lebensmittelstandards","publisher":{"@id":"https:\/\/candelaorganic.com\/de\/#organization"},"potentialAction":[{"@type":"SearchAction","target":{"@type":"EntryPoint","urlTemplate":"https:\/\/candelaorganic.com\/de\/?s={search_term_string}"},"query-input":{"@type":"PropertyValueSpecification","valueRequired":true,"valueName":"search_term_string"}}],"inLanguage":"de"},{"@type":"Organization","@id":"https:\/\/candelaorganic.com\/de\/#organization","name":"Candela Organic","url":"https:\/\/candelaorganic.com\/de\/","logo":{"@type":"ImageObject","inLanguage":"de","@id":"https:\/\/candelaorganic.com\/de\/#\/schema\/logo\/image\/","url":"https:\/\/candelaorganic.com\/de\/wp-content\/uploads\/sites\/14\/2024\/04\/Logotype.webp","contentUrl":"https:\/\/candelaorganic.com\/de\/wp-content\/uploads\/sites\/14\/2024\/04\/Logotype.webp","width":256,"height":52,"caption":"Candela Organic"},"image":{"@id":"https:\/\/candelaorganic.com\/de\/#\/schema\/logo\/image\/"}}]}},"_links":{"self":[{"href":"https:\/\/candelaorganic.com\/de\/wp-json\/wp\/v2\/product\/13616"}],"collection":[{"href":"https:\/\/candelaorganic.com\/de\/wp-json\/wp\/v2\/product"}],"about":[{"href":"https:\/\/candelaorganic.com\/de\/wp-json\/wp\/v2\/types\/product"}],"replies":[{"embeddable":true,"href":"https:\/\/candelaorganic.com\/de\/wp-json\/wp\/v2\/comments?post=13616"}],"wp:featuredmedia":[{"embeddable":true,"href":"https:\/\/candelaorganic.com\/de\/wp-json\/wp\/v2\/media\/10882"}],"wp:attachment":[{"href":"https:\/\/candelaorganic.com\/de\/wp-json\/wp\/v2\/media?parent=13616"}],"wp:term":[{"taxonomy":"product_cat","embeddable":true,"href":"https:\/\/candelaorganic.com\/de\/wp-json\/wp\/v2\/product_cat?post=13616"},{"taxonomy":"product_tag","embeddable":true,"href":"https:\/\/candelaorganic.com\/de\/wp-json\/wp\/v2\/product_tag?post=13616"}],"curies":[{"name":"wp","href":"https:\/\/api.w.org\/{rel}","templated":true}]}}