{"id":13613,"date":"2024-04-04T03:39:38","date_gmt":"2024-04-04T01:39:38","guid":{"rendered":"https:\/\/candelaorganic.com\/de\/?post_type=product&#038;p=13613"},"modified":"2026-03-25T16:41:25","modified_gmt":"2026-03-25T15:41:25","slug":"bio-mandel-pulver","status":"publish","type":"product","link":"https:\/\/candelaorganic.com\/de\/producto\/bio-mandel-pulver\/","title":{"rendered":"Bio-Mandel-Pulver"},"content":{"rendered":"<p>Bio-Mandel-Vitalit\u00e4t: F\u00f6rdern Sie Wachstum und Knochengesundheit mit Mandelpulver aus nachhaltigem Anbau, einer reichhaltigen Quelle f\u00fcr essentielles Kalzium und Proteine.<\/p>\n<p>K\u00f6stlich nussiger Genuss: Verwandeln Sie Ihre kulinarischen Kreationen mit Bio-Mandelpulver und verleihen Sie glutenfreien Leckereien, Getr\u00e4nken und gesunden Gen\u00fcssen eine weiche, seidige und nussige Essenz.<\/p>\n<p>&nbsp;<\/p>\n<div class=\"text-wrap\"><strong><span class=\"subtitle\" style=\"color: #f1b434;\">EIGENSCHAFTEN &amp; VORTEILE<\/span><\/strong><\/div>\n<ul>\n<li aria-level=\"1\">N\u00e4hrstoffreiche Mandel-Power: Steigern Sie Ihre Gesundheit mit nachhaltig gewonnenem Mandelpulver, einer nat\u00fcrlichen Quelle essentieller Elemente f\u00fcr das allgemeine Wohlbefinden.<\/li>\n<li aria-level=\"1\">Proteinreiche Wellness: Entdecken Sie die Kraft des Proteingehalts von Mandelpulver, der Muskelkraft und -wachstum unterst\u00fctzt.<\/li>\n<li aria-level=\"1\">Gesunde Fette f\u00fcr das Gleichgewicht: Versorgen Sie Ihren K\u00f6rper mit den wertvollen Fetten in Mandelpulver, die zu einer ausgewogenen Ern\u00e4hrung beitragen.<\/li>\n<li aria-level=\"1\">Darmfreundliches Vergn\u00fcgen: Der Ballaststoffgehalt von Mandelpulver sorgt f\u00fcr eine gesunde und zufriedene Verdauung.<\/li>\n<li aria-level=\"1\">Mineralstoffschub: Erh\u00f6hen Sie die N\u00e4hrstoffzufuhr mit reichlich Kalium, Kalzium und Eisen, die lebenswichtige Funktionen f\u00fcr ein ges\u00fcnderes K\u00f6rpergef\u00fchl unterst\u00fctzen.<\/li>\n<\/ul>\n<div class=\"text-wrap\"><\/div>\n","protected":false},"excerpt":{"rendered":"<div class=\"title\">\n<div class=\"title\">\n<div class=\"title\">\n<div class=\"title\">\n<div class=\"title\"><strong><span class=\"name\" style=\"color: #f1b434;\">\/ PRUNIS DULCIS \/<\/span><\/strong><\/div>\n<p>Mandelpulver ist eine wichtige organische Kalzium- und Eiwei\u00dfquelle, die sich ideal f\u00fcr Wachstum, Knochenbildung und -st\u00e4rkung sowie f\u00fcr die Erhaltung einer gesunden Knochendichte eignet. Es verleiht glutenfreien Backwaren, Geb\u00e4ck und Eiscreme einen weichen, seidigen und nussigen Geschmack. Es ist auch ideal f\u00fcr Getr\u00e4nke, S\u00e4fte und gesunde Shakes.<\/p>\n<\/div>\n<\/div>\n<\/div>\n<\/div>\n","protected":false},"featured_media":10830,"comment_status":"open","ping_status":"closed","template":"","meta":{"editor_notices":[]},"product_cat":[78],"product_tag":[],"yoast_head":"<!-- This site is optimized with the Yoast SEO plugin v23.5 - https:\/\/yoast.com\/wordpress\/plugins\/seo\/ -->\n<title>Bio-Mandel-Pulver - Candela Organic<\/title>\n<meta name=\"description\" content=\"Verbessern Sie das Knochenwachstum und die Gesundheit mit Bio-Mandelpulver, einer reichhaltigen Quelle f\u00fcr Kalzium und essentiellen Proteinen.\" \/>\n<meta name=\"robots\" content=\"index, follow, max-snippet:-1, max-image-preview:large, max-video-preview:-1\" \/>\n<link rel=\"canonical\" href=\"https:\/\/candelaorganic.com\/de\/producto\/bio-mandel-pulver\/\" \/>\n<meta property=\"og:locale\" content=\"de_DE\" \/>\n<meta property=\"og:type\" content=\"article\" \/>\n<meta property=\"og:title\" content=\"Bio-Mandel-Pulver - Candela Organic\" \/>\n<meta property=\"og:description\" content=\"Verbessern Sie das Knochenwachstum und die Gesundheit mit Bio-Mandelpulver, einer reichhaltigen Quelle f\u00fcr Kalzium und essentiellen Proteinen.\" \/>\n<meta property=\"og:url\" content=\"https:\/\/candelaorganic.com\/de\/producto\/bio-mandel-pulver\/\" \/>\n<meta property=\"og:site_name\" content=\"Candela Organic\" \/>\n<meta property=\"article:modified_time\" content=\"2026-03-25T15:41:25+00:00\" \/>\n<meta property=\"og:image\" content=\"https:\/\/candelaorganic.com\/de\/wp-content\/uploads\/sites\/14\/2024\/04\/Polvo-Alamendra-cover-product-image.webp\" \/>\n\t<meta property=\"og:image:width\" content=\"1070\" \/>\n\t<meta property=\"og:image:height\" content=\"1080\" \/>\n\t<meta property=\"og:image:type\" content=\"image\/webp\" \/>\n<meta name=\"twitter:card\" content=\"summary_large_image\" \/>\n<meta name=\"twitter:label1\" content=\"Gesch\u00e4tzte Lesezeit\" \/>\n\t<meta name=\"twitter:data1\" content=\"1\u00a0Minute\" \/>\n<script type=\"application\/ld+json\" class=\"yoast-schema-graph\">{\"@context\":\"https:\/\/schema.org\",\"@graph\":[{\"@type\":\"WebPage\",\"@id\":\"https:\/\/candelaorganic.com\/de\/producto\/bio-mandel-pulver\/\",\"url\":\"https:\/\/candelaorganic.com\/de\/producto\/bio-mandel-pulver\/\",\"name\":\"Bio-Mandel-Pulver - Candela Organic\",\"isPartOf\":{\"@id\":\"https:\/\/candelaorganic.com\/de\/#website\"},\"primaryImageOfPage\":{\"@id\":\"https:\/\/candelaorganic.com\/de\/producto\/bio-mandel-pulver\/#primaryimage\"},\"image\":{\"@id\":\"https:\/\/candelaorganic.com\/de\/producto\/bio-mandel-pulver\/#primaryimage\"},\"thumbnailUrl\":\"https:\/\/candelaorganic.com\/de\/wp-content\/uploads\/sites\/14\/2024\/04\/Polvo-Alamendra-cover-product-image.webp\",\"datePublished\":\"2024-04-04T01:39:38+00:00\",\"dateModified\":\"2026-03-25T15:41:25+00:00\",\"description\":\"Verbessern Sie das Knochenwachstum und die Gesundheit mit Bio-Mandelpulver, einer reichhaltigen Quelle f\u00fcr Kalzium und essentiellen Proteinen.\",\"breadcrumb\":{\"@id\":\"https:\/\/candelaorganic.com\/de\/producto\/bio-mandel-pulver\/#breadcrumb\"},\"inLanguage\":\"de\",\"potentialAction\":[{\"@type\":\"ReadAction\",\"target\":[\"https:\/\/candelaorganic.com\/de\/producto\/bio-mandel-pulver\/\"]}]},{\"@type\":\"ImageObject\",\"inLanguage\":\"de\",\"@id\":\"https:\/\/candelaorganic.com\/de\/producto\/bio-mandel-pulver\/#primaryimage\",\"url\":\"https:\/\/candelaorganic.com\/de\/wp-content\/uploads\/sites\/14\/2024\/04\/Polvo-Alamendra-cover-product-image.webp\",\"contentUrl\":\"https:\/\/candelaorganic.com\/de\/wp-content\/uploads\/sites\/14\/2024\/04\/Polvo-Alamendra-cover-product-image.webp\",\"width\":1070,\"height\":1080},{\"@type\":\"BreadcrumbList\",\"@id\":\"https:\/\/candelaorganic.com\/de\/producto\/bio-mandel-pulver\/#breadcrumb\",\"itemListElement\":[{\"@type\":\"ListItem\",\"position\":1,\"name\":\"Produkte\",\"item\":\"https:\/\/candelaorganic.com\/de\/produkte\/\"},{\"@type\":\"ListItem\",\"position\":2,\"name\":\"Lebensmitteleinzelhandel\",\"item\":\"https:\/\/candelaorganic.com\/de\/tienda\/lebensmittel-einzelhandel\/\"},{\"@type\":\"ListItem\",\"position\":3,\"name\":\"Pulver\",\"item\":\"https:\/\/candelaorganic.com\/de\/tienda\/lebensmittel-einzelhandel\/pulver-einzelhandel\/\"},{\"@type\":\"ListItem\",\"position\":4,\"name\":\"Bio-Mandel-Pulver\"}]},{\"@type\":\"WebSite\",\"@id\":\"https:\/\/candelaorganic.com\/de\/#website\",\"url\":\"https:\/\/candelaorganic.com\/de\/\",\"name\":\"Candela Organic\",\"description\":\"Wir erh\u00f6hen die Lebensmittelstandards\",\"publisher\":{\"@id\":\"https:\/\/candelaorganic.com\/de\/#organization\"},\"potentialAction\":[{\"@type\":\"SearchAction\",\"target\":{\"@type\":\"EntryPoint\",\"urlTemplate\":\"https:\/\/candelaorganic.com\/de\/?s={search_term_string}\"},\"query-input\":{\"@type\":\"PropertyValueSpecification\",\"valueRequired\":true,\"valueName\":\"search_term_string\"}}],\"inLanguage\":\"de\"},{\"@type\":\"Organization\",\"@id\":\"https:\/\/candelaorganic.com\/de\/#organization\",\"name\":\"Candela Organic\",\"url\":\"https:\/\/candelaorganic.com\/de\/\",\"logo\":{\"@type\":\"ImageObject\",\"inLanguage\":\"de\",\"@id\":\"https:\/\/candelaorganic.com\/de\/#\/schema\/logo\/image\/\",\"url\":\"https:\/\/candelaorganic.com\/de\/wp-content\/uploads\/sites\/14\/2024\/04\/Logotype.webp\",\"contentUrl\":\"https:\/\/candelaorganic.com\/de\/wp-content\/uploads\/sites\/14\/2024\/04\/Logotype.webp\",\"width\":256,\"height\":52,\"caption\":\"Candela Organic\"},\"image\":{\"@id\":\"https:\/\/candelaorganic.com\/de\/#\/schema\/logo\/image\/\"}}]}<\/script>\n<!-- \/ Yoast SEO plugin. -->","yoast_head_json":{"title":"Bio-Mandel-Pulver - Candela Organic","description":"Verbessern Sie das Knochenwachstum und die Gesundheit mit Bio-Mandelpulver, einer reichhaltigen Quelle f\u00fcr Kalzium und essentiellen Proteinen.","robots":{"index":"index","follow":"follow","max-snippet":"max-snippet:-1","max-image-preview":"max-image-preview:large","max-video-preview":"max-video-preview:-1"},"canonical":"https:\/\/candelaorganic.com\/de\/producto\/bio-mandel-pulver\/","og_locale":"de_DE","og_type":"article","og_title":"Bio-Mandel-Pulver - Candela Organic","og_description":"Verbessern Sie das Knochenwachstum und die Gesundheit mit Bio-Mandelpulver, einer reichhaltigen Quelle f\u00fcr Kalzium und essentiellen Proteinen.","og_url":"https:\/\/candelaorganic.com\/de\/producto\/bio-mandel-pulver\/","og_site_name":"Candela Organic","article_modified_time":"2026-03-25T15:41:25+00:00","og_image":[{"width":1070,"height":1080,"url":"https:\/\/candelaorganic.com\/de\/wp-content\/uploads\/sites\/14\/2024\/04\/Polvo-Alamendra-cover-product-image.webp","type":"image\/webp"}],"twitter_card":"summary_large_image","twitter_misc":{"Gesch\u00e4tzte Lesezeit":"1\u00a0Minute"},"schema":{"@context":"https:\/\/schema.org","@graph":[{"@type":"WebPage","@id":"https:\/\/candelaorganic.com\/de\/producto\/bio-mandel-pulver\/","url":"https:\/\/candelaorganic.com\/de\/producto\/bio-mandel-pulver\/","name":"Bio-Mandel-Pulver - Candela Organic","isPartOf":{"@id":"https:\/\/candelaorganic.com\/de\/#website"},"primaryImageOfPage":{"@id":"https:\/\/candelaorganic.com\/de\/producto\/bio-mandel-pulver\/#primaryimage"},"image":{"@id":"https:\/\/candelaorganic.com\/de\/producto\/bio-mandel-pulver\/#primaryimage"},"thumbnailUrl":"https:\/\/candelaorganic.com\/de\/wp-content\/uploads\/sites\/14\/2024\/04\/Polvo-Alamendra-cover-product-image.webp","datePublished":"2024-04-04T01:39:38+00:00","dateModified":"2026-03-25T15:41:25+00:00","description":"Verbessern Sie das Knochenwachstum und die Gesundheit mit Bio-Mandelpulver, einer reichhaltigen Quelle f\u00fcr Kalzium und essentiellen Proteinen.","breadcrumb":{"@id":"https:\/\/candelaorganic.com\/de\/producto\/bio-mandel-pulver\/#breadcrumb"},"inLanguage":"de","potentialAction":[{"@type":"ReadAction","target":["https:\/\/candelaorganic.com\/de\/producto\/bio-mandel-pulver\/"]}]},{"@type":"ImageObject","inLanguage":"de","@id":"https:\/\/candelaorganic.com\/de\/producto\/bio-mandel-pulver\/#primaryimage","url":"https:\/\/candelaorganic.com\/de\/wp-content\/uploads\/sites\/14\/2024\/04\/Polvo-Alamendra-cover-product-image.webp","contentUrl":"https:\/\/candelaorganic.com\/de\/wp-content\/uploads\/sites\/14\/2024\/04\/Polvo-Alamendra-cover-product-image.webp","width":1070,"height":1080},{"@type":"BreadcrumbList","@id":"https:\/\/candelaorganic.com\/de\/producto\/bio-mandel-pulver\/#breadcrumb","itemListElement":[{"@type":"ListItem","position":1,"name":"Produkte","item":"https:\/\/candelaorganic.com\/de\/produkte\/"},{"@type":"ListItem","position":2,"name":"Lebensmitteleinzelhandel","item":"https:\/\/candelaorganic.com\/de\/tienda\/lebensmittel-einzelhandel\/"},{"@type":"ListItem","position":3,"name":"Pulver","item":"https:\/\/candelaorganic.com\/de\/tienda\/lebensmittel-einzelhandel\/pulver-einzelhandel\/"},{"@type":"ListItem","position":4,"name":"Bio-Mandel-Pulver"}]},{"@type":"WebSite","@id":"https:\/\/candelaorganic.com\/de\/#website","url":"https:\/\/candelaorganic.com\/de\/","name":"Candela Organic","description":"Wir erh\u00f6hen die Lebensmittelstandards","publisher":{"@id":"https:\/\/candelaorganic.com\/de\/#organization"},"potentialAction":[{"@type":"SearchAction","target":{"@type":"EntryPoint","urlTemplate":"https:\/\/candelaorganic.com\/de\/?s={search_term_string}"},"query-input":{"@type":"PropertyValueSpecification","valueRequired":true,"valueName":"search_term_string"}}],"inLanguage":"de"},{"@type":"Organization","@id":"https:\/\/candelaorganic.com\/de\/#organization","name":"Candela Organic","url":"https:\/\/candelaorganic.com\/de\/","logo":{"@type":"ImageObject","inLanguage":"de","@id":"https:\/\/candelaorganic.com\/de\/#\/schema\/logo\/image\/","url":"https:\/\/candelaorganic.com\/de\/wp-content\/uploads\/sites\/14\/2024\/04\/Logotype.webp","contentUrl":"https:\/\/candelaorganic.com\/de\/wp-content\/uploads\/sites\/14\/2024\/04\/Logotype.webp","width":256,"height":52,"caption":"Candela Organic"},"image":{"@id":"https:\/\/candelaorganic.com\/de\/#\/schema\/logo\/image\/"}}]}},"_links":{"self":[{"href":"https:\/\/candelaorganic.com\/de\/wp-json\/wp\/v2\/product\/13613"}],"collection":[{"href":"https:\/\/candelaorganic.com\/de\/wp-json\/wp\/v2\/product"}],"about":[{"href":"https:\/\/candelaorganic.com\/de\/wp-json\/wp\/v2\/types\/product"}],"replies":[{"embeddable":true,"href":"https:\/\/candelaorganic.com\/de\/wp-json\/wp\/v2\/comments?post=13613"}],"wp:featuredmedia":[{"embeddable":true,"href":"https:\/\/candelaorganic.com\/de\/wp-json\/wp\/v2\/media\/10830"}],"wp:attachment":[{"href":"https:\/\/candelaorganic.com\/de\/wp-json\/wp\/v2\/media?parent=13613"}],"wp:term":[{"taxonomy":"product_cat","embeddable":true,"href":"https:\/\/candelaorganic.com\/de\/wp-json\/wp\/v2\/product_cat?post=13613"},{"taxonomy":"product_tag","embeddable":true,"href":"https:\/\/candelaorganic.com\/de\/wp-json\/wp\/v2\/product_tag?post=13613"}],"curies":[{"name":"wp","href":"https:\/\/api.w.org\/{rel}","templated":true}]}}