{"id":13609,"date":"2024-04-04T03:31:29","date_gmt":"2024-04-04T01:31:29","guid":{"rendered":"https:\/\/candelaorganic.com\/de\/?post_type=product&#038;p=13609"},"modified":"2025-08-19T17:19:16","modified_gmt":"2025-08-19T15:19:16","slug":"bio-kakao-pulver","status":"publish","type":"product","link":"https:\/\/candelaorganic.com\/de\/producto\/bio-kakao-pulver\/","title":{"rendered":"Bio-Kakao-Pulver"},"content":{"rendered":"<p>Erleben Sie die Vorz\u00fcglichkeit unseres Bio-Kakaopulvers (22-24%) \u2013 gewonnen aus Theobroma cacao, einer etymologischen Mischung aus den griechischen W\u00f6rtern \u201etheo\u201c (Gott) und \u201ebroma\u201c (Nahrung) \u2013 bekannt f\u00fcr seinen Reichtum an Flavonoiden, starken Antioxidantien und Magnesium. Dieses au\u00dfergew\u00f6hnliche Pulver tr\u00e4gt nicht nur zur Regulierung des Cholesterinspiegels und zu einem nachhaltigen Energieschub bei, sondern verleiht auch Geb\u00e4ck, Eiscreme und einer Vielzahl von Desserts einen k\u00f6stlichen Geschmack. Es ist wahrlich eine g\u00f6ttliche kulinarische Essenz.<\/p>\n<p>Das Kakaopulver enth\u00e4lt \u00fcber 30 antioxidative Verbindungen, darunter Flavonoide wie Quercetin, Rutin und Catechine sowie n\u00fctzliche S\u00e4uren wie Kaffees\u00e4ure, Vitamin C (Ascorbins\u00e4ure) und Ferulas\u00e4ure, au\u00dferdem Koffein und Vitexin. Das harmonische Zusammenspiel dieser Komponenten macht ihn zu einem der antioxidativsten Lebensmittel, die es gibt, und st\u00e4rkt die Zellen gegen den nat\u00fcrlichen Alterungsprozess, indem es sie vor intrinsischen Sch\u00e4den sch\u00fctzt.<\/p>\n<p>&nbsp;<\/p>\n<div class=\"text-wrap\"><strong><span class=\"subtitle\" style=\"color: #f1b434;\">EIGENSCHAFTEN &amp; VORTEILE<\/span><\/strong><\/div>\n<ul>\n<li aria-level=\"1\">N\u00e4hrstoffreiches Kakaopulver: Vitamine der Gruppe B, Vitamin A, Vitamin E und Mineralien f\u00fcr Vitalit\u00e4t.<\/li>\n<li aria-level=\"1\">Vielf\u00e4ltige Mineralienquelle: Kalium, Phosphor, Eisen, Magnesium und mehr in unserem Kakaopulver.<\/li>\n<li aria-level=\"1\">Nat\u00fcrliches Stimulans: Mit Theobromin angereichertes Kakaopulver f\u00fcr eine erh\u00f6hte Aktivit\u00e4t des Nervensystems.<\/li>\n<li aria-level=\"1\">Euphorischer Genuss: Das Phenylethylamin in unserem Kakao f\u00f6rdert Wohlbefinden und Gl\u00fcck.<\/li>\n<li aria-level=\"1\">Die antidepressive Essenz der Schokolade: Erleben Sie Freude mit unserem stimmungsaufhellenden Kakaopulver.<\/li>\n<\/ul>\n<div class=\"text-wrap\">\n<div class=\"text-wrap\"><\/div>\n<\/div>\n","protected":false},"excerpt":{"rendered":"<div class=\"title\">\n<div class=\"title\">\n<div class=\"title\">\n<div class=\"title\">\n<div class=\"title\"><strong><span class=\"name\" style=\"color: #f1b434;\">\/ THEOBROMA CACAO POWDER \/<\/span><\/strong><\/div>\n<p>Die Gew\u00e4hrleistung der Nachhaltigkeit in der gesamten Kakao-Wertsch\u00f6pfungskette ist entscheidend f\u00fcr die Herstellung von hochwertigem Kakaopulver. Dieses Engagement f\u00fcr Nachhaltigkeit zeigt sich in der au\u00dfergew\u00f6hnlichen Zusammensetzung unseres Kakaos, der \u00fcber 30 antioxidative Verbindungen wie Flavonoide enth\u00e4lt. Dar\u00fcber hinaus ist er eine nat\u00fcrliche Quelle f\u00fcr wichtige N\u00e4hrstoffe wie Vitamine der B-Gruppe, Vitamin A und Vitamin E. Unser Kakaopulver bereichert Ihre Ern\u00e4hrung auch mit einer Reihe von Mineralien, darunter Kalium, Phosphor, Eisen, Natrium, Magnesium, Kalzium, Kupfer, Mangan, Zink und Selen.<\/p>\n<\/div>\n<\/div>\n<\/div>\n<\/div>\n","protected":false},"featured_media":10855,"comment_status":"open","ping_status":"closed","template":"","meta":{"editor_notices":[]},"product_cat":[78],"product_tag":[],"yoast_head":"<!-- This site is optimized with the Yoast SEO plugin v23.5 - https:\/\/yoast.com\/wordpress\/plugins\/seo\/ -->\n<title>Bio-Kakao-Pulver - Candela Organic<\/title>\n<meta name=\"description\" content=\"Dieses au\u00dfergew\u00f6hnliche Pulver hilft nicht nur, den Cholesterinspiegel zu regulieren und die Energie langfristig zu steigern, sondern sorgt auch f\u00fcr einen k\u00f6stlichen Geschmack.\" \/>\n<meta name=\"robots\" content=\"index, follow, max-snippet:-1, max-image-preview:large, max-video-preview:-1\" \/>\n<link rel=\"canonical\" href=\"https:\/\/candelaorganic.com\/de\/producto\/bio-kakao-pulver\/\" \/>\n<meta property=\"og:locale\" content=\"de_DE\" \/>\n<meta property=\"og:type\" content=\"article\" \/>\n<meta property=\"og:title\" content=\"Bio-Kakao-Pulver - Candela Organic\" \/>\n<meta property=\"og:description\" content=\"Dieses au\u00dfergew\u00f6hnliche Pulver hilft nicht nur, den Cholesterinspiegel zu regulieren und die Energie langfristig zu steigern, sondern sorgt auch f\u00fcr einen k\u00f6stlichen Geschmack.\" \/>\n<meta property=\"og:url\" content=\"https:\/\/candelaorganic.com\/de\/producto\/bio-kakao-pulver\/\" \/>\n<meta property=\"og:site_name\" content=\"Candela Organic\" \/>\n<meta property=\"article:modified_time\" content=\"2025-08-19T15:19:16+00:00\" \/>\n<meta property=\"og:image\" content=\"https:\/\/candelaorganic.com\/de\/wp-content\/uploads\/sites\/14\/2024\/04\/Polvo-Cacao-cover-product-image.webp\" \/>\n\t<meta property=\"og:image:width\" content=\"1070\" \/>\n\t<meta property=\"og:image:height\" content=\"1080\" \/>\n\t<meta property=\"og:image:type\" content=\"image\/webp\" \/>\n<meta name=\"twitter:card\" content=\"summary_large_image\" \/>\n<meta name=\"twitter:label1\" content=\"Gesch\u00e4tzte Lesezeit\" \/>\n\t<meta name=\"twitter:data1\" content=\"2\u00a0Minuten\" \/>\n<script type=\"application\/ld+json\" class=\"yoast-schema-graph\">{\"@context\":\"https:\/\/schema.org\",\"@graph\":[{\"@type\":\"WebPage\",\"@id\":\"https:\/\/candelaorganic.com\/de\/producto\/bio-kakao-pulver\/\",\"url\":\"https:\/\/candelaorganic.com\/de\/producto\/bio-kakao-pulver\/\",\"name\":\"Bio-Kakao-Pulver - Candela Organic\",\"isPartOf\":{\"@id\":\"https:\/\/candelaorganic.com\/de\/#website\"},\"primaryImageOfPage\":{\"@id\":\"https:\/\/candelaorganic.com\/de\/producto\/bio-kakao-pulver\/#primaryimage\"},\"image\":{\"@id\":\"https:\/\/candelaorganic.com\/de\/producto\/bio-kakao-pulver\/#primaryimage\"},\"thumbnailUrl\":\"https:\/\/candelaorganic.com\/de\/wp-content\/uploads\/sites\/14\/2024\/04\/Polvo-Cacao-cover-product-image.webp\",\"datePublished\":\"2024-04-04T01:31:29+00:00\",\"dateModified\":\"2025-08-19T15:19:16+00:00\",\"description\":\"Dieses au\u00dfergew\u00f6hnliche Pulver hilft nicht nur, den Cholesterinspiegel zu regulieren und die Energie langfristig zu steigern, sondern sorgt auch f\u00fcr einen k\u00f6stlichen Geschmack.\",\"breadcrumb\":{\"@id\":\"https:\/\/candelaorganic.com\/de\/producto\/bio-kakao-pulver\/#breadcrumb\"},\"inLanguage\":\"de\",\"potentialAction\":[{\"@type\":\"ReadAction\",\"target\":[\"https:\/\/candelaorganic.com\/de\/producto\/bio-kakao-pulver\/\"]}]},{\"@type\":\"ImageObject\",\"inLanguage\":\"de\",\"@id\":\"https:\/\/candelaorganic.com\/de\/producto\/bio-kakao-pulver\/#primaryimage\",\"url\":\"https:\/\/candelaorganic.com\/de\/wp-content\/uploads\/sites\/14\/2024\/04\/Polvo-Cacao-cover-product-image.webp\",\"contentUrl\":\"https:\/\/candelaorganic.com\/de\/wp-content\/uploads\/sites\/14\/2024\/04\/Polvo-Cacao-cover-product-image.webp\",\"width\":1070,\"height\":1080},{\"@type\":\"BreadcrumbList\",\"@id\":\"https:\/\/candelaorganic.com\/de\/producto\/bio-kakao-pulver\/#breadcrumb\",\"itemListElement\":[{\"@type\":\"ListItem\",\"position\":1,\"name\":\"Produkte\",\"item\":\"https:\/\/candelaorganic.com\/de\/produkte\/\"},{\"@type\":\"ListItem\",\"position\":2,\"name\":\"Lebensmitteleinzelhandel\",\"item\":\"https:\/\/candelaorganic.com\/de\/tienda\/lebensmittel-einzelhandel\/\"},{\"@type\":\"ListItem\",\"position\":3,\"name\":\"Pulver\",\"item\":\"https:\/\/candelaorganic.com\/de\/tienda\/lebensmittel-einzelhandel\/pulver-einzelhandel\/\"},{\"@type\":\"ListItem\",\"position\":4,\"name\":\"Bio-Kakao-Pulver\"}]},{\"@type\":\"WebSite\",\"@id\":\"https:\/\/candelaorganic.com\/de\/#website\",\"url\":\"https:\/\/candelaorganic.com\/de\/\",\"name\":\"Candela Organic\",\"description\":\"Wir erh\u00f6hen die Lebensmittelstandards\",\"publisher\":{\"@id\":\"https:\/\/candelaorganic.com\/de\/#organization\"},\"potentialAction\":[{\"@type\":\"SearchAction\",\"target\":{\"@type\":\"EntryPoint\",\"urlTemplate\":\"https:\/\/candelaorganic.com\/de\/?s={search_term_string}\"},\"query-input\":{\"@type\":\"PropertyValueSpecification\",\"valueRequired\":true,\"valueName\":\"search_term_string\"}}],\"inLanguage\":\"de\"},{\"@type\":\"Organization\",\"@id\":\"https:\/\/candelaorganic.com\/de\/#organization\",\"name\":\"Candela Organic\",\"url\":\"https:\/\/candelaorganic.com\/de\/\",\"logo\":{\"@type\":\"ImageObject\",\"inLanguage\":\"de\",\"@id\":\"https:\/\/candelaorganic.com\/de\/#\/schema\/logo\/image\/\",\"url\":\"https:\/\/candelaorganic.com\/de\/wp-content\/uploads\/sites\/14\/2024\/04\/Logotype.webp\",\"contentUrl\":\"https:\/\/candelaorganic.com\/de\/wp-content\/uploads\/sites\/14\/2024\/04\/Logotype.webp\",\"width\":256,\"height\":52,\"caption\":\"Candela Organic\"},\"image\":{\"@id\":\"https:\/\/candelaorganic.com\/de\/#\/schema\/logo\/image\/\"}}]}<\/script>\n<!-- \/ Yoast SEO plugin. -->","yoast_head_json":{"title":"Bio-Kakao-Pulver - Candela Organic","description":"Dieses au\u00dfergew\u00f6hnliche Pulver hilft nicht nur, den Cholesterinspiegel zu regulieren und die Energie langfristig zu steigern, sondern sorgt auch f\u00fcr einen k\u00f6stlichen Geschmack.","robots":{"index":"index","follow":"follow","max-snippet":"max-snippet:-1","max-image-preview":"max-image-preview:large","max-video-preview":"max-video-preview:-1"},"canonical":"https:\/\/candelaorganic.com\/de\/producto\/bio-kakao-pulver\/","og_locale":"de_DE","og_type":"article","og_title":"Bio-Kakao-Pulver - Candela Organic","og_description":"Dieses au\u00dfergew\u00f6hnliche Pulver hilft nicht nur, den Cholesterinspiegel zu regulieren und die Energie langfristig zu steigern, sondern sorgt auch f\u00fcr einen k\u00f6stlichen Geschmack.","og_url":"https:\/\/candelaorganic.com\/de\/producto\/bio-kakao-pulver\/","og_site_name":"Candela Organic","article_modified_time":"2025-08-19T15:19:16+00:00","og_image":[{"width":1070,"height":1080,"url":"https:\/\/candelaorganic.com\/de\/wp-content\/uploads\/sites\/14\/2024\/04\/Polvo-Cacao-cover-product-image.webp","type":"image\/webp"}],"twitter_card":"summary_large_image","twitter_misc":{"Gesch\u00e4tzte Lesezeit":"2\u00a0Minuten"},"schema":{"@context":"https:\/\/schema.org","@graph":[{"@type":"WebPage","@id":"https:\/\/candelaorganic.com\/de\/producto\/bio-kakao-pulver\/","url":"https:\/\/candelaorganic.com\/de\/producto\/bio-kakao-pulver\/","name":"Bio-Kakao-Pulver - Candela Organic","isPartOf":{"@id":"https:\/\/candelaorganic.com\/de\/#website"},"primaryImageOfPage":{"@id":"https:\/\/candelaorganic.com\/de\/producto\/bio-kakao-pulver\/#primaryimage"},"image":{"@id":"https:\/\/candelaorganic.com\/de\/producto\/bio-kakao-pulver\/#primaryimage"},"thumbnailUrl":"https:\/\/candelaorganic.com\/de\/wp-content\/uploads\/sites\/14\/2024\/04\/Polvo-Cacao-cover-product-image.webp","datePublished":"2024-04-04T01:31:29+00:00","dateModified":"2025-08-19T15:19:16+00:00","description":"Dieses au\u00dfergew\u00f6hnliche Pulver hilft nicht nur, den Cholesterinspiegel zu regulieren und die Energie langfristig zu steigern, sondern sorgt auch f\u00fcr einen k\u00f6stlichen Geschmack.","breadcrumb":{"@id":"https:\/\/candelaorganic.com\/de\/producto\/bio-kakao-pulver\/#breadcrumb"},"inLanguage":"de","potentialAction":[{"@type":"ReadAction","target":["https:\/\/candelaorganic.com\/de\/producto\/bio-kakao-pulver\/"]}]},{"@type":"ImageObject","inLanguage":"de","@id":"https:\/\/candelaorganic.com\/de\/producto\/bio-kakao-pulver\/#primaryimage","url":"https:\/\/candelaorganic.com\/de\/wp-content\/uploads\/sites\/14\/2024\/04\/Polvo-Cacao-cover-product-image.webp","contentUrl":"https:\/\/candelaorganic.com\/de\/wp-content\/uploads\/sites\/14\/2024\/04\/Polvo-Cacao-cover-product-image.webp","width":1070,"height":1080},{"@type":"BreadcrumbList","@id":"https:\/\/candelaorganic.com\/de\/producto\/bio-kakao-pulver\/#breadcrumb","itemListElement":[{"@type":"ListItem","position":1,"name":"Produkte","item":"https:\/\/candelaorganic.com\/de\/produkte\/"},{"@type":"ListItem","position":2,"name":"Lebensmitteleinzelhandel","item":"https:\/\/candelaorganic.com\/de\/tienda\/lebensmittel-einzelhandel\/"},{"@type":"ListItem","position":3,"name":"Pulver","item":"https:\/\/candelaorganic.com\/de\/tienda\/lebensmittel-einzelhandel\/pulver-einzelhandel\/"},{"@type":"ListItem","position":4,"name":"Bio-Kakao-Pulver"}]},{"@type":"WebSite","@id":"https:\/\/candelaorganic.com\/de\/#website","url":"https:\/\/candelaorganic.com\/de\/","name":"Candela Organic","description":"Wir erh\u00f6hen die Lebensmittelstandards","publisher":{"@id":"https:\/\/candelaorganic.com\/de\/#organization"},"potentialAction":[{"@type":"SearchAction","target":{"@type":"EntryPoint","urlTemplate":"https:\/\/candelaorganic.com\/de\/?s={search_term_string}"},"query-input":{"@type":"PropertyValueSpecification","valueRequired":true,"valueName":"search_term_string"}}],"inLanguage":"de"},{"@type":"Organization","@id":"https:\/\/candelaorganic.com\/de\/#organization","name":"Candela Organic","url":"https:\/\/candelaorganic.com\/de\/","logo":{"@type":"ImageObject","inLanguage":"de","@id":"https:\/\/candelaorganic.com\/de\/#\/schema\/logo\/image\/","url":"https:\/\/candelaorganic.com\/de\/wp-content\/uploads\/sites\/14\/2024\/04\/Logotype.webp","contentUrl":"https:\/\/candelaorganic.com\/de\/wp-content\/uploads\/sites\/14\/2024\/04\/Logotype.webp","width":256,"height":52,"caption":"Candela Organic"},"image":{"@id":"https:\/\/candelaorganic.com\/de\/#\/schema\/logo\/image\/"}}]}},"_links":{"self":[{"href":"https:\/\/candelaorganic.com\/de\/wp-json\/wp\/v2\/product\/13609"}],"collection":[{"href":"https:\/\/candelaorganic.com\/de\/wp-json\/wp\/v2\/product"}],"about":[{"href":"https:\/\/candelaorganic.com\/de\/wp-json\/wp\/v2\/types\/product"}],"replies":[{"embeddable":true,"href":"https:\/\/candelaorganic.com\/de\/wp-json\/wp\/v2\/comments?post=13609"}],"wp:featuredmedia":[{"embeddable":true,"href":"https:\/\/candelaorganic.com\/de\/wp-json\/wp\/v2\/media\/10855"}],"wp:attachment":[{"href":"https:\/\/candelaorganic.com\/de\/wp-json\/wp\/v2\/media?parent=13609"}],"wp:term":[{"taxonomy":"product_cat","embeddable":true,"href":"https:\/\/candelaorganic.com\/de\/wp-json\/wp\/v2\/product_cat?post=13609"},{"taxonomy":"product_tag","embeddable":true,"href":"https:\/\/candelaorganic.com\/de\/wp-json\/wp\/v2\/product_tag?post=13609"}],"curies":[{"name":"wp","href":"https:\/\/api.w.org\/{rel}","templated":true}]}}