{"id":13601,"date":"2024-04-04T03:22:51","date_gmt":"2024-04-04T01:22:51","guid":{"rendered":"https:\/\/candelaorganic.com\/de\/?post_type=product&#038;p=13601"},"modified":"2025-02-06T06:14:21","modified_gmt":"2025-02-06T05:14:21","slug":"sacha-inchi-pulver","status":"publish","type":"product","link":"https:\/\/candelaorganic.com\/de\/producto\/sacha-inchi-pulver\/","title":{"rendered":"Sacha-Inchi-Pulver"},"content":{"rendered":"<p>Angereichert mit guten pflanzlichen Inhaltsstoffen, unterst\u00fctzt es die Vitalit\u00e4t Ihres K\u00f6rpers und deckt Ihren N\u00e4hrstoffbedarf. Entfesseln Sie die Kraft dieses organischen Schatzes und erleben Sie die Vitalit\u00e4t, die er Ihnen bringt, indem Sie einen Weg des Wohlbefindens beschreiten, der sowohl nat\u00fcrlich als auch nahrhaft ist. Steigern Sie Ihre Gesundheit mit jedem L\u00f6ffel Sacha Inchi Bio-Pulver, einem Zeugnis der Harmonie zwischen Natur und Ern\u00e4hrung.<\/p>\n<p>&nbsp;<\/p>\n<div class=\"text-wrap\"><strong><span class=\"subtitle\" style=\"color: #f1b434;\">EIGENSCHAFTEN UND VORTEILE<\/span><\/strong><\/div>\n<ul>\n<li aria-level=\"1\">Ganzheitliches Wohlbefinden: Begeben Sie sich auf eine Reise des ganzheitlichen Wohlbefindens mit Sacha Inchi Bio-Pulver, das aus nachhaltiger Produktion stammt und mit essentiellen N\u00e4hrstoffen angereichert ist.<\/li>\n<li aria-level=\"1\">Die Gabe der Natur: Nutzen Sie das bemerkenswerte Potenzial der Natur mit Sacha Inchi Bio-Pulver, einer Quelle der Gesundheit und Nachhaltigkeit.<\/li>\n<li aria-level=\"1\">Vielseitige Vitalit\u00e4t: Erh\u00f6hen Sie Ihre Wellness-Reise mit Sacha Inchi Bio-Pulver, einer vielseitigen Erg\u00e4nzung, die die Vitalit\u00e4t und den N\u00e4hrstoffbedarf Ihres K\u00f6rpers unterst\u00fctzt.<\/li>\n<li aria-level=\"1\">Ern\u00e4hrung auf Pflanzenbasis: Mit dem Sacha Inchi Bio-Pulver k\u00f6nnen Sie sich auf pflanzlicher Basis ern\u00e4hren und Ihr Wohlbefinden auf nat\u00fcrliche Weise steigern.<\/li>\n<li aria-level=\"1\">Organische Vitalit\u00e4t: Entfesseln Sie die Vitalit\u00e4t von Sacha Inchi Bio-Pulver und erleben Sie die harmonische Mischung aus Natur und Ern\u00e4hrung, die Ihre Gesundheit und Ihr Wohlbefinden mit jedem Messl\u00f6ffel steigert.<\/li>\n<\/ul>\n","protected":false},"excerpt":{"rendered":"<div class=\"title\">\n<div class=\"title\">\n<div class=\"title\">\n<div class=\"title\">\n<div class=\"title\"><strong><span class=\"name\" style=\"color: #f1b434;\">\/ PLUKENETIA VOLUBILIS \/<\/span><\/strong><\/div>\n<p>Discover the extraordinary potential of Sacha Inchi Organic Powder, a true embodiment of holistic well-being. Sourced from nature\u2019s bounty, this remarkable powder encapsulates the essence of health and sustainability. Packed with essential nutrients, Sacha Inchi Organic Powder offers a versatile addition to your wellness journey.<\/p>\n<\/div>\n<\/div>\n<\/div>\n<\/div>\n","protected":false},"featured_media":11016,"comment_status":"open","ping_status":"closed","template":"","meta":{"editor_notices":[]},"product_cat":[78],"product_tag":[],"yoast_head":"<!-- This site is optimized with the Yoast SEO plugin v23.5 - https:\/\/yoast.com\/wordpress\/plugins\/seo\/ -->\n<title>Sacha-Inchi-Pulver - Candela Organic<\/title>\n<meta name=\"description\" content=\"Angereichert mit wertvollen pflanzlichen Inhaltsstoffen f\u00f6rdert es die Vitalit\u00e4t Ihres K\u00f6rpers und befriedigt Ihre N\u00e4hrstoffbed\u00fcrfnisse.\" \/>\n<meta name=\"robots\" content=\"index, follow, max-snippet:-1, max-image-preview:large, max-video-preview:-1\" \/>\n<link rel=\"canonical\" href=\"https:\/\/candelaorganic.com\/de\/producto\/sacha-inchi-pulver\/\" \/>\n<meta property=\"og:locale\" content=\"de_DE\" \/>\n<meta property=\"og:type\" content=\"article\" \/>\n<meta property=\"og:title\" content=\"Sacha-Inchi-Pulver - Candela Organic\" \/>\n<meta property=\"og:description\" content=\"Angereichert mit wertvollen pflanzlichen Inhaltsstoffen f\u00f6rdert es die Vitalit\u00e4t Ihres K\u00f6rpers und befriedigt Ihre N\u00e4hrstoffbed\u00fcrfnisse.\" \/>\n<meta property=\"og:url\" content=\"https:\/\/candelaorganic.com\/de\/producto\/sacha-inchi-pulver\/\" \/>\n<meta property=\"og:site_name\" content=\"Candela Organic\" \/>\n<meta property=\"article:modified_time\" content=\"2025-02-06T05:14:21+00:00\" \/>\n<meta property=\"og:image\" content=\"https:\/\/candelaorganic.com\/de\/wp-content\/uploads\/sites\/14\/2024\/04\/Polvo-Sacha-Inchi-cover-product-image.webp\" \/>\n\t<meta property=\"og:image:width\" content=\"1070\" \/>\n\t<meta property=\"og:image:height\" content=\"1080\" \/>\n\t<meta property=\"og:image:type\" content=\"image\/webp\" \/>\n<meta name=\"twitter:card\" content=\"summary_large_image\" \/>\n<meta name=\"twitter:label1\" content=\"Gesch\u00e4tzte Lesezeit\" \/>\n\t<meta name=\"twitter:data1\" content=\"2\u00a0Minuten\" \/>\n<script type=\"application\/ld+json\" class=\"yoast-schema-graph\">{\"@context\":\"https:\/\/schema.org\",\"@graph\":[{\"@type\":\"WebPage\",\"@id\":\"https:\/\/candelaorganic.com\/de\/producto\/sacha-inchi-pulver\/\",\"url\":\"https:\/\/candelaorganic.com\/de\/producto\/sacha-inchi-pulver\/\",\"name\":\"Sacha-Inchi-Pulver - Candela Organic\",\"isPartOf\":{\"@id\":\"https:\/\/candelaorganic.com\/de\/#website\"},\"primaryImageOfPage\":{\"@id\":\"https:\/\/candelaorganic.com\/de\/producto\/sacha-inchi-pulver\/#primaryimage\"},\"image\":{\"@id\":\"https:\/\/candelaorganic.com\/de\/producto\/sacha-inchi-pulver\/#primaryimage\"},\"thumbnailUrl\":\"https:\/\/candelaorganic.com\/de\/wp-content\/uploads\/sites\/14\/2024\/04\/Polvo-Sacha-Inchi-cover-product-image.webp\",\"datePublished\":\"2024-04-04T01:22:51+00:00\",\"dateModified\":\"2025-02-06T05:14:21+00:00\",\"description\":\"Angereichert mit wertvollen pflanzlichen Inhaltsstoffen f\u00f6rdert es die Vitalit\u00e4t Ihres K\u00f6rpers und befriedigt Ihre N\u00e4hrstoffbed\u00fcrfnisse.\",\"breadcrumb\":{\"@id\":\"https:\/\/candelaorganic.com\/de\/producto\/sacha-inchi-pulver\/#breadcrumb\"},\"inLanguage\":\"de\",\"potentialAction\":[{\"@type\":\"ReadAction\",\"target\":[\"https:\/\/candelaorganic.com\/de\/producto\/sacha-inchi-pulver\/\"]}]},{\"@type\":\"ImageObject\",\"inLanguage\":\"de\",\"@id\":\"https:\/\/candelaorganic.com\/de\/producto\/sacha-inchi-pulver\/#primaryimage\",\"url\":\"https:\/\/candelaorganic.com\/de\/wp-content\/uploads\/sites\/14\/2024\/04\/Polvo-Sacha-Inchi-cover-product-image.webp\",\"contentUrl\":\"https:\/\/candelaorganic.com\/de\/wp-content\/uploads\/sites\/14\/2024\/04\/Polvo-Sacha-Inchi-cover-product-image.webp\",\"width\":1070,\"height\":1080},{\"@type\":\"BreadcrumbList\",\"@id\":\"https:\/\/candelaorganic.com\/de\/producto\/sacha-inchi-pulver\/#breadcrumb\",\"itemListElement\":[{\"@type\":\"ListItem\",\"position\":1,\"name\":\"Produkte\",\"item\":\"https:\/\/candelaorganic.com\/de\/produkte\/\"},{\"@type\":\"ListItem\",\"position\":2,\"name\":\"Lebensmitteleinzelhandel\",\"item\":\"https:\/\/candelaorganic.com\/de\/tienda\/lebensmittel-einzelhandel\/\"},{\"@type\":\"ListItem\",\"position\":3,\"name\":\"Pulver\",\"item\":\"https:\/\/candelaorganic.com\/de\/tienda\/lebensmittel-einzelhandel\/pulver-einzelhandel\/\"},{\"@type\":\"ListItem\",\"position\":4,\"name\":\"Sacha-Inchi-Pulver\"}]},{\"@type\":\"WebSite\",\"@id\":\"https:\/\/candelaorganic.com\/de\/#website\",\"url\":\"https:\/\/candelaorganic.com\/de\/\",\"name\":\"Candela Organic\",\"description\":\"Wir erh\u00f6hen die Lebensmittelstandards\",\"publisher\":{\"@id\":\"https:\/\/candelaorganic.com\/de\/#organization\"},\"potentialAction\":[{\"@type\":\"SearchAction\",\"target\":{\"@type\":\"EntryPoint\",\"urlTemplate\":\"https:\/\/candelaorganic.com\/de\/?s={search_term_string}\"},\"query-input\":{\"@type\":\"PropertyValueSpecification\",\"valueRequired\":true,\"valueName\":\"search_term_string\"}}],\"inLanguage\":\"de\"},{\"@type\":\"Organization\",\"@id\":\"https:\/\/candelaorganic.com\/de\/#organization\",\"name\":\"Candela Organic\",\"url\":\"https:\/\/candelaorganic.com\/de\/\",\"logo\":{\"@type\":\"ImageObject\",\"inLanguage\":\"de\",\"@id\":\"https:\/\/candelaorganic.com\/de\/#\/schema\/logo\/image\/\",\"url\":\"https:\/\/candelaorganic.com\/de\/wp-content\/uploads\/sites\/14\/2024\/04\/Logotype.webp\",\"contentUrl\":\"https:\/\/candelaorganic.com\/de\/wp-content\/uploads\/sites\/14\/2024\/04\/Logotype.webp\",\"width\":256,\"height\":52,\"caption\":\"Candela Organic\"},\"image\":{\"@id\":\"https:\/\/candelaorganic.com\/de\/#\/schema\/logo\/image\/\"}}]}<\/script>\n<!-- \/ Yoast SEO plugin. -->","yoast_head_json":{"title":"Sacha-Inchi-Pulver - Candela Organic","description":"Angereichert mit wertvollen pflanzlichen Inhaltsstoffen f\u00f6rdert es die Vitalit\u00e4t Ihres K\u00f6rpers und befriedigt Ihre N\u00e4hrstoffbed\u00fcrfnisse.","robots":{"index":"index","follow":"follow","max-snippet":"max-snippet:-1","max-image-preview":"max-image-preview:large","max-video-preview":"max-video-preview:-1"},"canonical":"https:\/\/candelaorganic.com\/de\/producto\/sacha-inchi-pulver\/","og_locale":"de_DE","og_type":"article","og_title":"Sacha-Inchi-Pulver - Candela Organic","og_description":"Angereichert mit wertvollen pflanzlichen Inhaltsstoffen f\u00f6rdert es die Vitalit\u00e4t Ihres K\u00f6rpers und befriedigt Ihre N\u00e4hrstoffbed\u00fcrfnisse.","og_url":"https:\/\/candelaorganic.com\/de\/producto\/sacha-inchi-pulver\/","og_site_name":"Candela Organic","article_modified_time":"2025-02-06T05:14:21+00:00","og_image":[{"width":1070,"height":1080,"url":"https:\/\/candelaorganic.com\/de\/wp-content\/uploads\/sites\/14\/2024\/04\/Polvo-Sacha-Inchi-cover-product-image.webp","type":"image\/webp"}],"twitter_card":"summary_large_image","twitter_misc":{"Gesch\u00e4tzte Lesezeit":"2\u00a0Minuten"},"schema":{"@context":"https:\/\/schema.org","@graph":[{"@type":"WebPage","@id":"https:\/\/candelaorganic.com\/de\/producto\/sacha-inchi-pulver\/","url":"https:\/\/candelaorganic.com\/de\/producto\/sacha-inchi-pulver\/","name":"Sacha-Inchi-Pulver - Candela Organic","isPartOf":{"@id":"https:\/\/candelaorganic.com\/de\/#website"},"primaryImageOfPage":{"@id":"https:\/\/candelaorganic.com\/de\/producto\/sacha-inchi-pulver\/#primaryimage"},"image":{"@id":"https:\/\/candelaorganic.com\/de\/producto\/sacha-inchi-pulver\/#primaryimage"},"thumbnailUrl":"https:\/\/candelaorganic.com\/de\/wp-content\/uploads\/sites\/14\/2024\/04\/Polvo-Sacha-Inchi-cover-product-image.webp","datePublished":"2024-04-04T01:22:51+00:00","dateModified":"2025-02-06T05:14:21+00:00","description":"Angereichert mit wertvollen pflanzlichen Inhaltsstoffen f\u00f6rdert es die Vitalit\u00e4t Ihres K\u00f6rpers und befriedigt Ihre N\u00e4hrstoffbed\u00fcrfnisse.","breadcrumb":{"@id":"https:\/\/candelaorganic.com\/de\/producto\/sacha-inchi-pulver\/#breadcrumb"},"inLanguage":"de","potentialAction":[{"@type":"ReadAction","target":["https:\/\/candelaorganic.com\/de\/producto\/sacha-inchi-pulver\/"]}]},{"@type":"ImageObject","inLanguage":"de","@id":"https:\/\/candelaorganic.com\/de\/producto\/sacha-inchi-pulver\/#primaryimage","url":"https:\/\/candelaorganic.com\/de\/wp-content\/uploads\/sites\/14\/2024\/04\/Polvo-Sacha-Inchi-cover-product-image.webp","contentUrl":"https:\/\/candelaorganic.com\/de\/wp-content\/uploads\/sites\/14\/2024\/04\/Polvo-Sacha-Inchi-cover-product-image.webp","width":1070,"height":1080},{"@type":"BreadcrumbList","@id":"https:\/\/candelaorganic.com\/de\/producto\/sacha-inchi-pulver\/#breadcrumb","itemListElement":[{"@type":"ListItem","position":1,"name":"Produkte","item":"https:\/\/candelaorganic.com\/de\/produkte\/"},{"@type":"ListItem","position":2,"name":"Lebensmitteleinzelhandel","item":"https:\/\/candelaorganic.com\/de\/tienda\/lebensmittel-einzelhandel\/"},{"@type":"ListItem","position":3,"name":"Pulver","item":"https:\/\/candelaorganic.com\/de\/tienda\/lebensmittel-einzelhandel\/pulver-einzelhandel\/"},{"@type":"ListItem","position":4,"name":"Sacha-Inchi-Pulver"}]},{"@type":"WebSite","@id":"https:\/\/candelaorganic.com\/de\/#website","url":"https:\/\/candelaorganic.com\/de\/","name":"Candela Organic","description":"Wir erh\u00f6hen die Lebensmittelstandards","publisher":{"@id":"https:\/\/candelaorganic.com\/de\/#organization"},"potentialAction":[{"@type":"SearchAction","target":{"@type":"EntryPoint","urlTemplate":"https:\/\/candelaorganic.com\/de\/?s={search_term_string}"},"query-input":{"@type":"PropertyValueSpecification","valueRequired":true,"valueName":"search_term_string"}}],"inLanguage":"de"},{"@type":"Organization","@id":"https:\/\/candelaorganic.com\/de\/#organization","name":"Candela Organic","url":"https:\/\/candelaorganic.com\/de\/","logo":{"@type":"ImageObject","inLanguage":"de","@id":"https:\/\/candelaorganic.com\/de\/#\/schema\/logo\/image\/","url":"https:\/\/candelaorganic.com\/de\/wp-content\/uploads\/sites\/14\/2024\/04\/Logotype.webp","contentUrl":"https:\/\/candelaorganic.com\/de\/wp-content\/uploads\/sites\/14\/2024\/04\/Logotype.webp","width":256,"height":52,"caption":"Candela Organic"},"image":{"@id":"https:\/\/candelaorganic.com\/de\/#\/schema\/logo\/image\/"}}]}},"_links":{"self":[{"href":"https:\/\/candelaorganic.com\/de\/wp-json\/wp\/v2\/product\/13601"}],"collection":[{"href":"https:\/\/candelaorganic.com\/de\/wp-json\/wp\/v2\/product"}],"about":[{"href":"https:\/\/candelaorganic.com\/de\/wp-json\/wp\/v2\/types\/product"}],"replies":[{"embeddable":true,"href":"https:\/\/candelaorganic.com\/de\/wp-json\/wp\/v2\/comments?post=13601"}],"wp:featuredmedia":[{"embeddable":true,"href":"https:\/\/candelaorganic.com\/de\/wp-json\/wp\/v2\/media\/11016"}],"wp:attachment":[{"href":"https:\/\/candelaorganic.com\/de\/wp-json\/wp\/v2\/media?parent=13601"}],"wp:term":[{"taxonomy":"product_cat","embeddable":true,"href":"https:\/\/candelaorganic.com\/de\/wp-json\/wp\/v2\/product_cat?post=13601"},{"taxonomy":"product_tag","embeddable":true,"href":"https:\/\/candelaorganic.com\/de\/wp-json\/wp\/v2\/product_tag?post=13601"}],"curies":[{"name":"wp","href":"https:\/\/api.w.org\/{rel}","templated":true}]}}