{"id":13597,"date":"2024-04-04T03:18:08","date_gmt":"2024-04-04T01:18:08","guid":{"rendered":"https:\/\/candelaorganic.com\/de\/?post_type=product&#038;p=13597"},"modified":"2025-08-28T18:45:00","modified_gmt":"2025-08-28T16:45:00","slug":"bio-kokosnusspulver-2","status":"publish","type":"product","link":"https:\/\/candelaorganic.com\/de\/producto\/bio-kokosnusspulver-2\/","title":{"rendered":"Bio-Kokosnusspulver"},"content":{"rendered":"<p>Bio-Kokosnuss-N\u00e4hrstoff-Boost: Steigern Sie Ihr Wohlbefinden mit nachhaltig gewonnenem Kokosnusspulver, einer reichhaltigen Quelle essentieller Aminos\u00e4uren und N\u00e4hrstoffe.<\/p>\n<p>Gesunde Kollagen-Unterst\u00fctzung: Entdecken Sie die Vorteile von Bio-Kokosnusspulver, das die Kalziumaufnahme, die Kollagenbildung und das allgemeine Wachstum unterst\u00fctzt.<\/p>\n<p>&nbsp;<\/p>\n<div class=\"text-wrap\"><strong><span class=\"subtitle\" style=\"color: #f1b434;\">\u00a0EIGENSCHAFTEN &amp; VORTEILE<\/span><\/strong><\/div>\n<ul>\n<li aria-level=\"1\">Bio-Kokosnuss-Kraftpaket: Steigern Sie Ihr Wohlbefinden mit nachhaltig gewonnenem Kokosnusspulver, einer n\u00e4hrstoffreichen Wahl f\u00fcr die t\u00e4gliche Vitalit\u00e4t.<\/li>\n<li aria-level=\"1\">Proteinreiche Unterst\u00fctzung: Entdecken Sie die Vorteile von Bio-Kokosnusspulver, das reich an essentiellem Eiwei\u00df ist, um die Kraft Ihres K\u00f6rpers zu n\u00e4hren.<\/li>\n<li aria-level=\"1\">Gesunde Fettbalance: Pflegen Sie Ihre Gesundheit mit Kokosnusspulver aus nachhaltigem Anbau, das n\u00fctzliche Fette f\u00fcr eine ausgewogene Ern\u00e4hrung enth\u00e4lt.<\/li>\n<li aria-level=\"1\">Ballaststoffreiche Wellness: Genie\u00dfen Sie den hohen Ballaststoffgehalt des Bio-Kokosnusspulvers, der die Gesundheit und Zufriedenheit Ihrer Verdauung f\u00f6rdert.<\/li>\n<li aria-level=\"1\">Essentieller N\u00e4hrstoffschub: Verbessern Sie Ihre Ern\u00e4hrung mit dem wertvollen Eisen- und Kaliumgehalt des Bio-Kokosnusspulvers und unterst\u00fctzen Sie so die allgemeine Funktion Ihres K\u00f6rpers.<\/li>\n<\/ul>\n","protected":false},"excerpt":{"rendered":"<div class=\"title\">\n<div class=\"title\">\n<div class=\"title\">\n<div class=\"title\">\n<div class=\"title\"><strong><span class=\"name\" style=\"color: #f1b434;\">\/ COCUS NUCIFERA \/<\/span><\/strong><\/div>\n<p>Candela Kokosnusspulver ist ein sehr nahrhaftes Lebensmittel, das reich an Lysin (essentielle Aminos\u00e4ure, die in Getreide nicht vorkommt) ist, die Aufnahme von Kalzium f\u00f6rdert (und damit die Knochenproduktion erh\u00f6ht) und wichtig f\u00fcr das Wachstum und die Bildung von Kollagen ist. Kokosnusspulver ist au\u00dferdem reich an Ballaststoffen, Proteinen und gesunden Fetts\u00e4uren. Es ist glutenfrei, enth\u00e4lt wenig Zucker und Kohlenhydrate mit niedrigem glyk\u00e4mischen Index, die leicht verdaulich sind.<\/p>\n<\/div>\n<\/div>\n<\/div>\n<\/div>\n","protected":false},"featured_media":10932,"comment_status":"open","ping_status":"closed","template":"","meta":{"editor_notices":[]},"product_cat":[78],"product_tag":[],"yoast_head":"<!-- This site is optimized with the Yoast SEO plugin v23.5 - https:\/\/yoast.com\/wordpress\/plugins\/seo\/ -->\n<title>Bio-Kokosnusspulver - Candela Organic<\/title>\n<meta name=\"description\" content=\"Steigern Sie Ihr Wohlbefinden mit nachhaltig gewonnenem Kokosnusspulver, einer reichhaltigen Quelle an essentiellen Aminos\u00e4uren, N\u00e4hrstoffen und Proteinen.\" \/>\n<meta name=\"robots\" content=\"index, follow, max-snippet:-1, max-image-preview:large, max-video-preview:-1\" \/>\n<link rel=\"canonical\" href=\"https:\/\/candelaorganic.com\/de\/producto\/bio-kokosnusspulver-2\/\" \/>\n<meta property=\"og:locale\" content=\"de_DE\" \/>\n<meta property=\"og:type\" content=\"article\" \/>\n<meta property=\"og:title\" content=\"Bio-Kokosnusspulver - Candela Organic\" \/>\n<meta property=\"og:description\" content=\"Steigern Sie Ihr Wohlbefinden mit nachhaltig gewonnenem Kokosnusspulver, einer reichhaltigen Quelle an essentiellen Aminos\u00e4uren, N\u00e4hrstoffen und Proteinen.\" \/>\n<meta property=\"og:url\" content=\"https:\/\/candelaorganic.com\/de\/producto\/bio-kokosnusspulver-2\/\" \/>\n<meta property=\"og:site_name\" content=\"Candela Organic\" \/>\n<meta property=\"article:modified_time\" content=\"2025-08-28T16:45:00+00:00\" \/>\n<meta property=\"og:image\" content=\"https:\/\/candelaorganic.com\/de\/wp-content\/uploads\/sites\/14\/2024\/04\/Polvo-Coco-cover-product-image.webp\" \/>\n\t<meta property=\"og:image:width\" content=\"1070\" \/>\n\t<meta property=\"og:image:height\" content=\"1080\" \/>\n\t<meta property=\"og:image:type\" content=\"image\/webp\" \/>\n<meta name=\"twitter:card\" content=\"summary_large_image\" \/>\n<meta name=\"twitter:label1\" content=\"Gesch\u00e4tzte Lesezeit\" \/>\n\t<meta name=\"twitter:data1\" content=\"1\u00a0Minute\" \/>\n<script type=\"application\/ld+json\" class=\"yoast-schema-graph\">{\"@context\":\"https:\/\/schema.org\",\"@graph\":[{\"@type\":\"WebPage\",\"@id\":\"https:\/\/candelaorganic.com\/de\/producto\/bio-kokosnusspulver-2\/\",\"url\":\"https:\/\/candelaorganic.com\/de\/producto\/bio-kokosnusspulver-2\/\",\"name\":\"Bio-Kokosnusspulver - Candela Organic\",\"isPartOf\":{\"@id\":\"https:\/\/candelaorganic.com\/de\/#website\"},\"primaryImageOfPage\":{\"@id\":\"https:\/\/candelaorganic.com\/de\/producto\/bio-kokosnusspulver-2\/#primaryimage\"},\"image\":{\"@id\":\"https:\/\/candelaorganic.com\/de\/producto\/bio-kokosnusspulver-2\/#primaryimage\"},\"thumbnailUrl\":\"https:\/\/candelaorganic.com\/de\/wp-content\/uploads\/sites\/14\/2024\/04\/Polvo-Coco-cover-product-image.webp\",\"datePublished\":\"2024-04-04T01:18:08+00:00\",\"dateModified\":\"2025-08-28T16:45:00+00:00\",\"description\":\"Steigern Sie Ihr Wohlbefinden mit nachhaltig gewonnenem Kokosnusspulver, einer reichhaltigen Quelle an essentiellen Aminos\u00e4uren, N\u00e4hrstoffen und Proteinen.\",\"breadcrumb\":{\"@id\":\"https:\/\/candelaorganic.com\/de\/producto\/bio-kokosnusspulver-2\/#breadcrumb\"},\"inLanguage\":\"de\",\"potentialAction\":[{\"@type\":\"ReadAction\",\"target\":[\"https:\/\/candelaorganic.com\/de\/producto\/bio-kokosnusspulver-2\/\"]}]},{\"@type\":\"ImageObject\",\"inLanguage\":\"de\",\"@id\":\"https:\/\/candelaorganic.com\/de\/producto\/bio-kokosnusspulver-2\/#primaryimage\",\"url\":\"https:\/\/candelaorganic.com\/de\/wp-content\/uploads\/sites\/14\/2024\/04\/Polvo-Coco-cover-product-image.webp\",\"contentUrl\":\"https:\/\/candelaorganic.com\/de\/wp-content\/uploads\/sites\/14\/2024\/04\/Polvo-Coco-cover-product-image.webp\",\"width\":1070,\"height\":1080},{\"@type\":\"BreadcrumbList\",\"@id\":\"https:\/\/candelaorganic.com\/de\/producto\/bio-kokosnusspulver-2\/#breadcrumb\",\"itemListElement\":[{\"@type\":\"ListItem\",\"position\":1,\"name\":\"Produkte\",\"item\":\"https:\/\/candelaorganic.com\/de\/produkte\/\"},{\"@type\":\"ListItem\",\"position\":2,\"name\":\"Lebensmitteleinzelhandel\",\"item\":\"https:\/\/candelaorganic.com\/de\/tienda\/lebensmittel-einzelhandel\/\"},{\"@type\":\"ListItem\",\"position\":3,\"name\":\"Pulver\",\"item\":\"https:\/\/candelaorganic.com\/de\/tienda\/lebensmittel-einzelhandel\/pulver-einzelhandel\/\"},{\"@type\":\"ListItem\",\"position\":4,\"name\":\"Bio-Kokosnusspulver\"}]},{\"@type\":\"WebSite\",\"@id\":\"https:\/\/candelaorganic.com\/de\/#website\",\"url\":\"https:\/\/candelaorganic.com\/de\/\",\"name\":\"Candela Organic\",\"description\":\"Wir erh\u00f6hen die Lebensmittelstandards\",\"publisher\":{\"@id\":\"https:\/\/candelaorganic.com\/de\/#organization\"},\"potentialAction\":[{\"@type\":\"SearchAction\",\"target\":{\"@type\":\"EntryPoint\",\"urlTemplate\":\"https:\/\/candelaorganic.com\/de\/?s={search_term_string}\"},\"query-input\":{\"@type\":\"PropertyValueSpecification\",\"valueRequired\":true,\"valueName\":\"search_term_string\"}}],\"inLanguage\":\"de\"},{\"@type\":\"Organization\",\"@id\":\"https:\/\/candelaorganic.com\/de\/#organization\",\"name\":\"Candela Organic\",\"url\":\"https:\/\/candelaorganic.com\/de\/\",\"logo\":{\"@type\":\"ImageObject\",\"inLanguage\":\"de\",\"@id\":\"https:\/\/candelaorganic.com\/de\/#\/schema\/logo\/image\/\",\"url\":\"https:\/\/candelaorganic.com\/de\/wp-content\/uploads\/sites\/14\/2024\/04\/Logotype.webp\",\"contentUrl\":\"https:\/\/candelaorganic.com\/de\/wp-content\/uploads\/sites\/14\/2024\/04\/Logotype.webp\",\"width\":256,\"height\":52,\"caption\":\"Candela Organic\"},\"image\":{\"@id\":\"https:\/\/candelaorganic.com\/de\/#\/schema\/logo\/image\/\"}}]}<\/script>\n<!-- \/ Yoast SEO plugin. -->","yoast_head_json":{"title":"Bio-Kokosnusspulver - Candela Organic","description":"Steigern Sie Ihr Wohlbefinden mit nachhaltig gewonnenem Kokosnusspulver, einer reichhaltigen Quelle an essentiellen Aminos\u00e4uren, N\u00e4hrstoffen und Proteinen.","robots":{"index":"index","follow":"follow","max-snippet":"max-snippet:-1","max-image-preview":"max-image-preview:large","max-video-preview":"max-video-preview:-1"},"canonical":"https:\/\/candelaorganic.com\/de\/producto\/bio-kokosnusspulver-2\/","og_locale":"de_DE","og_type":"article","og_title":"Bio-Kokosnusspulver - Candela Organic","og_description":"Steigern Sie Ihr Wohlbefinden mit nachhaltig gewonnenem Kokosnusspulver, einer reichhaltigen Quelle an essentiellen Aminos\u00e4uren, N\u00e4hrstoffen und Proteinen.","og_url":"https:\/\/candelaorganic.com\/de\/producto\/bio-kokosnusspulver-2\/","og_site_name":"Candela Organic","article_modified_time":"2025-08-28T16:45:00+00:00","og_image":[{"width":1070,"height":1080,"url":"https:\/\/candelaorganic.com\/de\/wp-content\/uploads\/sites\/14\/2024\/04\/Polvo-Coco-cover-product-image.webp","type":"image\/webp"}],"twitter_card":"summary_large_image","twitter_misc":{"Gesch\u00e4tzte Lesezeit":"1\u00a0Minute"},"schema":{"@context":"https:\/\/schema.org","@graph":[{"@type":"WebPage","@id":"https:\/\/candelaorganic.com\/de\/producto\/bio-kokosnusspulver-2\/","url":"https:\/\/candelaorganic.com\/de\/producto\/bio-kokosnusspulver-2\/","name":"Bio-Kokosnusspulver - Candela Organic","isPartOf":{"@id":"https:\/\/candelaorganic.com\/de\/#website"},"primaryImageOfPage":{"@id":"https:\/\/candelaorganic.com\/de\/producto\/bio-kokosnusspulver-2\/#primaryimage"},"image":{"@id":"https:\/\/candelaorganic.com\/de\/producto\/bio-kokosnusspulver-2\/#primaryimage"},"thumbnailUrl":"https:\/\/candelaorganic.com\/de\/wp-content\/uploads\/sites\/14\/2024\/04\/Polvo-Coco-cover-product-image.webp","datePublished":"2024-04-04T01:18:08+00:00","dateModified":"2025-08-28T16:45:00+00:00","description":"Steigern Sie Ihr Wohlbefinden mit nachhaltig gewonnenem Kokosnusspulver, einer reichhaltigen Quelle an essentiellen Aminos\u00e4uren, N\u00e4hrstoffen und Proteinen.","breadcrumb":{"@id":"https:\/\/candelaorganic.com\/de\/producto\/bio-kokosnusspulver-2\/#breadcrumb"},"inLanguage":"de","potentialAction":[{"@type":"ReadAction","target":["https:\/\/candelaorganic.com\/de\/producto\/bio-kokosnusspulver-2\/"]}]},{"@type":"ImageObject","inLanguage":"de","@id":"https:\/\/candelaorganic.com\/de\/producto\/bio-kokosnusspulver-2\/#primaryimage","url":"https:\/\/candelaorganic.com\/de\/wp-content\/uploads\/sites\/14\/2024\/04\/Polvo-Coco-cover-product-image.webp","contentUrl":"https:\/\/candelaorganic.com\/de\/wp-content\/uploads\/sites\/14\/2024\/04\/Polvo-Coco-cover-product-image.webp","width":1070,"height":1080},{"@type":"BreadcrumbList","@id":"https:\/\/candelaorganic.com\/de\/producto\/bio-kokosnusspulver-2\/#breadcrumb","itemListElement":[{"@type":"ListItem","position":1,"name":"Produkte","item":"https:\/\/candelaorganic.com\/de\/produkte\/"},{"@type":"ListItem","position":2,"name":"Lebensmitteleinzelhandel","item":"https:\/\/candelaorganic.com\/de\/tienda\/lebensmittel-einzelhandel\/"},{"@type":"ListItem","position":3,"name":"Pulver","item":"https:\/\/candelaorganic.com\/de\/tienda\/lebensmittel-einzelhandel\/pulver-einzelhandel\/"},{"@type":"ListItem","position":4,"name":"Bio-Kokosnusspulver"}]},{"@type":"WebSite","@id":"https:\/\/candelaorganic.com\/de\/#website","url":"https:\/\/candelaorganic.com\/de\/","name":"Candela Organic","description":"Wir erh\u00f6hen die Lebensmittelstandards","publisher":{"@id":"https:\/\/candelaorganic.com\/de\/#organization"},"potentialAction":[{"@type":"SearchAction","target":{"@type":"EntryPoint","urlTemplate":"https:\/\/candelaorganic.com\/de\/?s={search_term_string}"},"query-input":{"@type":"PropertyValueSpecification","valueRequired":true,"valueName":"search_term_string"}}],"inLanguage":"de"},{"@type":"Organization","@id":"https:\/\/candelaorganic.com\/de\/#organization","name":"Candela Organic","url":"https:\/\/candelaorganic.com\/de\/","logo":{"@type":"ImageObject","inLanguage":"de","@id":"https:\/\/candelaorganic.com\/de\/#\/schema\/logo\/image\/","url":"https:\/\/candelaorganic.com\/de\/wp-content\/uploads\/sites\/14\/2024\/04\/Logotype.webp","contentUrl":"https:\/\/candelaorganic.com\/de\/wp-content\/uploads\/sites\/14\/2024\/04\/Logotype.webp","width":256,"height":52,"caption":"Candela Organic"},"image":{"@id":"https:\/\/candelaorganic.com\/de\/#\/schema\/logo\/image\/"}}]}},"_links":{"self":[{"href":"https:\/\/candelaorganic.com\/de\/wp-json\/wp\/v2\/product\/13597"}],"collection":[{"href":"https:\/\/candelaorganic.com\/de\/wp-json\/wp\/v2\/product"}],"about":[{"href":"https:\/\/candelaorganic.com\/de\/wp-json\/wp\/v2\/types\/product"}],"replies":[{"embeddable":true,"href":"https:\/\/candelaorganic.com\/de\/wp-json\/wp\/v2\/comments?post=13597"}],"wp:featuredmedia":[{"embeddable":true,"href":"https:\/\/candelaorganic.com\/de\/wp-json\/wp\/v2\/media\/10932"}],"wp:attachment":[{"href":"https:\/\/candelaorganic.com\/de\/wp-json\/wp\/v2\/media?parent=13597"}],"wp:term":[{"taxonomy":"product_cat","embeddable":true,"href":"https:\/\/candelaorganic.com\/de\/wp-json\/wp\/v2\/product_cat?post=13597"},{"taxonomy":"product_tag","embeddable":true,"href":"https:\/\/candelaorganic.com\/de\/wp-json\/wp\/v2\/product_tag?post=13597"}],"curies":[{"name":"wp","href":"https:\/\/api.w.org\/{rel}","templated":true}]}}