{"id":13584,"date":"2024-04-04T02:51:35","date_gmt":"2024-04-04T00:51:35","guid":{"rendered":"https:\/\/candelaorganic.com\/de\/?post_type=product&#038;p=13584"},"modified":"2025-02-10T16:27:35","modified_gmt":"2025-02-10T15:27:35","slug":"polvo-organico-de-castanas","status":"publish","type":"product","link":"https:\/\/candelaorganic.com\/de\/producto\/polvo-organico-de-castanas\/","title":{"rendered":"Bio-Paranuss-Pulver"},"content":{"rendered":"<p>Bio-Nusspulver aus dem Amazonasgebiet: Unser Nusspulver auf der Basis von Bertholletia excelsa ist eine k\u00f6stliche und n\u00e4hrstoffreiche M\u00f6glichkeit, die biologische Vielfalt zu unterst\u00fctzen.<br \/>\nN\u00e4hrstoffreiche Vitalit\u00e4t: Verbessern Sie Ihren ketogenen, veganen oder glutenfreien Lebensstil mit unserem Bio-Amazonen-Nusspulver, das 47% Protein, essentielle Aminos\u00e4uren und Selen f\u00fcr ganzheitliches Wohlbefinden enth\u00e4lt. Verbessern Sie Ihre Rezepte mit einem hohen N\u00e4hrwert und einer k\u00f6stlichen nussigen Essenz.<\/p>\n<p>&nbsp;<\/p>\n<div class=\"text-wrap\"><strong><span class=\"subtitle\" style=\"color: #f1b434;\">EIGENSCHAFTEN &amp; VORTEILE<\/span><\/strong><\/div>\n<ul>\n<li>Bio-Paranuss-Kraftpaket: Entfesseln Sie die Vorteile des nachhaltig gewonnenen Paranusspulvers, einer nahrhaften Fundgrube f\u00fcr Ihr Wohlbefinden.<\/li>\n<li>Gesunder N\u00e4hrstoffschub: Steigern Sie Ihre Gesundheit mit Bio-Paranusspulver, das reich an wichtigen N\u00e4hrstoffen wie Eiwei\u00df, Ballaststoffen, Eisen und Kalium ist.<\/li>\n<li>Herzgesunde G\u00fcte: Ern\u00e4hren Sie Ihr Herz mit nachhaltig gewonnenem Paranusspulver, das n\u00e4hrende Fette und N\u00e4hrstoffe f\u00fcr ein optimales kardiovaskul\u00e4res Wohlbefinden bietet.<\/li>\n<li>Stillen Sie den Hei\u00dfhunger, nat\u00fcrlich: Genie\u00dfen Sie die nat\u00fcrliche Anziehungskraft von biologischem Paranusspulver, das Ihren Lieblingsgerichten einen herrlich nussigen Geschmack verleiht.<\/li>\n<li>Lebenswichtige N\u00e4hrstoffe: Entdecken Sie die Kraft der biologischen G\u00fcte von Paranusspulver, einer reichhaltigen Quelle von Eisen, Kalium und Kalzium, die zu allgemeiner Vitalit\u00e4t und Wohlbefinden beitragen.<\/li>\n<\/ul>\n<div class=\"text-wrap\"><\/div>\n","protected":false},"excerpt":{"rendered":"<div class=\"title\">\n<div class=\"title\">\n<div class=\"title\">\n<div class=\"title\">\n<div class=\"title\"><strong><span class=\"name\" style=\"color: #f1b434;\">\/ BERTHOLLETIA EXCELSA \/<\/span><\/strong><\/div>\n<p>Amazonas-Nusspulver ist eine schmackhafte und nahrhafte Art, die Artenvielfalt zu erhalten. Dieses Nusspulver (Bertholletia excelsa) ist ideal f\u00fcr Keto, Veganer, glutenfreie oder gesunde Verbraucher; ein Gehalt von 47% Eiwei\u00df, 2,3 g\/100g Kohlenhydrate und 5% Fett erm\u00f6glicht es, es zu verwenden, um jede Zubereitung in N\u00e4hrwerten zu bereichern, sondern auch mit einem nussigen Geschmack.Es ist reich an Selen und Eiwei\u00df (vor allem auf Leucin-Aminos\u00e4ure) so hilft Muskelmasse und Gewebe zu erhalten. Verwendet f\u00fcr Geb\u00e4ck, B\u00e4ckerei oder als Verdickungsmittel und zum Verd\u00fcnnen auf Getr\u00e4nke, Cremes und P\u00fcrees oder als Nahrungserg\u00e4nzungsmittel.<\/p>\n<\/div>\n<\/div>\n<\/div>\n<\/div>\n","protected":false},"featured_media":10908,"comment_status":"open","ping_status":"closed","template":"","meta":{"editor_notices":[]},"product_cat":[78],"product_tag":[],"yoast_head":"<!-- This site is optimized with the Yoast SEO plugin v23.5 - https:\/\/yoast.com\/wordpress\/plugins\/seo\/ -->\n<title>Bio-Paranuss-Pulver - Candela Organic<\/title>\n<meta name=\"description\" content=\"Bringen Sie Nachhaltigkeit in Ihr Leben mit unserem Kastanienpulver auf Basis von Bertholletia excelsa, einer k\u00f6stlichen und nahrhaften Art, die Artenvielfalt zu unterst\u00fctzen.\" \/>\n<meta name=\"robots\" content=\"index, follow, max-snippet:-1, max-image-preview:large, max-video-preview:-1\" \/>\n<link rel=\"canonical\" href=\"https:\/\/candelaorganic.com\/de\/producto\/polvo-organico-de-castanas\/\" \/>\n<meta property=\"og:locale\" content=\"de_DE\" \/>\n<meta property=\"og:type\" content=\"article\" \/>\n<meta property=\"og:title\" content=\"Bio-Paranuss-Pulver - Candela Organic\" \/>\n<meta property=\"og:description\" content=\"Bringen Sie Nachhaltigkeit in Ihr Leben mit unserem Kastanienpulver auf Basis von Bertholletia excelsa, einer k\u00f6stlichen und nahrhaften Art, die Artenvielfalt zu unterst\u00fctzen.\" \/>\n<meta property=\"og:url\" content=\"https:\/\/candelaorganic.com\/de\/producto\/polvo-organico-de-castanas\/\" \/>\n<meta property=\"og:site_name\" content=\"Candela Organic\" \/>\n<meta property=\"article:modified_time\" content=\"2025-02-10T15:27:35+00:00\" \/>\n<meta property=\"og:image\" content=\"https:\/\/candelaorganic.com\/de\/wp-content\/uploads\/sites\/14\/2024\/04\/Polvo-Castana-cover-product-image.webp\" \/>\n\t<meta property=\"og:image:width\" content=\"1070\" \/>\n\t<meta property=\"og:image:height\" content=\"1080\" \/>\n\t<meta property=\"og:image:type\" content=\"image\/webp\" \/>\n<meta name=\"twitter:card\" content=\"summary_large_image\" \/>\n<meta name=\"twitter:label1\" content=\"Gesch\u00e4tzte Lesezeit\" \/>\n\t<meta name=\"twitter:data1\" content=\"2\u00a0Minuten\" \/>\n<script type=\"application\/ld+json\" class=\"yoast-schema-graph\">{\"@context\":\"https:\/\/schema.org\",\"@graph\":[{\"@type\":\"WebPage\",\"@id\":\"https:\/\/candelaorganic.com\/de\/producto\/polvo-organico-de-castanas\/\",\"url\":\"https:\/\/candelaorganic.com\/de\/producto\/polvo-organico-de-castanas\/\",\"name\":\"Bio-Paranuss-Pulver - Candela Organic\",\"isPartOf\":{\"@id\":\"https:\/\/candelaorganic.com\/de\/#website\"},\"primaryImageOfPage\":{\"@id\":\"https:\/\/candelaorganic.com\/de\/producto\/polvo-organico-de-castanas\/#primaryimage\"},\"image\":{\"@id\":\"https:\/\/candelaorganic.com\/de\/producto\/polvo-organico-de-castanas\/#primaryimage\"},\"thumbnailUrl\":\"https:\/\/candelaorganic.com\/de\/wp-content\/uploads\/sites\/14\/2024\/04\/Polvo-Castana-cover-product-image.webp\",\"datePublished\":\"2024-04-04T00:51:35+00:00\",\"dateModified\":\"2025-02-10T15:27:35+00:00\",\"description\":\"Bringen Sie Nachhaltigkeit in Ihr Leben mit unserem Kastanienpulver auf Basis von Bertholletia excelsa, einer k\u00f6stlichen und nahrhaften Art, die Artenvielfalt zu unterst\u00fctzen.\",\"breadcrumb\":{\"@id\":\"https:\/\/candelaorganic.com\/de\/producto\/polvo-organico-de-castanas\/#breadcrumb\"},\"inLanguage\":\"de\",\"potentialAction\":[{\"@type\":\"ReadAction\",\"target\":[\"https:\/\/candelaorganic.com\/de\/producto\/polvo-organico-de-castanas\/\"]}]},{\"@type\":\"ImageObject\",\"inLanguage\":\"de\",\"@id\":\"https:\/\/candelaorganic.com\/de\/producto\/polvo-organico-de-castanas\/#primaryimage\",\"url\":\"https:\/\/candelaorganic.com\/de\/wp-content\/uploads\/sites\/14\/2024\/04\/Polvo-Castana-cover-product-image.webp\",\"contentUrl\":\"https:\/\/candelaorganic.com\/de\/wp-content\/uploads\/sites\/14\/2024\/04\/Polvo-Castana-cover-product-image.webp\",\"width\":1070,\"height\":1080},{\"@type\":\"BreadcrumbList\",\"@id\":\"https:\/\/candelaorganic.com\/de\/producto\/polvo-organico-de-castanas\/#breadcrumb\",\"itemListElement\":[{\"@type\":\"ListItem\",\"position\":1,\"name\":\"Produkte\",\"item\":\"https:\/\/candelaorganic.com\/de\/produkte\/\"},{\"@type\":\"ListItem\",\"position\":2,\"name\":\"Lebensmitteleinzelhandel\",\"item\":\"https:\/\/candelaorganic.com\/de\/tienda\/lebensmittel-einzelhandel\/\"},{\"@type\":\"ListItem\",\"position\":3,\"name\":\"Pulver\",\"item\":\"https:\/\/candelaorganic.com\/de\/tienda\/lebensmittel-einzelhandel\/pulver-einzelhandel\/\"},{\"@type\":\"ListItem\",\"position\":4,\"name\":\"Bio-Paranuss-Pulver\"}]},{\"@type\":\"WebSite\",\"@id\":\"https:\/\/candelaorganic.com\/de\/#website\",\"url\":\"https:\/\/candelaorganic.com\/de\/\",\"name\":\"Candela Organic\",\"description\":\"Wir erh\u00f6hen die Lebensmittelstandards\",\"publisher\":{\"@id\":\"https:\/\/candelaorganic.com\/de\/#organization\"},\"potentialAction\":[{\"@type\":\"SearchAction\",\"target\":{\"@type\":\"EntryPoint\",\"urlTemplate\":\"https:\/\/candelaorganic.com\/de\/?s={search_term_string}\"},\"query-input\":{\"@type\":\"PropertyValueSpecification\",\"valueRequired\":true,\"valueName\":\"search_term_string\"}}],\"inLanguage\":\"de\"},{\"@type\":\"Organization\",\"@id\":\"https:\/\/candelaorganic.com\/de\/#organization\",\"name\":\"Candela Organic\",\"url\":\"https:\/\/candelaorganic.com\/de\/\",\"logo\":{\"@type\":\"ImageObject\",\"inLanguage\":\"de\",\"@id\":\"https:\/\/candelaorganic.com\/de\/#\/schema\/logo\/image\/\",\"url\":\"https:\/\/candelaorganic.com\/de\/wp-content\/uploads\/sites\/14\/2024\/04\/Logotype.webp\",\"contentUrl\":\"https:\/\/candelaorganic.com\/de\/wp-content\/uploads\/sites\/14\/2024\/04\/Logotype.webp\",\"width\":256,\"height\":52,\"caption\":\"Candela Organic\"},\"image\":{\"@id\":\"https:\/\/candelaorganic.com\/de\/#\/schema\/logo\/image\/\"}}]}<\/script>\n<!-- \/ Yoast SEO plugin. -->","yoast_head_json":{"title":"Bio-Paranuss-Pulver - Candela Organic","description":"Bringen Sie Nachhaltigkeit in Ihr Leben mit unserem Kastanienpulver auf Basis von Bertholletia excelsa, einer k\u00f6stlichen und nahrhaften Art, die Artenvielfalt zu unterst\u00fctzen.","robots":{"index":"index","follow":"follow","max-snippet":"max-snippet:-1","max-image-preview":"max-image-preview:large","max-video-preview":"max-video-preview:-1"},"canonical":"https:\/\/candelaorganic.com\/de\/producto\/polvo-organico-de-castanas\/","og_locale":"de_DE","og_type":"article","og_title":"Bio-Paranuss-Pulver - Candela Organic","og_description":"Bringen Sie Nachhaltigkeit in Ihr Leben mit unserem Kastanienpulver auf Basis von Bertholletia excelsa, einer k\u00f6stlichen und nahrhaften Art, die Artenvielfalt zu unterst\u00fctzen.","og_url":"https:\/\/candelaorganic.com\/de\/producto\/polvo-organico-de-castanas\/","og_site_name":"Candela Organic","article_modified_time":"2025-02-10T15:27:35+00:00","og_image":[{"width":1070,"height":1080,"url":"https:\/\/candelaorganic.com\/de\/wp-content\/uploads\/sites\/14\/2024\/04\/Polvo-Castana-cover-product-image.webp","type":"image\/webp"}],"twitter_card":"summary_large_image","twitter_misc":{"Gesch\u00e4tzte Lesezeit":"2\u00a0Minuten"},"schema":{"@context":"https:\/\/schema.org","@graph":[{"@type":"WebPage","@id":"https:\/\/candelaorganic.com\/de\/producto\/polvo-organico-de-castanas\/","url":"https:\/\/candelaorganic.com\/de\/producto\/polvo-organico-de-castanas\/","name":"Bio-Paranuss-Pulver - Candela Organic","isPartOf":{"@id":"https:\/\/candelaorganic.com\/de\/#website"},"primaryImageOfPage":{"@id":"https:\/\/candelaorganic.com\/de\/producto\/polvo-organico-de-castanas\/#primaryimage"},"image":{"@id":"https:\/\/candelaorganic.com\/de\/producto\/polvo-organico-de-castanas\/#primaryimage"},"thumbnailUrl":"https:\/\/candelaorganic.com\/de\/wp-content\/uploads\/sites\/14\/2024\/04\/Polvo-Castana-cover-product-image.webp","datePublished":"2024-04-04T00:51:35+00:00","dateModified":"2025-02-10T15:27:35+00:00","description":"Bringen Sie Nachhaltigkeit in Ihr Leben mit unserem Kastanienpulver auf Basis von Bertholletia excelsa, einer k\u00f6stlichen und nahrhaften Art, die Artenvielfalt zu unterst\u00fctzen.","breadcrumb":{"@id":"https:\/\/candelaorganic.com\/de\/producto\/polvo-organico-de-castanas\/#breadcrumb"},"inLanguage":"de","potentialAction":[{"@type":"ReadAction","target":["https:\/\/candelaorganic.com\/de\/producto\/polvo-organico-de-castanas\/"]}]},{"@type":"ImageObject","inLanguage":"de","@id":"https:\/\/candelaorganic.com\/de\/producto\/polvo-organico-de-castanas\/#primaryimage","url":"https:\/\/candelaorganic.com\/de\/wp-content\/uploads\/sites\/14\/2024\/04\/Polvo-Castana-cover-product-image.webp","contentUrl":"https:\/\/candelaorganic.com\/de\/wp-content\/uploads\/sites\/14\/2024\/04\/Polvo-Castana-cover-product-image.webp","width":1070,"height":1080},{"@type":"BreadcrumbList","@id":"https:\/\/candelaorganic.com\/de\/producto\/polvo-organico-de-castanas\/#breadcrumb","itemListElement":[{"@type":"ListItem","position":1,"name":"Produkte","item":"https:\/\/candelaorganic.com\/de\/produkte\/"},{"@type":"ListItem","position":2,"name":"Lebensmitteleinzelhandel","item":"https:\/\/candelaorganic.com\/de\/tienda\/lebensmittel-einzelhandel\/"},{"@type":"ListItem","position":3,"name":"Pulver","item":"https:\/\/candelaorganic.com\/de\/tienda\/lebensmittel-einzelhandel\/pulver-einzelhandel\/"},{"@type":"ListItem","position":4,"name":"Bio-Paranuss-Pulver"}]},{"@type":"WebSite","@id":"https:\/\/candelaorganic.com\/de\/#website","url":"https:\/\/candelaorganic.com\/de\/","name":"Candela Organic","description":"Wir erh\u00f6hen die Lebensmittelstandards","publisher":{"@id":"https:\/\/candelaorganic.com\/de\/#organization"},"potentialAction":[{"@type":"SearchAction","target":{"@type":"EntryPoint","urlTemplate":"https:\/\/candelaorganic.com\/de\/?s={search_term_string}"},"query-input":{"@type":"PropertyValueSpecification","valueRequired":true,"valueName":"search_term_string"}}],"inLanguage":"de"},{"@type":"Organization","@id":"https:\/\/candelaorganic.com\/de\/#organization","name":"Candela Organic","url":"https:\/\/candelaorganic.com\/de\/","logo":{"@type":"ImageObject","inLanguage":"de","@id":"https:\/\/candelaorganic.com\/de\/#\/schema\/logo\/image\/","url":"https:\/\/candelaorganic.com\/de\/wp-content\/uploads\/sites\/14\/2024\/04\/Logotype.webp","contentUrl":"https:\/\/candelaorganic.com\/de\/wp-content\/uploads\/sites\/14\/2024\/04\/Logotype.webp","width":256,"height":52,"caption":"Candela Organic"},"image":{"@id":"https:\/\/candelaorganic.com\/de\/#\/schema\/logo\/image\/"}}]}},"_links":{"self":[{"href":"https:\/\/candelaorganic.com\/de\/wp-json\/wp\/v2\/product\/13584"}],"collection":[{"href":"https:\/\/candelaorganic.com\/de\/wp-json\/wp\/v2\/product"}],"about":[{"href":"https:\/\/candelaorganic.com\/de\/wp-json\/wp\/v2\/types\/product"}],"replies":[{"embeddable":true,"href":"https:\/\/candelaorganic.com\/de\/wp-json\/wp\/v2\/comments?post=13584"}],"wp:featuredmedia":[{"embeddable":true,"href":"https:\/\/candelaorganic.com\/de\/wp-json\/wp\/v2\/media\/10908"}],"wp:attachment":[{"href":"https:\/\/candelaorganic.com\/de\/wp-json\/wp\/v2\/media?parent=13584"}],"wp:term":[{"taxonomy":"product_cat","embeddable":true,"href":"https:\/\/candelaorganic.com\/de\/wp-json\/wp\/v2\/product_cat?post=13584"},{"taxonomy":"product_tag","embeddable":true,"href":"https:\/\/candelaorganic.com\/de\/wp-json\/wp\/v2\/product_tag?post=13584"}],"curies":[{"name":"wp","href":"https:\/\/api.w.org\/{rel}","templated":true}]}}