{"id":13553,"date":"2024-04-04T02:13:14","date_gmt":"2024-04-04T00:13:14","guid":{"rendered":"https:\/\/candelaorganic.com\/de\/?post_type=product&#038;p=13553"},"modified":"2024-07-17T22:29:55","modified_gmt":"2024-07-17T20:29:55","slug":"getrocknete-goldenberrys-umhuellt-von-70iger-bio-schokolade","status":"publish","type":"product","link":"https:\/\/candelaorganic.com\/de\/producto\/getrocknete-goldenberrys-umhuellt-von-70iger-bio-schokolade\/","title":{"rendered":"Getrocknete Goldenberrys umh\u00fcllt von 70%iger Bio-Schokolade"},"content":{"rendered":"<p>Die getrocknete Goldbeere ist ein Lebensmittel aus S\u00fcdamerika, das aufgrund seiner langen Verzehrsgeschichte in der Andenregion den Beinamen \u201eFrucht der Inkas\u201c erhalten hat. Diese getrocknete Frucht ist eine au\u00dfergew\u00f6hnliche Quelle f\u00fcr Vitamin C, das f\u00fcr die St\u00e4rkung des Immunsystems und f\u00fcr eine gesunde Haut und Schleimh\u00e4ute unerl\u00e4sslich ist. Dar\u00fcber hinaus ist die Goldbeere reich an Antioxidantien wie Carotinoiden und Polyphenolen, die dazu beitragen k\u00f6nnen, Sch\u00e4den durch freie Radikale zu bek\u00e4mpfen und das Risiko chronischer Krankheiten zu verringern.<\/p>\n<p>Ein weiterer wichtiger Vorteil der getrockneten Avocado ist ihr Gehalt an Ballaststoffen, die die Verdauung f\u00f6rdern und dazu beitragen k\u00f6nnen, den Blutzuckerspiegel stabil zu halten. Au\u00dferdem f\u00f6rdern Ballaststoffe das S\u00e4ttigungsgef\u00fchl, was sich positiv auf die Gewichtskontrolle auswirken und Hei\u00dfhungerattacken verhindern kann. Au\u00dferdem ist sie eine Quelle f\u00fcr Vitamin A, das f\u00fcr die Gesundheit der Augen, des Immunsystems und der Haut wichtig ist. Die Aufnahme von getrockneten Avocados in die Ern\u00e4hrung als gesunder Snack oder als Bestandteil von Trockenfruchtmischungen kann eine k\u00f6stliche M\u00f6glichkeit sein, von diesen ern\u00e4hrungsphysiologischen Vorteilen zu profitieren.<\/p>\n<p>&nbsp;<\/p>\n<div class=\"text-wrap\"><strong><span class=\"subtitle\" style=\"color: #f1b434;\">EIGENSCHAFTEN UND VORTEILE<\/span><\/strong><\/div>\n<ul>\n<li aria-level=\"1\">N\u00e4hrstoffreiche Fusion: Erleben Sie eine harmonische Mischung aus gesundheitsf\u00f6rdernden N\u00e4hrstoffen, die durch nachhaltige Beschaffung und sorgf\u00e4ltige Verarbeitung von der Bohne bis zum Riegel zusammengestellt wurden.<\/li>\n<li aria-level=\"1\">Vollwertiger Genuss: Erfreuen Sie sich an der perfekten Geschmacksbalance, wenn die reichhaltige 70%ige Bio-Schokolade die n\u00e4hrstoffreichen getrockneten Goldbeeren umh\u00fcllt und einen exquisiten Genuss bietet.<\/li>\n<li aria-level=\"1\">Vitaler N\u00e4hrstoffgehalt: Genie\u00dfen Sie die G\u00fcte essentieller N\u00e4hrstoffe, mit wertvollen Anteilen an Gesamtfett, Eiwei\u00df und Eisen in jedem k\u00f6stlichen Bissen.<\/li>\n<li aria-level=\"1\">Kalzium- und Eisenschub: Versorgen Sie Ihren K\u00f6rper mit einem Hauch von Kalzium und Eisen und tragen Sie so zu allgemeinem Wohlbefinden und Vitalit\u00e4t bei.<\/li>\n<li aria-level=\"1\">Durchdachte Beschaffung, schuldfreier Genuss: Genie\u00dfen Sie ein schuldfreies Knabbererlebnis, das ethische Praktiken, handwerkliche Raffinesse und wertvolle N\u00e4hrstoffe in einem einzigen Riegel mit 70% Bio-Schokolade vereint.<\/li>\n<li aria-level=\"1\">Zutaten: Goldbeere, Kakao-Lik\u00f6r, Bio-Zucker, Kakaobutter, Kakaonibs.<\/li>\n<\/ul>\n<div class=\"text-wrap\">\n<div class=\"text-wrap\"><\/div>\n<\/div>\n","protected":false},"excerpt":{"rendered":"<div class=\"title\">\n<div class=\"title\">\n<div class=\"title\">\n<div class=\"title\">\n<div class=\"title\"><span class=\"name\" style=\"color: #f1b434;\">\/ THEOBROMA CACAO &amp; PHYSALIS PERUVIANA \/<\/span><\/div>\n<p>Tauchen Sie ein in ein erstklassiges Schokoladenerlebnis mit unserem sorgf\u00e4ltig hergestellten Genuss. Die Reise beginnt mit einer nachhaltigen Beschaffung, die ethische Praktiken von der Bohne bis zur Tafel gew\u00e4hrleistet. Erfreuen Sie sich an der harmonischen Verschmelzung von feinsten getrockneten Goldbeeren und k\u00f6stlicher 70%iger Bio-Schokolade \u2013 eine exquisite Kombination, die Ihre Geschmacksknospen verw\u00f6hnt und gleichzeitig mit Ihren Werten in Einklang steht.<\/p>\n<\/div>\n<\/div>\n<\/div>\n<\/div>\n","protected":false},"featured_media":11780,"comment_status":"open","ping_status":"closed","template":"","meta":{"editor_notices":[]},"product_cat":[121],"product_tag":[],"yoast_head":"<!-- This site is optimized with the Yoast SEO plugin v23.5 - https:\/\/yoast.com\/wordpress\/plugins\/seo\/ -->\n<title>Getrocknete Goldenberrys umh\u00fcllt von 70%iger Bio-Schokolade - Candela Organic<\/title>\n<meta name=\"description\" content=\"Dehydrierter Aguaymanto ist ein aus S\u00fcdamerika stammendes Lebensmittel, das den Spitznamen \u201eFrucht der Inkas\u201c tr\u00e4gt.\" \/>\n<meta name=\"robots\" content=\"index, follow, max-snippet:-1, max-image-preview:large, max-video-preview:-1\" \/>\n<link rel=\"canonical\" href=\"https:\/\/candelaorganic.com\/de\/producto\/getrocknete-goldenberrys-umhuellt-von-70iger-bio-schokolade\/\" \/>\n<meta property=\"og:locale\" content=\"de_DE\" \/>\n<meta property=\"og:type\" content=\"article\" \/>\n<meta property=\"og:title\" content=\"Getrocknete Goldenberrys umh\u00fcllt von 70%iger Bio-Schokolade - Candela Organic\" \/>\n<meta property=\"og:description\" content=\"Dehydrierter Aguaymanto ist ein aus S\u00fcdamerika stammendes Lebensmittel, das den Spitznamen \u201eFrucht der Inkas\u201c tr\u00e4gt.\" \/>\n<meta property=\"og:url\" content=\"https:\/\/candelaorganic.com\/de\/producto\/getrocknete-goldenberrys-umhuellt-von-70iger-bio-schokolade\/\" \/>\n<meta property=\"og:site_name\" content=\"Candela Organic\" \/>\n<meta property=\"article:modified_time\" content=\"2024-07-17T20:29:55+00:00\" \/>\n<meta property=\"og:image\" content=\"https:\/\/candelaorganic.com\/de\/wp-content\/uploads\/sites\/14\/2024\/04\/Aguaymanto-70-cover-product-image.webp\" \/>\n\t<meta property=\"og:image:width\" content=\"1069\" \/>\n\t<meta property=\"og:image:height\" content=\"1080\" \/>\n\t<meta property=\"og:image:type\" content=\"image\/webp\" \/>\n<meta name=\"twitter:card\" content=\"summary_large_image\" \/>\n<meta name=\"twitter:label1\" content=\"Gesch\u00e4tzte Lesezeit\" \/>\n\t<meta name=\"twitter:data1\" content=\"2\u00a0Minuten\" \/>\n<script type=\"application\/ld+json\" class=\"yoast-schema-graph\">{\"@context\":\"https:\/\/schema.org\",\"@graph\":[{\"@type\":\"WebPage\",\"@id\":\"https:\/\/candelaorganic.com\/de\/producto\/getrocknete-goldenberrys-umhuellt-von-70iger-bio-schokolade\/\",\"url\":\"https:\/\/candelaorganic.com\/de\/producto\/getrocknete-goldenberrys-umhuellt-von-70iger-bio-schokolade\/\",\"name\":\"Getrocknete Goldenberrys umh\u00fcllt von 70%iger Bio-Schokolade - Candela Organic\",\"isPartOf\":{\"@id\":\"https:\/\/candelaorganic.com\/de\/#website\"},\"primaryImageOfPage\":{\"@id\":\"https:\/\/candelaorganic.com\/de\/producto\/getrocknete-goldenberrys-umhuellt-von-70iger-bio-schokolade\/#primaryimage\"},\"image\":{\"@id\":\"https:\/\/candelaorganic.com\/de\/producto\/getrocknete-goldenberrys-umhuellt-von-70iger-bio-schokolade\/#primaryimage\"},\"thumbnailUrl\":\"https:\/\/candelaorganic.com\/de\/wp-content\/uploads\/sites\/14\/2024\/04\/Aguaymanto-70-cover-product-image.webp\",\"datePublished\":\"2024-04-04T00:13:14+00:00\",\"dateModified\":\"2024-07-17T20:29:55+00:00\",\"description\":\"Dehydrierter Aguaymanto ist ein aus S\u00fcdamerika stammendes Lebensmittel, das den Spitznamen \u201eFrucht der Inkas\u201c tr\u00e4gt.\",\"breadcrumb\":{\"@id\":\"https:\/\/candelaorganic.com\/de\/producto\/getrocknete-goldenberrys-umhuellt-von-70iger-bio-schokolade\/#breadcrumb\"},\"inLanguage\":\"de\",\"potentialAction\":[{\"@type\":\"ReadAction\",\"target\":[\"https:\/\/candelaorganic.com\/de\/producto\/getrocknete-goldenberrys-umhuellt-von-70iger-bio-schokolade\/\"]}]},{\"@type\":\"ImageObject\",\"inLanguage\":\"de\",\"@id\":\"https:\/\/candelaorganic.com\/de\/producto\/getrocknete-goldenberrys-umhuellt-von-70iger-bio-schokolade\/#primaryimage\",\"url\":\"https:\/\/candelaorganic.com\/de\/wp-content\/uploads\/sites\/14\/2024\/04\/Aguaymanto-70-cover-product-image.webp\",\"contentUrl\":\"https:\/\/candelaorganic.com\/de\/wp-content\/uploads\/sites\/14\/2024\/04\/Aguaymanto-70-cover-product-image.webp\",\"width\":1069,\"height\":1080},{\"@type\":\"BreadcrumbList\",\"@id\":\"https:\/\/candelaorganic.com\/de\/producto\/getrocknete-goldenberrys-umhuellt-von-70iger-bio-schokolade\/#breadcrumb\",\"itemListElement\":[{\"@type\":\"ListItem\",\"position\":1,\"name\":\"Produkte\",\"item\":\"https:\/\/candelaorganic.com\/de\/produkte\/\"},{\"@type\":\"ListItem\",\"position\":2,\"name\":\"Massennahrung\",\"item\":\"https:\/\/candelaorganic.com\/de\/tienda\/massennahrung\/\"},{\"@type\":\"ListItem\",\"position\":3,\"name\":\"Snacks\",\"item\":\"https:\/\/candelaorganic.com\/de\/tienda\/massennahrung\/snacks-bulk\/\"},{\"@type\":\"ListItem\",\"position\":4,\"name\":\"70 % Kakao\",\"item\":\"https:\/\/candelaorganic.com\/de\/tienda\/massennahrung\/snacks-bulk\/70-kakao\/\"},{\"@type\":\"ListItem\",\"position\":5,\"name\":\"Getrocknete Goldenberrys umh\u00fcllt von 70%iger Bio-Schokolade\"}]},{\"@type\":\"WebSite\",\"@id\":\"https:\/\/candelaorganic.com\/de\/#website\",\"url\":\"https:\/\/candelaorganic.com\/de\/\",\"name\":\"Candela Organic\",\"description\":\"Wir erh\u00f6hen die Lebensmittelstandards\",\"publisher\":{\"@id\":\"https:\/\/candelaorganic.com\/de\/#organization\"},\"potentialAction\":[{\"@type\":\"SearchAction\",\"target\":{\"@type\":\"EntryPoint\",\"urlTemplate\":\"https:\/\/candelaorganic.com\/de\/?s={search_term_string}\"},\"query-input\":{\"@type\":\"PropertyValueSpecification\",\"valueRequired\":true,\"valueName\":\"search_term_string\"}}],\"inLanguage\":\"de\"},{\"@type\":\"Organization\",\"@id\":\"https:\/\/candelaorganic.com\/de\/#organization\",\"name\":\"Candela Organic\",\"url\":\"https:\/\/candelaorganic.com\/de\/\",\"logo\":{\"@type\":\"ImageObject\",\"inLanguage\":\"de\",\"@id\":\"https:\/\/candelaorganic.com\/de\/#\/schema\/logo\/image\/\",\"url\":\"https:\/\/candelaorganic.com\/de\/wp-content\/uploads\/sites\/14\/2024\/04\/Logotype.webp\",\"contentUrl\":\"https:\/\/candelaorganic.com\/de\/wp-content\/uploads\/sites\/14\/2024\/04\/Logotype.webp\",\"width\":256,\"height\":52,\"caption\":\"Candela Organic\"},\"image\":{\"@id\":\"https:\/\/candelaorganic.com\/de\/#\/schema\/logo\/image\/\"}}]}<\/script>\n<!-- \/ Yoast SEO plugin. -->","yoast_head_json":{"title":"Getrocknete Goldenberrys umh\u00fcllt von 70%iger Bio-Schokolade - Candela Organic","description":"Dehydrierter Aguaymanto ist ein aus S\u00fcdamerika stammendes Lebensmittel, das den Spitznamen \u201eFrucht der Inkas\u201c tr\u00e4gt.","robots":{"index":"index","follow":"follow","max-snippet":"max-snippet:-1","max-image-preview":"max-image-preview:large","max-video-preview":"max-video-preview:-1"},"canonical":"https:\/\/candelaorganic.com\/de\/producto\/getrocknete-goldenberrys-umhuellt-von-70iger-bio-schokolade\/","og_locale":"de_DE","og_type":"article","og_title":"Getrocknete Goldenberrys umh\u00fcllt von 70%iger Bio-Schokolade - Candela Organic","og_description":"Dehydrierter Aguaymanto ist ein aus S\u00fcdamerika stammendes Lebensmittel, das den Spitznamen \u201eFrucht der Inkas\u201c tr\u00e4gt.","og_url":"https:\/\/candelaorganic.com\/de\/producto\/getrocknete-goldenberrys-umhuellt-von-70iger-bio-schokolade\/","og_site_name":"Candela Organic","article_modified_time":"2024-07-17T20:29:55+00:00","og_image":[{"width":1069,"height":1080,"url":"https:\/\/candelaorganic.com\/de\/wp-content\/uploads\/sites\/14\/2024\/04\/Aguaymanto-70-cover-product-image.webp","type":"image\/webp"}],"twitter_card":"summary_large_image","twitter_misc":{"Gesch\u00e4tzte Lesezeit":"2\u00a0Minuten"},"schema":{"@context":"https:\/\/schema.org","@graph":[{"@type":"WebPage","@id":"https:\/\/candelaorganic.com\/de\/producto\/getrocknete-goldenberrys-umhuellt-von-70iger-bio-schokolade\/","url":"https:\/\/candelaorganic.com\/de\/producto\/getrocknete-goldenberrys-umhuellt-von-70iger-bio-schokolade\/","name":"Getrocknete Goldenberrys umh\u00fcllt von 70%iger Bio-Schokolade - Candela Organic","isPartOf":{"@id":"https:\/\/candelaorganic.com\/de\/#website"},"primaryImageOfPage":{"@id":"https:\/\/candelaorganic.com\/de\/producto\/getrocknete-goldenberrys-umhuellt-von-70iger-bio-schokolade\/#primaryimage"},"image":{"@id":"https:\/\/candelaorganic.com\/de\/producto\/getrocknete-goldenberrys-umhuellt-von-70iger-bio-schokolade\/#primaryimage"},"thumbnailUrl":"https:\/\/candelaorganic.com\/de\/wp-content\/uploads\/sites\/14\/2024\/04\/Aguaymanto-70-cover-product-image.webp","datePublished":"2024-04-04T00:13:14+00:00","dateModified":"2024-07-17T20:29:55+00:00","description":"Dehydrierter Aguaymanto ist ein aus S\u00fcdamerika stammendes Lebensmittel, das den Spitznamen \u201eFrucht der Inkas\u201c tr\u00e4gt.","breadcrumb":{"@id":"https:\/\/candelaorganic.com\/de\/producto\/getrocknete-goldenberrys-umhuellt-von-70iger-bio-schokolade\/#breadcrumb"},"inLanguage":"de","potentialAction":[{"@type":"ReadAction","target":["https:\/\/candelaorganic.com\/de\/producto\/getrocknete-goldenberrys-umhuellt-von-70iger-bio-schokolade\/"]}]},{"@type":"ImageObject","inLanguage":"de","@id":"https:\/\/candelaorganic.com\/de\/producto\/getrocknete-goldenberrys-umhuellt-von-70iger-bio-schokolade\/#primaryimage","url":"https:\/\/candelaorganic.com\/de\/wp-content\/uploads\/sites\/14\/2024\/04\/Aguaymanto-70-cover-product-image.webp","contentUrl":"https:\/\/candelaorganic.com\/de\/wp-content\/uploads\/sites\/14\/2024\/04\/Aguaymanto-70-cover-product-image.webp","width":1069,"height":1080},{"@type":"BreadcrumbList","@id":"https:\/\/candelaorganic.com\/de\/producto\/getrocknete-goldenberrys-umhuellt-von-70iger-bio-schokolade\/#breadcrumb","itemListElement":[{"@type":"ListItem","position":1,"name":"Produkte","item":"https:\/\/candelaorganic.com\/de\/produkte\/"},{"@type":"ListItem","position":2,"name":"Massennahrung","item":"https:\/\/candelaorganic.com\/de\/tienda\/massennahrung\/"},{"@type":"ListItem","position":3,"name":"Snacks","item":"https:\/\/candelaorganic.com\/de\/tienda\/massennahrung\/snacks-bulk\/"},{"@type":"ListItem","position":4,"name":"70 % Kakao","item":"https:\/\/candelaorganic.com\/de\/tienda\/massennahrung\/snacks-bulk\/70-kakao\/"},{"@type":"ListItem","position":5,"name":"Getrocknete Goldenberrys umh\u00fcllt von 70%iger Bio-Schokolade"}]},{"@type":"WebSite","@id":"https:\/\/candelaorganic.com\/de\/#website","url":"https:\/\/candelaorganic.com\/de\/","name":"Candela Organic","description":"Wir erh\u00f6hen die Lebensmittelstandards","publisher":{"@id":"https:\/\/candelaorganic.com\/de\/#organization"},"potentialAction":[{"@type":"SearchAction","target":{"@type":"EntryPoint","urlTemplate":"https:\/\/candelaorganic.com\/de\/?s={search_term_string}"},"query-input":{"@type":"PropertyValueSpecification","valueRequired":true,"valueName":"search_term_string"}}],"inLanguage":"de"},{"@type":"Organization","@id":"https:\/\/candelaorganic.com\/de\/#organization","name":"Candela Organic","url":"https:\/\/candelaorganic.com\/de\/","logo":{"@type":"ImageObject","inLanguage":"de","@id":"https:\/\/candelaorganic.com\/de\/#\/schema\/logo\/image\/","url":"https:\/\/candelaorganic.com\/de\/wp-content\/uploads\/sites\/14\/2024\/04\/Logotype.webp","contentUrl":"https:\/\/candelaorganic.com\/de\/wp-content\/uploads\/sites\/14\/2024\/04\/Logotype.webp","width":256,"height":52,"caption":"Candela Organic"},"image":{"@id":"https:\/\/candelaorganic.com\/de\/#\/schema\/logo\/image\/"}}]}},"_links":{"self":[{"href":"https:\/\/candelaorganic.com\/de\/wp-json\/wp\/v2\/product\/13553"}],"collection":[{"href":"https:\/\/candelaorganic.com\/de\/wp-json\/wp\/v2\/product"}],"about":[{"href":"https:\/\/candelaorganic.com\/de\/wp-json\/wp\/v2\/types\/product"}],"replies":[{"embeddable":true,"href":"https:\/\/candelaorganic.com\/de\/wp-json\/wp\/v2\/comments?post=13553"}],"wp:featuredmedia":[{"embeddable":true,"href":"https:\/\/candelaorganic.com\/de\/wp-json\/wp\/v2\/media\/11780"}],"wp:attachment":[{"href":"https:\/\/candelaorganic.com\/de\/wp-json\/wp\/v2\/media?parent=13553"}],"wp:term":[{"taxonomy":"product_cat","embeddable":true,"href":"https:\/\/candelaorganic.com\/de\/wp-json\/wp\/v2\/product_cat?post=13553"},{"taxonomy":"product_tag","embeddable":true,"href":"https:\/\/candelaorganic.com\/de\/wp-json\/wp\/v2\/product_tag?post=13553"}],"curies":[{"name":"wp","href":"https:\/\/api.w.org\/{rel}","templated":true}]}}